{"id":4015,"date":"2024-10-26T16:52:30","date_gmt":"2024-10-26T09:52:30","guid":{"rendered":"https:\/\/nge.123websitedev.com\/san-pham\/may-in-3d-creality-ender-3-s1-plus-kho-in-303030cm-can-ban-tu-dong-voi-cr-touch\/"},"modified":"2024-10-28T14:29:24","modified_gmt":"2024-10-28T07:29:24","slug":"may-in-3d-creality-ender-3-s1-plus-kho-in-303030cm-can-ban-tu-dong-voi-cr-touch","status":"publish","type":"product","link":"https:\/\/nge.vn\/en\/product\/may-in-3d-creality-ender-3-s1-plus-kho-in-303030cm-can-ban-tu-dong-voi-cr-touch\/","title":{"rendered":"M\u00e1y in 3d Creality Ender 3 S1 Plus kh\u1ed5 in 30*30*30cm c\u00e2n b\u00e0n t\u1ef1 \u0111\u1ed9ng v\u1edbi CR-Touch"},"content":{"rendered":"<p>M\u00e1y in 3d Creality Ender 3 S1 Plus kh\u1ed5 in 30*30*30cm c\u00e2n b\u00e0n t\u1ef1 \u0111\u1ed9ng v\u1edbi CR-Touch<br \/>\nKh\u1ed1i l\u01b0\u1ee3ng x\u00e2y d\u1ef1ng l\u1edbn h\u01a1n, nhi\u1ec1u kh\u1ea3 n\u0103ng s\u00e1ng t\u1ea1o h\u01a1n<br \/>\n+Kh\u1ed1i l\u01b0\u1ee3ng x\u00e2y d\u1ef1ng 30 * 30 * 30cm<br \/>\n+CR Touch t\u1ef1 \u0111\u1ed9ng san l\u1ea5p m\u1eb7t b\u1eb1ng<br \/>\n+&#8221;Sprite&#8221; M\u00e1y \u0111\u00f9n tr\u1ef1c ti\u1ebfp <\/p>\n<p>_T\u00ednh n\u0103ng c\u1ed1t l\u00f5i<br \/>\n+L\u1eafp r\u00e1p nhanh ch\u00f3ng<br \/>\n+CR Touch T\u1ef1 \u0111\u1ed9ng san l\u1ea5p m\u1eb7t b\u1eb1ng<br \/>\n+Kh\u1ed1i l\u01b0\u1ee3ng x\u00e2y d\u1ef1ng l\u1edbn 300*300*300 mm<br \/>\n+M\u00e0n h\u00ecnh c\u1ea3m \u1ee9ng 4,3 inch<br \/>\n+\u0110\u1ed3ng b\u1ed9 h\u00f3a Tr\u1ee5c Z k\u00e9p<br \/>\n+M\u00e1y \u0111\u00f9n tr\u1ef1c ti\u1ebfp b\u00e1nh r\u0103ng k\u00e9p ho\u00e0n to\u00e0n b\u1eb1ng kim lo\u1ea1i<\/p>\n<p>_N\u00e2ng c\u1ea5p kh\u1ed1i l\u01b0\u1ee3ng x\u00e2y d\u1ef1ng 300*300*300 mm<br \/>\nIn \u0111\u01b0\u1ee3c c\u00e1c m\u00f4 h\u00ecnh c\u00f3 k\u00edch th\u01b0\u1edbc l\u1edbn h\u01a1n, \u0111\u00e1p \u1ee9ng \u0111\u01b0\u1ee3c nhi\u1ec1u nhu c\u1ea7u in \u1ea5n h\u01a1n.<\/p>\n<p>_CR Touch t\u1ef1 \u0111\u1ed9ng san l\u1ea5p m\u1eb7t b\u1eb1ng<br \/>\nC\u00e2n b\u1eb1ng nhanh ch\u00f3ng v\u1edbi kh\u1ea3 n\u0103ng t\u1ef1 \u0111\u1ed9ng b\u00f9 chi\u1ec1u cao cho 16 \u0111i\u1ec3m tr\u00ean t\u1ea5m nhi\u1ec7t.<\/p>\n<p>_&#8221;Sprite&#8221; ho\u00e0n to\u00e0n b\u1eb1ng kim lo\u1ea1i M\u00e1y \u0111\u00f9n tr\u1ef1c ti\u1ebfp b\u00e1nh r\u0103ng k\u00e9p, kh\u1ea3 n\u0103ng t\u01b0\u01a1ng th\u00edch t\u1ed1t v\u1edbi nhi\u1ec1u  lo\u1ea1i s\u1ee3i nh\u1ef1a<br \/>\nM\u00e1y \u0111\u00f9n tr\u1ef1c ti\u1ebfp ho\u00e0n to\u00e0n m\u1edbi, tr\u1ecdng l\u01b0\u1ee3ng nh\u1eb9 v\u00e0 m\u1ea1nh m\u1ebd, \u0111\u1ea3m b\u1ea3o cho qu\u00e1 tr\u00ecnh n\u1ea1p li\u1ec7u tr\u01a1n tru.<\/p>\n<p>_M\u00e0n h\u00ecnh c\u1ea3m \u1ee9ng 4,3 inch, Nh\u1ea5p \u0111\u1ec3 \u0111i\u1ec1u khi\u1ec3n<br \/>\nGiao di\u1ec7n ng\u01b0\u1eddi d\u00f9ng th\u00e2n thi\u1ec7n h\u1ed7 tr\u1ee3 9 ng\u00f4n ng\u1eef. T\u1ef1 \u0111\u1ed9ng l\u00e0m m\u1edd trong 3 ph\u00fat \u0111\u1ec3 ti\u1ebft ki\u1ec7m n\u0103ng l\u01b0\u1ee3ng.<\/p>\n<p>_Tr\u1ee5c Z k\u00e9p \u0111\u01b0\u1ee3c \u0111\u1ed3ng b\u1ed9 h\u00f3a, In ch\u00ednh x\u00e1c cao<br \/>\nV\u00edt d\u1eabn tr\u1ee5c Z k\u00e9p v\u00e0 \u0111\u1ed9ng c\u01a1 k\u00e9p cho chuy\u1ec3n \u0111\u1ed9ng \u1ed5n \u0111\u1ecbnh v\u00e0 in ch\u1ea5t l\u01b0\u1ee3ng.<\/p>\n<p>_L\u1eafp r\u00e1p nhanh ch\u00f3ng, D\u1ec5 d\u00e0ng x\u1eed l\u00fd<br \/>\n96% \u0111\u01b0\u1ee3c c\u00e0i \u0111\u1eb7t s\u1eb5n, l\u1eafp r\u00e1p 6 b\u01b0\u1edbc, d\u1ec5 s\u1eed d\u1ee5ng.<\/p>\n<p>_Parameter Printer:<br \/>\n+Build Volume 300*300*300 mm<br \/>\n+Machine Dimension 557*535*655 mm<br \/>\n+Package Dimension 625*590*230 mm<br \/>\n+Net Weight 10.25 kg<br \/>\n+Gross Weight 13.4 kg<br \/>\n+Layer Height 0.05-0.4 mm<br \/>\n+Supported Filaments PLA\/TPU\/PETG\/ABS<br \/>\n+Data Transmission Method. Type-C\/SD Card<br \/>\n+Resume Printing Yes<br \/>\n+Filament Sensor Yes<br \/>\n+Dual Z-Axis Yes<br \/>\n+Leveling Mode CR Touch Auto-leveling<br \/>\n+Mainboard 32-bit Silent Mainboard<br \/>\n+Build Surface PC Spring Steel Magnetic Build Plate<br \/>\n+Extruder &#8220;Sprite\u201d Dual-gear Direct Extruder<br \/>\n+Display 4.3-inch Color Touch Screen<br \/>\n+Rated Voltage 100-120V, 220-240V<br \/>\n+Rated Power 350W\/24V<br \/>\n+Heat Bed Temperature 100\u00b0C<br \/>\n+Nozzle Temperature 260\u00b0C<br \/>\n+Compatibility Laser Engraving\/ LED Light Strip\/ Wi-Fi Box<br \/>\n+Printing Speed 150 mm\/s<br \/>\n+Supported Languages Chinese, English, Spanish, German, French, Portuguese, Italian, Russian and Turkish<\/p>\n<p>**\u0110\u1ec3 \u0111\u01b0\u1ee3c nh\u1eadn \u0111\u01b0\u1ee3c gi\u00e1 \u01b0u \u0111\u00e3i t\u1ed1t nh\u1ea5t vui l\u00f2ng li\u00ean h\u1ec7 mua tr\u1ef1c ti\u1ebfp shop:<br \/>\n     0913.939.775 contact A.Quan (for English)<br \/>\n     094.144.0951 contact A.Quynh<br \/>\n**Selling price does not include VAT (+10% if VAT invoice is issued)<\/p>","protected":false},"excerpt":{"rendered":"<p>M\u00e1y in 3d Creality Ender 3 S1 Plus kh\u1ed5 in 30*30*30cm c\u00e2n b\u00e0n t\u1ef1 \u0111\u1ed9ng v\u1edbi CR-Touch<\/p>","protected":false},"featured_media":4006,"comment_status":"open","ping_status":"closed","template":"","meta":{"inline_featured_image":false},"product_brand":[],"product_cat":[39,51],"product_tag":[],"class_list":{"0":"post-4015","1":"product","2":"type-product","3":"status-publish","4":"has-post-thumbnail","6":"product_cat-may-in-3d","7":"product_cat-may-in-3d-creality","9":"first","10":"instock","11":"taxable","12":"shipping-taxable","13":"purchasable","14":"product-type-simple"},"yoast_head":"<!-- This site is optimized with the Yoast SEO Premium plugin v22.8 (Yoast SEO v26.9) - https:\/\/yoast.com\/product\/yoast-seo-premium-wordpress\/ -->\n<title>M\u00e1y in 3d Creality Ender 3 S1 Plus kh\u1ed5 in 30*30*30cm c\u00e2n b\u00e0n t\u1ef1 \u0111\u1ed9ng v\u1edbi CR-Touch - NGE 3D Printers Services<\/title>\n<meta name=\"robots\" content=\"index, follow, max-snippet:-1, max-image-preview:large, max-video-preview:-1\" \/>\n<link rel=\"canonical\" href=\"https:\/\/nge.vn\/en\/product\/may-in-3d-creality-ender-3-s1-plus-kho-in-303030cm-can-ban-tu-dong-voi-cr-touch\/\" \/>\n<meta property=\"og:locale\" content=\"en_US\" \/>\n<meta property=\"og:type\" content=\"article\" \/>\n<meta property=\"og:title\" content=\"M\u00e1y in 3d Creality Ender 3 S1 Plus kh\u1ed5 in 30*30*30cm c\u00e2n b\u00e0n t\u1ef1 \u0111\u1ed9ng v\u1edbi CR-Touch\" \/>\n<meta property=\"og:description\" content=\"M\u00e1y in 3d Creality Ender 3 S1 Plus kh\u1ed5 in 30*30*30cm c\u00e2n b\u00e0n t\u1ef1 \u0111\u1ed9ng v\u1edbi CR-Touch\" \/>\n<meta property=\"og:url\" content=\"https:\/\/nge.vn\/en\/product\/may-in-3d-creality-ender-3-s1-plus-kho-in-303030cm-can-ban-tu-dong-voi-cr-touch\/\" \/>\n<meta property=\"og:site_name\" content=\"NGE 3D Printers Services\" \/>\n<meta property=\"article:modified_time\" content=\"2024-10-28T07:29:24+00:00\" \/>\n<meta property=\"og:image\" content=\"https:\/\/nge.vn\/wp-content\/uploads\/2024\/10\/images-upload-woo2F369592ca606843befb992ab3fe9b0939.jpg\" \/>\n\t<meta property=\"og:image:width\" content=\"1024\" \/>\n\t<meta property=\"og:image:height\" content=\"1024\" \/>\n\t<meta property=\"og:image:type\" content=\"image\/jpeg\" \/>\n<meta name=\"twitter:card\" content=\"summary_large_image\" \/>\n<meta name=\"twitter:label1\" content=\"Est. reading time\" \/>\n\t<meta name=\"twitter:data1\" content=\"3 minutes\" \/>\n<script type=\"application\/ld+json\" class=\"yoast-schema-graph\">{\"@context\":\"https:\/\/schema.org\",\"@graph\":[{\"@type\":\"WebPage\",\"@id\":\"https:\/\/nge.vn\/san-pham\/may-in-3d-creality-ender-3-s1-plus-kho-in-303030cm-can-ban-tu-dong-voi-cr-touch\/\",\"url\":\"https:\/\/nge.vn\/san-pham\/may-in-3d-creality-ender-3-s1-plus-kho-in-303030cm-can-ban-tu-dong-voi-cr-touch\/\",\"name\":\"M\u00e1y in 3d Creality Ender 3 S1 Plus kh\u1ed5 in 30*30*30cm c\u00e2n b\u00e0n t\u1ef1 \u0111\u1ed9ng v\u1edbi CR-Touch - NGE 3D Printers Services\",\"isPartOf\":{\"@id\":\"https:\/\/nge.vn\/#website\"},\"primaryImageOfPage\":{\"@id\":\"https:\/\/nge.vn\/san-pham\/may-in-3d-creality-ender-3-s1-plus-kho-in-303030cm-can-ban-tu-dong-voi-cr-touch\/#primaryimage\"},\"image\":{\"@id\":\"https:\/\/nge.vn\/san-pham\/may-in-3d-creality-ender-3-s1-plus-kho-in-303030cm-can-ban-tu-dong-voi-cr-touch\/#primaryimage\"},\"thumbnailUrl\":\"https:\/\/nge.vn\/wp-content\/uploads\/2024\/10\/images-upload-woo2F369592ca606843befb992ab3fe9b0939.jpg\",\"datePublished\":\"2024-10-26T09:52:30+00:00\",\"dateModified\":\"2024-10-28T07:29:24+00:00\",\"breadcrumb\":{\"@id\":\"https:\/\/nge.vn\/san-pham\/may-in-3d-creality-ender-3-s1-plus-kho-in-303030cm-can-ban-tu-dong-voi-cr-touch\/#breadcrumb\"},\"inLanguage\":\"en-US\",\"potentialAction\":[{\"@type\":\"ReadAction\",\"target\":[\"https:\/\/nge.vn\/san-pham\/may-in-3d-creality-ender-3-s1-plus-kho-in-303030cm-can-ban-tu-dong-voi-cr-touch\/\"]}]},{\"@type\":\"ImageObject\",\"inLanguage\":\"en-US\",\"@id\":\"https:\/\/nge.vn\/san-pham\/may-in-3d-creality-ender-3-s1-plus-kho-in-303030cm-can-ban-tu-dong-voi-cr-touch\/#primaryimage\",\"url\":\"https:\/\/nge.vn\/wp-content\/uploads\/2024\/10\/images-upload-woo2F369592ca606843befb992ab3fe9b0939.jpg\",\"contentUrl\":\"https:\/\/nge.vn\/wp-content\/uploads\/2024\/10\/images-upload-woo2F369592ca606843befb992ab3fe9b0939.jpg\",\"width\":1024,\"height\":1024},{\"@type\":\"BreadcrumbList\",\"@id\":\"https:\/\/nge.vn\/san-pham\/may-in-3d-creality-ender-3-s1-plus-kho-in-303030cm-can-ban-tu-dong-voi-cr-touch\/#breadcrumb\",\"itemListElement\":[{\"@type\":\"ListItem\",\"position\":1,\"name\":\"Trang ch\u1ee7\",\"item\":\"https:\/\/nge.vn\/\"},{\"@type\":\"ListItem\",\"position\":2,\"name\":\"S\u1ea3n ph\u1ea9m\",\"item\":\"https:\/\/nge.vn\/san-pham\/\"},{\"@type\":\"ListItem\",\"position\":3,\"name\":\"M\u00e1y in 3d Creality Ender 3 S1 Plus kh\u1ed5 in 30*30*30cm c\u00e2n b\u00e0n t\u1ef1 \u0111\u1ed9ng v\u1edbi CR-Touch\"}]},{\"@type\":\"WebSite\",\"@id\":\"https:\/\/nge.vn\/#website\",\"url\":\"https:\/\/nge.vn\/\",\"name\":\"NGE 3D Printers Services\",\"description\":\"\",\"potentialAction\":[{\"@type\":\"SearchAction\",\"target\":{\"@type\":\"EntryPoint\",\"urlTemplate\":\"https:\/\/nge.vn\/?s={search_term_string}\"},\"query-input\":{\"@type\":\"PropertyValueSpecification\",\"valueRequired\":true,\"valueName\":\"search_term_string\"}}],\"inLanguage\":\"en-US\"}]}<\/script>\n<!-- \/ Yoast SEO Premium plugin. -->","yoast_head_json":{"title":"M\u00e1y in 3d Creality Ender 3 S1 Plus kh\u1ed5 in 30*30*30cm c\u00e2n b\u00e0n t\u1ef1 \u0111\u1ed9ng v\u1edbi CR-Touch - NGE 3D Printers Services","robots":{"index":"index","follow":"follow","max-snippet":"max-snippet:-1","max-image-preview":"max-image-preview:large","max-video-preview":"max-video-preview:-1"},"canonical":"https:\/\/nge.vn\/en\/product\/may-in-3d-creality-ender-3-s1-plus-kho-in-303030cm-can-ban-tu-dong-voi-cr-touch\/","og_locale":"en_US","og_type":"article","og_title":"M\u00e1y in 3d Creality Ender 3 S1 Plus kh\u1ed5 in 30*30*30cm c\u00e2n b\u00e0n t\u1ef1 \u0111\u1ed9ng v\u1edbi CR-Touch","og_description":"M\u00e1y in 3d Creality Ender 3 S1 Plus kh\u1ed5 in 30*30*30cm c\u00e2n b\u00e0n t\u1ef1 \u0111\u1ed9ng v\u1edbi CR-Touch","og_url":"https:\/\/nge.vn\/en\/product\/may-in-3d-creality-ender-3-s1-plus-kho-in-303030cm-can-ban-tu-dong-voi-cr-touch\/","og_site_name":"NGE 3D Printers Services","article_modified_time":"2024-10-28T07:29:24+00:00","og_image":[{"width":1024,"height":1024,"url":"https:\/\/nge.vn\/wp-content\/uploads\/2024\/10\/images-upload-woo2F369592ca606843befb992ab3fe9b0939.jpg","type":"image\/jpeg"}],"twitter_card":"summary_large_image","twitter_misc":{"Est. reading time":"3 minutes"},"schema":{"@context":"https:\/\/schema.org","@graph":[{"@type":"WebPage","@id":"https:\/\/nge.vn\/san-pham\/may-in-3d-creality-ender-3-s1-plus-kho-in-303030cm-can-ban-tu-dong-voi-cr-touch\/","url":"https:\/\/nge.vn\/san-pham\/may-in-3d-creality-ender-3-s1-plus-kho-in-303030cm-can-ban-tu-dong-voi-cr-touch\/","name":"M\u00e1y in 3d Creality Ender 3 S1 Plus kh\u1ed5 in 30*30*30cm c\u00e2n b\u00e0n t\u1ef1 \u0111\u1ed9ng v\u1edbi CR-Touch - NGE 3D Printers Services","isPartOf":{"@id":"https:\/\/nge.vn\/#website"},"primaryImageOfPage":{"@id":"https:\/\/nge.vn\/san-pham\/may-in-3d-creality-ender-3-s1-plus-kho-in-303030cm-can-ban-tu-dong-voi-cr-touch\/#primaryimage"},"image":{"@id":"https:\/\/nge.vn\/san-pham\/may-in-3d-creality-ender-3-s1-plus-kho-in-303030cm-can-ban-tu-dong-voi-cr-touch\/#primaryimage"},"thumbnailUrl":"https:\/\/nge.vn\/wp-content\/uploads\/2024\/10\/images-upload-woo2F369592ca606843befb992ab3fe9b0939.jpg","datePublished":"2024-10-26T09:52:30+00:00","dateModified":"2024-10-28T07:29:24+00:00","breadcrumb":{"@id":"https:\/\/nge.vn\/san-pham\/may-in-3d-creality-ender-3-s1-plus-kho-in-303030cm-can-ban-tu-dong-voi-cr-touch\/#breadcrumb"},"inLanguage":"en-US","potentialAction":[{"@type":"ReadAction","target":["https:\/\/nge.vn\/san-pham\/may-in-3d-creality-ender-3-s1-plus-kho-in-303030cm-can-ban-tu-dong-voi-cr-touch\/"]}]},{"@type":"ImageObject","inLanguage":"en-US","@id":"https:\/\/nge.vn\/san-pham\/may-in-3d-creality-ender-3-s1-plus-kho-in-303030cm-can-ban-tu-dong-voi-cr-touch\/#primaryimage","url":"https:\/\/nge.vn\/wp-content\/uploads\/2024\/10\/images-upload-woo2F369592ca606843befb992ab3fe9b0939.jpg","contentUrl":"https:\/\/nge.vn\/wp-content\/uploads\/2024\/10\/images-upload-woo2F369592ca606843befb992ab3fe9b0939.jpg","width":1024,"height":1024},{"@type":"BreadcrumbList","@id":"https:\/\/nge.vn\/san-pham\/may-in-3d-creality-ender-3-s1-plus-kho-in-303030cm-can-ban-tu-dong-voi-cr-touch\/#breadcrumb","itemListElement":[{"@type":"ListItem","position":1,"name":"Trang ch\u1ee7","item":"https:\/\/nge.vn\/"},{"@type":"ListItem","position":2,"name":"S\u1ea3n ph\u1ea9m","item":"https:\/\/nge.vn\/san-pham\/"},{"@type":"ListItem","position":3,"name":"M\u00e1y in 3d Creality Ender 3 S1 Plus kh\u1ed5 in 30*30*30cm c\u00e2n b\u00e0n t\u1ef1 \u0111\u1ed9ng v\u1edbi CR-Touch"}]},{"@type":"WebSite","@id":"https:\/\/nge.vn\/#website","url":"https:\/\/nge.vn\/","name":"NGE 3D Printers Services","description":"","potentialAction":[{"@type":"SearchAction","target":{"@type":"EntryPoint","urlTemplate":"https:\/\/nge.vn\/?s={search_term_string}"},"query-input":{"@type":"PropertyValueSpecification","valueRequired":true,"valueName":"search_term_string"}}],"inLanguage":"en-US"}]}},"_links":{"self":[{"href":"https:\/\/nge.vn\/en\/wp-json\/wp\/v2\/product\/4015","targetHints":{"allow":["GET"]}}],"collection":[{"href":"https:\/\/nge.vn\/en\/wp-json\/wp\/v2\/product"}],"about":[{"href":"https:\/\/nge.vn\/en\/wp-json\/wp\/v2\/types\/product"}],"replies":[{"embeddable":true,"href":"https:\/\/nge.vn\/en\/wp-json\/wp\/v2\/comments?post=4015"}],"wp:featuredmedia":[{"embeddable":true,"href":"https:\/\/nge.vn\/en\/wp-json\/wp\/v2\/media\/4006"}],"wp:attachment":[{"href":"https:\/\/nge.vn\/en\/wp-json\/wp\/v2\/media?parent=4015"}],"wp:term":[{"taxonomy":"product_brand","embeddable":true,"href":"https:\/\/nge.vn\/en\/wp-json\/wp\/v2\/product_brand?post=4015"},{"taxonomy":"product_cat","embeddable":true,"href":"https:\/\/nge.vn\/en\/wp-json\/wp\/v2\/product_cat?post=4015"},{"taxonomy":"product_tag","embeddable":true,"href":"https:\/\/nge.vn\/en\/wp-json\/wp\/v2\/product_tag?post=4015"}],"curies":[{"name":"wp","href":"https:\/\/api.w.org\/{rel}","templated":true}]}}