{"id":4005,"date":"2024-10-26T16:50:30","date_gmt":"2024-10-26T09:50:30","guid":{"rendered":"https:\/\/nge.123websitedev.com\/san-pham\/man-hinh-chieu-lcd-cho-may-in-3d-resin-creality-halot-sky-4k\/"},"modified":"2024-10-28T16:14:10","modified_gmt":"2024-10-28T09:14:10","slug":"man-hinh-chieu-lcd-cho-may-in-3d-resin-creality-halot-sky-4k","status":"publish","type":"product","link":"https:\/\/nge.vn\/en\/product\/man-hinh-chieu-lcd-cho-may-in-3d-resin-creality-halot-sky-4k\/","title":{"rendered":"M\u00e0n h\u00ecnh chi\u1ebfu LCD cho m\u00e1y in 3d Resin Creality Halot Sky 4k"},"content":{"rendered":"<p>M\u00e0n h\u00ecnh chi\u1ebfu LCD cho m\u00e1y in 3d Resin Creality Halot Sky<\/p>\n<p>_Th\u00f4ng tin s\u1ea3n ph\u1ea9m<br \/>\n+Size product: 20.8*16*0.7cm<br \/>\n+Packing Size\uff1a24\u00d723\u00d73mm<br \/>\n+G.W\uff1a125g<br \/>\n+N.W.\uff1a83g<br \/>\n+Package Weight: 545g<\/p>\n<p>**Compatible Models: Halot Sky 4K<\/p>\n<p>**\u0110\u1ec3 \u0111\u01b0\u1ee3c nh\u1eadn \u0111\u01b0\u1ee3c gi\u00e1 \u01b0u \u0111\u00e3i t\u1ed1t nh\u1ea5t vui l\u00f2ng li\u00ean h\u1ec7 mua tr\u1ef1c ti\u1ebfp shop:<br \/>\n     0913.939.775 contact A.Quan (for English)<br \/>\n     094.144.0951 contact A.Quynh<br \/>\n**Gi\u00e1 b\u00e1n ch\u01b0a bao g\u1ed3m VAT (+8 hay 10% n\u1ebfu xu\u1ea5t ho\u00e1 \u0111\u01a1n GTGT)<\/p>","protected":false},"excerpt":{"rendered":"<p>M\u00e0n h\u00ecnh chi\u1ebfu LCD cho m\u00e1y in 3d Resin Creality Halot Sky 4k<\/p>","protected":false},"featured_media":3996,"comment_status":"open","ping_status":"closed","template":"","meta":{"inline_featured_image":false},"product_brand":[],"product_cat":[40,56],"product_tag":[],"class_list":{"0":"post-4005","1":"product","2":"type-product","3":"status-publish","4":"has-post-thumbnail","6":"product_cat-linh-kien-va-phu-kien","7":"product_cat-linh-phu-kien-may-in-3d-creality","9":"first","10":"instock","11":"taxable","12":"shipping-taxable","13":"purchasable","14":"product-type-simple"},"yoast_head":"<!-- This site is optimized with the Yoast SEO Premium plugin v22.8 (Yoast SEO v26.9) - https:\/\/yoast.com\/product\/yoast-seo-premium-wordpress\/ -->\n<title>M\u00e0n h\u00ecnh chi\u1ebfu LCD cho m\u00e1y in 3d Resin Creality Halot Sky 4k - NGE 3D Printers Services<\/title>\n<meta name=\"robots\" content=\"index, follow, max-snippet:-1, max-image-preview:large, max-video-preview:-1\" \/>\n<link rel=\"canonical\" href=\"https:\/\/nge.vn\/en\/product\/man-hinh-chieu-lcd-cho-may-in-3d-resin-creality-halot-sky-4k\/\" \/>\n<meta property=\"og:locale\" content=\"en_US\" \/>\n<meta property=\"og:type\" content=\"article\" \/>\n<meta property=\"og:title\" content=\"M\u00e0n h\u00ecnh chi\u1ebfu LCD cho m\u00e1y in 3d Resin Creality Halot Sky 4k\" \/>\n<meta property=\"og:description\" content=\"M\u00e0n h\u00ecnh chi\u1ebfu LCD cho m\u00e1y in 3d Resin Creality Halot Sky 4k\" \/>\n<meta property=\"og:url\" content=\"https:\/\/nge.vn\/en\/product\/man-hinh-chieu-lcd-cho-may-in-3d-resin-creality-halot-sky-4k\/\" \/>\n<meta property=\"og:site_name\" content=\"NGE 3D Printers Services\" \/>\n<meta property=\"article:modified_time\" content=\"2024-10-28T09:14:10+00:00\" \/>\n<meta property=\"og:image\" content=\"https:\/\/nge.vn\/wp-content\/uploads\/2024\/10\/images-upload-woo2Fc8362ff954f8a8dc926fda86b301bbbd.jpg\" \/>\n\t<meta property=\"og:image:width\" content=\"824\" \/>\n\t<meta property=\"og:image:height\" content=\"824\" \/>\n\t<meta property=\"og:image:type\" content=\"image\/jpeg\" \/>\n<meta name=\"twitter:card\" content=\"summary_large_image\" \/>\n<script type=\"application\/ld+json\" class=\"yoast-schema-graph\">{\"@context\":\"https:\/\/schema.org\",\"@graph\":[{\"@type\":\"WebPage\",\"@id\":\"https:\/\/nge.vn\/san-pham\/man-hinh-chieu-lcd-cho-may-in-3d-resin-creality-halot-sky-4k\/\",\"url\":\"https:\/\/nge.vn\/san-pham\/man-hinh-chieu-lcd-cho-may-in-3d-resin-creality-halot-sky-4k\/\",\"name\":\"M\u00e0n h\u00ecnh chi\u1ebfu LCD cho m\u00e1y in 3d Resin Creality Halot Sky 4k - NGE 3D Printers Services\",\"isPartOf\":{\"@id\":\"https:\/\/nge.vn\/#website\"},\"primaryImageOfPage\":{\"@id\":\"https:\/\/nge.vn\/san-pham\/man-hinh-chieu-lcd-cho-may-in-3d-resin-creality-halot-sky-4k\/#primaryimage\"},\"image\":{\"@id\":\"https:\/\/nge.vn\/san-pham\/man-hinh-chieu-lcd-cho-may-in-3d-resin-creality-halot-sky-4k\/#primaryimage\"},\"thumbnailUrl\":\"https:\/\/nge.vn\/wp-content\/uploads\/2024\/10\/images-upload-woo2Fc8362ff954f8a8dc926fda86b301bbbd.jpg\",\"datePublished\":\"2024-10-26T09:50:30+00:00\",\"dateModified\":\"2024-10-28T09:14:10+00:00\",\"breadcrumb\":{\"@id\":\"https:\/\/nge.vn\/san-pham\/man-hinh-chieu-lcd-cho-may-in-3d-resin-creality-halot-sky-4k\/#breadcrumb\"},\"inLanguage\":\"en-US\",\"potentialAction\":[{\"@type\":\"ReadAction\",\"target\":[\"https:\/\/nge.vn\/san-pham\/man-hinh-chieu-lcd-cho-may-in-3d-resin-creality-halot-sky-4k\/\"]}]},{\"@type\":\"ImageObject\",\"inLanguage\":\"en-US\",\"@id\":\"https:\/\/nge.vn\/san-pham\/man-hinh-chieu-lcd-cho-may-in-3d-resin-creality-halot-sky-4k\/#primaryimage\",\"url\":\"https:\/\/nge.vn\/wp-content\/uploads\/2024\/10\/images-upload-woo2Fc8362ff954f8a8dc926fda86b301bbbd.jpg\",\"contentUrl\":\"https:\/\/nge.vn\/wp-content\/uploads\/2024\/10\/images-upload-woo2Fc8362ff954f8a8dc926fda86b301bbbd.jpg\",\"width\":824,\"height\":824},{\"@type\":\"BreadcrumbList\",\"@id\":\"https:\/\/nge.vn\/san-pham\/man-hinh-chieu-lcd-cho-may-in-3d-resin-creality-halot-sky-4k\/#breadcrumb\",\"itemListElement\":[{\"@type\":\"ListItem\",\"position\":1,\"name\":\"Trang ch\u1ee7\",\"item\":\"https:\/\/nge.vn\/\"},{\"@type\":\"ListItem\",\"position\":2,\"name\":\"S\u1ea3n ph\u1ea9m\",\"item\":\"https:\/\/nge.vn\/san-pham\/\"},{\"@type\":\"ListItem\",\"position\":3,\"name\":\"M\u00e0n h\u00ecnh chi\u1ebfu LCD cho m\u00e1y in 3d Resin Creality Halot Sky 4k\"}]},{\"@type\":\"WebSite\",\"@id\":\"https:\/\/nge.vn\/#website\",\"url\":\"https:\/\/nge.vn\/\",\"name\":\"NGE 3D Printers Services\",\"description\":\"\",\"potentialAction\":[{\"@type\":\"SearchAction\",\"target\":{\"@type\":\"EntryPoint\",\"urlTemplate\":\"https:\/\/nge.vn\/?s={search_term_string}\"},\"query-input\":{\"@type\":\"PropertyValueSpecification\",\"valueRequired\":true,\"valueName\":\"search_term_string\"}}],\"inLanguage\":\"en-US\"}]}<\/script>\n<!-- \/ Yoast SEO Premium plugin. -->","yoast_head_json":{"title":"M\u00e0n h\u00ecnh chi\u1ebfu LCD cho m\u00e1y in 3d Resin Creality Halot Sky 4k - NGE 3D Printers Services","robots":{"index":"index","follow":"follow","max-snippet":"max-snippet:-1","max-image-preview":"max-image-preview:large","max-video-preview":"max-video-preview:-1"},"canonical":"https:\/\/nge.vn\/en\/product\/man-hinh-chieu-lcd-cho-may-in-3d-resin-creality-halot-sky-4k\/","og_locale":"en_US","og_type":"article","og_title":"M\u00e0n h\u00ecnh chi\u1ebfu LCD cho m\u00e1y in 3d Resin Creality Halot Sky 4k","og_description":"M\u00e0n h\u00ecnh chi\u1ebfu LCD cho m\u00e1y in 3d Resin Creality Halot Sky 4k","og_url":"https:\/\/nge.vn\/en\/product\/man-hinh-chieu-lcd-cho-may-in-3d-resin-creality-halot-sky-4k\/","og_site_name":"NGE 3D Printers Services","article_modified_time":"2024-10-28T09:14:10+00:00","og_image":[{"width":824,"height":824,"url":"https:\/\/nge.vn\/wp-content\/uploads\/2024\/10\/images-upload-woo2Fc8362ff954f8a8dc926fda86b301bbbd.jpg","type":"image\/jpeg"}],"twitter_card":"summary_large_image","schema":{"@context":"https:\/\/schema.org","@graph":[{"@type":"WebPage","@id":"https:\/\/nge.vn\/san-pham\/man-hinh-chieu-lcd-cho-may-in-3d-resin-creality-halot-sky-4k\/","url":"https:\/\/nge.vn\/san-pham\/man-hinh-chieu-lcd-cho-may-in-3d-resin-creality-halot-sky-4k\/","name":"M\u00e0n h\u00ecnh chi\u1ebfu LCD cho m\u00e1y in 3d Resin Creality Halot Sky 4k - NGE 3D Printers Services","isPartOf":{"@id":"https:\/\/nge.vn\/#website"},"primaryImageOfPage":{"@id":"https:\/\/nge.vn\/san-pham\/man-hinh-chieu-lcd-cho-may-in-3d-resin-creality-halot-sky-4k\/#primaryimage"},"image":{"@id":"https:\/\/nge.vn\/san-pham\/man-hinh-chieu-lcd-cho-may-in-3d-resin-creality-halot-sky-4k\/#primaryimage"},"thumbnailUrl":"https:\/\/nge.vn\/wp-content\/uploads\/2024\/10\/images-upload-woo2Fc8362ff954f8a8dc926fda86b301bbbd.jpg","datePublished":"2024-10-26T09:50:30+00:00","dateModified":"2024-10-28T09:14:10+00:00","breadcrumb":{"@id":"https:\/\/nge.vn\/san-pham\/man-hinh-chieu-lcd-cho-may-in-3d-resin-creality-halot-sky-4k\/#breadcrumb"},"inLanguage":"en-US","potentialAction":[{"@type":"ReadAction","target":["https:\/\/nge.vn\/san-pham\/man-hinh-chieu-lcd-cho-may-in-3d-resin-creality-halot-sky-4k\/"]}]},{"@type":"ImageObject","inLanguage":"en-US","@id":"https:\/\/nge.vn\/san-pham\/man-hinh-chieu-lcd-cho-may-in-3d-resin-creality-halot-sky-4k\/#primaryimage","url":"https:\/\/nge.vn\/wp-content\/uploads\/2024\/10\/images-upload-woo2Fc8362ff954f8a8dc926fda86b301bbbd.jpg","contentUrl":"https:\/\/nge.vn\/wp-content\/uploads\/2024\/10\/images-upload-woo2Fc8362ff954f8a8dc926fda86b301bbbd.jpg","width":824,"height":824},{"@type":"BreadcrumbList","@id":"https:\/\/nge.vn\/san-pham\/man-hinh-chieu-lcd-cho-may-in-3d-resin-creality-halot-sky-4k\/#breadcrumb","itemListElement":[{"@type":"ListItem","position":1,"name":"Trang ch\u1ee7","item":"https:\/\/nge.vn\/"},{"@type":"ListItem","position":2,"name":"S\u1ea3n ph\u1ea9m","item":"https:\/\/nge.vn\/san-pham\/"},{"@type":"ListItem","position":3,"name":"M\u00e0n h\u00ecnh chi\u1ebfu LCD cho m\u00e1y in 3d Resin Creality Halot Sky 4k"}]},{"@type":"WebSite","@id":"https:\/\/nge.vn\/#website","url":"https:\/\/nge.vn\/","name":"NGE 3D Printers Services","description":"","potentialAction":[{"@type":"SearchAction","target":{"@type":"EntryPoint","urlTemplate":"https:\/\/nge.vn\/?s={search_term_string}"},"query-input":{"@type":"PropertyValueSpecification","valueRequired":true,"valueName":"search_term_string"}}],"inLanguage":"en-US"}]}},"_links":{"self":[{"href":"https:\/\/nge.vn\/en\/wp-json\/wp\/v2\/product\/4005","targetHints":{"allow":["GET"]}}],"collection":[{"href":"https:\/\/nge.vn\/en\/wp-json\/wp\/v2\/product"}],"about":[{"href":"https:\/\/nge.vn\/en\/wp-json\/wp\/v2\/types\/product"}],"replies":[{"embeddable":true,"href":"https:\/\/nge.vn\/en\/wp-json\/wp\/v2\/comments?post=4005"}],"wp:featuredmedia":[{"embeddable":true,"href":"https:\/\/nge.vn\/en\/wp-json\/wp\/v2\/media\/3996"}],"wp:attachment":[{"href":"https:\/\/nge.vn\/en\/wp-json\/wp\/v2\/media?parent=4005"}],"wp:term":[{"taxonomy":"product_brand","embeddable":true,"href":"https:\/\/nge.vn\/en\/wp-json\/wp\/v2\/product_brand?post=4005"},{"taxonomy":"product_cat","embeddable":true,"href":"https:\/\/nge.vn\/en\/wp-json\/wp\/v2\/product_cat?post=4005"},{"taxonomy":"product_tag","embeddable":true,"href":"https:\/\/nge.vn\/en\/wp-json\/wp\/v2\/product_tag?post=4005"}],"curies":[{"name":"wp","href":"https:\/\/api.w.org\/{rel}","templated":true}]}}