{"id":3991,"date":"2024-10-26T16:47:33","date_gmt":"2024-10-26T09:47:33","guid":{"rendered":"https:\/\/nge.123websitedev.com\/san-pham\/hop-say-soi-nhua-in-3d-fdm-esun-ebox-lite\/"},"modified":"2024-10-29T14:23:53","modified_gmt":"2024-10-29T07:23:53","slug":"hop-say-soi-nhua-in-3d-fdm-esun-ebox-lite","status":"publish","type":"product","link":"https:\/\/nge.vn\/en\/product\/hop-say-soi-nhua-in-3d-fdm-esun-ebox-lite\/","title":{"rendered":"eSun eBox Lite 3D FDM Filament Drying Box"},"content":{"rendered":"<p>eSun eBox Lite 3D FDM Filament Drying Box<br \/>\n_H\u1ed9p v\u1eadt li\u1ec7u eBOX Lite l\u00e0 h\u1ed9p l\u01b0u tr\u1eef hi\u1ec7u qu\u1ea3 v\u1ec1 chi ph\u00ed v\u1edbi nhi\u1ec7t \u0111\u1ed9 v\u00e0 \u0111\u1ed9 \u1ea9m kh\u00f4ng \u0111\u1ed5i, ch\u1ed1ng \u1ea9m v\u00e0 ch\u1ed1ng b\u1ee5i v\u1edbi ch\u1ee9c n\u0103ng s\u01b0\u1edfi \u1ea5m \u0111\u01b0\u1ee3c eSUN ph\u00e1t tri\u1ec3n \u0111\u1eb7c bi\u1ec7t cho c\u00e1c s\u1ee3i in 3D. N\u00f3 gi\u1ea3i quy\u1ebft v\u1ea5n \u0111\u1ec1 kh\u00f4ng \u0111\u1ee7 nhi\u1ec7t \u0111\u1ed9, nhi\u1ec7t \u0111\u1ed9 kh\u00f4ng \u0111\u1ed3ng \u0111\u1ec1u, c\u00e2n kh\u00f4ng ch\u00ednh x\u00e1c v\u00e0 ti\u1ebfng \u1ed3n b\u1ea5t th\u01b0\u1eddng c\u1ee7a qu\u1ea1t h\u1ed9p.<br \/>\n_N\u1eafp tr\u00ean b\u1eb1ng v\u1eadt li\u1ec7u PC trong su\u1ed1t cho ph\u00e9p quan s\u00e1t th\u1eddi gian th\u1ef1c vi\u1ec7c s\u1eed d\u1ee5ng v\u1eadt t\u01b0 ti\u00eau hao;<br \/>\n_T\u1ea5m gia nhi\u1ec7t h\u00ecnh v\u00f2ng cung v\u00e0 thi\u1ebft k\u1ebf t\u1ea5m d\u1eabn nhi\u1ec7t b\u1eb1ng kim lo\u1ea1i t\u1ea5m t\u1ea1o ra nhi\u1ec7t \u0111\u1ed3ng \u0111\u1ec1u h\u01a1n, gi\u00fap d\u1ec5 d\u00e0ng duy tr\u00ec nhi\u1ec7t \u0111\u1ed9 v\u00e0 \u0111\u1ed9 \u1ea9m kh\u00f4ng \u0111\u1ed5i trong h\u1ed9p;<br \/>\n_L\u1edbp x\u1ed1p ch\u1ed1ng ch\u00e1y v\u00e0 c\u00e1ch nhi\u1ec7t \u0111\u01b0\u1ee3c \u0111\u1eb7t \u1edf hai b\u00ean th\u00e0nh b\u00ean trong v\u1eeba an to\u00e0n, v\u1eeba ch\u1ed1ng b\u1ecfng, v\u1eeba gi\u00fap gi\u1eef nhi\u1ec7t.<br \/>\n_N\u00f3 \u0111\u01b0\u1ee3c trang b\u1ecb m\u1ed9t qu\u1ea1t tuabin tu\u1ed5i th\u1ecd cao v\u00e0 \u0111\u1ed9 \u1ed3n th\u1ea5p, c\u00f3 hi\u1ec7u su\u1ea5t t\u1ed1t v\u00e0 ti\u1ebfng \u1ed3n th\u1ea5p. N\u00f3 c\u00f3 kh\u1ea3 n\u0103ng t\u01b0\u01a1ng th\u00edch r\u1ed9ng v\u00e0 c\u00f3 th\u1ec3 \u0111\u01b0\u1ee3c s\u1eed d\u1ee5ng v\u1edbi nhi\u1ec1u v\u1eadt t\u01b0 ti\u00eau hao kh\u00e1c nhau.<br \/>\n_N\u00f3 c\u0169ng c\u00f3 kh\u1ea3 n\u0103ng t\u01b0\u01a1ng th\u00edch r\u1ed9ng v\u1edbi h\u1ea7u h\u1ebft c\u00e1c lo\u1ea1i s\u1ee3i 0,5 \/ 1KG, 1,75 \/ 2,85mm tr\u00ean th\u1ecb tr\u01b0\u1eddng nh\u01b0 PLA, ABS, PETG, PVA, ePA, ePA-CF, ePA-GF, PC, TPU-95A, v.v.<br \/>\n_So v\u1edbi h\u1ed9p s\u1ea5y s\u1ee3i nh\u1ef1a eBOX c\u0169, h\u1ed9p eBOX Lite lo\u1ea1i b\u1ecf ch\u1ee9c n\u0103ng c\u00e2n v\u00e0 c\u1ea3i thi\u1ec7n hi\u1ec7u su\u1ea5t chi ph\u00ed;<br \/>\n_eBOX Lite l\u00e0 m\u1ed9t h\u1ed9p l\u01b0u tr\u1eef ti\u1ebft ki\u1ec7m chi ph\u00ed v\u1edbi nhi\u1ec7t \u0111\u1ed9 v\u00e0 \u0111\u1ed9 \u1ea9m kh\u00f4ng \u0111\u1ed5i, ch\u1ed1ng \u1ea9m v\u00e0 ch\u1ed1ng b\u1ee5i v\u00e0 ch\u1ee9c n\u0103ng s\u01b0\u1edfi \u1ea5m \u0111\u01b0\u1ee3c ph\u00e1t tri\u1ec3n \u0111\u1eb7c bi\u1ec7t b\u1edfi eSUN cho c\u00e1c s\u1ee3i in 3D.<br \/>\n_V\u1edbi s\u1ef1 ph\u1ed5 bi\u1ebfn c\u1ee7a c\u00f4ng ngh\u1ec7 in 3D, vi\u1ec7c s\u1eed d\u1ee5ng c\u00e1c s\u1ee3i in 3D c\u0169ng t\u0103ng m\u1ea1nh. Trong s\u1ed1 \u0111\u00f3, FDM \u0111\u00e3 d\u1ea7n tr\u1edf th\u00e0nh xu h\u01b0\u1edbng ch\u1ee7 \u0111\u1ea1o. C\u00e1c s\u1ee3i \u0111\u01b0\u1ee3c s\u1eed d\u1ee5ng trong in 3D t\u1ed5ng h\u1ee3p FDM ch\u1ee7 y\u1ebfu c\u00f3 d\u1ea1ng cu\u1ed9n, t\u1ea5t c\u1ea3 \u0111\u1ec1u c\u00f3 kh\u1ea3 n\u0103ng h\u1ea5p th\u1ee5 n\u01b0\u1edbc nh\u1ea5t \u0111\u1ecbnh, bao g\u1ed3m nh\u01b0ng kh\u00f4ng gi\u1edbi h\u1ea1n \u1edf PLA, ABS, PETG, PVA, ePA, ePA-CF, ePA-GF, PC, TPU-95A, v.v. H\u00fat \u1ea9m s\u1ebd kh\u00f4ng ch\u1ec9 l\u00e0m gi\u1ea3m kh\u1ed1i l\u01b0\u1ee3ng ph\u00e2n t\u1eed m\u00e0 c\u00f2n l\u00e0m cho c\u00e1c s\u1ee3i s\u1ee3i tr\u1edf n\u00ean gi\u00f2n. M\u1ed9t lo\u1ea1t bong b\u00f3ng xu\u1ea5t hi\u1ec7n tr\u00ean b\u1ec1 m\u1eb7t c\u1ee7a b\u1ea3n in v\u00e0 m\u00f4 h\u00ecnh \u0111\u01b0\u1ee3c in s\u1ebd c\u00f3 d\u1ea1ng chu\u1ed7i, th\u00f4 r\u00e1p v\u00e0 c\u00f3 m\u00e0u tr\u1eafng. B\u1eb1ng c\u00e1ch s\u01b0\u1edfi \u1ea5m v\u00e0 th\u00eam m\u1ed9t qu\u1ea1t \u0111\u1ec3 l\u01b0u th\u00f4ng v\u00e0 l\u00e0m bay h\u01a1i \u0111\u1ed9 \u1ea9m, c\u00e1c s\u1ee3i v\u1ea3i \u0111\u01b0\u1ee3c gi\u1eef \u1edf tr\u1ea1ng th\u00e1i kh\u00f4 trong qu\u00e1 tr\u00ecnh in v\u00e0 ch\u1ea5t l\u01b0\u1ee3ng in c\u0169ng \u0111\u01b0\u1ee3c c\u1ea3i thi\u1ec7n.<\/p>\n<p>Th\u00f4ng s\u1ed1 k\u1ef9 thu\u1eadt:<br \/>\n+Th\u01b0\u01a1ng hi\u1ec7u: ESUN<br \/>\n+M\u00f4 h\u00ecnh: Ebox Lite<br \/>\n+Ph\u00edch c\u1eafm: CH\u00c2U \u00c2U<br \/>\n+\u0110\u1ea7u v\u00e0o: 100-240V 50\/60Hz<br \/>\n+\u0110\u1ea7u ra: DC24V\/2A<br \/>\n+C\u00f4ng Su\u1ea5t \u0111\u1ecbnh m\u1ee9c: 48W<br \/>\n+C\u00f4ng Su\u1ea5t l\u00e0m n\u00f3ng: \u2264 35W<br \/>\n+C\u00f4ng Su\u1ea5t t\u1ed1i \u0111a: \u03a6200*73(H)mm<br \/>\n+Nhi\u1ec7t \u0111\u1ed9: 3 C\u1ea5p \u0110\u1ed9 C\u00f3 Th\u1ec3 \u0110i\u1ec1u Ch\u1ec9nh (B\u00ean Trong M\u00f4i Tr\u01b0\u1eddng Nhi\u1ec7t \u0110\u1ed9: 40 \u2103\/50 \u2103\/55 \u2103)<br \/>\n+Th\u1eddi Gian l\u00e0m n\u00f3ng Thi\u1ebft L\u1eadp: Max. 18 Gi\u1edd<br \/>\n+D\u00e2y t\u00f3c \u0110\u01b0\u1eddng K\u00ednh: 1.75mm\/2.85mm\/3mm<br \/>\n+K\u00edch Th\u01b0\u1edbc s\u1ea3n ph\u1ea9m: 215*104*238.5mm \/ 8.5*4.1 * 9.4in<br \/>\n+Tr\u1ecdng L\u01b0\u1ee3ng s\u1ea3n ph\u1ea9m: 639g \/ 22.5oz<br \/>\n+K\u00edch Th\u01b0\u1edbc \u0111\u00f3ng g\u00f3i: 27.5*25.1*14.0cm \/ 10.8*9.9 * 5.5in<br \/>\n+Tr\u1ecdng L\u01b0\u1ee3ng g\u00f3i h\u00e0ng: 1130g \/ 39.9oz<\/p>\n<p>***H\u01b0\u1edbng d\u1eabn s\u1eed d\u1ee5ng eBOX Lite: https:\/\/www.esun3d.com\/uploads\/eBOX-Lite-Manual.pdf<\/p>\n<p>**\u0110\u1ec3 \u0111\u01b0\u1ee3c nh\u1eadn \u0111\u01b0\u1ee3c gi\u00e1 \u01b0u \u0111\u00e3i t\u1ed1t nh\u1ea5t vui l\u00f2ng li\u00ean h\u1ec7 mua tr\u1ef1c ti\u1ebfp shop:<br \/>\n          0913.939.775 contact A.Quan (for English)<br \/>\n          094.144.0951 contact A.Quynh<br \/>\n**Selling price does not include VAT (+10% if VAT invoice is issued)<\/p>","protected":false},"excerpt":{"rendered":"<p>eSun eBox Lite 3D FDM Filament Drying Box<\/p>","protected":false},"featured_media":3982,"comment_status":"open","ping_status":"closed","template":"","meta":{"inline_featured_image":false},"product_brand":[],"product_cat":[455,466],"product_tag":[],"class_list":{"0":"post-3991","1":"product","2":"type-product","3":"status-publish","4":"has-post-thumbnail","6":"product_cat-nhua-in-3d","7":"product_cat-soi-nhua-esun-fdm","9":"first","10":"instock","11":"taxable","12":"shipping-taxable","13":"purchasable","14":"product-type-simple"},"yoast_head":"<!-- This site is optimized with the Yoast SEO Premium plugin v22.8 (Yoast SEO v26.9) - https:\/\/yoast.com\/product\/yoast-seo-premium-wordpress\/ -->\n<title>H\u1ed9p s\u1ea5y s\u1ee3i nh\u1ef1a in 3d FDM eSun eBox Lite - NGE 3D Printers Services<\/title>\n<meta name=\"robots\" content=\"index, follow, max-snippet:-1, max-image-preview:large, max-video-preview:-1\" \/>\n<link rel=\"canonical\" href=\"https:\/\/nge.vn\/en\/product\/hop-say-soi-nhua-in-3d-fdm-esun-ebox-lite\/\" \/>\n<meta property=\"og:locale\" content=\"en_US\" \/>\n<meta property=\"og:type\" content=\"article\" \/>\n<meta property=\"og:title\" content=\"H\u1ed9p s\u1ea5y s\u1ee3i nh\u1ef1a in 3d FDM eSun eBox Lite\" \/>\n<meta property=\"og:description\" content=\"H\u1ed9p s\u1ea5y s\u1ee3i nh\u1ef1a in 3d FDM eSun eBox Lite\" \/>\n<meta property=\"og:url\" content=\"https:\/\/nge.vn\/en\/product\/hop-say-soi-nhua-in-3d-fdm-esun-ebox-lite\/\" \/>\n<meta property=\"og:site_name\" content=\"NGE 3D Printers Services\" \/>\n<meta property=\"article:modified_time\" content=\"2024-10-29T07:23:53+00:00\" \/>\n<meta property=\"og:image\" content=\"https:\/\/nge.vn\/wp-content\/uploads\/2024\/10\/images-upload-woo2Fcc6f6c254f5854730a6e86942c0fca28.jpg\" \/>\n\t<meta property=\"og:image:width\" content=\"967\" \/>\n\t<meta property=\"og:image:height\" content=\"967\" \/>\n\t<meta property=\"og:image:type\" content=\"image\/jpeg\" \/>\n<meta name=\"twitter:card\" content=\"summary_large_image\" \/>\n<meta name=\"twitter:label1\" content=\"Est. reading time\" \/>\n\t<meta name=\"twitter:data1\" content=\"4 minutes\" \/>\n<script type=\"application\/ld+json\" class=\"yoast-schema-graph\">{\"@context\":\"https:\/\/schema.org\",\"@graph\":[{\"@type\":\"WebPage\",\"@id\":\"https:\/\/nge.vn\/san-pham\/hop-say-soi-nhua-in-3d-fdm-esun-ebox-lite\/\",\"url\":\"https:\/\/nge.vn\/san-pham\/hop-say-soi-nhua-in-3d-fdm-esun-ebox-lite\/\",\"name\":\"H\u1ed9p s\u1ea5y s\u1ee3i nh\u1ef1a in 3d FDM eSun eBox Lite - NGE 3D Printers Services\",\"isPartOf\":{\"@id\":\"https:\/\/nge.vn\/#website\"},\"primaryImageOfPage\":{\"@id\":\"https:\/\/nge.vn\/san-pham\/hop-say-soi-nhua-in-3d-fdm-esun-ebox-lite\/#primaryimage\"},\"image\":{\"@id\":\"https:\/\/nge.vn\/san-pham\/hop-say-soi-nhua-in-3d-fdm-esun-ebox-lite\/#primaryimage\"},\"thumbnailUrl\":\"https:\/\/nge.vn\/wp-content\/uploads\/2024\/10\/images-upload-woo2Fcc6f6c254f5854730a6e86942c0fca28.jpg\",\"datePublished\":\"2024-10-26T09:47:33+00:00\",\"dateModified\":\"2024-10-29T07:23:53+00:00\",\"breadcrumb\":{\"@id\":\"https:\/\/nge.vn\/san-pham\/hop-say-soi-nhua-in-3d-fdm-esun-ebox-lite\/#breadcrumb\"},\"inLanguage\":\"en-US\",\"potentialAction\":[{\"@type\":\"ReadAction\",\"target\":[\"https:\/\/nge.vn\/san-pham\/hop-say-soi-nhua-in-3d-fdm-esun-ebox-lite\/\"]}]},{\"@type\":\"ImageObject\",\"inLanguage\":\"en-US\",\"@id\":\"https:\/\/nge.vn\/san-pham\/hop-say-soi-nhua-in-3d-fdm-esun-ebox-lite\/#primaryimage\",\"url\":\"https:\/\/nge.vn\/wp-content\/uploads\/2024\/10\/images-upload-woo2Fcc6f6c254f5854730a6e86942c0fca28.jpg\",\"contentUrl\":\"https:\/\/nge.vn\/wp-content\/uploads\/2024\/10\/images-upload-woo2Fcc6f6c254f5854730a6e86942c0fca28.jpg\",\"width\":967,\"height\":967},{\"@type\":\"BreadcrumbList\",\"@id\":\"https:\/\/nge.vn\/san-pham\/hop-say-soi-nhua-in-3d-fdm-esun-ebox-lite\/#breadcrumb\",\"itemListElement\":[{\"@type\":\"ListItem\",\"position\":1,\"name\":\"Trang ch\u1ee7\",\"item\":\"https:\/\/nge.vn\/\"},{\"@type\":\"ListItem\",\"position\":2,\"name\":\"S\u1ea3n ph\u1ea9m\",\"item\":\"https:\/\/nge.vn\/san-pham\/\"},{\"@type\":\"ListItem\",\"position\":3,\"name\":\"H\u1ed9p s\u1ea5y s\u1ee3i nh\u1ef1a in 3d FDM eSun eBox Lite\"}]},{\"@type\":\"WebSite\",\"@id\":\"https:\/\/nge.vn\/#website\",\"url\":\"https:\/\/nge.vn\/\",\"name\":\"NGE 3D Printers Services\",\"description\":\"\",\"potentialAction\":[{\"@type\":\"SearchAction\",\"target\":{\"@type\":\"EntryPoint\",\"urlTemplate\":\"https:\/\/nge.vn\/?s={search_term_string}\"},\"query-input\":{\"@type\":\"PropertyValueSpecification\",\"valueRequired\":true,\"valueName\":\"search_term_string\"}}],\"inLanguage\":\"en-US\"}]}<\/script>\n<!-- \/ Yoast SEO Premium plugin. -->","yoast_head_json":{"title":"H\u1ed9p s\u1ea5y s\u1ee3i nh\u1ef1a in 3d FDM eSun eBox Lite - NGE 3D Printers Services","robots":{"index":"index","follow":"follow","max-snippet":"max-snippet:-1","max-image-preview":"max-image-preview:large","max-video-preview":"max-video-preview:-1"},"canonical":"https:\/\/nge.vn\/en\/product\/hop-say-soi-nhua-in-3d-fdm-esun-ebox-lite\/","og_locale":"en_US","og_type":"article","og_title":"H\u1ed9p s\u1ea5y s\u1ee3i nh\u1ef1a in 3d FDM eSun eBox Lite","og_description":"H\u1ed9p s\u1ea5y s\u1ee3i nh\u1ef1a in 3d FDM eSun eBox Lite","og_url":"https:\/\/nge.vn\/en\/product\/hop-say-soi-nhua-in-3d-fdm-esun-ebox-lite\/","og_site_name":"NGE 3D Printers Services","article_modified_time":"2024-10-29T07:23:53+00:00","og_image":[{"width":967,"height":967,"url":"https:\/\/nge.vn\/wp-content\/uploads\/2024\/10\/images-upload-woo2Fcc6f6c254f5854730a6e86942c0fca28.jpg","type":"image\/jpeg"}],"twitter_card":"summary_large_image","twitter_misc":{"Est. reading time":"4 minutes"},"schema":{"@context":"https:\/\/schema.org","@graph":[{"@type":"WebPage","@id":"https:\/\/nge.vn\/san-pham\/hop-say-soi-nhua-in-3d-fdm-esun-ebox-lite\/","url":"https:\/\/nge.vn\/san-pham\/hop-say-soi-nhua-in-3d-fdm-esun-ebox-lite\/","name":"H\u1ed9p s\u1ea5y s\u1ee3i nh\u1ef1a in 3d FDM eSun eBox Lite - NGE 3D Printers Services","isPartOf":{"@id":"https:\/\/nge.vn\/#website"},"primaryImageOfPage":{"@id":"https:\/\/nge.vn\/san-pham\/hop-say-soi-nhua-in-3d-fdm-esun-ebox-lite\/#primaryimage"},"image":{"@id":"https:\/\/nge.vn\/san-pham\/hop-say-soi-nhua-in-3d-fdm-esun-ebox-lite\/#primaryimage"},"thumbnailUrl":"https:\/\/nge.vn\/wp-content\/uploads\/2024\/10\/images-upload-woo2Fcc6f6c254f5854730a6e86942c0fca28.jpg","datePublished":"2024-10-26T09:47:33+00:00","dateModified":"2024-10-29T07:23:53+00:00","breadcrumb":{"@id":"https:\/\/nge.vn\/san-pham\/hop-say-soi-nhua-in-3d-fdm-esun-ebox-lite\/#breadcrumb"},"inLanguage":"en-US","potentialAction":[{"@type":"ReadAction","target":["https:\/\/nge.vn\/san-pham\/hop-say-soi-nhua-in-3d-fdm-esun-ebox-lite\/"]}]},{"@type":"ImageObject","inLanguage":"en-US","@id":"https:\/\/nge.vn\/san-pham\/hop-say-soi-nhua-in-3d-fdm-esun-ebox-lite\/#primaryimage","url":"https:\/\/nge.vn\/wp-content\/uploads\/2024\/10\/images-upload-woo2Fcc6f6c254f5854730a6e86942c0fca28.jpg","contentUrl":"https:\/\/nge.vn\/wp-content\/uploads\/2024\/10\/images-upload-woo2Fcc6f6c254f5854730a6e86942c0fca28.jpg","width":967,"height":967},{"@type":"BreadcrumbList","@id":"https:\/\/nge.vn\/san-pham\/hop-say-soi-nhua-in-3d-fdm-esun-ebox-lite\/#breadcrumb","itemListElement":[{"@type":"ListItem","position":1,"name":"Trang ch\u1ee7","item":"https:\/\/nge.vn\/"},{"@type":"ListItem","position":2,"name":"S\u1ea3n ph\u1ea9m","item":"https:\/\/nge.vn\/san-pham\/"},{"@type":"ListItem","position":3,"name":"H\u1ed9p s\u1ea5y s\u1ee3i nh\u1ef1a in 3d FDM eSun eBox Lite"}]},{"@type":"WebSite","@id":"https:\/\/nge.vn\/#website","url":"https:\/\/nge.vn\/","name":"NGE 3D Printers Services","description":"","potentialAction":[{"@type":"SearchAction","target":{"@type":"EntryPoint","urlTemplate":"https:\/\/nge.vn\/?s={search_term_string}"},"query-input":{"@type":"PropertyValueSpecification","valueRequired":true,"valueName":"search_term_string"}}],"inLanguage":"en-US"}]}},"_links":{"self":[{"href":"https:\/\/nge.vn\/en\/wp-json\/wp\/v2\/product\/3991","targetHints":{"allow":["GET"]}}],"collection":[{"href":"https:\/\/nge.vn\/en\/wp-json\/wp\/v2\/product"}],"about":[{"href":"https:\/\/nge.vn\/en\/wp-json\/wp\/v2\/types\/product"}],"replies":[{"embeddable":true,"href":"https:\/\/nge.vn\/en\/wp-json\/wp\/v2\/comments?post=3991"}],"wp:featuredmedia":[{"embeddable":true,"href":"https:\/\/nge.vn\/en\/wp-json\/wp\/v2\/media\/3982"}],"wp:attachment":[{"href":"https:\/\/nge.vn\/en\/wp-json\/wp\/v2\/media?parent=3991"}],"wp:term":[{"taxonomy":"product_brand","embeddable":true,"href":"https:\/\/nge.vn\/en\/wp-json\/wp\/v2\/product_brand?post=3991"},{"taxonomy":"product_cat","embeddable":true,"href":"https:\/\/nge.vn\/en\/wp-json\/wp\/v2\/product_cat?post=3991"},{"taxonomy":"product_tag","embeddable":true,"href":"https:\/\/nge.vn\/en\/wp-json\/wp\/v2\/product_tag?post=3991"}],"curies":[{"name":"wp","href":"https:\/\/api.w.org\/{rel}","templated":true}]}}