{"id":3981,"date":"2024-10-26T16:45:15","date_gmt":"2024-10-26T09:45:15","guid":{"rendered":"https:\/\/nge.123websitedev.com\/san-pham\/may-in-3d-resin-creality-halot-one-plus-4k-lcd\/"},"modified":"2025-03-29T17:47:39","modified_gmt":"2025-03-29T10:47:39","slug":"may-in-3d-resin-creality-halot-one-plus-4k-lcd","status":"publish","type":"product","link":"https:\/\/nge.vn\/en\/product\/may-in-3d-resin-creality-halot-one-plus-4k-lcd\/","title":{"rendered":"M\u00e1y in 3d Resin Creality Halot One Plus 4K LCD"},"content":{"rendered":"<p>M\u00e1y in 3D Halot One Plus 4K LCD Resin<br \/>\n_M\u00e0n h\u00ecnh LCD l\u1edbn cho ph\u00e9p chi ti\u1ebft s\u1ed1ng \u0111\u1ed9ng: M\u00e0n h\u00ecnh LCD \u0111\u01a1n s\u1eafc 4K in ra t\u1eebng chi ti\u1ebft m\u1ed9t c\u00e1ch s\u1ed1ng \u0111\u1ed9ng, gi\u00fap kh\u1ea3 n\u0103ng s\u00e1ng t\u1ea1o tr\u1edf n\u00ean h\u1eefu h\u00ecnh.<br \/>\n_Kh\u1ed1i l\u01b0\u1ee3ng x\u00e2y d\u1ef1ng \u0111\u01b0\u1ee3c n\u00e2ng c\u1ea5p 172*102*160mm: M\u00e0n h\u00ecnh l\u1edbn h\u01a1n &#8211; C\u00e1i n\u00f4i cho tr\u00ed t\u01b0\u1edfng t\u01b0\u1ee3ng<br \/>\nHALOT-ONE PLUS s\u1eed d\u1ee5ng m\u00e0n h\u00ecnh LCD \u0111\u01a1n s\u1eafc 4K 7,9 inch v\u1edbi \u00e2m l\u01b0\u1ee3ng t\u0103ng 73% so v\u1edbi m\u00e0n h\u00ecnh LCD 6 inch, in ra t\u1eebng chi ti\u1ebft c\u1ee7a c\u00e1c m\u1eabu m\u00e1y l\u1edbn m\u1ed9t c\u00e1ch s\u1ed1ng \u0111\u1ed9ng.<\/p>\n<p>_Tr\u1ee5c Z v\u1edbi \u0111\u01b0\u1eddng ray tuy\u1ebfn t\u00ednh k\u00e9p Chuy\u1ec3n \u0111\u1ed9ng \u1ed5n \u0111\u1ecbnh h\u01a1n<br \/>\nTr\u1ee5c Z v\u1edbi \u0111\u01b0\u1eddng ray tuy\u1ebfn t\u00ednh k\u00e9p, c\u00f9ng v\u1edbi thanh v\u00edt h\u00ecnh ch\u1eef T \u0111\u1ea3m b\u1ea3o chuy\u1ec3n \u0111\u1ed9ng ch\u00ednh x\u00e1c v\u00e0 \u1ed5n \u0111\u1ecbnh. Kh\u00f4ng c\u00f3 \u0111\u1ed9 l\u1ec7ch l\u1edbp in v\u00e0 gi\u1ea3m hi\u1ec7u qu\u1ea3 k\u1ebft c\u1ea5u l\u1edbp. Ngay c\u1ea3 nh\u1eefng m\u00f4 h\u00ecnh ph\u1ee9c t\u1ea1p c\u0169ng s\u1ebd \u0111\u01b0\u1ee3c in m\u1ed9t c\u00e1ch ho\u00e0n h\u1ea3o.<\/p>\n<p>_Kh\u1ea3 n\u0103ng t\u01b0\u01a1ng th\u00edch ph\u1ea7n m\u1ec1m c\u1eaft l\u00e1t cao L\u1ef1a ch\u1ecdn ph\u1ea7n m\u1ec1m r\u1ed9ng r\u00e3i h\u01a1n;<br \/>\nT\u01b0\u01a1ng th\u00edch v\u1edbi HALOT-BOX, Lychee v\u00e0 CHITUBOX, c\u1eaft l\u00e1t v\u1edbi hi\u1ec7u qu\u1ea3 cao.<\/p>\n<p>**Th\u00f4ng s\u1ed1 k\u1ef9 thu\u1eadt Halot One PLUS<br \/>\n+Item model number: HALOT-ONE PLUS<br \/>\n+Forming size: 172*102*160mm 7.9 inches<br \/>\n+XY axis resolution: 4320*2560(4K)<br \/>\n+XY axis accuracy: 0.04mm<br \/>\n+Printing speed: 1-4s\/layer<br \/>\n+Printing layer thickness: 0.01-0.2mm<br \/>\n+Touch screen: 5 inch touch screen<br \/>\n+Light source configuration: integral light source (wavelength 405nm)<br \/>\n+Rated voltage: 100-240Va.c 50\/60Hz<br \/>\n+Rated power: 100W<br \/>\n+Equipment size: 236*243*418mm<br \/>\n+Packing size: 310*300*530mm<br \/>\n+Net weight: 6.9kg<br \/>\n+Gross weight: 9.2kg<br \/>\n+Printing method: U disk, Creative Cloud<\/p>\n<p>1. B\u1ed9 x\u1eed l\u00fd ARM Cortex-M4 v\u00e0 CPU + GPU 64-bit l\u00f5i t\u1ee9: B\u1ed9 x\u1eed l\u00fd m\u1ea1nh m\u1ebd \u0111\u1ec3 \u0111\u1ea3m b\u1ea3o ho\u1ea1t \u0111\u1ed9ng tr\u01a1n tru v\u00e0 \u0111\u1ed3ng th\u1eddi c\u1ea3i thi\u1ec7n \u0111\u1ed9 ch\u00ednh x\u00e1c v\u00e0 hi\u1ec7u qu\u1ea3 in;<br \/>\n2. \u0110i\u1ec1u khi\u1ec3n t\u1eeb xa Wi-Fi \/ APP:<br \/>\nCreality Cloud APP \u0111\u1ec3 theo d\u00f5i ti\u1ebfn \u0111\u1ed9 in, \u0111i\u1ec1u ch\u1ec9nh c\u00e0i \u0111\u1eb7t in, B\u1eaft \u0111\u1ea7u \/ D\u1eebng b\u1ea3n in. Wi-Fi t\u00edch h\u1ee3p cho ph\u00e9p n\u00e2ng c\u1ea5p ch\u01b0\u01a1ng tr\u00ecnh c\u01a1 s\u1edf b\u1eb1ng m\u1ed9t c\u00fa nh\u1ea5p chu\u1ed9t.<br \/>\n3. Ho\u1ea1t \u0111\u1ed9ng tr\u00ean m\u00e0n h\u00ecnh c\u1ea3m \u1ee9ng tuy\u1ec7t v\u1eddi v\u00e0 nhi\u1ec1u t\u00f9y ch\u1ecdn ng\u00f4n ng\u1eef<br \/>\n4. Thi\u1ebft k\u1ebf h\u1ec7 th\u1ed1ng l\u1ecdc than ho\u1ea1t t\u00ednh: \u0110\u1ec3 gi\u1ea3m ph\u00e1t th\u1ea3i m\u00f9i nh\u1ef1a l\u1ecfng v\u00e0 t\u1ed1i \u01b0u h\u00f3a tr\u1ea3i nghi\u1ec7m in.<\/p>\n<p>***B\u1ea3o H\u00e0nh: M\u00e0n chi\u1ebfu BH 6 th\u00e1ng &#8212; M\u00e1y BH 12 Th\u00e1ng<\/p>\n<p>**\u0110\u1ec3 \u0111\u01b0\u1ee3c nh\u1eadn h\u1ed9 tr\u1ee3 th\u00eam v\u1ec1 Gi\u00e1 v\u00e0 Th\u00f4ng tin c\u1ee7a s\u1ea3n ph\u1ea9m, vui l\u00f2ng li\u00ean h\u1ec7:<br \/>\n0913.939.775 contact A.Quan (for English)<br \/>\n094.144.0951 contact A.Quynh<br \/>\n**Selling price does not include VAT (+10% if VAT invoice is issued)<\/p>","protected":false},"excerpt":{"rendered":"<p>M\u00e1y in 3d Resin Creality Halot One Plus 4K LCD<\/p>","protected":false},"featured_media":3972,"comment_status":"open","ping_status":"closed","template":"","meta":{"inline_featured_image":false},"product_brand":[],"product_cat":[39,51],"product_tag":[],"class_list":{"0":"post-3981","1":"product","2":"type-product","3":"status-publish","4":"has-post-thumbnail","6":"product_cat-may-in-3d","7":"product_cat-may-in-3d-creality","9":"first","10":"instock","11":"taxable","12":"shipping-taxable","13":"purchasable","14":"product-type-simple"},"yoast_head":"<!-- This site is optimized with the Yoast SEO Premium plugin v22.8 (Yoast SEO v26.9) - https:\/\/yoast.com\/product\/yoast-seo-premium-wordpress\/ -->\n<title>M\u00e1y in 3d Resin Creality Halot One Plus 4K LCD - NGE 3D Printers Services<\/title>\n<meta name=\"robots\" content=\"index, follow, max-snippet:-1, max-image-preview:large, max-video-preview:-1\" \/>\n<link rel=\"canonical\" href=\"https:\/\/nge.vn\/en\/product\/may-in-3d-resin-creality-halot-one-plus-4k-lcd\/\" \/>\n<meta property=\"og:locale\" content=\"en_US\" \/>\n<meta property=\"og:type\" content=\"article\" \/>\n<meta property=\"og:title\" content=\"M\u00e1y in 3d Resin Creality Halot One Plus 4K LCD\" \/>\n<meta property=\"og:description\" content=\"M\u00e1y in 3d Resin Creality Halot One Plus 4K LCD\" \/>\n<meta property=\"og:url\" content=\"https:\/\/nge.vn\/en\/product\/may-in-3d-resin-creality-halot-one-plus-4k-lcd\/\" \/>\n<meta property=\"og:site_name\" content=\"NGE 3D Printers Services\" \/>\n<meta property=\"article:modified_time\" content=\"2025-03-29T10:47:39+00:00\" \/>\n<meta property=\"og:image\" content=\"https:\/\/nge.vn\/wp-content\/uploads\/2024\/10\/images-upload-woo2F28cf9cf168e07d16b2660452ff5831ec.jpg\" \/>\n\t<meta property=\"og:image:width\" content=\"843\" \/>\n\t<meta property=\"og:image:height\" content=\"843\" \/>\n\t<meta property=\"og:image:type\" content=\"image\/jpeg\" \/>\n<meta name=\"twitter:card\" content=\"summary_large_image\" \/>\n<meta name=\"twitter:label1\" content=\"Est. reading time\" \/>\n\t<meta name=\"twitter:data1\" content=\"3 minutes\" \/>\n<script type=\"application\/ld+json\" class=\"yoast-schema-graph\">{\"@context\":\"https:\/\/schema.org\",\"@graph\":[{\"@type\":\"WebPage\",\"@id\":\"https:\/\/nge.vn\/san-pham\/may-in-3d-resin-creality-halot-one-plus-4k-lcd\/\",\"url\":\"https:\/\/nge.vn\/san-pham\/may-in-3d-resin-creality-halot-one-plus-4k-lcd\/\",\"name\":\"M\u00e1y in 3d Resin Creality Halot One Plus 4K LCD - NGE 3D Printers Services\",\"isPartOf\":{\"@id\":\"https:\/\/nge.vn\/#website\"},\"primaryImageOfPage\":{\"@id\":\"https:\/\/nge.vn\/san-pham\/may-in-3d-resin-creality-halot-one-plus-4k-lcd\/#primaryimage\"},\"image\":{\"@id\":\"https:\/\/nge.vn\/san-pham\/may-in-3d-resin-creality-halot-one-plus-4k-lcd\/#primaryimage\"},\"thumbnailUrl\":\"https:\/\/nge.vn\/wp-content\/uploads\/2024\/10\/images-upload-woo2F28cf9cf168e07d16b2660452ff5831ec.jpg\",\"datePublished\":\"2024-10-26T09:45:15+00:00\",\"dateModified\":\"2025-03-29T10:47:39+00:00\",\"breadcrumb\":{\"@id\":\"https:\/\/nge.vn\/san-pham\/may-in-3d-resin-creality-halot-one-plus-4k-lcd\/#breadcrumb\"},\"inLanguage\":\"en-US\",\"potentialAction\":[{\"@type\":\"ReadAction\",\"target\":[\"https:\/\/nge.vn\/san-pham\/may-in-3d-resin-creality-halot-one-plus-4k-lcd\/\"]}]},{\"@type\":\"ImageObject\",\"inLanguage\":\"en-US\",\"@id\":\"https:\/\/nge.vn\/san-pham\/may-in-3d-resin-creality-halot-one-plus-4k-lcd\/#primaryimage\",\"url\":\"https:\/\/nge.vn\/wp-content\/uploads\/2024\/10\/images-upload-woo2F28cf9cf168e07d16b2660452ff5831ec.jpg\",\"contentUrl\":\"https:\/\/nge.vn\/wp-content\/uploads\/2024\/10\/images-upload-woo2F28cf9cf168e07d16b2660452ff5831ec.jpg\",\"width\":843,\"height\":843},{\"@type\":\"BreadcrumbList\",\"@id\":\"https:\/\/nge.vn\/san-pham\/may-in-3d-resin-creality-halot-one-plus-4k-lcd\/#breadcrumb\",\"itemListElement\":[{\"@type\":\"ListItem\",\"position\":1,\"name\":\"Trang ch\u1ee7\",\"item\":\"https:\/\/nge.vn\/\"},{\"@type\":\"ListItem\",\"position\":2,\"name\":\"S\u1ea3n ph\u1ea9m\",\"item\":\"https:\/\/nge.vn\/san-pham\/\"},{\"@type\":\"ListItem\",\"position\":3,\"name\":\"M\u00e1y in 3d Resin Creality Halot One Plus 4K LCD\"}]},{\"@type\":\"WebSite\",\"@id\":\"https:\/\/nge.vn\/#website\",\"url\":\"https:\/\/nge.vn\/\",\"name\":\"NGE 3D Printers Services\",\"description\":\"\",\"potentialAction\":[{\"@type\":\"SearchAction\",\"target\":{\"@type\":\"EntryPoint\",\"urlTemplate\":\"https:\/\/nge.vn\/?s={search_term_string}\"},\"query-input\":{\"@type\":\"PropertyValueSpecification\",\"valueRequired\":true,\"valueName\":\"search_term_string\"}}],\"inLanguage\":\"en-US\"}]}<\/script>\n<!-- \/ Yoast SEO Premium plugin. -->","yoast_head_json":{"title":"M\u00e1y in 3d Resin Creality Halot One Plus 4K LCD - NGE 3D Printers Services","robots":{"index":"index","follow":"follow","max-snippet":"max-snippet:-1","max-image-preview":"max-image-preview:large","max-video-preview":"max-video-preview:-1"},"canonical":"https:\/\/nge.vn\/en\/product\/may-in-3d-resin-creality-halot-one-plus-4k-lcd\/","og_locale":"en_US","og_type":"article","og_title":"M\u00e1y in 3d Resin Creality Halot One Plus 4K LCD","og_description":"M\u00e1y in 3d Resin Creality Halot One Plus 4K LCD","og_url":"https:\/\/nge.vn\/en\/product\/may-in-3d-resin-creality-halot-one-plus-4k-lcd\/","og_site_name":"NGE 3D Printers Services","article_modified_time":"2025-03-29T10:47:39+00:00","og_image":[{"width":843,"height":843,"url":"https:\/\/nge.vn\/wp-content\/uploads\/2024\/10\/images-upload-woo2F28cf9cf168e07d16b2660452ff5831ec.jpg","type":"image\/jpeg"}],"twitter_card":"summary_large_image","twitter_misc":{"Est. reading time":"3 minutes"},"schema":{"@context":"https:\/\/schema.org","@graph":[{"@type":"WebPage","@id":"https:\/\/nge.vn\/san-pham\/may-in-3d-resin-creality-halot-one-plus-4k-lcd\/","url":"https:\/\/nge.vn\/san-pham\/may-in-3d-resin-creality-halot-one-plus-4k-lcd\/","name":"M\u00e1y in 3d Resin Creality Halot One Plus 4K LCD - NGE 3D Printers Services","isPartOf":{"@id":"https:\/\/nge.vn\/#website"},"primaryImageOfPage":{"@id":"https:\/\/nge.vn\/san-pham\/may-in-3d-resin-creality-halot-one-plus-4k-lcd\/#primaryimage"},"image":{"@id":"https:\/\/nge.vn\/san-pham\/may-in-3d-resin-creality-halot-one-plus-4k-lcd\/#primaryimage"},"thumbnailUrl":"https:\/\/nge.vn\/wp-content\/uploads\/2024\/10\/images-upload-woo2F28cf9cf168e07d16b2660452ff5831ec.jpg","datePublished":"2024-10-26T09:45:15+00:00","dateModified":"2025-03-29T10:47:39+00:00","breadcrumb":{"@id":"https:\/\/nge.vn\/san-pham\/may-in-3d-resin-creality-halot-one-plus-4k-lcd\/#breadcrumb"},"inLanguage":"en-US","potentialAction":[{"@type":"ReadAction","target":["https:\/\/nge.vn\/san-pham\/may-in-3d-resin-creality-halot-one-plus-4k-lcd\/"]}]},{"@type":"ImageObject","inLanguage":"en-US","@id":"https:\/\/nge.vn\/san-pham\/may-in-3d-resin-creality-halot-one-plus-4k-lcd\/#primaryimage","url":"https:\/\/nge.vn\/wp-content\/uploads\/2024\/10\/images-upload-woo2F28cf9cf168e07d16b2660452ff5831ec.jpg","contentUrl":"https:\/\/nge.vn\/wp-content\/uploads\/2024\/10\/images-upload-woo2F28cf9cf168e07d16b2660452ff5831ec.jpg","width":843,"height":843},{"@type":"BreadcrumbList","@id":"https:\/\/nge.vn\/san-pham\/may-in-3d-resin-creality-halot-one-plus-4k-lcd\/#breadcrumb","itemListElement":[{"@type":"ListItem","position":1,"name":"Trang ch\u1ee7","item":"https:\/\/nge.vn\/"},{"@type":"ListItem","position":2,"name":"S\u1ea3n ph\u1ea9m","item":"https:\/\/nge.vn\/san-pham\/"},{"@type":"ListItem","position":3,"name":"M\u00e1y in 3d Resin Creality Halot One Plus 4K LCD"}]},{"@type":"WebSite","@id":"https:\/\/nge.vn\/#website","url":"https:\/\/nge.vn\/","name":"NGE 3D Printers Services","description":"","potentialAction":[{"@type":"SearchAction","target":{"@type":"EntryPoint","urlTemplate":"https:\/\/nge.vn\/?s={search_term_string}"},"query-input":{"@type":"PropertyValueSpecification","valueRequired":true,"valueName":"search_term_string"}}],"inLanguage":"en-US"}]}},"_links":{"self":[{"href":"https:\/\/nge.vn\/en\/wp-json\/wp\/v2\/product\/3981","targetHints":{"allow":["GET"]}}],"collection":[{"href":"https:\/\/nge.vn\/en\/wp-json\/wp\/v2\/product"}],"about":[{"href":"https:\/\/nge.vn\/en\/wp-json\/wp\/v2\/types\/product"}],"replies":[{"embeddable":true,"href":"https:\/\/nge.vn\/en\/wp-json\/wp\/v2\/comments?post=3981"}],"wp:featuredmedia":[{"embeddable":true,"href":"https:\/\/nge.vn\/en\/wp-json\/wp\/v2\/media\/3972"}],"wp:attachment":[{"href":"https:\/\/nge.vn\/en\/wp-json\/wp\/v2\/media?parent=3981"}],"wp:term":[{"taxonomy":"product_brand","embeddable":true,"href":"https:\/\/nge.vn\/en\/wp-json\/wp\/v2\/product_brand?post=3981"},{"taxonomy":"product_cat","embeddable":true,"href":"https:\/\/nge.vn\/en\/wp-json\/wp\/v2\/product_cat?post=3981"},{"taxonomy":"product_tag","embeddable":true,"href":"https:\/\/nge.vn\/en\/wp-json\/wp\/v2\/product_tag?post=3981"}],"curies":[{"name":"wp","href":"https:\/\/api.w.org\/{rel}","templated":true}]}}