{"id":398,"date":"2024-10-25T12:13:17","date_gmt":"2024-10-25T05:13:17","guid":{"rendered":"https:\/\/nge.123websitedev.com\/san-pham\/tam-ban-k1c-pei-build-plate-without-soft-magnetic-sticker-cho-may-in-3d-creality-k1c\/"},"modified":"2024-10-28T16:09:57","modified_gmt":"2024-10-28T09:09:57","slug":"tam-ban-k1c-pei-build-plate-without-soft-magnetic-sticker-cho-may-in-3d-creality-k1c","status":"publish","type":"product","link":"https:\/\/nge.vn\/en\/product\/tam-ban-k1c-pei-build-plate-without-soft-magnetic-sticker-cho-may-in-3d-creality-k1c\/","title":{"rendered":"T\u1ea5m b\u00e0n K1C PEI Build Plate (Without soft magnetic sticker) cho m\u00e1y in 3d Creality K1C"},"content":{"rendered":"<p>T\u1ea5m b\u00e0n K1C PEI Build Plate (Without soft magnetic sticker) cho m\u00e1y in 3d Creality K1C<br \/>\n_K1C PEI T\u1ea5m x\u00e2y d\u1ef1ng<br \/>\n+Kh\u1ea3 n\u0103ng ch\u1ecbu nhi\u1ec7t tuy\u1ec7t v\u1eddi<br \/>\n+\u0110\u1ed9 b\u1ec1n cao v\u00e0 ch\u1ed1ng m\u00e0i m\u00f2n<br \/>\n+Lo\u1ea1i b\u1ecf m\u00f4 h\u00ecnh d\u1ec5 d\u00e0ng<\/p>\n<p>_S\u01a1n t\u0129nh \u0111i\u1ec7n PEI cao c\u1ea5p<br \/>\nV\u1edbi l\u1edbp ph\u1ee7 b\u1ed9t PEI m\u1edd, ch\u1ecbu nhi\u1ec7t v\u00e0 ch\u1ecbu m\u00e0i m\u00f2n, b\u1ec1 m\u1eb7t t\u1ea5m kh\u00f4ng d\u1ec5 b\u1ecb tr\u1ea7y x\u01b0\u1edbc ho\u1eb7c h\u01b0 h\u1ecfng.<\/p>\n<p>_\u0110\u1ed9 b\u00e1m d\u00ednh c\u1ef1c cao, khu\u00f4n \u0111\u00fac \u1ed5n \u0111\u1ecbnh h\u01a1n<br \/>\nPEI k\u1ebft c\u1ea5u m\u00e0u \u0111en c\u00f3 \u0111\u1ed9 b\u00e1m d\u00ednh cao gi\u00fap m\u00f4 h\u00ecnh kh\u00f4ng b\u1ecb cong v\u00eanh khi in, d\u00f9 \u1edf nhi\u1ec7t \u0111\u1ed9 cao hay th\u1ea5p.<\/p>\n<p>_\u0110\u1ed9 ph\u1eb3ng \u0111\u1eb7c bi\u1ec7t Lo\u1ea1i b\u1ecf m\u00f4 h\u00ecnh d\u1ec5 d\u00e0ng<br \/>\nTh\u00e9p l\u00f2 xo \u0111\u01b0\u1ee3c l\u1ef1a ch\u1ecdn c\u00f3 \u0111\u1ed9 ph\u1eb3ng cao, \u0111\u1ed9 \u0111\u00e0n h\u1ed3i t\u1ed1t, \u0111\u1ea3m b\u1ea3o th\u00e1o l\u1eafp m\u00f4 h\u00ecnh d\u1ec5 d\u00e0ng. N\u00f3 s\u1ebd kh\u00f4ng b\u1ecb bi\u1ebfn d\u1ea1ng sau khi b\u1ecb u\u1ed1n cong nhi\u1ec1u l\u1ea7n.<\/p>\n<p>_Thi\u1ebft k\u1ebf v\u00f2i phun<br \/>\nLau s\u1ea1ch c\u1eb7n b\u1ec1 m\u1eb7t \u0111\u1ea7u phun tr\u01b0\u1edbc khi in \u0111\u1ec3 \u0111\u1ea3m b\u1ea3o ch\u1ea5t l\u01b0\u1ee3ng in.<\/p>\n<p>_\u0110\u1ecbnh v\u1ecb ch\u00ednh x\u00e1c cho \u1ee9ng d\u1ee5ng nhanh h\u01a1n<br \/>\nTay c\u1ea7m k\u00e9p v\u00e0 thi\u1ebft k\u1ebf l\u1ed7 \u0111\u1ecbnh v\u1ecb gi\u00fap l\u1eafp \u0111\u1eb7t v\u00e0 s\u1eed d\u1ee5ng d\u1ec5 d\u00e0ng h\u01a1n.<\/p>\n<p>_Kh\u1ea3 n\u0103ng t\u01b0\u01a1ng th\u00edch r\u1ed9ng<br \/>\n\u00c1p d\u1ee5ng cho h\u1ea7u h\u1ebft c\u00e1c v\u1eadt li\u1ec7u nh\u01b0 PLA, ABS, ASA, PETG, TPU, PC, PA, PLA-CF, PA-CF, PET-CF, v.v.<\/p>\n<p>_Product specifications<br \/>\n+T\u00ean s\u1ea3n ph\u1ea9m: T\u1ea5m x\u00e2y d\u1ef1ng PEI<br \/>\n+M\u1eabu t\u01b0\u01a1ng th\u00edch: K1C<br \/>\n+K\u00edch th\u01b0\u1edbc: 235x235mm<br \/>\n+K\u00edch th\u01b0\u1edbc \u0111\u00f3ng g\u00f3i: 265\u00d7250\u00d78mm<br \/>\n+GW:0,31kg<br \/>\n+B\u1ea3ng x\u00e2y d\u1ef1ng K1C PEI: 4004090121<\/p>\n<p>**To receive a better price, please contact the shop directly.<br \/>\n     0913.939.775 contact A.Quan (for English)<br \/>\n     094.144.0951 contact A.Quynh<br \/>\n**Selling price does not include VAT (+10% if VAT invoice is issued)<\/p>","protected":false},"excerpt":{"rendered":"<p>T\u1ea5m b\u00e0n K1C PEI Build Plate (Without soft magnetic sticker) cho m\u00e1y in 3d Creality K1C<\/p>","protected":false},"featured_media":389,"comment_status":"open","ping_status":"closed","template":"","meta":{"inline_featured_image":false},"product_brand":[],"product_cat":[40,56],"product_tag":[],"class_list":{"0":"post-398","1":"product","2":"type-product","3":"status-publish","4":"has-post-thumbnail","6":"product_cat-linh-kien-va-phu-kien","7":"product_cat-linh-phu-kien-may-in-3d-creality","9":"first","10":"instock","11":"taxable","12":"shipping-taxable","13":"purchasable","14":"product-type-simple"},"yoast_head":"<!-- This site is optimized with the Yoast SEO Premium plugin v22.8 (Yoast SEO v26.9) - https:\/\/yoast.com\/product\/yoast-seo-premium-wordpress\/ -->\n<title>T\u1ea5m b\u00e0n K1C PEI Build Plate (Without soft magnetic sticker) cho m\u00e1y in 3d Creality K1C - NGE 3D Printers Services<\/title>\n<meta name=\"robots\" content=\"index, follow, max-snippet:-1, max-image-preview:large, max-video-preview:-1\" \/>\n<link rel=\"canonical\" href=\"https:\/\/nge.vn\/en\/product\/tam-ban-k1c-pei-build-plate-without-soft-magnetic-sticker-cho-may-in-3d-creality-k1c\/\" \/>\n<meta property=\"og:locale\" content=\"en_US\" \/>\n<meta property=\"og:type\" content=\"article\" \/>\n<meta property=\"og:title\" content=\"T\u1ea5m b\u00e0n K1C PEI Build Plate (Without soft magnetic sticker) cho m\u00e1y in 3d Creality K1C\" \/>\n<meta property=\"og:description\" content=\"T\u1ea5m b\u00e0n K1C PEI Build Plate (Without soft magnetic sticker) cho m\u00e1y in 3d Creality K1C\" \/>\n<meta property=\"og:url\" content=\"https:\/\/nge.vn\/en\/product\/tam-ban-k1c-pei-build-plate-without-soft-magnetic-sticker-cho-may-in-3d-creality-k1c\/\" \/>\n<meta property=\"og:site_name\" content=\"NGE 3D Printers Services\" \/>\n<meta property=\"article:modified_time\" content=\"2024-10-28T09:09:57+00:00\" \/>\n<meta property=\"og:image\" content=\"https:\/\/nge.vn\/wp-content\/uploads\/2024\/10\/images-upload-woo2F1368c48e61c0fd265ba1b96e31cfbf34.jpg\" \/>\n\t<meta property=\"og:image:width\" content=\"1000\" \/>\n\t<meta property=\"og:image:height\" content=\"1000\" \/>\n\t<meta property=\"og:image:type\" content=\"image\/jpeg\" \/>\n<meta name=\"twitter:card\" content=\"summary_large_image\" \/>\n<meta name=\"twitter:label1\" content=\"Est. reading time\" \/>\n\t<meta name=\"twitter:data1\" content=\"2 minutes\" \/>\n<script type=\"application\/ld+json\" class=\"yoast-schema-graph\">{\"@context\":\"https:\/\/schema.org\",\"@graph\":[{\"@type\":\"WebPage\",\"@id\":\"https:\/\/nge.vn\/san-pham\/tam-ban-k1c-pei-build-plate-without-soft-magnetic-sticker-cho-may-in-3d-creality-k1c\/\",\"url\":\"https:\/\/nge.vn\/san-pham\/tam-ban-k1c-pei-build-plate-without-soft-magnetic-sticker-cho-may-in-3d-creality-k1c\/\",\"name\":\"T\u1ea5m b\u00e0n K1C PEI Build Plate (Without soft magnetic sticker) cho m\u00e1y in 3d Creality K1C - NGE 3D Printers Services\",\"isPartOf\":{\"@id\":\"https:\/\/nge.vn\/#website\"},\"primaryImageOfPage\":{\"@id\":\"https:\/\/nge.vn\/san-pham\/tam-ban-k1c-pei-build-plate-without-soft-magnetic-sticker-cho-may-in-3d-creality-k1c\/#primaryimage\"},\"image\":{\"@id\":\"https:\/\/nge.vn\/san-pham\/tam-ban-k1c-pei-build-plate-without-soft-magnetic-sticker-cho-may-in-3d-creality-k1c\/#primaryimage\"},\"thumbnailUrl\":\"https:\/\/nge.vn\/wp-content\/uploads\/2024\/10\/images-upload-woo2F1368c48e61c0fd265ba1b96e31cfbf34.jpg\",\"datePublished\":\"2024-10-25T05:13:17+00:00\",\"dateModified\":\"2024-10-28T09:09:57+00:00\",\"breadcrumb\":{\"@id\":\"https:\/\/nge.vn\/san-pham\/tam-ban-k1c-pei-build-plate-without-soft-magnetic-sticker-cho-may-in-3d-creality-k1c\/#breadcrumb\"},\"inLanguage\":\"en-US\",\"potentialAction\":[{\"@type\":\"ReadAction\",\"target\":[\"https:\/\/nge.vn\/san-pham\/tam-ban-k1c-pei-build-plate-without-soft-magnetic-sticker-cho-may-in-3d-creality-k1c\/\"]}]},{\"@type\":\"ImageObject\",\"inLanguage\":\"en-US\",\"@id\":\"https:\/\/nge.vn\/san-pham\/tam-ban-k1c-pei-build-plate-without-soft-magnetic-sticker-cho-may-in-3d-creality-k1c\/#primaryimage\",\"url\":\"https:\/\/nge.vn\/wp-content\/uploads\/2024\/10\/images-upload-woo2F1368c48e61c0fd265ba1b96e31cfbf34.jpg\",\"contentUrl\":\"https:\/\/nge.vn\/wp-content\/uploads\/2024\/10\/images-upload-woo2F1368c48e61c0fd265ba1b96e31cfbf34.jpg\",\"width\":1000,\"height\":1000},{\"@type\":\"BreadcrumbList\",\"@id\":\"https:\/\/nge.vn\/san-pham\/tam-ban-k1c-pei-build-plate-without-soft-magnetic-sticker-cho-may-in-3d-creality-k1c\/#breadcrumb\",\"itemListElement\":[{\"@type\":\"ListItem\",\"position\":1,\"name\":\"Trang ch\u1ee7\",\"item\":\"https:\/\/nge.vn\/\"},{\"@type\":\"ListItem\",\"position\":2,\"name\":\"S\u1ea3n ph\u1ea9m\",\"item\":\"https:\/\/nge.vn\/san-pham\/\"},{\"@type\":\"ListItem\",\"position\":3,\"name\":\"T\u1ea5m b\u00e0n K1C PEI Build Plate (Without soft magnetic sticker) cho m\u00e1y in 3d Creality K1C\"}]},{\"@type\":\"WebSite\",\"@id\":\"https:\/\/nge.vn\/#website\",\"url\":\"https:\/\/nge.vn\/\",\"name\":\"NGE 3D Printers Services\",\"description\":\"\",\"potentialAction\":[{\"@type\":\"SearchAction\",\"target\":{\"@type\":\"EntryPoint\",\"urlTemplate\":\"https:\/\/nge.vn\/?s={search_term_string}\"},\"query-input\":{\"@type\":\"PropertyValueSpecification\",\"valueRequired\":true,\"valueName\":\"search_term_string\"}}],\"inLanguage\":\"en-US\"}]}<\/script>\n<!-- \/ Yoast SEO Premium plugin. -->","yoast_head_json":{"title":"T\u1ea5m b\u00e0n K1C PEI Build Plate (Without soft magnetic sticker) cho m\u00e1y in 3d Creality K1C - NGE 3D Printers Services","robots":{"index":"index","follow":"follow","max-snippet":"max-snippet:-1","max-image-preview":"max-image-preview:large","max-video-preview":"max-video-preview:-1"},"canonical":"https:\/\/nge.vn\/en\/product\/tam-ban-k1c-pei-build-plate-without-soft-magnetic-sticker-cho-may-in-3d-creality-k1c\/","og_locale":"en_US","og_type":"article","og_title":"T\u1ea5m b\u00e0n K1C PEI Build Plate (Without soft magnetic sticker) cho m\u00e1y in 3d Creality K1C","og_description":"T\u1ea5m b\u00e0n K1C PEI Build Plate (Without soft magnetic sticker) cho m\u00e1y in 3d Creality K1C","og_url":"https:\/\/nge.vn\/en\/product\/tam-ban-k1c-pei-build-plate-without-soft-magnetic-sticker-cho-may-in-3d-creality-k1c\/","og_site_name":"NGE 3D Printers Services","article_modified_time":"2024-10-28T09:09:57+00:00","og_image":[{"width":1000,"height":1000,"url":"https:\/\/nge.vn\/wp-content\/uploads\/2024\/10\/images-upload-woo2F1368c48e61c0fd265ba1b96e31cfbf34.jpg","type":"image\/jpeg"}],"twitter_card":"summary_large_image","twitter_misc":{"Est. reading time":"2 minutes"},"schema":{"@context":"https:\/\/schema.org","@graph":[{"@type":"WebPage","@id":"https:\/\/nge.vn\/san-pham\/tam-ban-k1c-pei-build-plate-without-soft-magnetic-sticker-cho-may-in-3d-creality-k1c\/","url":"https:\/\/nge.vn\/san-pham\/tam-ban-k1c-pei-build-plate-without-soft-magnetic-sticker-cho-may-in-3d-creality-k1c\/","name":"T\u1ea5m b\u00e0n K1C PEI Build Plate (Without soft magnetic sticker) cho m\u00e1y in 3d Creality K1C - NGE 3D Printers Services","isPartOf":{"@id":"https:\/\/nge.vn\/#website"},"primaryImageOfPage":{"@id":"https:\/\/nge.vn\/san-pham\/tam-ban-k1c-pei-build-plate-without-soft-magnetic-sticker-cho-may-in-3d-creality-k1c\/#primaryimage"},"image":{"@id":"https:\/\/nge.vn\/san-pham\/tam-ban-k1c-pei-build-plate-without-soft-magnetic-sticker-cho-may-in-3d-creality-k1c\/#primaryimage"},"thumbnailUrl":"https:\/\/nge.vn\/wp-content\/uploads\/2024\/10\/images-upload-woo2F1368c48e61c0fd265ba1b96e31cfbf34.jpg","datePublished":"2024-10-25T05:13:17+00:00","dateModified":"2024-10-28T09:09:57+00:00","breadcrumb":{"@id":"https:\/\/nge.vn\/san-pham\/tam-ban-k1c-pei-build-plate-without-soft-magnetic-sticker-cho-may-in-3d-creality-k1c\/#breadcrumb"},"inLanguage":"en-US","potentialAction":[{"@type":"ReadAction","target":["https:\/\/nge.vn\/san-pham\/tam-ban-k1c-pei-build-plate-without-soft-magnetic-sticker-cho-may-in-3d-creality-k1c\/"]}]},{"@type":"ImageObject","inLanguage":"en-US","@id":"https:\/\/nge.vn\/san-pham\/tam-ban-k1c-pei-build-plate-without-soft-magnetic-sticker-cho-may-in-3d-creality-k1c\/#primaryimage","url":"https:\/\/nge.vn\/wp-content\/uploads\/2024\/10\/images-upload-woo2F1368c48e61c0fd265ba1b96e31cfbf34.jpg","contentUrl":"https:\/\/nge.vn\/wp-content\/uploads\/2024\/10\/images-upload-woo2F1368c48e61c0fd265ba1b96e31cfbf34.jpg","width":1000,"height":1000},{"@type":"BreadcrumbList","@id":"https:\/\/nge.vn\/san-pham\/tam-ban-k1c-pei-build-plate-without-soft-magnetic-sticker-cho-may-in-3d-creality-k1c\/#breadcrumb","itemListElement":[{"@type":"ListItem","position":1,"name":"Trang ch\u1ee7","item":"https:\/\/nge.vn\/"},{"@type":"ListItem","position":2,"name":"S\u1ea3n ph\u1ea9m","item":"https:\/\/nge.vn\/san-pham\/"},{"@type":"ListItem","position":3,"name":"T\u1ea5m b\u00e0n K1C PEI Build Plate (Without soft magnetic sticker) cho m\u00e1y in 3d Creality K1C"}]},{"@type":"WebSite","@id":"https:\/\/nge.vn\/#website","url":"https:\/\/nge.vn\/","name":"NGE 3D Printers Services","description":"","potentialAction":[{"@type":"SearchAction","target":{"@type":"EntryPoint","urlTemplate":"https:\/\/nge.vn\/?s={search_term_string}"},"query-input":{"@type":"PropertyValueSpecification","valueRequired":true,"valueName":"search_term_string"}}],"inLanguage":"en-US"}]}},"_links":{"self":[{"href":"https:\/\/nge.vn\/en\/wp-json\/wp\/v2\/product\/398","targetHints":{"allow":["GET"]}}],"collection":[{"href":"https:\/\/nge.vn\/en\/wp-json\/wp\/v2\/product"}],"about":[{"href":"https:\/\/nge.vn\/en\/wp-json\/wp\/v2\/types\/product"}],"replies":[{"embeddable":true,"href":"https:\/\/nge.vn\/en\/wp-json\/wp\/v2\/comments?post=398"}],"wp:featuredmedia":[{"embeddable":true,"href":"https:\/\/nge.vn\/en\/wp-json\/wp\/v2\/media\/389"}],"wp:attachment":[{"href":"https:\/\/nge.vn\/en\/wp-json\/wp\/v2\/media?parent=398"}],"wp:term":[{"taxonomy":"product_brand","embeddable":true,"href":"https:\/\/nge.vn\/en\/wp-json\/wp\/v2\/product_brand?post=398"},{"taxonomy":"product_cat","embeddable":true,"href":"https:\/\/nge.vn\/en\/wp-json\/wp\/v2\/product_cat?post=398"},{"taxonomy":"product_tag","embeddable":true,"href":"https:\/\/nge.vn\/en\/wp-json\/wp\/v2\/product_tag?post=398"}],"curies":[{"name":"wp","href":"https:\/\/api.w.org\/{rel}","templated":true}]}}