{"id":3968,"date":"2024-10-26T16:43:12","date_gmt":"2024-10-26T09:43:12","guid":{"rendered":"https:\/\/nge.123websitedev.com\/san-pham\/may-in-3d-creality-ender-2-pro-kho-in-165165180mm\/"},"modified":"2024-12-30T18:33:40","modified_gmt":"2024-12-30T11:33:40","slug":"may-in-3d-creality-ender-2-pro-kho-in-165165180mm","status":"publish","type":"product","link":"https:\/\/nge.vn\/en\/product\/may-in-3d-creality-ender-2-pro-kho-in-165165180mm\/","title":{"rendered":"M\u00e1y in 3D Creality Ender 2 Pro kh\u1ed5 in 165*165*180mm"},"content":{"rendered":"<p>M\u00e1y in 3D Creality Ender 2 Pro kh\u1ed5 in 165*165*180mm<br \/>\n_D\u1ec5 v\u1eadn h\u00e0nh v\u00e0 d\u00e1m s\u00e1ng t\u1ea1o: M\u00e1y in 3d Ender-2 Pro m\u1edbi ra m\u1eaft v\u1edbi 7 ki\u1ec3u d\u00e1ng th\u00e2n thi\u1ec7n v\u1edbi ng\u01b0\u1eddi d\u00f9ng. Ngay c\u1ea3 \u0111\u1ed1i v\u1edbi nh\u1eefng ng\u01b0\u1eddi m\u1edbi l\u00e0m quen, b\u1ea1n c\u00f3 th\u1ec3 nhanh ch\u00f3ng b\u1eaft \u0111\u1ea7u v\u00e0 \u0111\u1ec3 th\u1ecfa s\u1ee9c s\u00e1ng t\u1ea1o.<br \/>\n_Nh\u1eb9 v\u00e0 Di \u0111\u1ed9ng, b\u1ea1n c\u00f3 th\u1ec3 mang m\u00e1y in 3d Ender-2 Pro \u0111i kh\u1eafp m\u1ecdi n\u01a1i: Nh\u1eb9 4,65kg, v\u1edbi k\u00edch th\u01b0\u1edbc t\u01b0\u01a1ng \u0111\u01b0\u01a1ng v\u1edbi m\u1ed9t chi\u1ebfc qu\u1ea1t m\u00e1y \u0111\u1ec3 b\u00e0n. \u0110\u01b0\u1ee3c trang b\u1ecb tay c\u1ea7m d\u1ec5 mang theo, thi\u1ebft k\u1ebf nh\u1eb9 gi\u00fap b\u1ea1n d\u1ec5 d\u00e0ng di chuy\u1ec3n.<br \/>\n_L\u1eafp r\u00e1p nhanh ch\u00f3ng trong b\u1ed1n b\u01b0\u1edbc: Ender-2 Pro \u0111\u00e1p \u1ee9ng to\u00e0n di\u1ec7n nhu c\u1ea7u c\u1ee7a b\u1ea1n \u0111\u1ec3 d\u1ec5 d\u00e0ng l\u1eafp r\u00e1p. S\u1ea3n ph\u1ea9m l\u00e0 thi\u1ebft b\u1ecb \u0111\u01b0\u1ee3c c\u00e0i \u0111\u1eb7t s\u1eb5n 90%. B\u1ea1n ch\u1ec9 c\u1ea7n si\u1ebft ch\u1eb7t 7 con v\u00edt. \u0110\u00f3 l\u00e0 n\u00f3!<br \/>\n_K\u1ebft c\u1ea5u c\u00f4ng x\u00f4n \u0111\u01b0\u1ee3c gia c\u1ed1 b\u1edfi m\u1ed9t kh\u1ed1i c\u1ed1 \u0111\u1ecbnh: K\u1ebft c\u1ea5u c\u00f4ng x\u00f4n \u0111\u01a1n gi\u1ea3n, \u0111\u1ed9c \u0111\u00e1o mang \u0111\u1ebfn m\u1ed9t thi\u1ebft k\u1ebf nh\u1eb9. V\u1edbi m\u1ed9t kh\u1ed1i c\u1ed1 \u0111\u1ecbnh tr\u1ee5c Z b\u1ed5 sung, n\u00f3 c\u00f3 th\u1ec3 h\u1ed7 tr\u1ee3 \u0111\u1ecbnh v\u1ecb nghi\u00eang khi t\u1ea3i tr\u1ecdng n\u1eb7ng h\u01a1n, duy tr\u00ec \u1ed5n \u0111\u1ecbnh trong to\u00e0n b\u1ed9 qu\u00e1 tr\u00ecnh in.<br \/>\n_Ni\u1ec1m vui ph\u1ee5c h\u1ed3i s\u00e1ng t\u1ea1o c\u1ee7a vi\u1ec7c t\u1ef1 l\u00e0m: K\u1ebft h\u1ee3p th\u1eddi trang, \u0111\u00e1p \u1ee9ng nhu c\u1ea7u c\u00e1 nh\u00e2n; Thi\u1ebft k\u1ebf tay c\u1ea7m t\u1ef1 l\u00e0m, t\u1ea1o ki\u1ec3u v\u00e0 ph\u1ed1i m\u00e0u mi\u1ec5n ph\u00ed, th\u1ecfa s\u1ee9c s\u00e1ng t\u1ea1o c\u1ee7a b\u1ea1n.<br \/>\n_Ngu\u1ed3n \u0111i\u1ec7n t\u00edch h\u1ee3p \u0111\u1ed9 tin c\u1eady t\u1ed1i \u01b0u: So v\u1edbi c\u00e1c s\u1ea3n ph\u1ea9m kh\u00e1c c\u00f3 ngu\u1ed3n \u0111i\u1ec7n ti\u1ebfp x\u00fac, thi\u1ebft k\u1ebf m\u00f4-\u0111un t\u00edch h\u1ee3p \u0111i k\u00e8m v\u1edbi ngu\u1ed3n \u0111i\u1ec7n t\u00edch h\u1ee3p \u0111\u1ec3 t\u0103ng \u0111\u1ed9 an to\u00e0n v\u00e0 gi\u1ea3m b\u1edbt lo l\u1eafng khi l\u1eafp \u0111\u1eb7t.<br \/>\n_In li\u00ean t\u1ee5c &amp; \u0111\u00e1ng tin c\u1eady b\u1ea3o v\u1ec7 qu\u00e1 tr\u00ecnh in c\u1ee7a b\u1ea1n t\u1eeb \u0111\u1ea7u \u0111\u1ebfn cu\u1ed1i:<br \/>\nCh\u1ee9c n\u0103ng Ti\u1ebfp t\u1ee5c in t\u1ef1 \u0111\u1ed9ng l\u01b0u n\u1ed9i dung c\u1ee7a b\u1ea1n trong tr\u01b0\u1eddng h\u1ee3p m\u1ea5t \u0111i\u1ec7n, gi\u00fap b\u1ea1n kh\u00f4ng c\u1ea7n lo l\u1eafng v\u1ec1 vi\u1ec7c in \u1ea5n.<\/p>\n<p>**T\u00e1m \u01b0u \u0111i\u1ec3m c\u1ee7a s\u1ea3n ph\u1ea9m<br \/>\n_L\u1eafp r\u00e1p 4 b\u01b0\u1edbc<br \/>\n90% \u0111\u01b0\u1ee3c c\u00e0i \u0111\u1eb7t s\u1eb5n<\/p>\n<p>_Ho\u1ea1t \u0111\u1ed9ng d\u1ec5 d\u00e0ng<br \/>\nThi\u1ebft k\u1ebf th\u00e2n thi\u1ec7n v\u1edbi ng\u01b0\u1eddi d\u00f9ng<\/p>\n<p>_Nh\u1eb9 v\u00e0 di \u0111\u1ed9ng<br \/>\nTr\u1ecdng l\u01b0\u1ee3ng t\u1ecbnh ch\u1ec9 4,65kg<\/p>\n<p>_T\u1ef1 trang b\u1ecb l\u1ea1i<br \/>\nM\u00e0u s\u1eafc th\u1eddi trang &amp; T\u1ea1o h\u00ecnh linh ho\u1ea1t<\/p>\n<p>_Ngu\u1ed3n \u0111i\u1ec7n t\u00edch h\u1ee3p<br \/>\nAn to\u00e0n v\u00e0 \u0111\u00e1ng tin c\u1eady<\/p>\n<p>_M\u00e0n h\u00ecnh Clip-on<br \/>\n\u0110\u01a1n gi\u1ea3n h\u00f3a c\u00e0i \u0111\u1eb7t v\u00e0 th\u00e1o d\u1ee1<\/p>\n<p>_Thi\u1ebft k\u1ebf tr\u1ee5c Z gia c\u1ed1<br \/>\nM\u1ea1nh m\u1ebd v\u00e0 \u1ed5n \u0111\u1ecbnh<\/p>\n<p>_B\u1ed9 c\u00f4ng c\u1ee5 nh\u1ecf g\u1ecdn<br \/>\nL\u01b0u tr\u1eef thu\u1eadn ti\u1ec7n v\u00e0 h\u1ee3p l\u00fd<\/p>\n<p>_K\u00edch th\u01b0\u1edbc x\u00e2y d\u1ef1ng: 165*165*180 mm<br \/>\n_Ph\u01b0\u01a1ng ph\u00e1p san l\u1ea5p m\u1eb7t b\u1eb1ng: San l\u1ea5p m\u1eb7t b\u1eb1ng th\u1ee7 c\u00f4ng<br \/>\n_Ti\u1ebfp t\u1ee5c in: \u0110\u01b0\u1ee3c h\u1ed7 tr\u1ee3<br \/>\n_M\u00e1y d\u00f2 s\u1ee3i: Kh\u00f4ng<br \/>\n_Nhi\u1ec7t \u0111\u1ed9 v\u00f2i phun: \u2264 260\u2103<br \/>\n_Nhi\u1ec7t \u0111\u1ed9 b\u00e0n in: \u2264 80\u2103<br \/>\n_C\u00f4ng su\u1ea5t \u0111\u1ecbnh m\u1ee9c: 150W<br \/>\n_T\u1ed1c \u0111\u1ed9 in: \u2264 100 mm \/ s. T\u1ed1c \u0111\u1ed9 in trung b\u00ecnh: 60mm \/ s<br \/>\n_Ph\u01b0\u01a1ng ph\u00e1p \u0111\u00f9n: M\u00e1y \u0111\u00f9n Bowden<br \/>\n_M\u00e0n h\u00ecnh: V\u1edbi m\u00e0n h\u00ecnh t\u00edch h\u1ee3p 12864, b\u1ea1n c\u00f3 th\u1ec3 th\u1ef1c hi\u1ec7n c\u00e1c t\u01b0\u01a1ng t\u00e1c v\u1edbi c\u00e1c n\u00fat \u0111i\u1ec1u khi\u1ec3n.<\/p>\n<p>***Video h\u01b0\u1edbng d\u1eabn l\u1eafp r\u00e1p: https:\/\/www.youtube.com\/watch?v=f0JJeVdN94A<\/p>\n<p>***\u0110\u1ec3 h\u1ed9 tr\u1ee3 gi\u00e1 t\u1ed1t h\u01a1n khi mua Tr\u1ef1c Ti\u1ebfp (gi\u1ea3m 2%) ho\u1eb7c tr\u00ean Shopee vui l\u00f2ng li\u00ean h\u1ec7 shop tr\u01b0\u1edbc khi \u0111\u1eb7t h\u00e0ng:<br \/>\n0913.939.775 contact A.Quan (for English)<br \/>\n094.144.0951 contact A.Quynh<br \/>\n**Selling price does not include VAT (+10% if VAT invoice is issued)<\/p>","protected":false},"excerpt":{"rendered":"<p>M\u00e1y in 3D Creality Ender 2 Pro kh\u1ed5 in 165*165*180mm<\/p>","protected":false},"featured_media":4762,"comment_status":"open","ping_status":"closed","template":"","meta":{"inline_featured_image":false},"product_brand":[],"product_cat":[39,51],"product_tag":[],"class_list":{"0":"post-3968","1":"product","2":"type-product","3":"status-publish","4":"has-post-thumbnail","6":"product_cat-may-in-3d","7":"product_cat-may-in-3d-creality","9":"first","10":"instock","11":"taxable","12":"shipping-taxable","13":"purchasable","14":"product-type-variable"},"yoast_head":"<!-- This site is optimized with the Yoast SEO Premium plugin v22.8 (Yoast SEO v26.9) - https:\/\/yoast.com\/product\/yoast-seo-premium-wordpress\/ -->\n<title>M\u00e1y in 3D Creality Ender 2 Pro kh\u1ed5 in 165*165*180mm - NGE 3D Printers Services<\/title>\n<meta name=\"robots\" content=\"index, follow, max-snippet:-1, max-image-preview:large, max-video-preview:-1\" \/>\n<link rel=\"canonical\" href=\"https:\/\/nge.vn\/en\/product\/may-in-3d-creality-ender-2-pro-kho-in-165165180mm\/\" \/>\n<meta property=\"og:locale\" content=\"en_US\" \/>\n<meta property=\"og:type\" content=\"article\" \/>\n<meta property=\"og:title\" content=\"M\u00e1y in 3D Creality Ender 2 Pro kh\u1ed5 in 165*165*180mm\" \/>\n<meta property=\"og:description\" content=\"M\u00e1y in 3D Creality Ender 2 Pro kh\u1ed5 in 165*165*180mm\" \/>\n<meta property=\"og:url\" content=\"https:\/\/nge.vn\/en\/product\/may-in-3d-creality-ender-2-pro-kho-in-165165180mm\/\" \/>\n<meta property=\"og:site_name\" content=\"NGE 3D Printers Services\" \/>\n<meta property=\"article:modified_time\" content=\"2024-12-30T11:33:40+00:00\" \/>\n<meta property=\"og:image\" content=\"https:\/\/nge.vn\/wp-content\/uploads\/2024\/10\/ender2pro-1000.png\" \/>\n\t<meta property=\"og:image:width\" content=\"1000\" \/>\n\t<meta property=\"og:image:height\" content=\"1000\" \/>\n\t<meta property=\"og:image:type\" content=\"image\/png\" \/>\n<meta name=\"twitter:card\" content=\"summary_large_image\" \/>\n<meta name=\"twitter:label1\" content=\"Est. reading time\" \/>\n\t<meta name=\"twitter:data1\" content=\"4 minutes\" \/>\n<script type=\"application\/ld+json\" class=\"yoast-schema-graph\">{\"@context\":\"https:\/\/schema.org\",\"@graph\":[{\"@type\":\"WebPage\",\"@id\":\"https:\/\/nge.vn\/san-pham\/may-in-3d-creality-ender-2-pro-kho-in-165165180mm\/\",\"url\":\"https:\/\/nge.vn\/san-pham\/may-in-3d-creality-ender-2-pro-kho-in-165165180mm\/\",\"name\":\"M\u00e1y in 3D Creality Ender 2 Pro kh\u1ed5 in 165*165*180mm - NGE 3D Printers Services\",\"isPartOf\":{\"@id\":\"https:\/\/nge.vn\/#website\"},\"primaryImageOfPage\":{\"@id\":\"https:\/\/nge.vn\/san-pham\/may-in-3d-creality-ender-2-pro-kho-in-165165180mm\/#primaryimage\"},\"image\":{\"@id\":\"https:\/\/nge.vn\/san-pham\/may-in-3d-creality-ender-2-pro-kho-in-165165180mm\/#primaryimage\"},\"thumbnailUrl\":\"https:\/\/nge.vn\/wp-content\/uploads\/2024\/10\/ender2pro-1000.png\",\"datePublished\":\"2024-10-26T09:43:12+00:00\",\"dateModified\":\"2024-12-30T11:33:40+00:00\",\"breadcrumb\":{\"@id\":\"https:\/\/nge.vn\/san-pham\/may-in-3d-creality-ender-2-pro-kho-in-165165180mm\/#breadcrumb\"},\"inLanguage\":\"en-US\",\"potentialAction\":[{\"@type\":\"ReadAction\",\"target\":[\"https:\/\/nge.vn\/san-pham\/may-in-3d-creality-ender-2-pro-kho-in-165165180mm\/\"]}]},{\"@type\":\"ImageObject\",\"inLanguage\":\"en-US\",\"@id\":\"https:\/\/nge.vn\/san-pham\/may-in-3d-creality-ender-2-pro-kho-in-165165180mm\/#primaryimage\",\"url\":\"https:\/\/nge.vn\/wp-content\/uploads\/2024\/10\/ender2pro-1000.png\",\"contentUrl\":\"https:\/\/nge.vn\/wp-content\/uploads\/2024\/10\/ender2pro-1000.png\",\"width\":1000,\"height\":1000},{\"@type\":\"BreadcrumbList\",\"@id\":\"https:\/\/nge.vn\/san-pham\/may-in-3d-creality-ender-2-pro-kho-in-165165180mm\/#breadcrumb\",\"itemListElement\":[{\"@type\":\"ListItem\",\"position\":1,\"name\":\"Trang ch\u1ee7\",\"item\":\"https:\/\/nge.vn\/\"},{\"@type\":\"ListItem\",\"position\":2,\"name\":\"S\u1ea3n ph\u1ea9m\",\"item\":\"https:\/\/nge.vn\/san-pham\/\"},{\"@type\":\"ListItem\",\"position\":3,\"name\":\"M\u00e1y in 3D Creality Ender 2 Pro kh\u1ed5 in 165*165*180mm\"}]},{\"@type\":\"WebSite\",\"@id\":\"https:\/\/nge.vn\/#website\",\"url\":\"https:\/\/nge.vn\/\",\"name\":\"NGE 3D Printers Services\",\"description\":\"\",\"potentialAction\":[{\"@type\":\"SearchAction\",\"target\":{\"@type\":\"EntryPoint\",\"urlTemplate\":\"https:\/\/nge.vn\/?s={search_term_string}\"},\"query-input\":{\"@type\":\"PropertyValueSpecification\",\"valueRequired\":true,\"valueName\":\"search_term_string\"}}],\"inLanguage\":\"en-US\"}]}<\/script>\n<!-- \/ Yoast SEO Premium plugin. -->","yoast_head_json":{"title":"M\u00e1y in 3D Creality Ender 2 Pro kh\u1ed5 in 165*165*180mm - NGE 3D Printers Services","robots":{"index":"index","follow":"follow","max-snippet":"max-snippet:-1","max-image-preview":"max-image-preview:large","max-video-preview":"max-video-preview:-1"},"canonical":"https:\/\/nge.vn\/en\/product\/may-in-3d-creality-ender-2-pro-kho-in-165165180mm\/","og_locale":"en_US","og_type":"article","og_title":"M\u00e1y in 3D Creality Ender 2 Pro kh\u1ed5 in 165*165*180mm","og_description":"M\u00e1y in 3D Creality Ender 2 Pro kh\u1ed5 in 165*165*180mm","og_url":"https:\/\/nge.vn\/en\/product\/may-in-3d-creality-ender-2-pro-kho-in-165165180mm\/","og_site_name":"NGE 3D Printers Services","article_modified_time":"2024-12-30T11:33:40+00:00","og_image":[{"width":1000,"height":1000,"url":"https:\/\/nge.vn\/wp-content\/uploads\/2024\/10\/ender2pro-1000.png","type":"image\/png"}],"twitter_card":"summary_large_image","twitter_misc":{"Est. reading time":"4 minutes"},"schema":{"@context":"https:\/\/schema.org","@graph":[{"@type":"WebPage","@id":"https:\/\/nge.vn\/san-pham\/may-in-3d-creality-ender-2-pro-kho-in-165165180mm\/","url":"https:\/\/nge.vn\/san-pham\/may-in-3d-creality-ender-2-pro-kho-in-165165180mm\/","name":"M\u00e1y in 3D Creality Ender 2 Pro kh\u1ed5 in 165*165*180mm - NGE 3D Printers Services","isPartOf":{"@id":"https:\/\/nge.vn\/#website"},"primaryImageOfPage":{"@id":"https:\/\/nge.vn\/san-pham\/may-in-3d-creality-ender-2-pro-kho-in-165165180mm\/#primaryimage"},"image":{"@id":"https:\/\/nge.vn\/san-pham\/may-in-3d-creality-ender-2-pro-kho-in-165165180mm\/#primaryimage"},"thumbnailUrl":"https:\/\/nge.vn\/wp-content\/uploads\/2024\/10\/ender2pro-1000.png","datePublished":"2024-10-26T09:43:12+00:00","dateModified":"2024-12-30T11:33:40+00:00","breadcrumb":{"@id":"https:\/\/nge.vn\/san-pham\/may-in-3d-creality-ender-2-pro-kho-in-165165180mm\/#breadcrumb"},"inLanguage":"en-US","potentialAction":[{"@type":"ReadAction","target":["https:\/\/nge.vn\/san-pham\/may-in-3d-creality-ender-2-pro-kho-in-165165180mm\/"]}]},{"@type":"ImageObject","inLanguage":"en-US","@id":"https:\/\/nge.vn\/san-pham\/may-in-3d-creality-ender-2-pro-kho-in-165165180mm\/#primaryimage","url":"https:\/\/nge.vn\/wp-content\/uploads\/2024\/10\/ender2pro-1000.png","contentUrl":"https:\/\/nge.vn\/wp-content\/uploads\/2024\/10\/ender2pro-1000.png","width":1000,"height":1000},{"@type":"BreadcrumbList","@id":"https:\/\/nge.vn\/san-pham\/may-in-3d-creality-ender-2-pro-kho-in-165165180mm\/#breadcrumb","itemListElement":[{"@type":"ListItem","position":1,"name":"Trang ch\u1ee7","item":"https:\/\/nge.vn\/"},{"@type":"ListItem","position":2,"name":"S\u1ea3n ph\u1ea9m","item":"https:\/\/nge.vn\/san-pham\/"},{"@type":"ListItem","position":3,"name":"M\u00e1y in 3D Creality Ender 2 Pro kh\u1ed5 in 165*165*180mm"}]},{"@type":"WebSite","@id":"https:\/\/nge.vn\/#website","url":"https:\/\/nge.vn\/","name":"NGE 3D Printers Services","description":"","potentialAction":[{"@type":"SearchAction","target":{"@type":"EntryPoint","urlTemplate":"https:\/\/nge.vn\/?s={search_term_string}"},"query-input":{"@type":"PropertyValueSpecification","valueRequired":true,"valueName":"search_term_string"}}],"inLanguage":"en-US"}]}},"_links":{"self":[{"href":"https:\/\/nge.vn\/en\/wp-json\/wp\/v2\/product\/3968","targetHints":{"allow":["GET"]}}],"collection":[{"href":"https:\/\/nge.vn\/en\/wp-json\/wp\/v2\/product"}],"about":[{"href":"https:\/\/nge.vn\/en\/wp-json\/wp\/v2\/types\/product"}],"replies":[{"embeddable":true,"href":"https:\/\/nge.vn\/en\/wp-json\/wp\/v2\/comments?post=3968"}],"wp:featuredmedia":[{"embeddable":true,"href":"https:\/\/nge.vn\/en\/wp-json\/wp\/v2\/media\/4762"}],"wp:attachment":[{"href":"https:\/\/nge.vn\/en\/wp-json\/wp\/v2\/media?parent=3968"}],"wp:term":[{"taxonomy":"product_brand","embeddable":true,"href":"https:\/\/nge.vn\/en\/wp-json\/wp\/v2\/product_brand?post=3968"},{"taxonomy":"product_cat","embeddable":true,"href":"https:\/\/nge.vn\/en\/wp-json\/wp\/v2\/product_cat?post=3968"},{"taxonomy":"product_tag","embeddable":true,"href":"https:\/\/nge.vn\/en\/wp-json\/wp\/v2\/product_tag?post=3968"}],"curies":[{"name":"wp","href":"https:\/\/api.w.org\/{rel}","templated":true}]}}