{"id":3943,"date":"2024-10-26T16:37:44","date_gmt":"2024-10-26T09:37:44","guid":{"rendered":"https:\/\/nge.123websitedev.com\/san-pham\/may-in-3d-creality-ender-5-plus-kho-in-353540cm-va-can-ban-tu-dong-voi-cr-touch\/"},"modified":"2024-10-28T14:29:58","modified_gmt":"2024-10-28T07:29:58","slug":"may-in-3d-creality-ender-5-plus-kho-in-353540cm-va-can-ban-tu-dong-voi-cr-touch","status":"publish","type":"product","link":"https:\/\/nge.vn\/en\/product\/may-in-3d-creality-ender-5-plus-kho-in-353540cm-va-can-ban-tu-dong-voi-cr-touch\/","title":{"rendered":"M\u00e1y in 3d Creality Ender 5 PLus kh\u1ed5 in 35*35*40cm v\u00e0 c\u00e2n b\u00e0n t\u1ef1 \u0111\u1ed9ng v\u1edbi CR-Touch"},"content":{"rendered":"<p>M\u00e1y in 3d Creality Ender 5 PLus kh\u1ed5 in 35*35*40cm v\u00e0 c\u00e2n b\u00e0n t\u1ef1 \u0111\u1ed9ng v\u1edbi CR-Touch<br \/>\n_M\u00e1y in 3d quy m\u00f4 l\u1edbn \u0111\u01b0\u1ee3c thi\u1ebft k\u1ebf l\u1ea1i, c\u00e0i \u0111\u1eb7t s\u1eb5n BL-Touch \u0111\u1ec3 t\u1ef1 \u0111\u1ed9ng c\u00e2n b\u1eb1ng d\u1ec5 d\u00e0ng h\u01a1n, c\u1ea3m bi\u1ebfn s\u1ee3i nh\u1ef1a \u0111\u01b0\u1ee3c trang b\u1ecb \u0111\u1ec3 tr\u00e1nh c\u00e1c l\u1ed7i in kh\u00f4ng th\u01b0\u1eddng xuy\u00ean v\u00e0 tr\u1ee5c Y k\u00e9p c\u0169ng \u0111\u01b0\u1ee3c th\u00eam v\u00e0o \u0111\u1ec3 gi\u00fap in \u1ed5n \u0111\u1ecbnh v\u00e0 truy\u1ec1n t\u1ea3i m\u01b0\u1ee3t m\u00e0 h\u01a1n<br \/>\n***\u01afu \u0111i\u1ec3m c\u1ee7a Creality Ender 5 Plus<br \/>\n_M\u00e1y in 3D Khung h\u00ecnh l\u1eadp ph\u01b0\u01a1ng: Khung h\u00ecnh l\u1eadp ph\u01b0\u01a1ng r\u1ea5t ch\u1eafc ch\u1eafn. Thi\u1ebft k\u1ebf h\u1ed9p v\u1edbi Gi\u00e0n tr\u00ean cao.<br \/>\n_\u0110\u1ecbnh d\u1ea1ng in si\u00eau l\u1edbn: 350*350*400mm. \u0110\u00e1p \u1ee9ng nhi\u1ec1u h\u01a1n c\u00e1c y\u00eau c\u1ea7u in \u1ea5n c\u1ee7a b\u1ea1n. \u00dd t\u01b0\u1edfng c\u1ee7a b\u1ea1n kh\u00f4ng n\u00ean b\u1ecb gi\u1edbi h\u1ea1n. \u0110\u1ea1t \u0111\u01b0\u1ee3c k\u1ebft qu\u1ea3 in t\u1ed1t h\u01a1n v\u00e0 m\u1ed9t ki\u1ec3u in l\u1edbn h\u01a1n t\u1ea1i m\u1ed9t th\u1eddi \u0111i\u1ec3m.<br \/>\n_T\u1ef1 \u0111\u1ed9ng san b\u1eb1ng gi\u01b0\u1eddng \u0111\u01b0\u1ee3c c\u00e0i \u0111\u1eb7t s\u1eb5n: V\u1edbi BL Touch nh\u01b0 \u0111\u01b0\u1ee3c \u0111\u1ecbnh c\u1ea5u h\u00ecnh. B\u1ea1n ch\u1ec9 c\u1ea7n c\u1eafm ch\u00fang v\u00e0o v\u00e0 b\u1eaft \u0111\u1ea7u in! N\u00f3 c\u00f3 th\u1ec3 \u0111o ch\u00ednh x\u00e1c \u0111\u1ed9 nghi\u00eang c\u1ee7a b\u1ec1 m\u1eb7t Gi\u01b0\u1eddng, cung c\u1ea5p kh\u1ea3 n\u0103ng t\u1ef1 \u0111\u1ed9ng b\u00f9 tr\u1ee5c Z cho s\u1ef1 kh\u00f4ng \u0111\u1ed3ng \u0111\u1ec1u c\u1ee7a t\u1ea5m n\u1ec1n, d\u1ec5 d\u00e0ng gi\u1ea3i quy\u1ebft l\u1ed7i in do s\u1ef1 kh\u00f4ng \u0111\u1ed3ng \u0111\u1ec1u c\u1ee7a t\u1ea5m n\u1ec1n, v\u00e0 cung c\u1ea5p ho\u1ea1t \u0111\u1ed9ng \u0111\u00e1ng tin c\u1eady v\u1edbi t\u1ea5t c\u1ea3 c\u00e1c b\u1ec1 m\u1eb7t x\u00e2y d\u1ef1ng.<br \/>\n_Tr\u1ee5c Z k\u00e9p: \u1ed4 tr\u1ee5c v\u00edt d\u1eabn tr\u1ee5c Z \u1ed5n \u0111\u1ecbnh \u00eam \u00e1i v\u00e0 \u1ed5n \u0111\u1ecbnh. Chuy\u1ec3n \u0111\u1ed9ng c\u1ee7a t\u1ea5m x\u00e2y d\u1ef1ng s\u1ebd \u1ed5n \u0111\u1ecbnh h\u01a1n.<br \/>\n_C\u1ea3m bi\u1ebfn s\u1ee3i nh\u1ef1a: Khi s\u1ee3i nh\u1ef1a h\u1ebft ho\u1eb7c ng\u1eaft k\u1ebft n\u1ed1i, M\u00e1y in 3D Creality Ender-5 Plus s\u1ebd t\u1ef1 \u0111\u1ed9ng b\u1ecb treo \u0111\u1ec3 \u0111\u1ea3m b\u1ea3o m\u00f4 h\u00ecnh c\u00f3 th\u1ec3 \u0111\u01b0\u1ee3c in tr\u01a1n tru.<br \/>\n_Ch\u1ee9c n\u0103ng Ti\u1ebfp t\u1ee5c in: M\u00e1y in 3D Creality Ender-5 Plus ti\u1ebfp t\u1ee5c in khi t\u1eaft ngu\u1ed3n, bo m\u1ea1ch ch\u1ee7 \u0111\u01b0\u1ee3c n\u00e2ng c\u1ea5p ho\u00e0n to\u00e0n v\u00e0 h\u1ed7 tr\u1ee3 m\u1ea5t \u0111i\u1ec7n li\u00ean t\u1ee5c, gi\u00fap gi\u1ea3m thi\u1ec3u hi\u1ec7u qu\u1ea3 vi\u1ec7c b\u1ecf m\u00f4 h\u00ecnh do m\u1ea5t \u0111i\u1ec7n.<br \/>\n***C\u00e1c Tham s\u1ed1 c\u1ee7a M\u00e1y in 3d Creality Ender 5 Plus:<br \/>\n+Printing Method: FDM<br \/>\n+Print Dimensions: 350*350*400mm<br \/>\n+Display: 4.3 inch<br \/>\n+Print Accuracy: \u00b10.1mm<br \/>\n+Nozzle diameter: Standard 0.4mm<br \/>\n+Nozzle Quantity: 1<br \/>\n+Nozzle temperature: \u2264 260\u2103<br \/>\n+Hot Bed Temperatur: \u2264 110\u2103<br \/>\n+Working modes: online or TF cards are printed ofline<br \/>\n+File formats: STL, Obj, and Slicing<br \/>\n+Software: cura, Repeti-Host, Simplify 3D<br \/>\n+Power parameters:<br \/>\nInput:100-240V AC;<br \/>\nOutput: DC 24V 21A; Max 25A<br \/>\n+Printing Materials: PLA, ABS, Soft Glue, Wooden, Copper Containing, Gradient, etc.<br \/>\n+Consumables Diame: 1.75mm<br \/>\n+Net Weight: 18.2KG<br \/>\n+Machine Size: 632*666*619mm<br \/>\n+Gross weight: 23.8KG<br \/>\n+Package size: 730*740*310mm<\/p>\n<p>+Video h\u01b0\u1edbng d\u1eabn l\u00e1p r\u00e1p: https:\/\/www.youtube.com\/watch?v=PujVuFZwVJg<br \/>\n+Video h\u01b0\u1edbng d\u1eabn c\u00e2n b\u00e0n t\u1ef1 \u0111\u1ed9ng: https:\/\/www.youtube.com\/watch?v=hcFf4ZwFjaQ&amp;t=44s<\/p>\n<p>**\u0110\u1ec3 \u0111\u01b0\u1ee3c nh\u1eadn h\u1ed9 tr\u1ee3 th\u00eam v\u1ec1 Gi\u00e1 v\u00e0 Th\u00f4ng tin c\u1ee7a s\u1ea3n ph\u1ea9m, vui l\u00f2ng li\u00ean h\u1ec7:<br \/>\n0913.939.775 contact A.Quan (for English)<br \/>\n094.144.0951 contact A.Quynh<br \/>\n**Selling price does not include VAT (+10% if VAT invoice is issued)<\/p>","protected":false},"excerpt":{"rendered":"<p>M\u00e1y in 3d Creality Ender 5 PLus kh\u1ed5 in 35*35*40cm v\u00e0 c\u00e2n b\u00e0n t\u1ef1 \u0111\u1ed9ng v\u1edbi CR-Touch<\/p>","protected":false},"featured_media":3934,"comment_status":"open","ping_status":"closed","template":"","meta":{"inline_featured_image":false},"product_brand":[],"product_cat":[39,51],"product_tag":[],"class_list":{"0":"post-3943","1":"product","2":"type-product","3":"status-publish","4":"has-post-thumbnail","6":"product_cat-may-in-3d","7":"product_cat-may-in-3d-creality","9":"first","10":"instock","11":"taxable","12":"shipping-taxable","13":"purchasable","14":"product-type-variable"},"yoast_head":"<!-- This site is optimized with the Yoast SEO Premium plugin v22.8 (Yoast SEO v26.9) - https:\/\/yoast.com\/product\/yoast-seo-premium-wordpress\/ -->\n<title>M\u00e1y in 3d Creality Ender 5 PLus kh\u1ed5 in 35*35*40cm v\u00e0 c\u00e2n b\u00e0n t\u1ef1 \u0111\u1ed9ng v\u1edbi CR-Touch - NGE 3D Printers Services<\/title>\n<meta name=\"robots\" content=\"index, follow, max-snippet:-1, max-image-preview:large, max-video-preview:-1\" \/>\n<link rel=\"canonical\" href=\"https:\/\/nge.vn\/en\/product\/may-in-3d-creality-ender-5-plus-kho-in-353540cm-va-can-ban-tu-dong-voi-cr-touch\/\" \/>\n<meta property=\"og:locale\" content=\"en_US\" \/>\n<meta property=\"og:type\" content=\"article\" \/>\n<meta property=\"og:title\" content=\"M\u00e1y in 3d Creality Ender 5 PLus kh\u1ed5 in 35*35*40cm v\u00e0 c\u00e2n b\u00e0n t\u1ef1 \u0111\u1ed9ng v\u1edbi CR-Touch\" \/>\n<meta property=\"og:description\" content=\"M\u00e1y in 3d Creality Ender 5 PLus kh\u1ed5 in 35*35*40cm v\u00e0 c\u00e2n b\u00e0n t\u1ef1 \u0111\u1ed9ng v\u1edbi CR-Touch\" \/>\n<meta property=\"og:url\" content=\"https:\/\/nge.vn\/en\/product\/may-in-3d-creality-ender-5-plus-kho-in-353540cm-va-can-ban-tu-dong-voi-cr-touch\/\" \/>\n<meta property=\"og:site_name\" content=\"NGE 3D Printers Services\" \/>\n<meta property=\"article:modified_time\" content=\"2024-10-28T07:29:58+00:00\" \/>\n<meta property=\"og:image\" content=\"https:\/\/nge.vn\/wp-content\/uploads\/2024\/10\/images-upload-woo2F8c07cf0ea2b7c5d6634125b6d6724ea7.jpg\" \/>\n\t<meta property=\"og:image:width\" content=\"720\" \/>\n\t<meta property=\"og:image:height\" content=\"720\" \/>\n\t<meta property=\"og:image:type\" content=\"image\/jpeg\" \/>\n<meta name=\"twitter:card\" content=\"summary_large_image\" \/>\n<meta name=\"twitter:label1\" content=\"Est. reading time\" \/>\n\t<meta name=\"twitter:data1\" content=\"3 minutes\" \/>\n<script type=\"application\/ld+json\" class=\"yoast-schema-graph\">{\"@context\":\"https:\/\/schema.org\",\"@graph\":[{\"@type\":\"WebPage\",\"@id\":\"https:\/\/nge.vn\/san-pham\/may-in-3d-creality-ender-5-plus-kho-in-353540cm-va-can-ban-tu-dong-voi-cr-touch\/\",\"url\":\"https:\/\/nge.vn\/san-pham\/may-in-3d-creality-ender-5-plus-kho-in-353540cm-va-can-ban-tu-dong-voi-cr-touch\/\",\"name\":\"M\u00e1y in 3d Creality Ender 5 PLus kh\u1ed5 in 35*35*40cm v\u00e0 c\u00e2n b\u00e0n t\u1ef1 \u0111\u1ed9ng v\u1edbi CR-Touch - NGE 3D Printers Services\",\"isPartOf\":{\"@id\":\"https:\/\/nge.vn\/#website\"},\"primaryImageOfPage\":{\"@id\":\"https:\/\/nge.vn\/san-pham\/may-in-3d-creality-ender-5-plus-kho-in-353540cm-va-can-ban-tu-dong-voi-cr-touch\/#primaryimage\"},\"image\":{\"@id\":\"https:\/\/nge.vn\/san-pham\/may-in-3d-creality-ender-5-plus-kho-in-353540cm-va-can-ban-tu-dong-voi-cr-touch\/#primaryimage\"},\"thumbnailUrl\":\"https:\/\/nge.vn\/wp-content\/uploads\/2024\/10\/images-upload-woo2F8c07cf0ea2b7c5d6634125b6d6724ea7.jpg\",\"datePublished\":\"2024-10-26T09:37:44+00:00\",\"dateModified\":\"2024-10-28T07:29:58+00:00\",\"breadcrumb\":{\"@id\":\"https:\/\/nge.vn\/san-pham\/may-in-3d-creality-ender-5-plus-kho-in-353540cm-va-can-ban-tu-dong-voi-cr-touch\/#breadcrumb\"},\"inLanguage\":\"en-US\",\"potentialAction\":[{\"@type\":\"ReadAction\",\"target\":[\"https:\/\/nge.vn\/san-pham\/may-in-3d-creality-ender-5-plus-kho-in-353540cm-va-can-ban-tu-dong-voi-cr-touch\/\"]}]},{\"@type\":\"ImageObject\",\"inLanguage\":\"en-US\",\"@id\":\"https:\/\/nge.vn\/san-pham\/may-in-3d-creality-ender-5-plus-kho-in-353540cm-va-can-ban-tu-dong-voi-cr-touch\/#primaryimage\",\"url\":\"https:\/\/nge.vn\/wp-content\/uploads\/2024\/10\/images-upload-woo2F8c07cf0ea2b7c5d6634125b6d6724ea7.jpg\",\"contentUrl\":\"https:\/\/nge.vn\/wp-content\/uploads\/2024\/10\/images-upload-woo2F8c07cf0ea2b7c5d6634125b6d6724ea7.jpg\",\"width\":720,\"height\":720},{\"@type\":\"BreadcrumbList\",\"@id\":\"https:\/\/nge.vn\/san-pham\/may-in-3d-creality-ender-5-plus-kho-in-353540cm-va-can-ban-tu-dong-voi-cr-touch\/#breadcrumb\",\"itemListElement\":[{\"@type\":\"ListItem\",\"position\":1,\"name\":\"Trang ch\u1ee7\",\"item\":\"https:\/\/nge.vn\/\"},{\"@type\":\"ListItem\",\"position\":2,\"name\":\"S\u1ea3n ph\u1ea9m\",\"item\":\"https:\/\/nge.vn\/san-pham\/\"},{\"@type\":\"ListItem\",\"position\":3,\"name\":\"M\u00e1y in 3d Creality Ender 5 PLus kh\u1ed5 in 35*35*40cm v\u00e0 c\u00e2n b\u00e0n t\u1ef1 \u0111\u1ed9ng v\u1edbi CR-Touch\"}]},{\"@type\":\"WebSite\",\"@id\":\"https:\/\/nge.vn\/#website\",\"url\":\"https:\/\/nge.vn\/\",\"name\":\"NGE 3D Printers Services\",\"description\":\"\",\"potentialAction\":[{\"@type\":\"SearchAction\",\"target\":{\"@type\":\"EntryPoint\",\"urlTemplate\":\"https:\/\/nge.vn\/?s={search_term_string}\"},\"query-input\":{\"@type\":\"PropertyValueSpecification\",\"valueRequired\":true,\"valueName\":\"search_term_string\"}}],\"inLanguage\":\"en-US\"}]}<\/script>\n<!-- \/ Yoast SEO Premium plugin. -->","yoast_head_json":{"title":"M\u00e1y in 3d Creality Ender 5 PLus kh\u1ed5 in 35*35*40cm v\u00e0 c\u00e2n b\u00e0n t\u1ef1 \u0111\u1ed9ng v\u1edbi CR-Touch - NGE 3D Printers Services","robots":{"index":"index","follow":"follow","max-snippet":"max-snippet:-1","max-image-preview":"max-image-preview:large","max-video-preview":"max-video-preview:-1"},"canonical":"https:\/\/nge.vn\/en\/product\/may-in-3d-creality-ender-5-plus-kho-in-353540cm-va-can-ban-tu-dong-voi-cr-touch\/","og_locale":"en_US","og_type":"article","og_title":"M\u00e1y in 3d Creality Ender 5 PLus kh\u1ed5 in 35*35*40cm v\u00e0 c\u00e2n b\u00e0n t\u1ef1 \u0111\u1ed9ng v\u1edbi CR-Touch","og_description":"M\u00e1y in 3d Creality Ender 5 PLus kh\u1ed5 in 35*35*40cm v\u00e0 c\u00e2n b\u00e0n t\u1ef1 \u0111\u1ed9ng v\u1edbi CR-Touch","og_url":"https:\/\/nge.vn\/en\/product\/may-in-3d-creality-ender-5-plus-kho-in-353540cm-va-can-ban-tu-dong-voi-cr-touch\/","og_site_name":"NGE 3D Printers Services","article_modified_time":"2024-10-28T07:29:58+00:00","og_image":[{"width":720,"height":720,"url":"https:\/\/nge.vn\/wp-content\/uploads\/2024\/10\/images-upload-woo2F8c07cf0ea2b7c5d6634125b6d6724ea7.jpg","type":"image\/jpeg"}],"twitter_card":"summary_large_image","twitter_misc":{"Est. reading time":"3 minutes"},"schema":{"@context":"https:\/\/schema.org","@graph":[{"@type":"WebPage","@id":"https:\/\/nge.vn\/san-pham\/may-in-3d-creality-ender-5-plus-kho-in-353540cm-va-can-ban-tu-dong-voi-cr-touch\/","url":"https:\/\/nge.vn\/san-pham\/may-in-3d-creality-ender-5-plus-kho-in-353540cm-va-can-ban-tu-dong-voi-cr-touch\/","name":"M\u00e1y in 3d Creality Ender 5 PLus kh\u1ed5 in 35*35*40cm v\u00e0 c\u00e2n b\u00e0n t\u1ef1 \u0111\u1ed9ng v\u1edbi CR-Touch - NGE 3D Printers Services","isPartOf":{"@id":"https:\/\/nge.vn\/#website"},"primaryImageOfPage":{"@id":"https:\/\/nge.vn\/san-pham\/may-in-3d-creality-ender-5-plus-kho-in-353540cm-va-can-ban-tu-dong-voi-cr-touch\/#primaryimage"},"image":{"@id":"https:\/\/nge.vn\/san-pham\/may-in-3d-creality-ender-5-plus-kho-in-353540cm-va-can-ban-tu-dong-voi-cr-touch\/#primaryimage"},"thumbnailUrl":"https:\/\/nge.vn\/wp-content\/uploads\/2024\/10\/images-upload-woo2F8c07cf0ea2b7c5d6634125b6d6724ea7.jpg","datePublished":"2024-10-26T09:37:44+00:00","dateModified":"2024-10-28T07:29:58+00:00","breadcrumb":{"@id":"https:\/\/nge.vn\/san-pham\/may-in-3d-creality-ender-5-plus-kho-in-353540cm-va-can-ban-tu-dong-voi-cr-touch\/#breadcrumb"},"inLanguage":"en-US","potentialAction":[{"@type":"ReadAction","target":["https:\/\/nge.vn\/san-pham\/may-in-3d-creality-ender-5-plus-kho-in-353540cm-va-can-ban-tu-dong-voi-cr-touch\/"]}]},{"@type":"ImageObject","inLanguage":"en-US","@id":"https:\/\/nge.vn\/san-pham\/may-in-3d-creality-ender-5-plus-kho-in-353540cm-va-can-ban-tu-dong-voi-cr-touch\/#primaryimage","url":"https:\/\/nge.vn\/wp-content\/uploads\/2024\/10\/images-upload-woo2F8c07cf0ea2b7c5d6634125b6d6724ea7.jpg","contentUrl":"https:\/\/nge.vn\/wp-content\/uploads\/2024\/10\/images-upload-woo2F8c07cf0ea2b7c5d6634125b6d6724ea7.jpg","width":720,"height":720},{"@type":"BreadcrumbList","@id":"https:\/\/nge.vn\/san-pham\/may-in-3d-creality-ender-5-plus-kho-in-353540cm-va-can-ban-tu-dong-voi-cr-touch\/#breadcrumb","itemListElement":[{"@type":"ListItem","position":1,"name":"Trang ch\u1ee7","item":"https:\/\/nge.vn\/"},{"@type":"ListItem","position":2,"name":"S\u1ea3n ph\u1ea9m","item":"https:\/\/nge.vn\/san-pham\/"},{"@type":"ListItem","position":3,"name":"M\u00e1y in 3d Creality Ender 5 PLus kh\u1ed5 in 35*35*40cm v\u00e0 c\u00e2n b\u00e0n t\u1ef1 \u0111\u1ed9ng v\u1edbi CR-Touch"}]},{"@type":"WebSite","@id":"https:\/\/nge.vn\/#website","url":"https:\/\/nge.vn\/","name":"NGE 3D Printers Services","description":"","potentialAction":[{"@type":"SearchAction","target":{"@type":"EntryPoint","urlTemplate":"https:\/\/nge.vn\/?s={search_term_string}"},"query-input":{"@type":"PropertyValueSpecification","valueRequired":true,"valueName":"search_term_string"}}],"inLanguage":"en-US"}]}},"_links":{"self":[{"href":"https:\/\/nge.vn\/en\/wp-json\/wp\/v2\/product\/3943","targetHints":{"allow":["GET"]}}],"collection":[{"href":"https:\/\/nge.vn\/en\/wp-json\/wp\/v2\/product"}],"about":[{"href":"https:\/\/nge.vn\/en\/wp-json\/wp\/v2\/types\/product"}],"replies":[{"embeddable":true,"href":"https:\/\/nge.vn\/en\/wp-json\/wp\/v2\/comments?post=3943"}],"wp:featuredmedia":[{"embeddable":true,"href":"https:\/\/nge.vn\/en\/wp-json\/wp\/v2\/media\/3934"}],"wp:attachment":[{"href":"https:\/\/nge.vn\/en\/wp-json\/wp\/v2\/media?parent=3943"}],"wp:term":[{"taxonomy":"product_brand","embeddable":true,"href":"https:\/\/nge.vn\/en\/wp-json\/wp\/v2\/product_brand?post=3943"},{"taxonomy":"product_cat","embeddable":true,"href":"https:\/\/nge.vn\/en\/wp-json\/wp\/v2\/product_cat?post=3943"},{"taxonomy":"product_tag","embeddable":true,"href":"https:\/\/nge.vn\/en\/wp-json\/wp\/v2\/product_tag?post=3943"}],"curies":[{"name":"wp","href":"https:\/\/api.w.org\/{rel}","templated":true}]}}