{"id":3903,"date":"2024-10-26T16:32:02","date_gmt":"2024-10-26T09:32:02","guid":{"rendered":"https:\/\/nge.123websitedev.com\/san-pham\/nhua-in-3d-fdm-esun-eabshs-high-speed-dung-cho-cac-dong-may-in-3d-toc-do-cao-1kg-cuon\/"},"modified":"2024-10-29T17:09:43","modified_gmt":"2024-10-29T10:09:43","slug":"nhua-in-3d-fdm-esun-eabshs-high-speed-dung-cho-cac-dong-may-in-3d-toc-do-cao-1kg-cuon","status":"publish","type":"product","link":"https:\/\/nge.vn\/en\/product\/nhua-in-3d-fdm-esun-eabshs-high-speed-dung-cho-cac-dong-may-in-3d-toc-do-cao-1kg-cuon\/","title":{"rendered":"3D printing plastic FDM eSun eABS+HS (High Speed) for high speed 3D printers 1kg\/Roll"},"content":{"rendered":"<p>3D printing plastic FDM eSun eABS+HS (High Speed) for high speed 3D printers 1kg\/Roll<br \/>\n_eABS+HS l\u00e0 phi\u00ean b\u1ea3n s\u1eeda \u0111\u1ed5i c\u1ee7a v\u1eadt li\u1ec7u ABS. So v\u1edbi ABS th\u00f4ng th\u01b0\u1eddng, n\u00f3 c\u00f3 \u0111\u1ed9 co th\u1ea5p h\u01a1n v\u00e0 \u0111\u1ed9 b\u00e1m d\u00ednh gi\u1eefa c\u00e1c l\u1edbp v\u01b0\u1ee3t tr\u1ed9i, gi\u1ea3m kh\u1ea3 n\u0103ng cong v\u00eanh v\u00e0 n\u1ee9t trong qu\u00e1 tr\u00ecnh in.<br \/>\n_N\u00f3 ch\u1ee9a c\u00e1c th\u00e0nh ph\u1ea7n VOC (H\u1ee3p ch\u1ea5t h\u1eefu c\u01a1 d\u1ec5 bay h\u01a1i) th\u1ea5p, gi\u00fap gi\u1ea3m m\u00f9i h\u00f4i trong qu\u00e1 tr\u00ecnh in, gi\u00fap b\u1ea1n tho\u1ea3i m\u00e1i v\u00e0 kh\u00f4ng b\u1ecb c\u0103ng th\u1eb3ng.<br \/>\n_V\u1eadt li\u1ec7u n\u00e0y \u0111\u01b0\u1ee3c t\u1ed1i \u01b0u h\u00f3a \u0111\u1ec3 in t\u1ed1c \u0111\u1ed9 cao, duy tr\u00ec hi\u1ec7u su\u1ea5t ngay c\u1ea3 \u1edf t\u1ed1c \u0111\u1ed9 cao h\u01a1n, mang l\u1ea1i tr\u1ea3i nghi\u1ec7m in tuy\u1ec7t v\u1eddi.<br \/>\n_Ngo\u00e0i ra, n\u00f3 c\u00f3 th\u1ec3 \u0111\u01b0\u1ee3c \u0111\u00e1nh b\u00f3ng b\u1eb1ng axeton \u0111\u1ec3 lo\u1ea1i b\u1ecf c\u00e1c \u0111\u01b0\u1eddng k\u1ebb tr\u00ean l\u1edbp v\u00e0 n\u00e2ng cao h\u01a1n n\u1eefa ch\u1ea5t l\u01b0\u1ee3ng in.<\/p>\n<p>+Kh\u1ea3 n\u0103ng ch\u1ecbu nhi\u1ec7t<br \/>\n+\u00cdt m\u00f9i<br \/>\n+T\u1ef7 l\u1ec7 co ng\u00f3t th\u1ea5p<br \/>\n+Hi\u1ec7u su\u1ea5t m\u1ea1nh m\u1ebd v\u00e0 \u0111\u1ed9 d\u1ebbo dai<br \/>\n+In t\u1ed1c \u0111\u1ed9 cao<br \/>\n+\u0110\u00e1nh b\u00f3ng b\u1eb1ng Acetone c\u00f3 s\u1eb5n<br \/>\n+Kh\u1ea3 n\u0103ng in tuy\u1ec7t v\u1eddi<\/p>\n<p>_\u1ee8ng d\u1ee5ng<br \/>\nM\u00e1y m\u00f3c, Khu\u00f4n, m\u1eabu \u0110\u1ed3 ch\u01a1i, \u00d4 t\u00f4, c\u00e1c Thi\u1ebft b\u1ecb \u0111i\u1ec7n t\u1eed<\/p>\n<p>*Ghi Ch\u00fa:<br \/>\n1. T\u1ed1c \u0111\u1ed9 co ng\u00f3t c\u1ee7a v\u1eadt li\u1ec7u ABS+ l\u1edbn, v\u00ec v\u1eady b\u1ea1n n\u00ean ch\u00fa \u00fd \u0111\u1ebfn vi\u1ec7c b\u1ea3o qu\u1ea3n nhi\u1ec7t khi in v\u00e0 in b\u1eb1ng m\u00e1y in c\u00f3 bu\u1ed3ng k\u00edn.<br \/>\n2. Kh\u1ea3 n\u0103ng l\u00e0m m\u00e1t c\u1ee7a ABS+ k\u00e9m h\u01a1n m\u1ed9t ch\u00fat. B\u1ea1n c\u00f3 th\u1ec3 b\u1eadt qu\u1ea1t \u0111\u1ec3 c\u1ea3i thi\u1ec7n hi\u1ec7u \u1ee9ng in ho\u1eb7c gi\u1ea3m c\u1ea5u tr\u00fac g\u00f3c treo trong m\u00f4 h\u00ecnh; ho\u1eb7c c\u1ed1 g\u1eafng gi\u1ea3m t\u1ed1c \u0111\u1ed9 in.<\/p>\n<p>_Parameter Information<br \/>\n+3D PRINTING FILAMENT : eABS+HS<br \/>\n+Density(g\/cm3) : 1.04<br \/>\n+Heat Distortion Temp (\u00b0C,0.45MPa) : 89 9\/10<br \/>\n+Melt Flow Index(g\/10min) : 6(220\u00b0C\/10kg)<br \/>\n+Tensile Strength(MPa) (Z) : 28<br \/>\n+Elongation at Break(%) (Z) : 3.9<br \/>\n+Flexural Strength(MPa)(XY) : 46<br \/>\n+Flexural Modulus(MPa)(XY) : 1477<br \/>\n+IZOD Impact Strength(kJ\/m2)(XY) : 20<br \/>\n+Durability : 8\/10<br \/>\n+Printability : 8\/10<br \/>\n+Extruder Temperature(\u00b0C) : 230 &#8211; 270\u00b0C Recommended Temperature 240\u00b0C<br \/>\n+Bed temperature(\u00b0C) : 100 &#8211; 110\u00b0C<br \/>\n+Fan Speed : 0%<br \/>\n+Printing Speed : 50-300mm\/s<br \/>\n+Heated Bed : Required<br \/>\n+Recommended Build Surfaces : High Temperature Tape, PVP Solid Glue<\/p>\n<p>**To receive a better price, please contact the shop directly.<br \/>\n0913.939.775 contact A.Quan (for English)<br \/>\n094.144.0951 contact A.Quynh<br \/>\n**Selling price does not include VAT (+10% if VAT invoice is issued)<\/p>","protected":false},"excerpt":{"rendered":"<p>3D printing plastic FDM eSun eABS+HS (High Speed) for high speed 3D printers 1kg\/Roll<\/p>","protected":false},"featured_media":3894,"comment_status":"open","ping_status":"closed","template":"","meta":{"inline_featured_image":false},"product_brand":[],"product_cat":[455,456],"product_tag":[],"class_list":{"0":"post-3903","1":"product","2":"type-product","3":"status-publish","4":"has-post-thumbnail","6":"product_cat-nhua-in-3d","7":"product_cat-nhua-in-3d-fdm","9":"first","10":"instock","11":"taxable","12":"shipping-taxable","13":"purchasable","14":"product-type-variable"},"yoast_head":"<!-- This site is optimized with the Yoast SEO Premium plugin v22.8 (Yoast SEO v26.9) - https:\/\/yoast.com\/product\/yoast-seo-premium-wordpress\/ -->\n<title>Nh\u1ef1a in 3d FDM eSun eABS+HS (High Speed) d\u00f9ng cho c\u00e1c d\u00f2ng m\u00e1y in 3d t\u1ed1c \u0111\u1ed9 cao 1kg\/ Cu\u1ed9n - NGE 3D Printers Services<\/title>\n<meta name=\"robots\" content=\"index, follow, max-snippet:-1, max-image-preview:large, max-video-preview:-1\" \/>\n<link rel=\"canonical\" href=\"https:\/\/nge.vn\/en\/product\/nhua-in-3d-fdm-esun-eabshs-high-speed-dung-cho-cac-dong-may-in-3d-toc-do-cao-1kg-cuon\/\" \/>\n<meta property=\"og:locale\" content=\"en_US\" \/>\n<meta property=\"og:type\" content=\"article\" \/>\n<meta property=\"og:title\" content=\"Nh\u1ef1a in 3d FDM eSun eABS+HS (High Speed) d\u00f9ng cho c\u00e1c d\u00f2ng m\u00e1y in 3d t\u1ed1c \u0111\u1ed9 cao 1kg\/ Cu\u1ed9n\" \/>\n<meta property=\"og:description\" content=\"Nh\u1ef1a in 3d FDM eSun eABS+HS (High Speed) d\u00f9ng cho c\u00e1c d\u00f2ng m\u00e1y in 3d t\u1ed1c \u0111\u1ed9 cao 1kg\/ Cu\u1ed9n\" \/>\n<meta property=\"og:url\" content=\"https:\/\/nge.vn\/en\/product\/nhua-in-3d-fdm-esun-eabshs-high-speed-dung-cho-cac-dong-may-in-3d-toc-do-cao-1kg-cuon\/\" \/>\n<meta property=\"og:site_name\" content=\"NGE 3D Printers Services\" \/>\n<meta property=\"article:modified_time\" content=\"2024-10-29T10:09:43+00:00\" \/>\n<meta property=\"og:image\" content=\"https:\/\/nge.vn\/wp-content\/uploads\/2024\/10\/images-upload-woo2Fb979bc8147e96f6adf1dc2c64bebdf63.jpg\" \/>\n\t<meta property=\"og:image:width\" content=\"1024\" \/>\n\t<meta property=\"og:image:height\" content=\"1024\" \/>\n\t<meta property=\"og:image:type\" content=\"image\/jpeg\" \/>\n<meta name=\"twitter:card\" content=\"summary_large_image\" \/>\n<meta name=\"twitter:label1\" content=\"Est. reading time\" \/>\n\t<meta name=\"twitter:data1\" content=\"3 minutes\" \/>\n<script type=\"application\/ld+json\" class=\"yoast-schema-graph\">{\"@context\":\"https:\/\/schema.org\",\"@graph\":[{\"@type\":\"WebPage\",\"@id\":\"https:\/\/nge.vn\/san-pham\/nhua-in-3d-fdm-esun-eabshs-high-speed-dung-cho-cac-dong-may-in-3d-toc-do-cao-1kg-cuon\/\",\"url\":\"https:\/\/nge.vn\/san-pham\/nhua-in-3d-fdm-esun-eabshs-high-speed-dung-cho-cac-dong-may-in-3d-toc-do-cao-1kg-cuon\/\",\"name\":\"Nh\u1ef1a in 3d FDM eSun eABS+HS (High Speed) d\u00f9ng cho c\u00e1c d\u00f2ng m\u00e1y in 3d t\u1ed1c \u0111\u1ed9 cao 1kg\/ Cu\u1ed9n - NGE 3D Printers Services\",\"isPartOf\":{\"@id\":\"https:\/\/nge.vn\/#website\"},\"primaryImageOfPage\":{\"@id\":\"https:\/\/nge.vn\/san-pham\/nhua-in-3d-fdm-esun-eabshs-high-speed-dung-cho-cac-dong-may-in-3d-toc-do-cao-1kg-cuon\/#primaryimage\"},\"image\":{\"@id\":\"https:\/\/nge.vn\/san-pham\/nhua-in-3d-fdm-esun-eabshs-high-speed-dung-cho-cac-dong-may-in-3d-toc-do-cao-1kg-cuon\/#primaryimage\"},\"thumbnailUrl\":\"https:\/\/nge.vn\/wp-content\/uploads\/2024\/10\/images-upload-woo2Fb979bc8147e96f6adf1dc2c64bebdf63.jpg\",\"datePublished\":\"2024-10-26T09:32:02+00:00\",\"dateModified\":\"2024-10-29T10:09:43+00:00\",\"breadcrumb\":{\"@id\":\"https:\/\/nge.vn\/san-pham\/nhua-in-3d-fdm-esun-eabshs-high-speed-dung-cho-cac-dong-may-in-3d-toc-do-cao-1kg-cuon\/#breadcrumb\"},\"inLanguage\":\"en-US\",\"potentialAction\":[{\"@type\":\"ReadAction\",\"target\":[\"https:\/\/nge.vn\/san-pham\/nhua-in-3d-fdm-esun-eabshs-high-speed-dung-cho-cac-dong-may-in-3d-toc-do-cao-1kg-cuon\/\"]}]},{\"@type\":\"ImageObject\",\"inLanguage\":\"en-US\",\"@id\":\"https:\/\/nge.vn\/san-pham\/nhua-in-3d-fdm-esun-eabshs-high-speed-dung-cho-cac-dong-may-in-3d-toc-do-cao-1kg-cuon\/#primaryimage\",\"url\":\"https:\/\/nge.vn\/wp-content\/uploads\/2024\/10\/images-upload-woo2Fb979bc8147e96f6adf1dc2c64bebdf63.jpg\",\"contentUrl\":\"https:\/\/nge.vn\/wp-content\/uploads\/2024\/10\/images-upload-woo2Fb979bc8147e96f6adf1dc2c64bebdf63.jpg\",\"width\":1024,\"height\":1024},{\"@type\":\"BreadcrumbList\",\"@id\":\"https:\/\/nge.vn\/san-pham\/nhua-in-3d-fdm-esun-eabshs-high-speed-dung-cho-cac-dong-may-in-3d-toc-do-cao-1kg-cuon\/#breadcrumb\",\"itemListElement\":[{\"@type\":\"ListItem\",\"position\":1,\"name\":\"Trang ch\u1ee7\",\"item\":\"https:\/\/nge.vn\/\"},{\"@type\":\"ListItem\",\"position\":2,\"name\":\"S\u1ea3n ph\u1ea9m\",\"item\":\"https:\/\/nge.vn\/san-pham\/\"},{\"@type\":\"ListItem\",\"position\":3,\"name\":\"Nh\u1ef1a in 3d FDM eSun eABS+HS (High Speed) d\u00f9ng cho c\u00e1c d\u00f2ng m\u00e1y in 3d t\u1ed1c \u0111\u1ed9 cao 1kg\/ Cu\u1ed9n\"}]},{\"@type\":\"WebSite\",\"@id\":\"https:\/\/nge.vn\/#website\",\"url\":\"https:\/\/nge.vn\/\",\"name\":\"NGE 3D Printers Services\",\"description\":\"\",\"potentialAction\":[{\"@type\":\"SearchAction\",\"target\":{\"@type\":\"EntryPoint\",\"urlTemplate\":\"https:\/\/nge.vn\/?s={search_term_string}\"},\"query-input\":{\"@type\":\"PropertyValueSpecification\",\"valueRequired\":true,\"valueName\":\"search_term_string\"}}],\"inLanguage\":\"en-US\"}]}<\/script>\n<!-- \/ Yoast SEO Premium plugin. -->","yoast_head_json":{"title":"Nh\u1ef1a in 3d FDM eSun eABS+HS (High Speed) d\u00f9ng cho c\u00e1c d\u00f2ng m\u00e1y in 3d t\u1ed1c \u0111\u1ed9 cao 1kg\/ Cu\u1ed9n - NGE 3D Printers Services","robots":{"index":"index","follow":"follow","max-snippet":"max-snippet:-1","max-image-preview":"max-image-preview:large","max-video-preview":"max-video-preview:-1"},"canonical":"https:\/\/nge.vn\/en\/product\/nhua-in-3d-fdm-esun-eabshs-high-speed-dung-cho-cac-dong-may-in-3d-toc-do-cao-1kg-cuon\/","og_locale":"en_US","og_type":"article","og_title":"Nh\u1ef1a in 3d FDM eSun eABS+HS (High Speed) d\u00f9ng cho c\u00e1c d\u00f2ng m\u00e1y in 3d t\u1ed1c \u0111\u1ed9 cao 1kg\/ Cu\u1ed9n","og_description":"Nh\u1ef1a in 3d FDM eSun eABS+HS (High Speed) d\u00f9ng cho c\u00e1c d\u00f2ng m\u00e1y in 3d t\u1ed1c \u0111\u1ed9 cao 1kg\/ Cu\u1ed9n","og_url":"https:\/\/nge.vn\/en\/product\/nhua-in-3d-fdm-esun-eabshs-high-speed-dung-cho-cac-dong-may-in-3d-toc-do-cao-1kg-cuon\/","og_site_name":"NGE 3D Printers Services","article_modified_time":"2024-10-29T10:09:43+00:00","og_image":[{"width":1024,"height":1024,"url":"https:\/\/nge.vn\/wp-content\/uploads\/2024\/10\/images-upload-woo2Fb979bc8147e96f6adf1dc2c64bebdf63.jpg","type":"image\/jpeg"}],"twitter_card":"summary_large_image","twitter_misc":{"Est. reading time":"3 minutes"},"schema":{"@context":"https:\/\/schema.org","@graph":[{"@type":"WebPage","@id":"https:\/\/nge.vn\/san-pham\/nhua-in-3d-fdm-esun-eabshs-high-speed-dung-cho-cac-dong-may-in-3d-toc-do-cao-1kg-cuon\/","url":"https:\/\/nge.vn\/san-pham\/nhua-in-3d-fdm-esun-eabshs-high-speed-dung-cho-cac-dong-may-in-3d-toc-do-cao-1kg-cuon\/","name":"Nh\u1ef1a in 3d FDM eSun eABS+HS (High Speed) d\u00f9ng cho c\u00e1c d\u00f2ng m\u00e1y in 3d t\u1ed1c \u0111\u1ed9 cao 1kg\/ Cu\u1ed9n - NGE 3D Printers Services","isPartOf":{"@id":"https:\/\/nge.vn\/#website"},"primaryImageOfPage":{"@id":"https:\/\/nge.vn\/san-pham\/nhua-in-3d-fdm-esun-eabshs-high-speed-dung-cho-cac-dong-may-in-3d-toc-do-cao-1kg-cuon\/#primaryimage"},"image":{"@id":"https:\/\/nge.vn\/san-pham\/nhua-in-3d-fdm-esun-eabshs-high-speed-dung-cho-cac-dong-may-in-3d-toc-do-cao-1kg-cuon\/#primaryimage"},"thumbnailUrl":"https:\/\/nge.vn\/wp-content\/uploads\/2024\/10\/images-upload-woo2Fb979bc8147e96f6adf1dc2c64bebdf63.jpg","datePublished":"2024-10-26T09:32:02+00:00","dateModified":"2024-10-29T10:09:43+00:00","breadcrumb":{"@id":"https:\/\/nge.vn\/san-pham\/nhua-in-3d-fdm-esun-eabshs-high-speed-dung-cho-cac-dong-may-in-3d-toc-do-cao-1kg-cuon\/#breadcrumb"},"inLanguage":"en-US","potentialAction":[{"@type":"ReadAction","target":["https:\/\/nge.vn\/san-pham\/nhua-in-3d-fdm-esun-eabshs-high-speed-dung-cho-cac-dong-may-in-3d-toc-do-cao-1kg-cuon\/"]}]},{"@type":"ImageObject","inLanguage":"en-US","@id":"https:\/\/nge.vn\/san-pham\/nhua-in-3d-fdm-esun-eabshs-high-speed-dung-cho-cac-dong-may-in-3d-toc-do-cao-1kg-cuon\/#primaryimage","url":"https:\/\/nge.vn\/wp-content\/uploads\/2024\/10\/images-upload-woo2Fb979bc8147e96f6adf1dc2c64bebdf63.jpg","contentUrl":"https:\/\/nge.vn\/wp-content\/uploads\/2024\/10\/images-upload-woo2Fb979bc8147e96f6adf1dc2c64bebdf63.jpg","width":1024,"height":1024},{"@type":"BreadcrumbList","@id":"https:\/\/nge.vn\/san-pham\/nhua-in-3d-fdm-esun-eabshs-high-speed-dung-cho-cac-dong-may-in-3d-toc-do-cao-1kg-cuon\/#breadcrumb","itemListElement":[{"@type":"ListItem","position":1,"name":"Trang ch\u1ee7","item":"https:\/\/nge.vn\/"},{"@type":"ListItem","position":2,"name":"S\u1ea3n ph\u1ea9m","item":"https:\/\/nge.vn\/san-pham\/"},{"@type":"ListItem","position":3,"name":"Nh\u1ef1a in 3d FDM eSun eABS+HS (High Speed) d\u00f9ng cho c\u00e1c d\u00f2ng m\u00e1y in 3d t\u1ed1c \u0111\u1ed9 cao 1kg\/ Cu\u1ed9n"}]},{"@type":"WebSite","@id":"https:\/\/nge.vn\/#website","url":"https:\/\/nge.vn\/","name":"NGE 3D Printers Services","description":"","potentialAction":[{"@type":"SearchAction","target":{"@type":"EntryPoint","urlTemplate":"https:\/\/nge.vn\/?s={search_term_string}"},"query-input":{"@type":"PropertyValueSpecification","valueRequired":true,"valueName":"search_term_string"}}],"inLanguage":"en-US"}]}},"_links":{"self":[{"href":"https:\/\/nge.vn\/en\/wp-json\/wp\/v2\/product\/3903","targetHints":{"allow":["GET"]}}],"collection":[{"href":"https:\/\/nge.vn\/en\/wp-json\/wp\/v2\/product"}],"about":[{"href":"https:\/\/nge.vn\/en\/wp-json\/wp\/v2\/types\/product"}],"replies":[{"embeddable":true,"href":"https:\/\/nge.vn\/en\/wp-json\/wp\/v2\/comments?post=3903"}],"wp:featuredmedia":[{"embeddable":true,"href":"https:\/\/nge.vn\/en\/wp-json\/wp\/v2\/media\/3894"}],"wp:attachment":[{"href":"https:\/\/nge.vn\/en\/wp-json\/wp\/v2\/media?parent=3903"}],"wp:term":[{"taxonomy":"product_brand","embeddable":true,"href":"https:\/\/nge.vn\/en\/wp-json\/wp\/v2\/product_brand?post=3903"},{"taxonomy":"product_cat","embeddable":true,"href":"https:\/\/nge.vn\/en\/wp-json\/wp\/v2\/product_cat?post=3903"},{"taxonomy":"product_tag","embeddable":true,"href":"https:\/\/nge.vn\/en\/wp-json\/wp\/v2\/product_tag?post=3903"}],"curies":[{"name":"wp","href":"https:\/\/api.w.org\/{rel}","templated":true}]}}