{"id":3883,"date":"2024-10-26T16:29:55","date_gmt":"2024-10-26T09:29:55","guid":{"rendered":"https:\/\/nge.123websitedev.com\/san-pham\/nhua-in-3d-esun-eplahs-high-speed-dung-cho-cac-dong-may-in-3d-in-toc-do-cao-1kg-cuon\/"},"modified":"2025-04-10T19:08:43","modified_gmt":"2025-04-10T12:08:43","slug":"nhua-in-3d-esun-eplahs-high-speed-dung-cho-cac-dong-may-in-3d-in-toc-do-cao-1kg-cuon","status":"publish","type":"product","link":"https:\/\/nge.vn\/en\/product\/nhua-in-3d-esun-eplahs-high-speed-dung-cho-cac-dong-may-in-3d-in-toc-do-cao-1kg-cuon\/","title":{"rendered":"eSun ePLA+HS (High speed) 3D printing plastic for high speed 3D printers 1kg\/Roll"},"content":{"rendered":"<p>eSun ePLA+HS (High speed) 3D printing plastic for high speed 3D printers 1kg\/Roll<br \/>\n_In nhanh \u0111\u00f2i h\u1ecfi v\u1eadt li\u1ec7u c\u00f3 th\u1ec3 tan ch\u1ea3y v\u00e0 ngu\u1ed9i nhanh. Tuy nhi\u00ean, \u0111\u1ec3 c\u00e2n b\u1eb1ng t\u1ed1c \u0111\u1ed9 n\u00f3ng ch\u1ea3y v\u00e0 l\u00e0m ngu\u1ed9i v\u1eadt li\u1ec7u, c\u00e1c t\u00ednh ch\u1ea5t v\u1eadt l\u00fd c\u1ee7a v\u1eadt li\u1ec7u \u0111\u01b0\u1ee3c in b\u1eb1ng k\u1ef9 thu\u1eadt nhanh th\u01b0\u1eddng b\u1ecb suy gi\u1ea3m. \u0110\u1ec3 cung c\u1ea5p cho c\u00e1c s\u1ea3n ph\u1ea9m in 3D hi\u1ec7u su\u1ea5t c\u01a1 h\u1ecdc v\u01b0\u1ee3t tr\u1ed9i trong \u0111i\u1ec1u ki\u1ec7n in nhanh, ch\u00fang t\u00f4i \u0111\u00e3 ti\u1ebfn h\u00e0nh nhi\u1ec1u th\u1eed nghi\u1ec7m tr\u00ean nhi\u1ec1u c\u00f4ng th\u1ee9c in nhanh kh\u00e1c nhau. Do \u0111\u00f3, ch\u00fang t\u00f4i \u0111\u00e3 ch\u1ecdn l\u1ecdc ePLA+HS, c\u00f2n \u0111\u01b0\u1ee3c g\u1ecdi l\u00e0 ePLA+HS, \u0111\u01b0\u1ee3c thi\u1ebft k\u1ebf \u0111\u1eb7c bi\u1ec7t \u0111\u1ec3 ph\u00f9 h\u1ee3p v\u1edbi t\u1ed1c \u0111\u1ed9 in cao v\u00e0 mang l\u1ea1i \u0111\u1ed9 b\u1ec1n cao h\u01a1n.<\/p>\n<p>+Kh\u1ea3 n\u0103ng ph\u1ee5c h\u1ed3i m\u1ea1nh m\u1ebd h\u01a1n<br \/>\n+In nhanh<br \/>\n+Kh\u1ea3 n\u0103ng in tuy\u1ec7t v\u1eddi<br \/>\n+\u0110\u01b0\u1eddng d\u00e2y kh\u00f4ng d\u1ec5 b\u1ecb gi\u00f2n v\u00e0 g\u00e3y<\/p>\n<p>* \u1ee8ng d\u1ee5ng:<br \/>\nCh\u1ebf T\u1ea1o, Thi\u1ebft b\u1ecb \u0111i\u1ec7n t\u1eed, \u00f4 t\u00f4, Trang Tr\u00ed, H\u00f3a trang (COSPLAY)<\/p>\n<p>_Parameter Information<br \/>\n+3D PRINTING FILAMENT : ePLA+HS<br \/>\n+Density(g\/cm3) : 1.24<br \/>\n+Heat Distortion Temp (\u00b0C,0.45MPa) : 54 5\/10<br \/>\n+Melt Flow Index(g\/10min) : 5.2 (190\u00b0C\/2.16kg)<br \/>\n+Tensile Strength(MPa) (Z) : 32<br \/>\n+Elongation at Break(%) (Z) : 2.8<br \/>\n+Flexural Strength(MPa)(XY) : 83<br \/>\n+Flexural Modulus(MPa)(XY) : 2900<br \/>\n+IZOD Impact Strength(kJ\/m2)(XY) : 5.6<br \/>\n+Durability : 4\/10<br \/>\n+Printability : 9\/10<br \/>\n+Extruder Temperature(\u00b0C) : 210 &#8211; 230\u00b0C Recommended Temperature 215\u00b0C<br \/>\n+Bed temperature(\u00b0C) : 45-60\u00b0C<br \/>\n+Fan Speed : 100%<br \/>\n+Printing Speed : 50-300mm\/s<br \/>\n+Heated Bed : Optional<br \/>\n+Recommended Build Surfaces : Masking Paper, PVP Solid Glue, PEI<\/p>\n<p>**To receive a better price, please contact the shop directly.<br \/>\n0913.939.775 contact A.Quan (for English)<br \/>\n094.144.0951 contact A.Quynh<br \/>\n**Selling price does not include VAT (+10% if VAT invoice is issued)<\/p>","protected":false},"excerpt":{"rendered":"<p>eSun ePLA+HS (High speed) 3D printing plastic for high speed 3D printers 1kg\/Roll<\/p>","protected":false},"featured_media":3874,"comment_status":"open","ping_status":"closed","template":"","meta":{"inline_featured_image":false},"product_brand":[],"product_cat":[43],"product_tag":[],"class_list":{"0":"post-3883","1":"product","2":"type-product","3":"status-publish","4":"has-post-thumbnail","6":"product_cat-nhua-in-3d-resin","7":"pa_epla-hs-mau-black","8":"pa_epla-hs-mau-blue","9":"pa_epla-hs-mau-red","10":"pa_epla-hs-mau-white","11":"pa_epla-hs-mau-yellow","12":"pa_epla-hs-mau-beige","13":"pa_epla-hs-mau-brown","14":"pa_epla-hs-mau-grey","15":"pa_epla-hs-mau-light-blue","16":"pa_epla-hs-mau-light-brown","17":"pa_epla-hs-mau-olive-green","18":"pa_epla-hs-mau-orange","19":"pa_epla-hs-mau-peak-green","20":"pa_epla-hs-mau-pine-green","21":"pa_epla-hs-mau-pink","22":"pa_epla-hs-mau-silver","23":"pa_epla-hs-mau-space-blue","24":"pa_epla-hs-mau-very-peri","26":"first","27":"instock","28":"sale","29":"taxable","30":"shipping-taxable","31":"purchasable","32":"product-type-variable"},"yoast_head":"<!-- This site is optimized with the Yoast SEO Premium plugin v22.8 (Yoast SEO v26.9) - https:\/\/yoast.com\/product\/yoast-seo-premium-wordpress\/ -->\n<title>Nh\u1ef1a in 3d eSun ePLA+HS (High speed) d\u00f9ng cho c\u00e1c d\u00f2ng m\u00e1y in 3d in t\u1ed1c \u0111\u1ed9 cao 1kg\/Cu\u1ed9n - NGE 3D Printers Services<\/title>\n<meta name=\"robots\" content=\"index, follow, max-snippet:-1, max-image-preview:large, max-video-preview:-1\" \/>\n<link rel=\"canonical\" href=\"https:\/\/nge.vn\/en\/product\/nhua-in-3d-esun-eplahs-high-speed-dung-cho-cac-dong-may-in-3d-in-toc-do-cao-1kg-cuon\/\" \/>\n<meta property=\"og:locale\" content=\"en_US\" \/>\n<meta property=\"og:type\" content=\"article\" \/>\n<meta property=\"og:title\" content=\"Nh\u1ef1a in 3d eSun ePLA+HS (High speed) d\u00f9ng cho c\u00e1c d\u00f2ng m\u00e1y in 3d in t\u1ed1c \u0111\u1ed9 cao 1kg\/Cu\u1ed9n\" \/>\n<meta property=\"og:description\" content=\"Nh\u1ef1a in 3d eSun ePLA+HS (High speed) d\u00f9ng cho c\u00e1c d\u00f2ng m\u00e1y in 3d in t\u1ed1c \u0111\u1ed9 cao 1kg\/Cu\u1ed9n\" \/>\n<meta property=\"og:url\" content=\"https:\/\/nge.vn\/en\/product\/nhua-in-3d-esun-eplahs-high-speed-dung-cho-cac-dong-may-in-3d-in-toc-do-cao-1kg-cuon\/\" \/>\n<meta property=\"og:site_name\" content=\"NGE 3D Printers Services\" \/>\n<meta property=\"article:modified_time\" content=\"2025-04-10T12:08:43+00:00\" \/>\n<meta property=\"og:image\" content=\"https:\/\/nge.vn\/wp-content\/uploads\/2024\/10\/images-upload-woo2F4e398d281e9db247628fa913fa113084.jpg\" \/>\n\t<meta property=\"og:image:width\" content=\"739\" \/>\n\t<meta property=\"og:image:height\" content=\"739\" \/>\n\t<meta property=\"og:image:type\" content=\"image\/jpeg\" \/>\n<meta name=\"twitter:card\" content=\"summary_large_image\" \/>\n<meta name=\"twitter:label1\" content=\"Est. reading time\" \/>\n\t<meta name=\"twitter:data1\" content=\"2 minutes\" \/>\n<script type=\"application\/ld+json\" class=\"yoast-schema-graph\">{\"@context\":\"https:\/\/schema.org\",\"@graph\":[{\"@type\":\"WebPage\",\"@id\":\"https:\/\/nge.vn\/san-pham\/nhua-in-3d-esun-eplahs-high-speed-dung-cho-cac-dong-may-in-3d-in-toc-do-cao-1kg-cuon\/\",\"url\":\"https:\/\/nge.vn\/san-pham\/nhua-in-3d-esun-eplahs-high-speed-dung-cho-cac-dong-may-in-3d-in-toc-do-cao-1kg-cuon\/\",\"name\":\"Nh\u1ef1a in 3d eSun ePLA+HS (High speed) d\u00f9ng cho c\u00e1c d\u00f2ng m\u00e1y in 3d in t\u1ed1c \u0111\u1ed9 cao 1kg\/Cu\u1ed9n - NGE 3D Printers Services\",\"isPartOf\":{\"@id\":\"https:\/\/nge.vn\/#website\"},\"primaryImageOfPage\":{\"@id\":\"https:\/\/nge.vn\/san-pham\/nhua-in-3d-esun-eplahs-high-speed-dung-cho-cac-dong-may-in-3d-in-toc-do-cao-1kg-cuon\/#primaryimage\"},\"image\":{\"@id\":\"https:\/\/nge.vn\/san-pham\/nhua-in-3d-esun-eplahs-high-speed-dung-cho-cac-dong-may-in-3d-in-toc-do-cao-1kg-cuon\/#primaryimage\"},\"thumbnailUrl\":\"https:\/\/nge.vn\/wp-content\/uploads\/2024\/10\/images-upload-woo2F4e398d281e9db247628fa913fa113084.jpg\",\"datePublished\":\"2024-10-26T09:29:55+00:00\",\"dateModified\":\"2025-04-10T12:08:43+00:00\",\"breadcrumb\":{\"@id\":\"https:\/\/nge.vn\/san-pham\/nhua-in-3d-esun-eplahs-high-speed-dung-cho-cac-dong-may-in-3d-in-toc-do-cao-1kg-cuon\/#breadcrumb\"},\"inLanguage\":\"en-US\",\"potentialAction\":[{\"@type\":\"ReadAction\",\"target\":[\"https:\/\/nge.vn\/san-pham\/nhua-in-3d-esun-eplahs-high-speed-dung-cho-cac-dong-may-in-3d-in-toc-do-cao-1kg-cuon\/\"]}]},{\"@type\":\"ImageObject\",\"inLanguage\":\"en-US\",\"@id\":\"https:\/\/nge.vn\/san-pham\/nhua-in-3d-esun-eplahs-high-speed-dung-cho-cac-dong-may-in-3d-in-toc-do-cao-1kg-cuon\/#primaryimage\",\"url\":\"https:\/\/nge.vn\/wp-content\/uploads\/2024\/10\/images-upload-woo2F4e398d281e9db247628fa913fa113084.jpg\",\"contentUrl\":\"https:\/\/nge.vn\/wp-content\/uploads\/2024\/10\/images-upload-woo2F4e398d281e9db247628fa913fa113084.jpg\",\"width\":739,\"height\":739},{\"@type\":\"BreadcrumbList\",\"@id\":\"https:\/\/nge.vn\/san-pham\/nhua-in-3d-esun-eplahs-high-speed-dung-cho-cac-dong-may-in-3d-in-toc-do-cao-1kg-cuon\/#breadcrumb\",\"itemListElement\":[{\"@type\":\"ListItem\",\"position\":1,\"name\":\"Trang ch\u1ee7\",\"item\":\"https:\/\/nge.vn\/\"},{\"@type\":\"ListItem\",\"position\":2,\"name\":\"S\u1ea3n ph\u1ea9m\",\"item\":\"https:\/\/nge.vn\/san-pham\/\"},{\"@type\":\"ListItem\",\"position\":3,\"name\":\"Nh\u1ef1a in 3d eSun ePLA+HS (High speed) d\u00f9ng cho c\u00e1c d\u00f2ng m\u00e1y in 3d in t\u1ed1c \u0111\u1ed9 cao 1kg\/Cu\u1ed9n\"}]},{\"@type\":\"WebSite\",\"@id\":\"https:\/\/nge.vn\/#website\",\"url\":\"https:\/\/nge.vn\/\",\"name\":\"NGE 3D Printers Services\",\"description\":\"\",\"potentialAction\":[{\"@type\":\"SearchAction\",\"target\":{\"@type\":\"EntryPoint\",\"urlTemplate\":\"https:\/\/nge.vn\/?s={search_term_string}\"},\"query-input\":{\"@type\":\"PropertyValueSpecification\",\"valueRequired\":true,\"valueName\":\"search_term_string\"}}],\"inLanguage\":\"en-US\"}]}<\/script>\n<!-- \/ Yoast SEO Premium plugin. -->","yoast_head_json":{"title":"Nh\u1ef1a in 3d eSun ePLA+HS (High speed) d\u00f9ng cho c\u00e1c d\u00f2ng m\u00e1y in 3d in t\u1ed1c \u0111\u1ed9 cao 1kg\/Cu\u1ed9n - NGE 3D Printers Services","robots":{"index":"index","follow":"follow","max-snippet":"max-snippet:-1","max-image-preview":"max-image-preview:large","max-video-preview":"max-video-preview:-1"},"canonical":"https:\/\/nge.vn\/en\/product\/nhua-in-3d-esun-eplahs-high-speed-dung-cho-cac-dong-may-in-3d-in-toc-do-cao-1kg-cuon\/","og_locale":"en_US","og_type":"article","og_title":"Nh\u1ef1a in 3d eSun ePLA+HS (High speed) d\u00f9ng cho c\u00e1c d\u00f2ng m\u00e1y in 3d in t\u1ed1c \u0111\u1ed9 cao 1kg\/Cu\u1ed9n","og_description":"Nh\u1ef1a in 3d eSun ePLA+HS (High speed) d\u00f9ng cho c\u00e1c d\u00f2ng m\u00e1y in 3d in t\u1ed1c \u0111\u1ed9 cao 1kg\/Cu\u1ed9n","og_url":"https:\/\/nge.vn\/en\/product\/nhua-in-3d-esun-eplahs-high-speed-dung-cho-cac-dong-may-in-3d-in-toc-do-cao-1kg-cuon\/","og_site_name":"NGE 3D Printers Services","article_modified_time":"2025-04-10T12:08:43+00:00","og_image":[{"width":739,"height":739,"url":"https:\/\/nge.vn\/wp-content\/uploads\/2024\/10\/images-upload-woo2F4e398d281e9db247628fa913fa113084.jpg","type":"image\/jpeg"}],"twitter_card":"summary_large_image","twitter_misc":{"Est. reading time":"2 minutes"},"schema":{"@context":"https:\/\/schema.org","@graph":[{"@type":"WebPage","@id":"https:\/\/nge.vn\/san-pham\/nhua-in-3d-esun-eplahs-high-speed-dung-cho-cac-dong-may-in-3d-in-toc-do-cao-1kg-cuon\/","url":"https:\/\/nge.vn\/san-pham\/nhua-in-3d-esun-eplahs-high-speed-dung-cho-cac-dong-may-in-3d-in-toc-do-cao-1kg-cuon\/","name":"Nh\u1ef1a in 3d eSun ePLA+HS (High speed) d\u00f9ng cho c\u00e1c d\u00f2ng m\u00e1y in 3d in t\u1ed1c \u0111\u1ed9 cao 1kg\/Cu\u1ed9n - NGE 3D Printers Services","isPartOf":{"@id":"https:\/\/nge.vn\/#website"},"primaryImageOfPage":{"@id":"https:\/\/nge.vn\/san-pham\/nhua-in-3d-esun-eplahs-high-speed-dung-cho-cac-dong-may-in-3d-in-toc-do-cao-1kg-cuon\/#primaryimage"},"image":{"@id":"https:\/\/nge.vn\/san-pham\/nhua-in-3d-esun-eplahs-high-speed-dung-cho-cac-dong-may-in-3d-in-toc-do-cao-1kg-cuon\/#primaryimage"},"thumbnailUrl":"https:\/\/nge.vn\/wp-content\/uploads\/2024\/10\/images-upload-woo2F4e398d281e9db247628fa913fa113084.jpg","datePublished":"2024-10-26T09:29:55+00:00","dateModified":"2025-04-10T12:08:43+00:00","breadcrumb":{"@id":"https:\/\/nge.vn\/san-pham\/nhua-in-3d-esun-eplahs-high-speed-dung-cho-cac-dong-may-in-3d-in-toc-do-cao-1kg-cuon\/#breadcrumb"},"inLanguage":"en-US","potentialAction":[{"@type":"ReadAction","target":["https:\/\/nge.vn\/san-pham\/nhua-in-3d-esun-eplahs-high-speed-dung-cho-cac-dong-may-in-3d-in-toc-do-cao-1kg-cuon\/"]}]},{"@type":"ImageObject","inLanguage":"en-US","@id":"https:\/\/nge.vn\/san-pham\/nhua-in-3d-esun-eplahs-high-speed-dung-cho-cac-dong-may-in-3d-in-toc-do-cao-1kg-cuon\/#primaryimage","url":"https:\/\/nge.vn\/wp-content\/uploads\/2024\/10\/images-upload-woo2F4e398d281e9db247628fa913fa113084.jpg","contentUrl":"https:\/\/nge.vn\/wp-content\/uploads\/2024\/10\/images-upload-woo2F4e398d281e9db247628fa913fa113084.jpg","width":739,"height":739},{"@type":"BreadcrumbList","@id":"https:\/\/nge.vn\/san-pham\/nhua-in-3d-esun-eplahs-high-speed-dung-cho-cac-dong-may-in-3d-in-toc-do-cao-1kg-cuon\/#breadcrumb","itemListElement":[{"@type":"ListItem","position":1,"name":"Trang ch\u1ee7","item":"https:\/\/nge.vn\/"},{"@type":"ListItem","position":2,"name":"S\u1ea3n ph\u1ea9m","item":"https:\/\/nge.vn\/san-pham\/"},{"@type":"ListItem","position":3,"name":"Nh\u1ef1a in 3d eSun ePLA+HS (High speed) d\u00f9ng cho c\u00e1c d\u00f2ng m\u00e1y in 3d in t\u1ed1c \u0111\u1ed9 cao 1kg\/Cu\u1ed9n"}]},{"@type":"WebSite","@id":"https:\/\/nge.vn\/#website","url":"https:\/\/nge.vn\/","name":"NGE 3D Printers Services","description":"","potentialAction":[{"@type":"SearchAction","target":{"@type":"EntryPoint","urlTemplate":"https:\/\/nge.vn\/?s={search_term_string}"},"query-input":{"@type":"PropertyValueSpecification","valueRequired":true,"valueName":"search_term_string"}}],"inLanguage":"en-US"}]}},"_links":{"self":[{"href":"https:\/\/nge.vn\/en\/wp-json\/wp\/v2\/product\/3883","targetHints":{"allow":["GET"]}}],"collection":[{"href":"https:\/\/nge.vn\/en\/wp-json\/wp\/v2\/product"}],"about":[{"href":"https:\/\/nge.vn\/en\/wp-json\/wp\/v2\/types\/product"}],"replies":[{"embeddable":true,"href":"https:\/\/nge.vn\/en\/wp-json\/wp\/v2\/comments?post=3883"}],"wp:featuredmedia":[{"embeddable":true,"href":"https:\/\/nge.vn\/en\/wp-json\/wp\/v2\/media\/3874"}],"wp:attachment":[{"href":"https:\/\/nge.vn\/en\/wp-json\/wp\/v2\/media?parent=3883"}],"wp:term":[{"taxonomy":"product_brand","embeddable":true,"href":"https:\/\/nge.vn\/en\/wp-json\/wp\/v2\/product_brand?post=3883"},{"taxonomy":"product_cat","embeddable":true,"href":"https:\/\/nge.vn\/en\/wp-json\/wp\/v2\/product_cat?post=3883"},{"taxonomy":"product_tag","embeddable":true,"href":"https:\/\/nge.vn\/en\/wp-json\/wp\/v2\/product_tag?post=3883"}],"curies":[{"name":"wp","href":"https:\/\/api.w.org\/{rel}","templated":true}]}}