{"id":3873,"date":"2024-10-26T16:27:42","date_gmt":"2024-10-26T09:27:42","guid":{"rendered":"https:\/\/nge.123websitedev.com\/san-pham\/nhua-in-3d-esun-gm100-gingiva-mask-resin-mau-pink-500ml-chai\/"},"modified":"2024-10-29T14:32:39","modified_gmt":"2024-10-29T07:32:39","slug":"nhua-in-3d-esun-gm100-gingiva-mask-resin-mau-pink-500ml-chai","status":"publish","type":"product","link":"https:\/\/nge.vn\/en\/product\/nhua-in-3d-esun-gm100-gingiva-mask-resin-mau-pink-500ml-chai\/","title":{"rendered":"eSun GM100 Gingiva Mask Resin 3d printing resin Pink color 500ml\/Bottle"},"content":{"rendered":"<p>Nh\u1ef1a in 3d nha khoa eSun GM100 Gingiva Mask Resin m\u00e0u Pink 500ml\/ Chai<br \/>\n_\u0110\u1ec3 in 3D n\u01b0\u1edbu nh\u00e2n t\u1ea1o linh ho\u1ea1t. Trong y h\u1ecdc k\u1ef9 thu\u1eadt s\u1ed1, k\u1ebft h\u1ee3p v\u1edbi v\u1eadt li\u1ec7u m\u00f4 h\u00ecnh nha khoa ph\u1ee5c h\u1ed3i, c\u00f3 th\u1ec3 th\u1ef1c hi\u1ec7n t\u00e1i t\u1ea1o 3D c\u00e1c m\u1ea3nh m\u00f4 h\u00ecnh n\u01b0\u1edbu b\u1ecb thi\u1ebfu ch\u1ee9c n\u0103ng. G\u1ea7n nh\u01b0 c\u00f9ng m\u00e0u v\u1edbi n\u01b0\u1edbu, m\u00f4 ph\u1ecfng tinh x\u1ea3o h\u00ecnh d\u00e1ng v\u00e0 c\u1ea3m gi\u00e1c c\u1ee7a n\u01b0\u1edbu. Ch\u1ea5t li\u1ec7u c\u00f3 \u0111\u1ed9 \u0111\u00e0n h\u1ed3i v\u00e0 ch\u1ed1ng r\u00e1ch v\u01b0\u1ee3t tr\u1ed9i.<\/p>\n<p>+M\u00e0u s\u1eafc t\u1ef1 nhi\u00ean<br \/>\n+Th\u1ef1c t\u1ebf h\u01a1n<br \/>\n+Ch\u1ed1ng r\u00e1ch t\u1ed1t<\/p>\n<p>_\u1ee8ng d\u1ee5ng: M\u00f4 h\u00ecnh n\u01b0\u1edbu (Gingiva model)<\/p>\n<p>_Physical Performance Parameter Table<br \/>\n+Viscosity (mPa-s)  350-550<br \/>\n+Density (g\/cm3) 1.05-1.25<br \/>\n+Shore Hardness (D) 55-60A<br \/>\n+Tensile Strength (Mpa) 1.33\u00b110%<br \/>\n+Tensile Modulus (Mpa) 1.32\u00b110%<br \/>\n+Elongation at break (%) 110.28\u00b110%<br \/>\n+Maximum Bending Strength (MPa) &#8211;<br \/>\n+Flexural Modulus of Elasticity(MPa) &#8211;<br \/>\n+Impact strength(J\/m) &#8211;<br \/>\n+Shrinkage (%) 0.8-1.2<\/p>\n<p>_Printing Parameters<br \/>\n+Exposure Time (S) 4-8<br \/>\n+Bottom Exposure Time (S) 25-40<br \/>\n+Lifting Distance (mm) 6<br \/>\n+Bottom Lift Distence (mm) 6<br \/>\n+Lift Speed (mm\/min) 80<br \/>\n+Bottom Lift Speed (mm\/min) 60<br \/>\n+Retract Speed (mm\/min) 150<br \/>\n*Monochrome screen(3500-4500pw\/cm2) | Anycubic (Mono | Mono Se \/ Mono X) | Creality (HALOT-ONE\/LD- 006\/LD-002H)<br \/>\nELEGOO(MARS 2\/MARS 2 PRO\/SATURN) | NOVA(Bene4 Mono\/whale2\/Elfin2 MonoSE)<\/p>\n<p>**To receive a better price, please contact the shop directly.<br \/>\n     0913.939.775 contact A.Quan (for English)<br \/>\n     094.144.0951 contact A.Quynh<br \/>\n**Selling price does not include VAT (+10% if VAT invoice is issued)<\/p>","protected":false},"excerpt":{"rendered":"<p>eSun GM100 Gingiva Mask Resin 3d printing resin Pink color 500ml\/Bottle<\/p>","protected":false},"featured_media":3866,"comment_status":"open","ping_status":"closed","template":"","meta":{"inline_featured_image":false},"product_brand":[],"product_cat":[455,43],"product_tag":[],"class_list":{"0":"post-3873","1":"product","2":"type-product","3":"status-publish","4":"has-post-thumbnail","6":"product_cat-nhua-in-3d","7":"product_cat-nhua-in-3d-resin","9":"first","10":"instock","11":"taxable","12":"shipping-taxable","13":"purchasable","14":"product-type-simple"},"yoast_head":"<!-- This site is optimized with the Yoast SEO Premium plugin v22.8 (Yoast SEO v26.9) - https:\/\/yoast.com\/product\/yoast-seo-premium-wordpress\/ -->\n<title>Nh\u1ef1a in 3d eSun GM100 Gingiva Mask Resin m\u00e0u Pink 500ml\/ Chai - NGE 3D Printers Services<\/title>\n<meta name=\"robots\" content=\"index, follow, max-snippet:-1, max-image-preview:large, max-video-preview:-1\" \/>\n<link rel=\"canonical\" href=\"https:\/\/nge.vn\/en\/product\/nhua-in-3d-esun-gm100-gingiva-mask-resin-mau-pink-500ml-chai\/\" \/>\n<meta property=\"og:locale\" content=\"en_US\" \/>\n<meta property=\"og:type\" content=\"article\" \/>\n<meta property=\"og:title\" content=\"Nh\u1ef1a in 3d eSun GM100 Gingiva Mask Resin m\u00e0u Pink 500ml\/ Chai\" \/>\n<meta property=\"og:description\" content=\"Nh\u1ef1a in 3d eSun GM100 Gingiva Mask Resin m\u00e0u Pink 500ml\/ Chai\" \/>\n<meta property=\"og:url\" content=\"https:\/\/nge.vn\/en\/product\/nhua-in-3d-esun-gm100-gingiva-mask-resin-mau-pink-500ml-chai\/\" \/>\n<meta property=\"og:site_name\" content=\"NGE 3D Printers Services\" \/>\n<meta property=\"article:modified_time\" content=\"2024-10-29T07:32:39+00:00\" \/>\n<meta property=\"og:image\" content=\"https:\/\/nge.vn\/wp-content\/uploads\/2024\/10\/images-upload-woo2Fb2e917571ebd659b02aaa67d61030677.jpg\" \/>\n\t<meta property=\"og:image:width\" content=\"558\" \/>\n\t<meta property=\"og:image:height\" content=\"558\" \/>\n\t<meta property=\"og:image:type\" content=\"image\/jpeg\" \/>\n<meta name=\"twitter:card\" content=\"summary_large_image\" \/>\n<meta name=\"twitter:label1\" content=\"Est. reading time\" \/>\n\t<meta name=\"twitter:data1\" content=\"2 minutes\" \/>\n<script type=\"application\/ld+json\" class=\"yoast-schema-graph\">{\"@context\":\"https:\/\/schema.org\",\"@graph\":[{\"@type\":\"WebPage\",\"@id\":\"https:\/\/nge.vn\/san-pham\/nhua-in-3d-esun-gm100-gingiva-mask-resin-mau-pink-500ml-chai\/\",\"url\":\"https:\/\/nge.vn\/san-pham\/nhua-in-3d-esun-gm100-gingiva-mask-resin-mau-pink-500ml-chai\/\",\"name\":\"Nh\u1ef1a in 3d eSun GM100 Gingiva Mask Resin m\u00e0u Pink 500ml\/ Chai - NGE 3D Printers Services\",\"isPartOf\":{\"@id\":\"https:\/\/nge.vn\/#website\"},\"primaryImageOfPage\":{\"@id\":\"https:\/\/nge.vn\/san-pham\/nhua-in-3d-esun-gm100-gingiva-mask-resin-mau-pink-500ml-chai\/#primaryimage\"},\"image\":{\"@id\":\"https:\/\/nge.vn\/san-pham\/nhua-in-3d-esun-gm100-gingiva-mask-resin-mau-pink-500ml-chai\/#primaryimage\"},\"thumbnailUrl\":\"https:\/\/nge.vn\/wp-content\/uploads\/2024\/10\/images-upload-woo2Fb2e917571ebd659b02aaa67d61030677.jpg\",\"datePublished\":\"2024-10-26T09:27:42+00:00\",\"dateModified\":\"2024-10-29T07:32:39+00:00\",\"breadcrumb\":{\"@id\":\"https:\/\/nge.vn\/san-pham\/nhua-in-3d-esun-gm100-gingiva-mask-resin-mau-pink-500ml-chai\/#breadcrumb\"},\"inLanguage\":\"en-US\",\"potentialAction\":[{\"@type\":\"ReadAction\",\"target\":[\"https:\/\/nge.vn\/san-pham\/nhua-in-3d-esun-gm100-gingiva-mask-resin-mau-pink-500ml-chai\/\"]}]},{\"@type\":\"ImageObject\",\"inLanguage\":\"en-US\",\"@id\":\"https:\/\/nge.vn\/san-pham\/nhua-in-3d-esun-gm100-gingiva-mask-resin-mau-pink-500ml-chai\/#primaryimage\",\"url\":\"https:\/\/nge.vn\/wp-content\/uploads\/2024\/10\/images-upload-woo2Fb2e917571ebd659b02aaa67d61030677.jpg\",\"contentUrl\":\"https:\/\/nge.vn\/wp-content\/uploads\/2024\/10\/images-upload-woo2Fb2e917571ebd659b02aaa67d61030677.jpg\",\"width\":558,\"height\":558},{\"@type\":\"BreadcrumbList\",\"@id\":\"https:\/\/nge.vn\/san-pham\/nhua-in-3d-esun-gm100-gingiva-mask-resin-mau-pink-500ml-chai\/#breadcrumb\",\"itemListElement\":[{\"@type\":\"ListItem\",\"position\":1,\"name\":\"Trang ch\u1ee7\",\"item\":\"https:\/\/nge.vn\/\"},{\"@type\":\"ListItem\",\"position\":2,\"name\":\"S\u1ea3n ph\u1ea9m\",\"item\":\"https:\/\/nge.vn\/san-pham\/\"},{\"@type\":\"ListItem\",\"position\":3,\"name\":\"Nh\u1ef1a in 3d eSun GM100 Gingiva Mask Resin m\u00e0u Pink 500ml\/ Chai\"}]},{\"@type\":\"WebSite\",\"@id\":\"https:\/\/nge.vn\/#website\",\"url\":\"https:\/\/nge.vn\/\",\"name\":\"NGE 3D Printers Services\",\"description\":\"\",\"potentialAction\":[{\"@type\":\"SearchAction\",\"target\":{\"@type\":\"EntryPoint\",\"urlTemplate\":\"https:\/\/nge.vn\/?s={search_term_string}\"},\"query-input\":{\"@type\":\"PropertyValueSpecification\",\"valueRequired\":true,\"valueName\":\"search_term_string\"}}],\"inLanguage\":\"en-US\"}]}<\/script>\n<!-- \/ Yoast SEO Premium plugin. -->","yoast_head_json":{"title":"Nh\u1ef1a in 3d eSun GM100 Gingiva Mask Resin m\u00e0u Pink 500ml\/ Chai - NGE 3D Printers Services","robots":{"index":"index","follow":"follow","max-snippet":"max-snippet:-1","max-image-preview":"max-image-preview:large","max-video-preview":"max-video-preview:-1"},"canonical":"https:\/\/nge.vn\/en\/product\/nhua-in-3d-esun-gm100-gingiva-mask-resin-mau-pink-500ml-chai\/","og_locale":"en_US","og_type":"article","og_title":"Nh\u1ef1a in 3d eSun GM100 Gingiva Mask Resin m\u00e0u Pink 500ml\/ Chai","og_description":"Nh\u1ef1a in 3d eSun GM100 Gingiva Mask Resin m\u00e0u Pink 500ml\/ Chai","og_url":"https:\/\/nge.vn\/en\/product\/nhua-in-3d-esun-gm100-gingiva-mask-resin-mau-pink-500ml-chai\/","og_site_name":"NGE 3D Printers Services","article_modified_time":"2024-10-29T07:32:39+00:00","og_image":[{"width":558,"height":558,"url":"https:\/\/nge.vn\/wp-content\/uploads\/2024\/10\/images-upload-woo2Fb2e917571ebd659b02aaa67d61030677.jpg","type":"image\/jpeg"}],"twitter_card":"summary_large_image","twitter_misc":{"Est. reading time":"2 minutes"},"schema":{"@context":"https:\/\/schema.org","@graph":[{"@type":"WebPage","@id":"https:\/\/nge.vn\/san-pham\/nhua-in-3d-esun-gm100-gingiva-mask-resin-mau-pink-500ml-chai\/","url":"https:\/\/nge.vn\/san-pham\/nhua-in-3d-esun-gm100-gingiva-mask-resin-mau-pink-500ml-chai\/","name":"Nh\u1ef1a in 3d eSun GM100 Gingiva Mask Resin m\u00e0u Pink 500ml\/ Chai - NGE 3D Printers Services","isPartOf":{"@id":"https:\/\/nge.vn\/#website"},"primaryImageOfPage":{"@id":"https:\/\/nge.vn\/san-pham\/nhua-in-3d-esun-gm100-gingiva-mask-resin-mau-pink-500ml-chai\/#primaryimage"},"image":{"@id":"https:\/\/nge.vn\/san-pham\/nhua-in-3d-esun-gm100-gingiva-mask-resin-mau-pink-500ml-chai\/#primaryimage"},"thumbnailUrl":"https:\/\/nge.vn\/wp-content\/uploads\/2024\/10\/images-upload-woo2Fb2e917571ebd659b02aaa67d61030677.jpg","datePublished":"2024-10-26T09:27:42+00:00","dateModified":"2024-10-29T07:32:39+00:00","breadcrumb":{"@id":"https:\/\/nge.vn\/san-pham\/nhua-in-3d-esun-gm100-gingiva-mask-resin-mau-pink-500ml-chai\/#breadcrumb"},"inLanguage":"en-US","potentialAction":[{"@type":"ReadAction","target":["https:\/\/nge.vn\/san-pham\/nhua-in-3d-esun-gm100-gingiva-mask-resin-mau-pink-500ml-chai\/"]}]},{"@type":"ImageObject","inLanguage":"en-US","@id":"https:\/\/nge.vn\/san-pham\/nhua-in-3d-esun-gm100-gingiva-mask-resin-mau-pink-500ml-chai\/#primaryimage","url":"https:\/\/nge.vn\/wp-content\/uploads\/2024\/10\/images-upload-woo2Fb2e917571ebd659b02aaa67d61030677.jpg","contentUrl":"https:\/\/nge.vn\/wp-content\/uploads\/2024\/10\/images-upload-woo2Fb2e917571ebd659b02aaa67d61030677.jpg","width":558,"height":558},{"@type":"BreadcrumbList","@id":"https:\/\/nge.vn\/san-pham\/nhua-in-3d-esun-gm100-gingiva-mask-resin-mau-pink-500ml-chai\/#breadcrumb","itemListElement":[{"@type":"ListItem","position":1,"name":"Trang ch\u1ee7","item":"https:\/\/nge.vn\/"},{"@type":"ListItem","position":2,"name":"S\u1ea3n ph\u1ea9m","item":"https:\/\/nge.vn\/san-pham\/"},{"@type":"ListItem","position":3,"name":"Nh\u1ef1a in 3d eSun GM100 Gingiva Mask Resin m\u00e0u Pink 500ml\/ Chai"}]},{"@type":"WebSite","@id":"https:\/\/nge.vn\/#website","url":"https:\/\/nge.vn\/","name":"NGE 3D Printers Services","description":"","potentialAction":[{"@type":"SearchAction","target":{"@type":"EntryPoint","urlTemplate":"https:\/\/nge.vn\/?s={search_term_string}"},"query-input":{"@type":"PropertyValueSpecification","valueRequired":true,"valueName":"search_term_string"}}],"inLanguage":"en-US"}]}},"_links":{"self":[{"href":"https:\/\/nge.vn\/en\/wp-json\/wp\/v2\/product\/3873","targetHints":{"allow":["GET"]}}],"collection":[{"href":"https:\/\/nge.vn\/en\/wp-json\/wp\/v2\/product"}],"about":[{"href":"https:\/\/nge.vn\/en\/wp-json\/wp\/v2\/types\/product"}],"replies":[{"embeddable":true,"href":"https:\/\/nge.vn\/en\/wp-json\/wp\/v2\/comments?post=3873"}],"wp:featuredmedia":[{"embeddable":true,"href":"https:\/\/nge.vn\/en\/wp-json\/wp\/v2\/media\/3866"}],"wp:attachment":[{"href":"https:\/\/nge.vn\/en\/wp-json\/wp\/v2\/media?parent=3873"}],"wp:term":[{"taxonomy":"product_brand","embeddable":true,"href":"https:\/\/nge.vn\/en\/wp-json\/wp\/v2\/product_brand?post=3873"},{"taxonomy":"product_cat","embeddable":true,"href":"https:\/\/nge.vn\/en\/wp-json\/wp\/v2\/product_cat?post=3873"},{"taxonomy":"product_tag","embeddable":true,"href":"https:\/\/nge.vn\/en\/wp-json\/wp\/v2\/product_tag?post=3873"}],"curies":[{"name":"wp","href":"https:\/\/api.w.org\/{rel}","templated":true}]}}