{"id":3865,"date":"2024-10-26T16:25:46","date_gmt":"2024-10-26T09:25:46","guid":{"rendered":"https:\/\/nge.123websitedev.com\/san-pham\/may-in-3d-creality-ender-3-v2-neo-kho-in-222225cm-can-ban-tu-dong-voi-cr-touch\/"},"modified":"2025-02-21T11:34:24","modified_gmt":"2025-02-21T04:34:24","slug":"may-in-3d-creality-ender-3-v2-neo-kho-in-222225cm-can-ban-tu-dong-voi-cr-touch","status":"publish","type":"product","link":"https:\/\/nge.vn\/en\/product\/may-in-3d-creality-ender-3-v2-neo-kho-in-222225cm-can-ban-tu-dong-voi-cr-touch\/","title":{"rendered":"M\u00e1y in 3d Creality Ender 3 V2 Neo kh\u1ed5 in 22*22*25cm c\u00e2n b\u00e0n t\u1ef1 \u0111\u1ed9ng v\u1edbi CR-Touch"},"content":{"rendered":"<p>Ender 3 V2 Neo In d\u1ec5 d\u00e0ng v\u00e0 ch\u00ednh x\u00e1c<br \/>\n+CR-Touch t\u1ef1 \u0111\u1ed9ng san l\u1ea5p m\u1eb7t b\u1eb1ng<br \/>\n+M\u00e1y \u0111\u00f9n bowden ho\u00e0n to\u00e0n b\u1eb1ng kim lo\u1ea1i<br \/>\n+Thi\u1ebft k\u1ebf t\u00edch h\u1ee3p \u1ed5n \u0111\u1ecbnh<\/p>\n<p>T\u00ednh n\u0103ng c\u1ed1t l\u00f5i<br \/>\n+Thi\u1ebft k\u1ebf t\u00edch h\u1ee3p \u1ed5n \u0111\u1ecbnh<br \/>\n+CR-Touch t\u1ef1 \u0111\u1ed9ng san l\u1ea5p m\u1eb7t b\u1eb1ng<br \/>\n+M\u00e1y \u0111\u00f9n bowden ho\u00e0n to\u00e0n b\u1eb1ng kim lo\u1ea1i<br \/>\n+Th\u00e9p l\u00f2 xo PC t\u1ea5m x\u00e2y d\u1ef1ng t\u1eeb t\u00ednh<br \/>\n+L\u1eafp r\u00e1p nhanh<br \/>\n+Xem tr\u01b0\u1edbc b\u1ea3n in v\u1edbi giao di\u1ec7n ng\u01b0\u1eddi d\u00f9ng m\u1edbi<\/p>\n<p>_Thi\u1ebft k\u1ebf t\u00edch h\u1ee3p c\u1ed5 \u0111i\u1ec3n v\u00e0 \u1ed5n \u0111\u1ecbnh<br \/>\nThi\u1ebft k\u1ebf t\u00edch h\u1ee3p ho\u00e0n to\u00e0n b\u1eb1ng kim lo\u1ea1i v\u1edbi gi\u00e1 \u0111\u1ee1 ch\u1eafc ch\u1eafn \u0111\u1ec3 in \u1ed5n \u0111\u1ecbnh. B\u1ec1 m\u1eb7t gi\u00e0n nh\u1eb5n tr\u00f4ng \u0111\u01a1n gi\u1ea3n v\u00e0 th\u1ea9m m\u1ef9 h\u01a1n.<\/p>\n<p>_\u0110\u1ed9 ch\u00ednh x\u00e1c n\u00e2ng cao v\u1edbi CR Touch<br \/>\nT\u1ef1 \u0111\u1ed9ng c\u00e2n b\u1eb1ng CR Touch ho\u00e0n th\u00e0nh vi\u1ec7c ki\u1ec3m tra chi\u1ec1u cao in 16 \u0111i\u1ec3m tr\u00ean b\u1ec1 m\u1eb7t x\u00e2y d\u1ef1ng, \u0111\u1ea3m b\u1ea3o \u0111\u1ed9 ch\u00ednh x\u00e1c c\u1ee7a vi\u1ec7c c\u00e2n b\u1eb1ng v\u00e0 c\u1ea3i thi\u1ec7n ch\u1ea5t l\u01b0\u1ee3ng in.<\/p>\n<p>_M\u00e1y \u0111\u00f9n Bowden to\u00e0n kim lo\u1ea1i cho ch\u1ea1y n\u1ea1p v\u00e0 r\u00fat nh\u1ef1a tr\u01a1n tru<br \/>\nM\u00e1y \u0111\u00f9n Bowden ho\u00e0n to\u00e0n b\u1eb1ng kim lo\u1ea1i c\u00f3 l\u1ef1c \u0111\u00f9n l\u1edbn h\u01a1n v\u00e0 b\u1ec1n h\u01a1n. M\u1ed9t n\u00fam xoay \u0111\u01b0\u1ee3c th\u00eam v\u00e0o \u0111\u1ec3 t\u1ea1o \u0111i\u1ec1u ki\u1ec7n cho vi\u1ec7c n\u1ea1p v\u00e0 r\u00fat c\u00e1c s\u1ee3i nh\u1ef1a m\u1ed9t c\u00e1ch tr\u01a1n tru.<\/p>\n<p>_T\u1ea5m x\u00e2y d\u1ef1ng c\u00f3 th\u1ec3 u\u1ed1n cong v\u00e0 d\u00ednh<br \/>\nT\u1ea5m x\u00e2y d\u1ef1ng t\u1eeb t\u00ednh b\u1eb1ng th\u00e9p l\u00f2 xo PC c\u00f3 \u0111\u1ed9 b\u00e1m d\u00ednh t\u1ed1t v\u1edbi m\u00f4 h\u00ecnh v\u00e0 n\u00f3 cho ph\u00e9p lo\u1ea1i b\u1ecf b\u1ea3n in nhanh ch\u00f3ng ch\u1ec9 b\u1eb1ng m\u1ed9t c\u00e1i u\u1ed1n cong nh\u1eb9.<\/p>\n<p>_L\u1eafp r\u00e1p nhanh ch\u00f3ng, D\u1ec5 d\u00e0ng x\u1eed l\u00fd<br \/>\nThi\u1ebft k\u1ebf theo d\u1ea1ng module v\u1edbi m\u1ed9t s\u1ed1 b\u1ed9 ph\u1eadn \u0111\u01b0\u1ee3c c\u00e0i \u0111\u1eb7t s\u1eb5n, vi\u1ec7c l\u1eafp r\u00e1p c\u00f3 th\u1ec3 \u0111\u01b0\u1ee3c ho\u00e0n th\u00e0nh trong 3 b\u01b0\u1edbc. Kh\u00f4ng ph\u1ea3i l\u00e0 m\u1ed9t th\u00e1ch th\u1ee9c \u1edf t\u1ea5t c\u1ea3!<\/p>\n<p>_Xem tr\u01b0\u1edbc b\u1ea3n in v\u1edbi giao di\u1ec7n ng\u01b0\u1eddi d\u00f9ng m\u1edbi<br \/>\nGiao di\u1ec7n ng\u01b0\u1eddi d\u00f9ng m\u1edbi \u0111\u01b0\u1ee3c n\u00e2ng c\u1ea5p c\u00f3 th\u00eam ch\u1ee9c n\u0103ng xem tr\u01b0\u1edbc m\u00f4 h\u00ecnh, gi\u00fap quan s\u00e1t h\u00ecnh d\u1ea1ng ch\u00ednh x\u00e1c d\u1ec5 d\u00e0ng h\u01a1n.<\/p>\n<p>_In im l\u1eb7ng<br \/>\nBo m\u1ea1ch ch\u1ee7 im l\u1eb7ng cho ph\u00e9p ho\u1ea1t \u0111\u1ed9ng v\u1edbi decibel th\u1ea5p, kh\u00f4ng l\u00e0m phi\u1ec1n vi\u1ec7c h\u1ecdc hay gi\u1ea5c ng\u1ee7.<\/p>\n<p>_Thi\u1ebft k\u1ebf l\u1ea5y con ng\u01b0\u1eddi l\u00e0m trung t\u00e2m<br \/>\nH\u1ed9p c\u00f4ng c\u1ee5 t\u00edch h\u1ee3p l\u00e0 n\u01a1i ch\u1ee9a ho\u00e0n h\u1ea3o cho c\u00e1c linh ki\u1ec7n.<\/p>\n<p>_B\u1ed9 n\u00fam c\u0103ng gi\u00fap nhanh ch\u00f3ng \u0111i\u1ec1u ch\u1ec9nh \u0111\u1ed9 ch\u1eb7t c\u1ee7a d\u00e2y \u0111ai, duy tr\u00ec t\u00ecnh tr\u1ea1ng in t\u1ed1t.<br \/>\n_Ch\u1ee9c n\u0103ng in ti\u1ebfp t\u1ee5c c\u00f3 th\u1ec3 ghi l\u1ea1i d\u1eef li\u1ec7u trong th\u1eddi gian ng\u1eebng ho\u1ea1t \u0111\u1ed9ng v\u00e0 kh\u00f4i ph\u1ee5c b\u1ea3n in t\u1eeb n\u01a1i n\u00f3 b\u1ecb d\u1eebng l\u1ea1i, gi\u1ea3m nguy c\u01a1 in h\u1ecfng v\u00e0 l\u00e3ng ph\u00ed s\u01a1i nh\u1ef1a.<\/p>\n<p>_Product Parameters<br \/>\n+Build Volume: 220*220x250mm<br \/>\n+Machine Dimension: 438*424*472mm<br \/>\n+Package Dimension: 520*505*280mm<br \/>\n+Net Weight: 7.8kg<br \/>\n+Gross Weight: 9.8kg<br \/>\n+Printing Speed: Maximum 120mm\/s<br \/>\n+Printing Precison: \u00b10.1mm<br \/>\n+Layer Height: 0.05-0.35mm<br \/>\n+Nozzle Temperature: up to 260\u00b0C<br \/>\n+Heat Bed Temperature: up to 100\u00b0C<br \/>\n+Build Surface: PC Spring Steel Magnetic Build Plate<br \/>\n+Extruder: Bowden extruder<br \/>\n+Extrusion Material: Full-metal<br \/>\n+Leveling Mode: CR Touch Auto-leveling<br \/>\n+Display: 4.3&#8243; Color Knob Screen<br \/>\n+Mainboard: 32-bit Silent Mainboard<br \/>\n+Resume Printing: Yes<br \/>\n+Rated Voltage: 100-120V~, 200-240V~, 50\/60Hz<br \/>\n+Rated Power: 350W<br \/>\n+Slicing Software: Creality Slicer\/ Cura\/Simplify3D<br \/>\n+Data Transmission Method: Micro USB\/TF Card<br \/>\n+3D File Format: STL\/OBI\/AMF<br \/>\n+Supported Filament: PLA\/PETG\/ABS<br \/>\n+Supported Language: Chinese\/English<\/p>\n<p>**\u0110\u1ec3 \u0111\u01b0\u1ee3c nh\u1eadn \u0111\u01b0\u1ee3c gi\u00e1 \u01b0u \u0111\u00e3i t\u1ed1t nh\u1ea5t vui l\u00f2ng li\u00ean h\u1ec7 mua tr\u1ef1c ti\u1ebfp shop:<br \/>\n0913.939.775 contact A.Quan (for English)<br \/>\n094.144.0951 contact A.Quynh<br \/>\n**Selling price does not include VAT (+10% if VAT invoice is issued)<\/p>","protected":false},"excerpt":{"rendered":"<p>M\u00e1y in 3d Creality Ender 3 V2 Neo kh\u1ed5 in 22*22*25cm c\u00e2n b\u00e0n t\u1ef1 \u0111\u1ed9ng v\u1edbi CR-Touch<\/p>","protected":false},"featured_media":3856,"comment_status":"open","ping_status":"closed","template":"","meta":{"inline_featured_image":false},"product_brand":[],"product_cat":[39,51],"product_tag":[],"class_list":{"0":"post-3865","1":"product","2":"type-product","3":"status-publish","4":"has-post-thumbnail","6":"product_cat-may-in-3d","7":"product_cat-may-in-3d-creality","9":"first","10":"instock","11":"sale","12":"taxable","13":"shipping-taxable","14":"purchasable","15":"product-type-simple"},"yoast_head":"<!-- This site is optimized with the Yoast SEO Premium plugin v22.8 (Yoast SEO v26.9) - https:\/\/yoast.com\/product\/yoast-seo-premium-wordpress\/ -->\n<title>M\u00e1y in 3d Creality Ender 3 V2 Neo kh\u1ed5 in 22*22*25cm c\u00e2n b\u00e0n t\u1ef1 \u0111\u1ed9ng v\u1edbi CR-Touch - NGE 3D Printers Services<\/title>\n<meta name=\"robots\" content=\"index, follow, max-snippet:-1, max-image-preview:large, max-video-preview:-1\" \/>\n<link rel=\"canonical\" href=\"https:\/\/nge.vn\/en\/product\/may-in-3d-creality-ender-3-v2-neo-kho-in-222225cm-can-ban-tu-dong-voi-cr-touch\/\" \/>\n<meta property=\"og:locale\" content=\"en_US\" \/>\n<meta property=\"og:type\" content=\"article\" \/>\n<meta property=\"og:title\" content=\"M\u00e1y in 3d Creality Ender 3 V2 Neo kh\u1ed5 in 22*22*25cm c\u00e2n b\u00e0n t\u1ef1 \u0111\u1ed9ng v\u1edbi CR-Touch\" \/>\n<meta property=\"og:description\" content=\"M\u00e1y in 3d Creality Ender 3 V2 Neo kh\u1ed5 in 22*22*25cm c\u00e2n b\u00e0n t\u1ef1 \u0111\u1ed9ng v\u1edbi CR-Touch\" \/>\n<meta property=\"og:url\" content=\"https:\/\/nge.vn\/en\/product\/may-in-3d-creality-ender-3-v2-neo-kho-in-222225cm-can-ban-tu-dong-voi-cr-touch\/\" \/>\n<meta property=\"og:site_name\" content=\"NGE 3D Printers Services\" \/>\n<meta property=\"article:modified_time\" content=\"2025-02-21T04:34:24+00:00\" \/>\n<meta property=\"og:image\" content=\"https:\/\/nge.vn\/wp-content\/uploads\/2024\/10\/images-upload-woo2Fa29ff69410edbc5516b9bf16b4125ab5.jpg\" \/>\n\t<meta property=\"og:image:width\" content=\"816\" \/>\n\t<meta property=\"og:image:height\" content=\"816\" \/>\n\t<meta property=\"og:image:type\" content=\"image\/jpeg\" \/>\n<meta name=\"twitter:card\" content=\"summary_large_image\" \/>\n<meta name=\"twitter:label1\" content=\"Est. reading time\" \/>\n\t<meta name=\"twitter:data1\" content=\"4 minutes\" \/>\n<script type=\"application\/ld+json\" class=\"yoast-schema-graph\">{\"@context\":\"https:\/\/schema.org\",\"@graph\":[{\"@type\":\"WebPage\",\"@id\":\"https:\/\/nge.vn\/san-pham\/may-in-3d-creality-ender-3-v2-neo-kho-in-222225cm-can-ban-tu-dong-voi-cr-touch\/\",\"url\":\"https:\/\/nge.vn\/san-pham\/may-in-3d-creality-ender-3-v2-neo-kho-in-222225cm-can-ban-tu-dong-voi-cr-touch\/\",\"name\":\"M\u00e1y in 3d Creality Ender 3 V2 Neo kh\u1ed5 in 22*22*25cm c\u00e2n b\u00e0n t\u1ef1 \u0111\u1ed9ng v\u1edbi CR-Touch - NGE 3D Printers Services\",\"isPartOf\":{\"@id\":\"https:\/\/nge.vn\/#website\"},\"primaryImageOfPage\":{\"@id\":\"https:\/\/nge.vn\/san-pham\/may-in-3d-creality-ender-3-v2-neo-kho-in-222225cm-can-ban-tu-dong-voi-cr-touch\/#primaryimage\"},\"image\":{\"@id\":\"https:\/\/nge.vn\/san-pham\/may-in-3d-creality-ender-3-v2-neo-kho-in-222225cm-can-ban-tu-dong-voi-cr-touch\/#primaryimage\"},\"thumbnailUrl\":\"https:\/\/nge.vn\/wp-content\/uploads\/2024\/10\/images-upload-woo2Fa29ff69410edbc5516b9bf16b4125ab5.jpg\",\"datePublished\":\"2024-10-26T09:25:46+00:00\",\"dateModified\":\"2025-02-21T04:34:24+00:00\",\"breadcrumb\":{\"@id\":\"https:\/\/nge.vn\/san-pham\/may-in-3d-creality-ender-3-v2-neo-kho-in-222225cm-can-ban-tu-dong-voi-cr-touch\/#breadcrumb\"},\"inLanguage\":\"en-US\",\"potentialAction\":[{\"@type\":\"ReadAction\",\"target\":[\"https:\/\/nge.vn\/san-pham\/may-in-3d-creality-ender-3-v2-neo-kho-in-222225cm-can-ban-tu-dong-voi-cr-touch\/\"]}]},{\"@type\":\"ImageObject\",\"inLanguage\":\"en-US\",\"@id\":\"https:\/\/nge.vn\/san-pham\/may-in-3d-creality-ender-3-v2-neo-kho-in-222225cm-can-ban-tu-dong-voi-cr-touch\/#primaryimage\",\"url\":\"https:\/\/nge.vn\/wp-content\/uploads\/2024\/10\/images-upload-woo2Fa29ff69410edbc5516b9bf16b4125ab5.jpg\",\"contentUrl\":\"https:\/\/nge.vn\/wp-content\/uploads\/2024\/10\/images-upload-woo2Fa29ff69410edbc5516b9bf16b4125ab5.jpg\",\"width\":816,\"height\":816},{\"@type\":\"BreadcrumbList\",\"@id\":\"https:\/\/nge.vn\/san-pham\/may-in-3d-creality-ender-3-v2-neo-kho-in-222225cm-can-ban-tu-dong-voi-cr-touch\/#breadcrumb\",\"itemListElement\":[{\"@type\":\"ListItem\",\"position\":1,\"name\":\"Trang ch\u1ee7\",\"item\":\"https:\/\/nge.vn\/\"},{\"@type\":\"ListItem\",\"position\":2,\"name\":\"S\u1ea3n ph\u1ea9m\",\"item\":\"https:\/\/nge.vn\/san-pham\/\"},{\"@type\":\"ListItem\",\"position\":3,\"name\":\"M\u00e1y in 3d Creality Ender 3 V2 Neo kh\u1ed5 in 22*22*25cm c\u00e2n b\u00e0n t\u1ef1 \u0111\u1ed9ng v\u1edbi CR-Touch\"}]},{\"@type\":\"WebSite\",\"@id\":\"https:\/\/nge.vn\/#website\",\"url\":\"https:\/\/nge.vn\/\",\"name\":\"NGE 3D Printers Services\",\"description\":\"\",\"potentialAction\":[{\"@type\":\"SearchAction\",\"target\":{\"@type\":\"EntryPoint\",\"urlTemplate\":\"https:\/\/nge.vn\/?s={search_term_string}\"},\"query-input\":{\"@type\":\"PropertyValueSpecification\",\"valueRequired\":true,\"valueName\":\"search_term_string\"}}],\"inLanguage\":\"en-US\"}]}<\/script>\n<!-- \/ Yoast SEO Premium plugin. -->","yoast_head_json":{"title":"M\u00e1y in 3d Creality Ender 3 V2 Neo kh\u1ed5 in 22*22*25cm c\u00e2n b\u00e0n t\u1ef1 \u0111\u1ed9ng v\u1edbi CR-Touch - NGE 3D Printers Services","robots":{"index":"index","follow":"follow","max-snippet":"max-snippet:-1","max-image-preview":"max-image-preview:large","max-video-preview":"max-video-preview:-1"},"canonical":"https:\/\/nge.vn\/en\/product\/may-in-3d-creality-ender-3-v2-neo-kho-in-222225cm-can-ban-tu-dong-voi-cr-touch\/","og_locale":"en_US","og_type":"article","og_title":"M\u00e1y in 3d Creality Ender 3 V2 Neo kh\u1ed5 in 22*22*25cm c\u00e2n b\u00e0n t\u1ef1 \u0111\u1ed9ng v\u1edbi CR-Touch","og_description":"M\u00e1y in 3d Creality Ender 3 V2 Neo kh\u1ed5 in 22*22*25cm c\u00e2n b\u00e0n t\u1ef1 \u0111\u1ed9ng v\u1edbi CR-Touch","og_url":"https:\/\/nge.vn\/en\/product\/may-in-3d-creality-ender-3-v2-neo-kho-in-222225cm-can-ban-tu-dong-voi-cr-touch\/","og_site_name":"NGE 3D Printers Services","article_modified_time":"2025-02-21T04:34:24+00:00","og_image":[{"width":816,"height":816,"url":"https:\/\/nge.vn\/wp-content\/uploads\/2024\/10\/images-upload-woo2Fa29ff69410edbc5516b9bf16b4125ab5.jpg","type":"image\/jpeg"}],"twitter_card":"summary_large_image","twitter_misc":{"Est. reading time":"4 minutes"},"schema":{"@context":"https:\/\/schema.org","@graph":[{"@type":"WebPage","@id":"https:\/\/nge.vn\/san-pham\/may-in-3d-creality-ender-3-v2-neo-kho-in-222225cm-can-ban-tu-dong-voi-cr-touch\/","url":"https:\/\/nge.vn\/san-pham\/may-in-3d-creality-ender-3-v2-neo-kho-in-222225cm-can-ban-tu-dong-voi-cr-touch\/","name":"M\u00e1y in 3d Creality Ender 3 V2 Neo kh\u1ed5 in 22*22*25cm c\u00e2n b\u00e0n t\u1ef1 \u0111\u1ed9ng v\u1edbi CR-Touch - NGE 3D Printers Services","isPartOf":{"@id":"https:\/\/nge.vn\/#website"},"primaryImageOfPage":{"@id":"https:\/\/nge.vn\/san-pham\/may-in-3d-creality-ender-3-v2-neo-kho-in-222225cm-can-ban-tu-dong-voi-cr-touch\/#primaryimage"},"image":{"@id":"https:\/\/nge.vn\/san-pham\/may-in-3d-creality-ender-3-v2-neo-kho-in-222225cm-can-ban-tu-dong-voi-cr-touch\/#primaryimage"},"thumbnailUrl":"https:\/\/nge.vn\/wp-content\/uploads\/2024\/10\/images-upload-woo2Fa29ff69410edbc5516b9bf16b4125ab5.jpg","datePublished":"2024-10-26T09:25:46+00:00","dateModified":"2025-02-21T04:34:24+00:00","breadcrumb":{"@id":"https:\/\/nge.vn\/san-pham\/may-in-3d-creality-ender-3-v2-neo-kho-in-222225cm-can-ban-tu-dong-voi-cr-touch\/#breadcrumb"},"inLanguage":"en-US","potentialAction":[{"@type":"ReadAction","target":["https:\/\/nge.vn\/san-pham\/may-in-3d-creality-ender-3-v2-neo-kho-in-222225cm-can-ban-tu-dong-voi-cr-touch\/"]}]},{"@type":"ImageObject","inLanguage":"en-US","@id":"https:\/\/nge.vn\/san-pham\/may-in-3d-creality-ender-3-v2-neo-kho-in-222225cm-can-ban-tu-dong-voi-cr-touch\/#primaryimage","url":"https:\/\/nge.vn\/wp-content\/uploads\/2024\/10\/images-upload-woo2Fa29ff69410edbc5516b9bf16b4125ab5.jpg","contentUrl":"https:\/\/nge.vn\/wp-content\/uploads\/2024\/10\/images-upload-woo2Fa29ff69410edbc5516b9bf16b4125ab5.jpg","width":816,"height":816},{"@type":"BreadcrumbList","@id":"https:\/\/nge.vn\/san-pham\/may-in-3d-creality-ender-3-v2-neo-kho-in-222225cm-can-ban-tu-dong-voi-cr-touch\/#breadcrumb","itemListElement":[{"@type":"ListItem","position":1,"name":"Trang ch\u1ee7","item":"https:\/\/nge.vn\/"},{"@type":"ListItem","position":2,"name":"S\u1ea3n ph\u1ea9m","item":"https:\/\/nge.vn\/san-pham\/"},{"@type":"ListItem","position":3,"name":"M\u00e1y in 3d Creality Ender 3 V2 Neo kh\u1ed5 in 22*22*25cm c\u00e2n b\u00e0n t\u1ef1 \u0111\u1ed9ng v\u1edbi CR-Touch"}]},{"@type":"WebSite","@id":"https:\/\/nge.vn\/#website","url":"https:\/\/nge.vn\/","name":"NGE 3D Printers Services","description":"","potentialAction":[{"@type":"SearchAction","target":{"@type":"EntryPoint","urlTemplate":"https:\/\/nge.vn\/?s={search_term_string}"},"query-input":{"@type":"PropertyValueSpecification","valueRequired":true,"valueName":"search_term_string"}}],"inLanguage":"en-US"}]}},"_links":{"self":[{"href":"https:\/\/nge.vn\/en\/wp-json\/wp\/v2\/product\/3865","targetHints":{"allow":["GET"]}}],"collection":[{"href":"https:\/\/nge.vn\/en\/wp-json\/wp\/v2\/product"}],"about":[{"href":"https:\/\/nge.vn\/en\/wp-json\/wp\/v2\/types\/product"}],"replies":[{"embeddable":true,"href":"https:\/\/nge.vn\/en\/wp-json\/wp\/v2\/comments?post=3865"}],"wp:featuredmedia":[{"embeddable":true,"href":"https:\/\/nge.vn\/en\/wp-json\/wp\/v2\/media\/3856"}],"wp:attachment":[{"href":"https:\/\/nge.vn\/en\/wp-json\/wp\/v2\/media?parent=3865"}],"wp:term":[{"taxonomy":"product_brand","embeddable":true,"href":"https:\/\/nge.vn\/en\/wp-json\/wp\/v2\/product_brand?post=3865"},{"taxonomy":"product_cat","embeddable":true,"href":"https:\/\/nge.vn\/en\/wp-json\/wp\/v2\/product_cat?post=3865"},{"taxonomy":"product_tag","embeddable":true,"href":"https:\/\/nge.vn\/en\/wp-json\/wp\/v2\/product_tag?post=3865"}],"curies":[{"name":"wp","href":"https:\/\/api.w.org\/{rel}","templated":true}]}}