{"id":3855,"date":"2024-10-26T16:24:11","date_gmt":"2024-10-26T09:24:11","guid":{"rendered":"https:\/\/nge.123websitedev.com\/san-pham\/may-in-3d-resin-creality-halot-mage-s-14k-chuyen-in-nu-trang-nha-khoa-va-mo-hinh-tieu-canh-can-do-net-chi-tiet-cao\/"},"modified":"2025-06-20T09:28:51","modified_gmt":"2025-06-20T02:28:51","slug":"may-in-3d-resin-creality-halot-mage-s-14k-chuyen-in-nu-trang-nha-khoa-va-mo-hinh-tieu-canh-can-do-net-chi-tiet-cao","status":"publish","type":"product","link":"https:\/\/nge.vn\/en\/product\/may-in-3d-resin-creality-halot-mage-s-14k-chuyen-in-nu-trang-nha-khoa-va-mo-hinh-tieu-canh-can-do-net-chi-tiet-cao\/","title":{"rendered":"M\u00e1y in 3d resin Creality HALOT-MAGE S 14K chuy\u00ean in N\u1eef Trang, Nha Khoa v\u00e0 m\u00f4 h\u00ecnh ti\u1ec3u c\u1ea3nh c\u1ea7n \u0111\u1ed9 n\u00e9t chi ti\u1ebft cao"},"content":{"rendered":"<p>HALOT MAGE S 14K Chi ti\u1ebft v\u00e0 t\u1ed1c \u0111\u1ed9 tuy\u1ec7t \u0111\u1eb9p<br \/>\n_LCD 10,1&#8243; \u0111\u1ed9 ph\u00e2n gi\u1ea3i 14K<br \/>\n_Ngu\u1ed3n s\u00e1ng t\u00edch h\u1ee3p th\u1ed1ng nh\u1ea5t 3.0<br \/>\n_Ch\u1ebf \u0111\u1ed9 c\u1ef1c nhanh &#8220;Dynax+&#8221; T\u1ed1c \u0111\u1ed9 150mm\/h<br \/>\n_Phim &#8220;Pictor&#8221; c\u00f3 ch\u1ee7 \u0111\u00edch t\u1ed1c \u0111\u1ed9<br \/>\n_In th\u00e0nh c\u00f4ng \u0111\u01b0\u1ee3c c\u1ee7ng c\u1ed1 t\u1ed1t<br \/>\n_H\u1ec7 \u0111i\u1ec1u h\u00e0nh HALOT th\u00f4ng minh, T\u1ef1 do ki\u1ec3m so\u00e1t<br \/>\n_M\u00e1y l\u1ecdc kh\u00f4ng kh\u00ed, ni\u1ec1m vui kh\u00f4ng m\u00f9i<\/p>\n<p>M\u00e1y in 3D RESIN l\u00fd t\u01b0\u1edfng \u0111\u1ec3 t\u1ea1o ra \u0111\u1ed3 trang s\u1ee9c v\u00e0 ti\u1ec3u c\u1ea3nh tinh x\u1ea3o<\/p>\n<p>T\u1ed1c \u0111\u1ed9 ngo\u1ea1n m\u1ee5c si\u00eau ch\u00ednh x\u00e1c<br \/>\nM\u00e0n h\u00ecnh LCD \u0111\u01a1n s\u1eafc 14K (13320*320 rem)<\/p>\n<p>D\u1ec5 d\u00e0ng b\u1ea3o tr\u00ec H\u1ec7 sinh th\u00e1i m\u1ea1nh m\u1ebd<br \/>\nM\u00e1y th\u00e1i &amp; ph\u1ee5 ki\u1ec7n chuy\u00ean nghi\u1ec7p<\/p>\n<p>HALOT-MAGE S c\u00f3 m\u00e0n h\u00ecnh LCD cao c\u1ea5p v\u1edbi \u0111\u1ed9 ph\u00e2n gi\u1ea3i c\u1ef1c cao 14K.<br \/>\nN\u00f3 c\u00f3 kh\u1ea3 n\u0103ng k\u1ef3 di\u1ec7u \u0111\u1ec3 t\u1ea1o ra c\u00e1c h\u00ecnh d\u1ea1ng, k\u1ebft c\u1ea5u v\u00e0 v\u1ea3i ch\u00ednh x\u00e1c nh\u01b0 thi\u1ebft k\u1ebf<br \/>\nM\u1ed7i b\u1ea3n in 3D \u0111\u1ea1i di\u1ec7n cho m\u1ed9t t\u00e1c ph\u1ea9m ngh\u1ec7 thu\u1eadt ch\u00e2n th\u1ef1c<br \/>\n\u0110\u1ed9 ph\u00e2n gi\u1ea3i 13320*5120 K\u00edch th\u01b0\u1edbc pixel 16,8 * 24,8\u03bcm<\/p>\n<p>Ngu\u1ed3n s\u00e1ng t\u00edch h\u1ee3p 3.0, \u0110\u1ed9 trung th\u1ef1c \u1edf c\u1ea5p \u0111\u1ed9 chuy\u00ean nghi\u1ec7p<br \/>\nL\u00e0 phi\u00ean b\u1ea3n th\u1ee9 3 c\u1ee7a ngu\u1ed3n s\u00e1ng t\u00edch h\u1ee3p, n\u00f3 c\u00f3 th\u1ec3 ph\u00e1t ra tia UV m\u1ea1nh v\u00e0 \u0111\u1ed3ng \u0111\u1ec1u gi\u00fap x\u1eed l\u00fd t\u1eebng l\u1edbp nh\u1ef1a m\u1ed9t c\u00e1ch ch\u00ednh x\u00e1c v\u00e0 nh\u1ea5t qu\u00e1n. Do \u0111\u00f3, b\u1ea3n in s\u1ebd g\u1ecdn g\u00e0ng, h\u00ecnh d\u1ea1ng s\u1eafc n\u00e9t v\u1edbi k\u00edch th\u01b0\u1edbc ch\u00ednh x\u00e1c<br \/>\n\u0110\u1ed9 \u0111\u1ed3ng \u0111\u1ec1u \u00e1nh s\u00e1ng 90%+* \u0110\u1ed9 ch\u00ednh x\u00e1c k\u00edch th\u01b0\u1edbc 0,02-0,09mm*<\/p>\n<p>M\u00e0n h\u00ecnh LCD 10,1&#8243; h\u1ed7 tr\u1ee3 kh\u1ed1i l\u01b0\u1ee3ng x\u00e2y d\u1ef1ng 223 * 126 * 230mm<\/p>\n<p>Ch\u1ebf \u0111\u1ed9 &#8220;Dynax+&#8221;, c\u1ef1c nhanh<br \/>\nHALOT-MAGE S cung c\u1ea5p ch\u1ebf \u0111\u1ed9 &#8220;Dynax+&#8221; nhanh h\u01a1n 3-4 l\u1ea7n v\u00e0 c\u00f3 th\u1ec3 b\u1eadt b\u1eb1ng m\u1ed9t l\u1ea7n nh\u1ea5n.<br \/>\nN\u00f3 c\u00f3 th\u1ec3 ho\u00e0n th\u00e0nh m\u1ed9t m\u00f4 h\u00ecnh cao 15cm ch\u1ec9 trong m\u1ed9t gi\u1edd.<\/p>\n<p>Chi\u1ec1u cao l\u1edbp 0,05mm \u0111\u01b0\u1ee3c khuy\u00ean d\u00f9ng \u0111\u1ec3 c\u00f3 ch\u1ea5t l\u01b0\u1ee3ng in t\u1ed1t nh\u1ea5t.<br \/>\nM\u1eb7c d\u00f9 ch\u1ebf \u0111\u1ed9 &#8220;Dynax+&#8221; c\u00f3 th\u1ec3 \u0111\u1ea1t t\u1ed1c \u0111\u1ed9 150mm\/h trong m\u1ed9t s\u1ed1 \u0111i\u1ec1u ki\u1ec7n nh\u1ea5t \u0111\u1ecbnh nh\u01b0ng t\u1ed1c \u0111\u1ed9 130mm\/h s\u1ebd c\u00f3 nhi\u1ec1u kh\u1ea3 n\u0103ng mang l\u1ea1i b\u1ea3n in \u0111\u1eb9p h\u01a1n.<\/p>\n<p>H\u1ec7 th\u1ed1ng chuy\u1ec3n \u0111\u1ed9ng &#8220;Dynax&#8221; nhanh nh\u1eb9n v\u00e0 \u1ed5n \u0111\u1ecbnh<br \/>\nT\u1ea5m x\u00e2y d\u1ef1ng c\u00f3 th\u1ec3 \u0111\u01b0\u1ee3c n\u00e2ng l\u00ean v\u00e0 h\u1ea1 xu\u1ed1ng ch\u1ec9 trong 1,2 gi\u00e2y, sau \u0111\u00f3 s\u1eb5n s\u00e0ng in l\u1edbp ti\u1ebfp theo.<br \/>\nV\u1edbi chuy\u1ec3n \u0111\u1ed9ng \u1ed5n \u0111\u1ecbnh, s\u1ebd c\u00f3 c\u00e1c \u0111\u01b0\u1eddng l\u1edbp t\u1ed1i thi\u1ec3u.<\/p>\n<p>\u0110\u1ed9ng c\u01a1 v\u00f2ng k\u00edn m\u1ea1nh m\u1ebd<br \/>\n\u0110\u00e3 s\u1eeda l\u1ed7i m\u00f4-men xo\u1eafn cao 1300N\u00b7m, kh\u1edfi \u0111\u1ed9ng ho\u1eb7c d\u1eebng nhanh ch\u00f3ng<br \/>\nKh\u00f4ng rung \u1edf t\u1ed1c \u0111\u1ed9 th\u1ea5p<br \/>\nKh\u00f4ng b\u1ecb m\u1ea5t b\u01b0\u1edbc \u1edf t\u1ed1c \u0111\u1ed9 cao<\/p>\n<p>\u0110\u01b0\u1eddng ray tuy\u1ebfn t\u00ednh k\u00e9p<br \/>\nTr\u1ee5c Z c\u1ee9ng nh\u1eafc, Z \u00edt chao \u0111\u1ea3o h\u01a1n<\/p>\n<p>Phim \u201cPictor\u201d 3 l\u1edbp c\u00f3 \u0111\u1ed9 b\u1ec1n cao v\u00e0 c\u00f3 th\u1ec3 gi\u1ea3m l\u1ef1c b\u00f3c 35%*<br \/>\nV\u00ec v\u1eady, t\u1ea5m x\u00e2y d\u1ef1ng c\u00f3 th\u1ec3 \u0111\u01b0\u1ee3c gi\u1ea3i ph\u00f3ng m\u00e0 kh\u00f4ng g\u1eb7p tr\u1edf ng\u1ea1i n\u00e0o<br \/>\nNgo\u00e0i ra c\u00f2n c\u00f3 m\u1ed9t t\u1ea5m phim FEP d\u1ef1 ph\u00f2ng \u0111\u1ec3 thay th\u1ebf (ch\u1ec9 th\u00edch h\u1ee3p cho vi\u1ec7c in t\u1ed1c \u0111\u1ed9 th\u00f4ng th\u01b0\u1eddng).<\/p>\n<p>HALOT MAGE S s\u1eed d\u1ee5ng t\u1ea5m m\u1eb7t b\u00e0n b\u1eb1ng h\u1ee3p kim nh\u00f4m \u0111\u01b0\u1ee3c gia c\u00f4ng CNC \u0111\u1ec3 t\u1ea1o l\u1edbp \u0111\u1ed3ng nh\u1ea5t \u0111\u1ea7u ti\u00ean. B\u1ec1 m\u1eb7t t\u1ea5m s\u1eed d\u1ee5ng hoa v\u0103n kh\u1eafc laser \u0111\u1eb7c bi\u1ec7t \u0111\u01b0\u1ee3c ch\u1ecdn l\u1ecdc t\u1eeb h\u00e0ng ch\u1ee5c m\u1eabu<br \/>\nN\u00f3 \u0111\u1ea3m b\u1ea3o \u0111\u1ed9 b\u00e1m d\u00ednh m\u1ea1nh h\u01a1n v\u00e0 lo\u1ea1i b\u1ecf c\u00e1c m\u00f4 h\u00ecnh nhanh h\u01a1n<\/p>\n<p>C\u0103ng th\u1eb3ng c\u00e2n b\u1eb1ng 2,25X v\u1edbi b\u1ed9 chuy\u1ec3n \u0111\u1ed5i ch\u1ed1ng tr\u01b0\u1ee3t<br \/>\nB\u1ed9 chuy\u1ec3n \u0111\u1ed5i t\u1ea5m x\u00e2y d\u1ef1ng \u0111\u01b0\u1ee3c x\u1eed l\u00fd b\u1eb1ng c\u00e1ch k\u00e9o d\u00e2y, gi\u00fap t\u0103ng ma s\u00e1t l\u00ean 2,25 l\u1ea7n l\u00ean 3530N*<br \/>\nV\u00ec v\u1eady, tr\u1ea1ng th\u00e1i c\u00e2n b\u1eb1ng \u0111\u01b0\u1ee3c kh\u00f3a ch\u1eafc ch\u1eafn m\u00e0 kh\u00f4ng b\u1ecb ch\u00f9ng<\/p>\n<p>\u1ed4 USB\/WiFi\/Ethernet<\/p>\n<p>***K\u1ebft n\u1ed1i Creality Cloud qua Wifi ho\u1eb7c 3g-4g&#8230;ta c\u00f3 th\u1ec3 qu\u1ea3n l\u00fd \u0111i\u1ec1u khi\u1ec3n m\u00e1y \u0111\u1ec3 in t\u1eeb xa, xem camera th\u1eddi gian th\u1eadt kh\u00f4ng load..<\/p>\n<p>**\u0110\u1ec3 \u0111\u01b0\u1ee3c nh\u1eadn h\u1ed9 tr\u1ee3 th\u00eam vui l\u00f2ng li\u00ean h\u1ec7:<br \/>\n0913.939.775 g\u1eb7p A.Qu\u00e2n<br \/>\n094.144.0951 contact A.Quynh<br \/>\n**Gi\u00e1 b\u00e1n ch\u01b0a bao VAT<\/p>","protected":false},"excerpt":{"rendered":"<p>M\u00e1y in 3d resin Creality HALOT-MAGE S 14K chuy\u00ean in N\u1eef Trang, Nha Khoa v\u00e0 m\u00f4 h\u00ecnh ti\u1ec3u c\u1ea3nh c\u1ea7n \u0111\u1ed9 n\u00e9t chi ti\u1ebft cao<\/p>","protected":false},"featured_media":3846,"comment_status":"open","ping_status":"closed","template":"","meta":{"inline_featured_image":false},"product_brand":[],"product_cat":[39,51],"product_tag":[],"class_list":{"0":"post-3855","1":"product","2":"type-product","3":"status-publish","4":"has-post-thumbnail","6":"product_cat-may-in-3d","7":"product_cat-may-in-3d-creality","9":"first","10":"instock","11":"sale","12":"featured","13":"taxable","14":"shipping-taxable","15":"purchasable","16":"product-type-simple"},"yoast_head":"<!-- This site is optimized with the Yoast SEO Premium plugin v22.8 (Yoast SEO v26.9) - https:\/\/yoast.com\/product\/yoast-seo-premium-wordpress\/ -->\n<title>M\u00e1y in 3d resin Creality HALOT-MAGE S 14K chuy\u00ean in N\u1eef Trang, Nha Khoa v\u00e0 m\u00f4 h\u00ecnh ti\u1ec3u c\u1ea3nh c\u1ea7n \u0111\u1ed9 n\u00e9t chi ti\u1ebft cao - NGE 3D Printers Services<\/title>\n<meta name=\"robots\" content=\"index, follow, max-snippet:-1, max-image-preview:large, max-video-preview:-1\" \/>\n<link rel=\"canonical\" href=\"https:\/\/nge.vn\/en\/product\/may-in-3d-resin-creality-halot-mage-s-14k-chuyen-in-nu-trang-nha-khoa-va-mo-hinh-tieu-canh-can-do-net-chi-tiet-cao\/\" \/>\n<meta property=\"og:locale\" content=\"en_US\" \/>\n<meta property=\"og:type\" content=\"article\" \/>\n<meta property=\"og:title\" content=\"M\u00e1y in 3d resin Creality HALOT-MAGE S 14K chuy\u00ean in N\u1eef Trang, Nha Khoa v\u00e0 m\u00f4 h\u00ecnh ti\u1ec3u c\u1ea3nh c\u1ea7n \u0111\u1ed9 n\u00e9t chi ti\u1ebft cao\" \/>\n<meta property=\"og:description\" content=\"M\u00e1y in 3d resin Creality HALOT-MAGE S 14K chuy\u00ean in N\u1eef Trang, Nha Khoa v\u00e0 m\u00f4 h\u00ecnh ti\u1ec3u c\u1ea3nh c\u1ea7n \u0111\u1ed9 n\u00e9t chi ti\u1ebft cao\" \/>\n<meta property=\"og:url\" content=\"https:\/\/nge.vn\/en\/product\/may-in-3d-resin-creality-halot-mage-s-14k-chuyen-in-nu-trang-nha-khoa-va-mo-hinh-tieu-canh-can-do-net-chi-tiet-cao\/\" \/>\n<meta property=\"og:site_name\" content=\"NGE 3D Printers Services\" \/>\n<meta property=\"article:modified_time\" content=\"2025-06-20T02:28:51+00:00\" \/>\n<meta property=\"og:image\" content=\"https:\/\/nge.vn\/wp-content\/uploads\/2024\/10\/images-upload-woo2F91148613c1ececdbb508e7199aa9cb3a.jpg\" \/>\n\t<meta property=\"og:image:width\" content=\"490\" \/>\n\t<meta property=\"og:image:height\" content=\"490\" \/>\n\t<meta property=\"og:image:type\" content=\"image\/jpeg\" \/>\n<meta name=\"twitter:card\" content=\"summary_large_image\" \/>\n<meta name=\"twitter:label1\" content=\"Est. reading time\" \/>\n\t<meta name=\"twitter:data1\" content=\"4 minutes\" \/>\n<script type=\"application\/ld+json\" class=\"yoast-schema-graph\">{\"@context\":\"https:\/\/schema.org\",\"@graph\":[{\"@type\":\"WebPage\",\"@id\":\"https:\/\/nge.vn\/san-pham\/may-in-3d-resin-creality-halot-mage-s-14k-chuyen-in-nu-trang-nha-khoa-va-mo-hinh-tieu-canh-can-do-net-chi-tiet-cao\/\",\"url\":\"https:\/\/nge.vn\/san-pham\/may-in-3d-resin-creality-halot-mage-s-14k-chuyen-in-nu-trang-nha-khoa-va-mo-hinh-tieu-canh-can-do-net-chi-tiet-cao\/\",\"name\":\"M\u00e1y in 3d resin Creality HALOT-MAGE S 14K chuy\u00ean in N\u1eef Trang, Nha Khoa v\u00e0 m\u00f4 h\u00ecnh ti\u1ec3u c\u1ea3nh c\u1ea7n \u0111\u1ed9 n\u00e9t chi ti\u1ebft cao - NGE 3D Printers Services\",\"isPartOf\":{\"@id\":\"https:\/\/nge.vn\/#website\"},\"primaryImageOfPage\":{\"@id\":\"https:\/\/nge.vn\/san-pham\/may-in-3d-resin-creality-halot-mage-s-14k-chuyen-in-nu-trang-nha-khoa-va-mo-hinh-tieu-canh-can-do-net-chi-tiet-cao\/#primaryimage\"},\"image\":{\"@id\":\"https:\/\/nge.vn\/san-pham\/may-in-3d-resin-creality-halot-mage-s-14k-chuyen-in-nu-trang-nha-khoa-va-mo-hinh-tieu-canh-can-do-net-chi-tiet-cao\/#primaryimage\"},\"thumbnailUrl\":\"https:\/\/nge.vn\/wp-content\/uploads\/2024\/10\/images-upload-woo2F91148613c1ececdbb508e7199aa9cb3a.jpg\",\"datePublished\":\"2024-10-26T09:24:11+00:00\",\"dateModified\":\"2025-06-20T02:28:51+00:00\",\"breadcrumb\":{\"@id\":\"https:\/\/nge.vn\/san-pham\/may-in-3d-resin-creality-halot-mage-s-14k-chuyen-in-nu-trang-nha-khoa-va-mo-hinh-tieu-canh-can-do-net-chi-tiet-cao\/#breadcrumb\"},\"inLanguage\":\"en-US\",\"potentialAction\":[{\"@type\":\"ReadAction\",\"target\":[\"https:\/\/nge.vn\/san-pham\/may-in-3d-resin-creality-halot-mage-s-14k-chuyen-in-nu-trang-nha-khoa-va-mo-hinh-tieu-canh-can-do-net-chi-tiet-cao\/\"]}]},{\"@type\":\"ImageObject\",\"inLanguage\":\"en-US\",\"@id\":\"https:\/\/nge.vn\/san-pham\/may-in-3d-resin-creality-halot-mage-s-14k-chuyen-in-nu-trang-nha-khoa-va-mo-hinh-tieu-canh-can-do-net-chi-tiet-cao\/#primaryimage\",\"url\":\"https:\/\/nge.vn\/wp-content\/uploads\/2024\/10\/images-upload-woo2F91148613c1ececdbb508e7199aa9cb3a.jpg\",\"contentUrl\":\"https:\/\/nge.vn\/wp-content\/uploads\/2024\/10\/images-upload-woo2F91148613c1ececdbb508e7199aa9cb3a.jpg\",\"width\":490,\"height\":490},{\"@type\":\"BreadcrumbList\",\"@id\":\"https:\/\/nge.vn\/san-pham\/may-in-3d-resin-creality-halot-mage-s-14k-chuyen-in-nu-trang-nha-khoa-va-mo-hinh-tieu-canh-can-do-net-chi-tiet-cao\/#breadcrumb\",\"itemListElement\":[{\"@type\":\"ListItem\",\"position\":1,\"name\":\"Trang ch\u1ee7\",\"item\":\"https:\/\/nge.vn\/\"},{\"@type\":\"ListItem\",\"position\":2,\"name\":\"S\u1ea3n ph\u1ea9m\",\"item\":\"https:\/\/nge.vn\/san-pham\/\"},{\"@type\":\"ListItem\",\"position\":3,\"name\":\"M\u00e1y in 3d resin Creality HALOT-MAGE S 14K chuy\u00ean in N\u1eef Trang, Nha Khoa v\u00e0 m\u00f4 h\u00ecnh ti\u1ec3u c\u1ea3nh c\u1ea7n \u0111\u1ed9 n\u00e9t chi ti\u1ebft cao\"}]},{\"@type\":\"WebSite\",\"@id\":\"https:\/\/nge.vn\/#website\",\"url\":\"https:\/\/nge.vn\/\",\"name\":\"NGE 3D Printers Services\",\"description\":\"\",\"potentialAction\":[{\"@type\":\"SearchAction\",\"target\":{\"@type\":\"EntryPoint\",\"urlTemplate\":\"https:\/\/nge.vn\/?s={search_term_string}\"},\"query-input\":{\"@type\":\"PropertyValueSpecification\",\"valueRequired\":true,\"valueName\":\"search_term_string\"}}],\"inLanguage\":\"en-US\"}]}<\/script>\n<!-- \/ Yoast SEO Premium plugin. -->","yoast_head_json":{"title":"M\u00e1y in 3d resin Creality HALOT-MAGE S 14K chuy\u00ean in N\u1eef Trang, Nha Khoa v\u00e0 m\u00f4 h\u00ecnh ti\u1ec3u c\u1ea3nh c\u1ea7n \u0111\u1ed9 n\u00e9t chi ti\u1ebft cao - NGE 3D Printers Services","robots":{"index":"index","follow":"follow","max-snippet":"max-snippet:-1","max-image-preview":"max-image-preview:large","max-video-preview":"max-video-preview:-1"},"canonical":"https:\/\/nge.vn\/en\/product\/may-in-3d-resin-creality-halot-mage-s-14k-chuyen-in-nu-trang-nha-khoa-va-mo-hinh-tieu-canh-can-do-net-chi-tiet-cao\/","og_locale":"en_US","og_type":"article","og_title":"M\u00e1y in 3d resin Creality HALOT-MAGE S 14K chuy\u00ean in N\u1eef Trang, Nha Khoa v\u00e0 m\u00f4 h\u00ecnh ti\u1ec3u c\u1ea3nh c\u1ea7n \u0111\u1ed9 n\u00e9t chi ti\u1ebft cao","og_description":"M\u00e1y in 3d resin Creality HALOT-MAGE S 14K chuy\u00ean in N\u1eef Trang, Nha Khoa v\u00e0 m\u00f4 h\u00ecnh ti\u1ec3u c\u1ea3nh c\u1ea7n \u0111\u1ed9 n\u00e9t chi ti\u1ebft cao","og_url":"https:\/\/nge.vn\/en\/product\/may-in-3d-resin-creality-halot-mage-s-14k-chuyen-in-nu-trang-nha-khoa-va-mo-hinh-tieu-canh-can-do-net-chi-tiet-cao\/","og_site_name":"NGE 3D Printers Services","article_modified_time":"2025-06-20T02:28:51+00:00","og_image":[{"width":490,"height":490,"url":"https:\/\/nge.vn\/wp-content\/uploads\/2024\/10\/images-upload-woo2F91148613c1ececdbb508e7199aa9cb3a.jpg","type":"image\/jpeg"}],"twitter_card":"summary_large_image","twitter_misc":{"Est. reading time":"4 minutes"},"schema":{"@context":"https:\/\/schema.org","@graph":[{"@type":"WebPage","@id":"https:\/\/nge.vn\/san-pham\/may-in-3d-resin-creality-halot-mage-s-14k-chuyen-in-nu-trang-nha-khoa-va-mo-hinh-tieu-canh-can-do-net-chi-tiet-cao\/","url":"https:\/\/nge.vn\/san-pham\/may-in-3d-resin-creality-halot-mage-s-14k-chuyen-in-nu-trang-nha-khoa-va-mo-hinh-tieu-canh-can-do-net-chi-tiet-cao\/","name":"M\u00e1y in 3d resin Creality HALOT-MAGE S 14K chuy\u00ean in N\u1eef Trang, Nha Khoa v\u00e0 m\u00f4 h\u00ecnh ti\u1ec3u c\u1ea3nh c\u1ea7n \u0111\u1ed9 n\u00e9t chi ti\u1ebft cao - NGE 3D Printers Services","isPartOf":{"@id":"https:\/\/nge.vn\/#website"},"primaryImageOfPage":{"@id":"https:\/\/nge.vn\/san-pham\/may-in-3d-resin-creality-halot-mage-s-14k-chuyen-in-nu-trang-nha-khoa-va-mo-hinh-tieu-canh-can-do-net-chi-tiet-cao\/#primaryimage"},"image":{"@id":"https:\/\/nge.vn\/san-pham\/may-in-3d-resin-creality-halot-mage-s-14k-chuyen-in-nu-trang-nha-khoa-va-mo-hinh-tieu-canh-can-do-net-chi-tiet-cao\/#primaryimage"},"thumbnailUrl":"https:\/\/nge.vn\/wp-content\/uploads\/2024\/10\/images-upload-woo2F91148613c1ececdbb508e7199aa9cb3a.jpg","datePublished":"2024-10-26T09:24:11+00:00","dateModified":"2025-06-20T02:28:51+00:00","breadcrumb":{"@id":"https:\/\/nge.vn\/san-pham\/may-in-3d-resin-creality-halot-mage-s-14k-chuyen-in-nu-trang-nha-khoa-va-mo-hinh-tieu-canh-can-do-net-chi-tiet-cao\/#breadcrumb"},"inLanguage":"en-US","potentialAction":[{"@type":"ReadAction","target":["https:\/\/nge.vn\/san-pham\/may-in-3d-resin-creality-halot-mage-s-14k-chuyen-in-nu-trang-nha-khoa-va-mo-hinh-tieu-canh-can-do-net-chi-tiet-cao\/"]}]},{"@type":"ImageObject","inLanguage":"en-US","@id":"https:\/\/nge.vn\/san-pham\/may-in-3d-resin-creality-halot-mage-s-14k-chuyen-in-nu-trang-nha-khoa-va-mo-hinh-tieu-canh-can-do-net-chi-tiet-cao\/#primaryimage","url":"https:\/\/nge.vn\/wp-content\/uploads\/2024\/10\/images-upload-woo2F91148613c1ececdbb508e7199aa9cb3a.jpg","contentUrl":"https:\/\/nge.vn\/wp-content\/uploads\/2024\/10\/images-upload-woo2F91148613c1ececdbb508e7199aa9cb3a.jpg","width":490,"height":490},{"@type":"BreadcrumbList","@id":"https:\/\/nge.vn\/san-pham\/may-in-3d-resin-creality-halot-mage-s-14k-chuyen-in-nu-trang-nha-khoa-va-mo-hinh-tieu-canh-can-do-net-chi-tiet-cao\/#breadcrumb","itemListElement":[{"@type":"ListItem","position":1,"name":"Trang ch\u1ee7","item":"https:\/\/nge.vn\/"},{"@type":"ListItem","position":2,"name":"S\u1ea3n ph\u1ea9m","item":"https:\/\/nge.vn\/san-pham\/"},{"@type":"ListItem","position":3,"name":"M\u00e1y in 3d resin Creality HALOT-MAGE S 14K chuy\u00ean in N\u1eef Trang, Nha Khoa v\u00e0 m\u00f4 h\u00ecnh ti\u1ec3u c\u1ea3nh c\u1ea7n \u0111\u1ed9 n\u00e9t chi ti\u1ebft cao"}]},{"@type":"WebSite","@id":"https:\/\/nge.vn\/#website","url":"https:\/\/nge.vn\/","name":"NGE 3D Printers Services","description":"","potentialAction":[{"@type":"SearchAction","target":{"@type":"EntryPoint","urlTemplate":"https:\/\/nge.vn\/?s={search_term_string}"},"query-input":{"@type":"PropertyValueSpecification","valueRequired":true,"valueName":"search_term_string"}}],"inLanguage":"en-US"}]}},"_links":{"self":[{"href":"https:\/\/nge.vn\/en\/wp-json\/wp\/v2\/product\/3855","targetHints":{"allow":["GET"]}}],"collection":[{"href":"https:\/\/nge.vn\/en\/wp-json\/wp\/v2\/product"}],"about":[{"href":"https:\/\/nge.vn\/en\/wp-json\/wp\/v2\/types\/product"}],"replies":[{"embeddable":true,"href":"https:\/\/nge.vn\/en\/wp-json\/wp\/v2\/comments?post=3855"}],"wp:featuredmedia":[{"embeddable":true,"href":"https:\/\/nge.vn\/en\/wp-json\/wp\/v2\/media\/3846"}],"wp:attachment":[{"href":"https:\/\/nge.vn\/en\/wp-json\/wp\/v2\/media?parent=3855"}],"wp:term":[{"taxonomy":"product_brand","embeddable":true,"href":"https:\/\/nge.vn\/en\/wp-json\/wp\/v2\/product_brand?post=3855"},{"taxonomy":"product_cat","embeddable":true,"href":"https:\/\/nge.vn\/en\/wp-json\/wp\/v2\/product_cat?post=3855"},{"taxonomy":"product_tag","embeddable":true,"href":"https:\/\/nge.vn\/en\/wp-json\/wp\/v2\/product_tag?post=3855"}],"curies":[{"name":"wp","href":"https:\/\/api.w.org\/{rel}","templated":true}]}}