{"id":3845,"date":"2024-10-26T16:22:36","date_gmt":"2024-10-26T09:22:36","guid":{"rendered":"https:\/\/nge.123websitedev.com\/san-pham\/may-rua-sieu-am-ultrasonic-cleaner-0-8l\/"},"modified":"2024-10-29T17:09:50","modified_gmt":"2024-10-29T10:09:50","slug":"may-rua-sieu-am-ultrasonic-cleaner-0-8l","status":"publish","type":"product","link":"https:\/\/nge.vn\/en\/product\/may-rua-sieu-am-ultrasonic-cleaner-0-8l\/","title":{"rendered":"M\u00e1y r\u1eeda si\u00eau \u00e2m Ultrasonic Cleaner 0.8L"},"content":{"rendered":"<p>M\u00e1y r\u1eeda si\u00eau \u00e2m Ultrasonic Cleaner 0.8L 50W<br \/>\n_Thi\u1ebft l\u1eadp l\u00e0m s\u1ea1ch 18 kho\u1ea3ng th\u1eddi gian<br \/>\n18 chu k\u1ef3 l\u00e0m s\u1ea1ch kh\u00e1c nhau t\u1eeb 0-30 ph\u00fat, m\u00e1y l\u00e0m s\u1ea1ch b\u1eb1ng s\u00f3ng si\u00eau \u00e2m s\u1ebd t\u1ef1 \u0111\u1ed9ng t\u1eaft khi k\u1ebft th\u00fac.<\/p>\n<p>_C\u00f4ng ngh\u1ec7 \u0111\u1ea7u d\u00f2 ti\u00ean ti\u1ebfn<br \/>\nC\u1ea5u tr\u00fac b\u1ed9 chuy\u1ec3n \u0111\u1ed5i \u00e1p \u0111i\u1ec7n b\u00e1nh sandwich l\u00e0m s\u1ea1ch hi\u1ec7u qu\u1ea3 v\u1edbi t\u1ea7n s\u1ed1 rung 40000Hz, c\u00f4ng su\u1ea5t m\u1ea1nh nh\u01b0ng l\u00e0m s\u1ea1ch nh\u1eb9 nh\u00e0ng cho \u0111\u1ed3 v\u1eadt.<br \/>\n+T\u1ea7n s\u1ed1 cao 40000Hz<br \/>\n+C\u00f4ng su\u1ea5t si\u00eau \u00e2m 50W<\/p>\n<p>M\u00e1y t\u1ea1o s\u00f3ng si\u00eau \u00e2m b\u1eb1ng g\u1ed1m<\/p>\n<p>_Kh\u1eed kh\u00ed<br \/>\nCh\u1ee9c n\u0103ng kh\u1eed kh\u00ed c\u00f3 th\u1ec3 \u00e9p kh\u00f4ng kh\u00ed trong ch\u1ea5t l\u1ecfng trong qu\u00e1 tr\u00ecnh s\u1eed d\u1ee5ng s\u00f3ng si\u00eau \u00e2m, l\u00e0m cho ch\u1ea5t l\u1ecfng g\u1ea7n v\u00f4 h\u1ea1n v\u1edbi tr\u1ea1ng th\u00e1i ch\u00e2n kh\u00f4ng v\u00e0 th\u1ef1c hi\u1ec7n l\u00e0m s\u1ea1ch ch\u00e2n kh\u00f4ng.<br \/>\n+Qu\u00e9t d\u1ecdn d\u1eb9p 6 gi\u00e2y<br \/>\n+T\u1ea1m d\u1eebng 3 gi\u00e2y<\/p>\n<p>**C\u1ea3nh b\u00e1o: Kh\u00f4ng s\u1eed d\u1ee5ng axit m\u1ea1nh, ki\u1ec1m, ch\u1ea5t l\u1ecfng d\u1ec5 ch\u00e1y ho\u1eb7c h\u00f3a ch\u1ea5t nguy hi\u1ec3m \u0111\u1ec3 l\u00e0m s\u1ea1ch \u0111\u1ed3 v\u1eadt.<\/p>\n<p>_\u1ee8ng d\u1ee5ng r\u1ed9ng r\u00e3i<br \/>\nM\u00e1y l\u00e0m s\u1ea1ch chuy\u00ean nghi\u1ec7p cho \u0111\u1ed3 trang s\u1ee9c, \u0111\u1ed3ng h\u1ed3, d\u00e2y \u0111eo, r\u0103ng gi\u1ea3, k\u00ednh \u0111eo m\u1eaft, ng\u00f2i b\u00fat, d\u1ee5ng c\u1ee5 l\u00e0m m\u00f3ng, v\u00f2ng c\u1ed5, d\u00e2y \u0111eo \u0111\u1ed3ng h\u1ed3, k\u00ednh, v.v.<\/p>\n<p>_\u0110\u01b0\u1ee3c thi\u1ebft k\u1ebf t\u1ed1t<br \/>\n+C\u1eeda s\u1ed5 l\u00e0m m\u00e1t<br \/>\n+B\u1ec3 ch\u1ee9a SUS 304<br \/>\n+\u1ed4 c\u1eafm \u0111i\u1ec7n<br \/>\n+Ch\u00e2n ch\u1ed1ng tr\u01b0\u1ee3t<\/p>\n<p>**Th\u00f4ng s\u1ed1 s\u1ea3n ph\u1ea9m<br \/>\nC\u00f3 \u0111\u01b0\u1ee3c k\u1ebft qu\u1ea3 l\u00e0m s\u1ea1ch chuy\u00ean nghi\u1ec7p &amp; Mang l\u1ea1i cho b\u1ea1n cu\u1ed9c s\u1ed1ng t\u1ed1t \u0111\u1eb9p h\u01a1n.<br \/>\n+Th\u1ec3 t\u00edch th\u00f9ng 800ml<br \/>\n+C\u00f4ng su\u1ea5t si\u00eau \u00e2m 50W<br \/>\n+B\u1ed9 h\u1eb9n gi\u1edd 90s ~ 30M<br \/>\n+Ph\u01b0\u01a1ng ph\u00e1p l\u00e0m s\u1ea1ch b\u1eb1ng si\u00eau \u00e2m Degas<\/p>\n<p>_Nh\u1ecf g\u1ecdn &amp; \u0110a n\u0103ng<br \/>\nL\u00e0m s\u1ea1ch ho\u00e0n to\u00e0n m\u1ecdi b\u1ec1 m\u1eb7t d\u00f9 ph\u1ee9c t\u1ea1p \u0111\u1ebfn \u0111\u00e2u<\/p>\n<p>Ti\u1ebfng \u1ed3n th\u1ea5p kh\u00f4ng l\u00e0m phi\u1ec1n c\u00f4ng vi\u1ec7c c\u1ee7a b\u1ea1n.<\/p>\n<p>***G\u00f3i h\u00e0ng bao g\u1ed3m:<br \/>\n1 x H\u01b0\u1edbng d\u1eabn s\u1eed d\u1ee5ng ti\u1ebfng Anh,<br \/>\n1 x M\u00e1y l\u00e0m s\u1ea1ch b\u1eb1ng s\u00f3ng si\u00eau \u00e2m,<br \/>\n1 x R\u1ed5 v\u1ec7 sinh,<br \/>\n1 x d\u00e2y ngu\u1ed3n<\/p>\n<p>**\u0110\u1ec3 \u0111\u01b0\u1ee3c nh\u1eadn \u0111\u01b0\u1ee3c gi\u00e1 \u01b0u \u0111\u00e3i t\u1ed1t nh\u1ea5t vui l\u00f2ng li\u00ean h\u1ec7 mua tr\u1ef1c ti\u1ebfp shop:<br \/>\n     0913.939.775 contact A.Quan (for English)<br \/>\n     094.144.0951 contact A.Quynh<br \/>\n**Selling price does not include VAT (+10% if VAT invoice is issued)<\/p>","protected":false},"excerpt":{"rendered":"<p>M\u00e1y r\u1eeda si\u00eau \u00e2m Ultrasonic Cleaner 0.8L<\/p>","protected":false},"featured_media":3836,"comment_status":"open","ping_status":"closed","template":"","meta":{"inline_featured_image":false},"product_brand":[],"product_cat":[40],"product_tag":[],"class_list":{"0":"post-3845","1":"product","2":"type-product","3":"status-publish","4":"has-post-thumbnail","6":"product_cat-linh-kien-va-phu-kien","8":"first","9":"instock","10":"taxable","11":"shipping-taxable","12":"purchasable","13":"product-type-simple"},"yoast_head":"<!-- This site is optimized with the Yoast SEO Premium plugin v22.8 (Yoast SEO v26.9) - https:\/\/yoast.com\/product\/yoast-seo-premium-wordpress\/ -->\n<title>M\u00e1y r\u1eeda si\u00eau \u00e2m Ultrasonic Cleaner 0.8L - NGE 3D Printers Services<\/title>\n<meta name=\"robots\" content=\"index, follow, max-snippet:-1, max-image-preview:large, max-video-preview:-1\" \/>\n<link rel=\"canonical\" href=\"https:\/\/nge.vn\/en\/product\/may-rua-sieu-am-ultrasonic-cleaner-0-8l\/\" \/>\n<meta property=\"og:locale\" content=\"en_US\" \/>\n<meta property=\"og:type\" content=\"article\" \/>\n<meta property=\"og:title\" content=\"M\u00e1y r\u1eeda si\u00eau \u00e2m Ultrasonic Cleaner 0.8L\" \/>\n<meta property=\"og:description\" content=\"M\u00e1y r\u1eeda si\u00eau \u00e2m Ultrasonic Cleaner 0.8L\" \/>\n<meta property=\"og:url\" content=\"https:\/\/nge.vn\/en\/product\/may-rua-sieu-am-ultrasonic-cleaner-0-8l\/\" \/>\n<meta property=\"og:site_name\" content=\"NGE 3D Printers Services\" \/>\n<meta property=\"article:modified_time\" content=\"2024-10-29T10:09:50+00:00\" \/>\n<meta property=\"og:image\" content=\"https:\/\/nge.vn\/wp-content\/uploads\/2024\/10\/images-upload-woo2Fc11d684ee176c2b535840b77d0923667.jpg\" \/>\n\t<meta property=\"og:image:width\" content=\"720\" \/>\n\t<meta property=\"og:image:height\" content=\"720\" \/>\n\t<meta property=\"og:image:type\" content=\"image\/jpeg\" \/>\n<meta name=\"twitter:card\" content=\"summary_large_image\" \/>\n<meta name=\"twitter:label1\" content=\"Est. reading time\" \/>\n\t<meta name=\"twitter:data1\" content=\"3 minutes\" \/>\n<script type=\"application\/ld+json\" class=\"yoast-schema-graph\">{\"@context\":\"https:\/\/schema.org\",\"@graph\":[{\"@type\":\"WebPage\",\"@id\":\"https:\/\/nge.vn\/san-pham\/may-rua-sieu-am-ultrasonic-cleaner-0-8l\/\",\"url\":\"https:\/\/nge.vn\/san-pham\/may-rua-sieu-am-ultrasonic-cleaner-0-8l\/\",\"name\":\"M\u00e1y r\u1eeda si\u00eau \u00e2m Ultrasonic Cleaner 0.8L - NGE 3D Printers Services\",\"isPartOf\":{\"@id\":\"https:\/\/nge.vn\/#website\"},\"primaryImageOfPage\":{\"@id\":\"https:\/\/nge.vn\/san-pham\/may-rua-sieu-am-ultrasonic-cleaner-0-8l\/#primaryimage\"},\"image\":{\"@id\":\"https:\/\/nge.vn\/san-pham\/may-rua-sieu-am-ultrasonic-cleaner-0-8l\/#primaryimage\"},\"thumbnailUrl\":\"https:\/\/nge.vn\/wp-content\/uploads\/2024\/10\/images-upload-woo2Fc11d684ee176c2b535840b77d0923667.jpg\",\"datePublished\":\"2024-10-26T09:22:36+00:00\",\"dateModified\":\"2024-10-29T10:09:50+00:00\",\"breadcrumb\":{\"@id\":\"https:\/\/nge.vn\/san-pham\/may-rua-sieu-am-ultrasonic-cleaner-0-8l\/#breadcrumb\"},\"inLanguage\":\"en-US\",\"potentialAction\":[{\"@type\":\"ReadAction\",\"target\":[\"https:\/\/nge.vn\/san-pham\/may-rua-sieu-am-ultrasonic-cleaner-0-8l\/\"]}]},{\"@type\":\"ImageObject\",\"inLanguage\":\"en-US\",\"@id\":\"https:\/\/nge.vn\/san-pham\/may-rua-sieu-am-ultrasonic-cleaner-0-8l\/#primaryimage\",\"url\":\"https:\/\/nge.vn\/wp-content\/uploads\/2024\/10\/images-upload-woo2Fc11d684ee176c2b535840b77d0923667.jpg\",\"contentUrl\":\"https:\/\/nge.vn\/wp-content\/uploads\/2024\/10\/images-upload-woo2Fc11d684ee176c2b535840b77d0923667.jpg\",\"width\":720,\"height\":720},{\"@type\":\"BreadcrumbList\",\"@id\":\"https:\/\/nge.vn\/san-pham\/may-rua-sieu-am-ultrasonic-cleaner-0-8l\/#breadcrumb\",\"itemListElement\":[{\"@type\":\"ListItem\",\"position\":1,\"name\":\"Trang ch\u1ee7\",\"item\":\"https:\/\/nge.vn\/\"},{\"@type\":\"ListItem\",\"position\":2,\"name\":\"S\u1ea3n ph\u1ea9m\",\"item\":\"https:\/\/nge.vn\/san-pham\/\"},{\"@type\":\"ListItem\",\"position\":3,\"name\":\"M\u00e1y r\u1eeda si\u00eau \u00e2m Ultrasonic Cleaner 0.8L\"}]},{\"@type\":\"WebSite\",\"@id\":\"https:\/\/nge.vn\/#website\",\"url\":\"https:\/\/nge.vn\/\",\"name\":\"NGE 3D Printers Services\",\"description\":\"\",\"potentialAction\":[{\"@type\":\"SearchAction\",\"target\":{\"@type\":\"EntryPoint\",\"urlTemplate\":\"https:\/\/nge.vn\/?s={search_term_string}\"},\"query-input\":{\"@type\":\"PropertyValueSpecification\",\"valueRequired\":true,\"valueName\":\"search_term_string\"}}],\"inLanguage\":\"en-US\"}]}<\/script>\n<!-- \/ Yoast SEO Premium plugin. -->","yoast_head_json":{"title":"M\u00e1y r\u1eeda si\u00eau \u00e2m Ultrasonic Cleaner 0.8L - NGE 3D Printers Services","robots":{"index":"index","follow":"follow","max-snippet":"max-snippet:-1","max-image-preview":"max-image-preview:large","max-video-preview":"max-video-preview:-1"},"canonical":"https:\/\/nge.vn\/en\/product\/may-rua-sieu-am-ultrasonic-cleaner-0-8l\/","og_locale":"en_US","og_type":"article","og_title":"M\u00e1y r\u1eeda si\u00eau \u00e2m Ultrasonic Cleaner 0.8L","og_description":"M\u00e1y r\u1eeda si\u00eau \u00e2m Ultrasonic Cleaner 0.8L","og_url":"https:\/\/nge.vn\/en\/product\/may-rua-sieu-am-ultrasonic-cleaner-0-8l\/","og_site_name":"NGE 3D Printers Services","article_modified_time":"2024-10-29T10:09:50+00:00","og_image":[{"width":720,"height":720,"url":"https:\/\/nge.vn\/wp-content\/uploads\/2024\/10\/images-upload-woo2Fc11d684ee176c2b535840b77d0923667.jpg","type":"image\/jpeg"}],"twitter_card":"summary_large_image","twitter_misc":{"Est. reading time":"3 minutes"},"schema":{"@context":"https:\/\/schema.org","@graph":[{"@type":"WebPage","@id":"https:\/\/nge.vn\/san-pham\/may-rua-sieu-am-ultrasonic-cleaner-0-8l\/","url":"https:\/\/nge.vn\/san-pham\/may-rua-sieu-am-ultrasonic-cleaner-0-8l\/","name":"M\u00e1y r\u1eeda si\u00eau \u00e2m Ultrasonic Cleaner 0.8L - NGE 3D Printers Services","isPartOf":{"@id":"https:\/\/nge.vn\/#website"},"primaryImageOfPage":{"@id":"https:\/\/nge.vn\/san-pham\/may-rua-sieu-am-ultrasonic-cleaner-0-8l\/#primaryimage"},"image":{"@id":"https:\/\/nge.vn\/san-pham\/may-rua-sieu-am-ultrasonic-cleaner-0-8l\/#primaryimage"},"thumbnailUrl":"https:\/\/nge.vn\/wp-content\/uploads\/2024\/10\/images-upload-woo2Fc11d684ee176c2b535840b77d0923667.jpg","datePublished":"2024-10-26T09:22:36+00:00","dateModified":"2024-10-29T10:09:50+00:00","breadcrumb":{"@id":"https:\/\/nge.vn\/san-pham\/may-rua-sieu-am-ultrasonic-cleaner-0-8l\/#breadcrumb"},"inLanguage":"en-US","potentialAction":[{"@type":"ReadAction","target":["https:\/\/nge.vn\/san-pham\/may-rua-sieu-am-ultrasonic-cleaner-0-8l\/"]}]},{"@type":"ImageObject","inLanguage":"en-US","@id":"https:\/\/nge.vn\/san-pham\/may-rua-sieu-am-ultrasonic-cleaner-0-8l\/#primaryimage","url":"https:\/\/nge.vn\/wp-content\/uploads\/2024\/10\/images-upload-woo2Fc11d684ee176c2b535840b77d0923667.jpg","contentUrl":"https:\/\/nge.vn\/wp-content\/uploads\/2024\/10\/images-upload-woo2Fc11d684ee176c2b535840b77d0923667.jpg","width":720,"height":720},{"@type":"BreadcrumbList","@id":"https:\/\/nge.vn\/san-pham\/may-rua-sieu-am-ultrasonic-cleaner-0-8l\/#breadcrumb","itemListElement":[{"@type":"ListItem","position":1,"name":"Trang ch\u1ee7","item":"https:\/\/nge.vn\/"},{"@type":"ListItem","position":2,"name":"S\u1ea3n ph\u1ea9m","item":"https:\/\/nge.vn\/san-pham\/"},{"@type":"ListItem","position":3,"name":"M\u00e1y r\u1eeda si\u00eau \u00e2m Ultrasonic Cleaner 0.8L"}]},{"@type":"WebSite","@id":"https:\/\/nge.vn\/#website","url":"https:\/\/nge.vn\/","name":"NGE 3D Printers Services","description":"","potentialAction":[{"@type":"SearchAction","target":{"@type":"EntryPoint","urlTemplate":"https:\/\/nge.vn\/?s={search_term_string}"},"query-input":{"@type":"PropertyValueSpecification","valueRequired":true,"valueName":"search_term_string"}}],"inLanguage":"en-US"}]}},"_links":{"self":[{"href":"https:\/\/nge.vn\/en\/wp-json\/wp\/v2\/product\/3845","targetHints":{"allow":["GET"]}}],"collection":[{"href":"https:\/\/nge.vn\/en\/wp-json\/wp\/v2\/product"}],"about":[{"href":"https:\/\/nge.vn\/en\/wp-json\/wp\/v2\/types\/product"}],"replies":[{"embeddable":true,"href":"https:\/\/nge.vn\/en\/wp-json\/wp\/v2\/comments?post=3845"}],"wp:featuredmedia":[{"embeddable":true,"href":"https:\/\/nge.vn\/en\/wp-json\/wp\/v2\/media\/3836"}],"wp:attachment":[{"href":"https:\/\/nge.vn\/en\/wp-json\/wp\/v2\/media?parent=3845"}],"wp:term":[{"taxonomy":"product_brand","embeddable":true,"href":"https:\/\/nge.vn\/en\/wp-json\/wp\/v2\/product_brand?post=3845"},{"taxonomy":"product_cat","embeddable":true,"href":"https:\/\/nge.vn\/en\/wp-json\/wp\/v2\/product_cat?post=3845"},{"taxonomy":"product_tag","embeddable":true,"href":"https:\/\/nge.vn\/en\/wp-json\/wp\/v2\/product_tag?post=3845"}],"curies":[{"name":"wp","href":"https:\/\/api.w.org\/{rel}","templated":true}]}}