{"id":3829,"date":"2024-10-26T16:20:48","date_gmt":"2024-10-26T09:20:48","guid":{"rendered":"https:\/\/nge.123websitedev.com\/san-pham\/nhua-in-3d-2-mau-anh-sao-lap-lanh-esun-epla-magic-1kg-cuon\/"},"modified":"2024-10-28T14:41:09","modified_gmt":"2024-10-28T07:41:09","slug":"nhua-in-3d-2-mau-anh-sao-lap-lanh-esun-epla-magic-1kg-cuon","status":"publish","type":"product","link":"https:\/\/nge.vn\/en\/product\/nhua-in-3d-2-mau-anh-sao-lap-lanh-esun-epla-magic-1kg-cuon\/","title":{"rendered":"3D printing plastic 2 colors sparkling star eSun ePLA-Magic 1kg\/Roll"},"content":{"rendered":"<p>3D printing plastic 2 colors sparkling star eSun ePLA-Magic 1kg\/Roll<br \/>\n_C\u1ea3m h\u1ee9ng s\u00e1ng t\u1ea1o cho d\u00f2ng s\u1ea3n ph\u1ea9m hai m\u00e0u ePLA-Magical \u0111\u1ebfn t\u1eeb thi\u00ean h\u00e0 b\u1ecb c\u00e1c ng\u00f4i sao t\u00e0n ph\u00e1, v\u1edbi n\u1ec1n l\u00e0 \u0111\u00eam t\u1ed1i v\u00e0 \u0111\u01b0\u1ee3c trang tr\u00ed b\u1eb1ng \u00e1nh sao l\u1ea5p l\u00e1nh.<br \/>\n_S\u1ef1 t\u01b0\u01a1ng t\u00e1c gi\u1eefa hai y\u1ebfu t\u1ed1 kh\u01a1i d\u1eady tr\u00ed t\u01b0\u1edfng t\u01b0\u1ee3ng v\u00f4 h\u1ea1n v\u00e0 mang l\u1ea1i cho ng\u01b0\u1eddi m\u1eabu v\u1ebb ngo\u00e0i \u0111\u1eb9p nh\u01b0 m\u01a1 v\u00e0 l\u1ed9ng l\u1eaby.<br \/>\n_\u0110\u1ed3ng th\u1eddi, s\u1ea3n ph\u1ea9m \u0111\u01b0\u1ee3c c\u1ea3i ti\u1ebfn d\u1ef1a tr\u00ean ch\u1ea5t li\u1ec7u PLA, k\u1ebft h\u1ee3p \u0111\u1eb7c t\u00ednh d\u1ec5 in \u1ea5n c\u1ee7a PLA.<\/p>\n<p>_\u0110\u1eb7c t\u00ednh:<br \/>\n+Hai m\u00e0u m\u1ed9ng m\u01a1<br \/>\n+D\u1ec5 d\u00e0ng b\u00f3c l\u1edbp h\u1ed7 tr\u1ee3<br \/>\n+Kh\u1ea3 n\u0103ng in tuy\u1ec7t v\u1eddi<br \/>\n+D\u1ebbo dai v\u00e0 kh\u00f4ng d\u1ec5 gi\u00f2n<\/p>\n<p>_\u1ee8ng d\u1ee5ng<br \/>\n+S\u00e1ng t\u1ea1o v\u0103n h\u00f3a<br \/>\n+C\u00f4ng nghi\u1ec7p ho\u1ea1t h\u00ecnh<br \/>\n+\u0110\u1ea1o c\u1ee5 phim v\u00e0 truy\u1ec1n h\u00ecnh<\/p>\n<p>_Th\u00f4ng tin tham s\u1ed1:<br \/>\n+3D Printer Filament: ePLA-CF<br \/>\n+Density(g\/cm3) 1.21<br \/>\n+Heat Distortion Temp(&#8220;C,0.45MPa) 53<br \/>\n+Melt Flow Index(g\/10min) 5.37 (190\u00b0C\/2.16kg)<br \/>\n+Tensile Strength(MPa) 39 3\/10<br \/>\n+Elongation at Break (%) 4.27 1\/10<br \/>\n+Flexural Strength(MPa) 103 10\/10<br \/>\n+Flexural Modulus (MPa) 5005 9\/10<br \/>\n+IZOD Impact Strength(kJ\/m) 5.08 1\/10<br \/>\n+Durability 4\/10<br \/>\n+Printability 9\/10<br \/>\n+Extruder Temperature(\u00b0C) 190-230\u00b0C (It is recommended to use hardened steel nozzle print at 215\u00b0C)<br \/>\n+Bed temperature(\u00b0C) 45 &#8211; 60\u00b0C<br \/>\n+Fan Speed 100%<br \/>\n+Printing Speed 50-300mm\/s<br \/>\n+Heated Bed Optional<br \/>\n+Recommended Build Surfaces: Masking Paper, PVP Solid Glue, PEI<\/p>\n<p>**To receive a better price, please contact the shop directly.<br \/>\n0913.939.775 contact A.Quan (for English)<br \/>\n094.144.0951 contact A.Quynh<br \/>\n**Selling price does not include VAT (+10% if VAT invoice is issued)<\/p>","protected":false},"excerpt":{"rendered":"<p>3D printing plastic 2 colors sparkling star eSun ePLA-Magic 1kg\/Roll<\/p>","protected":false},"featured_media":3821,"comment_status":"open","ping_status":"closed","template":"","meta":{"inline_featured_image":false},"product_brand":[],"product_cat":[43],"product_tag":[],"class_list":{"0":"post-3829","1":"product","2":"type-product","3":"status-publish","4":"has-post-thumbnail","6":"product_cat-nhua-in-3d-resin","8":"first","9":"instock","10":"taxable","11":"shipping-taxable","12":"purchasable","13":"product-type-variable"},"yoast_head":"<!-- This site is optimized with the Yoast SEO Premium plugin v22.8 (Yoast SEO v26.9) - https:\/\/yoast.com\/product\/yoast-seo-premium-wordpress\/ -->\n<title>Nh\u1ef1a in 3d 2 m\u00e0u \u00e1nh sao l\u1ea5p l\u00e1nh eSun ePLA-Magic 1kg\/Cu\u1ed9n - NGE 3D Printers Services<\/title>\n<meta name=\"robots\" content=\"index, follow, max-snippet:-1, max-image-preview:large, max-video-preview:-1\" \/>\n<link rel=\"canonical\" href=\"https:\/\/nge.vn\/en\/product\/nhua-in-3d-2-mau-anh-sao-lap-lanh-esun-epla-magic-1kg-cuon\/\" \/>\n<meta property=\"og:locale\" content=\"en_US\" \/>\n<meta property=\"og:type\" content=\"article\" \/>\n<meta property=\"og:title\" content=\"Nh\u1ef1a in 3d 2 m\u00e0u \u00e1nh sao l\u1ea5p l\u00e1nh eSun ePLA-Magic 1kg\/Cu\u1ed9n\" \/>\n<meta property=\"og:description\" content=\"Nh\u1ef1a in 3d 2 m\u00e0u \u00e1nh sao l\u1ea5p l\u00e1nh eSun ePLA-Magic 1kg\/Cu\u1ed9n\" \/>\n<meta property=\"og:url\" content=\"https:\/\/nge.vn\/en\/product\/nhua-in-3d-2-mau-anh-sao-lap-lanh-esun-epla-magic-1kg-cuon\/\" \/>\n<meta property=\"og:site_name\" content=\"NGE 3D Printers Services\" \/>\n<meta property=\"article:modified_time\" content=\"2024-10-28T07:41:09+00:00\" \/>\n<meta property=\"og:image\" content=\"https:\/\/nge.vn\/wp-content\/uploads\/2024\/10\/images-upload-woo2F7d4d6e7fd65c1371b0f8c95d894050c0.jpg\" \/>\n\t<meta property=\"og:image:width\" content=\"1000\" \/>\n\t<meta property=\"og:image:height\" content=\"1000\" \/>\n\t<meta property=\"og:image:type\" content=\"image\/jpeg\" \/>\n<meta name=\"twitter:card\" content=\"summary_large_image\" \/>\n<meta name=\"twitter:label1\" content=\"Est. reading time\" \/>\n\t<meta name=\"twitter:data1\" content=\"2 minutes\" \/>\n<script type=\"application\/ld+json\" class=\"yoast-schema-graph\">{\"@context\":\"https:\/\/schema.org\",\"@graph\":[{\"@type\":\"WebPage\",\"@id\":\"https:\/\/nge.vn\/san-pham\/nhua-in-3d-2-mau-anh-sao-lap-lanh-esun-epla-magic-1kg-cuon\/\",\"url\":\"https:\/\/nge.vn\/san-pham\/nhua-in-3d-2-mau-anh-sao-lap-lanh-esun-epla-magic-1kg-cuon\/\",\"name\":\"Nh\u1ef1a in 3d 2 m\u00e0u \u00e1nh sao l\u1ea5p l\u00e1nh eSun ePLA-Magic 1kg\/Cu\u1ed9n - NGE 3D Printers Services\",\"isPartOf\":{\"@id\":\"https:\/\/nge.vn\/#website\"},\"primaryImageOfPage\":{\"@id\":\"https:\/\/nge.vn\/san-pham\/nhua-in-3d-2-mau-anh-sao-lap-lanh-esun-epla-magic-1kg-cuon\/#primaryimage\"},\"image\":{\"@id\":\"https:\/\/nge.vn\/san-pham\/nhua-in-3d-2-mau-anh-sao-lap-lanh-esun-epla-magic-1kg-cuon\/#primaryimage\"},\"thumbnailUrl\":\"https:\/\/nge.vn\/wp-content\/uploads\/2024\/10\/images-upload-woo2F7d4d6e7fd65c1371b0f8c95d894050c0.jpg\",\"datePublished\":\"2024-10-26T09:20:48+00:00\",\"dateModified\":\"2024-10-28T07:41:09+00:00\",\"breadcrumb\":{\"@id\":\"https:\/\/nge.vn\/san-pham\/nhua-in-3d-2-mau-anh-sao-lap-lanh-esun-epla-magic-1kg-cuon\/#breadcrumb\"},\"inLanguage\":\"en-US\",\"potentialAction\":[{\"@type\":\"ReadAction\",\"target\":[\"https:\/\/nge.vn\/san-pham\/nhua-in-3d-2-mau-anh-sao-lap-lanh-esun-epla-magic-1kg-cuon\/\"]}]},{\"@type\":\"ImageObject\",\"inLanguage\":\"en-US\",\"@id\":\"https:\/\/nge.vn\/san-pham\/nhua-in-3d-2-mau-anh-sao-lap-lanh-esun-epla-magic-1kg-cuon\/#primaryimage\",\"url\":\"https:\/\/nge.vn\/wp-content\/uploads\/2024\/10\/images-upload-woo2F7d4d6e7fd65c1371b0f8c95d894050c0.jpg\",\"contentUrl\":\"https:\/\/nge.vn\/wp-content\/uploads\/2024\/10\/images-upload-woo2F7d4d6e7fd65c1371b0f8c95d894050c0.jpg\",\"width\":1000,\"height\":1000},{\"@type\":\"BreadcrumbList\",\"@id\":\"https:\/\/nge.vn\/san-pham\/nhua-in-3d-2-mau-anh-sao-lap-lanh-esun-epla-magic-1kg-cuon\/#breadcrumb\",\"itemListElement\":[{\"@type\":\"ListItem\",\"position\":1,\"name\":\"Trang ch\u1ee7\",\"item\":\"https:\/\/nge.vn\/\"},{\"@type\":\"ListItem\",\"position\":2,\"name\":\"S\u1ea3n ph\u1ea9m\",\"item\":\"https:\/\/nge.vn\/san-pham\/\"},{\"@type\":\"ListItem\",\"position\":3,\"name\":\"Nh\u1ef1a in 3d 2 m\u00e0u \u00e1nh sao l\u1ea5p l\u00e1nh eSun ePLA-Magic 1kg\/Cu\u1ed9n\"}]},{\"@type\":\"WebSite\",\"@id\":\"https:\/\/nge.vn\/#website\",\"url\":\"https:\/\/nge.vn\/\",\"name\":\"NGE 3D Printers Services\",\"description\":\"\",\"potentialAction\":[{\"@type\":\"SearchAction\",\"target\":{\"@type\":\"EntryPoint\",\"urlTemplate\":\"https:\/\/nge.vn\/?s={search_term_string}\"},\"query-input\":{\"@type\":\"PropertyValueSpecification\",\"valueRequired\":true,\"valueName\":\"search_term_string\"}}],\"inLanguage\":\"en-US\"}]}<\/script>\n<!-- \/ Yoast SEO Premium plugin. -->","yoast_head_json":{"title":"Nh\u1ef1a in 3d 2 m\u00e0u \u00e1nh sao l\u1ea5p l\u00e1nh eSun ePLA-Magic 1kg\/Cu\u1ed9n - NGE 3D Printers Services","robots":{"index":"index","follow":"follow","max-snippet":"max-snippet:-1","max-image-preview":"max-image-preview:large","max-video-preview":"max-video-preview:-1"},"canonical":"https:\/\/nge.vn\/en\/product\/nhua-in-3d-2-mau-anh-sao-lap-lanh-esun-epla-magic-1kg-cuon\/","og_locale":"en_US","og_type":"article","og_title":"Nh\u1ef1a in 3d 2 m\u00e0u \u00e1nh sao l\u1ea5p l\u00e1nh eSun ePLA-Magic 1kg\/Cu\u1ed9n","og_description":"Nh\u1ef1a in 3d 2 m\u00e0u \u00e1nh sao l\u1ea5p l\u00e1nh eSun ePLA-Magic 1kg\/Cu\u1ed9n","og_url":"https:\/\/nge.vn\/en\/product\/nhua-in-3d-2-mau-anh-sao-lap-lanh-esun-epla-magic-1kg-cuon\/","og_site_name":"NGE 3D Printers Services","article_modified_time":"2024-10-28T07:41:09+00:00","og_image":[{"width":1000,"height":1000,"url":"https:\/\/nge.vn\/wp-content\/uploads\/2024\/10\/images-upload-woo2F7d4d6e7fd65c1371b0f8c95d894050c0.jpg","type":"image\/jpeg"}],"twitter_card":"summary_large_image","twitter_misc":{"Est. reading time":"2 minutes"},"schema":{"@context":"https:\/\/schema.org","@graph":[{"@type":"WebPage","@id":"https:\/\/nge.vn\/san-pham\/nhua-in-3d-2-mau-anh-sao-lap-lanh-esun-epla-magic-1kg-cuon\/","url":"https:\/\/nge.vn\/san-pham\/nhua-in-3d-2-mau-anh-sao-lap-lanh-esun-epla-magic-1kg-cuon\/","name":"Nh\u1ef1a in 3d 2 m\u00e0u \u00e1nh sao l\u1ea5p l\u00e1nh eSun ePLA-Magic 1kg\/Cu\u1ed9n - NGE 3D Printers Services","isPartOf":{"@id":"https:\/\/nge.vn\/#website"},"primaryImageOfPage":{"@id":"https:\/\/nge.vn\/san-pham\/nhua-in-3d-2-mau-anh-sao-lap-lanh-esun-epla-magic-1kg-cuon\/#primaryimage"},"image":{"@id":"https:\/\/nge.vn\/san-pham\/nhua-in-3d-2-mau-anh-sao-lap-lanh-esun-epla-magic-1kg-cuon\/#primaryimage"},"thumbnailUrl":"https:\/\/nge.vn\/wp-content\/uploads\/2024\/10\/images-upload-woo2F7d4d6e7fd65c1371b0f8c95d894050c0.jpg","datePublished":"2024-10-26T09:20:48+00:00","dateModified":"2024-10-28T07:41:09+00:00","breadcrumb":{"@id":"https:\/\/nge.vn\/san-pham\/nhua-in-3d-2-mau-anh-sao-lap-lanh-esun-epla-magic-1kg-cuon\/#breadcrumb"},"inLanguage":"en-US","potentialAction":[{"@type":"ReadAction","target":["https:\/\/nge.vn\/san-pham\/nhua-in-3d-2-mau-anh-sao-lap-lanh-esun-epla-magic-1kg-cuon\/"]}]},{"@type":"ImageObject","inLanguage":"en-US","@id":"https:\/\/nge.vn\/san-pham\/nhua-in-3d-2-mau-anh-sao-lap-lanh-esun-epla-magic-1kg-cuon\/#primaryimage","url":"https:\/\/nge.vn\/wp-content\/uploads\/2024\/10\/images-upload-woo2F7d4d6e7fd65c1371b0f8c95d894050c0.jpg","contentUrl":"https:\/\/nge.vn\/wp-content\/uploads\/2024\/10\/images-upload-woo2F7d4d6e7fd65c1371b0f8c95d894050c0.jpg","width":1000,"height":1000},{"@type":"BreadcrumbList","@id":"https:\/\/nge.vn\/san-pham\/nhua-in-3d-2-mau-anh-sao-lap-lanh-esun-epla-magic-1kg-cuon\/#breadcrumb","itemListElement":[{"@type":"ListItem","position":1,"name":"Trang ch\u1ee7","item":"https:\/\/nge.vn\/"},{"@type":"ListItem","position":2,"name":"S\u1ea3n ph\u1ea9m","item":"https:\/\/nge.vn\/san-pham\/"},{"@type":"ListItem","position":3,"name":"Nh\u1ef1a in 3d 2 m\u00e0u \u00e1nh sao l\u1ea5p l\u00e1nh eSun ePLA-Magic 1kg\/Cu\u1ed9n"}]},{"@type":"WebSite","@id":"https:\/\/nge.vn\/#website","url":"https:\/\/nge.vn\/","name":"NGE 3D Printers Services","description":"","potentialAction":[{"@type":"SearchAction","target":{"@type":"EntryPoint","urlTemplate":"https:\/\/nge.vn\/?s={search_term_string}"},"query-input":{"@type":"PropertyValueSpecification","valueRequired":true,"valueName":"search_term_string"}}],"inLanguage":"en-US"}]}},"_links":{"self":[{"href":"https:\/\/nge.vn\/en\/wp-json\/wp\/v2\/product\/3829","targetHints":{"allow":["GET"]}}],"collection":[{"href":"https:\/\/nge.vn\/en\/wp-json\/wp\/v2\/product"}],"about":[{"href":"https:\/\/nge.vn\/en\/wp-json\/wp\/v2\/types\/product"}],"replies":[{"embeddable":true,"href":"https:\/\/nge.vn\/en\/wp-json\/wp\/v2\/comments?post=3829"}],"wp:featuredmedia":[{"embeddable":true,"href":"https:\/\/nge.vn\/en\/wp-json\/wp\/v2\/media\/3821"}],"wp:attachment":[{"href":"https:\/\/nge.vn\/en\/wp-json\/wp\/v2\/media?parent=3829"}],"wp:term":[{"taxonomy":"product_brand","embeddable":true,"href":"https:\/\/nge.vn\/en\/wp-json\/wp\/v2\/product_brand?post=3829"},{"taxonomy":"product_cat","embeddable":true,"href":"https:\/\/nge.vn\/en\/wp-json\/wp\/v2\/product_cat?post=3829"},{"taxonomy":"product_tag","embeddable":true,"href":"https:\/\/nge.vn\/en\/wp-json\/wp\/v2\/product_tag?post=3829"}],"curies":[{"name":"wp","href":"https:\/\/api.w.org\/{rel}","templated":true}]}}