{"id":3820,"date":"2024-10-26T16:18:56","date_gmt":"2024-10-26T09:18:56","guid":{"rendered":"https:\/\/nge.123websitedev.com\/san-pham\/quat-3010-axial-fan-cho-dong-may-in-3d-creality-k1-va-k1c-va-k1-max\/"},"modified":"2025-07-25T10:54:58","modified_gmt":"2025-07-25T03:54:58","slug":"quat-3010-axial-fan-cho-dong-may-in-3d-creality-k1-va-k1c-va-k1-max","status":"publish","type":"product","link":"https:\/\/nge.vn\/en\/product\/quat-3010-axial-fan-cho-dong-may-in-3d-creality-k1-va-k1c-va-k1-max\/","title":{"rendered":"Qu\u1ea1t 3010 Axial Fan cho d\u00f2ng m\u00e1y in 3d Creality K1 v\u00e0 K1C v\u00e0 K1 Max"},"content":{"rendered":"<p>Qu\u1ea1t 3010 Axial Fan cho d\u00f2ng m\u00e1y in 3d Creality K1 v\u00e0 K1C v\u00e0 K1 Max<\/p>\n<p>Axial Fan_3010_24V_0.1A_12000\u00b110%_L40_1.25-3P<\/p>\n<p>+Weight: 7g<br \/>\n+Size: 30*30*10mm<br \/>\n+DC BRUSHLESS<br \/>\n+CHT3024BL-R10B<br \/>\n+DC 24V 0.10A<br \/>\n+Length: 40mm<br \/>\n+3010 Axial Fan 3205010394<\/p>\n<p>***S\u1eed d\u1ee5ng c\u00e1c m\u00e1y in 3d Creality K1 v\u00e0 K1c v\u00e0 K1 Max&#8230;v\u00e0 c\u00e1c d\u00f2ng m\u00e1y FDM v\u00e0 DIY tr\u00ean th\u1ecb tr\u01b0\u1eddng<\/p>\n<p>**To receive a better price, please contact the shop directly.<br \/>\n0913.939.775 contact A.Quan (for English)<br \/>\n094.144.0951 contact A.Quynh<br \/>\n**Selling price does not include VAT (+10% if VAT invoice is issued)<\/p>","protected":false},"excerpt":{"rendered":"<p>Qu\u1ea1t 3010 Axial Fan cho d\u00f2ng m\u00e1y in 3d Creality K1 v\u00e0 K1C v\u00e0 K1 Max<\/p>","protected":false},"featured_media":3815,"comment_status":"open","ping_status":"closed","template":"","meta":{"inline_featured_image":false},"product_brand":[],"product_cat":[40,56],"product_tag":[],"class_list":{"0":"post-3820","1":"product","2":"type-product","3":"status-publish","4":"has-post-thumbnail","6":"product_cat-linh-kien-va-phu-kien","7":"product_cat-linh-phu-kien-may-in-3d-creality","9":"first","10":"instock","11":"taxable","12":"shipping-taxable","13":"purchasable","14":"product-type-simple"},"yoast_head":"<!-- This site is optimized with the Yoast SEO Premium plugin v22.8 (Yoast SEO v26.9) - https:\/\/yoast.com\/product\/yoast-seo-premium-wordpress\/ -->\n<title>Qu\u1ea1t 3010 Axial Fan cho d\u00f2ng m\u00e1y in 3d Creality K1 v\u00e0 K1C v\u00e0 K1 Max - NGE 3D Printers Services<\/title>\n<meta name=\"description\" content=\"Qu\u1ea1t 3010 Axial Fan cho d\u00f2ng m\u00e1y in 3d Creality K1 v\u00e0 K1C v\u00e0 K1 Max, Weight: 7g, Size: 30*30*10mm,DC BRUSHLESS, CHT3024BL-R10B, DC 24V 0.10A, Length: 40mm\" \/>\n<meta name=\"robots\" content=\"index, follow, max-snippet:-1, max-image-preview:large, max-video-preview:-1\" \/>\n<link rel=\"canonical\" href=\"https:\/\/nge.vn\/en\/product\/quat-3010-axial-fan-cho-dong-may-in-3d-creality-k1-va-k1c-va-k1-max\/\" \/>\n<meta property=\"og:locale\" content=\"en_US\" \/>\n<meta property=\"og:type\" content=\"article\" \/>\n<meta property=\"og:title\" content=\"Qu\u1ea1t 3010 Axial Fan cho d\u00f2ng m\u00e1y in 3d Creality K1 v\u00e0 K1C v\u00e0 K1 Max\" \/>\n<meta property=\"og:description\" content=\"Qu\u1ea1t 3010 Axial Fan cho d\u00f2ng m\u00e1y in 3d Creality K1 v\u00e0 K1C v\u00e0 K1 Max, Weight: 7g, Size: 30*30*10mm,DC BRUSHLESS, CHT3024BL-R10B, DC 24V 0.10A, Length: 40mm\" \/>\n<meta property=\"og:url\" content=\"https:\/\/nge.vn\/en\/product\/quat-3010-axial-fan-cho-dong-may-in-3d-creality-k1-va-k1c-va-k1-max\/\" \/>\n<meta property=\"og:site_name\" content=\"NGE 3D Printers Services\" \/>\n<meta property=\"article:modified_time\" content=\"2025-07-25T03:54:58+00:00\" \/>\n<meta property=\"og:image\" content=\"https:\/\/nge.vn\/wp-content\/uploads\/2024\/10\/images-upload-woo2F46332c10a1a6cb2d798b7f1003dbedac.jpg\" \/>\n\t<meta property=\"og:image:width\" content=\"889\" \/>\n\t<meta property=\"og:image:height\" content=\"889\" \/>\n\t<meta property=\"og:image:type\" content=\"image\/jpeg\" \/>\n<meta name=\"twitter:card\" content=\"summary_large_image\" \/>\n<meta name=\"twitter:label1\" content=\"Est. reading time\" \/>\n\t<meta name=\"twitter:data1\" content=\"1 minute\" \/>\n<script type=\"application\/ld+json\" class=\"yoast-schema-graph\">{\"@context\":\"https:\/\/schema.org\",\"@graph\":[{\"@type\":\"WebPage\",\"@id\":\"https:\/\/nge.vn\/san-pham\/quat-3010-axial-fan-cho-dong-may-in-3d-creality-k1-va-k1c-va-k1-max\/\",\"url\":\"https:\/\/nge.vn\/san-pham\/quat-3010-axial-fan-cho-dong-may-in-3d-creality-k1-va-k1c-va-k1-max\/\",\"name\":\"Qu\u1ea1t 3010 Axial Fan cho d\u00f2ng m\u00e1y in 3d Creality K1 v\u00e0 K1C v\u00e0 K1 Max - NGE 3D Printers Services\",\"isPartOf\":{\"@id\":\"https:\/\/nge.vn\/#website\"},\"primaryImageOfPage\":{\"@id\":\"https:\/\/nge.vn\/san-pham\/quat-3010-axial-fan-cho-dong-may-in-3d-creality-k1-va-k1c-va-k1-max\/#primaryimage\"},\"image\":{\"@id\":\"https:\/\/nge.vn\/san-pham\/quat-3010-axial-fan-cho-dong-may-in-3d-creality-k1-va-k1c-va-k1-max\/#primaryimage\"},\"thumbnailUrl\":\"https:\/\/nge.vn\/wp-content\/uploads\/2024\/10\/images-upload-woo2F46332c10a1a6cb2d798b7f1003dbedac.jpg\",\"datePublished\":\"2024-10-26T09:18:56+00:00\",\"dateModified\":\"2025-07-25T03:54:58+00:00\",\"description\":\"Qu\u1ea1t 3010 Axial Fan cho d\u00f2ng m\u00e1y in 3d Creality K1 v\u00e0 K1C v\u00e0 K1 Max, Weight: 7g, Size: 30*30*10mm,DC BRUSHLESS, CHT3024BL-R10B, DC 24V 0.10A, Length: 40mm\",\"breadcrumb\":{\"@id\":\"https:\/\/nge.vn\/san-pham\/quat-3010-axial-fan-cho-dong-may-in-3d-creality-k1-va-k1c-va-k1-max\/#breadcrumb\"},\"inLanguage\":\"en-US\",\"potentialAction\":[{\"@type\":\"ReadAction\",\"target\":[\"https:\/\/nge.vn\/san-pham\/quat-3010-axial-fan-cho-dong-may-in-3d-creality-k1-va-k1c-va-k1-max\/\"]}]},{\"@type\":\"ImageObject\",\"inLanguage\":\"en-US\",\"@id\":\"https:\/\/nge.vn\/san-pham\/quat-3010-axial-fan-cho-dong-may-in-3d-creality-k1-va-k1c-va-k1-max\/#primaryimage\",\"url\":\"https:\/\/nge.vn\/wp-content\/uploads\/2024\/10\/images-upload-woo2F46332c10a1a6cb2d798b7f1003dbedac.jpg\",\"contentUrl\":\"https:\/\/nge.vn\/wp-content\/uploads\/2024\/10\/images-upload-woo2F46332c10a1a6cb2d798b7f1003dbedac.jpg\",\"width\":889,\"height\":889},{\"@type\":\"BreadcrumbList\",\"@id\":\"https:\/\/nge.vn\/san-pham\/quat-3010-axial-fan-cho-dong-may-in-3d-creality-k1-va-k1c-va-k1-max\/#breadcrumb\",\"itemListElement\":[{\"@type\":\"ListItem\",\"position\":1,\"name\":\"Trang ch\u1ee7\",\"item\":\"https:\/\/nge.vn\/\"},{\"@type\":\"ListItem\",\"position\":2,\"name\":\"S\u1ea3n ph\u1ea9m\",\"item\":\"https:\/\/nge.vn\/san-pham\/\"},{\"@type\":\"ListItem\",\"position\":3,\"name\":\"Qu\u1ea1t 3010 Axial Fan cho d\u00f2ng m\u00e1y in 3d Creality K1 v\u00e0 K1C v\u00e0 K1 Max\"}]},{\"@type\":\"WebSite\",\"@id\":\"https:\/\/nge.vn\/#website\",\"url\":\"https:\/\/nge.vn\/\",\"name\":\"NGE 3D Printers Services\",\"description\":\"\",\"potentialAction\":[{\"@type\":\"SearchAction\",\"target\":{\"@type\":\"EntryPoint\",\"urlTemplate\":\"https:\/\/nge.vn\/?s={search_term_string}\"},\"query-input\":{\"@type\":\"PropertyValueSpecification\",\"valueRequired\":true,\"valueName\":\"search_term_string\"}}],\"inLanguage\":\"en-US\"}]}<\/script>\n<!-- \/ Yoast SEO Premium plugin. -->","yoast_head_json":{"title":"Qu\u1ea1t 3010 Axial Fan cho d\u00f2ng m\u00e1y in 3d Creality K1 v\u00e0 K1C v\u00e0 K1 Max - NGE 3D Printers Services","description":"Qu\u1ea1t 3010 Axial Fan cho d\u00f2ng m\u00e1y in 3d Creality K1 v\u00e0 K1C v\u00e0 K1 Max, Weight: 7g, Size: 30*30*10mm,DC BRUSHLESS, CHT3024BL-R10B, DC 24V 0.10A, Length: 40mm","robots":{"index":"index","follow":"follow","max-snippet":"max-snippet:-1","max-image-preview":"max-image-preview:large","max-video-preview":"max-video-preview:-1"},"canonical":"https:\/\/nge.vn\/en\/product\/quat-3010-axial-fan-cho-dong-may-in-3d-creality-k1-va-k1c-va-k1-max\/","og_locale":"en_US","og_type":"article","og_title":"Qu\u1ea1t 3010 Axial Fan cho d\u00f2ng m\u00e1y in 3d Creality K1 v\u00e0 K1C v\u00e0 K1 Max","og_description":"Qu\u1ea1t 3010 Axial Fan cho d\u00f2ng m\u00e1y in 3d Creality K1 v\u00e0 K1C v\u00e0 K1 Max, Weight: 7g, Size: 30*30*10mm,DC BRUSHLESS, CHT3024BL-R10B, DC 24V 0.10A, Length: 40mm","og_url":"https:\/\/nge.vn\/en\/product\/quat-3010-axial-fan-cho-dong-may-in-3d-creality-k1-va-k1c-va-k1-max\/","og_site_name":"NGE 3D Printers Services","article_modified_time":"2025-07-25T03:54:58+00:00","og_image":[{"width":889,"height":889,"url":"https:\/\/nge.vn\/wp-content\/uploads\/2024\/10\/images-upload-woo2F46332c10a1a6cb2d798b7f1003dbedac.jpg","type":"image\/jpeg"}],"twitter_card":"summary_large_image","twitter_misc":{"Est. reading time":"1 minute"},"schema":{"@context":"https:\/\/schema.org","@graph":[{"@type":"WebPage","@id":"https:\/\/nge.vn\/san-pham\/quat-3010-axial-fan-cho-dong-may-in-3d-creality-k1-va-k1c-va-k1-max\/","url":"https:\/\/nge.vn\/san-pham\/quat-3010-axial-fan-cho-dong-may-in-3d-creality-k1-va-k1c-va-k1-max\/","name":"Qu\u1ea1t 3010 Axial Fan cho d\u00f2ng m\u00e1y in 3d Creality K1 v\u00e0 K1C v\u00e0 K1 Max - NGE 3D Printers Services","isPartOf":{"@id":"https:\/\/nge.vn\/#website"},"primaryImageOfPage":{"@id":"https:\/\/nge.vn\/san-pham\/quat-3010-axial-fan-cho-dong-may-in-3d-creality-k1-va-k1c-va-k1-max\/#primaryimage"},"image":{"@id":"https:\/\/nge.vn\/san-pham\/quat-3010-axial-fan-cho-dong-may-in-3d-creality-k1-va-k1c-va-k1-max\/#primaryimage"},"thumbnailUrl":"https:\/\/nge.vn\/wp-content\/uploads\/2024\/10\/images-upload-woo2F46332c10a1a6cb2d798b7f1003dbedac.jpg","datePublished":"2024-10-26T09:18:56+00:00","dateModified":"2025-07-25T03:54:58+00:00","description":"Qu\u1ea1t 3010 Axial Fan cho d\u00f2ng m\u00e1y in 3d Creality K1 v\u00e0 K1C v\u00e0 K1 Max, Weight: 7g, Size: 30*30*10mm,DC BRUSHLESS, CHT3024BL-R10B, DC 24V 0.10A, Length: 40mm","breadcrumb":{"@id":"https:\/\/nge.vn\/san-pham\/quat-3010-axial-fan-cho-dong-may-in-3d-creality-k1-va-k1c-va-k1-max\/#breadcrumb"},"inLanguage":"en-US","potentialAction":[{"@type":"ReadAction","target":["https:\/\/nge.vn\/san-pham\/quat-3010-axial-fan-cho-dong-may-in-3d-creality-k1-va-k1c-va-k1-max\/"]}]},{"@type":"ImageObject","inLanguage":"en-US","@id":"https:\/\/nge.vn\/san-pham\/quat-3010-axial-fan-cho-dong-may-in-3d-creality-k1-va-k1c-va-k1-max\/#primaryimage","url":"https:\/\/nge.vn\/wp-content\/uploads\/2024\/10\/images-upload-woo2F46332c10a1a6cb2d798b7f1003dbedac.jpg","contentUrl":"https:\/\/nge.vn\/wp-content\/uploads\/2024\/10\/images-upload-woo2F46332c10a1a6cb2d798b7f1003dbedac.jpg","width":889,"height":889},{"@type":"BreadcrumbList","@id":"https:\/\/nge.vn\/san-pham\/quat-3010-axial-fan-cho-dong-may-in-3d-creality-k1-va-k1c-va-k1-max\/#breadcrumb","itemListElement":[{"@type":"ListItem","position":1,"name":"Trang ch\u1ee7","item":"https:\/\/nge.vn\/"},{"@type":"ListItem","position":2,"name":"S\u1ea3n ph\u1ea9m","item":"https:\/\/nge.vn\/san-pham\/"},{"@type":"ListItem","position":3,"name":"Qu\u1ea1t 3010 Axial Fan cho d\u00f2ng m\u00e1y in 3d Creality K1 v\u00e0 K1C v\u00e0 K1 Max"}]},{"@type":"WebSite","@id":"https:\/\/nge.vn\/#website","url":"https:\/\/nge.vn\/","name":"NGE 3D Printers Services","description":"","potentialAction":[{"@type":"SearchAction","target":{"@type":"EntryPoint","urlTemplate":"https:\/\/nge.vn\/?s={search_term_string}"},"query-input":{"@type":"PropertyValueSpecification","valueRequired":true,"valueName":"search_term_string"}}],"inLanguage":"en-US"}]}},"_links":{"self":[{"href":"https:\/\/nge.vn\/en\/wp-json\/wp\/v2\/product\/3820","targetHints":{"allow":["GET"]}}],"collection":[{"href":"https:\/\/nge.vn\/en\/wp-json\/wp\/v2\/product"}],"about":[{"href":"https:\/\/nge.vn\/en\/wp-json\/wp\/v2\/types\/product"}],"replies":[{"embeddable":true,"href":"https:\/\/nge.vn\/en\/wp-json\/wp\/v2\/comments?post=3820"}],"wp:featuredmedia":[{"embeddable":true,"href":"https:\/\/nge.vn\/en\/wp-json\/wp\/v2\/media\/3815"}],"wp:attachment":[{"href":"https:\/\/nge.vn\/en\/wp-json\/wp\/v2\/media?parent=3820"}],"wp:term":[{"taxonomy":"product_brand","embeddable":true,"href":"https:\/\/nge.vn\/en\/wp-json\/wp\/v2\/product_brand?post=3820"},{"taxonomy":"product_cat","embeddable":true,"href":"https:\/\/nge.vn\/en\/wp-json\/wp\/v2\/product_cat?post=3820"},{"taxonomy":"product_tag","embeddable":true,"href":"https:\/\/nge.vn\/en\/wp-json\/wp\/v2\/product_tag?post=3820"}],"curies":[{"name":"wp","href":"https:\/\/api.w.org\/{rel}","templated":true}]}}