{"id":3814,"date":"2024-10-26T16:18:01","date_gmt":"2024-10-26T09:18:01","guid":{"rendered":"https:\/\/nge.123websitedev.com\/san-pham\/quat-so-4020-blower-fan-dung-cho-may-in-3d-creality-k1c-va-k1-max\/"},"modified":"2024-10-28T16:14:40","modified_gmt":"2024-10-28T09:14:40","slug":"quat-so-4020-blower-fan-dung-cho-may-in-3d-creality-k1c-va-k1-max","status":"publish","type":"product","link":"https:\/\/nge.vn\/en\/product\/quat-so-4020-blower-fan-dung-cho-may-in-3d-creality-k1c-va-k1-max\/","title":{"rendered":"Qu\u1ea1t s\u00f2 4020 Blower Fan d\u00f9ng cho m\u00e1y in 3d Creality K1C v\u00e0 K1 Max"},"content":{"rendered":"<p>Qu\u1ea1t s\u00f2 4020 Blower Fan d\u00f9ng cho m\u00e1y in 3d Creality K1C v\u00e0 K1 Max<br \/>\nBlower Fan_4020_24V_0.3A_12k\u00b110%_L60_1.25-4P<\/p>\n<p>+4020 Blower Fan 3205010392<br \/>\n+Weight: 25g<br \/>\n+Size: 40*40*20mm<br \/>\n+DC BRUSHLESS<br \/>\n+CHT4024BY-W20C<br \/>\n+DC 24V 0.30A<br \/>\n+Length: 60mm<br \/>\n+1.25 4 pin<br \/>\n+4020 Blower Fan 3205010392<\/p>\n<p>***S\u1eed d\u1ee5ng c\u00e1c m\u00e1y in 3d Creality K1c v\u00e0 K1 Max&#8230;v\u00e0 c\u00e1c d\u00f2ng m\u00e1y FDM v\u00e0 DIY tr\u00ean th\u1ecb tr\u01b0\u1eddng<\/p>\n<p>**To receive a better price, please contact the shop directly.<br \/>\n     0913.939.775 contact A.Quan (for English)<br \/>\n     094.144.0951 contact A.Quynh<br \/>\n**Selling price does not include VAT (+10% if VAT invoice is issued)<\/p>","protected":false},"excerpt":{"rendered":"<p>Qu\u1ea1t s\u00f2 4020 Blower Fan d\u00f9ng cho m\u00e1y in 3d Creality K1C v\u00e0 K1 Max<\/p>","protected":false},"featured_media":3809,"comment_status":"open","ping_status":"closed","template":"","meta":{"inline_featured_image":false},"product_brand":[],"product_cat":[40,56],"product_tag":[],"class_list":{"0":"post-3814","1":"product","2":"type-product","3":"status-publish","4":"has-post-thumbnail","6":"product_cat-linh-kien-va-phu-kien","7":"product_cat-linh-phu-kien-may-in-3d-creality","9":"first","10":"instock","11":"taxable","12":"shipping-taxable","13":"purchasable","14":"product-type-simple"},"yoast_head":"<!-- This site is optimized with the Yoast SEO Premium plugin v22.8 (Yoast SEO v26.9) - https:\/\/yoast.com\/product\/yoast-seo-premium-wordpress\/ -->\n<title>Qu\u1ea1t s\u00f2 4020 Blower Fan d\u00f9ng cho m\u00e1y in 3d Creality K1C v\u00e0 K1 Max - NGE 3D Printers Services<\/title>\n<meta name=\"robots\" content=\"index, follow, max-snippet:-1, max-image-preview:large, max-video-preview:-1\" \/>\n<link rel=\"canonical\" href=\"https:\/\/nge.vn\/en\/product\/quat-so-4020-blower-fan-dung-cho-may-in-3d-creality-k1c-va-k1-max\/\" \/>\n<meta property=\"og:locale\" content=\"en_US\" \/>\n<meta property=\"og:type\" content=\"article\" \/>\n<meta property=\"og:title\" content=\"Qu\u1ea1t s\u00f2 4020 Blower Fan d\u00f9ng cho m\u00e1y in 3d Creality K1C v\u00e0 K1 Max\" \/>\n<meta property=\"og:description\" content=\"Qu\u1ea1t s\u00f2 4020 Blower Fan d\u00f9ng cho m\u00e1y in 3d Creality K1C v\u00e0 K1 Max\" \/>\n<meta property=\"og:url\" content=\"https:\/\/nge.vn\/en\/product\/quat-so-4020-blower-fan-dung-cho-may-in-3d-creality-k1c-va-k1-max\/\" \/>\n<meta property=\"og:site_name\" content=\"NGE 3D Printers Services\" \/>\n<meta property=\"article:modified_time\" content=\"2024-10-28T09:14:40+00:00\" \/>\n<meta property=\"og:image\" content=\"https:\/\/nge.vn\/wp-content\/uploads\/2024\/10\/images-upload-woo2F82b98a4c60614ef473b960ce063b202e.jpg\" \/>\n\t<meta property=\"og:image:width\" content=\"1024\" \/>\n\t<meta property=\"og:image:height\" content=\"1024\" \/>\n\t<meta property=\"og:image:type\" content=\"image\/jpeg\" \/>\n<meta name=\"twitter:card\" content=\"summary_large_image\" \/>\n<meta name=\"twitter:label1\" content=\"Est. reading time\" \/>\n\t<meta name=\"twitter:data1\" content=\"1 minute\" \/>\n<script type=\"application\/ld+json\" class=\"yoast-schema-graph\">{\"@context\":\"https:\/\/schema.org\",\"@graph\":[{\"@type\":\"WebPage\",\"@id\":\"https:\/\/nge.vn\/san-pham\/quat-so-4020-blower-fan-dung-cho-may-in-3d-creality-k1c-va-k1-max\/\",\"url\":\"https:\/\/nge.vn\/san-pham\/quat-so-4020-blower-fan-dung-cho-may-in-3d-creality-k1c-va-k1-max\/\",\"name\":\"Qu\u1ea1t s\u00f2 4020 Blower Fan d\u00f9ng cho m\u00e1y in 3d Creality K1C v\u00e0 K1 Max - NGE 3D Printers Services\",\"isPartOf\":{\"@id\":\"https:\/\/nge.vn\/#website\"},\"primaryImageOfPage\":{\"@id\":\"https:\/\/nge.vn\/san-pham\/quat-so-4020-blower-fan-dung-cho-may-in-3d-creality-k1c-va-k1-max\/#primaryimage\"},\"image\":{\"@id\":\"https:\/\/nge.vn\/san-pham\/quat-so-4020-blower-fan-dung-cho-may-in-3d-creality-k1c-va-k1-max\/#primaryimage\"},\"thumbnailUrl\":\"https:\/\/nge.vn\/wp-content\/uploads\/2024\/10\/images-upload-woo2F82b98a4c60614ef473b960ce063b202e.jpg\",\"datePublished\":\"2024-10-26T09:18:01+00:00\",\"dateModified\":\"2024-10-28T09:14:40+00:00\",\"breadcrumb\":{\"@id\":\"https:\/\/nge.vn\/san-pham\/quat-so-4020-blower-fan-dung-cho-may-in-3d-creality-k1c-va-k1-max\/#breadcrumb\"},\"inLanguage\":\"en-US\",\"potentialAction\":[{\"@type\":\"ReadAction\",\"target\":[\"https:\/\/nge.vn\/san-pham\/quat-so-4020-blower-fan-dung-cho-may-in-3d-creality-k1c-va-k1-max\/\"]}]},{\"@type\":\"ImageObject\",\"inLanguage\":\"en-US\",\"@id\":\"https:\/\/nge.vn\/san-pham\/quat-so-4020-blower-fan-dung-cho-may-in-3d-creality-k1c-va-k1-max\/#primaryimage\",\"url\":\"https:\/\/nge.vn\/wp-content\/uploads\/2024\/10\/images-upload-woo2F82b98a4c60614ef473b960ce063b202e.jpg\",\"contentUrl\":\"https:\/\/nge.vn\/wp-content\/uploads\/2024\/10\/images-upload-woo2F82b98a4c60614ef473b960ce063b202e.jpg\",\"width\":1024,\"height\":1024},{\"@type\":\"BreadcrumbList\",\"@id\":\"https:\/\/nge.vn\/san-pham\/quat-so-4020-blower-fan-dung-cho-may-in-3d-creality-k1c-va-k1-max\/#breadcrumb\",\"itemListElement\":[{\"@type\":\"ListItem\",\"position\":1,\"name\":\"Trang ch\u1ee7\",\"item\":\"https:\/\/nge.vn\/\"},{\"@type\":\"ListItem\",\"position\":2,\"name\":\"S\u1ea3n ph\u1ea9m\",\"item\":\"https:\/\/nge.vn\/san-pham\/\"},{\"@type\":\"ListItem\",\"position\":3,\"name\":\"Qu\u1ea1t s\u00f2 4020 Blower Fan d\u00f9ng cho m\u00e1y in 3d Creality K1C v\u00e0 K1 Max\"}]},{\"@type\":\"WebSite\",\"@id\":\"https:\/\/nge.vn\/#website\",\"url\":\"https:\/\/nge.vn\/\",\"name\":\"NGE 3D Printers Services\",\"description\":\"\",\"potentialAction\":[{\"@type\":\"SearchAction\",\"target\":{\"@type\":\"EntryPoint\",\"urlTemplate\":\"https:\/\/nge.vn\/?s={search_term_string}\"},\"query-input\":{\"@type\":\"PropertyValueSpecification\",\"valueRequired\":true,\"valueName\":\"search_term_string\"}}],\"inLanguage\":\"en-US\"}]}<\/script>\n<!-- \/ Yoast SEO Premium plugin. -->","yoast_head_json":{"title":"Qu\u1ea1t s\u00f2 4020 Blower Fan d\u00f9ng cho m\u00e1y in 3d Creality K1C v\u00e0 K1 Max - NGE 3D Printers Services","robots":{"index":"index","follow":"follow","max-snippet":"max-snippet:-1","max-image-preview":"max-image-preview:large","max-video-preview":"max-video-preview:-1"},"canonical":"https:\/\/nge.vn\/en\/product\/quat-so-4020-blower-fan-dung-cho-may-in-3d-creality-k1c-va-k1-max\/","og_locale":"en_US","og_type":"article","og_title":"Qu\u1ea1t s\u00f2 4020 Blower Fan d\u00f9ng cho m\u00e1y in 3d Creality K1C v\u00e0 K1 Max","og_description":"Qu\u1ea1t s\u00f2 4020 Blower Fan d\u00f9ng cho m\u00e1y in 3d Creality K1C v\u00e0 K1 Max","og_url":"https:\/\/nge.vn\/en\/product\/quat-so-4020-blower-fan-dung-cho-may-in-3d-creality-k1c-va-k1-max\/","og_site_name":"NGE 3D Printers Services","article_modified_time":"2024-10-28T09:14:40+00:00","og_image":[{"width":1024,"height":1024,"url":"https:\/\/nge.vn\/wp-content\/uploads\/2024\/10\/images-upload-woo2F82b98a4c60614ef473b960ce063b202e.jpg","type":"image\/jpeg"}],"twitter_card":"summary_large_image","twitter_misc":{"Est. reading time":"1 minute"},"schema":{"@context":"https:\/\/schema.org","@graph":[{"@type":"WebPage","@id":"https:\/\/nge.vn\/san-pham\/quat-so-4020-blower-fan-dung-cho-may-in-3d-creality-k1c-va-k1-max\/","url":"https:\/\/nge.vn\/san-pham\/quat-so-4020-blower-fan-dung-cho-may-in-3d-creality-k1c-va-k1-max\/","name":"Qu\u1ea1t s\u00f2 4020 Blower Fan d\u00f9ng cho m\u00e1y in 3d Creality K1C v\u00e0 K1 Max - NGE 3D Printers Services","isPartOf":{"@id":"https:\/\/nge.vn\/#website"},"primaryImageOfPage":{"@id":"https:\/\/nge.vn\/san-pham\/quat-so-4020-blower-fan-dung-cho-may-in-3d-creality-k1c-va-k1-max\/#primaryimage"},"image":{"@id":"https:\/\/nge.vn\/san-pham\/quat-so-4020-blower-fan-dung-cho-may-in-3d-creality-k1c-va-k1-max\/#primaryimage"},"thumbnailUrl":"https:\/\/nge.vn\/wp-content\/uploads\/2024\/10\/images-upload-woo2F82b98a4c60614ef473b960ce063b202e.jpg","datePublished":"2024-10-26T09:18:01+00:00","dateModified":"2024-10-28T09:14:40+00:00","breadcrumb":{"@id":"https:\/\/nge.vn\/san-pham\/quat-so-4020-blower-fan-dung-cho-may-in-3d-creality-k1c-va-k1-max\/#breadcrumb"},"inLanguage":"en-US","potentialAction":[{"@type":"ReadAction","target":["https:\/\/nge.vn\/san-pham\/quat-so-4020-blower-fan-dung-cho-may-in-3d-creality-k1c-va-k1-max\/"]}]},{"@type":"ImageObject","inLanguage":"en-US","@id":"https:\/\/nge.vn\/san-pham\/quat-so-4020-blower-fan-dung-cho-may-in-3d-creality-k1c-va-k1-max\/#primaryimage","url":"https:\/\/nge.vn\/wp-content\/uploads\/2024\/10\/images-upload-woo2F82b98a4c60614ef473b960ce063b202e.jpg","contentUrl":"https:\/\/nge.vn\/wp-content\/uploads\/2024\/10\/images-upload-woo2F82b98a4c60614ef473b960ce063b202e.jpg","width":1024,"height":1024},{"@type":"BreadcrumbList","@id":"https:\/\/nge.vn\/san-pham\/quat-so-4020-blower-fan-dung-cho-may-in-3d-creality-k1c-va-k1-max\/#breadcrumb","itemListElement":[{"@type":"ListItem","position":1,"name":"Trang ch\u1ee7","item":"https:\/\/nge.vn\/"},{"@type":"ListItem","position":2,"name":"S\u1ea3n ph\u1ea9m","item":"https:\/\/nge.vn\/san-pham\/"},{"@type":"ListItem","position":3,"name":"Qu\u1ea1t s\u00f2 4020 Blower Fan d\u00f9ng cho m\u00e1y in 3d Creality K1C v\u00e0 K1 Max"}]},{"@type":"WebSite","@id":"https:\/\/nge.vn\/#website","url":"https:\/\/nge.vn\/","name":"NGE 3D Printers Services","description":"","potentialAction":[{"@type":"SearchAction","target":{"@type":"EntryPoint","urlTemplate":"https:\/\/nge.vn\/?s={search_term_string}"},"query-input":{"@type":"PropertyValueSpecification","valueRequired":true,"valueName":"search_term_string"}}],"inLanguage":"en-US"}]}},"_links":{"self":[{"href":"https:\/\/nge.vn\/en\/wp-json\/wp\/v2\/product\/3814","targetHints":{"allow":["GET"]}}],"collection":[{"href":"https:\/\/nge.vn\/en\/wp-json\/wp\/v2\/product"}],"about":[{"href":"https:\/\/nge.vn\/en\/wp-json\/wp\/v2\/types\/product"}],"replies":[{"embeddable":true,"href":"https:\/\/nge.vn\/en\/wp-json\/wp\/v2\/comments?post=3814"}],"wp:featuredmedia":[{"embeddable":true,"href":"https:\/\/nge.vn\/en\/wp-json\/wp\/v2\/media\/3809"}],"wp:attachment":[{"href":"https:\/\/nge.vn\/en\/wp-json\/wp\/v2\/media?parent=3814"}],"wp:term":[{"taxonomy":"product_brand","embeddable":true,"href":"https:\/\/nge.vn\/en\/wp-json\/wp\/v2\/product_brand?post=3814"},{"taxonomy":"product_cat","embeddable":true,"href":"https:\/\/nge.vn\/en\/wp-json\/wp\/v2\/product_cat?post=3814"},{"taxonomy":"product_tag","embeddable":true,"href":"https:\/\/nge.vn\/en\/wp-json\/wp\/v2\/product_tag?post=3814"}],"curies":[{"name":"wp","href":"https:\/\/api.w.org\/{rel}","templated":true}]}}