{"id":3808,"date":"2024-10-26T16:17:05","date_gmt":"2024-10-26T09:17:05","guid":{"rendered":"https:\/\/nge.123websitedev.com\/san-pham\/quat-2510-axial-fan-cho-may-in-3d-creality-ender-3-v3-va-ender-3-v3-plus\/"},"modified":"2024-10-28T16:14:48","modified_gmt":"2024-10-28T09:14:48","slug":"quat-2510-axial-fan-cho-may-in-3d-creality-ender-3-v3-va-ender-3-v3-plus","status":"publish","type":"product","link":"https:\/\/nge.vn\/en\/product\/quat-2510-axial-fan-cho-may-in-3d-creality-ender-3-v3-va-ender-3-v3-plus\/","title":{"rendered":"Qu\u1ea1t 2510 Axial fan cho m\u00e1y in 3d Creality Ender-3 V3 v\u00e0 Ender-3 V3 Plus"},"content":{"rendered":"<p>Qu\u1ea1t 2510 Axial fan for Ender-3 V3_Ender-3 V3 Plus<br \/>\nAxial fan_Ball_2510_24V_0.3A_13000\u00b115%_L55_1.25<\/p>\n<p>DC BRUSHLESS<br \/>\nCHA2524BL-10B<br \/>\nDC 24V 0.10A<\/p>\n<p>+Weight: 6g<br \/>\n+Size: 25*25*10mm<br \/>\n+Cable length: 55mm<\/p>\n<p>+Axial fan 3205010390<\/p>\n<p>**S\u1eed d\u1ee5ng cho c\u00e1c d\u00f2ng m\u00e1y in 3d Creality: Ender-3 V3 v\u00e0 Ender-3 V3 Plus&#8230; v\u00e0 c\u00e1c d\u00f2ng m\u00e1y FDM v\u00e0 DIY tr\u00ean th\u1ecb tr\u01b0\u1eddng<\/p>\n<p>**To receive a better price, please contact the shop directly.<br \/>\n     0913.939.775 contact A.Quan (for English)<br \/>\n     094.144.0951 contact A.Quynh<br \/>\n**Selling price does not include VAT (+10% if VAT invoice is issued)<\/p>","protected":false},"excerpt":{"rendered":"<p>Qu\u1ea1t 2510 Axial fan cho m\u00e1y in 3d Creality Ender-3 V3 v\u00e0 Ender-3 V3 Plus<\/p>","protected":false},"featured_media":3803,"comment_status":"open","ping_status":"closed","template":"","meta":{"inline_featured_image":false},"product_brand":[],"product_cat":[40,56],"product_tag":[],"class_list":{"0":"post-3808","1":"product","2":"type-product","3":"status-publish","4":"has-post-thumbnail","6":"product_cat-linh-kien-va-phu-kien","7":"product_cat-linh-phu-kien-may-in-3d-creality","9":"first","10":"instock","11":"taxable","12":"shipping-taxable","13":"purchasable","14":"product-type-simple"},"yoast_head":"<!-- This site is optimized with the Yoast SEO Premium plugin v22.8 (Yoast SEO v26.9) - https:\/\/yoast.com\/product\/yoast-seo-premium-wordpress\/ -->\n<title>Qu\u1ea1t 2510 Axial fan cho m\u00e1y in 3d Creality Ender-3 V3 v\u00e0 Ender-3 V3 Plus - NGE 3D Printers Services<\/title>\n<meta name=\"robots\" content=\"index, follow, max-snippet:-1, max-image-preview:large, max-video-preview:-1\" \/>\n<link rel=\"canonical\" href=\"https:\/\/nge.vn\/en\/product\/quat-2510-axial-fan-cho-may-in-3d-creality-ender-3-v3-va-ender-3-v3-plus\/\" \/>\n<meta property=\"og:locale\" content=\"en_US\" \/>\n<meta property=\"og:type\" content=\"article\" \/>\n<meta property=\"og:title\" content=\"Qu\u1ea1t 2510 Axial fan cho m\u00e1y in 3d Creality Ender-3 V3 v\u00e0 Ender-3 V3 Plus\" \/>\n<meta property=\"og:description\" content=\"Qu\u1ea1t 2510 Axial fan cho m\u00e1y in 3d Creality Ender-3 V3 v\u00e0 Ender-3 V3 Plus\" \/>\n<meta property=\"og:url\" content=\"https:\/\/nge.vn\/en\/product\/quat-2510-axial-fan-cho-may-in-3d-creality-ender-3-v3-va-ender-3-v3-plus\/\" \/>\n<meta property=\"og:site_name\" content=\"NGE 3D Printers Services\" \/>\n<meta property=\"article:modified_time\" content=\"2024-10-28T09:14:48+00:00\" \/>\n<meta property=\"og:image\" content=\"https:\/\/nge.vn\/wp-content\/uploads\/2024\/10\/images-upload-woo2F4791988a0774cef59592dff9904ca6b7.jpg\" \/>\n\t<meta property=\"og:image:width\" content=\"635\" \/>\n\t<meta property=\"og:image:height\" content=\"635\" \/>\n\t<meta property=\"og:image:type\" content=\"image\/jpeg\" \/>\n<meta name=\"twitter:card\" content=\"summary_large_image\" \/>\n<meta name=\"twitter:label1\" content=\"Est. reading time\" \/>\n\t<meta name=\"twitter:data1\" content=\"1 minute\" \/>\n<script type=\"application\/ld+json\" class=\"yoast-schema-graph\">{\"@context\":\"https:\/\/schema.org\",\"@graph\":[{\"@type\":\"WebPage\",\"@id\":\"https:\/\/nge.vn\/san-pham\/quat-2510-axial-fan-cho-may-in-3d-creality-ender-3-v3-va-ender-3-v3-plus\/\",\"url\":\"https:\/\/nge.vn\/san-pham\/quat-2510-axial-fan-cho-may-in-3d-creality-ender-3-v3-va-ender-3-v3-plus\/\",\"name\":\"Qu\u1ea1t 2510 Axial fan cho m\u00e1y in 3d Creality Ender-3 V3 v\u00e0 Ender-3 V3 Plus - NGE 3D Printers Services\",\"isPartOf\":{\"@id\":\"https:\/\/nge.vn\/#website\"},\"primaryImageOfPage\":{\"@id\":\"https:\/\/nge.vn\/san-pham\/quat-2510-axial-fan-cho-may-in-3d-creality-ender-3-v3-va-ender-3-v3-plus\/#primaryimage\"},\"image\":{\"@id\":\"https:\/\/nge.vn\/san-pham\/quat-2510-axial-fan-cho-may-in-3d-creality-ender-3-v3-va-ender-3-v3-plus\/#primaryimage\"},\"thumbnailUrl\":\"https:\/\/nge.vn\/wp-content\/uploads\/2024\/10\/images-upload-woo2F4791988a0774cef59592dff9904ca6b7.jpg\",\"datePublished\":\"2024-10-26T09:17:05+00:00\",\"dateModified\":\"2024-10-28T09:14:48+00:00\",\"breadcrumb\":{\"@id\":\"https:\/\/nge.vn\/san-pham\/quat-2510-axial-fan-cho-may-in-3d-creality-ender-3-v3-va-ender-3-v3-plus\/#breadcrumb\"},\"inLanguage\":\"en-US\",\"potentialAction\":[{\"@type\":\"ReadAction\",\"target\":[\"https:\/\/nge.vn\/san-pham\/quat-2510-axial-fan-cho-may-in-3d-creality-ender-3-v3-va-ender-3-v3-plus\/\"]}]},{\"@type\":\"ImageObject\",\"inLanguage\":\"en-US\",\"@id\":\"https:\/\/nge.vn\/san-pham\/quat-2510-axial-fan-cho-may-in-3d-creality-ender-3-v3-va-ender-3-v3-plus\/#primaryimage\",\"url\":\"https:\/\/nge.vn\/wp-content\/uploads\/2024\/10\/images-upload-woo2F4791988a0774cef59592dff9904ca6b7.jpg\",\"contentUrl\":\"https:\/\/nge.vn\/wp-content\/uploads\/2024\/10\/images-upload-woo2F4791988a0774cef59592dff9904ca6b7.jpg\",\"width\":635,\"height\":635},{\"@type\":\"BreadcrumbList\",\"@id\":\"https:\/\/nge.vn\/san-pham\/quat-2510-axial-fan-cho-may-in-3d-creality-ender-3-v3-va-ender-3-v3-plus\/#breadcrumb\",\"itemListElement\":[{\"@type\":\"ListItem\",\"position\":1,\"name\":\"Trang ch\u1ee7\",\"item\":\"https:\/\/nge.vn\/\"},{\"@type\":\"ListItem\",\"position\":2,\"name\":\"S\u1ea3n ph\u1ea9m\",\"item\":\"https:\/\/nge.vn\/san-pham\/\"},{\"@type\":\"ListItem\",\"position\":3,\"name\":\"Qu\u1ea1t 2510 Axial fan cho m\u00e1y in 3d Creality Ender-3 V3 v\u00e0 Ender-3 V3 Plus\"}]},{\"@type\":\"WebSite\",\"@id\":\"https:\/\/nge.vn\/#website\",\"url\":\"https:\/\/nge.vn\/\",\"name\":\"NGE 3D Printers Services\",\"description\":\"\",\"potentialAction\":[{\"@type\":\"SearchAction\",\"target\":{\"@type\":\"EntryPoint\",\"urlTemplate\":\"https:\/\/nge.vn\/?s={search_term_string}\"},\"query-input\":{\"@type\":\"PropertyValueSpecification\",\"valueRequired\":true,\"valueName\":\"search_term_string\"}}],\"inLanguage\":\"en-US\"}]}<\/script>\n<!-- \/ Yoast SEO Premium plugin. -->","yoast_head_json":{"title":"Qu\u1ea1t 2510 Axial fan cho m\u00e1y in 3d Creality Ender-3 V3 v\u00e0 Ender-3 V3 Plus - NGE 3D Printers Services","robots":{"index":"index","follow":"follow","max-snippet":"max-snippet:-1","max-image-preview":"max-image-preview:large","max-video-preview":"max-video-preview:-1"},"canonical":"https:\/\/nge.vn\/en\/product\/quat-2510-axial-fan-cho-may-in-3d-creality-ender-3-v3-va-ender-3-v3-plus\/","og_locale":"en_US","og_type":"article","og_title":"Qu\u1ea1t 2510 Axial fan cho m\u00e1y in 3d Creality Ender-3 V3 v\u00e0 Ender-3 V3 Plus","og_description":"Qu\u1ea1t 2510 Axial fan cho m\u00e1y in 3d Creality Ender-3 V3 v\u00e0 Ender-3 V3 Plus","og_url":"https:\/\/nge.vn\/en\/product\/quat-2510-axial-fan-cho-may-in-3d-creality-ender-3-v3-va-ender-3-v3-plus\/","og_site_name":"NGE 3D Printers Services","article_modified_time":"2024-10-28T09:14:48+00:00","og_image":[{"width":635,"height":635,"url":"https:\/\/nge.vn\/wp-content\/uploads\/2024\/10\/images-upload-woo2F4791988a0774cef59592dff9904ca6b7.jpg","type":"image\/jpeg"}],"twitter_card":"summary_large_image","twitter_misc":{"Est. reading time":"1 minute"},"schema":{"@context":"https:\/\/schema.org","@graph":[{"@type":"WebPage","@id":"https:\/\/nge.vn\/san-pham\/quat-2510-axial-fan-cho-may-in-3d-creality-ender-3-v3-va-ender-3-v3-plus\/","url":"https:\/\/nge.vn\/san-pham\/quat-2510-axial-fan-cho-may-in-3d-creality-ender-3-v3-va-ender-3-v3-plus\/","name":"Qu\u1ea1t 2510 Axial fan cho m\u00e1y in 3d Creality Ender-3 V3 v\u00e0 Ender-3 V3 Plus - NGE 3D Printers Services","isPartOf":{"@id":"https:\/\/nge.vn\/#website"},"primaryImageOfPage":{"@id":"https:\/\/nge.vn\/san-pham\/quat-2510-axial-fan-cho-may-in-3d-creality-ender-3-v3-va-ender-3-v3-plus\/#primaryimage"},"image":{"@id":"https:\/\/nge.vn\/san-pham\/quat-2510-axial-fan-cho-may-in-3d-creality-ender-3-v3-va-ender-3-v3-plus\/#primaryimage"},"thumbnailUrl":"https:\/\/nge.vn\/wp-content\/uploads\/2024\/10\/images-upload-woo2F4791988a0774cef59592dff9904ca6b7.jpg","datePublished":"2024-10-26T09:17:05+00:00","dateModified":"2024-10-28T09:14:48+00:00","breadcrumb":{"@id":"https:\/\/nge.vn\/san-pham\/quat-2510-axial-fan-cho-may-in-3d-creality-ender-3-v3-va-ender-3-v3-plus\/#breadcrumb"},"inLanguage":"en-US","potentialAction":[{"@type":"ReadAction","target":["https:\/\/nge.vn\/san-pham\/quat-2510-axial-fan-cho-may-in-3d-creality-ender-3-v3-va-ender-3-v3-plus\/"]}]},{"@type":"ImageObject","inLanguage":"en-US","@id":"https:\/\/nge.vn\/san-pham\/quat-2510-axial-fan-cho-may-in-3d-creality-ender-3-v3-va-ender-3-v3-plus\/#primaryimage","url":"https:\/\/nge.vn\/wp-content\/uploads\/2024\/10\/images-upload-woo2F4791988a0774cef59592dff9904ca6b7.jpg","contentUrl":"https:\/\/nge.vn\/wp-content\/uploads\/2024\/10\/images-upload-woo2F4791988a0774cef59592dff9904ca6b7.jpg","width":635,"height":635},{"@type":"BreadcrumbList","@id":"https:\/\/nge.vn\/san-pham\/quat-2510-axial-fan-cho-may-in-3d-creality-ender-3-v3-va-ender-3-v3-plus\/#breadcrumb","itemListElement":[{"@type":"ListItem","position":1,"name":"Trang ch\u1ee7","item":"https:\/\/nge.vn\/"},{"@type":"ListItem","position":2,"name":"S\u1ea3n ph\u1ea9m","item":"https:\/\/nge.vn\/san-pham\/"},{"@type":"ListItem","position":3,"name":"Qu\u1ea1t 2510 Axial fan cho m\u00e1y in 3d Creality Ender-3 V3 v\u00e0 Ender-3 V3 Plus"}]},{"@type":"WebSite","@id":"https:\/\/nge.vn\/#website","url":"https:\/\/nge.vn\/","name":"NGE 3D Printers Services","description":"","potentialAction":[{"@type":"SearchAction","target":{"@type":"EntryPoint","urlTemplate":"https:\/\/nge.vn\/?s={search_term_string}"},"query-input":{"@type":"PropertyValueSpecification","valueRequired":true,"valueName":"search_term_string"}}],"inLanguage":"en-US"}]}},"_links":{"self":[{"href":"https:\/\/nge.vn\/en\/wp-json\/wp\/v2\/product\/3808","targetHints":{"allow":["GET"]}}],"collection":[{"href":"https:\/\/nge.vn\/en\/wp-json\/wp\/v2\/product"}],"about":[{"href":"https:\/\/nge.vn\/en\/wp-json\/wp\/v2\/types\/product"}],"replies":[{"embeddable":true,"href":"https:\/\/nge.vn\/en\/wp-json\/wp\/v2\/comments?post=3808"}],"wp:featuredmedia":[{"embeddable":true,"href":"https:\/\/nge.vn\/en\/wp-json\/wp\/v2\/media\/3803"}],"wp:attachment":[{"href":"https:\/\/nge.vn\/en\/wp-json\/wp\/v2\/media?parent=3808"}],"wp:term":[{"taxonomy":"product_brand","embeddable":true,"href":"https:\/\/nge.vn\/en\/wp-json\/wp\/v2\/product_brand?post=3808"},{"taxonomy":"product_cat","embeddable":true,"href":"https:\/\/nge.vn\/en\/wp-json\/wp\/v2\/product_cat?post=3808"},{"taxonomy":"product_tag","embeddable":true,"href":"https:\/\/nge.vn\/en\/wp-json\/wp\/v2\/product_tag?post=3808"}],"curies":[{"name":"wp","href":"https:\/\/api.w.org\/{rel}","templated":true}]}}