{"id":3792,"date":"2024-10-26T16:16:04","date_gmt":"2024-10-26T09:16:04","guid":{"rendered":"https:\/\/nge.123websitedev.com\/san-pham\/nhua-in-3d-esun-epetghs-high-speed-dung-cho-cac-dong-may-in-toc-do-cao-1kg-cuon\/"},"modified":"2025-06-16T19:36:02","modified_gmt":"2025-06-16T12:36:02","slug":"nhua-in-3d-esun-epetghs-high-speed-dung-cho-cac-dong-may-in-toc-do-cao-1kg-cuon","status":"publish","type":"product","link":"https:\/\/nge.vn\/en\/product\/nhua-in-3d-esun-epetghs-high-speed-dung-cho-cac-dong-may-in-toc-do-cao-1kg-cuon\/","title":{"rendered":"eSun ePETG+HS (High Speed) 3D printing plastic for high speed printers 1kg\/Roll"},"content":{"rendered":"<p>eSun ePETG+HS (High Speed) 3D printing plastic for high speed printers 1kg\/Roll<br \/>\nePETG+HS, C\u00f4ng th\u1ee9c PETG m\u1edbi \u0111\u01b0\u1ee3c t\u1ed1i \u01b0u h\u00f3a \u0111\u1ec3 \u0111\u00f4ng \u0111\u1eb7c l\u00e0m m\u00e1t nhanh h\u01a1n v\u00e0 v\u01b0\u1ee3t tr\u1ed9i, t\u01b0\u01a1ng th\u00edch v\u1edbi in t\u1ed1c \u0111\u1ed9 cao, b\u00e1m d\u00ednh v\u1eadt li\u1ec7u v\u00e0o v\u00f2i phun trong khi in C\u00e1c v\u1ea5n \u0111\u1ec1 \u0111\u01b0\u1ee3c t\u1ed1i \u01b0u h\u00f3a, gi\u1ea3m kh\u1ea3 n\u0103ng in k\u00e9m, ch\u1ed1ng n\u01b0\u1edbc ti\u1ebft ki\u1ec7m chi ph\u00ed, kh\u00e1ng h\u00f3a ch\u1ea5t, \u0111\u1ed9 b\u1ec1n cao v\u00e0 Ch\u1ea5t li\u1ec7u in nhanh.<\/p>\n<p>+\u0110\u1ed9 d\u1ebbo dai cao<br \/>\n+Kh\u00e1ng h\u00f3a ch\u1ea5t<br \/>\n+Kh\u00f4ng th\u1ea5m n\u01b0\u1edbc<\/p>\n<p>_Ghi ch\u00fa<br \/>\n+B\u1eadt c\u0103n ch\u1ec9nh \u0111\u01b0\u1eddng seam Z. T\u1eaft t\u00ednh n\u0103ng n\u00e2ng tr\u1ee5c Z b\u1eb1ng b\u1ea3n v\u1ebd.<br \/>\n+T\u1ed1c \u0111\u1ed9 in ch\u1eadm h\u01a1n.<\/p>\n<p>*\u1ee8ng d\u1ee5ng<br \/>\n\u1ee8ng d\u1ee5ng ch\u1ed1ng th\u1ea5m n\u01b0\u1edbc| C\u00e1c th\u00e0nh ph\u1ea7n Snap-Fit | Ch\u1eadu hoa | T\u1ea1o nguy\u00ean m\u1eabu | V\u1ecf thi\u1ebft b\u1ecb<\/p>\n<p>_Parameter Information<br \/>\n+3D PRINTING FILAMENT : ePETG+HS<br \/>\n+Density(g\/cm3) : 1.26<br \/>\n+Heat Distortion Temp (\u00b0C,0.45MPa) : 68<br \/>\n+Melt Flow Index(g\/10min) : 24 (250\u00b0C\/2.16kg)<br \/>\n+Tensile Strength(MPa) (Z) : 29.2<br \/>\n+Elongation at Break(%) (Z) : 4.2<br \/>\n+Flexural Strength(MPa)(XY) : 63<br \/>\n+Flexural Modulus(MPa)(XY) : 1708.7<br \/>\n+IZOD Impact Strength(kJ\/m2)(XY) : 5.86<br \/>\n+Durability :<br \/>\n+Printability :<br \/>\n+Extruder Temperature(\u00b0C) : 220-260\u00b0C Recommended Temperature 240\u00b0C<br \/>\n+Bed temperature(\u00b0C) : 75-90\u00b0C<br \/>\n+Fan Speed : 100%<br \/>\n+Printing Speed : 40 &#8211; 300mm\/s<br \/>\n+Heated Bed : Required<br \/>\n+Recommended Build Surfaces : PVP Solid Glue, High Temperature Glue<\/p>\n<p>**To receive a better price, please contact the shop directly.<br \/>\n0913.939.775 contact A.Quan (for English)<br \/>\n094.144.0951 contact A.Quynh<br \/>\n**Selling price does not include VAT (+10% if VAT invoice is issued)<\/p>","protected":false},"excerpt":{"rendered":"<p>eSun ePETG+HS (High Speed) 3D printing plastic for high speed printers 1kg\/Roll<\/p>","protected":false},"featured_media":3783,"comment_status":"open","ping_status":"closed","template":"","meta":{"inline_featured_image":false},"product_brand":[],"product_cat":[455,43,464],"product_tag":[],"class_list":{"0":"post-3792","1":"product","2":"type-product","3":"status-publish","4":"has-post-thumbnail","6":"product_cat-nhua-in-3d","7":"product_cat-nhua-in-3d-resin","8":"product_cat-nhua-in-3d-resin-esun","10":"first","11":"instock","12":"taxable","13":"shipping-taxable","14":"purchasable","15":"product-type-variable"},"yoast_head":"<!-- This site is optimized with the Yoast SEO Premium plugin v22.8 (Yoast SEO v26.9) - https:\/\/yoast.com\/product\/yoast-seo-premium-wordpress\/ -->\n<title>Nh\u1ef1a in 3d eSun ePETG+HS (High Speed) d\u00f9ng cho c\u00e1c d\u00f2ng m\u00e1y in t\u1ed1c \u0111\u1ed9 cao 1kg\/ Cu\u1ed9n - NGE 3D Printers Services<\/title>\n<meta name=\"robots\" content=\"index, follow, max-snippet:-1, max-image-preview:large, max-video-preview:-1\" \/>\n<link rel=\"canonical\" href=\"https:\/\/nge.vn\/en\/product\/nhua-in-3d-esun-epetghs-high-speed-dung-cho-cac-dong-may-in-toc-do-cao-1kg-cuon\/\" \/>\n<meta property=\"og:locale\" content=\"en_US\" \/>\n<meta property=\"og:type\" content=\"article\" \/>\n<meta property=\"og:title\" content=\"Nh\u1ef1a in 3d eSun ePETG+HS (High Speed) d\u00f9ng cho c\u00e1c d\u00f2ng m\u00e1y in t\u1ed1c \u0111\u1ed9 cao 1kg\/ Cu\u1ed9n\" \/>\n<meta property=\"og:description\" content=\"Nh\u1ef1a in 3d eSun ePETG+HS (High Speed) d\u00f9ng cho c\u00e1c d\u00f2ng m\u00e1y in t\u1ed1c \u0111\u1ed9 cao 1kg\/ Cu\u1ed9n\" \/>\n<meta property=\"og:url\" content=\"https:\/\/nge.vn\/en\/product\/nhua-in-3d-esun-epetghs-high-speed-dung-cho-cac-dong-may-in-toc-do-cao-1kg-cuon\/\" \/>\n<meta property=\"og:site_name\" content=\"NGE 3D Printers Services\" \/>\n<meta property=\"article:modified_time\" content=\"2025-06-16T12:36:02+00:00\" \/>\n<meta property=\"og:image\" content=\"https:\/\/nge.vn\/wp-content\/uploads\/2024\/10\/images-upload-woo2Fbd9fca43f5c8b3f03f6750d79a1c6b3c.jpg\" \/>\n\t<meta property=\"og:image:width\" content=\"640\" \/>\n\t<meta property=\"og:image:height\" content=\"640\" \/>\n\t<meta property=\"og:image:type\" content=\"image\/jpeg\" \/>\n<meta name=\"twitter:card\" content=\"summary_large_image\" \/>\n<meta name=\"twitter:label1\" content=\"Est. reading time\" \/>\n\t<meta name=\"twitter:data1\" content=\"2 minutes\" \/>\n<script type=\"application\/ld+json\" class=\"yoast-schema-graph\">{\"@context\":\"https:\/\/schema.org\",\"@graph\":[{\"@type\":\"WebPage\",\"@id\":\"https:\/\/nge.vn\/san-pham\/nhua-in-3d-esun-epetghs-high-speed-dung-cho-cac-dong-may-in-toc-do-cao-1kg-cuon\/\",\"url\":\"https:\/\/nge.vn\/san-pham\/nhua-in-3d-esun-epetghs-high-speed-dung-cho-cac-dong-may-in-toc-do-cao-1kg-cuon\/\",\"name\":\"Nh\u1ef1a in 3d eSun ePETG+HS (High Speed) d\u00f9ng cho c\u00e1c d\u00f2ng m\u00e1y in t\u1ed1c \u0111\u1ed9 cao 1kg\/ Cu\u1ed9n - NGE 3D Printers Services\",\"isPartOf\":{\"@id\":\"https:\/\/nge.vn\/#website\"},\"primaryImageOfPage\":{\"@id\":\"https:\/\/nge.vn\/san-pham\/nhua-in-3d-esun-epetghs-high-speed-dung-cho-cac-dong-may-in-toc-do-cao-1kg-cuon\/#primaryimage\"},\"image\":{\"@id\":\"https:\/\/nge.vn\/san-pham\/nhua-in-3d-esun-epetghs-high-speed-dung-cho-cac-dong-may-in-toc-do-cao-1kg-cuon\/#primaryimage\"},\"thumbnailUrl\":\"https:\/\/nge.vn\/wp-content\/uploads\/2024\/10\/images-upload-woo2Fbd9fca43f5c8b3f03f6750d79a1c6b3c.jpg\",\"datePublished\":\"2024-10-26T09:16:04+00:00\",\"dateModified\":\"2025-06-16T12:36:02+00:00\",\"breadcrumb\":{\"@id\":\"https:\/\/nge.vn\/san-pham\/nhua-in-3d-esun-epetghs-high-speed-dung-cho-cac-dong-may-in-toc-do-cao-1kg-cuon\/#breadcrumb\"},\"inLanguage\":\"en-US\",\"potentialAction\":[{\"@type\":\"ReadAction\",\"target\":[\"https:\/\/nge.vn\/san-pham\/nhua-in-3d-esun-epetghs-high-speed-dung-cho-cac-dong-may-in-toc-do-cao-1kg-cuon\/\"]}]},{\"@type\":\"ImageObject\",\"inLanguage\":\"en-US\",\"@id\":\"https:\/\/nge.vn\/san-pham\/nhua-in-3d-esun-epetghs-high-speed-dung-cho-cac-dong-may-in-toc-do-cao-1kg-cuon\/#primaryimage\",\"url\":\"https:\/\/nge.vn\/wp-content\/uploads\/2024\/10\/images-upload-woo2Fbd9fca43f5c8b3f03f6750d79a1c6b3c.jpg\",\"contentUrl\":\"https:\/\/nge.vn\/wp-content\/uploads\/2024\/10\/images-upload-woo2Fbd9fca43f5c8b3f03f6750d79a1c6b3c.jpg\",\"width\":640,\"height\":640},{\"@type\":\"BreadcrumbList\",\"@id\":\"https:\/\/nge.vn\/san-pham\/nhua-in-3d-esun-epetghs-high-speed-dung-cho-cac-dong-may-in-toc-do-cao-1kg-cuon\/#breadcrumb\",\"itemListElement\":[{\"@type\":\"ListItem\",\"position\":1,\"name\":\"Trang ch\u1ee7\",\"item\":\"https:\/\/nge.vn\/\"},{\"@type\":\"ListItem\",\"position\":2,\"name\":\"S\u1ea3n ph\u1ea9m\",\"item\":\"https:\/\/nge.vn\/san-pham\/\"},{\"@type\":\"ListItem\",\"position\":3,\"name\":\"Nh\u1ef1a in 3d eSun ePETG+HS (High Speed) d\u00f9ng cho c\u00e1c d\u00f2ng m\u00e1y in t\u1ed1c \u0111\u1ed9 cao 1kg\/ Cu\u1ed9n\"}]},{\"@type\":\"WebSite\",\"@id\":\"https:\/\/nge.vn\/#website\",\"url\":\"https:\/\/nge.vn\/\",\"name\":\"NGE 3D Printers Services\",\"description\":\"\",\"potentialAction\":[{\"@type\":\"SearchAction\",\"target\":{\"@type\":\"EntryPoint\",\"urlTemplate\":\"https:\/\/nge.vn\/?s={search_term_string}\"},\"query-input\":{\"@type\":\"PropertyValueSpecification\",\"valueRequired\":true,\"valueName\":\"search_term_string\"}}],\"inLanguage\":\"en-US\"}]}<\/script>\n<!-- \/ Yoast SEO Premium plugin. -->","yoast_head_json":{"title":"Nh\u1ef1a in 3d eSun ePETG+HS (High Speed) d\u00f9ng cho c\u00e1c d\u00f2ng m\u00e1y in t\u1ed1c \u0111\u1ed9 cao 1kg\/ Cu\u1ed9n - NGE 3D Printers Services","robots":{"index":"index","follow":"follow","max-snippet":"max-snippet:-1","max-image-preview":"max-image-preview:large","max-video-preview":"max-video-preview:-1"},"canonical":"https:\/\/nge.vn\/en\/product\/nhua-in-3d-esun-epetghs-high-speed-dung-cho-cac-dong-may-in-toc-do-cao-1kg-cuon\/","og_locale":"en_US","og_type":"article","og_title":"Nh\u1ef1a in 3d eSun ePETG+HS (High Speed) d\u00f9ng cho c\u00e1c d\u00f2ng m\u00e1y in t\u1ed1c \u0111\u1ed9 cao 1kg\/ Cu\u1ed9n","og_description":"Nh\u1ef1a in 3d eSun ePETG+HS (High Speed) d\u00f9ng cho c\u00e1c d\u00f2ng m\u00e1y in t\u1ed1c \u0111\u1ed9 cao 1kg\/ Cu\u1ed9n","og_url":"https:\/\/nge.vn\/en\/product\/nhua-in-3d-esun-epetghs-high-speed-dung-cho-cac-dong-may-in-toc-do-cao-1kg-cuon\/","og_site_name":"NGE 3D Printers Services","article_modified_time":"2025-06-16T12:36:02+00:00","og_image":[{"width":640,"height":640,"url":"https:\/\/nge.vn\/wp-content\/uploads\/2024\/10\/images-upload-woo2Fbd9fca43f5c8b3f03f6750d79a1c6b3c.jpg","type":"image\/jpeg"}],"twitter_card":"summary_large_image","twitter_misc":{"Est. reading time":"2 minutes"},"schema":{"@context":"https:\/\/schema.org","@graph":[{"@type":"WebPage","@id":"https:\/\/nge.vn\/san-pham\/nhua-in-3d-esun-epetghs-high-speed-dung-cho-cac-dong-may-in-toc-do-cao-1kg-cuon\/","url":"https:\/\/nge.vn\/san-pham\/nhua-in-3d-esun-epetghs-high-speed-dung-cho-cac-dong-may-in-toc-do-cao-1kg-cuon\/","name":"Nh\u1ef1a in 3d eSun ePETG+HS (High Speed) d\u00f9ng cho c\u00e1c d\u00f2ng m\u00e1y in t\u1ed1c \u0111\u1ed9 cao 1kg\/ Cu\u1ed9n - NGE 3D Printers Services","isPartOf":{"@id":"https:\/\/nge.vn\/#website"},"primaryImageOfPage":{"@id":"https:\/\/nge.vn\/san-pham\/nhua-in-3d-esun-epetghs-high-speed-dung-cho-cac-dong-may-in-toc-do-cao-1kg-cuon\/#primaryimage"},"image":{"@id":"https:\/\/nge.vn\/san-pham\/nhua-in-3d-esun-epetghs-high-speed-dung-cho-cac-dong-may-in-toc-do-cao-1kg-cuon\/#primaryimage"},"thumbnailUrl":"https:\/\/nge.vn\/wp-content\/uploads\/2024\/10\/images-upload-woo2Fbd9fca43f5c8b3f03f6750d79a1c6b3c.jpg","datePublished":"2024-10-26T09:16:04+00:00","dateModified":"2025-06-16T12:36:02+00:00","breadcrumb":{"@id":"https:\/\/nge.vn\/san-pham\/nhua-in-3d-esun-epetghs-high-speed-dung-cho-cac-dong-may-in-toc-do-cao-1kg-cuon\/#breadcrumb"},"inLanguage":"en-US","potentialAction":[{"@type":"ReadAction","target":["https:\/\/nge.vn\/san-pham\/nhua-in-3d-esun-epetghs-high-speed-dung-cho-cac-dong-may-in-toc-do-cao-1kg-cuon\/"]}]},{"@type":"ImageObject","inLanguage":"en-US","@id":"https:\/\/nge.vn\/san-pham\/nhua-in-3d-esun-epetghs-high-speed-dung-cho-cac-dong-may-in-toc-do-cao-1kg-cuon\/#primaryimage","url":"https:\/\/nge.vn\/wp-content\/uploads\/2024\/10\/images-upload-woo2Fbd9fca43f5c8b3f03f6750d79a1c6b3c.jpg","contentUrl":"https:\/\/nge.vn\/wp-content\/uploads\/2024\/10\/images-upload-woo2Fbd9fca43f5c8b3f03f6750d79a1c6b3c.jpg","width":640,"height":640},{"@type":"BreadcrumbList","@id":"https:\/\/nge.vn\/san-pham\/nhua-in-3d-esun-epetghs-high-speed-dung-cho-cac-dong-may-in-toc-do-cao-1kg-cuon\/#breadcrumb","itemListElement":[{"@type":"ListItem","position":1,"name":"Trang ch\u1ee7","item":"https:\/\/nge.vn\/"},{"@type":"ListItem","position":2,"name":"S\u1ea3n ph\u1ea9m","item":"https:\/\/nge.vn\/san-pham\/"},{"@type":"ListItem","position":3,"name":"Nh\u1ef1a in 3d eSun ePETG+HS (High Speed) d\u00f9ng cho c\u00e1c d\u00f2ng m\u00e1y in t\u1ed1c \u0111\u1ed9 cao 1kg\/ Cu\u1ed9n"}]},{"@type":"WebSite","@id":"https:\/\/nge.vn\/#website","url":"https:\/\/nge.vn\/","name":"NGE 3D Printers Services","description":"","potentialAction":[{"@type":"SearchAction","target":{"@type":"EntryPoint","urlTemplate":"https:\/\/nge.vn\/?s={search_term_string}"},"query-input":{"@type":"PropertyValueSpecification","valueRequired":true,"valueName":"search_term_string"}}],"inLanguage":"en-US"}]}},"_links":{"self":[{"href":"https:\/\/nge.vn\/en\/wp-json\/wp\/v2\/product\/3792","targetHints":{"allow":["GET"]}}],"collection":[{"href":"https:\/\/nge.vn\/en\/wp-json\/wp\/v2\/product"}],"about":[{"href":"https:\/\/nge.vn\/en\/wp-json\/wp\/v2\/types\/product"}],"replies":[{"embeddable":true,"href":"https:\/\/nge.vn\/en\/wp-json\/wp\/v2\/comments?post=3792"}],"wp:featuredmedia":[{"embeddable":true,"href":"https:\/\/nge.vn\/en\/wp-json\/wp\/v2\/media\/3783"}],"wp:attachment":[{"href":"https:\/\/nge.vn\/en\/wp-json\/wp\/v2\/media?parent=3792"}],"wp:term":[{"taxonomy":"product_brand","embeddable":true,"href":"https:\/\/nge.vn\/en\/wp-json\/wp\/v2\/product_brand?post=3792"},{"taxonomy":"product_cat","embeddable":true,"href":"https:\/\/nge.vn\/en\/wp-json\/wp\/v2\/product_cat?post=3792"},{"taxonomy":"product_tag","embeddable":true,"href":"https:\/\/nge.vn\/en\/wp-json\/wp\/v2\/product_tag?post=3792"}],"curies":[{"name":"wp","href":"https:\/\/api.w.org\/{rel}","templated":true}]}}