{"id":3772,"date":"2024-10-26T16:12:12","date_gmt":"2024-10-26T09:12:12","guid":{"rendered":"https:\/\/nge.123websitedev.com\/san-pham\/may-quet-scan-3d-creality-cr-scan-raptor-do-chinh-xac-0-02mm\/"},"modified":"2025-02-23T16:09:32","modified_gmt":"2025-02-23T09:09:32","slug":"may-quet-scan-3d-creality-cr-scan-raptor-do-chinh-xac-0-02mm","status":"publish","type":"product","link":"https:\/\/nge.vn\/en\/product\/may-quet-scan-3d-creality-cr-scan-raptor-do-chinh-xac-0-02mm\/","title":{"rendered":"M\u00e1y qu\u00e9t scan 3d Creality CR-Scan Raptor \u0111\u1ed9 ch\u00ednh x\u00e1c 0.02mm"},"content":{"rendered":"<h2>M\u00e1y qu\u00e9t scan 3d Creality CR-Scan Raptor \u0111\u1ed9 ch\u00ednh x\u00e1c 0.02mm<\/h2>\n<p>_Laser xanh lai &amp; NIR<br \/>\n7 \u0111\u01b0\u1eddng Laser song song m\u00e0u xanh<br \/>\n+\u0110\u1ed9 ch\u00ednh x\u00e1c c\u1ea5p \u0111o l\u01b0\u1eddng l\u00ean t\u1edbi 0,02mm, c\u00e1c c\u1ea1nh s\u1eafc n\u00e9t h\u01a1n v\u00e0 chi ti\u1ebft phong ph\u00fa h\u01a1n, v\u00e0 kh\u00f4i ph\u1ee5c h\u00ecnh d\u1ea1ng 3D c\u1ee7a v\u1eadt th\u1ec3 m\u1ed9t c\u00e1ch ch\u00ednh x\u00e1c.<br \/>\n+T\u1ed1c \u0111\u1ed9 qu\u00e9t \u00e1nh s\u00e1ng xanh l\u00ean t\u1edbi 60fps<br \/>\n+T\u1ed1c \u0111\u1ed9 qu\u00e9t NIR l\u00ean t\u1edbi 20 khung h\u00ecnh\/gi\u00e2y<br \/>\n+Ch\u1ed1ng rung gi\u00fap qu\u00e9t m\u01b0\u1ee3t m\u00e0<br \/>\n+Qu\u00e9t \u0111\u1ee7 m\u00e0u 24-bit<br \/>\n+\u0110\u1ed1i t\u01b0\u1ee3ng trong kho\u1ea3ng 0,2-79&#8243;\/5-2000mm<br \/>\n+Qu\u00e9t v\u1eadt th\u1ec3 \u0111en\/kim lo\u1ea1i kh\u00f4ng c\u1ea7n phun x\u1ecbt<br \/>\n+Nh\u1eb9 v\u00e0 nh\u1ecf g\u1ecdn<br \/>\n372g\/0,82lb<br \/>\n8,5x2x3&#8243;<br \/>\n215x50x74mm<\/p>\n<p>_LASER XANH &amp; NIR<br \/>\nCR-Scan Raptor t\u00edch h\u1ee3p s\u1ef1 k\u1ebft h\u1ee3p s\u00e1ng t\u1ea1o gi\u1eefa ngu\u1ed3n s\u00e1ng laser xanh v\u00e0 h\u1ed3ng ngo\u1ea1i, bao g\u1ed3m vi\u1ec7c qu\u00e9t c\u00e1c v\u1eadt th\u1ec3 nh\u1ecf, v\u1eeba v\u00e0 l\u1edbn, c\u00f3 th\u1ec3 \u0111\u00e1p \u1ee9ng nhu c\u1ea7u c\u1ee7a c\u00e1c k\u1ecbch b\u1ea3n qu\u00e9t 3D c\u00f4ng nghi\u1ec7p \u0111a d\u1ea1ng.<\/p>\n<p>_7 \u0110\u1ed9 ch\u00ednh x\u00e1c \u0111o l\u01b0\u1eddng c\u1ee7a d\u00f2ng Laser<br \/>\n7 v\u1ea1ch laser xanh song song cho kh\u1ea3 n\u0103ng qu\u00e9t chi ti\u1ebft t\u1ed1t, v\u1ea1ch laser \u0111\u01a1n r\u1ea5t m\u1ecfng, l\u00ean t\u1edbi 0,1mm \u0111\u1ec3 thu \u0111\u01b0\u1ee3c c\u00e1c c\u1ea1nh s\u1eafc n\u00e9t v\u00e0 r\u00f5 r\u00e0ng h\u01a1n<br \/>\n\u0110\u1ed9 ch\u00ednh x\u00e1c l\u00ean t\u1edbi 0,02mm<br \/>\n2,3 tri\u1ec7u \u0111i\u1ec3m \u1ea3nh<br \/>\nM\u00e1y \u1ea3nh ch\u1ee5p \u1ea3nh 3D 2,3 tri\u1ec7u pixel<\/p>\n<p>_Qu\u00e9t \u00e1nh s\u00e1ng c\u00f3 c\u1ea5u tr\u00fac h\u1ed3ng ngo\u1ea1i<br \/>\nQu\u00e9t kh\u00f4ng c\u1ea7n \u0111\u00e1nh d\u1ea5u<br \/>\n+CR-Scan Raptor s\u1eed d\u1ee5ng h\u00ecnh \u1ea3nh 3D ph\u00f9 h\u1ee3p v\u1edbi \u0111\u1ed1m, Kh\u00f4ng c\u1ea7n \u0111\u00e1nh d\u1ea5u \u0111\u1ed1i v\u1edbi c\u00e1c ph\u00f4i c\u00f3 nhi\u1ec1u t\u00ednh n\u0103ng<br \/>\n+\u0110\u1ed1i t\u01b0\u1ee3ng c\u00f3 th\u1ec3 \u0111\u01b0\u1ee3c qu\u00e9t nhanh ch\u00f3ng v\u00e0 tr\u1ef1c ti\u1ebfp<\/p>\n<p>_Ch\u1ebf \u0111\u1ed9 khu\u00f4n m\u1eb7t &amp; c\u01a1 th\u1ec3 \u0111\u01b0\u1ee3c trang b\u1ecb thu\u1eadt to\u00e1n l\u1eadp b\u1ea3n \u0111\u1ed3 khu\u00f4n m\u1eb7t \u0111\u1ed9c \u0111\u00e1o gi\u00fap ghi l\u1ea1i nhi\u1ec1u chi ti\u1ebft h\u01a1n, qu\u00e1 tr\u00ecnh qu\u00e9t c\u01a1 th\u1ec3 con ng\u01b0\u1eddi ch\u1ec9 c\u1ea7n nhanh nh\u1ea5t l\u00e0 2 ph\u00fat<\/p>\n<p>_Qu\u00e9t ch\u00ednh x\u00e1c v\u00e0 chi ti\u1ebft Thu\u1eadt to\u00e1n b\u00f9 nhi\u1ec7t \u0111\u1ed9 n\u00e2ng cao<br \/>\nN\u00f3 c\u00f3 th\u1ec3 c\u1ea3i thi\u1ec7n s\u1ef1 \u1ed5n \u0111\u1ecbnh nhi\u1ec7t \u0111\u1ed9 v\u00e0 \u0111\u1ea3m b\u1ea3o \u0111\u1ed9 ch\u00ednh x\u00e1c<br \/>\nC\u1ea5u tr\u00fac hi\u1ec7u su\u1ea5t cao<br \/>\n+\u1ed0ng k\u00ednh c\u00f3 \u0111\u1ed9 s\u00e2u tr\u01b0\u1eddng \u1ea3nh l\u1edbn \u03a620mm<br \/>\n+\u1ed0ng k\u00ednh c\u00f3 \u0111\u1ed9 m\u00e9o th\u1ea5p &lt; 5%<br \/>\n+Th\u1ea5u k\u00ednh th\u1ee7y tinh 9 th\u00e0nh ph\u1ea7n<br \/>\n+Th\u00e2n v\u00e0 gi\u00e1 \u0111\u1ee1 \u1ed1ng k\u00ednh b\u1eb1ng kim lo\u1ea1i<br \/>\nCR-Scan Raptor bao g\u1ed3m ch\u1ee9c n\u0103ng qu\u00e9t kho\u1ea3ng c\u00e1ch g\u1ea7n v\u00e0 xa, \u0111\u1ed3ng th\u1eddi \u0111\u01b0\u1ee3c trang b\u1ecb \u0111\u1ed9 \u1ed5n \u0111\u1ecbnh t\u1ed1t \u1edf nhi\u1ec7t \u0111\u1ed9 cao v\u00e0 th\u1ea5p, mang l\u1ea1i k\u1ebft qu\u1ea3 qu\u00e9t \u0111o \u0111\u00e1ng tin c\u1eady<\/p>\n<p>_Qu\u00e9t \u0111a n\u0103ng cho m\u1ecdi k\u00edch c\u1ee1<br \/>\nK\u1ebft h\u1ee3p tia laser d\u00f2ng v\u1edbi \u00e1nh s\u00e1ng c\u00f3 c\u1ea5u tr\u00fac h\u1ed3ng ngo\u1ea1i, CR-Scan Raptor c\u00f3 th\u1ec3 qu\u00e9t c\u00e1c v\u1eadt th\u1ec3 c\u00f3 k\u00edch th\u01b0\u1edbc t\u1eeb 5*5*5mm3 -2000*2000*2000mm3. D\u1ec5 d\u00e0ng qu\u00e9t c\u00e1c b\u1ee9c t\u01b0\u1ee3ng nh\u1ecf, bu l\u00f4ng, khu\u00f4n m\u1eb7t, c\u01a1 th\u1ec3 ng\u01b0\u1eddi, linh ki\u1ec7n \u00f4 t\u00f4, v.v.<br \/>\n0,43&#8243; \/ 11mm<br \/>\n6,3&#8243; \/ 160mm<br \/>\nChi\u1ec1u cao: 70&#8243;\/1780mm<br \/>\n72&#8243;\/1826mm<\/p>\n<p>_Ch\u1ed1ng rung \u0111\u1ec3 qu\u00e9t m\u01b0\u1ee3t m\u00e0<br \/>\n\u0110\u01b0\u1ee3c trang b\u1ecb c\u00f4ng ngh\u1ec7 h\u00ecnh \u1ea3nh 3D One-Shot, CR-Scan Raptor c\u00f3 kh\u1ea3 n\u0103ng \u1ed5n \u0111\u1ecbnh t\u1ef1 nhi\u00ean v\u00e0 \u00edt c\u00f3 kh\u1ea3 n\u0103ng b\u1ecb m\u1ea5t d\u1ea5u v\u1ebft. T\u1ed1c \u0111\u1ed9 quay lui nhanh \u0111\u1ea3m b\u1ea3o qu\u00e1 tr\u00ecnh qu\u00e9t c\u1ea7m tay m\u01b0\u1ee3t m\u00e0 h\u01a1n.<\/p>\n<p>_Ngay c\u1ea3 khi kh\u00f4ng qu\u00e9t phun, b\u1ea1n v\u1eabn c\u00f3 th\u1ec3 qu\u00e9t \u00f4 t\u00f4, ph\u1ee5 t\u00f9ng \u00f4 t\u00f4, l\u1ed1p xe v\u00e0 c\u00e1c v\u1eadt th\u1ec3 m\u00e0u \u0111en\/kim lo\u1ea1i kh\u00e1c \u0111\u1ec3 c\u00f3 \u0111\u01b0\u1ee3c hi\u1ec7u \u1ee9ng m\u00f4 h\u00ecnh mong mu\u1ed1n.<\/p>\n<p>_Qu\u00e9t \u0111\u1ee7 m\u00e0u 24-bit<br \/>\n\u0110\u01b0\u1ee3c trang b\u1ecb 12 \u0111\u00e8n k\u1ebft c\u1ea5u LED h\u00ecnh tr\u00f2n, n\u00f3 c\u00f3 th\u1ec3 t\u0103ng c\u01b0\u1eddng \u0111\u1ed9 s\u00e1ng c\u1ee7a b\u1ea3n \u0111\u1ed3 m\u00e0u trong m\u00f4i tr\u01b0\u1eddng t\u1ed1i v\u00e0 th\u1ec3 hi\u1ec7n m\u00e0u s\u1eafc th\u1ef1c s\u1ef1 c\u1ee7a v\u1eadt th\u1ec3<\/p>\n<p>_S\u1eed d\u1ee5ng b\u1ea3ng hi\u1ec7u chu\u1ea9n ch\u1ea5t n\u1ec1n th\u1ee7y tinh c\u00f3 \u0111\u1ed9 ch\u00ednh x\u00e1c cao \u0111\u1ec3 hi\u1ec7u chu\u1ea9n \u0111\u1ed9 ch\u00ednh x\u00e1c, b\u1ea1n c\u00f3 th\u1ec3 duy tr\u00ec \u0111\u1ed9 ch\u00ednh x\u00e1c cao c\u1ee7a m\u00e1y qu\u00e9t, duy tr\u00ec \u0111\u1ed9 ch\u00ednh x\u00e1c<\/p>\n<p>_C\u00e1c \u1ee9ng d\u1ee5ng r\u1ed9ng r\u00e3i c\u1ee7a Raptor<br \/>\n+ Ki\u1ec3m tra c\u1ea5p \u0111o l\u01b0\u1eddng<br \/>\n+K\u1ef9 thu\u1eadt \u0111\u1ea3o ng\u01b0\u1ee3c<br \/>\n+Ph\u1ee5 t\u00f9ng \u00f4 t\u00f4<br \/>\n+Y t\u1ebf<br \/>\n+Ch\u1ebf t\u1ea1o khu\u00f4n m\u1eabu<br \/>\n+Nh\u00e2n v\u1eadt h\u00e0nh \u0111\u1ed9ng<br \/>\n+AR \/ VR<\/p>\n<p>&nbsp;<\/p>\n<h4><a href=\"https:\/\/www.creality.com\/products\/creality-raptorx-3d-scanner\">M\u00e1y qu\u00e9t scan 3d Creality CR-Scan Raptor \u0111\u1ed9 ch\u00ednh x\u00e1c 0.02mm<\/a><\/h4>\n<h4 class=\"product-title product_title entry-title\"><a href=\"https:\/\/nge.vn\/en\/product\/may-quet-3d-scanner-cr-scan-lizard-luxury-color-kit-do-chinh-xac-0-05mm\/\">M\u00e1y qu\u00e9t 3D Scanner CR-Scan Lizard Luxury (Color Kit) \u0111\u1ed9 ch\u00ednh x\u00e1c 0.05mm<\/a><\/h4>\n<h4 class=\"product-title product_title entry-title\"><a href=\"https:\/\/nge.vn\/en\/product\/may-quet-mau-24-bit-khong-day-creality-cr-scan-ferret-pro-do-chinh-xac-01mm\/\">Creality CR-Scan Ferret Pro Wireless 24-bit Color Scanner with 0.1mm Accuracy<\/a><\/h4>\n<h4><\/h4>","protected":false},"excerpt":{"rendered":"<p>M\u00e1y qu\u00e9t scan 3d Creality CR-Scan Raptor \u0111\u1ed9 ch\u00ednh x\u00e1c 0.02mm<\/p>","protected":false},"featured_media":3763,"comment_status":"open","ping_status":"closed","template":"","meta":{"inline_featured_image":false},"product_brand":[],"product_cat":[55,41],"product_tag":[],"class_list":{"0":"post-3772","1":"product","2":"type-product","3":"status-publish","4":"has-post-thumbnail","6":"product_cat-creality","7":"product_cat-may-quet-scan","9":"first","10":"instock","11":"sale","12":"taxable","13":"shipping-taxable","14":"purchasable","15":"product-type-simple"},"yoast_head":"<!-- This site is optimized with the Yoast SEO Premium plugin v22.8 (Yoast SEO v26.9) - https:\/\/yoast.com\/product\/yoast-seo-premium-wordpress\/ -->\n<title>M\u00e1y qu\u00e9t scan 3d Creality CR-Scan Raptor \u0111\u1ed9 ch\u00ednh x\u00e1c 0.02mm - NGE 3D Printers Services<\/title>\n<meta name=\"robots\" content=\"index, follow, max-snippet:-1, max-image-preview:large, max-video-preview:-1\" \/>\n<link rel=\"canonical\" href=\"https:\/\/nge.vn\/en\/product\/may-quet-scan-3d-creality-cr-scan-raptor-do-chinh-xac-0-02mm\/\" \/>\n<meta property=\"og:locale\" content=\"en_US\" \/>\n<meta property=\"og:type\" content=\"article\" \/>\n<meta property=\"og:title\" content=\"M\u00e1y qu\u00e9t scan 3d Creality CR-Scan Raptor \u0111\u1ed9 ch\u00ednh x\u00e1c 0.02mm\" \/>\n<meta property=\"og:description\" content=\"M\u00e1y qu\u00e9t scan 3d Creality CR-Scan Raptor \u0111\u1ed9 ch\u00ednh x\u00e1c 0.02mm\" \/>\n<meta property=\"og:url\" content=\"https:\/\/nge.vn\/en\/product\/may-quet-scan-3d-creality-cr-scan-raptor-do-chinh-xac-0-02mm\/\" \/>\n<meta property=\"og:site_name\" content=\"NGE 3D Printers Services\" \/>\n<meta property=\"article:modified_time\" content=\"2025-02-23T09:09:32+00:00\" \/>\n<meta property=\"og:image\" content=\"https:\/\/nge.vn\/wp-content\/uploads\/2024\/10\/images-upload-woo2F4f7ca4e0120e844ba15ec0856bd2e7e2.jpg\" \/>\n\t<meta property=\"og:image:width\" content=\"887\" \/>\n\t<meta property=\"og:image:height\" content=\"887\" \/>\n\t<meta property=\"og:image:type\" content=\"image\/jpeg\" \/>\n<meta name=\"twitter:card\" content=\"summary_large_image\" \/>\n<meta name=\"twitter:label1\" content=\"Est. reading time\" \/>\n\t<meta name=\"twitter:data1\" content=\"4 minutes\" \/>\n<script type=\"application\/ld+json\" class=\"yoast-schema-graph\">{\"@context\":\"https:\/\/schema.org\",\"@graph\":[{\"@type\":\"WebPage\",\"@id\":\"https:\/\/nge.vn\/san-pham\/may-quet-scan-3d-creality-cr-scan-raptor-do-chinh-xac-0-02mm\/\",\"url\":\"https:\/\/nge.vn\/san-pham\/may-quet-scan-3d-creality-cr-scan-raptor-do-chinh-xac-0-02mm\/\",\"name\":\"M\u00e1y qu\u00e9t scan 3d Creality CR-Scan Raptor \u0111\u1ed9 ch\u00ednh x\u00e1c 0.02mm - NGE 3D Printers Services\",\"isPartOf\":{\"@id\":\"https:\/\/nge.vn\/#website\"},\"primaryImageOfPage\":{\"@id\":\"https:\/\/nge.vn\/san-pham\/may-quet-scan-3d-creality-cr-scan-raptor-do-chinh-xac-0-02mm\/#primaryimage\"},\"image\":{\"@id\":\"https:\/\/nge.vn\/san-pham\/may-quet-scan-3d-creality-cr-scan-raptor-do-chinh-xac-0-02mm\/#primaryimage\"},\"thumbnailUrl\":\"https:\/\/nge.vn\/wp-content\/uploads\/2024\/10\/images-upload-woo2F4f7ca4e0120e844ba15ec0856bd2e7e2.jpg\",\"datePublished\":\"2024-10-26T09:12:12+00:00\",\"dateModified\":\"2025-02-23T09:09:32+00:00\",\"breadcrumb\":{\"@id\":\"https:\/\/nge.vn\/san-pham\/may-quet-scan-3d-creality-cr-scan-raptor-do-chinh-xac-0-02mm\/#breadcrumb\"},\"inLanguage\":\"en-US\",\"potentialAction\":[{\"@type\":\"ReadAction\",\"target\":[\"https:\/\/nge.vn\/san-pham\/may-quet-scan-3d-creality-cr-scan-raptor-do-chinh-xac-0-02mm\/\"]}]},{\"@type\":\"ImageObject\",\"inLanguage\":\"en-US\",\"@id\":\"https:\/\/nge.vn\/san-pham\/may-quet-scan-3d-creality-cr-scan-raptor-do-chinh-xac-0-02mm\/#primaryimage\",\"url\":\"https:\/\/nge.vn\/wp-content\/uploads\/2024\/10\/images-upload-woo2F4f7ca4e0120e844ba15ec0856bd2e7e2.jpg\",\"contentUrl\":\"https:\/\/nge.vn\/wp-content\/uploads\/2024\/10\/images-upload-woo2F4f7ca4e0120e844ba15ec0856bd2e7e2.jpg\",\"width\":887,\"height\":887,\"caption\":\"M\u00e1y qu\u00e9t scan 3d Creality CR-Scan Raptor\"},{\"@type\":\"BreadcrumbList\",\"@id\":\"https:\/\/nge.vn\/san-pham\/may-quet-scan-3d-creality-cr-scan-raptor-do-chinh-xac-0-02mm\/#breadcrumb\",\"itemListElement\":[{\"@type\":\"ListItem\",\"position\":1,\"name\":\"Trang ch\u1ee7\",\"item\":\"https:\/\/nge.vn\/\"},{\"@type\":\"ListItem\",\"position\":2,\"name\":\"S\u1ea3n ph\u1ea9m\",\"item\":\"https:\/\/nge.vn\/san-pham\/\"},{\"@type\":\"ListItem\",\"position\":3,\"name\":\"M\u00e1y qu\u00e9t scan 3d Creality CR-Scan Raptor \u0111\u1ed9 ch\u00ednh x\u00e1c 0.02mm\"}]},{\"@type\":\"WebSite\",\"@id\":\"https:\/\/nge.vn\/#website\",\"url\":\"https:\/\/nge.vn\/\",\"name\":\"NGE 3D Printers Services\",\"description\":\"\",\"potentialAction\":[{\"@type\":\"SearchAction\",\"target\":{\"@type\":\"EntryPoint\",\"urlTemplate\":\"https:\/\/nge.vn\/?s={search_term_string}\"},\"query-input\":{\"@type\":\"PropertyValueSpecification\",\"valueRequired\":true,\"valueName\":\"search_term_string\"}}],\"inLanguage\":\"en-US\"}]}<\/script>\n<!-- \/ Yoast SEO Premium plugin. -->","yoast_head_json":{"title":"M\u00e1y qu\u00e9t scan 3d Creality CR-Scan Raptor \u0111\u1ed9 ch\u00ednh x\u00e1c 0.02mm - NGE 3D Printers Services","robots":{"index":"index","follow":"follow","max-snippet":"max-snippet:-1","max-image-preview":"max-image-preview:large","max-video-preview":"max-video-preview:-1"},"canonical":"https:\/\/nge.vn\/en\/product\/may-quet-scan-3d-creality-cr-scan-raptor-do-chinh-xac-0-02mm\/","og_locale":"en_US","og_type":"article","og_title":"M\u00e1y qu\u00e9t scan 3d Creality CR-Scan Raptor \u0111\u1ed9 ch\u00ednh x\u00e1c 0.02mm","og_description":"M\u00e1y qu\u00e9t scan 3d Creality CR-Scan Raptor \u0111\u1ed9 ch\u00ednh x\u00e1c 0.02mm","og_url":"https:\/\/nge.vn\/en\/product\/may-quet-scan-3d-creality-cr-scan-raptor-do-chinh-xac-0-02mm\/","og_site_name":"NGE 3D Printers Services","article_modified_time":"2025-02-23T09:09:32+00:00","og_image":[{"width":887,"height":887,"url":"https:\/\/nge.vn\/wp-content\/uploads\/2024\/10\/images-upload-woo2F4f7ca4e0120e844ba15ec0856bd2e7e2.jpg","type":"image\/jpeg"}],"twitter_card":"summary_large_image","twitter_misc":{"Est. reading time":"4 minutes"},"schema":{"@context":"https:\/\/schema.org","@graph":[{"@type":"WebPage","@id":"https:\/\/nge.vn\/san-pham\/may-quet-scan-3d-creality-cr-scan-raptor-do-chinh-xac-0-02mm\/","url":"https:\/\/nge.vn\/san-pham\/may-quet-scan-3d-creality-cr-scan-raptor-do-chinh-xac-0-02mm\/","name":"M\u00e1y qu\u00e9t scan 3d Creality CR-Scan Raptor \u0111\u1ed9 ch\u00ednh x\u00e1c 0.02mm - NGE 3D Printers Services","isPartOf":{"@id":"https:\/\/nge.vn\/#website"},"primaryImageOfPage":{"@id":"https:\/\/nge.vn\/san-pham\/may-quet-scan-3d-creality-cr-scan-raptor-do-chinh-xac-0-02mm\/#primaryimage"},"image":{"@id":"https:\/\/nge.vn\/san-pham\/may-quet-scan-3d-creality-cr-scan-raptor-do-chinh-xac-0-02mm\/#primaryimage"},"thumbnailUrl":"https:\/\/nge.vn\/wp-content\/uploads\/2024\/10\/images-upload-woo2F4f7ca4e0120e844ba15ec0856bd2e7e2.jpg","datePublished":"2024-10-26T09:12:12+00:00","dateModified":"2025-02-23T09:09:32+00:00","breadcrumb":{"@id":"https:\/\/nge.vn\/san-pham\/may-quet-scan-3d-creality-cr-scan-raptor-do-chinh-xac-0-02mm\/#breadcrumb"},"inLanguage":"en-US","potentialAction":[{"@type":"ReadAction","target":["https:\/\/nge.vn\/san-pham\/may-quet-scan-3d-creality-cr-scan-raptor-do-chinh-xac-0-02mm\/"]}]},{"@type":"ImageObject","inLanguage":"en-US","@id":"https:\/\/nge.vn\/san-pham\/may-quet-scan-3d-creality-cr-scan-raptor-do-chinh-xac-0-02mm\/#primaryimage","url":"https:\/\/nge.vn\/wp-content\/uploads\/2024\/10\/images-upload-woo2F4f7ca4e0120e844ba15ec0856bd2e7e2.jpg","contentUrl":"https:\/\/nge.vn\/wp-content\/uploads\/2024\/10\/images-upload-woo2F4f7ca4e0120e844ba15ec0856bd2e7e2.jpg","width":887,"height":887,"caption":"M\u00e1y qu\u00e9t scan 3d Creality CR-Scan Raptor"},{"@type":"BreadcrumbList","@id":"https:\/\/nge.vn\/san-pham\/may-quet-scan-3d-creality-cr-scan-raptor-do-chinh-xac-0-02mm\/#breadcrumb","itemListElement":[{"@type":"ListItem","position":1,"name":"Trang ch\u1ee7","item":"https:\/\/nge.vn\/"},{"@type":"ListItem","position":2,"name":"S\u1ea3n ph\u1ea9m","item":"https:\/\/nge.vn\/san-pham\/"},{"@type":"ListItem","position":3,"name":"M\u00e1y qu\u00e9t scan 3d Creality CR-Scan Raptor \u0111\u1ed9 ch\u00ednh x\u00e1c 0.02mm"}]},{"@type":"WebSite","@id":"https:\/\/nge.vn\/#website","url":"https:\/\/nge.vn\/","name":"NGE 3D Printers Services","description":"","potentialAction":[{"@type":"SearchAction","target":{"@type":"EntryPoint","urlTemplate":"https:\/\/nge.vn\/?s={search_term_string}"},"query-input":{"@type":"PropertyValueSpecification","valueRequired":true,"valueName":"search_term_string"}}],"inLanguage":"en-US"}]}},"_links":{"self":[{"href":"https:\/\/nge.vn\/en\/wp-json\/wp\/v2\/product\/3772","targetHints":{"allow":["GET"]}}],"collection":[{"href":"https:\/\/nge.vn\/en\/wp-json\/wp\/v2\/product"}],"about":[{"href":"https:\/\/nge.vn\/en\/wp-json\/wp\/v2\/types\/product"}],"replies":[{"embeddable":true,"href":"https:\/\/nge.vn\/en\/wp-json\/wp\/v2\/comments?post=3772"}],"wp:featuredmedia":[{"embeddable":true,"href":"https:\/\/nge.vn\/en\/wp-json\/wp\/v2\/media\/3763"}],"wp:attachment":[{"href":"https:\/\/nge.vn\/en\/wp-json\/wp\/v2\/media?parent=3772"}],"wp:term":[{"taxonomy":"product_brand","embeddable":true,"href":"https:\/\/nge.vn\/en\/wp-json\/wp\/v2\/product_brand?post=3772"},{"taxonomy":"product_cat","embeddable":true,"href":"https:\/\/nge.vn\/en\/wp-json\/wp\/v2\/product_cat?post=3772"},{"taxonomy":"product_tag","embeddable":true,"href":"https:\/\/nge.vn\/en\/wp-json\/wp\/v2\/product_tag?post=3772"}],"curies":[{"name":"wp","href":"https:\/\/api.w.org\/{rel}","templated":true}]}}