{"id":3722,"date":"2024-10-26T16:10:08","date_gmt":"2024-10-26T09:10:08","guid":{"rendered":"https:\/\/nge.123websitedev.com\/san-pham\/nhua-in-3d-resin-esun-eresin-pla-0-5-1kg-chai-2\/"},"modified":"2024-10-28T14:41:20","modified_gmt":"2024-10-28T07:41:20","slug":"nhua-in-3d-resin-esun-eresin-pla-0-5-1kg-chai-2","status":"publish","type":"product","link":"https:\/\/nge.vn\/en\/product\/nhua-in-3d-resin-esun-eresin-pla-0-5-1kg-chai-2\/","title":{"rendered":"3d printing resin eSun eResin-PLA 0.5-1kg\/Bottle"},"content":{"rendered":"<p>Nh\u1ef1a in 3d Resin ESUN eResin-PLA &#8211; Bio-based resin (Nh\u1ef1a sinh h\u1ecdc) 0.5-1kg\/Chai<br \/>\n_D\u1ef1a tr\u00ean polyol PLA t\u1ef1 s\u1ea3n xu\u1ea5t c\u1ee7a eSUN t\u1ed5ng h\u1ee3p, c\u00f3 \u0111\u1ed9 d\u1ebbo dai t\u1ed1t, \u00edt m\u00f9i v\u00e0 b\u1ec1 m\u1eb7t c\u00e1c b\u1ed9 ph\u1eadn in nh\u1eb5n. Ch\u1ee9ng nh\u1eadn ti\u00eau chu\u1ea9n \u0111\u1ed3 ch\u01a1i EN71-3, an to\u00e0n h\u01a1n khi s\u1eed d\u1ee5ng; c\u00f3 th\u1ec3 \u0111\u01b0\u1ee3c khoan m\u00e0 kh\u00f4ng b\u1ecb n\u1ee9t; m\u00f9i th\u1ea5p, tho\u1ea3i m\u00e1i h\u01a1n khi s\u1eed d\u1ee5ng.<\/p>\n<p>_Nh\u1ef1a in 3D d\u1ef1a tr\u00ean sinh h\u1ecdc n\u00e0y s\u1eed d\u1ee5ng c\u00e1c monome PLA l\u00e0m nguy\u00ean li\u1ec7u th\u00f4 v\u00e0 c\u00f3 c\u00e1c t\u00ednh n\u0103ng \u0111\u1ed9c \u0111\u00e1o khi\u1ebfn n\u00f3 tr\u1edf th\u00e0nh m\u1ed9t lo\u1ea1i nh\u1ef1a \u0111a d\u1ee5ng ho\u00e0n h\u1ea3o. \u0110\u01b0\u1ee3c thi\u1ebft k\u1ebf \u0111\u1eb7c bi\u1ec7t cho ngu\u1ed3n s\u00e1ng LCD \/ LED \u0111\u1ec3 \u0111\u1ea1t \u0111\u01b0\u1ee3c ch\u1ea5t l\u01b0\u1ee3ng in t\u1ed1t h\u01a1n. Nh\u1ef1a PLA, T\u01b0\u01a1ng th\u00edch v\u1edbi h\u1ea7u h\u1ebft c\u00e1c m\u00e1y in LCD s\u1eed d\u1ee5ng \u00e1nh s\u00e1ng b\u01b0\u1edbc s\u00f3ng 405 nm. \u0110\u1ed9 c\u1ee9ng 75 b\u1edd D v\u00e0 c\u00f3 t\u1ed1c \u0111\u1ed9 in nhanh h\u01a1n, bao g\u1ed3m Phrozen, Anycubic, Wanhao, Creality, Elegoo, Longer, v.v.<br \/>\n**B\u1ea3o qu\u1ea3n v\u00e0 s\u1eed d\u1ee5ng:<br \/>\n_L\u01b0u tr\u1eef:<br \/>\n1) Tr\u00e1nh xa \u00e1nh s\u00e1ng v\u00e0 \u0111\u1eady k\u00edn \u1edf nhi\u1ec7t \u0111\u1ed9 ph\u00f2ng.<br \/>\n2) N\u00ean b\u1ea3o qu\u1ea3n nh\u1ef1a t\u1eeb 15\u2103 \u0111\u1ebfn 35\u2103 trong th\u00f9ng ch\u1ee9a ban \u0111\u1ea7u. Tr\u00e1nh b\u1ea5t k\u1ef3 m\u00f4i tr\u01b0\u1eddng b\u1ee5i b\u1ea9n ho\u1eb7c \u1ea9m \u01b0\u1edbt.<br \/>\n_S\u1eed d\u1ee5ng:<br \/>\n1) L\u1eafc k\u1ef9 tr\u01b0\u1edbc khi s\u1eed d\u1ee5ng. Tr\u00e1nh \u00e1nh n\u1eafng tr\u1ef1c ti\u1ebfp trong qu\u00e1 tr\u00ecnh s\u1eed d\u1ee5ng.<br \/>\n2) Gi\u1eef n\u00f3 xa tr\u1ebb em. Kh\u00f4ng cho v\u00e0o mi\u1ec7ng.<br \/>\n3) Mang g\u0103ng tay tr\u01b0\u1edbc khi s\u1eed d\u1ee5ng \u0111\u1ec3 tr\u00e1nh ti\u1ebfp x\u00fac tr\u1ef1c ti\u1ebfp v\u1edbi da v\u00e0 gi\u1eef ph\u00f2ng th\u00f4ng tho\u00e1ng.<br \/>\n4) N\u1ebfu v\u00f4 t\u00ecnh ti\u1ebfp x\u00fac, vui l\u00f2ng r\u1eeda b\u1eb1ng nhi\u1ec1u n\u01b0\u1edbc ngay l\u1eadp t\u1ee9c. T\u00ecm ki\u1ebfm l\u1eddi khuy\u00ean y t\u1ebf n\u1ebfu c\u1ea7n thi\u1ebft.<br \/>\n5) C\u00e1c m\u00f4 h\u00ecnh \u0111\u00e3 ho\u00e0n thi\u1ec7n \u0111\u01b0\u1ee3c y\u00eau c\u1ea7u l\u00e0m s\u1ea1ch b\u1eb1ng c\u1ed3n n\u1ed3ng \u0111\u1ed9 cao (95%) trong kho\u1ea3ng 30 gi\u00e2y.<br \/>\n**\u0110\u1eb7c tr\u01b0ng:<br \/>\n+M\u00f9i th\u1ea5p<br \/>\n+An to\u00e0n &amp; th\u00e2n thi\u1ec7n v\u1edbi m\u00f4i tr\u01b0\u1eddng<br \/>\n+Ph\u00e2n h\u1ee7y sinh h\u1ecdc<br \/>\n+\u0110\u1ed9 nh\u1edbt th\u1ea5p<br \/>\n+C\u1ea3i thi\u1ec7n d\u00f2ng ch\u1ea3y<br \/>\n+D\u1ec5 d\u00e0ng \u0111\u1ec3 l\u00e0m s\u1ea1ch<br \/>\n+M\u1ea1nh h\u01a1n h\u1ea7u h\u1ebft c\u00e1c lo\u1ea1i nh\u1ef1a ti\u00eau chu\u1ea9n kh\u00e1c<br \/>\n+Kh\u1ea3 n\u0103ng ch\u1ed1ng x\u01b0\u1edbc<br \/>\n+\u0110\u1ed9 ch\u00ednh x\u00e1c cao<br \/>\n+\u0110\u1ed9 cong v\u00eanh th\u1ea5p<br \/>\n+Ch\u1ed1ng \u1ea9m<br \/>\n+\u0110\u1ed9 d\u1ebbo dai cao<\/p>\n<p>***Ghi ch\u00fa: L\u1eafc k\u1ef9 tr\u01b0\u1edbc khi in<\/p>\n<p>_3D PRINTING PHOTOPOLYMER RESIN Properties Table<br \/>\n+3D PRINTING PHOTOPOLYMER RESIN eResin-PLA<br \/>\n+Viscosity(mPa\u00b7s) 100-270<br \/>\n+Density(g\/cm3) 1.07-1.10<br \/>\n+Tensile Strength(MPa) 24-55<br \/>\n+Elongation at Break(%) 24-37<br \/>\n+Flexural Strength(MPa) 25-61<br \/>\n+Impact Strength(J\/m) 27-40<br \/>\n+Tearing Strength(GPa) \/<br \/>\n+Heat Distortion Temp(\u2103) \/<br \/>\n+Hardness(Shore D) 75-82<br \/>\n+Wavelength (nm): 395-405<br \/>\n+Package Weight: 720kg &#8211; 1.320 kg<br \/>\n+Package Size: 25*11*11cm &#8211; 30\u00d713\u00d713 cm<\/p>\n<p>**\u0110\u1ec3 \u0111\u01b0\u1ee3c nh\u1eadn h\u1ed9 tr\u1ee3 th\u00eam v\u1ec1 Gi\u00e1 v\u00e0 Th\u00f4ng tin c\u1ee7a s\u1ea3n ph\u1ea9m, vui l\u00f2ng li\u00ean h\u1ec7:<br \/>\n0913.939.775 g\u1eb7p A. Qu\u00e2n (for English)<br \/>\n094.144.0951 contact A.Quynh<br \/>\n**Selling price does not include VAT (+10% if VAT invoice is issued)<\/p>","protected":false},"excerpt":{"rendered":"<p>3d printing resin eSun eResin-PLA 0.5-1kg\/Bottle<\/p>","protected":false},"featured_media":3713,"comment_status":"open","ping_status":"closed","template":"","meta":{"inline_featured_image":false},"product_brand":[],"product_cat":[43],"product_tag":[],"class_list":{"0":"post-3722","1":"product","2":"type-product","3":"status-publish","4":"has-post-thumbnail","6":"product_cat-nhua-in-3d-resin","8":"first","9":"instock","10":"taxable","11":"shipping-taxable","12":"purchasable","13":"product-type-variable"},"yoast_head":"<!-- This site is optimized with the Yoast SEO Premium plugin v22.8 (Yoast SEO v26.9) - https:\/\/yoast.com\/product\/yoast-seo-premium-wordpress\/ -->\n<title>Nh\u1ef1a in 3d Resin eSun eResin-PLA 0.5-1kg\/Chai - NGE 3D Printers Services<\/title>\n<meta name=\"robots\" content=\"index, follow, max-snippet:-1, max-image-preview:large, max-video-preview:-1\" \/>\n<link rel=\"canonical\" href=\"https:\/\/nge.vn\/en\/product\/nhua-in-3d-resin-esun-eresin-pla-0-5-1kg-chai-2\/\" \/>\n<meta property=\"og:locale\" content=\"en_US\" \/>\n<meta property=\"og:type\" content=\"article\" \/>\n<meta property=\"og:title\" content=\"Nh\u1ef1a in 3d Resin eSun eResin-PLA 0.5-1kg\/Chai\" \/>\n<meta property=\"og:description\" content=\"Nh\u1ef1a in 3d Resin eSun eResin-PLA 0.5-1kg\/Chai\" \/>\n<meta property=\"og:url\" content=\"https:\/\/nge.vn\/en\/product\/nhua-in-3d-resin-esun-eresin-pla-0-5-1kg-chai-2\/\" \/>\n<meta property=\"og:site_name\" content=\"NGE 3D Printers Services\" \/>\n<meta property=\"article:modified_time\" content=\"2024-10-28T07:41:20+00:00\" \/>\n<meta property=\"og:image\" content=\"https:\/\/nge.vn\/wp-content\/uploads\/2024\/10\/images-upload-woo2F11528c81d0ccdb65964fe755fc292670.jpg\" \/>\n\t<meta property=\"og:image:width\" content=\"878\" \/>\n\t<meta property=\"og:image:height\" content=\"878\" \/>\n\t<meta property=\"og:image:type\" content=\"image\/jpeg\" \/>\n<meta name=\"twitter:card\" content=\"summary_large_image\" \/>\n<meta name=\"twitter:label1\" content=\"Est. reading time\" \/>\n\t<meta name=\"twitter:data1\" content=\"3 minutes\" \/>\n<script type=\"application\/ld+json\" class=\"yoast-schema-graph\">{\"@context\":\"https:\/\/schema.org\",\"@graph\":[{\"@type\":\"WebPage\",\"@id\":\"https:\/\/nge.vn\/san-pham\/nhua-in-3d-resin-esun-eresin-pla-0-5-1kg-chai-2\/\",\"url\":\"https:\/\/nge.vn\/san-pham\/nhua-in-3d-resin-esun-eresin-pla-0-5-1kg-chai-2\/\",\"name\":\"Nh\u1ef1a in 3d Resin eSun eResin-PLA 0.5-1kg\/Chai - NGE 3D Printers Services\",\"isPartOf\":{\"@id\":\"https:\/\/nge.vn\/#website\"},\"primaryImageOfPage\":{\"@id\":\"https:\/\/nge.vn\/san-pham\/nhua-in-3d-resin-esun-eresin-pla-0-5-1kg-chai-2\/#primaryimage\"},\"image\":{\"@id\":\"https:\/\/nge.vn\/san-pham\/nhua-in-3d-resin-esun-eresin-pla-0-5-1kg-chai-2\/#primaryimage\"},\"thumbnailUrl\":\"https:\/\/nge.vn\/wp-content\/uploads\/2024\/10\/images-upload-woo2F11528c81d0ccdb65964fe755fc292670.jpg\",\"datePublished\":\"2024-10-26T09:10:08+00:00\",\"dateModified\":\"2024-10-28T07:41:20+00:00\",\"breadcrumb\":{\"@id\":\"https:\/\/nge.vn\/san-pham\/nhua-in-3d-resin-esun-eresin-pla-0-5-1kg-chai-2\/#breadcrumb\"},\"inLanguage\":\"en-US\",\"potentialAction\":[{\"@type\":\"ReadAction\",\"target\":[\"https:\/\/nge.vn\/san-pham\/nhua-in-3d-resin-esun-eresin-pla-0-5-1kg-chai-2\/\"]}]},{\"@type\":\"ImageObject\",\"inLanguage\":\"en-US\",\"@id\":\"https:\/\/nge.vn\/san-pham\/nhua-in-3d-resin-esun-eresin-pla-0-5-1kg-chai-2\/#primaryimage\",\"url\":\"https:\/\/nge.vn\/wp-content\/uploads\/2024\/10\/images-upload-woo2F11528c81d0ccdb65964fe755fc292670.jpg\",\"contentUrl\":\"https:\/\/nge.vn\/wp-content\/uploads\/2024\/10\/images-upload-woo2F11528c81d0ccdb65964fe755fc292670.jpg\",\"width\":878,\"height\":878},{\"@type\":\"BreadcrumbList\",\"@id\":\"https:\/\/nge.vn\/san-pham\/nhua-in-3d-resin-esun-eresin-pla-0-5-1kg-chai-2\/#breadcrumb\",\"itemListElement\":[{\"@type\":\"ListItem\",\"position\":1,\"name\":\"Trang ch\u1ee7\",\"item\":\"https:\/\/nge.vn\/\"},{\"@type\":\"ListItem\",\"position\":2,\"name\":\"S\u1ea3n ph\u1ea9m\",\"item\":\"https:\/\/nge.vn\/san-pham\/\"},{\"@type\":\"ListItem\",\"position\":3,\"name\":\"Nh\u1ef1a in 3d Resin eSun eResin-PLA 0.5-1kg\/Chai\"}]},{\"@type\":\"WebSite\",\"@id\":\"https:\/\/nge.vn\/#website\",\"url\":\"https:\/\/nge.vn\/\",\"name\":\"NGE 3D Printers Services\",\"description\":\"\",\"potentialAction\":[{\"@type\":\"SearchAction\",\"target\":{\"@type\":\"EntryPoint\",\"urlTemplate\":\"https:\/\/nge.vn\/?s={search_term_string}\"},\"query-input\":{\"@type\":\"PropertyValueSpecification\",\"valueRequired\":true,\"valueName\":\"search_term_string\"}}],\"inLanguage\":\"en-US\"}]}<\/script>\n<!-- \/ Yoast SEO Premium plugin. -->","yoast_head_json":{"title":"Nh\u1ef1a in 3d Resin eSun eResin-PLA 0.5-1kg\/Chai - NGE 3D Printers Services","robots":{"index":"index","follow":"follow","max-snippet":"max-snippet:-1","max-image-preview":"max-image-preview:large","max-video-preview":"max-video-preview:-1"},"canonical":"https:\/\/nge.vn\/en\/product\/nhua-in-3d-resin-esun-eresin-pla-0-5-1kg-chai-2\/","og_locale":"en_US","og_type":"article","og_title":"Nh\u1ef1a in 3d Resin eSun eResin-PLA 0.5-1kg\/Chai","og_description":"Nh\u1ef1a in 3d Resin eSun eResin-PLA 0.5-1kg\/Chai","og_url":"https:\/\/nge.vn\/en\/product\/nhua-in-3d-resin-esun-eresin-pla-0-5-1kg-chai-2\/","og_site_name":"NGE 3D Printers Services","article_modified_time":"2024-10-28T07:41:20+00:00","og_image":[{"width":878,"height":878,"url":"https:\/\/nge.vn\/wp-content\/uploads\/2024\/10\/images-upload-woo2F11528c81d0ccdb65964fe755fc292670.jpg","type":"image\/jpeg"}],"twitter_card":"summary_large_image","twitter_misc":{"Est. reading time":"3 minutes"},"schema":{"@context":"https:\/\/schema.org","@graph":[{"@type":"WebPage","@id":"https:\/\/nge.vn\/san-pham\/nhua-in-3d-resin-esun-eresin-pla-0-5-1kg-chai-2\/","url":"https:\/\/nge.vn\/san-pham\/nhua-in-3d-resin-esun-eresin-pla-0-5-1kg-chai-2\/","name":"Nh\u1ef1a in 3d Resin eSun eResin-PLA 0.5-1kg\/Chai - NGE 3D Printers Services","isPartOf":{"@id":"https:\/\/nge.vn\/#website"},"primaryImageOfPage":{"@id":"https:\/\/nge.vn\/san-pham\/nhua-in-3d-resin-esun-eresin-pla-0-5-1kg-chai-2\/#primaryimage"},"image":{"@id":"https:\/\/nge.vn\/san-pham\/nhua-in-3d-resin-esun-eresin-pla-0-5-1kg-chai-2\/#primaryimage"},"thumbnailUrl":"https:\/\/nge.vn\/wp-content\/uploads\/2024\/10\/images-upload-woo2F11528c81d0ccdb65964fe755fc292670.jpg","datePublished":"2024-10-26T09:10:08+00:00","dateModified":"2024-10-28T07:41:20+00:00","breadcrumb":{"@id":"https:\/\/nge.vn\/san-pham\/nhua-in-3d-resin-esun-eresin-pla-0-5-1kg-chai-2\/#breadcrumb"},"inLanguage":"en-US","potentialAction":[{"@type":"ReadAction","target":["https:\/\/nge.vn\/san-pham\/nhua-in-3d-resin-esun-eresin-pla-0-5-1kg-chai-2\/"]}]},{"@type":"ImageObject","inLanguage":"en-US","@id":"https:\/\/nge.vn\/san-pham\/nhua-in-3d-resin-esun-eresin-pla-0-5-1kg-chai-2\/#primaryimage","url":"https:\/\/nge.vn\/wp-content\/uploads\/2024\/10\/images-upload-woo2F11528c81d0ccdb65964fe755fc292670.jpg","contentUrl":"https:\/\/nge.vn\/wp-content\/uploads\/2024\/10\/images-upload-woo2F11528c81d0ccdb65964fe755fc292670.jpg","width":878,"height":878},{"@type":"BreadcrumbList","@id":"https:\/\/nge.vn\/san-pham\/nhua-in-3d-resin-esun-eresin-pla-0-5-1kg-chai-2\/#breadcrumb","itemListElement":[{"@type":"ListItem","position":1,"name":"Trang ch\u1ee7","item":"https:\/\/nge.vn\/"},{"@type":"ListItem","position":2,"name":"S\u1ea3n ph\u1ea9m","item":"https:\/\/nge.vn\/san-pham\/"},{"@type":"ListItem","position":3,"name":"Nh\u1ef1a in 3d Resin eSun eResin-PLA 0.5-1kg\/Chai"}]},{"@type":"WebSite","@id":"https:\/\/nge.vn\/#website","url":"https:\/\/nge.vn\/","name":"NGE 3D Printers Services","description":"","potentialAction":[{"@type":"SearchAction","target":{"@type":"EntryPoint","urlTemplate":"https:\/\/nge.vn\/?s={search_term_string}"},"query-input":{"@type":"PropertyValueSpecification","valueRequired":true,"valueName":"search_term_string"}}],"inLanguage":"en-US"}]}},"_links":{"self":[{"href":"https:\/\/nge.vn\/en\/wp-json\/wp\/v2\/product\/3722","targetHints":{"allow":["GET"]}}],"collection":[{"href":"https:\/\/nge.vn\/en\/wp-json\/wp\/v2\/product"}],"about":[{"href":"https:\/\/nge.vn\/en\/wp-json\/wp\/v2\/types\/product"}],"replies":[{"embeddable":true,"href":"https:\/\/nge.vn\/en\/wp-json\/wp\/v2\/comments?post=3722"}],"wp:featuredmedia":[{"embeddable":true,"href":"https:\/\/nge.vn\/en\/wp-json\/wp\/v2\/media\/3713"}],"wp:attachment":[{"href":"https:\/\/nge.vn\/en\/wp-json\/wp\/v2\/media?parent=3722"}],"wp:term":[{"taxonomy":"product_brand","embeddable":true,"href":"https:\/\/nge.vn\/en\/wp-json\/wp\/v2\/product_brand?post=3722"},{"taxonomy":"product_cat","embeddable":true,"href":"https:\/\/nge.vn\/en\/wp-json\/wp\/v2\/product_cat?post=3722"},{"taxonomy":"product_tag","embeddable":true,"href":"https:\/\/nge.vn\/en\/wp-json\/wp\/v2\/product_tag?post=3722"}],"curies":[{"name":"wp","href":"https:\/\/api.w.org\/{rel}","templated":true}]}}