{"id":3693,"date":"2024-10-26T16:04:19","date_gmt":"2024-10-26T09:04:19","guid":{"rendered":"https:\/\/nge.123websitedev.com\/san-pham\/bo-dau-dun-k1c-ceramic-heating-block-kit-quick-swap-nozzle-kit-cho-may-in-3d-creality-k1c-k1-max-k1-k1-se\/"},"modified":"2024-10-28T16:15:07","modified_gmt":"2024-10-28T09:15:07","slug":"bo-dau-dun-k1c-ceramic-heating-block-kit-quick-swap-nozzle-kit-cho-may-in-3d-creality-k1c-k1-max-k1-k1-se","status":"publish","type":"product","link":"https:\/\/nge.vn\/en\/product\/bo-dau-dun-k1c-ceramic-heating-block-kit-quick-swap-nozzle-kit-cho-may-in-3d-creality-k1c-k1-max-k1-k1-se\/","title":{"rendered":"B\u1ed9 \u0111\u1ea7u \u0111\u00f9n K1C Ceramic Heating Block Kit\u2014Quick-swap Nozzle Kit cho m\u00e1y in 3d Creality K1C\/ K1 MAX\/ K1\/ K1 SE"},"content":{"rendered":"<p>B\u1ed9 \u0111\u1ea7u \u0111\u00f9n K1C Ceramic Heating Block Kit\u2014Quick-swap Nozzle Kit cho m\u00e1y in 3d Creality K1C\/ K1 MAX(2004 Version)\/ K1(2004 Version)\/ K1 SE<br \/>\n_B\u1ed9 kh\u1ed1i s\u01b0\u1edfi g\u1ed1m K1C<br \/>\nB\u1ed9 v\u00f2i phun trao \u0111\u1ed5i nhanh<br \/>\n+\u0110\u1ed9 d\u1eabn nhi\u1ec7t cao<br \/>\n+In d\u00f2ng ch\u1ea3y cao<br \/>\n+Ch\u1ecbu nhi\u1ec7t \u0111\u1ed9 cao 300\u00b0C<br \/>\n+D\u1ec5 d\u00e0ng c\u00e0i \u0111\u1eb7t<\/p>\n<p>_S\u01b0\u1edfi \u1ea5m \u0111\u1ed3ng \u0111\u1ec1u c\u00f3 \u0111\u1ed9 d\u1eabn nhi\u1ec7t cao<br \/>\nL\u00f2 s\u01b0\u1edfi g\u1ed1m bao quanh 360\u00b0 c\u1ea3i thi\u1ec7n hi\u1ec7u su\u1ea5t s\u01b0\u1edfi \u1ea5m, s\u01b0\u1edfi \u1ea5m \u0111\u1ed3ng \u0111\u1ec1u h\u01a1n v\u00e0 truy\u1ec1n nhi\u1ec7t nhanh h\u01a1n.<br \/>\n*N\u00f3 c\u00f3 th\u1ec3 \u0111\u01b0\u1ee3c l\u00e0m n\u00f3ng \u0111\u1ebfn 200\u00b0C trong 40 gi\u00e2y<\/p>\n<p>_L\u01b0u l\u01b0\u1ee3ng cao, h\u1ed7 tr\u1ee3 in t\u1ed1c \u0111\u1ed9 cao<br \/>\nBu\u1ed3ng phun m\u1edf r\u1ed9ng, \u0111\u1ea1t t\u1ed1c \u0111\u1ed9 d\u00f2ng ch\u1ea3y t\u1ed1i \u0111a l\u00ean t\u1edbi 32 mm3\/s v\u00e0 h\u1ed7 tr\u1ee3 in t\u1ed1c \u0111\u1ed9 cao \u1edf t\u1ed1c \u0111\u1ed9 600 mm\/s<br \/>\nT\u1ed1c \u0111\u1ed9 d\u00f2ng ch\u1ea3y t\u1ed1i \u0111a 32 mm\u00b3\/s<br \/>\nT\u1ed1c \u0111\u1ed9 t\u1ed1i \u0111a 600 mm\/gi\u00e2y<br \/>\n*Kh\u1ea9u \u0111\u1ed9 \u0111\u1ea7u phun 0,4 mm, d\u1eef li\u1ec7u ki\u1ec3m tra nhi\u1ec7t \u0111\u1ed9 in 240\u00b0C<\/p>\n<p>_Thi\u1ebft k\u1ebf t\u00edch h\u1ee3p ho\u00e0n to\u00e0n b\u1eb1ng kim lo\u1ea1i \u0111\u1ec3 l\u1eafp r\u00e1p v\u00e0 th\u00e1o g\u1ee1 nhanh ch\u00f3ng<br \/>\nV\u00f2i phun v\u00e0 b\u1ed9 ng\u1eaft nhi\u1ec7t \u00e1p d\u1ee5ng thi\u1ebft k\u1ebf t\u00edch h\u1ee3p ho\u00e0n to\u00e0n b\u1eb1ng meta, t\u1ea1o \u0111i\u1ec1u ki\u1ec7n th\u00e1o g\u1ee1 nhanh ch\u00f3ng v\u00e0 thay th\u1ebf thu\u1eadn ti\u1ec7n<\/p>\n<p>_Ch\u1ea5t li\u1ec7u n\u00e2ng c\u1ea5p, th\u00edch h\u1ee3p in nhi\u1ec1u lo\u1ea1i s\u1ee3i<br \/>\nB\u1ed9 ph\u1eadn t\u1ea3n nhi\u1ec7t \u0111\u01b0\u1ee3c l\u00e0m b\u1eb1ng h\u1ee3p kim titan, l\u00e0m gi\u1ea3m s\u1ef1 d\u1eabn nhi\u1ec7t. \u0110\u1ea7u phun \u0111\u01b0\u1ee3c l\u00e0m b\u1eb1ng h\u1ee3p kim \u0111\u1ed3ng v\u00e0 th\u00e9p c\u1ee9ng, h\u1ed7 tr\u1ee3 in c\u00e1c lo\u1ea1i s\u1ee3i kh\u00e1c nhau nh\u01b0<br \/>\nPLA, ABS, PETG, TPU, PP, PC, PLA-CF, PA-CF, PET-CF<br \/>\n*\u0110\u1ea7u v\u00f2i \u0111\u01b0\u1ee3c l\u00e0m b\u1eb1ng v\u1eadt li\u1ec7u th\u00e9p c\u1ee9ng (SKD11), c\u00f3 \u0111\u1ed9 c\u1ee9ng Moh l\u00e0 7,8, mang l\u1ea1i tu\u1ed5i th\u1ecd g\u1ea5p s\u00e1u l\u1ea7n * H\u1ee3p kim \u0111\u1ed3ng c\u00f3 h\u1ec7 s\u1ed1 d\u1eabn nhi\u1ec7t 330 W\/m.K \u0111\u1ea3m b\u1ea3o gia nhi\u1ec7t \u0111\u1ec1u<\/p>\n<p>_Tay ngh\u1ec1 ch\u00ednh x\u00e1c, \u0111\u01b0\u1ee3c ch\u1ebf t\u00e1c b\u1eb1ng s\u1ef1 kh\u00e9o l\u00e9o<br \/>\n+Th\u00e0nh trong nh\u1eb5n: kh\u00f4ng b\u1ecb t\u1eafc ngh\u1ebdn \u0110\u1ed9 nh\u00e1m l\u1ed7 b\u00ean trong Ra&lt;0,4, \u0111\u1ea3m b\u1ea3o c\u1ea5p d\u00e2y t\u00f3c tr\u01a1n tru<br \/>\n+Gia c\u00f4ng ch\u00ednh x\u00e1c: tay ngh\u1ec1 ho\u00e0n h\u1ea3o Kh\u00f4ng c\u00f3 v\u1ec7t khi m\u1edf, in \u1ed5n \u0111\u1ecbnh v\u00e0 gi\u1ea3m t\u1eafc ngh\u1ebdn<br \/>\n+Kh\u1edbp ch\u1eb7t: kh\u00f4ng r\u00f2 r\u1ec9 C\u00e1c kh\u1edbp n\u1ed1i kh\u00edt ch\u1eb7t gi\u00fap ng\u0103n ng\u1eeba r\u00f2 r\u1ec9 d\u00e2y t\u00f3c m\u1ed9t c\u00e1ch hi\u1ec7u qu\u1ea3 trong qu\u00e1 tr\u00ecnh in<\/p>\n<p>_Product specifications<br \/>\n+\u0110\u1ea7u phun: 0.4mmx1<br \/>\n+Tr\u1ecdng l\u01b0\u1ee3ng: 20g<br \/>\n+\u0110\u01b0\u1eddng k\u00ednh d\u00e2y t\u00f3c h\u1ed7 tr\u1ee3: \u00d81,75\u00b10,05mm<br \/>\n+C\u00f4ng su\u1ea5t l\u00e0m n\u00f3ng g\u1ed1m: 60W<br \/>\n+C\u00e1c lo\u1ea1i s\u1ee3i t\u01b0\u01a1ng th\u00edch: PLA, ABS, PETG, TPU, PP, PC, PLA-CF, PA-CF, PET-CF,..<br \/>\n**K1C Ceramic Heating Block Kit\u2014 4001030133<\/p>\n<p>**S\u1eed d\u1ee5ng cho c\u00e1c m\u00e1y in 3d Creality (d\u00f2ng m\u1edbi \u0111\u1ea7u \u0111\u00f9n d\u00e0i): K1C_K1 MAX(2004 Version)_K1(2004 Version)_K1 SE<\/p>\n<p>**To receive a better price, please contact the shop directly.<br \/>\n     0913.939.775 contact A.Quan (for English)<br \/>\n     094.144.0951 contact A.Quynh<br \/>\n**Selling price does not include VAT (+10% if VAT invoice is issued)<\/p>","protected":false},"excerpt":{"rendered":"<p>B\u1ed9 \u0111\u1ea7u \u0111\u00f9n K1C Ceramic Heating Block Kit\u2014Quick-swap Nozzle Kit cho m\u00e1y in 3d Creality K1C\/ K1 MAX\/ K1\/ K1 SE<\/p>","protected":false},"featured_media":3684,"comment_status":"open","ping_status":"closed","template":"","meta":{"inline_featured_image":false},"product_brand":[],"product_cat":[40,56],"product_tag":[],"class_list":{"0":"post-3693","1":"product","2":"type-product","3":"status-publish","4":"has-post-thumbnail","6":"product_cat-linh-kien-va-phu-kien","7":"product_cat-linh-phu-kien-may-in-3d-creality","9":"first","10":"instock","11":"taxable","12":"shipping-taxable","13":"purchasable","14":"product-type-simple"},"yoast_head":"<!-- This site is optimized with the Yoast SEO Premium plugin v22.8 (Yoast SEO v26.9) - https:\/\/yoast.com\/product\/yoast-seo-premium-wordpress\/ -->\n<title>B\u1ed9 \u0111\u1ea7u \u0111\u00f9n K1C Ceramic Heating Block Kit\u2014Quick-swap Nozzle Kit cho m\u00e1y in 3d Creality K1C\/ K1 MAX\/ K1\/ K1 SE - NGE 3D Printers Services<\/title>\n<meta name=\"robots\" content=\"index, follow, max-snippet:-1, max-image-preview:large, max-video-preview:-1\" \/>\n<link rel=\"canonical\" href=\"https:\/\/nge.vn\/en\/product\/bo-dau-dun-k1c-ceramic-heating-block-kit-quick-swap-nozzle-kit-cho-may-in-3d-creality-k1c-k1-max-k1-k1-se\/\" \/>\n<meta property=\"og:locale\" content=\"en_US\" \/>\n<meta property=\"og:type\" content=\"article\" \/>\n<meta property=\"og:title\" content=\"B\u1ed9 \u0111\u1ea7u \u0111\u00f9n K1C Ceramic Heating Block Kit\u2014Quick-swap Nozzle Kit cho m\u00e1y in 3d Creality K1C\/ K1 MAX\/ K1\/ K1 SE\" \/>\n<meta property=\"og:description\" content=\"B\u1ed9 \u0111\u1ea7u \u0111\u00f9n K1C Ceramic Heating Block Kit\u2014Quick-swap Nozzle Kit cho m\u00e1y in 3d Creality K1C\/ K1 MAX\/ K1\/ K1 SE\" \/>\n<meta property=\"og:url\" content=\"https:\/\/nge.vn\/en\/product\/bo-dau-dun-k1c-ceramic-heating-block-kit-quick-swap-nozzle-kit-cho-may-in-3d-creality-k1c-k1-max-k1-k1-se\/\" \/>\n<meta property=\"og:site_name\" content=\"NGE 3D Printers Services\" \/>\n<meta property=\"article:modified_time\" content=\"2024-10-28T09:15:07+00:00\" \/>\n<meta property=\"og:image\" content=\"https:\/\/nge.vn\/wp-content\/uploads\/2024\/10\/images-upload-woo2F90fa7cc9c8dcf9cc9c312ffd0891d0bf.jpg\" \/>\n\t<meta property=\"og:image:width\" content=\"887\" \/>\n\t<meta property=\"og:image:height\" content=\"887\" \/>\n\t<meta property=\"og:image:type\" content=\"image\/jpeg\" \/>\n<meta name=\"twitter:card\" content=\"summary_large_image\" \/>\n<meta name=\"twitter:label1\" content=\"Est. reading time\" \/>\n\t<meta name=\"twitter:data1\" content=\"3 minutes\" \/>\n<script type=\"application\/ld+json\" class=\"yoast-schema-graph\">{\"@context\":\"https:\/\/schema.org\",\"@graph\":[{\"@type\":\"WebPage\",\"@id\":\"https:\/\/nge.vn\/san-pham\/bo-dau-dun-k1c-ceramic-heating-block-kit-quick-swap-nozzle-kit-cho-may-in-3d-creality-k1c-k1-max-k1-k1-se\/\",\"url\":\"https:\/\/nge.vn\/san-pham\/bo-dau-dun-k1c-ceramic-heating-block-kit-quick-swap-nozzle-kit-cho-may-in-3d-creality-k1c-k1-max-k1-k1-se\/\",\"name\":\"B\u1ed9 \u0111\u1ea7u \u0111\u00f9n K1C Ceramic Heating Block Kit\u2014Quick-swap Nozzle Kit cho m\u00e1y in 3d Creality K1C\/ K1 MAX\/ K1\/ K1 SE - NGE 3D Printers Services\",\"isPartOf\":{\"@id\":\"https:\/\/nge.vn\/#website\"},\"primaryImageOfPage\":{\"@id\":\"https:\/\/nge.vn\/san-pham\/bo-dau-dun-k1c-ceramic-heating-block-kit-quick-swap-nozzle-kit-cho-may-in-3d-creality-k1c-k1-max-k1-k1-se\/#primaryimage\"},\"image\":{\"@id\":\"https:\/\/nge.vn\/san-pham\/bo-dau-dun-k1c-ceramic-heating-block-kit-quick-swap-nozzle-kit-cho-may-in-3d-creality-k1c-k1-max-k1-k1-se\/#primaryimage\"},\"thumbnailUrl\":\"https:\/\/nge.vn\/wp-content\/uploads\/2024\/10\/images-upload-woo2F90fa7cc9c8dcf9cc9c312ffd0891d0bf.jpg\",\"datePublished\":\"2024-10-26T09:04:19+00:00\",\"dateModified\":\"2024-10-28T09:15:07+00:00\",\"breadcrumb\":{\"@id\":\"https:\/\/nge.vn\/san-pham\/bo-dau-dun-k1c-ceramic-heating-block-kit-quick-swap-nozzle-kit-cho-may-in-3d-creality-k1c-k1-max-k1-k1-se\/#breadcrumb\"},\"inLanguage\":\"en-US\",\"potentialAction\":[{\"@type\":\"ReadAction\",\"target\":[\"https:\/\/nge.vn\/san-pham\/bo-dau-dun-k1c-ceramic-heating-block-kit-quick-swap-nozzle-kit-cho-may-in-3d-creality-k1c-k1-max-k1-k1-se\/\"]}]},{\"@type\":\"ImageObject\",\"inLanguage\":\"en-US\",\"@id\":\"https:\/\/nge.vn\/san-pham\/bo-dau-dun-k1c-ceramic-heating-block-kit-quick-swap-nozzle-kit-cho-may-in-3d-creality-k1c-k1-max-k1-k1-se\/#primaryimage\",\"url\":\"https:\/\/nge.vn\/wp-content\/uploads\/2024\/10\/images-upload-woo2F90fa7cc9c8dcf9cc9c312ffd0891d0bf.jpg\",\"contentUrl\":\"https:\/\/nge.vn\/wp-content\/uploads\/2024\/10\/images-upload-woo2F90fa7cc9c8dcf9cc9c312ffd0891d0bf.jpg\",\"width\":887,\"height\":887},{\"@type\":\"BreadcrumbList\",\"@id\":\"https:\/\/nge.vn\/san-pham\/bo-dau-dun-k1c-ceramic-heating-block-kit-quick-swap-nozzle-kit-cho-may-in-3d-creality-k1c-k1-max-k1-k1-se\/#breadcrumb\",\"itemListElement\":[{\"@type\":\"ListItem\",\"position\":1,\"name\":\"Trang ch\u1ee7\",\"item\":\"https:\/\/nge.vn\/\"},{\"@type\":\"ListItem\",\"position\":2,\"name\":\"S\u1ea3n ph\u1ea9m\",\"item\":\"https:\/\/nge.vn\/san-pham\/\"},{\"@type\":\"ListItem\",\"position\":3,\"name\":\"B\u1ed9 \u0111\u1ea7u \u0111\u00f9n K1C Ceramic Heating Block Kit\u2014Quick-swap Nozzle Kit cho m\u00e1y in 3d Creality K1C\/ K1 MAX\/ K1\/ K1 SE\"}]},{\"@type\":\"WebSite\",\"@id\":\"https:\/\/nge.vn\/#website\",\"url\":\"https:\/\/nge.vn\/\",\"name\":\"NGE 3D Printers Services\",\"description\":\"\",\"potentialAction\":[{\"@type\":\"SearchAction\",\"target\":{\"@type\":\"EntryPoint\",\"urlTemplate\":\"https:\/\/nge.vn\/?s={search_term_string}\"},\"query-input\":{\"@type\":\"PropertyValueSpecification\",\"valueRequired\":true,\"valueName\":\"search_term_string\"}}],\"inLanguage\":\"en-US\"}]}<\/script>\n<!-- \/ Yoast SEO Premium plugin. -->","yoast_head_json":{"title":"B\u1ed9 \u0111\u1ea7u \u0111\u00f9n K1C Ceramic Heating Block Kit\u2014Quick-swap Nozzle Kit cho m\u00e1y in 3d Creality K1C\/ K1 MAX\/ K1\/ K1 SE - NGE 3D Printers Services","robots":{"index":"index","follow":"follow","max-snippet":"max-snippet:-1","max-image-preview":"max-image-preview:large","max-video-preview":"max-video-preview:-1"},"canonical":"https:\/\/nge.vn\/en\/product\/bo-dau-dun-k1c-ceramic-heating-block-kit-quick-swap-nozzle-kit-cho-may-in-3d-creality-k1c-k1-max-k1-k1-se\/","og_locale":"en_US","og_type":"article","og_title":"B\u1ed9 \u0111\u1ea7u \u0111\u00f9n K1C Ceramic Heating Block Kit\u2014Quick-swap Nozzle Kit cho m\u00e1y in 3d Creality K1C\/ K1 MAX\/ K1\/ K1 SE","og_description":"B\u1ed9 \u0111\u1ea7u \u0111\u00f9n K1C Ceramic Heating Block Kit\u2014Quick-swap Nozzle Kit cho m\u00e1y in 3d Creality K1C\/ K1 MAX\/ K1\/ K1 SE","og_url":"https:\/\/nge.vn\/en\/product\/bo-dau-dun-k1c-ceramic-heating-block-kit-quick-swap-nozzle-kit-cho-may-in-3d-creality-k1c-k1-max-k1-k1-se\/","og_site_name":"NGE 3D Printers Services","article_modified_time":"2024-10-28T09:15:07+00:00","og_image":[{"width":887,"height":887,"url":"https:\/\/nge.vn\/wp-content\/uploads\/2024\/10\/images-upload-woo2F90fa7cc9c8dcf9cc9c312ffd0891d0bf.jpg","type":"image\/jpeg"}],"twitter_card":"summary_large_image","twitter_misc":{"Est. reading time":"3 minutes"},"schema":{"@context":"https:\/\/schema.org","@graph":[{"@type":"WebPage","@id":"https:\/\/nge.vn\/san-pham\/bo-dau-dun-k1c-ceramic-heating-block-kit-quick-swap-nozzle-kit-cho-may-in-3d-creality-k1c-k1-max-k1-k1-se\/","url":"https:\/\/nge.vn\/san-pham\/bo-dau-dun-k1c-ceramic-heating-block-kit-quick-swap-nozzle-kit-cho-may-in-3d-creality-k1c-k1-max-k1-k1-se\/","name":"B\u1ed9 \u0111\u1ea7u \u0111\u00f9n K1C Ceramic Heating Block Kit\u2014Quick-swap Nozzle Kit cho m\u00e1y in 3d Creality K1C\/ K1 MAX\/ K1\/ K1 SE - NGE 3D Printers Services","isPartOf":{"@id":"https:\/\/nge.vn\/#website"},"primaryImageOfPage":{"@id":"https:\/\/nge.vn\/san-pham\/bo-dau-dun-k1c-ceramic-heating-block-kit-quick-swap-nozzle-kit-cho-may-in-3d-creality-k1c-k1-max-k1-k1-se\/#primaryimage"},"image":{"@id":"https:\/\/nge.vn\/san-pham\/bo-dau-dun-k1c-ceramic-heating-block-kit-quick-swap-nozzle-kit-cho-may-in-3d-creality-k1c-k1-max-k1-k1-se\/#primaryimage"},"thumbnailUrl":"https:\/\/nge.vn\/wp-content\/uploads\/2024\/10\/images-upload-woo2F90fa7cc9c8dcf9cc9c312ffd0891d0bf.jpg","datePublished":"2024-10-26T09:04:19+00:00","dateModified":"2024-10-28T09:15:07+00:00","breadcrumb":{"@id":"https:\/\/nge.vn\/san-pham\/bo-dau-dun-k1c-ceramic-heating-block-kit-quick-swap-nozzle-kit-cho-may-in-3d-creality-k1c-k1-max-k1-k1-se\/#breadcrumb"},"inLanguage":"en-US","potentialAction":[{"@type":"ReadAction","target":["https:\/\/nge.vn\/san-pham\/bo-dau-dun-k1c-ceramic-heating-block-kit-quick-swap-nozzle-kit-cho-may-in-3d-creality-k1c-k1-max-k1-k1-se\/"]}]},{"@type":"ImageObject","inLanguage":"en-US","@id":"https:\/\/nge.vn\/san-pham\/bo-dau-dun-k1c-ceramic-heating-block-kit-quick-swap-nozzle-kit-cho-may-in-3d-creality-k1c-k1-max-k1-k1-se\/#primaryimage","url":"https:\/\/nge.vn\/wp-content\/uploads\/2024\/10\/images-upload-woo2F90fa7cc9c8dcf9cc9c312ffd0891d0bf.jpg","contentUrl":"https:\/\/nge.vn\/wp-content\/uploads\/2024\/10\/images-upload-woo2F90fa7cc9c8dcf9cc9c312ffd0891d0bf.jpg","width":887,"height":887},{"@type":"BreadcrumbList","@id":"https:\/\/nge.vn\/san-pham\/bo-dau-dun-k1c-ceramic-heating-block-kit-quick-swap-nozzle-kit-cho-may-in-3d-creality-k1c-k1-max-k1-k1-se\/#breadcrumb","itemListElement":[{"@type":"ListItem","position":1,"name":"Trang ch\u1ee7","item":"https:\/\/nge.vn\/"},{"@type":"ListItem","position":2,"name":"S\u1ea3n ph\u1ea9m","item":"https:\/\/nge.vn\/san-pham\/"},{"@type":"ListItem","position":3,"name":"B\u1ed9 \u0111\u1ea7u \u0111\u00f9n K1C Ceramic Heating Block Kit\u2014Quick-swap Nozzle Kit cho m\u00e1y in 3d Creality K1C\/ K1 MAX\/ K1\/ K1 SE"}]},{"@type":"WebSite","@id":"https:\/\/nge.vn\/#website","url":"https:\/\/nge.vn\/","name":"NGE 3D Printers Services","description":"","potentialAction":[{"@type":"SearchAction","target":{"@type":"EntryPoint","urlTemplate":"https:\/\/nge.vn\/?s={search_term_string}"},"query-input":{"@type":"PropertyValueSpecification","valueRequired":true,"valueName":"search_term_string"}}],"inLanguage":"en-US"}]}},"_links":{"self":[{"href":"https:\/\/nge.vn\/en\/wp-json\/wp\/v2\/product\/3693","targetHints":{"allow":["GET"]}}],"collection":[{"href":"https:\/\/nge.vn\/en\/wp-json\/wp\/v2\/product"}],"about":[{"href":"https:\/\/nge.vn\/en\/wp-json\/wp\/v2\/types\/product"}],"replies":[{"embeddable":true,"href":"https:\/\/nge.vn\/en\/wp-json\/wp\/v2\/comments?post=3693"}],"wp:featuredmedia":[{"embeddable":true,"href":"https:\/\/nge.vn\/en\/wp-json\/wp\/v2\/media\/3684"}],"wp:attachment":[{"href":"https:\/\/nge.vn\/en\/wp-json\/wp\/v2\/media?parent=3693"}],"wp:term":[{"taxonomy":"product_brand","embeddable":true,"href":"https:\/\/nge.vn\/en\/wp-json\/wp\/v2\/product_brand?post=3693"},{"taxonomy":"product_cat","embeddable":true,"href":"https:\/\/nge.vn\/en\/wp-json\/wp\/v2\/product_cat?post=3693"},{"taxonomy":"product_tag","embeddable":true,"href":"https:\/\/nge.vn\/en\/wp-json\/wp\/v2\/product_tag?post=3693"}],"curies":[{"name":"wp","href":"https:\/\/api.w.org\/{rel}","templated":true}]}}