{"id":3683,"date":"2024-10-26T16:02:42","date_gmt":"2024-10-26T09:02:42","guid":{"rendered":"https:\/\/nge.123websitedev.com\/san-pham\/may-in-3d-creality-ender-3-max-neo-can-ban-tu-dong-voi-cr-touch-va-kich-thuoc-in-303032cm\/"},"modified":"2025-04-04T10:19:47","modified_gmt":"2025-04-04T03:19:47","slug":"may-in-3d-creality-ender-3-max-neo-size-303032cm","status":"publish","type":"product","link":"https:\/\/nge.vn\/en\/product\/may-in-3d-creality-ender-3-max-neo-size-303032cm\/","title":{"rendered":"M\u00e1y in 3d Creality Ender-3 Max Neo c\u00e2n b\u00e0n t\u1ef1 \u0111\u1ed9ng v\u1edbi CR-Touch v\u00e0 k\u00edch th\u01b0\u1edbc in 30*30*32cm"},"content":{"rendered":"<p>M\u00e1y in 3d Creality Ender-3 Max Neo k\u00edch th\u01b0\u1edbc in 30*30*32cm<br \/>\nX\u00e2y d\u1ef1ng m\u1ed9t th\u1ebf gi\u1edbi in \u0111\u1ea7y tham v\u1ecdng<\/p>\n<p>T\u00ednh n\u0103ng c\u1ed1t l\u00f5i<br \/>\n+Kh\u1ed1i l\u01b0\u1ee3ng b\u1ea3n in l\u1edbn h\u01a1n 30x30x32cm<br \/>\n+Si\u00eau \u1ed5n \u0111\u1ecbnh v\u1edbi tr\u1ee5c Z k\u00e9p<br \/>\n+C\u00e2n m\u1eb7t b\u00e0n hi\u1ec7u qu\u1ea3 v\u1edbi CR Touch<br \/>\n+3 b\u01b0\u1edbc l\u1eafp r\u00e1p<br \/>\n+In y\u00ean t\u0129nh<br \/>\n+Knob \u0111\u1ec3 tr\u1ea3i nghi\u1ec7m \u0111i\u1ec1u g\u00ec \u0111\u00f3 m\u1edbi m\u1ebb<\/p>\n<p>Kh\u1ed1i l\u01b0\u1ee3ng in 30*30*32cm cho ph\u00e9p in m\u00f4 h\u00ecnh l\u1edbn ho\u1eb7c in nhi\u1ec1u b\u1ed9 ph\u1eadn nh\u1ecf c\u00f9ng l\u00fac, c\u1ea3i thi\u1ec7n \u0111\u00e1ng k\u1ec3 hi\u1ec7u qu\u1ea3 v\u00e0 mang l\u1ea1i nhi\u1ec1u kh\u1ea3 n\u0103ng s\u00e1ng t\u1ea1o h\u01a1n<\/p>\n<p>Si\u00eau \u1ed5n \u0111\u1ecbnh v\u1edbi tr\u1ee5c Z k\u00e9p<br \/>\nS\u1ef1 ph\u1ed1i h\u1ee3p ho\u00e0n h\u1ea3o gi\u1eefa c\u00e1c tr\u1ee5c Z k\u00e9p, \u0111ai \u0111\u1ecbnh th\u1eddi v\u00e0 \u0111\u1ed9ng c\u01a1 k\u00e9p \u0111\u1ea3m b\u1ea3o \u0111\u1ed9 \u1ed5n \u0111\u1ecbnh v\u00e0 \u0111\u1ed9 ch\u00ednh x\u00e1c in cao h\u01a1n<\/p>\n<p>CR Touch gi\u1ea3i ph\u00f3ng b\u1ea1n kh\u1ecfi vi\u1ec7c c\u00e2n b\u00e0n th\u1ee7 c\u00f4ng<br \/>\nT\u1ef1 \u0111\u1ed9ng c\u00e2n b\u1eb1ng CR Touch c\u1ea3i thi\u1ec7n hi\u1ec7u qu\u1ea3 b\u1eb1ng c\u00e1ch t\u1ef1 \u0111\u1ed9ng \u0111o v\u00e0 \u0111i\u1ec1u ch\u1ec9nh chi\u1ec1u cao in 25 \u0111i\u1ec3m tr\u00ean gi\u01b0\u1eddng nhi\u1ec7t, gi\u00fap vi\u1ec7c c\u00e2n b\u1eb1ng d\u1ec5 d\u00e0ng h\u01a1n nhi\u1ec1u<\/p>\n<p>L\u1eafp r\u00e1p tr\u01b0\u1edbc \u0111\u00e3 gi\u1ea3i quy\u1ebft nh\u1eefng r\u1eafc r\u1ed1i v\u00e0 lo l\u1eafng c\u1ee7a vi\u1ec7c l\u1eafp r\u00e1p c\u00e1c b\u1ed9 ph\u1eadn. B\u1eaft \u0111\u1ea7u in c\u1ee7a b\u1ea1n ch\u1ec9 v\u1edbi 3 b\u01b0\u1edbc<\/p>\n<p>Knob \u0111\u1ec3 tr\u1ea3i nghi\u1ec7m m\u1ed9t c\u00e1i g\u00ec \u0111\u00f3 m\u1edbi<br \/>\nM\u00e0n h\u00ecnh n\u00fam m\u00e0u 4,3 inch s\u1ebd m\u1edd \u0111i sau 4 ph\u00fat n\u1ebfu kh\u00f4ng ho\u1ea1t \u0111\u1ed9ng gi\u00fap ti\u1ebft ki\u1ec7m n\u0103ng l\u01b0\u1ee3ng. \u0110\u01b0\u1ee3c t\u1ed1i \u01b0u h\u00f3a v\u1edbi c\u00e1c bi\u1ec3u t\u01b0\u1ee3ng, giao di\u1ec7n ng\u01b0\u1eddi d\u00f9ng s\u1ed1ng \u0111\u1ed9ng h\u01a1n<\/p>\n<p>\u0110\u01b0\u1ee3c trang b\u1ecb bo m\u1ea1ch ch\u1ee7 im l\u1eb7ng 32 bit, m\u1ee9c \u0111\u1ed9 ti\u1ebfp x\u00fac v\u1edbi ti\u1ebfng \u1ed3n th\u1ea5p h\u01a1n 50dB. Th\u01b0\u1edfng th\u1ee9c in \u1ea5n \u1ea5m c\u00fang v\u00e0 vui ch\u01a1i<\/p>\n<p>B\u1ed9 ngu\u1ed3n t\u00edch h\u1ee3p ch\u1ea5t l\u01b0\u1ee3ng cao 350W an to\u00e0n v\u00e0 \u0111\u00e1ng tin c\u1eady h\u01a1n, c\u1ea3i thi\u1ec7n \u0111\u1ed9 \u1ed5n \u0111\u1ecbnh v\u00e0 c\u1ea3m gi\u00e1c t\u00edch h\u1ee3p<\/p>\n<p>C\u1ea5p li\u1ec7u m\u01b0\u1ee3t m\u00e0 v\u1edbi m\u00e1y \u0111\u00f9n to\u00e0n kim lo\u1ea1i<br \/>\nM\u00e1y \u0111\u00f9n Bowden ho\u00e0n to\u00e0n b\u1eb1ng kim lo\u1ea1i b\u1ec1n h\u01a1n v\u00e0 c\u00f3 l\u1ef1c \u0111\u00f9n l\u1edbn h\u01a1n. N\u00f3i &#8220;Kh\u00f4ng&#8221; v\u1edbi ch\u1ea5t li\u1ec7u d\u1ec5 g\u00e2y nhi\u1ec5u! \u0110\u01b0\u1ee3c h\u1ed7 tr\u1ee3 b\u1edfi c\u00e1c b\u00e1nh r\u0103ng, vi\u1ec7c n\u1ea1p v\u00e0 r\u00fat s\u1ee3i nh\u1ef1a kh\u00f4ng ph\u1ea3i l\u00e0 v\u1ea5n \u0111\u1ec1<\/p>\n<p>Tr\u1ea3i nghi\u1ec7m kh\u00f4ng lo l\u1eafng v\u1edbi b\u1ea3o v\u1ec7 k\u00e9p<br \/>\nCh\u1ee9c n\u0103ng in ti\u1ebfp t\u1ee5c c\u00f3 th\u1ec3 ghi l\u1ea1i d\u1eef li\u1ec7u m\u1ed9t c\u00e1ch ch\u00ednh x\u00e1c v\u00e0 kh\u1edfi \u0111\u1ed9ng l\u1ea1i b\u1ea3n in t\u1eeb n\u01a1i n\u00f3 b\u1ecb t\u1eaft, kh\u00f4ng c\u1ea7n lo l\u1eafng v\u1ec1 s\u1ef1 c\u1ed1 m\u1ea5t \u0111i\u1ec7n \u0111\u1ed9t ng\u1ed9t<br \/>\nM\u1ed9t c\u1ea3m bi\u1ebfn s\u1ee3i nh\u1ef1a \u0111\u01b0\u1ee3c trang b\u1ecb \u0111\u1ec3 ph\u00e1t hi\u1ec7n s\u1ef1 \u0111\u1ea7y \u0111\u1ee7 c\u1ee7a v\u1eadt t\u01b0 ti\u00eau hao, tr\u00e1nh l\u00e3ng ph\u00ed v\u00e0 n\u00e2ng cao t\u1ef7 l\u1ec7 th\u00e0nh c\u00f4ng. N\u00f3 ho\u00e0n h\u1ea3o \u0111\u1ec3 in c\u00e1c m\u00f4 h\u00ecnh k\u00edch th\u01b0\u1edbc l\u1edbn<\/p>\n<p>Molding Technology: FDM<br \/>\nMachine size: 516*582*590mm<br \/>\nBuild Volume: 300*300*320mm<br \/>\nPackage Dimension: 665*555*290mm<br \/>\nNet Weight: 10.3kg<br \/>\nGross Weight: 13.5kg<br \/>\nPrinting Speed: \u2264120 mm\/s<br \/>\nPrinting Precison: \u00b10.1mm<br \/>\nLayer Height: 0.05~0.35mm<br \/>\nFilament Diameter: 1.75mm<br \/>\nNozzle Quantity: 1<br \/>\nNozzle Diameter: 0.4 mm (standard)<br \/>\nNozzle Temperature: up to 260\u2103<br \/>\nHeat Bed Temperature: up to 100\u00b0C<br \/>\nBuild Surface: Carborundum Glass<br \/>\nExtruder: Bowden Extruder<br \/>\nExtruder Material: Full-metal<br \/>\nLeveling Mode: CR Touch Auto-leveling<br \/>\nDisplay: 4.3&#8221; Color Knob Screen<br \/>\nMainboard: 32-bit Silent Mainboard<br \/>\nResume Printing: Yes<br \/>\nFilament Sensor\uff1aYes<br \/>\nRated Voltage: 100-120V~, 200-240V~, 50\/60Hz<br \/>\nRated Power: 350W<br \/>\nSlicing Software: Creality Slicer\/Cura\/Repetier-Host\/Simplify3D<br \/>\nData Transmission Method: Micro USB\/TF Card<br \/>\n3D File Format: STL\/OBJ\/AMF<br \/>\nSupported Filament: PLA\/ABS\/PETG\/Wood<\/p>\n<p>**To receive a better price, please contact the shop directly.<br \/>\n0913.939.775 contact A.Quan (for English)<br \/>\n094.144.0951 contact A.Quynh<br \/>\n**Selling price does not include VAT (+10% if VAT invoice is issued)<\/p>","protected":false},"excerpt":{"rendered":"<p>M\u00e1y in 3d Creality Ender-3 Max Neo c\u00e2n b\u00e0n t\u1ef1 \u0111\u1ed9ng v\u1edbi CR-Touch v\u00e0 k\u00edch th\u01b0\u1edbc in 30*30*32cm<\/p>","protected":false},"featured_media":3674,"comment_status":"open","ping_status":"closed","template":"","meta":{"inline_featured_image":false},"product_brand":[],"product_cat":[39,51],"product_tag":[],"class_list":{"0":"post-3683","1":"product","2":"type-product","3":"status-publish","4":"has-post-thumbnail","6":"product_cat-may-in-3d","7":"product_cat-may-in-3d-creality","9":"first","10":"instock","11":"sale","12":"taxable","13":"shipping-taxable","14":"purchasable","15":"product-type-simple"},"yoast_head":"<!-- This site is optimized with the Yoast SEO Premium plugin v22.8 (Yoast SEO v26.9) - https:\/\/yoast.com\/product\/yoast-seo-premium-wordpress\/ -->\n<title>M\u00e1y in 3d Creality Ender-3 Max Neo c\u00e2n b\u00e0n t\u1ef1 \u0111\u1ed9ng v\u1edbi CR-Touch v\u00e0 k\u00edch th\u01b0\u1edbc in 30*30*32cm - NGE 3D Printers Services<\/title>\n<meta name=\"robots\" content=\"index, follow, max-snippet:-1, max-image-preview:large, max-video-preview:-1\" \/>\n<link rel=\"canonical\" href=\"https:\/\/nge.vn\/en\/product\/may-in-3d-creality-ender-3-max-neo-size-303032cm\/\" \/>\n<meta property=\"og:locale\" content=\"en_US\" \/>\n<meta property=\"og:type\" content=\"article\" \/>\n<meta property=\"og:title\" content=\"M\u00e1y in 3d Creality Ender-3 Max Neo c\u00e2n b\u00e0n t\u1ef1 \u0111\u1ed9ng v\u1edbi CR-Touch v\u00e0 k\u00edch th\u01b0\u1edbc in 30*30*32cm\" \/>\n<meta property=\"og:description\" content=\"M\u00e1y in 3d Creality Ender-3 Max Neo c\u00e2n b\u00e0n t\u1ef1 \u0111\u1ed9ng v\u1edbi CR-Touch v\u00e0 k\u00edch th\u01b0\u1edbc in 30*30*32cm\" \/>\n<meta property=\"og:url\" content=\"https:\/\/nge.vn\/en\/product\/may-in-3d-creality-ender-3-max-neo-size-303032cm\/\" \/>\n<meta property=\"og:site_name\" content=\"NGE 3D Printers Services\" \/>\n<meta property=\"article:modified_time\" content=\"2025-04-04T03:19:47+00:00\" \/>\n<meta property=\"og:image\" content=\"https:\/\/nge.vn\/wp-content\/uploads\/2024\/10\/images-upload-woo2Fbf4bfe76e700df33c8576104d74ad4f0.jpg\" \/>\n\t<meta property=\"og:image:width\" content=\"495\" \/>\n\t<meta property=\"og:image:height\" content=\"495\" \/>\n\t<meta property=\"og:image:type\" content=\"image\/jpeg\" \/>\n<meta name=\"twitter:card\" content=\"summary_large_image\" \/>\n<meta name=\"twitter:label1\" content=\"Est. reading time\" \/>\n\t<meta name=\"twitter:data1\" content=\"4 minutes\" \/>\n<script type=\"application\/ld+json\" class=\"yoast-schema-graph\">{\"@context\":\"https:\/\/schema.org\",\"@graph\":[{\"@type\":\"WebPage\",\"@id\":\"https:\/\/nge.vn\/san-pham\/may-in-3d-creality-ender-3-max-neo-size-303032cm\/\",\"url\":\"https:\/\/nge.vn\/san-pham\/may-in-3d-creality-ender-3-max-neo-size-303032cm\/\",\"name\":\"M\u00e1y in 3d Creality Ender-3 Max Neo c\u00e2n b\u00e0n t\u1ef1 \u0111\u1ed9ng v\u1edbi CR-Touch v\u00e0 k\u00edch th\u01b0\u1edbc in 30*30*32cm - NGE 3D Printers Services\",\"isPartOf\":{\"@id\":\"https:\/\/nge.vn\/#website\"},\"primaryImageOfPage\":{\"@id\":\"https:\/\/nge.vn\/san-pham\/may-in-3d-creality-ender-3-max-neo-size-303032cm\/#primaryimage\"},\"image\":{\"@id\":\"https:\/\/nge.vn\/san-pham\/may-in-3d-creality-ender-3-max-neo-size-303032cm\/#primaryimage\"},\"thumbnailUrl\":\"https:\/\/nge.vn\/wp-content\/uploads\/2024\/10\/images-upload-woo2Fbf4bfe76e700df33c8576104d74ad4f0.jpg\",\"datePublished\":\"2024-10-26T09:02:42+00:00\",\"dateModified\":\"2025-04-04T03:19:47+00:00\",\"breadcrumb\":{\"@id\":\"https:\/\/nge.vn\/san-pham\/may-in-3d-creality-ender-3-max-neo-size-303032cm\/#breadcrumb\"},\"inLanguage\":\"en-US\",\"potentialAction\":[{\"@type\":\"ReadAction\",\"target\":[\"https:\/\/nge.vn\/san-pham\/may-in-3d-creality-ender-3-max-neo-size-303032cm\/\"]}]},{\"@type\":\"ImageObject\",\"inLanguage\":\"en-US\",\"@id\":\"https:\/\/nge.vn\/san-pham\/may-in-3d-creality-ender-3-max-neo-size-303032cm\/#primaryimage\",\"url\":\"https:\/\/nge.vn\/wp-content\/uploads\/2024\/10\/images-upload-woo2Fbf4bfe76e700df33c8576104d74ad4f0.jpg\",\"contentUrl\":\"https:\/\/nge.vn\/wp-content\/uploads\/2024\/10\/images-upload-woo2Fbf4bfe76e700df33c8576104d74ad4f0.jpg\",\"width\":495,\"height\":495},{\"@type\":\"BreadcrumbList\",\"@id\":\"https:\/\/nge.vn\/san-pham\/may-in-3d-creality-ender-3-max-neo-size-303032cm\/#breadcrumb\",\"itemListElement\":[{\"@type\":\"ListItem\",\"position\":1,\"name\":\"Trang ch\u1ee7\",\"item\":\"https:\/\/nge.vn\/\"},{\"@type\":\"ListItem\",\"position\":2,\"name\":\"S\u1ea3n ph\u1ea9m\",\"item\":\"https:\/\/nge.vn\/san-pham\/\"},{\"@type\":\"ListItem\",\"position\":3,\"name\":\"M\u00e1y in 3d Creality Ender-3 Max Neo c\u00e2n b\u00e0n t\u1ef1 \u0111\u1ed9ng v\u1edbi CR-Touch v\u00e0 k\u00edch th\u01b0\u1edbc in 30*30*32cm\"}]},{\"@type\":\"WebSite\",\"@id\":\"https:\/\/nge.vn\/#website\",\"url\":\"https:\/\/nge.vn\/\",\"name\":\"NGE 3D Printers Services\",\"description\":\"\",\"potentialAction\":[{\"@type\":\"SearchAction\",\"target\":{\"@type\":\"EntryPoint\",\"urlTemplate\":\"https:\/\/nge.vn\/?s={search_term_string}\"},\"query-input\":{\"@type\":\"PropertyValueSpecification\",\"valueRequired\":true,\"valueName\":\"search_term_string\"}}],\"inLanguage\":\"en-US\"}]}<\/script>\n<!-- \/ Yoast SEO Premium plugin. -->","yoast_head_json":{"title":"M\u00e1y in 3d Creality Ender-3 Max Neo c\u00e2n b\u00e0n t\u1ef1 \u0111\u1ed9ng v\u1edbi CR-Touch v\u00e0 k\u00edch th\u01b0\u1edbc in 30*30*32cm - NGE 3D Printers Services","robots":{"index":"index","follow":"follow","max-snippet":"max-snippet:-1","max-image-preview":"max-image-preview:large","max-video-preview":"max-video-preview:-1"},"canonical":"https:\/\/nge.vn\/en\/product\/may-in-3d-creality-ender-3-max-neo-size-303032cm\/","og_locale":"en_US","og_type":"article","og_title":"M\u00e1y in 3d Creality Ender-3 Max Neo c\u00e2n b\u00e0n t\u1ef1 \u0111\u1ed9ng v\u1edbi CR-Touch v\u00e0 k\u00edch th\u01b0\u1edbc in 30*30*32cm","og_description":"M\u00e1y in 3d Creality Ender-3 Max Neo c\u00e2n b\u00e0n t\u1ef1 \u0111\u1ed9ng v\u1edbi CR-Touch v\u00e0 k\u00edch th\u01b0\u1edbc in 30*30*32cm","og_url":"https:\/\/nge.vn\/en\/product\/may-in-3d-creality-ender-3-max-neo-size-303032cm\/","og_site_name":"NGE 3D Printers Services","article_modified_time":"2025-04-04T03:19:47+00:00","og_image":[{"width":495,"height":495,"url":"https:\/\/nge.vn\/wp-content\/uploads\/2024\/10\/images-upload-woo2Fbf4bfe76e700df33c8576104d74ad4f0.jpg","type":"image\/jpeg"}],"twitter_card":"summary_large_image","twitter_misc":{"Est. reading time":"4 minutes"},"schema":{"@context":"https:\/\/schema.org","@graph":[{"@type":"WebPage","@id":"https:\/\/nge.vn\/san-pham\/may-in-3d-creality-ender-3-max-neo-size-303032cm\/","url":"https:\/\/nge.vn\/san-pham\/may-in-3d-creality-ender-3-max-neo-size-303032cm\/","name":"M\u00e1y in 3d Creality Ender-3 Max Neo c\u00e2n b\u00e0n t\u1ef1 \u0111\u1ed9ng v\u1edbi CR-Touch v\u00e0 k\u00edch th\u01b0\u1edbc in 30*30*32cm - NGE 3D Printers Services","isPartOf":{"@id":"https:\/\/nge.vn\/#website"},"primaryImageOfPage":{"@id":"https:\/\/nge.vn\/san-pham\/may-in-3d-creality-ender-3-max-neo-size-303032cm\/#primaryimage"},"image":{"@id":"https:\/\/nge.vn\/san-pham\/may-in-3d-creality-ender-3-max-neo-size-303032cm\/#primaryimage"},"thumbnailUrl":"https:\/\/nge.vn\/wp-content\/uploads\/2024\/10\/images-upload-woo2Fbf4bfe76e700df33c8576104d74ad4f0.jpg","datePublished":"2024-10-26T09:02:42+00:00","dateModified":"2025-04-04T03:19:47+00:00","breadcrumb":{"@id":"https:\/\/nge.vn\/san-pham\/may-in-3d-creality-ender-3-max-neo-size-303032cm\/#breadcrumb"},"inLanguage":"en-US","potentialAction":[{"@type":"ReadAction","target":["https:\/\/nge.vn\/san-pham\/may-in-3d-creality-ender-3-max-neo-size-303032cm\/"]}]},{"@type":"ImageObject","inLanguage":"en-US","@id":"https:\/\/nge.vn\/san-pham\/may-in-3d-creality-ender-3-max-neo-size-303032cm\/#primaryimage","url":"https:\/\/nge.vn\/wp-content\/uploads\/2024\/10\/images-upload-woo2Fbf4bfe76e700df33c8576104d74ad4f0.jpg","contentUrl":"https:\/\/nge.vn\/wp-content\/uploads\/2024\/10\/images-upload-woo2Fbf4bfe76e700df33c8576104d74ad4f0.jpg","width":495,"height":495},{"@type":"BreadcrumbList","@id":"https:\/\/nge.vn\/san-pham\/may-in-3d-creality-ender-3-max-neo-size-303032cm\/#breadcrumb","itemListElement":[{"@type":"ListItem","position":1,"name":"Trang ch\u1ee7","item":"https:\/\/nge.vn\/"},{"@type":"ListItem","position":2,"name":"S\u1ea3n ph\u1ea9m","item":"https:\/\/nge.vn\/san-pham\/"},{"@type":"ListItem","position":3,"name":"M\u00e1y in 3d Creality Ender-3 Max Neo c\u00e2n b\u00e0n t\u1ef1 \u0111\u1ed9ng v\u1edbi CR-Touch v\u00e0 k\u00edch th\u01b0\u1edbc in 30*30*32cm"}]},{"@type":"WebSite","@id":"https:\/\/nge.vn\/#website","url":"https:\/\/nge.vn\/","name":"NGE 3D Printers Services","description":"","potentialAction":[{"@type":"SearchAction","target":{"@type":"EntryPoint","urlTemplate":"https:\/\/nge.vn\/?s={search_term_string}"},"query-input":{"@type":"PropertyValueSpecification","valueRequired":true,"valueName":"search_term_string"}}],"inLanguage":"en-US"}]}},"_links":{"self":[{"href":"https:\/\/nge.vn\/en\/wp-json\/wp\/v2\/product\/3683","targetHints":{"allow":["GET"]}}],"collection":[{"href":"https:\/\/nge.vn\/en\/wp-json\/wp\/v2\/product"}],"about":[{"href":"https:\/\/nge.vn\/en\/wp-json\/wp\/v2\/types\/product"}],"replies":[{"embeddable":true,"href":"https:\/\/nge.vn\/en\/wp-json\/wp\/v2\/comments?post=3683"}],"wp:featuredmedia":[{"embeddable":true,"href":"https:\/\/nge.vn\/en\/wp-json\/wp\/v2\/media\/3674"}],"wp:attachment":[{"href":"https:\/\/nge.vn\/en\/wp-json\/wp\/v2\/media?parent=3683"}],"wp:term":[{"taxonomy":"product_brand","embeddable":true,"href":"https:\/\/nge.vn\/en\/wp-json\/wp\/v2\/product_brand?post=3683"},{"taxonomy":"product_cat","embeddable":true,"href":"https:\/\/nge.vn\/en\/wp-json\/wp\/v2\/product_cat?post=3683"},{"taxonomy":"product_tag","embeddable":true,"href":"https:\/\/nge.vn\/en\/wp-json\/wp\/v2\/product_tag?post=3683"}],"curies":[{"name":"wp","href":"https:\/\/api.w.org\/{rel}","templated":true}]}}