{"id":3673,"date":"2024-10-26T16:01:07","date_gmt":"2024-10-26T09:01:07","guid":{"rendered":"https:\/\/nge.123websitedev.com\/san-pham\/may-in-3d-creality-ender-3-neo-kho-in-220220250mm-can-ban-tu-dong-voi-cr-touch\/"},"modified":"2025-02-21T11:36:45","modified_gmt":"2025-02-21T04:36:45","slug":"may-in-3d-creality-ender-3-neo-kho-in-220220250mm-can-ban-tu-dong-voi-cr-touch","status":"publish","type":"product","link":"https:\/\/nge.vn\/en\/product\/may-in-3d-creality-ender-3-neo-kho-in-220220250mm-can-ban-tu-dong-voi-cr-touch\/","title":{"rendered":"M\u00e1y in 3d Creality Ender 3 Neo kh\u1ed5 in 220*220*250mm c\u00e2n b\u00e0n t\u1ef1 \u0111\u1ed9ng v\u1edbi CR-Touch"},"content":{"rendered":"<p>M\u00e1y in 3d Creality Ender 3 Neo kh\u1ed5 in 220*220*250mm c\u00e2n b\u00e0n t\u1ef1 \u0111\u1ed9ng v\u1edbi CR-Touch<\/p>\n<p>Ender 3 Neo \u0110am m\u00ea s\u00e1ng t\u1ea1o<br \/>\n+ T\u1ef1 \u0111\u1ed9ng san l\u1ea5p m\u1eb7t b\u1eb1ng CR-Touch<br \/>\n+ M\u00e1y \u0111\u00f9n bowden ho\u00e0n to\u00e0n b\u1eb1ng kim lo\u1ea1i<br \/>\n+ T\u1ea5m t\u1ea3n nhi\u1ec7t d\u1ea1ng s\u00f3ng l\u1edbn.<\/p>\n<p>_T\u00ednh n\u0103ng c\u1ed1t l\u00f5i<br \/>\n+CR-Touch t\u1ef1 \u0111\u1ed9ng san b\u1eb1ng ch\u00ednh x\u00e1c<br \/>\n+In y\u00ean t\u0129nh<br \/>\n+T\u1ea3n nhi\u1ec7t nhanh<br \/>\n+V\u00e0o nh\u1ef1a tr\u01a1n tru<br \/>\n+D\u1ec5 d\u00e0ng l\u1eafp r\u00e1p v\u00e0 s\u1eed d\u1ee5ng<br \/>\n+B\u1ec1 m\u1eb7t x\u00e2y d\u1ef1ng b\u1ec1n<br \/>\n+L\u00f2 xo t\u0103ng c\u01b0\u1eddng \u0111\u1ec3 \u1ed5n \u0111\u1ecbnh b\u00e0n in<br \/>\n+Kh\u00f4ng s\u1ee3 m\u1ea5t \u0111i\u1ec7n<\/p>\n<p>_C\u1ea3m \u1ee9ng CR-Touch t\u1ef1 \u0111\u1ed9ng san l\u1ea5p m\u1eb7t b\u1eb1ng ch\u00ednh x\u00e1c<br \/>\nCR Touch s\u1ebd th\u1ef1c hi\u1ec7n c\u00e1c ph\u00e9p \u0111o 16 \u0111i\u1ec3m c\u1ee7a b\u1ec1 m\u1eb7t gi\u01b0\u1eddng v\u00e0 sau \u0111\u00f3 \u0111i\u1ec1u ch\u1ec9nh t\u1ea5t c\u1ea3 c\u00e1c chuy\u1ec3n \u0111\u1ed9ng theo \u0111\u1ed9 ph\u1eb3ng c\u1ee7a gi\u01b0\u1eddng. Ch\u00ednh x\u00e1c v\u00e0 d\u1ec5 d\u00e0ng \u0111\u1ec3 x\u1eed l\u00fd.<\/p>\n<p>_In y\u00ean t\u0129nh<br \/>\nHo\u1ea1t \u0111\u1ed9ng \u1edf m\u1ee9c decibel th\u1ea5p \u0111\u01b0\u1ee3c \u0111\u1ea3m b\u1ea3o b\u1edfi m\u1ed9t bo m\u1ea1ch ch\u1ee7 im l\u1eb7ng, kh\u00f4ng b\u1eadn t\u00e2m \u0111\u1ebfn h\u1ecdc t\u1eadp hay c\u00f4ng vi\u1ec7c.<\/p>\n<p>_T\u1ea3n nhi\u1ec7t nhanh<br \/>\nT\u1ea3n nhi\u1ec7t d\u1ea1ng s\u00f3ng gi\u00fap m\u1edf r\u1ed9ng v\u00f9ng t\u1ecfa nhi\u1ec7t, cho ph\u00e9p h\u1ea1 nhi\u1ec7t nhanh.<\/p>\n<p>_V\u00e0o nh\u1ef1a tr\u01a1n tru<br \/>\nM\u00e1y \u0111\u00f9n kim lo\u1ea1i ho\u00e0n to\u00e0n v\u1edbi l\u1ef1c l\u1edbn h\u01a1n cho ph\u00e9p v\u00e0o nh\u1ef1a tr\u01a1n tru.<\/p>\n<p>_Ni\u1ec1m vui th\u1ef1c h\u00e0nh<br \/>\nT\u1ef1 l\u1eafp r\u00e1p ho\u1eb7c s\u1eeda \u0111\u1ed5i m\u00e1y in, t\u1eadn h\u01b0\u1edfng ni\u1ec1m vui DIY.<\/p>\n<p>_B\u1ec1 m\u1eb7t x\u00e2y d\u1ef1ng b\u1ec1n<br \/>\nB\u1ec1 m\u1eb7t x\u00e2y d\u1ef1ng Carborundum l\u00e0m gi\u1ea3m hi\u1ec7u qu\u1ea3 v\u1ea5n \u0111\u1ec1 cong v\u00eanh v\u1edbi s\u1ef1 gia nhi\u1ec7t \u0111\u1ec1u.<\/p>\n<p>_T\u0103ng c\u01b0\u1eddng \u0111\u1ed9 \u1ed5n \u0111\u1ecbnh<br \/>\nL\u00f2 xo khu\u00f4n th\u00e9p h\u1ee3p kim h\u1ed7 tr\u1ee3 tuy\u1ec7t v\u1eddi cho b\u00e0n \u0111\u1ec3 in \u1ed5n \u0111\u1ecbnh.<\/p>\n<p>_Kh\u00f4ng s\u1ee3 m\u1ea5t \u0111i\u1ec7n<br \/>\nT\u1ef7 l\u1ec7 th\u00e0nh c\u00f4ng cao h\u01a1n v\u1edbi ch\u1ee9c n\u0103ng in ti\u1ebfp t\u1ee5c gi\u00fap ti\u1ebft ki\u1ec7m d\u1eef li\u1ec7u khi m\u1ea5t \u0111i\u1ec7n v\u00e0 sau \u0111\u00f3 kh\u00f4i ph\u1ee5c qu\u00e1 tr\u00ecnh in khi c\u00f3 ngu\u1ed3n tr\u1edf l\u1ea1i.<\/p>\n<p>_Product Parameters<br \/>\n+Molding Technology: FDM<br \/>\n+Build Volume: 220*220*250mm<br \/>\n+Machine Dimension: 440*440*465mm<br \/>\n+Package Dimension: 565*380*205mm<br \/>\n+Net Weight: 7.0kg<br \/>\n+Gross Weight: 8.9kg<br \/>\n+Printing Speed: max. 120mm\/s<br \/>\n+Printing Precison: +0.1mm<br \/>\n+Layer Height: 0.05-0.35mm<br \/>\n+Filament Diameter: 1.75mm<br \/>\n+Nozzle Diameter: 0.4 mm(standard)<br \/>\n+Nozzle Temperature: 260\u00b0C<br \/>\n+Heat Bed Temperature: 100\u00b0C<br \/>\n+Build Surface: Carborundum Glass<br \/>\n+Extruder: Bowden Extruder<br \/>\n+Extruder Material: Full-metal<br \/>\n+Leveling Mode: CR Touch<br \/>\n+Display: 12864 Mono Knob Screen<br \/>\n+Mainboard: 32-bit silent mainboard<br \/>\n+Resume Printing: Yes<br \/>\n+Rated Voltage: 100-120V~, 200-240V~, 50\/60Hz<br \/>\n+Rated Power: 350W<br \/>\n+Slicing Software: Creality Slicer\/Cura\/Simplify3D<br \/>\n+Data Transmission Method: TF Card\/USB<br \/>\n+3D File Format: STL\/OB3\/AMF<br \/>\n+Supported Filament: PLA\/ABS\/PETG<br \/>\n+Supported Language: Chinese\/English \/Espafiol\/Deutsche\/ +Frangais\/PyccKmii\/ Portugu\u00e9s\/italiano\/ Turk<\/p>\n<p>**\u0110\u1ec3 \u0111\u01b0\u1ee3c nh\u1eadn \u0111\u01b0\u1ee3c gi\u00e1 \u01b0u \u0111\u00e3i t\u1ed1t nh\u1ea5t vui l\u00f2ng li\u00ean h\u1ec7 mua tr\u1ef1c ti\u1ebfp shop:<br \/>\n0913.939.775 contact A.Quan (for English)<br \/>\n094.144.0951 contact A.Quynh<br \/>\n**Selling price does not include VAT (+10% if VAT invoice is issued)<\/p>","protected":false},"excerpt":{"rendered":"<p>M\u00e1y in 3d Creality Ender 3 Neo kh\u1ed5 in 220*220*250mm c\u00e2n b\u00e0n t\u1ef1 \u0111\u1ed9ng v\u1edbi CR-Touch<\/p>","protected":false},"featured_media":3664,"comment_status":"open","ping_status":"closed","template":"","meta":{"inline_featured_image":false},"product_brand":[],"product_cat":[39,51],"product_tag":[],"class_list":{"0":"post-3673","1":"product","2":"type-product","3":"status-publish","4":"has-post-thumbnail","6":"product_cat-may-in-3d","7":"product_cat-may-in-3d-creality","9":"first","10":"instock","11":"sale","12":"taxable","13":"shipping-taxable","14":"purchasable","15":"product-type-simple"},"yoast_head":"<!-- This site is optimized with the Yoast SEO Premium plugin v22.8 (Yoast SEO v26.9) - https:\/\/yoast.com\/product\/yoast-seo-premium-wordpress\/ -->\n<title>M\u00e1y in 3d Creality Ender 3 Neo kh\u1ed5 in 220*220*250mm c\u00e2n b\u00e0n t\u1ef1 \u0111\u1ed9ng v\u1edbi CR-Touch - NGE 3D Printers Services<\/title>\n<meta name=\"robots\" content=\"index, follow, max-snippet:-1, max-image-preview:large, max-video-preview:-1\" \/>\n<link rel=\"canonical\" href=\"https:\/\/nge.vn\/en\/product\/may-in-3d-creality-ender-3-neo-kho-in-220220250mm-can-ban-tu-dong-voi-cr-touch\/\" \/>\n<meta property=\"og:locale\" content=\"en_US\" \/>\n<meta property=\"og:type\" content=\"article\" \/>\n<meta property=\"og:title\" content=\"M\u00e1y in 3d Creality Ender 3 Neo kh\u1ed5 in 220*220*250mm c\u00e2n b\u00e0n t\u1ef1 \u0111\u1ed9ng v\u1edbi CR-Touch\" \/>\n<meta property=\"og:description\" content=\"M\u00e1y in 3d Creality Ender 3 Neo kh\u1ed5 in 220*220*250mm c\u00e2n b\u00e0n t\u1ef1 \u0111\u1ed9ng v\u1edbi CR-Touch\" \/>\n<meta property=\"og:url\" content=\"https:\/\/nge.vn\/en\/product\/may-in-3d-creality-ender-3-neo-kho-in-220220250mm-can-ban-tu-dong-voi-cr-touch\/\" \/>\n<meta property=\"og:site_name\" content=\"NGE 3D Printers Services\" \/>\n<meta property=\"article:modified_time\" content=\"2025-02-21T04:36:45+00:00\" \/>\n<meta property=\"og:image\" content=\"https:\/\/nge.vn\/wp-content\/uploads\/2024\/10\/images-upload-woo2Fa1a3f81bf1712b33b95203d09eb00064.jpg\" \/>\n\t<meta property=\"og:image:width\" content=\"846\" \/>\n\t<meta property=\"og:image:height\" content=\"846\" \/>\n\t<meta property=\"og:image:type\" content=\"image\/jpeg\" \/>\n<meta name=\"twitter:card\" content=\"summary_large_image\" \/>\n<meta name=\"twitter:label1\" content=\"Est. reading time\" \/>\n\t<meta name=\"twitter:data1\" content=\"3 minutes\" \/>\n<script type=\"application\/ld+json\" class=\"yoast-schema-graph\">{\"@context\":\"https:\/\/schema.org\",\"@graph\":[{\"@type\":\"WebPage\",\"@id\":\"https:\/\/nge.vn\/san-pham\/may-in-3d-creality-ender-3-neo-kho-in-220220250mm-can-ban-tu-dong-voi-cr-touch\/\",\"url\":\"https:\/\/nge.vn\/san-pham\/may-in-3d-creality-ender-3-neo-kho-in-220220250mm-can-ban-tu-dong-voi-cr-touch\/\",\"name\":\"M\u00e1y in 3d Creality Ender 3 Neo kh\u1ed5 in 220*220*250mm c\u00e2n b\u00e0n t\u1ef1 \u0111\u1ed9ng v\u1edbi CR-Touch - NGE 3D Printers Services\",\"isPartOf\":{\"@id\":\"https:\/\/nge.vn\/#website\"},\"primaryImageOfPage\":{\"@id\":\"https:\/\/nge.vn\/san-pham\/may-in-3d-creality-ender-3-neo-kho-in-220220250mm-can-ban-tu-dong-voi-cr-touch\/#primaryimage\"},\"image\":{\"@id\":\"https:\/\/nge.vn\/san-pham\/may-in-3d-creality-ender-3-neo-kho-in-220220250mm-can-ban-tu-dong-voi-cr-touch\/#primaryimage\"},\"thumbnailUrl\":\"https:\/\/nge.vn\/wp-content\/uploads\/2024\/10\/images-upload-woo2Fa1a3f81bf1712b33b95203d09eb00064.jpg\",\"datePublished\":\"2024-10-26T09:01:07+00:00\",\"dateModified\":\"2025-02-21T04:36:45+00:00\",\"breadcrumb\":{\"@id\":\"https:\/\/nge.vn\/san-pham\/may-in-3d-creality-ender-3-neo-kho-in-220220250mm-can-ban-tu-dong-voi-cr-touch\/#breadcrumb\"},\"inLanguage\":\"en-US\",\"potentialAction\":[{\"@type\":\"ReadAction\",\"target\":[\"https:\/\/nge.vn\/san-pham\/may-in-3d-creality-ender-3-neo-kho-in-220220250mm-can-ban-tu-dong-voi-cr-touch\/\"]}]},{\"@type\":\"ImageObject\",\"inLanguage\":\"en-US\",\"@id\":\"https:\/\/nge.vn\/san-pham\/may-in-3d-creality-ender-3-neo-kho-in-220220250mm-can-ban-tu-dong-voi-cr-touch\/#primaryimage\",\"url\":\"https:\/\/nge.vn\/wp-content\/uploads\/2024\/10\/images-upload-woo2Fa1a3f81bf1712b33b95203d09eb00064.jpg\",\"contentUrl\":\"https:\/\/nge.vn\/wp-content\/uploads\/2024\/10\/images-upload-woo2Fa1a3f81bf1712b33b95203d09eb00064.jpg\",\"width\":846,\"height\":846},{\"@type\":\"BreadcrumbList\",\"@id\":\"https:\/\/nge.vn\/san-pham\/may-in-3d-creality-ender-3-neo-kho-in-220220250mm-can-ban-tu-dong-voi-cr-touch\/#breadcrumb\",\"itemListElement\":[{\"@type\":\"ListItem\",\"position\":1,\"name\":\"Trang ch\u1ee7\",\"item\":\"https:\/\/nge.vn\/\"},{\"@type\":\"ListItem\",\"position\":2,\"name\":\"S\u1ea3n ph\u1ea9m\",\"item\":\"https:\/\/nge.vn\/san-pham\/\"},{\"@type\":\"ListItem\",\"position\":3,\"name\":\"M\u00e1y in 3d Creality Ender 3 Neo kh\u1ed5 in 220*220*250mm c\u00e2n b\u00e0n t\u1ef1 \u0111\u1ed9ng v\u1edbi CR-Touch\"}]},{\"@type\":\"WebSite\",\"@id\":\"https:\/\/nge.vn\/#website\",\"url\":\"https:\/\/nge.vn\/\",\"name\":\"NGE 3D Printers Services\",\"description\":\"\",\"potentialAction\":[{\"@type\":\"SearchAction\",\"target\":{\"@type\":\"EntryPoint\",\"urlTemplate\":\"https:\/\/nge.vn\/?s={search_term_string}\"},\"query-input\":{\"@type\":\"PropertyValueSpecification\",\"valueRequired\":true,\"valueName\":\"search_term_string\"}}],\"inLanguage\":\"en-US\"}]}<\/script>\n<!-- \/ Yoast SEO Premium plugin. -->","yoast_head_json":{"title":"M\u00e1y in 3d Creality Ender 3 Neo kh\u1ed5 in 220*220*250mm c\u00e2n b\u00e0n t\u1ef1 \u0111\u1ed9ng v\u1edbi CR-Touch - NGE 3D Printers Services","robots":{"index":"index","follow":"follow","max-snippet":"max-snippet:-1","max-image-preview":"max-image-preview:large","max-video-preview":"max-video-preview:-1"},"canonical":"https:\/\/nge.vn\/en\/product\/may-in-3d-creality-ender-3-neo-kho-in-220220250mm-can-ban-tu-dong-voi-cr-touch\/","og_locale":"en_US","og_type":"article","og_title":"M\u00e1y in 3d Creality Ender 3 Neo kh\u1ed5 in 220*220*250mm c\u00e2n b\u00e0n t\u1ef1 \u0111\u1ed9ng v\u1edbi CR-Touch","og_description":"M\u00e1y in 3d Creality Ender 3 Neo kh\u1ed5 in 220*220*250mm c\u00e2n b\u00e0n t\u1ef1 \u0111\u1ed9ng v\u1edbi CR-Touch","og_url":"https:\/\/nge.vn\/en\/product\/may-in-3d-creality-ender-3-neo-kho-in-220220250mm-can-ban-tu-dong-voi-cr-touch\/","og_site_name":"NGE 3D Printers Services","article_modified_time":"2025-02-21T04:36:45+00:00","og_image":[{"width":846,"height":846,"url":"https:\/\/nge.vn\/wp-content\/uploads\/2024\/10\/images-upload-woo2Fa1a3f81bf1712b33b95203d09eb00064.jpg","type":"image\/jpeg"}],"twitter_card":"summary_large_image","twitter_misc":{"Est. reading time":"3 minutes"},"schema":{"@context":"https:\/\/schema.org","@graph":[{"@type":"WebPage","@id":"https:\/\/nge.vn\/san-pham\/may-in-3d-creality-ender-3-neo-kho-in-220220250mm-can-ban-tu-dong-voi-cr-touch\/","url":"https:\/\/nge.vn\/san-pham\/may-in-3d-creality-ender-3-neo-kho-in-220220250mm-can-ban-tu-dong-voi-cr-touch\/","name":"M\u00e1y in 3d Creality Ender 3 Neo kh\u1ed5 in 220*220*250mm c\u00e2n b\u00e0n t\u1ef1 \u0111\u1ed9ng v\u1edbi CR-Touch - NGE 3D Printers Services","isPartOf":{"@id":"https:\/\/nge.vn\/#website"},"primaryImageOfPage":{"@id":"https:\/\/nge.vn\/san-pham\/may-in-3d-creality-ender-3-neo-kho-in-220220250mm-can-ban-tu-dong-voi-cr-touch\/#primaryimage"},"image":{"@id":"https:\/\/nge.vn\/san-pham\/may-in-3d-creality-ender-3-neo-kho-in-220220250mm-can-ban-tu-dong-voi-cr-touch\/#primaryimage"},"thumbnailUrl":"https:\/\/nge.vn\/wp-content\/uploads\/2024\/10\/images-upload-woo2Fa1a3f81bf1712b33b95203d09eb00064.jpg","datePublished":"2024-10-26T09:01:07+00:00","dateModified":"2025-02-21T04:36:45+00:00","breadcrumb":{"@id":"https:\/\/nge.vn\/san-pham\/may-in-3d-creality-ender-3-neo-kho-in-220220250mm-can-ban-tu-dong-voi-cr-touch\/#breadcrumb"},"inLanguage":"en-US","potentialAction":[{"@type":"ReadAction","target":["https:\/\/nge.vn\/san-pham\/may-in-3d-creality-ender-3-neo-kho-in-220220250mm-can-ban-tu-dong-voi-cr-touch\/"]}]},{"@type":"ImageObject","inLanguage":"en-US","@id":"https:\/\/nge.vn\/san-pham\/may-in-3d-creality-ender-3-neo-kho-in-220220250mm-can-ban-tu-dong-voi-cr-touch\/#primaryimage","url":"https:\/\/nge.vn\/wp-content\/uploads\/2024\/10\/images-upload-woo2Fa1a3f81bf1712b33b95203d09eb00064.jpg","contentUrl":"https:\/\/nge.vn\/wp-content\/uploads\/2024\/10\/images-upload-woo2Fa1a3f81bf1712b33b95203d09eb00064.jpg","width":846,"height":846},{"@type":"BreadcrumbList","@id":"https:\/\/nge.vn\/san-pham\/may-in-3d-creality-ender-3-neo-kho-in-220220250mm-can-ban-tu-dong-voi-cr-touch\/#breadcrumb","itemListElement":[{"@type":"ListItem","position":1,"name":"Trang ch\u1ee7","item":"https:\/\/nge.vn\/"},{"@type":"ListItem","position":2,"name":"S\u1ea3n ph\u1ea9m","item":"https:\/\/nge.vn\/san-pham\/"},{"@type":"ListItem","position":3,"name":"M\u00e1y in 3d Creality Ender 3 Neo kh\u1ed5 in 220*220*250mm c\u00e2n b\u00e0n t\u1ef1 \u0111\u1ed9ng v\u1edbi CR-Touch"}]},{"@type":"WebSite","@id":"https:\/\/nge.vn\/#website","url":"https:\/\/nge.vn\/","name":"NGE 3D Printers Services","description":"","potentialAction":[{"@type":"SearchAction","target":{"@type":"EntryPoint","urlTemplate":"https:\/\/nge.vn\/?s={search_term_string}"},"query-input":{"@type":"PropertyValueSpecification","valueRequired":true,"valueName":"search_term_string"}}],"inLanguage":"en-US"}]}},"_links":{"self":[{"href":"https:\/\/nge.vn\/en\/wp-json\/wp\/v2\/product\/3673","targetHints":{"allow":["GET"]}}],"collection":[{"href":"https:\/\/nge.vn\/en\/wp-json\/wp\/v2\/product"}],"about":[{"href":"https:\/\/nge.vn\/en\/wp-json\/wp\/v2\/types\/product"}],"replies":[{"embeddable":true,"href":"https:\/\/nge.vn\/en\/wp-json\/wp\/v2\/comments?post=3673"}],"wp:featuredmedia":[{"embeddable":true,"href":"https:\/\/nge.vn\/en\/wp-json\/wp\/v2\/media\/3664"}],"wp:attachment":[{"href":"https:\/\/nge.vn\/en\/wp-json\/wp\/v2\/media?parent=3673"}],"wp:term":[{"taxonomy":"product_brand","embeddable":true,"href":"https:\/\/nge.vn\/en\/wp-json\/wp\/v2\/product_brand?post=3673"},{"taxonomy":"product_cat","embeddable":true,"href":"https:\/\/nge.vn\/en\/wp-json\/wp\/v2\/product_cat?post=3673"},{"taxonomy":"product_tag","embeddable":true,"href":"https:\/\/nge.vn\/en\/wp-json\/wp\/v2\/product_tag?post=3673"}],"curies":[{"name":"wp","href":"https:\/\/api.w.org\/{rel}","templated":true}]}}