{"id":3656,"date":"2024-10-26T15:58:20","date_gmt":"2024-10-26T08:58:20","guid":{"rendered":"https:\/\/nge.123websitedev.com\/san-pham\/bo-voi-phun-k1-nozzle-kit-cho-may-in-3d-creality-k1-k1-max-cr-m4-cr-10se-ender-3-v3-ke-ender-3-v3-se\/"},"modified":"2024-10-28T16:15:17","modified_gmt":"2024-10-28T09:15:17","slug":"bo-voi-phun-k1-nozzle-kit-cho-may-in-3d-creality-k1-k1-max-cr-m4-cr-10se-ender-3-v3-ke-ender-3-v3-se","status":"publish","type":"product","link":"https:\/\/nge.vn\/en\/product\/bo-voi-phun-k1-nozzle-kit-cho-may-in-3d-creality-k1-k1-max-cr-m4-cr-10se-ender-3-v3-ke-ender-3-v3-se\/","title":{"rendered":"B\u1ed9 v\u00f2i phun K1 Nozzle Kit cho m\u00e1y in 3d Creality K1\/ K1 Max\/ CR-M4\/ CR-10SE\/ Ender-3 V3 KE\/Ender-3 V3 SE"},"content":{"rendered":"<p>B\u1ed9 v\u00f2i phun K1 Nozzle Kit cho m\u00e1y in 3d Creality K1\/ K1 Max\/ CR-M4\/ CR-10 SE\/ Ender-3 V3 KE\/Ender-3 V3 SE<br \/>\n+Ch\u1ea5t li\u1ec7u cao c\u1ea5p<br \/>\n+T\u01b0\u1eddng trong m\u1ecbn<br \/>\n+\u0110\u00f9n m\u1ecbn<br \/>\n+V\u00e0o nh\u1ef1a \u0111\u1ed3ng \u0111\u1ec1u<\/p>\n<p>_H\u1ee3p kim \u0111\u1ed3ng c\u00f3 \u0111\u1ed9 d\u1eabn nhi\u1ec7t cao L\u01b0u l\u01b0\u1ee3ng cao \u0111\u1ec3 in t\u1ed1c \u0111\u1ed9 cao<br \/>\n\u0110\u1ed9 d\u1eabn nhi\u1ec7t c\u1ee7a h\u1ee3p kim \u0111\u1ed3ng cao t\u1edbi 330W\/m.k, \u0111\u1ea3m b\u1ea3o v\u00f2i phun \u0111\u01b0\u1ee3c l\u00e0m n\u00f3ng \u0111\u1ec1u h\u01a1n. Th\u1ec3 t\u00edch l\u1edbn g\u1ea5p \u0111\u00f4i so v\u1edbi \u0111\u1ea7u phun th\u00f4ng th\u01b0\u1eddng, h\u1ed7 tr\u1ee3 t\u1ed1c \u0111\u1ed9 in t\u1ed1c \u0111\u1ed9 cao 600mm\/s<\/p>\n<p>M\u1ea1 niken \u0111\u1ed3ng nh\u1ea5t, \u00e9p \u0111\u00f9n m\u01b0\u1ee3t m\u00e0 h\u01a1n<br \/>\nL\u1edbp m\u1ea1 niken tr\u00ean b\u1ec1 m\u1eb7t l\u00e0m gi\u1ea3m \u0111\u00e1ng k\u1ec3 \u0111\u1ed9 b\u00e1m d\u00ednh c\u1ee7a s\u1ee3i v\u1edbi v\u00f2i phun v\u00e0 qu\u00e1 tr\u00ecnh \u0111\u00f9n m\u1ecbn h\u01a1n.<br \/>\n* \u00c1p d\u1ee5ng cho h\u1ea7u h\u1ebft c\u00e1c v\u1eadt li\u1ec7u FDM nh\u01b0 PLA, ABS, PETG, TPE, TPU, PC, v.v. V\u00e0 PEEK, PEKK, PEI, PSU, PPSU v\u00e0 c\u00e1c lo\u1ea1i s\u1ee3i nhi\u1ec7t \u0111\u1ed9 cao kh\u00e1c<\/p>\n<p>_V\u00f2i th\u00e9p c\u1ee9ng: \u0110\u1ed9 c\u1ee9ng cao, ch\u1ed1ng m\u00e0i m\u00f2n h\u01a1n v\u00e0 tu\u1ed5i th\u1ecd d\u00e0i h\u01a1n<br \/>\n\u0110\u1ed9 c\u1ee9ng Mohs: 7,8<\/p>\n<p>_Th\u00e9p c\u1ee9ng ch\u1ed1ng \u0103n m\u00f2n cho tu\u1ed5i th\u1ecd d\u00e0i h\u01a1n<br \/>\nQu\u00e1 tr\u00ecnh x\u1eed l\u00fd nhi\u1ec7t ti\u00ean ti\u1ebfn v\u00e0 kh\u1ea3 n\u0103ng ch\u1ed1ng oxy h\u00f3a t\u1ed1t h\u01a1n \u0111\u01b0\u1ee3c k\u1ebft h\u1ee3p \u0111\u1ec3 k\u00e9o d\u00e0i tu\u1ed5i th\u1ecd c\u1ee7a v\u00f2i phun<br \/>\n*\u00c1p d\u1ee5ng cho h\u1ea7u h\u1ebft c\u00e1c v\u1eadt li\u1ec7u FDM nh\u01b0 PLA, ABS, PETG, TPE, TPU, PC, v.v. v\u00e0 c\u00e1c s\u1ee3i t\u1ed5ng h\u1ee3p v\u1edbi c\u00e1c ch\u1ea5t ph\u1ee5 gia m\u00e0i nh\u01b0 s\u1ee3i carbon, s\u1ee3i th\u1ee7y tinh, th\u00e9p, g\u1ed7, boron cacbua, vonfram, b\u1ed9t m\u00e0u ph\u00e1t quang, v.v. .<\/p>\n<p>_V\u1eadt li\u1ec7u cao c\u1ea5p x\u1eed l\u00fd s\u1ee3i nhi\u1ec7t \u0111\u1ed9 cao<br \/>\n\u0110\u1ea3m b\u1ea3o l\u00e0m n\u00f3ng nhanh c\u00e1c s\u1ee3i nhi\u1ec7t \u0111\u1ed9 cao v\u00e0 in li\u00ean t\u1ee5c<br \/>\n*H\u1ee3p kim \u0111\u1ed3ng ch\u1ecbu nhi\u1ec7t \u0111\u1ed9 cao l\u00ean t\u1edbi 500\u00b0, th\u00e9p c\u1ee9ng ch\u1ecbu nhi\u1ec7t \u0111\u1ed9 cao l\u00ean t\u1edbi 450\u00b0<\/p>\n<p>_Chi ti\u1ebft tinh t\u1ebf v\u00e0 kh\u00e9o l\u00e9o<br \/>\n01_Th\u00e0nh trong m\u1ecbn h\u01a1n, kh\u00f4ng b\u1ecb t\u1eafc ngh\u1ebdn<br \/>\nV\u1edbi \u0111\u1ed9 nh\u00e1m Ra&lt;0,4, th\u00e0nh trong t\u0103ng c\u01b0\u1eddng t\u00ednh l\u01b0u lo\u00e1t c\u1ee7a d\u00e2y t\u00f3c v\u00e0 mang l\u1ea1i kh\u1ea3 n\u0103ng \u00e9p \u0111\u00f9n si\u00eau m\u1ecbn<br \/>\n02_L\u1ed7 ch\u00ednh x\u00e1c ho\u00e0n h\u1ea3o<br \/>\nKh\u00f4ng c\u00f3 b\u1ea5t k\u1ef3 g\u1edd n\u00e0o tr\u00ean l\u1ed7 \u0111\u1ec3 cho \u0103n m\u01b0\u1ee3t m\u00e0 h\u01a1n.<br \/>\n03_M\u1ed1i n\u1ed1i li\u1ec1n m\u1ea1ch, kh\u00f4ng b\u1ecb r\u00f2 r\u1ec9 d\u00e2y t\u00f3c<br \/>\nB\u1ec1 m\u1eb7t ph\u1eb3ng v\u00e0 m\u1ed1i n\u1ed1i c\u01b0\u1eddng \u0111\u1ed9 cao gi\u1ea3i quy\u1ebft hi\u1ec7u qu\u1ea3 v\u1ea5n \u0111\u1ec1 r\u00f2 r\u1ec9<\/p>\n<p>_Product specifications<br \/>\n+\u0110\u01b0\u1eddng k\u00ednh v\u00f2i phun: 0,4mm 0,6mm 0,8mm<br \/>\n+Ch\u1ea5t li\u1ec7u: H\u1ee3p kim \u0111\u1ed3ng, th\u00e9p c\u1ee9ng<br \/>\n+M\u00e0u s\u1eafc ngo\u1ea1i h\u00ecnh: B\u1ea1c, \u0111en<br \/>\n+K\u00edch th\u01b0\u1edbc \u0111\u00f3ng g\u00f3i: 52*52*37.5mm<br \/>\n+C\u00e1c Model t\u01b0\u01a1ng th\u00edch c\u00e1c d\u00f2ng m\u00e1y in 3d Creality: K1_K1 Max_CR-M4_CR-10SE_Ender-3 V3 KE_Ender-3 V3 SE<br \/>\n+Danh s\u00e1ch linh ki\u1ec7n: &#8212; H\u1ee3p kim \u0111\u1ed3ng 0.4mm*2, 0.6mm*1, 0.8mm*1<br \/>\n                                     &#8211;Th\u00e9p c\u1ee9ng 0.4mm*2, 0.6mm*1, 0.8mm*1<\/p>\n<p>**To receive a better price, please contact the shop directly.<br \/>\n     0913.939.775 contact A.Quan (for English)<br \/>\n     094.144.0951 contact A.Quynh<br \/>\n**Selling price does not include VAT (+10% if VAT invoice is issued)<\/p>","protected":false},"excerpt":{"rendered":"<p>B\u1ed9 v\u00f2i phun K1 Nozzle Kit cho m\u00e1y in 3d Creality K1\/ K1 Max\/ CR-M4\/ CR-10SE\/ Ender-3 V3 KE\/Ender-3 V3 SE<\/p>","protected":false},"featured_media":3647,"comment_status":"open","ping_status":"closed","template":"","meta":{"inline_featured_image":false},"product_brand":[],"product_cat":[40,56],"product_tag":[],"class_list":{"0":"post-3656","1":"product","2":"type-product","3":"status-publish","4":"has-post-thumbnail","6":"product_cat-linh-kien-va-phu-kien","7":"product_cat-linh-phu-kien-may-in-3d-creality","9":"first","10":"instock","11":"taxable","12":"shipping-taxable","13":"purchasable","14":"product-type-simple"},"yoast_head":"<!-- This site is optimized with the Yoast SEO Premium plugin v22.8 (Yoast SEO v26.9) - https:\/\/yoast.com\/product\/yoast-seo-premium-wordpress\/ -->\n<title>B\u1ed9 v\u00f2i phun K1 Nozzle Kit cho m\u00e1y in 3d Creality K1\/ K1 Max\/ CR-M4\/ CR-10SE\/ Ender-3 V3 KE\/Ender-3 V3 SE - NGE 3D Printers Services<\/title>\n<meta name=\"robots\" content=\"index, follow, max-snippet:-1, max-image-preview:large, max-video-preview:-1\" \/>\n<link rel=\"canonical\" href=\"https:\/\/nge.vn\/en\/product\/bo-voi-phun-k1-nozzle-kit-cho-may-in-3d-creality-k1-k1-max-cr-m4-cr-10se-ender-3-v3-ke-ender-3-v3-se\/\" \/>\n<meta property=\"og:locale\" content=\"en_US\" \/>\n<meta property=\"og:type\" content=\"article\" \/>\n<meta property=\"og:title\" content=\"B\u1ed9 v\u00f2i phun K1 Nozzle Kit cho m\u00e1y in 3d Creality K1\/ K1 Max\/ CR-M4\/ CR-10SE\/ Ender-3 V3 KE\/Ender-3 V3 SE\" \/>\n<meta property=\"og:description\" content=\"B\u1ed9 v\u00f2i phun K1 Nozzle Kit cho m\u00e1y in 3d Creality K1\/ K1 Max\/ CR-M4\/ CR-10SE\/ Ender-3 V3 KE\/Ender-3 V3 SE\" \/>\n<meta property=\"og:url\" content=\"https:\/\/nge.vn\/en\/product\/bo-voi-phun-k1-nozzle-kit-cho-may-in-3d-creality-k1-k1-max-cr-m4-cr-10se-ender-3-v3-ke-ender-3-v3-se\/\" \/>\n<meta property=\"og:site_name\" content=\"NGE 3D Printers Services\" \/>\n<meta property=\"article:modified_time\" content=\"2024-10-28T09:15:17+00:00\" \/>\n<meta property=\"og:image\" content=\"https:\/\/nge.vn\/wp-content\/uploads\/2024\/10\/images-upload-woo2Fde24fc437fc6ed44ad94561a1247f58c.jpg\" \/>\n\t<meta property=\"og:image:width\" content=\"1009\" \/>\n\t<meta property=\"og:image:height\" content=\"1009\" \/>\n\t<meta property=\"og:image:type\" content=\"image\/jpeg\" \/>\n<meta name=\"twitter:card\" content=\"summary_large_image\" \/>\n<meta name=\"twitter:label1\" content=\"Est. reading time\" \/>\n\t<meta name=\"twitter:data1\" content=\"4 minutes\" \/>\n<script type=\"application\/ld+json\" class=\"yoast-schema-graph\">{\"@context\":\"https:\/\/schema.org\",\"@graph\":[{\"@type\":\"WebPage\",\"@id\":\"https:\/\/nge.vn\/san-pham\/bo-voi-phun-k1-nozzle-kit-cho-may-in-3d-creality-k1-k1-max-cr-m4-cr-10se-ender-3-v3-ke-ender-3-v3-se\/\",\"url\":\"https:\/\/nge.vn\/san-pham\/bo-voi-phun-k1-nozzle-kit-cho-may-in-3d-creality-k1-k1-max-cr-m4-cr-10se-ender-3-v3-ke-ender-3-v3-se\/\",\"name\":\"B\u1ed9 v\u00f2i phun K1 Nozzle Kit cho m\u00e1y in 3d Creality K1\/ K1 Max\/ CR-M4\/ CR-10SE\/ Ender-3 V3 KE\/Ender-3 V3 SE - NGE 3D Printers Services\",\"isPartOf\":{\"@id\":\"https:\/\/nge.vn\/#website\"},\"primaryImageOfPage\":{\"@id\":\"https:\/\/nge.vn\/san-pham\/bo-voi-phun-k1-nozzle-kit-cho-may-in-3d-creality-k1-k1-max-cr-m4-cr-10se-ender-3-v3-ke-ender-3-v3-se\/#primaryimage\"},\"image\":{\"@id\":\"https:\/\/nge.vn\/san-pham\/bo-voi-phun-k1-nozzle-kit-cho-may-in-3d-creality-k1-k1-max-cr-m4-cr-10se-ender-3-v3-ke-ender-3-v3-se\/#primaryimage\"},\"thumbnailUrl\":\"https:\/\/nge.vn\/wp-content\/uploads\/2024\/10\/images-upload-woo2Fde24fc437fc6ed44ad94561a1247f58c.jpg\",\"datePublished\":\"2024-10-26T08:58:20+00:00\",\"dateModified\":\"2024-10-28T09:15:17+00:00\",\"breadcrumb\":{\"@id\":\"https:\/\/nge.vn\/san-pham\/bo-voi-phun-k1-nozzle-kit-cho-may-in-3d-creality-k1-k1-max-cr-m4-cr-10se-ender-3-v3-ke-ender-3-v3-se\/#breadcrumb\"},\"inLanguage\":\"en-US\",\"potentialAction\":[{\"@type\":\"ReadAction\",\"target\":[\"https:\/\/nge.vn\/san-pham\/bo-voi-phun-k1-nozzle-kit-cho-may-in-3d-creality-k1-k1-max-cr-m4-cr-10se-ender-3-v3-ke-ender-3-v3-se\/\"]}]},{\"@type\":\"ImageObject\",\"inLanguage\":\"en-US\",\"@id\":\"https:\/\/nge.vn\/san-pham\/bo-voi-phun-k1-nozzle-kit-cho-may-in-3d-creality-k1-k1-max-cr-m4-cr-10se-ender-3-v3-ke-ender-3-v3-se\/#primaryimage\",\"url\":\"https:\/\/nge.vn\/wp-content\/uploads\/2024\/10\/images-upload-woo2Fde24fc437fc6ed44ad94561a1247f58c.jpg\",\"contentUrl\":\"https:\/\/nge.vn\/wp-content\/uploads\/2024\/10\/images-upload-woo2Fde24fc437fc6ed44ad94561a1247f58c.jpg\",\"width\":1009,\"height\":1009},{\"@type\":\"BreadcrumbList\",\"@id\":\"https:\/\/nge.vn\/san-pham\/bo-voi-phun-k1-nozzle-kit-cho-may-in-3d-creality-k1-k1-max-cr-m4-cr-10se-ender-3-v3-ke-ender-3-v3-se\/#breadcrumb\",\"itemListElement\":[{\"@type\":\"ListItem\",\"position\":1,\"name\":\"Trang ch\u1ee7\",\"item\":\"https:\/\/nge.vn\/\"},{\"@type\":\"ListItem\",\"position\":2,\"name\":\"S\u1ea3n ph\u1ea9m\",\"item\":\"https:\/\/nge.vn\/san-pham\/\"},{\"@type\":\"ListItem\",\"position\":3,\"name\":\"B\u1ed9 v\u00f2i phun K1 Nozzle Kit cho m\u00e1y in 3d Creality K1\/ K1 Max\/ CR-M4\/ CR-10SE\/ Ender-3 V3 KE\/Ender-3 V3 SE\"}]},{\"@type\":\"WebSite\",\"@id\":\"https:\/\/nge.vn\/#website\",\"url\":\"https:\/\/nge.vn\/\",\"name\":\"NGE 3D Printers Services\",\"description\":\"\",\"potentialAction\":[{\"@type\":\"SearchAction\",\"target\":{\"@type\":\"EntryPoint\",\"urlTemplate\":\"https:\/\/nge.vn\/?s={search_term_string}\"},\"query-input\":{\"@type\":\"PropertyValueSpecification\",\"valueRequired\":true,\"valueName\":\"search_term_string\"}}],\"inLanguage\":\"en-US\"}]}<\/script>\n<!-- \/ Yoast SEO Premium plugin. -->","yoast_head_json":{"title":"B\u1ed9 v\u00f2i phun K1 Nozzle Kit cho m\u00e1y in 3d Creality K1\/ K1 Max\/ CR-M4\/ CR-10SE\/ Ender-3 V3 KE\/Ender-3 V3 SE - NGE 3D Printers Services","robots":{"index":"index","follow":"follow","max-snippet":"max-snippet:-1","max-image-preview":"max-image-preview:large","max-video-preview":"max-video-preview:-1"},"canonical":"https:\/\/nge.vn\/en\/product\/bo-voi-phun-k1-nozzle-kit-cho-may-in-3d-creality-k1-k1-max-cr-m4-cr-10se-ender-3-v3-ke-ender-3-v3-se\/","og_locale":"en_US","og_type":"article","og_title":"B\u1ed9 v\u00f2i phun K1 Nozzle Kit cho m\u00e1y in 3d Creality K1\/ K1 Max\/ CR-M4\/ CR-10SE\/ Ender-3 V3 KE\/Ender-3 V3 SE","og_description":"B\u1ed9 v\u00f2i phun K1 Nozzle Kit cho m\u00e1y in 3d Creality K1\/ K1 Max\/ CR-M4\/ CR-10SE\/ Ender-3 V3 KE\/Ender-3 V3 SE","og_url":"https:\/\/nge.vn\/en\/product\/bo-voi-phun-k1-nozzle-kit-cho-may-in-3d-creality-k1-k1-max-cr-m4-cr-10se-ender-3-v3-ke-ender-3-v3-se\/","og_site_name":"NGE 3D Printers Services","article_modified_time":"2024-10-28T09:15:17+00:00","og_image":[{"width":1009,"height":1009,"url":"https:\/\/nge.vn\/wp-content\/uploads\/2024\/10\/images-upload-woo2Fde24fc437fc6ed44ad94561a1247f58c.jpg","type":"image\/jpeg"}],"twitter_card":"summary_large_image","twitter_misc":{"Est. reading time":"4 minutes"},"schema":{"@context":"https:\/\/schema.org","@graph":[{"@type":"WebPage","@id":"https:\/\/nge.vn\/san-pham\/bo-voi-phun-k1-nozzle-kit-cho-may-in-3d-creality-k1-k1-max-cr-m4-cr-10se-ender-3-v3-ke-ender-3-v3-se\/","url":"https:\/\/nge.vn\/san-pham\/bo-voi-phun-k1-nozzle-kit-cho-may-in-3d-creality-k1-k1-max-cr-m4-cr-10se-ender-3-v3-ke-ender-3-v3-se\/","name":"B\u1ed9 v\u00f2i phun K1 Nozzle Kit cho m\u00e1y in 3d Creality K1\/ K1 Max\/ CR-M4\/ CR-10SE\/ Ender-3 V3 KE\/Ender-3 V3 SE - NGE 3D Printers Services","isPartOf":{"@id":"https:\/\/nge.vn\/#website"},"primaryImageOfPage":{"@id":"https:\/\/nge.vn\/san-pham\/bo-voi-phun-k1-nozzle-kit-cho-may-in-3d-creality-k1-k1-max-cr-m4-cr-10se-ender-3-v3-ke-ender-3-v3-se\/#primaryimage"},"image":{"@id":"https:\/\/nge.vn\/san-pham\/bo-voi-phun-k1-nozzle-kit-cho-may-in-3d-creality-k1-k1-max-cr-m4-cr-10se-ender-3-v3-ke-ender-3-v3-se\/#primaryimage"},"thumbnailUrl":"https:\/\/nge.vn\/wp-content\/uploads\/2024\/10\/images-upload-woo2Fde24fc437fc6ed44ad94561a1247f58c.jpg","datePublished":"2024-10-26T08:58:20+00:00","dateModified":"2024-10-28T09:15:17+00:00","breadcrumb":{"@id":"https:\/\/nge.vn\/san-pham\/bo-voi-phun-k1-nozzle-kit-cho-may-in-3d-creality-k1-k1-max-cr-m4-cr-10se-ender-3-v3-ke-ender-3-v3-se\/#breadcrumb"},"inLanguage":"en-US","potentialAction":[{"@type":"ReadAction","target":["https:\/\/nge.vn\/san-pham\/bo-voi-phun-k1-nozzle-kit-cho-may-in-3d-creality-k1-k1-max-cr-m4-cr-10se-ender-3-v3-ke-ender-3-v3-se\/"]}]},{"@type":"ImageObject","inLanguage":"en-US","@id":"https:\/\/nge.vn\/san-pham\/bo-voi-phun-k1-nozzle-kit-cho-may-in-3d-creality-k1-k1-max-cr-m4-cr-10se-ender-3-v3-ke-ender-3-v3-se\/#primaryimage","url":"https:\/\/nge.vn\/wp-content\/uploads\/2024\/10\/images-upload-woo2Fde24fc437fc6ed44ad94561a1247f58c.jpg","contentUrl":"https:\/\/nge.vn\/wp-content\/uploads\/2024\/10\/images-upload-woo2Fde24fc437fc6ed44ad94561a1247f58c.jpg","width":1009,"height":1009},{"@type":"BreadcrumbList","@id":"https:\/\/nge.vn\/san-pham\/bo-voi-phun-k1-nozzle-kit-cho-may-in-3d-creality-k1-k1-max-cr-m4-cr-10se-ender-3-v3-ke-ender-3-v3-se\/#breadcrumb","itemListElement":[{"@type":"ListItem","position":1,"name":"Trang ch\u1ee7","item":"https:\/\/nge.vn\/"},{"@type":"ListItem","position":2,"name":"S\u1ea3n ph\u1ea9m","item":"https:\/\/nge.vn\/san-pham\/"},{"@type":"ListItem","position":3,"name":"B\u1ed9 v\u00f2i phun K1 Nozzle Kit cho m\u00e1y in 3d Creality K1\/ K1 Max\/ CR-M4\/ CR-10SE\/ Ender-3 V3 KE\/Ender-3 V3 SE"}]},{"@type":"WebSite","@id":"https:\/\/nge.vn\/#website","url":"https:\/\/nge.vn\/","name":"NGE 3D Printers Services","description":"","potentialAction":[{"@type":"SearchAction","target":{"@type":"EntryPoint","urlTemplate":"https:\/\/nge.vn\/?s={search_term_string}"},"query-input":{"@type":"PropertyValueSpecification","valueRequired":true,"valueName":"search_term_string"}}],"inLanguage":"en-US"}]}},"_links":{"self":[{"href":"https:\/\/nge.vn\/en\/wp-json\/wp\/v2\/product\/3656","targetHints":{"allow":["GET"]}}],"collection":[{"href":"https:\/\/nge.vn\/en\/wp-json\/wp\/v2\/product"}],"about":[{"href":"https:\/\/nge.vn\/en\/wp-json\/wp\/v2\/types\/product"}],"replies":[{"embeddable":true,"href":"https:\/\/nge.vn\/en\/wp-json\/wp\/v2\/comments?post=3656"}],"wp:featuredmedia":[{"embeddable":true,"href":"https:\/\/nge.vn\/en\/wp-json\/wp\/v2\/media\/3647"}],"wp:attachment":[{"href":"https:\/\/nge.vn\/en\/wp-json\/wp\/v2\/media?parent=3656"}],"wp:term":[{"taxonomy":"product_brand","embeddable":true,"href":"https:\/\/nge.vn\/en\/wp-json\/wp\/v2\/product_brand?post=3656"},{"taxonomy":"product_cat","embeddable":true,"href":"https:\/\/nge.vn\/en\/wp-json\/wp\/v2\/product_cat?post=3656"},{"taxonomy":"product_tag","embeddable":true,"href":"https:\/\/nge.vn\/en\/wp-json\/wp\/v2\/product_tag?post=3656"}],"curies":[{"name":"wp","href":"https:\/\/api.w.org\/{rel}","templated":true}]}}