{"id":3646,"date":"2024-10-26T15:55:49","date_gmt":"2024-10-26T08:55:49","guid":{"rendered":"https:\/\/nge.123websitedev.com\/san-pham\/may-in-3d-resin-creality-halot-ray-6k-kich-thuoc-in-198123210mm\/"},"modified":"2025-04-02T09:17:45","modified_gmt":"2025-04-02T02:17:45","slug":"may-in-3d-resin-creality-halot-ray-6k-kich-thuoc-in-198123210mm","status":"publish","type":"product","link":"https:\/\/nge.vn\/en\/product\/may-in-3d-resin-creality-halot-ray-6k-kich-thuoc-in-198123210mm\/","title":{"rendered":"M\u00e1y in 3d resin Creality Halot Ray 6K \u0111\u1ed9 ch\u00ednh x\u00e1c cao"},"content":{"rendered":"<h2>M\u00e1y in 3d resin Halot Ray 6K k\u00edch th\u01b0\u1edbc in 198*123*210mm \u0111\u1ed9 ch\u00ednh x\u00e1c cao chuy\u00ean Nha Khoa, N\u1eef Trang v\u00e0 M\u00f4 h\u00ecnh Ti\u1ec3u C\u1ea3nh<\/h2>\n<p>Tinh ch\u1ec9nh in ch\u1ea5t l\u01b0\u1ee3ng cao<br \/>\n+\u0110\u1ed9 \u0111\u1ed3ng \u0111\u1ec1u c\u1ee7a \u00e1nh s\u00e1ng cao<br \/>\n+S\u1eeda ch\u1eefa m\u00f4 h\u00ecnh t\u1ef1 \u0111\u1ed9ng<br \/>\n+Thi\u1ebft b\u1ecb, Ph\u1ea7n m\u1ec1m v\u00e0 Cloud Synergy<\/p>\n<p>_\u0110\u1ed9 ch\u00ednh x\u00e1c cao, chi ti\u1ebft tuy\u1ec7t \u0111\u1eb9p<br \/>\nM\u00e0n h\u00ecnh 9,25 inch cho ph\u00e9p kh\u1ed1i l\u01b0\u1ee3ng x\u00e2y d\u1ef1ng 198\u00d7123\u00d7210mm, t\u0103ng 11% \u00e2m l\u01b0\u1ee3ng so v\u1edbi m\u00e0n h\u00ecnh 8,9 inch.<\/p>\n<p>_M\u00e0n h\u00ecnh c\u0169ng c\u00f3 \u0111\u1ed9 ph\u00e2n gi\u1ea3i 6K v\u1edbi \u0111\u1ed9 t\u01b0\u01a1ng ph\u1ea3n cao 350: 1, mang l\u1ea1i nh\u1eefng g\u00ec b\u1ea1n mu\u1ed1n v\u1edbi c\u00e1c chi ti\u1ebft m\u00f4 h\u00ecnh tinh t\u1ebf.<br \/>\n\u0110\u1ed9 ch\u00ednh x\u00e1c \u0111\u1ed9 ph\u00e2n gi\u1ea3i: 0,03mm<\/p>\n<p>_Ngu\u1ed3n s\u00e1ng t\u00edch h\u1ee3p, T\u1ea1o n\u00ean s\u1ef1 kh\u00e1c bi\u1ec7t<br \/>\n+Ngu\u1ed3n s\u00e1ng t\u00edch h\u1ee3p t\u1ef1 ph\u00e1t tri\u1ec3n c\u1ee7a ch\u00fang t\u00f4i t\u1ef1 h\u00e0o c\u00f3 c\u01b0\u1eddng \u0111\u1ed9 s\u00e1ng 5500 \u03bcW \/ cm\u00b2 v\u00e0 \u0111\u1ea3m b\u1ea3o in th\u00e0nh c\u00f4ng tr\u00ean to\u00e0n b\u1ed9 b\u1ea3n d\u1ef1ng. N\u00f3 c\u00f3 th\u1ec3 in gi\u00e1 \u0111\u1ee1 si\u00eau nh\u1ecf 0,1mm cho c\u00e1c m\u00f4 h\u00ecnh ph\u1ee9c t\u1ea1p v\u00e0 t\u0103ng t\u1ed1c \u0111\u1ed9 in c\u00f9ng v\u1edbi m\u00e0n h\u00ecnh LCD c\u00f3 \u0111\u1ed9 truy\u1ec1n s\u00e1ng cao 7%.<\/p>\n<p>* Ngu\u1ed3n s\u00e1ng t\u00edch h\u1ee3p: 12 m\u00f4-\u0111un LED, \u0111\u1ed9 \u0111\u1ed3ng \u0111\u1ec1u \u00e1nh s\u00e1ng t\u1eeb 93% tr\u1edf l\u00ean \u0111\u1ea1t \u0111\u01b0\u1ee3c b\u1eb1ng k\u1ef9 thu\u1eadt ph\u1ea3n x\u1ea1 &amp; kh\u00fac x\u1ea1.<\/p>\n<p>So s\u00e1nh \u0111\u1ed9 \u0111\u1ed3ng \u0111\u1ec1u<br \/>\nPh\u00e1t x\u1ea1 song song<br \/>\nNgu\u1ed3n s\u00e1ng t\u00edch h\u1ee3p<\/p>\n<p>_\u0110\u1ed9 \u0111\u1ec1u \u00e1nh s\u00e1ng t\u1ed1i \u0111a<br \/>\nNgu\u1ed3n s\u00e1ng t\u00edch h\u1ee3p 93%<br \/>\nPh\u00e1t x\u1ea1 song song 72%<\/p>\n<p>_Tr\u1ea3i nghi\u1ec7m in \u0111\u01b0\u1ee3c k\u1ebft n\u1ed1i v\u00e0 th\u00f4ng minh h\u01a1n<br \/>\n+Nh\u1eadn c\u00e1c m\u00f4 h\u00ecnh tuy\u1ec7t v\u1eddi, sau \u0111\u00f3 c\u1eaft v\u00e0 in ch\u00fang, t\u1ea5t c\u1ea3 \u0111\u1ec1u b\u1eb1ng \u1ee9ng d\u1ee5ng Creality Cloud, mi\u1ec5n l\u00e0 m\u00e1y \u0111\u01b0\u1ee3c k\u1ebft n\u1ed1i v\u1edbi WiFi. Theo d\u00f5i v\u00e0 ghi h\u00ecnh t\u1eeb xa theo th\u1eddi gian th\u1ef1c b\u1eb1ng camera HD c\u00f3 th\u1ec3 h\u00ecnh dung \u0111\u01b0\u1ee3c ni\u1ec1m vui c\u1ee7a s\u1ef1 s\u00e1ng t\u1ea1o.<br \/>\n+Tr\u1ea1ng th\u00e1i m\u00e1y in th\u1eddi gian th\u1ef1c<br \/>\n+\u1ee8ng d\u1ee5ng \u0111\u00e1m m\u00e2y Creality<\/p>\n<p>_H\u1ec7 \u0111i\u1ec1u h\u00e0nh HALOT \u0111\u01b0\u1ee3c n\u00e2ng c\u1ea5p<br \/>\nH\u1ec7 \u0111i\u1ec1u h\u00e0nh HALOT c\u00f3 t\u00ednh n\u0103ng t\u1ed5ng h\u1ee3p thi\u1ebft b\u1ecb-ph\u1ea7n m\u1ec1m-\u0111\u00e1m m\u00e2y. Ng\u01b0\u1eddi d\u00f9ng c\u00f3 th\u1ec3 in qua \u0111\u0129a USB, \u1ee9ng d\u1ee5ng Creality Cloud, HALOT BOX v\u00e0 th\u01b0 vi\u1ec7n m\u00f4 h\u00ecnh tr\u1ef1c tuy\u1ebfn c\u1ee7a m\u00e1y in. N\u00f3 h\u1ed7 tr\u1ee3 c\u1eadp nh\u1eadt tr\u1ef1c tuy\u1ebfn OTA.<\/p>\n<p>M\u00e0n h\u00ecnh c\u1ea3m \u1ee9ng \u0111a \u0111i\u1ec3m HD 5 inch v\u1edbi giao di\u1ec7n ng\u01b0\u1eddi d\u00f9ng tr\u1ef1c quan v\u00e0 14 ng\u00f4n ng\u1eef c\u00e0i s\u1eb5n gi\u00fap b\u1ea1n d\u1ec5 d\u00e0ng s\u1eed d\u1ee5ng h\u01a1n.<\/p>\n<p>_M\u00e1y c\u1eaft m\u1ea1nh m\u1ebd: HALOT BOX<br \/>\n+HALOT BOX ho\u00e0n to\u00e0n m\u1edbi c\u1ee7a ch\u00fang t\u00f4i \u0111i k\u00e8m v\u1edbi t\u00ednh n\u0103ng t\u1ef1 \u0111\u1ed9ng ph\u00e1t hi\u1ec7n v\u00e0 s\u1eeda ch\u1eefa l\u1ed7i. N\u00f3 c\u0169ng c\u00f3 th\u1ec3 chia m\u1ed9t m\u00f4 h\u00ecnh l\u1edbn th\u00e0nh nhi\u1ec1u ph\u1ea7n nh\u1ecf h\u01a1n, th\u1ecfa s\u1ee9c s\u00e1ng t\u1ea1o c\u1ee7a ng\u01b0\u1eddi d\u00f9ng.<\/p>\n<p>_Chuy\u1ec3n \u0111\u1ed9ng \u1ed4n \u0111\u1ecbnh v\u00e0 \u0111\u1ed3ng b\u1ed9<br \/>\nTr\u1ee5c Z v\u1edbi \u0111\u01b0\u1eddng ray tuy\u1ebfn t\u00ednh k\u00e9p \u0111\u01b0\u1ee3c \u0111i\u1ec1u khi\u1ec3n b\u1edfi m\u1ed9t \u0111\u1ed9ng c\u01a1 t\u00edch h\u1ee3p, \u0111\u1ea3m b\u1ea3o in \u1ea5n \u1ed5n \u0111\u1ecbnh v\u00e0 \u0111\u1ed9 ch\u00ednh x\u00e1c cao h\u01a1n. V\u1edbi \u0111\u1ed9 l\u1ec7ch l\u1edbp in \u00edt h\u01a1n, m\u00f4 h\u00ecnh c\u00f3 k\u1ebft c\u1ea5u m\u1ecbn h\u01a1n v\u00e0 b\u1ec1 m\u1eb7t m\u1ecbn h\u01a1n.<\/p>\n<p>_Vui h\u01a1n v\u1edbi \u00edt m\u00f9i kh\u00f3 ch\u1ecbu h\u01a1n<br \/>\nH\u1ec7 th\u1ed1ng l\u1ecdc kh\u00ed b\u1eb1ng than ho\u1ea1t t\u00ednh v\u00e0 qu\u1ea1t 4000RPM l\u1ecdc s\u1ea1ch kh\u00f4ng kh\u00ed sau m\u1ed7i 30 gi\u00e2y. M\u1ed9t l\u1eddi nh\u1eafc thay th\u1ebf s\u1ebd x\u1ea3y ra khi than ho\u1ea1t t\u00ednh \u0111\u01b0\u1ee3c s\u1eed d\u1ee5ng h\u1ebft.<\/p>\n<p>\u1ee8ng d\u1ee5ng: Garage kit; Dentistry; Game animation; Jewelry; Home ornament; Architecture design<\/p>\n<p>&nbsp;<\/p>\n<p>**\u0110\u1ec3 \u0111\u01b0\u1ee3c nh\u1eadn \u0111\u01b0\u1ee3c gi\u00e1 \u01b0u \u0111\u00e3i t\u1ed1t nh\u1ea5t vui l\u00f2ng li\u00ean h\u1ec7 mua tr\u1ef1c ti\u1ebfp shop:<br \/>\n0913.939.775 contact A.Quan (for English)<br \/>\n094.144.0951 contact A.Quynh<br \/>\n**Selling price does not include VAT (+10% if VAT invoice is issued)<\/p>\n<p>#Mayin3dresinHalotRay6K<\/p>\n<figure id=\"attachment_5175\" aria-describedby=\"caption-attachment-5175\" style=\"width: 1343px\" class=\"wp-caption aligncenter\"><img loading=\"lazy\" decoding=\"async\" class=\"size-full wp-image-5175\" src=\"https:\/\/nge.123websitedev.com\/wp-content\/uploads\/2025\/03\/1_1-1.jpg\" alt=\"M\u00e1y in 3d resin Creality Halot Ray 6K \u0111\u1ed9 ch\u00ednh x\u00e1c cao\" width=\"1343\" height=\"999\" \/><figcaption id=\"caption-attachment-5175\" class=\"wp-caption-text\">M\u00e1y in 3d resin Creality Halot Ray 6K \u0111\u1ed9 ch\u00ednh x\u00e1c cao<\/figcaption><\/figure>","protected":false},"excerpt":{"rendered":"<p>M\u00e1y in 3d resin Creality Halot Ray 6K k\u00edch th\u01b0\u1edbc in 198*123*210mm<\/p>","protected":false},"featured_media":3637,"comment_status":"open","ping_status":"closed","template":"","meta":{"inline_featured_image":false},"product_brand":[],"product_cat":[39,51],"product_tag":[],"class_list":{"0":"post-3646","1":"product","2":"type-product","3":"status-publish","4":"has-post-thumbnail","6":"product_cat-may-in-3d","7":"product_cat-may-in-3d-creality","9":"first","10":"instock","11":"sale","12":"featured","13":"taxable","14":"shipping-taxable","15":"purchasable","16":"product-type-simple"},"yoast_head":"<!-- This site is optimized with the Yoast SEO Premium plugin v22.8 (Yoast SEO v26.9) - https:\/\/yoast.com\/product\/yoast-seo-premium-wordpress\/ -->\n<title>M\u00e1y in 3d resin Creality Halot Ray 6K \u0111\u1ed9 ch\u00ednh x\u00e1c cao - NGE 3D Printers Services<\/title>\n<meta name=\"description\" content=\"M\u00e1y in 3d resin Creality Halot Ray 6K k\u00edch th\u01b0\u1edbc in 198*123*210mm \u0111\u1ed9 ch\u00ednh x\u00e1c cao chuy\u00ean Nha Khoa, N\u1eef Trang v\u00e0 M\u00f4 h\u00ecnh Ti\u1ec3u C\u1ea3nh\" \/>\n<meta name=\"robots\" content=\"index, follow, max-snippet:-1, max-image-preview:large, max-video-preview:-1\" \/>\n<link rel=\"canonical\" href=\"https:\/\/nge.vn\/en\/product\/may-in-3d-resin-creality-halot-ray-6k-kich-thuoc-in-198123210mm\/\" \/>\n<meta property=\"og:locale\" content=\"en_US\" \/>\n<meta property=\"og:type\" content=\"article\" \/>\n<meta property=\"og:title\" content=\"M\u00e1y in 3d resin Creality Halot Ray 6K \u0111\u1ed9 ch\u00ednh x\u00e1c cao\" \/>\n<meta property=\"og:description\" content=\"M\u00e1y in 3d resin Creality Halot Ray 6K k\u00edch th\u01b0\u1edbc in 198*123*210mm \u0111\u1ed9 ch\u00ednh x\u00e1c cao chuy\u00ean Nha Khoa, N\u1eef Trang v\u00e0 M\u00f4 h\u00ecnh Ti\u1ec3u C\u1ea3nh\" \/>\n<meta property=\"og:url\" content=\"https:\/\/nge.vn\/en\/product\/may-in-3d-resin-creality-halot-ray-6k-kich-thuoc-in-198123210mm\/\" \/>\n<meta property=\"og:site_name\" content=\"NGE 3D Printers Services\" \/>\n<meta property=\"article:modified_time\" content=\"2025-04-02T02:17:45+00:00\" \/>\n<meta property=\"og:image\" content=\"https:\/\/nge.vn\/wp-content\/uploads\/2024\/10\/images-upload-woo2Fa7fce794fcab5a958770431be6416a77.jpg\" \/>\n\t<meta property=\"og:image:width\" content=\"1024\" \/>\n\t<meta property=\"og:image:height\" content=\"1024\" \/>\n\t<meta property=\"og:image:type\" content=\"image\/jpeg\" \/>\n<meta name=\"twitter:card\" content=\"summary_large_image\" \/>\n<meta name=\"twitter:label1\" content=\"Est. reading time\" \/>\n\t<meta name=\"twitter:data1\" content=\"4 minutes\" \/>\n<script type=\"application\/ld+json\" class=\"yoast-schema-graph\">{\"@context\":\"https:\/\/schema.org\",\"@graph\":[{\"@type\":\"WebPage\",\"@id\":\"https:\/\/nge.vn\/san-pham\/may-in-3d-resin-creality-halot-ray-6k-kich-thuoc-in-198123210mm\/\",\"url\":\"https:\/\/nge.vn\/san-pham\/may-in-3d-resin-creality-halot-ray-6k-kich-thuoc-in-198123210mm\/\",\"name\":\"M\u00e1y in 3d resin Creality Halot Ray 6K \u0111\u1ed9 ch\u00ednh x\u00e1c cao - NGE 3D Printers Services\",\"isPartOf\":{\"@id\":\"https:\/\/nge.vn\/#website\"},\"primaryImageOfPage\":{\"@id\":\"https:\/\/nge.vn\/san-pham\/may-in-3d-resin-creality-halot-ray-6k-kich-thuoc-in-198123210mm\/#primaryimage\"},\"image\":{\"@id\":\"https:\/\/nge.vn\/san-pham\/may-in-3d-resin-creality-halot-ray-6k-kich-thuoc-in-198123210mm\/#primaryimage\"},\"thumbnailUrl\":\"https:\/\/nge.vn\/wp-content\/uploads\/2024\/10\/images-upload-woo2Fa7fce794fcab5a958770431be6416a77.jpg\",\"datePublished\":\"2024-10-26T08:55:49+00:00\",\"dateModified\":\"2025-04-02T02:17:45+00:00\",\"description\":\"M\u00e1y in 3d resin Creality Halot Ray 6K k\u00edch th\u01b0\u1edbc in 198*123*210mm \u0111\u1ed9 ch\u00ednh x\u00e1c cao chuy\u00ean Nha Khoa, N\u1eef Trang v\u00e0 M\u00f4 h\u00ecnh Ti\u1ec3u C\u1ea3nh\",\"breadcrumb\":{\"@id\":\"https:\/\/nge.vn\/san-pham\/may-in-3d-resin-creality-halot-ray-6k-kich-thuoc-in-198123210mm\/#breadcrumb\"},\"inLanguage\":\"en-US\",\"potentialAction\":[{\"@type\":\"ReadAction\",\"target\":[\"https:\/\/nge.vn\/san-pham\/may-in-3d-resin-creality-halot-ray-6k-kich-thuoc-in-198123210mm\/\"]}]},{\"@type\":\"ImageObject\",\"inLanguage\":\"en-US\",\"@id\":\"https:\/\/nge.vn\/san-pham\/may-in-3d-resin-creality-halot-ray-6k-kich-thuoc-in-198123210mm\/#primaryimage\",\"url\":\"https:\/\/nge.vn\/wp-content\/uploads\/2024\/10\/images-upload-woo2Fa7fce794fcab5a958770431be6416a77.jpg\",\"contentUrl\":\"https:\/\/nge.vn\/wp-content\/uploads\/2024\/10\/images-upload-woo2Fa7fce794fcab5a958770431be6416a77.jpg\",\"width\":1024,\"height\":1024},{\"@type\":\"BreadcrumbList\",\"@id\":\"https:\/\/nge.vn\/san-pham\/may-in-3d-resin-creality-halot-ray-6k-kich-thuoc-in-198123210mm\/#breadcrumb\",\"itemListElement\":[{\"@type\":\"ListItem\",\"position\":1,\"name\":\"Trang ch\u1ee7\",\"item\":\"https:\/\/nge.vn\/\"},{\"@type\":\"ListItem\",\"position\":2,\"name\":\"S\u1ea3n ph\u1ea9m\",\"item\":\"https:\/\/nge.vn\/san-pham\/\"},{\"@type\":\"ListItem\",\"position\":3,\"name\":\"M\u00e1y in 3d resin Creality Halot Ray 6K \u0111\u1ed9 ch\u00ednh x\u00e1c cao\"}]},{\"@type\":\"WebSite\",\"@id\":\"https:\/\/nge.vn\/#website\",\"url\":\"https:\/\/nge.vn\/\",\"name\":\"NGE 3D Printers Services\",\"description\":\"\",\"potentialAction\":[{\"@type\":\"SearchAction\",\"target\":{\"@type\":\"EntryPoint\",\"urlTemplate\":\"https:\/\/nge.vn\/?s={search_term_string}\"},\"query-input\":{\"@type\":\"PropertyValueSpecification\",\"valueRequired\":true,\"valueName\":\"search_term_string\"}}],\"inLanguage\":\"en-US\"}]}<\/script>\n<!-- \/ Yoast SEO Premium plugin. -->","yoast_head_json":{"title":"M\u00e1y in 3d resin Creality Halot Ray 6K \u0111\u1ed9 ch\u00ednh x\u00e1c cao - NGE 3D Printers Services","description":"M\u00e1y in 3d resin Creality Halot Ray 6K k\u00edch th\u01b0\u1edbc in 198*123*210mm \u0111\u1ed9 ch\u00ednh x\u00e1c cao chuy\u00ean Nha Khoa, N\u1eef Trang v\u00e0 M\u00f4 h\u00ecnh Ti\u1ec3u C\u1ea3nh","robots":{"index":"index","follow":"follow","max-snippet":"max-snippet:-1","max-image-preview":"max-image-preview:large","max-video-preview":"max-video-preview:-1"},"canonical":"https:\/\/nge.vn\/en\/product\/may-in-3d-resin-creality-halot-ray-6k-kich-thuoc-in-198123210mm\/","og_locale":"en_US","og_type":"article","og_title":"M\u00e1y in 3d resin Creality Halot Ray 6K \u0111\u1ed9 ch\u00ednh x\u00e1c cao","og_description":"M\u00e1y in 3d resin Creality Halot Ray 6K k\u00edch th\u01b0\u1edbc in 198*123*210mm \u0111\u1ed9 ch\u00ednh x\u00e1c cao chuy\u00ean Nha Khoa, N\u1eef Trang v\u00e0 M\u00f4 h\u00ecnh Ti\u1ec3u C\u1ea3nh","og_url":"https:\/\/nge.vn\/en\/product\/may-in-3d-resin-creality-halot-ray-6k-kich-thuoc-in-198123210mm\/","og_site_name":"NGE 3D Printers Services","article_modified_time":"2025-04-02T02:17:45+00:00","og_image":[{"width":1024,"height":1024,"url":"https:\/\/nge.vn\/wp-content\/uploads\/2024\/10\/images-upload-woo2Fa7fce794fcab5a958770431be6416a77.jpg","type":"image\/jpeg"}],"twitter_card":"summary_large_image","twitter_misc":{"Est. reading time":"4 minutes"},"schema":{"@context":"https:\/\/schema.org","@graph":[{"@type":"WebPage","@id":"https:\/\/nge.vn\/san-pham\/may-in-3d-resin-creality-halot-ray-6k-kich-thuoc-in-198123210mm\/","url":"https:\/\/nge.vn\/san-pham\/may-in-3d-resin-creality-halot-ray-6k-kich-thuoc-in-198123210mm\/","name":"M\u00e1y in 3d resin Creality Halot Ray 6K \u0111\u1ed9 ch\u00ednh x\u00e1c cao - NGE 3D Printers Services","isPartOf":{"@id":"https:\/\/nge.vn\/#website"},"primaryImageOfPage":{"@id":"https:\/\/nge.vn\/san-pham\/may-in-3d-resin-creality-halot-ray-6k-kich-thuoc-in-198123210mm\/#primaryimage"},"image":{"@id":"https:\/\/nge.vn\/san-pham\/may-in-3d-resin-creality-halot-ray-6k-kich-thuoc-in-198123210mm\/#primaryimage"},"thumbnailUrl":"https:\/\/nge.vn\/wp-content\/uploads\/2024\/10\/images-upload-woo2Fa7fce794fcab5a958770431be6416a77.jpg","datePublished":"2024-10-26T08:55:49+00:00","dateModified":"2025-04-02T02:17:45+00:00","description":"M\u00e1y in 3d resin Creality Halot Ray 6K k\u00edch th\u01b0\u1edbc in 198*123*210mm \u0111\u1ed9 ch\u00ednh x\u00e1c cao chuy\u00ean Nha Khoa, N\u1eef Trang v\u00e0 M\u00f4 h\u00ecnh Ti\u1ec3u C\u1ea3nh","breadcrumb":{"@id":"https:\/\/nge.vn\/san-pham\/may-in-3d-resin-creality-halot-ray-6k-kich-thuoc-in-198123210mm\/#breadcrumb"},"inLanguage":"en-US","potentialAction":[{"@type":"ReadAction","target":["https:\/\/nge.vn\/san-pham\/may-in-3d-resin-creality-halot-ray-6k-kich-thuoc-in-198123210mm\/"]}]},{"@type":"ImageObject","inLanguage":"en-US","@id":"https:\/\/nge.vn\/san-pham\/may-in-3d-resin-creality-halot-ray-6k-kich-thuoc-in-198123210mm\/#primaryimage","url":"https:\/\/nge.vn\/wp-content\/uploads\/2024\/10\/images-upload-woo2Fa7fce794fcab5a958770431be6416a77.jpg","contentUrl":"https:\/\/nge.vn\/wp-content\/uploads\/2024\/10\/images-upload-woo2Fa7fce794fcab5a958770431be6416a77.jpg","width":1024,"height":1024},{"@type":"BreadcrumbList","@id":"https:\/\/nge.vn\/san-pham\/may-in-3d-resin-creality-halot-ray-6k-kich-thuoc-in-198123210mm\/#breadcrumb","itemListElement":[{"@type":"ListItem","position":1,"name":"Trang ch\u1ee7","item":"https:\/\/nge.vn\/"},{"@type":"ListItem","position":2,"name":"S\u1ea3n ph\u1ea9m","item":"https:\/\/nge.vn\/san-pham\/"},{"@type":"ListItem","position":3,"name":"M\u00e1y in 3d resin Creality Halot Ray 6K \u0111\u1ed9 ch\u00ednh x\u00e1c cao"}]},{"@type":"WebSite","@id":"https:\/\/nge.vn\/#website","url":"https:\/\/nge.vn\/","name":"NGE 3D Printers Services","description":"","potentialAction":[{"@type":"SearchAction","target":{"@type":"EntryPoint","urlTemplate":"https:\/\/nge.vn\/?s={search_term_string}"},"query-input":{"@type":"PropertyValueSpecification","valueRequired":true,"valueName":"search_term_string"}}],"inLanguage":"en-US"}]}},"_links":{"self":[{"href":"https:\/\/nge.vn\/en\/wp-json\/wp\/v2\/product\/3646","targetHints":{"allow":["GET"]}}],"collection":[{"href":"https:\/\/nge.vn\/en\/wp-json\/wp\/v2\/product"}],"about":[{"href":"https:\/\/nge.vn\/en\/wp-json\/wp\/v2\/types\/product"}],"replies":[{"embeddable":true,"href":"https:\/\/nge.vn\/en\/wp-json\/wp\/v2\/comments?post=3646"}],"wp:featuredmedia":[{"embeddable":true,"href":"https:\/\/nge.vn\/en\/wp-json\/wp\/v2\/media\/3637"}],"wp:attachment":[{"href":"https:\/\/nge.vn\/en\/wp-json\/wp\/v2\/media?parent=3646"}],"wp:term":[{"taxonomy":"product_brand","embeddable":true,"href":"https:\/\/nge.vn\/en\/wp-json\/wp\/v2\/product_brand?post=3646"},{"taxonomy":"product_cat","embeddable":true,"href":"https:\/\/nge.vn\/en\/wp-json\/wp\/v2\/product_cat?post=3646"},{"taxonomy":"product_tag","embeddable":true,"href":"https:\/\/nge.vn\/en\/wp-json\/wp\/v2\/product_tag?post=3646"}],"curies":[{"name":"wp","href":"https:\/\/api.w.org\/{rel}","templated":true}]}}