{"id":3630,"date":"2024-10-26T15:53:40","date_gmt":"2024-10-26T08:53:40","guid":{"rendered":"https:\/\/nge.123websitedev.com\/san-pham\/bo-voi-phun-hoan-doi-nhanh-unicorn-quick-swap-nozzle-cho-may-in-3d-creality-k1c-k1-max-ender-3-v3%ef%bc%8cender-3-v3-plus\/"},"modified":"2025-08-16T15:30:40","modified_gmt":"2025-08-16T08:30:40","slug":"bo-voi-phun-hoan-doi-nhanh-unicorn-quick-swap-nozzle-cho-may-in-3d-creality-k1c-k1-max-ender-3-v3%ef%bc%8cender-3-v3-plus","status":"publish","type":"product","link":"https:\/\/nge.vn\/en\/product\/bo-voi-phun-hoan-doi-nhanh-unicorn-quick-swap-nozzle-cho-may-in-3d-creality-k1c-k1-max-ender-3-v3%ef%bc%8cender-3-v3-plus\/","title":{"rendered":"B\u1ed9 v\u00f2i phun ho\u00e1n \u0111\u1ed5i nhanh &#8220;Unicorn&#8221; Quick-Swap Nozzle cho m\u00e1y in 3d Creality K1C, K1 Max, Ender-3 V3\uff0cEnder-3 V3 Plus"},"content":{"rendered":"<h3 data-start=\"1034\" data-end=\"1094\">\u26a1 <strong data-start=\"1040\" data-end=\"1092\">B\u1ed9 v\u00f2i phun \u201cUnicorn\u201d Quick-Swap Nozzle Creality<\/strong><\/h3>\n<p data-start=\"1095\" data-end=\"1306\">V\u00f2i phun th\u1ebf h\u1ec7 m\u1edbi d\u00e0nh cho m\u00e1y in 3D Creality, v\u1edbi <strong data-start=\"1148\" data-end=\"1180\">thi\u1ebft k\u1ebf full-metal t\u00edch h\u1ee3p<\/strong>, th\u00e1o l\u1eafp nhanh ch\u00f3ng, h\u1ed7 tr\u1ee3 <strong data-start=\"1211\" data-end=\"1244\">in t\u1ed1c \u0111\u1ed9 cao l\u00ean t\u1edbi 600mm\/s<\/strong>, v\u00e0 nhi\u1ec1u t\u00f9y ch\u1ecdn \u0111\u01b0\u1eddng k\u00ednh \u0111\u1ec3 ph\u00f9 h\u1ee3p m\u1ecdi nhu c\u1ea7u in \u1ea5n.<\/p>\n<hr data-start=\"1308\" data-end=\"1311\" \/>\n<h3 data-start=\"1313\" data-end=\"1342\">\ud83c\udf1f <strong data-start=\"1320\" data-end=\"1340\">\u0110\u1eb7c \u0111i\u1ec3m n\u1ed5i b\u1eadt<\/strong><\/h3>\n<h4 data-start=\"1344\" data-end=\"1393\">\ud83d\udd04 <strong data-start=\"1352\" data-end=\"1391\">Thi\u1ebft k\u1ebf ho\u00e1n \u0111\u1ed5i nhanh, full-metal<\/strong><\/h4>\n<ul data-start=\"1394\" data-end=\"1501\">\n<li data-start=\"1394\" data-end=\"1457\">\n<p data-start=\"1396\" data-end=\"1457\">V\u00f2i phun v\u00e0 b\u1ed9 ng\u1eaft nhi\u1ec7t t\u00edch h\u1ee3p b\u1eb1ng kim lo\u1ea1i ho\u00e0n to\u00e0n.<\/p>\n<\/li>\n<li data-start=\"1458\" data-end=\"1501\">\n<p data-start=\"1460\" data-end=\"1501\">Th\u00e1o l\u1eafp nhanh ch\u00f3ng, thay th\u1ebf d\u1ec5 d\u00e0ng.<\/p>\n<\/li>\n<\/ul>\n<h4 data-start=\"1503\" data-end=\"1545\">\ud83d\ude80 <strong data-start=\"1511\" data-end=\"1543\">In t\u1ed1c \u0111\u1ed9 cao, l\u01b0u l\u01b0\u1ee3ng l\u1edbn<\/strong><\/h4>\n<ul data-start=\"1546\" data-end=\"1681\">\n<li data-start=\"1546\" data-end=\"1609\">\n<p data-start=\"1548\" data-end=\"1609\">Bu\u1ed3ng phun m\u1edf r\u1ed9ng, l\u01b0u l\u01b0\u1ee3ng d\u00f2ng ch\u1ea3y t\u1ed1i \u0111a <strong data-start=\"1595\" data-end=\"1606\">30mm\u00b3\/s<\/strong>.<\/p>\n<\/li>\n<li data-start=\"1610\" data-end=\"1681\">\n<p data-start=\"1612\" data-end=\"1681\">H\u1ed7 tr\u1ee3 in t\u1ed1c \u0111\u1ed9 cao <strong data-start=\"1633\" data-end=\"1644\">600mm\/s<\/strong> (<em data-start=\"1646\" data-end=\"1677\">kh\u1ea9u \u0111\u1ed9 0.4mm, nhi\u1ec7t \u0111\u1ed9 240\u00b0C<\/em>).<\/p>\n<\/li>\n<\/ul>\n<h4 data-start=\"1683\" data-end=\"1732\">\ud83d\udee1\ufe0f <strong data-start=\"1692\" data-end=\"1730\">V\u1eadt li\u1ec7u cao c\u1ea5p, tu\u1ed5i th\u1ecd l\u00e2u d\u00e0i<\/strong><\/h4>\n<ul data-start=\"1733\" data-end=\"2030\">\n<li data-start=\"1733\" data-end=\"1790\">\n<p data-start=\"1735\" data-end=\"1790\">B\u1ed9 ng\u1eaft nhi\u1ec7t b\u1eb1ng h\u1ee3p kim titan \u2013 gi\u1ea3m truy\u1ec1n nhi\u1ec7t.<\/p>\n<\/li>\n<li data-start=\"1791\" data-end=\"1889\">\n<p data-start=\"1793\" data-end=\"1889\">\u0110\u1ea7u phun b\u1eb1ng h\u1ee3p kim \u0111\u1ed3ng v\u00e0 <strong data-start=\"1823\" data-end=\"1842\">th\u00e9p c\u1ee9ng SKD11<\/strong> (Moh 7.8) \u2013 b\u1ec1n g\u1ea5p 6 l\u1ea7n so v\u1edbi \u0111\u1ea7u th\u01b0\u1eddng.<\/p>\n<\/li>\n<li data-start=\"1890\" data-end=\"1947\">\n<p data-start=\"1892\" data-end=\"1947\">\u0110\u1ed3ng d\u1eabn nhi\u1ec7t <strong data-start=\"1907\" data-end=\"1919\">330 W\/mK<\/strong> \u2013 gia nhi\u1ec7t nhanh v\u00e0 \u0111\u1ec1u.<\/p>\n<\/li>\n<li data-start=\"1948\" data-end=\"2030\">\n<p data-start=\"1950\" data-end=\"2030\">H\u1ed7 tr\u1ee3 nhi\u1ec1u lo\u1ea1i s\u1ee3i: <strong data-start=\"1973\" data-end=\"2028\">PLA, ABS, PETG, TPU, PP, PC, PLA-CF, PA-CF, PET-CF\u2026<\/strong><\/p>\n<\/li>\n<\/ul>\n<h4 data-start=\"2032\" data-end=\"2068\">\ud83c\udfaf <strong data-start=\"2040\" data-end=\"2066\">Nhi\u1ec1u t\u00f9y ch\u1ecdn kh\u1ea9u \u0111\u1ed9<\/strong><\/h4>\n<ul data-start=\"2069\" data-end=\"2173\">\n<li data-start=\"2069\" data-end=\"2116\">\n<p data-start=\"2071\" data-end=\"2116\">B\u1ed9 g\u1ed3m <strong data-start=\"2078\" data-end=\"2092\">3 lo\u1ea1i v\u00f2i<\/strong>: 0.4mm, 0.6mm, 0.8mm.<\/p>\n<\/li>\n<li data-start=\"2117\" data-end=\"2173\">\n<p data-start=\"2119\" data-end=\"2173\">Linh ho\u1ea1t cho in chi ti\u1ebft ho\u1eb7c in nhanh v\u1edbi l\u1edbp d\u00e0y.<\/p>\n<\/li>\n<\/ul>\n<h4 data-start=\"2175\" data-end=\"2220\">\ud83c\udfc6 <strong data-start=\"2183\" data-end=\"2218\">Gia c\u00f4ng ch\u00ednh x\u00e1c \u2013 In \u1ed5n \u0111\u1ecbnh<\/strong><\/h4>\n<ul data-start=\"2221\" data-end=\"2392\">\n<li data-start=\"2221\" data-end=\"2263\">\n<p data-start=\"2223\" data-end=\"2263\">K\u1ebft n\u1ed1i k\u00edn, <strong data-start=\"2236\" data-end=\"2260\">ch\u1ed1ng r\u00f2 r\u1ec9 filament<\/strong>.<\/p>\n<\/li>\n<li data-start=\"2264\" data-end=\"2332\">\n<p data-start=\"2266\" data-end=\"2332\">T\u01b0\u1eddng trong m\u01b0\u1ee3t (Ra\u22640.4) \u2013 c\u1ea5p s\u1ee3i tr\u01a1n tru, h\u1ea1n ch\u1ebf t\u1eafc ngh\u1ebdn.<\/p>\n<\/li>\n<li data-start=\"2333\" data-end=\"2392\">\n<p data-start=\"2335\" data-end=\"2392\">Kh\u00f4ng bavia, kh\u00f4ng g\u1edd \u2013 <strong data-start=\"2359\" data-end=\"2389\">in \u1ed5n \u0111\u1ecbnh, b\u1ec1 m\u1eb7t m\u1ecbn \u0111\u1eb9p<\/strong>.<\/p>\n<\/li>\n<\/ul>\n<hr data-start=\"2394\" data-end=\"2397\" \/>\n<h3 data-start=\"2399\" data-end=\"2427\">\ud83d\udd27 <strong data-start=\"2406\" data-end=\"2427\">Th\u00f4ng s\u1ed1 k\u1ef9 thu\u1eadt<\/strong><\/h3>\n<ul data-start=\"2428\" data-end=\"2682\">\n<li data-start=\"2428\" data-end=\"2476\">\n<p data-start=\"2430\" data-end=\"2476\"><strong data-start=\"2430\" data-end=\"2453\">\u0110\u01b0\u1eddng k\u00ednh v\u00f2i phun<\/strong>: 0.4mm, 0.6mm, 0.8mm<\/p>\n<\/li>\n<li data-start=\"2477\" data-end=\"2522\">\n<p data-start=\"2479\" data-end=\"2522\"><strong data-start=\"2479\" data-end=\"2502\">K\u00edch th\u01b0\u1edbc \u0111\u00f3ng g\u00f3i<\/strong>: 18.5 \u00d7 8 \u00d7 1.5cm<\/p>\n<\/li>\n<li data-start=\"2523\" data-end=\"2609\">\n<p data-start=\"2525\" data-end=\"2609\"><strong data-start=\"2525\" data-end=\"2549\">V\u1eadt li\u1ec7u t\u01b0\u01a1ng th\u00edch<\/strong>: PLA, ABS, PETG, TPU, PP, PC, PLA-CF, PA-CF, PET-CF, v.v.<\/p>\n<\/li>\n<li data-start=\"2610\" data-end=\"2682\">\n<p data-start=\"2612\" data-end=\"2682\"><strong data-start=\"2612\" data-end=\"2629\">M\u00e1y in h\u1ed7 tr\u1ee3<\/strong>: Creality K1C, K1 Max, Ender-3 V3, Ender-3 V3 Plus<\/p>\n<\/li>\n<\/ul>\n<p>**To receive a better price, please contact the shop directly.<br \/>\n0913.939.775 contact A.Quan (for English)<br \/>\n094.144.0951 contact A.Quynh<br \/>\n**Selling price does not include VAT (+10% if VAT invoice is issued)<\/p>","protected":false},"excerpt":{"rendered":"<p>B\u1ed9 v\u00f2i phun ho\u00e1n \u0111\u1ed5i nhanh &#8220;Unicorn&#8221; Quick-Swap Nozzle cho m\u00e1y in 3d Creality K1C, K1 Max, Ender-3 V3\uff0cEnder-3 V3 Plus<\/p>","protected":false},"featured_media":3621,"comment_status":"open","ping_status":"closed","template":"","meta":{"inline_featured_image":false},"product_brand":[],"product_cat":[40,56],"product_tag":[],"class_list":{"0":"post-3630","1":"product","2":"type-product","3":"status-publish","4":"has-post-thumbnail","6":"product_cat-linh-kien-va-phu-kien","7":"product_cat-linh-phu-kien-may-in-3d-creality","9":"first","10":"instock","11":"taxable","12":"shipping-taxable","13":"purchasable","14":"product-type-variable"},"yoast_head":"<!-- This site is optimized with the Yoast SEO Premium plugin v22.8 (Yoast SEO v26.9) - https:\/\/yoast.com\/product\/yoast-seo-premium-wordpress\/ -->\n<title>B\u1ed9 v\u00f2i phun ho\u00e1n \u0111\u1ed5i nhanh &quot;Unicorn&quot; Quick-Swap Nozzle cho m\u00e1y in 3d Creality K1C, K1 Max, Ender-3 V3\uff0cEnder-3 V3 Plus - NGE 3D Printers Services<\/title>\n<meta name=\"description\" content=\"V\u00f2i phun \u201cUnicorn\u201d Quick-Swap cho Creality K1C, K1 Max, Ender-3 V3, V3 Plus. Thi\u1ebft k\u1ebf full-metal, thay nhanh, h\u1ed7 tr\u1ee3 in t\u1ed1c \u0111\u1ed9 cao 600mm\/s.\" \/>\n<meta name=\"robots\" content=\"index, follow, max-snippet:-1, max-image-preview:large, max-video-preview:-1\" \/>\n<link rel=\"canonical\" href=\"https:\/\/nge.vn\/en\/product\/bo-voi-phun-hoan-doi-nhanh-unicorn-quick-swap-nozzle-cho-may-in-3d-creality-k1c-k1-max-ender-3-v3\uff0cender-3-v3-plus\/\" \/>\n<meta property=\"og:locale\" content=\"en_US\" \/>\n<meta property=\"og:type\" content=\"article\" \/>\n<meta property=\"og:title\" content=\"B\u1ed9 v\u00f2i phun ho\u00e1n \u0111\u1ed5i nhanh &quot;Unicorn&quot; Quick-Swap Nozzle cho m\u00e1y in 3d Creality K1C, K1 Max, Ender-3 V3\uff0cEnder-3 V3 Plus\" \/>\n<meta property=\"og:description\" content=\"V\u00f2i phun \u201cUnicorn\u201d Quick-Swap cho Creality K1C, K1 Max, Ender-3 V3, V3 Plus. Thi\u1ebft k\u1ebf full-metal, thay nhanh, h\u1ed7 tr\u1ee3 in t\u1ed1c \u0111\u1ed9 cao 600mm\/s.\" \/>\n<meta property=\"og:url\" content=\"https:\/\/nge.vn\/en\/product\/bo-voi-phun-hoan-doi-nhanh-unicorn-quick-swap-nozzle-cho-may-in-3d-creality-k1c-k1-max-ender-3-v3\uff0cender-3-v3-plus\/\" \/>\n<meta property=\"og:site_name\" content=\"NGE 3D Printers Services\" \/>\n<meta property=\"article:modified_time\" content=\"2025-08-16T08:30:40+00:00\" \/>\n<meta property=\"og:image\" content=\"https:\/\/nge.vn\/wp-content\/uploads\/2024\/10\/images-upload-woo2Fb3002dde7f42c0ee9dc4ac9ad36ef34c.jpg\" \/>\n\t<meta property=\"og:image:width\" content=\"870\" \/>\n\t<meta property=\"og:image:height\" content=\"870\" \/>\n\t<meta property=\"og:image:type\" content=\"image\/jpeg\" \/>\n<meta name=\"twitter:card\" content=\"summary_large_image\" \/>\n<meta name=\"twitter:label1\" content=\"Est. reading time\" \/>\n\t<meta name=\"twitter:data1\" content=\"2 minutes\" \/>\n<script type=\"application\/ld+json\" class=\"yoast-schema-graph\">{\"@context\":\"https:\/\/schema.org\",\"@graph\":[{\"@type\":\"WebPage\",\"@id\":\"https:\/\/nge.vn\/san-pham\/bo-voi-phun-hoan-doi-nhanh-unicorn-quick-swap-nozzle-cho-may-in-3d-creality-k1c-k1-max-ender-3-v3%ef%bc%8cender-3-v3-plus\/\",\"url\":\"https:\/\/nge.vn\/san-pham\/bo-voi-phun-hoan-doi-nhanh-unicorn-quick-swap-nozzle-cho-may-in-3d-creality-k1c-k1-max-ender-3-v3%ef%bc%8cender-3-v3-plus\/\",\"name\":\"B\u1ed9 v\u00f2i phun ho\u00e1n \u0111\u1ed5i nhanh \\\"Unicorn\\\" Quick-Swap Nozzle cho m\u00e1y in 3d Creality K1C, K1 Max, Ender-3 V3\uff0cEnder-3 V3 Plus - NGE 3D Printers Services\",\"isPartOf\":{\"@id\":\"https:\/\/nge.vn\/#website\"},\"primaryImageOfPage\":{\"@id\":\"https:\/\/nge.vn\/san-pham\/bo-voi-phun-hoan-doi-nhanh-unicorn-quick-swap-nozzle-cho-may-in-3d-creality-k1c-k1-max-ender-3-v3%ef%bc%8cender-3-v3-plus\/#primaryimage\"},\"image\":{\"@id\":\"https:\/\/nge.vn\/san-pham\/bo-voi-phun-hoan-doi-nhanh-unicorn-quick-swap-nozzle-cho-may-in-3d-creality-k1c-k1-max-ender-3-v3%ef%bc%8cender-3-v3-plus\/#primaryimage\"},\"thumbnailUrl\":\"https:\/\/nge.vn\/wp-content\/uploads\/2024\/10\/images-upload-woo2Fb3002dde7f42c0ee9dc4ac9ad36ef34c.jpg\",\"datePublished\":\"2024-10-26T08:53:40+00:00\",\"dateModified\":\"2025-08-16T08:30:40+00:00\",\"description\":\"V\u00f2i phun \u201cUnicorn\u201d Quick-Swap cho Creality K1C, K1 Max, Ender-3 V3, V3 Plus. Thi\u1ebft k\u1ebf full-metal, thay nhanh, h\u1ed7 tr\u1ee3 in t\u1ed1c \u0111\u1ed9 cao 600mm\/s.\",\"breadcrumb\":{\"@id\":\"https:\/\/nge.vn\/san-pham\/bo-voi-phun-hoan-doi-nhanh-unicorn-quick-swap-nozzle-cho-may-in-3d-creality-k1c-k1-max-ender-3-v3%ef%bc%8cender-3-v3-plus\/#breadcrumb\"},\"inLanguage\":\"en-US\",\"potentialAction\":[{\"@type\":\"ReadAction\",\"target\":[\"https:\/\/nge.vn\/san-pham\/bo-voi-phun-hoan-doi-nhanh-unicorn-quick-swap-nozzle-cho-may-in-3d-creality-k1c-k1-max-ender-3-v3%ef%bc%8cender-3-v3-plus\/\"]}]},{\"@type\":\"ImageObject\",\"inLanguage\":\"en-US\",\"@id\":\"https:\/\/nge.vn\/san-pham\/bo-voi-phun-hoan-doi-nhanh-unicorn-quick-swap-nozzle-cho-may-in-3d-creality-k1c-k1-max-ender-3-v3%ef%bc%8cender-3-v3-plus\/#primaryimage\",\"url\":\"https:\/\/nge.vn\/wp-content\/uploads\/2024\/10\/images-upload-woo2Fb3002dde7f42c0ee9dc4ac9ad36ef34c.jpg\",\"contentUrl\":\"https:\/\/nge.vn\/wp-content\/uploads\/2024\/10\/images-upload-woo2Fb3002dde7f42c0ee9dc4ac9ad36ef34c.jpg\",\"width\":870,\"height\":870},{\"@type\":\"BreadcrumbList\",\"@id\":\"https:\/\/nge.vn\/san-pham\/bo-voi-phun-hoan-doi-nhanh-unicorn-quick-swap-nozzle-cho-may-in-3d-creality-k1c-k1-max-ender-3-v3%ef%bc%8cender-3-v3-plus\/#breadcrumb\",\"itemListElement\":[{\"@type\":\"ListItem\",\"position\":1,\"name\":\"Trang ch\u1ee7\",\"item\":\"https:\/\/nge.vn\/\"},{\"@type\":\"ListItem\",\"position\":2,\"name\":\"S\u1ea3n ph\u1ea9m\",\"item\":\"https:\/\/nge.vn\/san-pham\/\"},{\"@type\":\"ListItem\",\"position\":3,\"name\":\"B\u1ed9 v\u00f2i phun ho\u00e1n \u0111\u1ed5i nhanh &#8220;Unicorn&#8221; Quick-Swap Nozzle cho m\u00e1y in 3d Creality K1C, K1 Max, Ender-3 V3\uff0cEnder-3 V3 Plus\"}]},{\"@type\":\"WebSite\",\"@id\":\"https:\/\/nge.vn\/#website\",\"url\":\"https:\/\/nge.vn\/\",\"name\":\"NGE 3D Printers Services\",\"description\":\"\",\"potentialAction\":[{\"@type\":\"SearchAction\",\"target\":{\"@type\":\"EntryPoint\",\"urlTemplate\":\"https:\/\/nge.vn\/?s={search_term_string}\"},\"query-input\":{\"@type\":\"PropertyValueSpecification\",\"valueRequired\":true,\"valueName\":\"search_term_string\"}}],\"inLanguage\":\"en-US\"}]}<\/script>\n<!-- \/ Yoast SEO Premium plugin. -->","yoast_head_json":{"title":"B\u1ed9 v\u00f2i phun ho\u00e1n \u0111\u1ed5i nhanh \"Unicorn\" Quick-Swap Nozzle cho m\u00e1y in 3d Creality K1C, K1 Max, Ender-3 V3\uff0cEnder-3 V3 Plus - NGE 3D Printers Services","description":"V\u00f2i phun \u201cUnicorn\u201d Quick-Swap cho Creality K1C, K1 Max, Ender-3 V3, V3 Plus. Thi\u1ebft k\u1ebf full-metal, thay nhanh, h\u1ed7 tr\u1ee3 in t\u1ed1c \u0111\u1ed9 cao 600mm\/s.","robots":{"index":"index","follow":"follow","max-snippet":"max-snippet:-1","max-image-preview":"max-image-preview:large","max-video-preview":"max-video-preview:-1"},"canonical":"https:\/\/nge.vn\/en\/product\/bo-voi-phun-hoan-doi-nhanh-unicorn-quick-swap-nozzle-cho-may-in-3d-creality-k1c-k1-max-ender-3-v3\uff0cender-3-v3-plus\/","og_locale":"en_US","og_type":"article","og_title":"B\u1ed9 v\u00f2i phun ho\u00e1n \u0111\u1ed5i nhanh \"Unicorn\" Quick-Swap Nozzle cho m\u00e1y in 3d Creality K1C, K1 Max, Ender-3 V3\uff0cEnder-3 V3 Plus","og_description":"V\u00f2i phun \u201cUnicorn\u201d Quick-Swap cho Creality K1C, K1 Max, Ender-3 V3, V3 Plus. Thi\u1ebft k\u1ebf full-metal, thay nhanh, h\u1ed7 tr\u1ee3 in t\u1ed1c \u0111\u1ed9 cao 600mm\/s.","og_url":"https:\/\/nge.vn\/en\/product\/bo-voi-phun-hoan-doi-nhanh-unicorn-quick-swap-nozzle-cho-may-in-3d-creality-k1c-k1-max-ender-3-v3\uff0cender-3-v3-plus\/","og_site_name":"NGE 3D Printers Services","article_modified_time":"2025-08-16T08:30:40+00:00","og_image":[{"width":870,"height":870,"url":"https:\/\/nge.vn\/wp-content\/uploads\/2024\/10\/images-upload-woo2Fb3002dde7f42c0ee9dc4ac9ad36ef34c.jpg","type":"image\/jpeg"}],"twitter_card":"summary_large_image","twitter_misc":{"Est. reading time":"2 minutes"},"schema":{"@context":"https:\/\/schema.org","@graph":[{"@type":"WebPage","@id":"https:\/\/nge.vn\/san-pham\/bo-voi-phun-hoan-doi-nhanh-unicorn-quick-swap-nozzle-cho-may-in-3d-creality-k1c-k1-max-ender-3-v3%ef%bc%8cender-3-v3-plus\/","url":"https:\/\/nge.vn\/san-pham\/bo-voi-phun-hoan-doi-nhanh-unicorn-quick-swap-nozzle-cho-may-in-3d-creality-k1c-k1-max-ender-3-v3%ef%bc%8cender-3-v3-plus\/","name":"B\u1ed9 v\u00f2i phun ho\u00e1n \u0111\u1ed5i nhanh \"Unicorn\" Quick-Swap Nozzle cho m\u00e1y in 3d Creality K1C, K1 Max, Ender-3 V3\uff0cEnder-3 V3 Plus - NGE 3D Printers Services","isPartOf":{"@id":"https:\/\/nge.vn\/#website"},"primaryImageOfPage":{"@id":"https:\/\/nge.vn\/san-pham\/bo-voi-phun-hoan-doi-nhanh-unicorn-quick-swap-nozzle-cho-may-in-3d-creality-k1c-k1-max-ender-3-v3%ef%bc%8cender-3-v3-plus\/#primaryimage"},"image":{"@id":"https:\/\/nge.vn\/san-pham\/bo-voi-phun-hoan-doi-nhanh-unicorn-quick-swap-nozzle-cho-may-in-3d-creality-k1c-k1-max-ender-3-v3%ef%bc%8cender-3-v3-plus\/#primaryimage"},"thumbnailUrl":"https:\/\/nge.vn\/wp-content\/uploads\/2024\/10\/images-upload-woo2Fb3002dde7f42c0ee9dc4ac9ad36ef34c.jpg","datePublished":"2024-10-26T08:53:40+00:00","dateModified":"2025-08-16T08:30:40+00:00","description":"V\u00f2i phun \u201cUnicorn\u201d Quick-Swap cho Creality K1C, K1 Max, Ender-3 V3, V3 Plus. Thi\u1ebft k\u1ebf full-metal, thay nhanh, h\u1ed7 tr\u1ee3 in t\u1ed1c \u0111\u1ed9 cao 600mm\/s.","breadcrumb":{"@id":"https:\/\/nge.vn\/san-pham\/bo-voi-phun-hoan-doi-nhanh-unicorn-quick-swap-nozzle-cho-may-in-3d-creality-k1c-k1-max-ender-3-v3%ef%bc%8cender-3-v3-plus\/#breadcrumb"},"inLanguage":"en-US","potentialAction":[{"@type":"ReadAction","target":["https:\/\/nge.vn\/san-pham\/bo-voi-phun-hoan-doi-nhanh-unicorn-quick-swap-nozzle-cho-may-in-3d-creality-k1c-k1-max-ender-3-v3%ef%bc%8cender-3-v3-plus\/"]}]},{"@type":"ImageObject","inLanguage":"en-US","@id":"https:\/\/nge.vn\/san-pham\/bo-voi-phun-hoan-doi-nhanh-unicorn-quick-swap-nozzle-cho-may-in-3d-creality-k1c-k1-max-ender-3-v3%ef%bc%8cender-3-v3-plus\/#primaryimage","url":"https:\/\/nge.vn\/wp-content\/uploads\/2024\/10\/images-upload-woo2Fb3002dde7f42c0ee9dc4ac9ad36ef34c.jpg","contentUrl":"https:\/\/nge.vn\/wp-content\/uploads\/2024\/10\/images-upload-woo2Fb3002dde7f42c0ee9dc4ac9ad36ef34c.jpg","width":870,"height":870},{"@type":"BreadcrumbList","@id":"https:\/\/nge.vn\/san-pham\/bo-voi-phun-hoan-doi-nhanh-unicorn-quick-swap-nozzle-cho-may-in-3d-creality-k1c-k1-max-ender-3-v3%ef%bc%8cender-3-v3-plus\/#breadcrumb","itemListElement":[{"@type":"ListItem","position":1,"name":"Trang ch\u1ee7","item":"https:\/\/nge.vn\/"},{"@type":"ListItem","position":2,"name":"S\u1ea3n ph\u1ea9m","item":"https:\/\/nge.vn\/san-pham\/"},{"@type":"ListItem","position":3,"name":"B\u1ed9 v\u00f2i phun ho\u00e1n \u0111\u1ed5i nhanh &#8220;Unicorn&#8221; Quick-Swap Nozzle cho m\u00e1y in 3d Creality K1C, K1 Max, Ender-3 V3\uff0cEnder-3 V3 Plus"}]},{"@type":"WebSite","@id":"https:\/\/nge.vn\/#website","url":"https:\/\/nge.vn\/","name":"NGE 3D Printers Services","description":"","potentialAction":[{"@type":"SearchAction","target":{"@type":"EntryPoint","urlTemplate":"https:\/\/nge.vn\/?s={search_term_string}"},"query-input":{"@type":"PropertyValueSpecification","valueRequired":true,"valueName":"search_term_string"}}],"inLanguage":"en-US"}]}},"_links":{"self":[{"href":"https:\/\/nge.vn\/en\/wp-json\/wp\/v2\/product\/3630","targetHints":{"allow":["GET"]}}],"collection":[{"href":"https:\/\/nge.vn\/en\/wp-json\/wp\/v2\/product"}],"about":[{"href":"https:\/\/nge.vn\/en\/wp-json\/wp\/v2\/types\/product"}],"replies":[{"embeddable":true,"href":"https:\/\/nge.vn\/en\/wp-json\/wp\/v2\/comments?post=3630"}],"wp:featuredmedia":[{"embeddable":true,"href":"https:\/\/nge.vn\/en\/wp-json\/wp\/v2\/media\/3621"}],"wp:attachment":[{"href":"https:\/\/nge.vn\/en\/wp-json\/wp\/v2\/media?parent=3630"}],"wp:term":[{"taxonomy":"product_brand","embeddable":true,"href":"https:\/\/nge.vn\/en\/wp-json\/wp\/v2\/product_brand?post=3630"},{"taxonomy":"product_cat","embeddable":true,"href":"https:\/\/nge.vn\/en\/wp-json\/wp\/v2\/product_cat?post=3630"},{"taxonomy":"product_tag","embeddable":true,"href":"https:\/\/nge.vn\/en\/wp-json\/wp\/v2\/product_tag?post=3630"}],"curies":[{"name":"wp","href":"https:\/\/api.w.org\/{rel}","templated":true}]}}