{"id":3620,"date":"2024-10-26T15:51:42","date_gmt":"2024-10-26T08:51:42","guid":{"rendered":"https:\/\/nge.123websitedev.com\/san-pham\/bo-4-voi-phun-hoan-doi-nhanh-unicorn-quick-swap-nozzle-kit-cho-may-in-3d-creality-k1c-k1-max-ender-3-v3-plus\/"},"modified":"2024-10-28T16:15:25","modified_gmt":"2024-10-28T09:15:25","slug":"bo-4-voi-phun-hoan-doi-nhanh-unicorn-quick-swap-nozzle-kit-cho-may-in-3d-creality-k1c-k1-max-ender-3-v3-plus","status":"publish","type":"product","link":"https:\/\/nge.vn\/en\/product\/bo-4-voi-phun-hoan-doi-nhanh-unicorn-quick-swap-nozzle-kit-cho-may-in-3d-creality-k1c-k1-max-ender-3-v3-plus\/","title":{"rendered":"4-piece \u201cUnicorn\u201d Quick-Swap Nozzle Kit for Creality K1C, K1 Max, Ender-3 V3\/ Plus 3d printers"},"content":{"rendered":"<p>B\u1ed9 4 v\u00f2i phun ho\u00e1n \u0111\u1ed5i nhanh &#8220;Unicorn&#8221; Quick-Swap Nozzle Kit cho m\u00e1y in 3d Creality K1C, K1 Max, Ender-3 V3\uff0cEnder-3 V3 Plus<br \/>\n+C\u00e0i \u0111\u1eb7t nhanh ch\u00f3ng<br \/>\n+In t\u1ed1c \u0111\u1ed9 cao<br \/>\n+ V\u1eadt li\u1ec7u n\u00e2ng c\u1ea5p<br \/>\n+ Nhi\u1ec1u t\u00f9y ch\u1ecdn kh\u1ea9u \u0111\u1ed9<\/p>\n<p>_Thi\u1ebft k\u1ebf t\u00edch h\u1ee3p ho\u00e0n to\u00e0n b\u1eb1ng kim lo\u1ea1i \u0111\u1ec3 l\u1eafp r\u00e1p v\u00e0 th\u00e1o g\u1ee1 nhanh ch\u00f3ng<br \/>\nV\u00f2i phun v\u00e0 b\u1ed9 ng\u1eaft nhi\u1ec7t s\u1eed d\u1ee5ng thi\u1ebft k\u1ebf t\u00edch h\u1ee3p ho\u00e0n to\u00e0n b\u1eb1ng kim lo\u1ea1i, gi\u00fap th\u00e1o g\u1ee1 nhanh ch\u00f3ng v\u00e0 thay th\u1ebf thu\u1eadn ti\u1ec7n<\/p>\n<p>_L\u01b0u l\u01b0\u1ee3ng cao, h\u1ed7 tr\u1ee3 in t\u1ed1c \u0111\u1ed9 cao<br \/>\nBu\u1ed3ng phun m\u1edf r\u1ed9ng, \u0111\u1ea1t t\u1ed1c \u0111\u1ed9 d\u00f2ng ch\u1ea3y t\u1ed1i \u0111a l\u00ean t\u1edbi 30 mm3\/s v\u00e0 h\u1ed7 tr\u1ee3 in t\u1ed1c \u0111\u1ed9 cao \u1edf t\u1ed1c \u0111\u1ed9 600 mm\/s. *Kh\u1ea9u \u0111\u1ed9 \u0111\u1ea7u phun 0,4 mm, d\u1eef li\u1ec7u ki\u1ec3m tra nhi\u1ec7t \u0111\u1ed9 in 240\u00b0C<br \/>\n+ T\u1ed1c \u0111\u1ed9 d\u00f2ng ch\u1ea3y t\u1ed1i \u0111a 30mm3\/s<br \/>\n+T\u1ed1c \u0111\u1ed9 t\u1ed1i \u0111a 600 mm\/s<\/p>\n<p>_Ch\u1ea5t li\u1ec7u n\u00e2ng c\u1ea5p, th\u00edch h\u1ee3p in nhi\u1ec1u lo\u1ea1i s\u1ee3i<br \/>\nB\u1ed9 ph\u1eadn ng\u1eaft nhi\u1ec7t \u0111\u01b0\u1ee3c l\u00e0m b\u1eb1ng h\u1ee3p kim titan, gi\u00fap gi\u1ea3m s\u1ef1 d\u1eabn nhi\u1ec7t. \u0110\u1ea7u phun \u0111\u01b0\u1ee3c l\u00e0m b\u1eb1ng h\u1ee3p kim \u0111\u1ed3ng v\u00e0 th\u00e9p c\u1ee9ng, h\u1ed7 tr\u1ee3 in c\u00e1c lo\u1ea1i s\u1ee3i kh\u00e1c nhau.<br \/>\nPLA, ABS, PETG, TPU, PP, PC, PLA-CF, PA-CF<br \/>\n*\u0110\u1ea7u v\u00f2i \u0111\u01b0\u1ee3c l\u00e0m b\u1eb1ng v\u1eadt li\u1ec7u th\u00e9p c\u1ee9ng (SKD11), c\u00f3 \u0111\u1ed9 c\u1ee9ng Moh l\u00e0 7,8, mang l\u1ea1i tu\u1ed5i th\u1ecd g\u1ea5p s\u00e1u l\u1ea7n<br \/>\n*H\u1ee3p kim \u0111\u1ed3ng c\u00f3 h\u1ec7 s\u1ed1 d\u1eabn nhi\u1ec7t 330 W\/mK \u0111\u1ea3m b\u1ea3o gia nhi\u1ec7t \u0111\u1ec1u<\/p>\n<p>_Nhi\u1ec1u t\u00f9y ch\u1ecdn kh\u1ea9u \u0111\u1ed9 c\u00f3 s\u1eb5n \u0111\u1ec3 \u0111\u00e1p \u1ee9ng c\u00e1c nhu c\u1ea7u in \u1ea5n kh\u00e1c nhau<br \/>\nB\u1ed9 \u0111\u1ea7u phun bao g\u1ed3m ba kh\u1ea9u \u0111\u1ed9: 0,4mm, 0,6mm v\u00e0 0,8mm, cho ph\u00e9p ng\u01b0\u1eddi d\u00f9ng l\u1ef1a ch\u1ecdn theo y\u00eau c\u1ea7u in \u1ea5n c\u1ee7a m\u00ecnh.<\/p>\n<p>* Tay ngh\u1ec1 th\u1ee7 c\u00f4ng ch\u00ednh x\u00e1c, \u0111\u01b0\u1ee3c ch\u1ebf t\u1ea1o b\u1eb1ng s\u1ef1 kh\u00e9o l\u00e9o<br \/>\n_\u00d4m kh\u00edt, kh\u00f4ng r\u00f2 r\u1ec9<br \/>\nC\u00e1c kh\u1edbp n\u1ed1i v\u1eeba kh\u00edt c\u00f3 hi\u1ec7u qu\u1ea3 ng\u0103n ng\u1eeba r\u00f2 r\u1ec9 d\u00e2y t\u00f3c trong qu\u00e1 tr\u00ecnh in.<\/p>\n<p>_T\u01b0\u1eddng b\u00ean trong nh\u1eb5n, kh\u00f4ng b\u1ecb t\u1eafc ngh\u1ebdn<br \/>\n\u0110\u1ed9 nh\u00e1m c\u1ee7a l\u1ed7 b\u00ean trong Ra\u25a10.4, \u0111\u1ea3m b\u1ea3o c\u1ea5p s\u1ee3i tr\u01a1n tru.<\/p>\n<p>_Gia c\u00f4ng ch\u00ednh x\u00e1c, tay ngh\u1ec1 ho\u00e0n h\u1ea3o<br \/>\nKh\u00f4ng c\u00f3 g\u1edd \u1edf \u0111\u1ea7u in, in \u1ed5n \u0111\u1ecbnh v\u00e0 gi\u1ea3m t\u1eafc ngh\u1ebdn. <\/p>\n<p>_Th\u00f4ng s\u1ed1 k\u1ef9 thu\u1eadt s\u1ea3n ph\u1ea9m:<br \/>\n+\u0110\u01b0\u1eddng k\u00ednh v\u00f2i phun: 0.4mm, 0.6mm, 0.8mm<br \/>\n+Danh s\u00e1ch ph\u1ee5 ki\u1ec7n: 0.4mm *2, 0.6mm *1, 0.8mm *1<br \/>\n+K\u00edch th\u01b0\u1edbc \u0111\u00f3ng g\u00f3i: 126.5\u00d7101\u00d715mm<br \/>\n+C\u00e1c lo\u1ea1i s\u1ee3i t\u01b0\u01a1ng th\u00edch: PLA, ABS, PETG, TPU, PP, PC, PLA-CF, PA-CF, PET-CF, v.v.<br \/>\n+S\u1eed d\u1ee5ng cho c\u00e1c d\u00f2ng m\u00e1y Creality: K1C, K1 Max, Ender-3 V3, Ender-3 V3 Plus&#8230;<\/p>\n<p>**To receive a better price, please contact the shop directly.<br \/>\n     0913.939.775 contact A.Quan (for English)<br \/>\n     094.144.0951 contact A.Quynh<br \/>\n**Selling price does not include VAT (+10% if VAT invoice is issued)<\/p>","protected":false},"excerpt":{"rendered":"<p>4-piece \u201cUnicorn\u201d Quick-Swap Nozzle Kit for Creality K1C, K1 Max, Ender-3 V3\/ Plus 3d printers<\/p>","protected":false},"featured_media":3611,"comment_status":"open","ping_status":"closed","template":"","meta":{"inline_featured_image":false},"product_brand":[],"product_cat":[40,56],"product_tag":[],"class_list":{"0":"post-3620","1":"product","2":"type-product","3":"status-publish","4":"has-post-thumbnail","6":"product_cat-linh-kien-va-phu-kien","7":"product_cat-linh-phu-kien-may-in-3d-creality","9":"first","10":"instock","11":"taxable","12":"shipping-taxable","13":"purchasable","14":"product-type-simple"},"yoast_head":"<!-- This site is optimized with the Yoast SEO Premium plugin v22.8 (Yoast SEO v26.9) - https:\/\/yoast.com\/product\/yoast-seo-premium-wordpress\/ -->\n<title>B\u1ed9 4 v\u00f2i phun ho\u00e1n \u0111\u1ed5i nhanh &quot;Unicorn&quot; Quick-Swap Nozzle Kit cho m\u00e1y in 3d Creality K1C, K1 Max, Ender-3 V3\/ Plus - NGE 3D Printers Services<\/title>\n<meta name=\"robots\" content=\"index, follow, max-snippet:-1, max-image-preview:large, max-video-preview:-1\" \/>\n<link rel=\"canonical\" href=\"https:\/\/nge.vn\/en\/product\/bo-4-voi-phun-hoan-doi-nhanh-unicorn-quick-swap-nozzle-kit-cho-may-in-3d-creality-k1c-k1-max-ender-3-v3-plus\/\" \/>\n<meta property=\"og:locale\" content=\"en_US\" \/>\n<meta property=\"og:type\" content=\"article\" \/>\n<meta property=\"og:title\" content=\"B\u1ed9 4 v\u00f2i phun ho\u00e1n \u0111\u1ed5i nhanh &quot;Unicorn&quot; Quick-Swap Nozzle Kit cho m\u00e1y in 3d Creality K1C, K1 Max, Ender-3 V3\/ Plus\" \/>\n<meta property=\"og:description\" content=\"B\u1ed9 4 v\u00f2i phun ho\u00e1n \u0111\u1ed5i nhanh &quot;Unicorn&quot; Quick-Swap Nozzle Kit cho m\u00e1y in 3d Creality K1C, K1 Max, Ender-3 V3\/ Plus\" \/>\n<meta property=\"og:url\" content=\"https:\/\/nge.vn\/en\/product\/bo-4-voi-phun-hoan-doi-nhanh-unicorn-quick-swap-nozzle-kit-cho-may-in-3d-creality-k1c-k1-max-ender-3-v3-plus\/\" \/>\n<meta property=\"og:site_name\" content=\"NGE 3D Printers Services\" \/>\n<meta property=\"article:modified_time\" content=\"2024-10-28T09:15:25+00:00\" \/>\n<meta property=\"og:image\" content=\"https:\/\/nge.vn\/wp-content\/uploads\/2024\/10\/images-upload-woo2Fdc805aafcd080416b96a3331a4235d36.jpg\" \/>\n\t<meta property=\"og:image:width\" content=\"905\" \/>\n\t<meta property=\"og:image:height\" content=\"905\" \/>\n\t<meta property=\"og:image:type\" content=\"image\/jpeg\" \/>\n<meta name=\"twitter:card\" content=\"summary_large_image\" \/>\n<meta name=\"twitter:label1\" content=\"Est. reading time\" \/>\n\t<meta name=\"twitter:data1\" content=\"3 minutes\" \/>\n<script type=\"application\/ld+json\" class=\"yoast-schema-graph\">{\"@context\":\"https:\/\/schema.org\",\"@graph\":[{\"@type\":\"WebPage\",\"@id\":\"https:\/\/nge.vn\/san-pham\/bo-4-voi-phun-hoan-doi-nhanh-unicorn-quick-swap-nozzle-kit-cho-may-in-3d-creality-k1c-k1-max-ender-3-v3-plus\/\",\"url\":\"https:\/\/nge.vn\/san-pham\/bo-4-voi-phun-hoan-doi-nhanh-unicorn-quick-swap-nozzle-kit-cho-may-in-3d-creality-k1c-k1-max-ender-3-v3-plus\/\",\"name\":\"B\u1ed9 4 v\u00f2i phun ho\u00e1n \u0111\u1ed5i nhanh \\\"Unicorn\\\" Quick-Swap Nozzle Kit cho m\u00e1y in 3d Creality K1C, K1 Max, Ender-3 V3\/ Plus - NGE 3D Printers Services\",\"isPartOf\":{\"@id\":\"https:\/\/nge.vn\/#website\"},\"primaryImageOfPage\":{\"@id\":\"https:\/\/nge.vn\/san-pham\/bo-4-voi-phun-hoan-doi-nhanh-unicorn-quick-swap-nozzle-kit-cho-may-in-3d-creality-k1c-k1-max-ender-3-v3-plus\/#primaryimage\"},\"image\":{\"@id\":\"https:\/\/nge.vn\/san-pham\/bo-4-voi-phun-hoan-doi-nhanh-unicorn-quick-swap-nozzle-kit-cho-may-in-3d-creality-k1c-k1-max-ender-3-v3-plus\/#primaryimage\"},\"thumbnailUrl\":\"https:\/\/nge.vn\/wp-content\/uploads\/2024\/10\/images-upload-woo2Fdc805aafcd080416b96a3331a4235d36.jpg\",\"datePublished\":\"2024-10-26T08:51:42+00:00\",\"dateModified\":\"2024-10-28T09:15:25+00:00\",\"breadcrumb\":{\"@id\":\"https:\/\/nge.vn\/san-pham\/bo-4-voi-phun-hoan-doi-nhanh-unicorn-quick-swap-nozzle-kit-cho-may-in-3d-creality-k1c-k1-max-ender-3-v3-plus\/#breadcrumb\"},\"inLanguage\":\"en-US\",\"potentialAction\":[{\"@type\":\"ReadAction\",\"target\":[\"https:\/\/nge.vn\/san-pham\/bo-4-voi-phun-hoan-doi-nhanh-unicorn-quick-swap-nozzle-kit-cho-may-in-3d-creality-k1c-k1-max-ender-3-v3-plus\/\"]}]},{\"@type\":\"ImageObject\",\"inLanguage\":\"en-US\",\"@id\":\"https:\/\/nge.vn\/san-pham\/bo-4-voi-phun-hoan-doi-nhanh-unicorn-quick-swap-nozzle-kit-cho-may-in-3d-creality-k1c-k1-max-ender-3-v3-plus\/#primaryimage\",\"url\":\"https:\/\/nge.vn\/wp-content\/uploads\/2024\/10\/images-upload-woo2Fdc805aafcd080416b96a3331a4235d36.jpg\",\"contentUrl\":\"https:\/\/nge.vn\/wp-content\/uploads\/2024\/10\/images-upload-woo2Fdc805aafcd080416b96a3331a4235d36.jpg\",\"width\":905,\"height\":905},{\"@type\":\"BreadcrumbList\",\"@id\":\"https:\/\/nge.vn\/san-pham\/bo-4-voi-phun-hoan-doi-nhanh-unicorn-quick-swap-nozzle-kit-cho-may-in-3d-creality-k1c-k1-max-ender-3-v3-plus\/#breadcrumb\",\"itemListElement\":[{\"@type\":\"ListItem\",\"position\":1,\"name\":\"Trang ch\u1ee7\",\"item\":\"https:\/\/nge.vn\/\"},{\"@type\":\"ListItem\",\"position\":2,\"name\":\"S\u1ea3n ph\u1ea9m\",\"item\":\"https:\/\/nge.vn\/san-pham\/\"},{\"@type\":\"ListItem\",\"position\":3,\"name\":\"B\u1ed9 4 v\u00f2i phun ho\u00e1n \u0111\u1ed5i nhanh &#8220;Unicorn&#8221; Quick-Swap Nozzle Kit cho m\u00e1y in 3d Creality K1C, K1 Max, Ender-3 V3\/ Plus\"}]},{\"@type\":\"WebSite\",\"@id\":\"https:\/\/nge.vn\/#website\",\"url\":\"https:\/\/nge.vn\/\",\"name\":\"NGE 3D Printers Services\",\"description\":\"\",\"potentialAction\":[{\"@type\":\"SearchAction\",\"target\":{\"@type\":\"EntryPoint\",\"urlTemplate\":\"https:\/\/nge.vn\/?s={search_term_string}\"},\"query-input\":{\"@type\":\"PropertyValueSpecification\",\"valueRequired\":true,\"valueName\":\"search_term_string\"}}],\"inLanguage\":\"en-US\"}]}<\/script>\n<!-- \/ Yoast SEO Premium plugin. -->","yoast_head_json":{"title":"B\u1ed9 4 v\u00f2i phun ho\u00e1n \u0111\u1ed5i nhanh \"Unicorn\" Quick-Swap Nozzle Kit cho m\u00e1y in 3d Creality K1C, K1 Max, Ender-3 V3\/ Plus - NGE 3D Printers Services","robots":{"index":"index","follow":"follow","max-snippet":"max-snippet:-1","max-image-preview":"max-image-preview:large","max-video-preview":"max-video-preview:-1"},"canonical":"https:\/\/nge.vn\/en\/product\/bo-4-voi-phun-hoan-doi-nhanh-unicorn-quick-swap-nozzle-kit-cho-may-in-3d-creality-k1c-k1-max-ender-3-v3-plus\/","og_locale":"en_US","og_type":"article","og_title":"B\u1ed9 4 v\u00f2i phun ho\u00e1n \u0111\u1ed5i nhanh \"Unicorn\" Quick-Swap Nozzle Kit cho m\u00e1y in 3d Creality K1C, K1 Max, Ender-3 V3\/ Plus","og_description":"B\u1ed9 4 v\u00f2i phun ho\u00e1n \u0111\u1ed5i nhanh \"Unicorn\" Quick-Swap Nozzle Kit cho m\u00e1y in 3d Creality K1C, K1 Max, Ender-3 V3\/ Plus","og_url":"https:\/\/nge.vn\/en\/product\/bo-4-voi-phun-hoan-doi-nhanh-unicorn-quick-swap-nozzle-kit-cho-may-in-3d-creality-k1c-k1-max-ender-3-v3-plus\/","og_site_name":"NGE 3D Printers Services","article_modified_time":"2024-10-28T09:15:25+00:00","og_image":[{"width":905,"height":905,"url":"https:\/\/nge.vn\/wp-content\/uploads\/2024\/10\/images-upload-woo2Fdc805aafcd080416b96a3331a4235d36.jpg","type":"image\/jpeg"}],"twitter_card":"summary_large_image","twitter_misc":{"Est. reading time":"3 minutes"},"schema":{"@context":"https:\/\/schema.org","@graph":[{"@type":"WebPage","@id":"https:\/\/nge.vn\/san-pham\/bo-4-voi-phun-hoan-doi-nhanh-unicorn-quick-swap-nozzle-kit-cho-may-in-3d-creality-k1c-k1-max-ender-3-v3-plus\/","url":"https:\/\/nge.vn\/san-pham\/bo-4-voi-phun-hoan-doi-nhanh-unicorn-quick-swap-nozzle-kit-cho-may-in-3d-creality-k1c-k1-max-ender-3-v3-plus\/","name":"B\u1ed9 4 v\u00f2i phun ho\u00e1n \u0111\u1ed5i nhanh \"Unicorn\" Quick-Swap Nozzle Kit cho m\u00e1y in 3d Creality K1C, K1 Max, Ender-3 V3\/ Plus - NGE 3D Printers Services","isPartOf":{"@id":"https:\/\/nge.vn\/#website"},"primaryImageOfPage":{"@id":"https:\/\/nge.vn\/san-pham\/bo-4-voi-phun-hoan-doi-nhanh-unicorn-quick-swap-nozzle-kit-cho-may-in-3d-creality-k1c-k1-max-ender-3-v3-plus\/#primaryimage"},"image":{"@id":"https:\/\/nge.vn\/san-pham\/bo-4-voi-phun-hoan-doi-nhanh-unicorn-quick-swap-nozzle-kit-cho-may-in-3d-creality-k1c-k1-max-ender-3-v3-plus\/#primaryimage"},"thumbnailUrl":"https:\/\/nge.vn\/wp-content\/uploads\/2024\/10\/images-upload-woo2Fdc805aafcd080416b96a3331a4235d36.jpg","datePublished":"2024-10-26T08:51:42+00:00","dateModified":"2024-10-28T09:15:25+00:00","breadcrumb":{"@id":"https:\/\/nge.vn\/san-pham\/bo-4-voi-phun-hoan-doi-nhanh-unicorn-quick-swap-nozzle-kit-cho-may-in-3d-creality-k1c-k1-max-ender-3-v3-plus\/#breadcrumb"},"inLanguage":"en-US","potentialAction":[{"@type":"ReadAction","target":["https:\/\/nge.vn\/san-pham\/bo-4-voi-phun-hoan-doi-nhanh-unicorn-quick-swap-nozzle-kit-cho-may-in-3d-creality-k1c-k1-max-ender-3-v3-plus\/"]}]},{"@type":"ImageObject","inLanguage":"en-US","@id":"https:\/\/nge.vn\/san-pham\/bo-4-voi-phun-hoan-doi-nhanh-unicorn-quick-swap-nozzle-kit-cho-may-in-3d-creality-k1c-k1-max-ender-3-v3-plus\/#primaryimage","url":"https:\/\/nge.vn\/wp-content\/uploads\/2024\/10\/images-upload-woo2Fdc805aafcd080416b96a3331a4235d36.jpg","contentUrl":"https:\/\/nge.vn\/wp-content\/uploads\/2024\/10\/images-upload-woo2Fdc805aafcd080416b96a3331a4235d36.jpg","width":905,"height":905},{"@type":"BreadcrumbList","@id":"https:\/\/nge.vn\/san-pham\/bo-4-voi-phun-hoan-doi-nhanh-unicorn-quick-swap-nozzle-kit-cho-may-in-3d-creality-k1c-k1-max-ender-3-v3-plus\/#breadcrumb","itemListElement":[{"@type":"ListItem","position":1,"name":"Trang ch\u1ee7","item":"https:\/\/nge.vn\/"},{"@type":"ListItem","position":2,"name":"S\u1ea3n ph\u1ea9m","item":"https:\/\/nge.vn\/san-pham\/"},{"@type":"ListItem","position":3,"name":"B\u1ed9 4 v\u00f2i phun ho\u00e1n \u0111\u1ed5i nhanh &#8220;Unicorn&#8221; Quick-Swap Nozzle Kit cho m\u00e1y in 3d Creality K1C, K1 Max, Ender-3 V3\/ Plus"}]},{"@type":"WebSite","@id":"https:\/\/nge.vn\/#website","url":"https:\/\/nge.vn\/","name":"NGE 3D Printers Services","description":"","potentialAction":[{"@type":"SearchAction","target":{"@type":"EntryPoint","urlTemplate":"https:\/\/nge.vn\/?s={search_term_string}"},"query-input":{"@type":"PropertyValueSpecification","valueRequired":true,"valueName":"search_term_string"}}],"inLanguage":"en-US"}]}},"_links":{"self":[{"href":"https:\/\/nge.vn\/en\/wp-json\/wp\/v2\/product\/3620","targetHints":{"allow":["GET"]}}],"collection":[{"href":"https:\/\/nge.vn\/en\/wp-json\/wp\/v2\/product"}],"about":[{"href":"https:\/\/nge.vn\/en\/wp-json\/wp\/v2\/types\/product"}],"replies":[{"embeddable":true,"href":"https:\/\/nge.vn\/en\/wp-json\/wp\/v2\/comments?post=3620"}],"wp:featuredmedia":[{"embeddable":true,"href":"https:\/\/nge.vn\/en\/wp-json\/wp\/v2\/media\/3611"}],"wp:attachment":[{"href":"https:\/\/nge.vn\/en\/wp-json\/wp\/v2\/media?parent=3620"}],"wp:term":[{"taxonomy":"product_brand","embeddable":true,"href":"https:\/\/nge.vn\/en\/wp-json\/wp\/v2\/product_brand?post=3620"},{"taxonomy":"product_cat","embeddable":true,"href":"https:\/\/nge.vn\/en\/wp-json\/wp\/v2\/product_cat?post=3620"},{"taxonomy":"product_tag","embeddable":true,"href":"https:\/\/nge.vn\/en\/wp-json\/wp\/v2\/product_tag?post=3620"}],"curies":[{"name":"wp","href":"https:\/\/api.w.org\/{rel}","templated":true}]}}