{"id":3594,"date":"2024-10-26T15:49:38","date_gmt":"2024-10-26T08:49:38","guid":{"rendered":"https:\/\/nge.123websitedev.com\/san-pham\/nhua-in-3d-creality-cr-petg-khong-mui-chong-am-it-cong-venh-1kg-cuon\/"},"modified":"2025-11-07T14:30:55","modified_gmt":"2025-11-07T07:30:55","slug":"nhua-in-3d-creality-cr-petg-khong-mui-chong-am-it-cong-venh-1kg-cuon","status":"publish","type":"product","link":"https:\/\/nge.vn\/en\/product\/nhua-in-3d-creality-cr-petg-khong-mui-chong-am-it-cong-venh-1kg-cuon\/","title":{"rendered":"Creality CR-PETG 3D printing plastic, odorless, moisture-proof, less warping, 1kg\/Roll"},"content":{"rendered":"<p>Creality CR-PETG 3D printing plastic, odorless, moisture-proof, less warping, 1kg\/Roll<br \/>\nHi\u1ec7u su\u1ea5t cao N\u00f3 c\u00f3 \u01b0u \u0111i\u1ec3m c\u1ee7a c\u1ea3 s\u1ee3i PLA v\u00e0 ABS<br \/>\n+Th\u00e2n thi\u1ec7n v\u1edbi m\u00f4i tr\u01b0\u1eddng, kh\u00f4ng m\u00f9i v\u00e0 kh\u00f4ng \u0111\u1ed9c h\u1ea1i<br \/>\n+Kh\u00f4ng b\u1ecb n\u1ee9t, cong v\u00eanh<br \/>\n+Ch\u1ed1ng \u1ea9m<br \/>\n+B\u00f3ng<br \/>\n+Kh\u00f4ng cong v\u00eanh<br \/>\n+\u0110\u1ed9 d\u1ebbo dai tuy\u1ec7t v\u1eddi<br \/>\n+\u0110\u1ed9 ch\u00ednh x\u00e1c cao<br \/>\n+Kh\u00f4ng c\u00f3 bong b\u00f3ng<br \/>\n+D\u00f2ng ch\u1ea3y t\u1ed1t<\/p>\n<p>_Th\u00e2n thi\u1ec7n v\u1edbi m\u00f4i tr\u01b0\u1eddng, kh\u00f4ng m\u00f9i v\u00e0 kh\u00f4ng \u0111\u1ed9c h\u1ea1i<br \/>\nPETG c\u00f3 kh\u1ea3 n\u0103ng ch\u1ed1ng ch\u1ecbu th\u1eddi ti\u1ebft v\u00e0 kh\u00e1ng h\u00f3a ch\u1ea5t tuy\u1ec7t v\u1eddi, kh\u00f4ng m\u00f9i v\u00e0 kh\u00f4ng \u0111\u1ed9c h\u1ea1i, th\u00e2n thi\u1ec7n v\u1edbi m\u00f4i tr\u01b0\u1eddng. N\u00f3 c\u00f3 th\u1ec3 in v\u1edbi k\u1ebft qu\u1ea3 t\u1ed1t.<br \/>\nTh\u00e2n thi\u1ec7n v\u1edbi m\u00f4i tr\u01b0\u1eddng<\/p>\n<p>_\u0110\u1ed9 \u1ed5n \u0111\u1ecbnh tuy\u1ec7t v\u1eddi v\u00e0 kh\u1ea3 n\u0103ng ch\u1ed1ng \u1ea9m<br \/>\nV\u1edbi \u0111\u01b0\u1eddng k\u00ednh \u0111\u1ed3ng \u0111\u1ec1u, kh\u00f4ng d\u1ec5 b\u1ecb n\u1ee9t v\u00e0 cong v\u00eanh.<\/p>\n<p>_V\u1edbi \u0111\u1ed9 d\u1ebbo dai t\u1ed1t n\u00ean m\u1eabu in ch\u1eafc ch\u1eafn v\u00e0 c\u1ee9ng c\u00e1p<br \/>\nD\u00e2y t\u00f3c c\u00f3 th\u1ec3 u\u1ed1n cong nhi\u1ec1u l\u1ea7n v\u1edbi \u0111\u1ed9 gi\u00e3n d\u00e0i cao khi \u0111\u1ee9t.<br \/>\n+G\u1ea5p nh\u1eb9: Kh\u00f4ng thay \u0111\u1ed5i<br \/>\n+G\u1ea5p n\u1eeda: Kh\u00f4ng thay \u0111\u1ed5i<br \/>\n+G\u1ea5p ho\u00e0n ch\u1ec9nh: Kh\u00f4ng thay \u0111\u1ed5i<\/p>\n<p>_Trong su\u1ed1t v\u00e0 b\u00f3ng<br \/>\nS\u1ea3n ph\u1ea9m ho\u00e0n thi\u1ec7n c\u00f3 b\u1ec1 m\u1eb7t m\u1ecbn v\u1edbi c\u00e1c chi ti\u1ebft tinh x\u1ea3o<\/p>\n<p>_Ho\u1ea1t \u0111\u1ed9ng \u0111\u01a1n gi\u1ea3n v\u00e0 kh\u1ea3 n\u0103ng t\u01b0\u01a1ng th\u00edch t\u1ed1t<br \/>\nCR PETG t\u01b0\u01a1ng th\u00edch v\u1edbi t\u1ea5t c\u1ea3 c\u00e1c m\u00e1y in Creality FDM. D\u00e2y t\u00f3c ch\u1ea5t l\u01b0\u1ee3ng cao t\u1ea1o ra t\u00e1c ph\u1ea9m ngh\u1ec7 thu\u1eadt tinh t\u1ebf.<\/p>\n<p>_Product specifications<br \/>\n+T\u00ean s\u1ea3n ph\u1ea9m: D\u00e2y t\u00f3c m\u00e1y in 3D CR-PETG<br \/>\n+Nhi\u1ec7t \u0111\u1ed9 in: 230-250\u00b0C<br \/>\n+Tr\u1ecdng l\u01b0\u1ee3ng \u0111\u00f3ng g\u00f3i: 1.15kg<br \/>\n+K\u00edch th\u01b0\u1edbc \u0111\u00f3ng g\u00f3i: 210*210*75mm<br \/>\n+Dung sai: \u00b10.03mm<br \/>\n+ T\u00e2y B\u1eafc: 1kg<br \/>\n+ \u0110\u1ed9 b\u1ec1n k\u00e9o: 49MPa<br \/>\n+Bong b\u00f3ng: Kh\u00f4ng<br \/>\n+ \u0110\u01b0\u1eddng k\u00ednh d\u00e2y t\u00f3c: 1.75mm<br \/>\n+ M\u00e0u s\u1eafc: Trong su\u1ed1t, \u0111\u1ecf, xanh d\u01b0\u01a1ng, xanh l\u00e1 c\u00e2y, v\u00e0ng, tr\u1eafng, \u0111en<\/p>\n<p>**To receive a better price, please contact the shop directly.<br \/>\n0913.939.775 contact A.Quan (for English)<br \/>\n094.144.0951 contact A.Quynh<br \/>\n**Selling price does not include VAT (+10% if VAT invoice is issued)<\/p>","protected":false},"excerpt":{"rendered":"<p>Creality CR-PETG 3D printing plastic, odorless, moisture-proof, less warping, 1kg\/Roll<\/p>","protected":false},"featured_media":3585,"comment_status":"open","ping_status":"closed","template":"","meta":{"inline_featured_image":false},"product_brand":[],"product_cat":[455,465],"product_tag":[],"class_list":{"0":"post-3594","1":"product","2":"type-product","3":"status-publish","4":"has-post-thumbnail","6":"product_cat-nhua-in-3d","7":"product_cat-nhua-in-3d-creality","9":"first","10":"instock","11":"sale","12":"taxable","13":"shipping-taxable","14":"purchasable","15":"product-type-variable"},"yoast_head":"<!-- This site is optimized with the Yoast SEO Premium plugin v22.8 (Yoast SEO v26.9) - https:\/\/yoast.com\/product\/yoast-seo-premium-wordpress\/ -->\n<title>Nh\u1ef1a in 3d Creality CR-PETG kh\u00f4ng m\u00f9i ch\u1ed1ng \u1ea9m \u00edt cong v\u00eanh 1kg\/ Cu\u1ed9n - NGE 3D Printers Services<\/title>\n<meta name=\"robots\" content=\"index, follow, max-snippet:-1, max-image-preview:large, max-video-preview:-1\" \/>\n<link rel=\"canonical\" href=\"https:\/\/nge.vn\/en\/product\/nhua-in-3d-creality-cr-petg-khong-mui-chong-am-it-cong-venh-1kg-cuon\/\" \/>\n<meta property=\"og:locale\" content=\"en_US\" \/>\n<meta property=\"og:type\" content=\"article\" \/>\n<meta property=\"og:title\" content=\"Nh\u1ef1a in 3d Creality CR-PETG kh\u00f4ng m\u00f9i ch\u1ed1ng \u1ea9m \u00edt cong v\u00eanh 1kg\/ Cu\u1ed9n\" \/>\n<meta property=\"og:description\" content=\"Nh\u1ef1a in 3d Creality CR-PETG kh\u00f4ng m\u00f9i ch\u1ed1ng \u1ea9m \u00edt cong v\u00eanh 1kg\/ Cu\u1ed9n\" \/>\n<meta property=\"og:url\" content=\"https:\/\/nge.vn\/en\/product\/nhua-in-3d-creality-cr-petg-khong-mui-chong-am-it-cong-venh-1kg-cuon\/\" \/>\n<meta property=\"og:site_name\" content=\"NGE 3D Printers Services\" \/>\n<meta property=\"article:modified_time\" content=\"2025-11-07T07:30:55+00:00\" \/>\n<meta property=\"og:image\" content=\"https:\/\/nge.vn\/wp-content\/uploads\/2024\/10\/images-upload-woo2Fe49e8f9a1e61202012f44f257c3cf2ad.jpg\" \/>\n\t<meta property=\"og:image:width\" content=\"885\" \/>\n\t<meta property=\"og:image:height\" content=\"885\" \/>\n\t<meta property=\"og:image:type\" content=\"image\/jpeg\" \/>\n<meta name=\"twitter:card\" content=\"summary_large_image\" \/>\n<meta name=\"twitter:label1\" content=\"Est. reading time\" \/>\n\t<meta name=\"twitter:data1\" content=\"2 minutes\" \/>\n<script type=\"application\/ld+json\" class=\"yoast-schema-graph\">{\"@context\":\"https:\/\/schema.org\",\"@graph\":[{\"@type\":\"WebPage\",\"@id\":\"https:\/\/nge.vn\/san-pham\/nhua-in-3d-creality-cr-petg-khong-mui-chong-am-it-cong-venh-1kg-cuon\/\",\"url\":\"https:\/\/nge.vn\/san-pham\/nhua-in-3d-creality-cr-petg-khong-mui-chong-am-it-cong-venh-1kg-cuon\/\",\"name\":\"Nh\u1ef1a in 3d Creality CR-PETG kh\u00f4ng m\u00f9i ch\u1ed1ng \u1ea9m \u00edt cong v\u00eanh 1kg\/ Cu\u1ed9n - NGE 3D Printers Services\",\"isPartOf\":{\"@id\":\"https:\/\/nge.vn\/#website\"},\"primaryImageOfPage\":{\"@id\":\"https:\/\/nge.vn\/san-pham\/nhua-in-3d-creality-cr-petg-khong-mui-chong-am-it-cong-venh-1kg-cuon\/#primaryimage\"},\"image\":{\"@id\":\"https:\/\/nge.vn\/san-pham\/nhua-in-3d-creality-cr-petg-khong-mui-chong-am-it-cong-venh-1kg-cuon\/#primaryimage\"},\"thumbnailUrl\":\"https:\/\/nge.vn\/wp-content\/uploads\/2024\/10\/images-upload-woo2Fe49e8f9a1e61202012f44f257c3cf2ad.jpg\",\"datePublished\":\"2024-10-26T08:49:38+00:00\",\"dateModified\":\"2025-11-07T07:30:55+00:00\",\"breadcrumb\":{\"@id\":\"https:\/\/nge.vn\/san-pham\/nhua-in-3d-creality-cr-petg-khong-mui-chong-am-it-cong-venh-1kg-cuon\/#breadcrumb\"},\"inLanguage\":\"en-US\",\"potentialAction\":[{\"@type\":\"ReadAction\",\"target\":[\"https:\/\/nge.vn\/san-pham\/nhua-in-3d-creality-cr-petg-khong-mui-chong-am-it-cong-venh-1kg-cuon\/\"]}]},{\"@type\":\"ImageObject\",\"inLanguage\":\"en-US\",\"@id\":\"https:\/\/nge.vn\/san-pham\/nhua-in-3d-creality-cr-petg-khong-mui-chong-am-it-cong-venh-1kg-cuon\/#primaryimage\",\"url\":\"https:\/\/nge.vn\/wp-content\/uploads\/2024\/10\/images-upload-woo2Fe49e8f9a1e61202012f44f257c3cf2ad.jpg\",\"contentUrl\":\"https:\/\/nge.vn\/wp-content\/uploads\/2024\/10\/images-upload-woo2Fe49e8f9a1e61202012f44f257c3cf2ad.jpg\",\"width\":885,\"height\":885},{\"@type\":\"BreadcrumbList\",\"@id\":\"https:\/\/nge.vn\/san-pham\/nhua-in-3d-creality-cr-petg-khong-mui-chong-am-it-cong-venh-1kg-cuon\/#breadcrumb\",\"itemListElement\":[{\"@type\":\"ListItem\",\"position\":1,\"name\":\"Trang ch\u1ee7\",\"item\":\"https:\/\/nge.vn\/\"},{\"@type\":\"ListItem\",\"position\":2,\"name\":\"S\u1ea3n ph\u1ea9m\",\"item\":\"https:\/\/nge.vn\/san-pham\/\"},{\"@type\":\"ListItem\",\"position\":3,\"name\":\"Nh\u1ef1a in 3d Creality CR-PETG kh\u00f4ng m\u00f9i ch\u1ed1ng \u1ea9m \u00edt cong v\u00eanh 1kg\/ Cu\u1ed9n\"}]},{\"@type\":\"WebSite\",\"@id\":\"https:\/\/nge.vn\/#website\",\"url\":\"https:\/\/nge.vn\/\",\"name\":\"NGE 3D Printers Services\",\"description\":\"\",\"potentialAction\":[{\"@type\":\"SearchAction\",\"target\":{\"@type\":\"EntryPoint\",\"urlTemplate\":\"https:\/\/nge.vn\/?s={search_term_string}\"},\"query-input\":{\"@type\":\"PropertyValueSpecification\",\"valueRequired\":true,\"valueName\":\"search_term_string\"}}],\"inLanguage\":\"en-US\"}]}<\/script>\n<!-- \/ Yoast SEO Premium plugin. -->","yoast_head_json":{"title":"Nh\u1ef1a in 3d Creality CR-PETG kh\u00f4ng m\u00f9i ch\u1ed1ng \u1ea9m \u00edt cong v\u00eanh 1kg\/ Cu\u1ed9n - NGE 3D Printers Services","robots":{"index":"index","follow":"follow","max-snippet":"max-snippet:-1","max-image-preview":"max-image-preview:large","max-video-preview":"max-video-preview:-1"},"canonical":"https:\/\/nge.vn\/en\/product\/nhua-in-3d-creality-cr-petg-khong-mui-chong-am-it-cong-venh-1kg-cuon\/","og_locale":"en_US","og_type":"article","og_title":"Nh\u1ef1a in 3d Creality CR-PETG kh\u00f4ng m\u00f9i ch\u1ed1ng \u1ea9m \u00edt cong v\u00eanh 1kg\/ Cu\u1ed9n","og_description":"Nh\u1ef1a in 3d Creality CR-PETG kh\u00f4ng m\u00f9i ch\u1ed1ng \u1ea9m \u00edt cong v\u00eanh 1kg\/ Cu\u1ed9n","og_url":"https:\/\/nge.vn\/en\/product\/nhua-in-3d-creality-cr-petg-khong-mui-chong-am-it-cong-venh-1kg-cuon\/","og_site_name":"NGE 3D Printers Services","article_modified_time":"2025-11-07T07:30:55+00:00","og_image":[{"width":885,"height":885,"url":"https:\/\/nge.vn\/wp-content\/uploads\/2024\/10\/images-upload-woo2Fe49e8f9a1e61202012f44f257c3cf2ad.jpg","type":"image\/jpeg"}],"twitter_card":"summary_large_image","twitter_misc":{"Est. reading time":"2 minutes"},"schema":{"@context":"https:\/\/schema.org","@graph":[{"@type":"WebPage","@id":"https:\/\/nge.vn\/san-pham\/nhua-in-3d-creality-cr-petg-khong-mui-chong-am-it-cong-venh-1kg-cuon\/","url":"https:\/\/nge.vn\/san-pham\/nhua-in-3d-creality-cr-petg-khong-mui-chong-am-it-cong-venh-1kg-cuon\/","name":"Nh\u1ef1a in 3d Creality CR-PETG kh\u00f4ng m\u00f9i ch\u1ed1ng \u1ea9m \u00edt cong v\u00eanh 1kg\/ Cu\u1ed9n - NGE 3D Printers Services","isPartOf":{"@id":"https:\/\/nge.vn\/#website"},"primaryImageOfPage":{"@id":"https:\/\/nge.vn\/san-pham\/nhua-in-3d-creality-cr-petg-khong-mui-chong-am-it-cong-venh-1kg-cuon\/#primaryimage"},"image":{"@id":"https:\/\/nge.vn\/san-pham\/nhua-in-3d-creality-cr-petg-khong-mui-chong-am-it-cong-venh-1kg-cuon\/#primaryimage"},"thumbnailUrl":"https:\/\/nge.vn\/wp-content\/uploads\/2024\/10\/images-upload-woo2Fe49e8f9a1e61202012f44f257c3cf2ad.jpg","datePublished":"2024-10-26T08:49:38+00:00","dateModified":"2025-11-07T07:30:55+00:00","breadcrumb":{"@id":"https:\/\/nge.vn\/san-pham\/nhua-in-3d-creality-cr-petg-khong-mui-chong-am-it-cong-venh-1kg-cuon\/#breadcrumb"},"inLanguage":"en-US","potentialAction":[{"@type":"ReadAction","target":["https:\/\/nge.vn\/san-pham\/nhua-in-3d-creality-cr-petg-khong-mui-chong-am-it-cong-venh-1kg-cuon\/"]}]},{"@type":"ImageObject","inLanguage":"en-US","@id":"https:\/\/nge.vn\/san-pham\/nhua-in-3d-creality-cr-petg-khong-mui-chong-am-it-cong-venh-1kg-cuon\/#primaryimage","url":"https:\/\/nge.vn\/wp-content\/uploads\/2024\/10\/images-upload-woo2Fe49e8f9a1e61202012f44f257c3cf2ad.jpg","contentUrl":"https:\/\/nge.vn\/wp-content\/uploads\/2024\/10\/images-upload-woo2Fe49e8f9a1e61202012f44f257c3cf2ad.jpg","width":885,"height":885},{"@type":"BreadcrumbList","@id":"https:\/\/nge.vn\/san-pham\/nhua-in-3d-creality-cr-petg-khong-mui-chong-am-it-cong-venh-1kg-cuon\/#breadcrumb","itemListElement":[{"@type":"ListItem","position":1,"name":"Trang ch\u1ee7","item":"https:\/\/nge.vn\/"},{"@type":"ListItem","position":2,"name":"S\u1ea3n ph\u1ea9m","item":"https:\/\/nge.vn\/san-pham\/"},{"@type":"ListItem","position":3,"name":"Nh\u1ef1a in 3d Creality CR-PETG kh\u00f4ng m\u00f9i ch\u1ed1ng \u1ea9m \u00edt cong v\u00eanh 1kg\/ Cu\u1ed9n"}]},{"@type":"WebSite","@id":"https:\/\/nge.vn\/#website","url":"https:\/\/nge.vn\/","name":"NGE 3D Printers Services","description":"","potentialAction":[{"@type":"SearchAction","target":{"@type":"EntryPoint","urlTemplate":"https:\/\/nge.vn\/?s={search_term_string}"},"query-input":{"@type":"PropertyValueSpecification","valueRequired":true,"valueName":"search_term_string"}}],"inLanguage":"en-US"}]}},"_links":{"self":[{"href":"https:\/\/nge.vn\/en\/wp-json\/wp\/v2\/product\/3594","targetHints":{"allow":["GET"]}}],"collection":[{"href":"https:\/\/nge.vn\/en\/wp-json\/wp\/v2\/product"}],"about":[{"href":"https:\/\/nge.vn\/en\/wp-json\/wp\/v2\/types\/product"}],"replies":[{"embeddable":true,"href":"https:\/\/nge.vn\/en\/wp-json\/wp\/v2\/comments?post=3594"}],"wp:featuredmedia":[{"embeddable":true,"href":"https:\/\/nge.vn\/en\/wp-json\/wp\/v2\/media\/3585"}],"wp:attachment":[{"href":"https:\/\/nge.vn\/en\/wp-json\/wp\/v2\/media?parent=3594"}],"wp:term":[{"taxonomy":"product_brand","embeddable":true,"href":"https:\/\/nge.vn\/en\/wp-json\/wp\/v2\/product_brand?post=3594"},{"taxonomy":"product_cat","embeddable":true,"href":"https:\/\/nge.vn\/en\/wp-json\/wp\/v2\/product_cat?post=3594"},{"taxonomy":"product_tag","embeddable":true,"href":"https:\/\/nge.vn\/en\/wp-json\/wp\/v2\/product_tag?post=3594"}],"curies":[{"name":"wp","href":"https:\/\/api.w.org\/{rel}","templated":true}]}}