{"id":3572,"date":"2024-10-26T15:46:14","date_gmt":"2024-10-26T08:46:14","guid":{"rendered":"https:\/\/nge.123websitedev.com\/san-pham\/nhua-in-3d-cau-va-mao-rang-tam-thoi-esun-tc100-temporary-crown-bridge-resin-500-1000ml-chai\/"},"modified":"2024-10-29T17:10:28","modified_gmt":"2024-10-29T10:10:28","slug":"nhua-in-3d-cau-va-mao-rang-tam-thoi-esun-tc100-temporary-crown-bridge-resin-500-1000ml-chai","status":"publish","type":"product","link":"https:\/\/nge.vn\/en\/product\/nhua-in-3d-cau-va-mao-rang-tam-thoi-esun-tc100-temporary-crown-bridge-resin-500-1000ml-chai\/","title":{"rendered":"Nh\u1ef1a in 3d c\u1ea7u v\u00e0 m\u00e3o r\u0103ng t\u1ea1m th\u1eddi eSun TC100 Temporary Crown &amp; Bridge Resin 500-1000ml\/ Chai"},"content":{"rendered":"<p>Nh\u1ef1a in 3d c\u1ea7u v\u00e0 m\u00e3o r\u0103ng t\u1ea1m th\u1eddi eSun TC100 Temporary Crown &amp; Bridge Resin<br \/>\n_Nh\u1ef1a in 3d nha khoa, d\u00f9ng \u0111\u1ec3 in m\u00f4 h\u00ecnh c\u1ea7u r\u0103ng v\u00e0 m\u00e3o r\u0103ng t\u1ea1m th\u1eddi. K\u1ebft c\u1ea5u v\u00e0 m\u00e0u s\u1eafc t\u1ef1 nhi\u00ean c\u1ee7a r\u0103ng.<br \/>\n_Sau khi l\u00e0m s\u1ea1ch, sau khi \u0111\u00f3ng r\u1eafn v\u00e0 \u0111\u00e1nh b\u00f3ng h\u1ed9p \u0111\u1ef1ng trong m\u00f4i tr\u01b0\u1eddng mi\u1ec7ng trong th\u1eddi gian ng\u1eafn, kh\u00f4ng m\u00f9i v\u00e0 kh\u00f4ng v\u1ecb;<br \/>\n_\u0110\u1ed9 c\u1ee9ng b\u1ec1 m\u1eb7t cao (&gt;80D);<br \/>\n_Ch\u1ed1ng tr\u1ea7y x\u01b0\u1edbc t\u1ed1t sau khi \u0111\u00f3ng r\u1eafn.<\/p>\n<p>+V\u1ebb ngo\u00e0i t\u1ef1 nhi\u00ean c\u1ee7a r\u0103ng<br \/>\n+\u0110\u1ed9 ch\u00ednh x\u00e1c \u0111\u00fac cao<br \/>\n+\u0110\u1ed9 c\u1ee9ng b\u1ec1 m\u1eb7t cao (&gt;80D)<br \/>\n+Ch\u1ed1ng tr\u1ea7y x\u01b0\u1edbc t\u1ed1t<\/p>\n<p>\u1ee8ng d\u1ee5ng: M\u00e3o r\u0103ng t\u1ea1m th\u1eddi, C\u1ea7u r\u0103ng t\u1ea1m th\u1eddi, Ch\u1ea9n \u0111o\u00e1n r\u0103ng gi\u1ea3<\/p>\n<p>_Printing Parameters:<br \/>\n+Product Name: eSun TC100 Temporary Crown &amp; Bridge Resin<br \/>\n+Exposure Time (s): 2.5 &#8211; 3<br \/>\n+Bottom Exposure Time (s): 25 -30<br \/>\n+Lifting Distance (mm): 6<br \/>\n+Bottom Lifting Distance (mm): 6<br \/>\n+Lift Speed (mm\/min): 80<br \/>\n+Bottom Lift Speed (mm\/min): 60<br \/>\n+Retract Speed (mm\/min): 150<\/p>\n<p>_Physical Performance Parameter Table:<br \/>\n+Viscosity (mPa:s) 150-350<br \/>\n+Density (g\/cm3) 1.05-1.25<br \/>\n+Shore Hardness (D) 80-90<br \/>\n+Tensile Strength (Mpa): 30.0\u00b110%<br \/>\n+Tensile Modulus (Mpa): 490.91\u00b110%<br \/>\n+Elongation at break (%) 6.45\u00b110%<br \/>\n+Maximum Bending Strength (MPa) 30.98\u00b110%<br \/>\n+Flexural Modulus of Elasticity (MPa) 927.13\u00b110%<br \/>\n+Impact Strength (J\/m) 32.0\u00b110%<br \/>\n+Shrinkage (%) 0.2-0.5<\/p>\n<p>**To receive a better price, please contact the shop directly.<br \/>\n0913.939.775 contact A.Quan (for English)<br \/>\n094.144.0951 contact A.Quynh<br \/>\n**Selling price does not include VAT (+10% if VAT invoice is issued)<\/p>","protected":false},"excerpt":{"rendered":"<p>Nh\u1ef1a in 3d c\u1ea7u v\u00e0 m\u00e3o r\u0103ng t\u1ea1m th\u1eddi eSun TC100 Temporary Crown &amp; Bridge Resin 500-1000ml\/ Chai<\/p>","protected":false},"featured_media":3563,"comment_status":"open","ping_status":"closed","template":"","meta":{"inline_featured_image":false},"product_brand":[],"product_cat":[455,43,464],"product_tag":[],"class_list":{"0":"post-3572","1":"product","2":"type-product","3":"status-publish","4":"has-post-thumbnail","6":"product_cat-nhua-in-3d","7":"product_cat-nhua-in-3d-resin","8":"product_cat-nhua-in-3d-resin-esun","10":"first","11":"instock","12":"taxable","13":"shipping-taxable","14":"purchasable","15":"product-type-variable"},"yoast_head":"<!-- This site is optimized with the Yoast SEO Premium plugin v22.8 (Yoast SEO v26.9) - https:\/\/yoast.com\/product\/yoast-seo-premium-wordpress\/ -->\n<title>Nh\u1ef1a in 3d c\u1ea7u v\u00e0 m\u00e3o r\u0103ng t\u1ea1m th\u1eddi eSun TC100 Temporary Crown &amp; Bridge Resin 500-1000ml\/ Chai - NGE 3D Printers Services<\/title>\n<meta name=\"robots\" content=\"index, follow, max-snippet:-1, max-image-preview:large, max-video-preview:-1\" \/>\n<link rel=\"canonical\" href=\"https:\/\/nge.vn\/en\/product\/nhua-in-3d-cau-va-mao-rang-tam-thoi-esun-tc100-temporary-crown-bridge-resin-500-1000ml-chai\/\" \/>\n<meta property=\"og:locale\" content=\"en_US\" \/>\n<meta property=\"og:type\" content=\"article\" \/>\n<meta property=\"og:title\" content=\"Nh\u1ef1a in 3d c\u1ea7u v\u00e0 m\u00e3o r\u0103ng t\u1ea1m th\u1eddi eSun TC100 Temporary Crown &amp; Bridge Resin 500-1000ml\/ Chai\" \/>\n<meta property=\"og:description\" content=\"Nh\u1ef1a in 3d c\u1ea7u v\u00e0 m\u00e3o r\u0103ng t\u1ea1m th\u1eddi eSun TC100 Temporary Crown &amp; Bridge Resin 500-1000ml\/ Chai\" \/>\n<meta property=\"og:url\" content=\"https:\/\/nge.vn\/en\/product\/nhua-in-3d-cau-va-mao-rang-tam-thoi-esun-tc100-temporary-crown-bridge-resin-500-1000ml-chai\/\" \/>\n<meta property=\"og:site_name\" content=\"NGE 3D Printers Services\" \/>\n<meta property=\"article:modified_time\" content=\"2024-10-29T10:10:28+00:00\" \/>\n<meta property=\"og:image\" content=\"https:\/\/nge.vn\/wp-content\/uploads\/2024\/10\/images-upload-woo2F3dea13359cb7d6d280d71b49e86eff7a.jpg\" \/>\n\t<meta property=\"og:image:width\" content=\"546\" \/>\n\t<meta property=\"og:image:height\" content=\"546\" \/>\n\t<meta property=\"og:image:type\" content=\"image\/jpeg\" \/>\n<meta name=\"twitter:card\" content=\"summary_large_image\" \/>\n<meta name=\"twitter:label1\" content=\"Est. reading time\" \/>\n\t<meta name=\"twitter:data1\" content=\"2 minutes\" \/>\n<script type=\"application\/ld+json\" class=\"yoast-schema-graph\">{\"@context\":\"https:\/\/schema.org\",\"@graph\":[{\"@type\":\"WebPage\",\"@id\":\"https:\/\/nge.vn\/san-pham\/nhua-in-3d-cau-va-mao-rang-tam-thoi-esun-tc100-temporary-crown-bridge-resin-500-1000ml-chai\/\",\"url\":\"https:\/\/nge.vn\/san-pham\/nhua-in-3d-cau-va-mao-rang-tam-thoi-esun-tc100-temporary-crown-bridge-resin-500-1000ml-chai\/\",\"name\":\"Nh\u1ef1a in 3d c\u1ea7u v\u00e0 m\u00e3o r\u0103ng t\u1ea1m th\u1eddi eSun TC100 Temporary Crown &amp; Bridge Resin 500-1000ml\/ Chai - NGE 3D Printers Services\",\"isPartOf\":{\"@id\":\"https:\/\/nge.vn\/#website\"},\"primaryImageOfPage\":{\"@id\":\"https:\/\/nge.vn\/san-pham\/nhua-in-3d-cau-va-mao-rang-tam-thoi-esun-tc100-temporary-crown-bridge-resin-500-1000ml-chai\/#primaryimage\"},\"image\":{\"@id\":\"https:\/\/nge.vn\/san-pham\/nhua-in-3d-cau-va-mao-rang-tam-thoi-esun-tc100-temporary-crown-bridge-resin-500-1000ml-chai\/#primaryimage\"},\"thumbnailUrl\":\"https:\/\/nge.vn\/wp-content\/uploads\/2024\/10\/images-upload-woo2F3dea13359cb7d6d280d71b49e86eff7a.jpg\",\"datePublished\":\"2024-10-26T08:46:14+00:00\",\"dateModified\":\"2024-10-29T10:10:28+00:00\",\"breadcrumb\":{\"@id\":\"https:\/\/nge.vn\/san-pham\/nhua-in-3d-cau-va-mao-rang-tam-thoi-esun-tc100-temporary-crown-bridge-resin-500-1000ml-chai\/#breadcrumb\"},\"inLanguage\":\"en-US\",\"potentialAction\":[{\"@type\":\"ReadAction\",\"target\":[\"https:\/\/nge.vn\/san-pham\/nhua-in-3d-cau-va-mao-rang-tam-thoi-esun-tc100-temporary-crown-bridge-resin-500-1000ml-chai\/\"]}]},{\"@type\":\"ImageObject\",\"inLanguage\":\"en-US\",\"@id\":\"https:\/\/nge.vn\/san-pham\/nhua-in-3d-cau-va-mao-rang-tam-thoi-esun-tc100-temporary-crown-bridge-resin-500-1000ml-chai\/#primaryimage\",\"url\":\"https:\/\/nge.vn\/wp-content\/uploads\/2024\/10\/images-upload-woo2F3dea13359cb7d6d280d71b49e86eff7a.jpg\",\"contentUrl\":\"https:\/\/nge.vn\/wp-content\/uploads\/2024\/10\/images-upload-woo2F3dea13359cb7d6d280d71b49e86eff7a.jpg\",\"width\":546,\"height\":546},{\"@type\":\"BreadcrumbList\",\"@id\":\"https:\/\/nge.vn\/san-pham\/nhua-in-3d-cau-va-mao-rang-tam-thoi-esun-tc100-temporary-crown-bridge-resin-500-1000ml-chai\/#breadcrumb\",\"itemListElement\":[{\"@type\":\"ListItem\",\"position\":1,\"name\":\"Trang ch\u1ee7\",\"item\":\"https:\/\/nge.vn\/\"},{\"@type\":\"ListItem\",\"position\":2,\"name\":\"S\u1ea3n ph\u1ea9m\",\"item\":\"https:\/\/nge.vn\/san-pham\/\"},{\"@type\":\"ListItem\",\"position\":3,\"name\":\"Nh\u1ef1a in 3d c\u1ea7u v\u00e0 m\u00e3o r\u0103ng t\u1ea1m th\u1eddi eSun TC100 Temporary Crown &amp; Bridge Resin 500-1000ml\/ Chai\"}]},{\"@type\":\"WebSite\",\"@id\":\"https:\/\/nge.vn\/#website\",\"url\":\"https:\/\/nge.vn\/\",\"name\":\"NGE 3D Printers Services\",\"description\":\"\",\"potentialAction\":[{\"@type\":\"SearchAction\",\"target\":{\"@type\":\"EntryPoint\",\"urlTemplate\":\"https:\/\/nge.vn\/?s={search_term_string}\"},\"query-input\":{\"@type\":\"PropertyValueSpecification\",\"valueRequired\":true,\"valueName\":\"search_term_string\"}}],\"inLanguage\":\"en-US\"}]}<\/script>\n<!-- \/ Yoast SEO Premium plugin. -->","yoast_head_json":{"title":"Nh\u1ef1a in 3d c\u1ea7u v\u00e0 m\u00e3o r\u0103ng t\u1ea1m th\u1eddi eSun TC100 Temporary Crown &amp; Bridge Resin 500-1000ml\/ Chai - NGE 3D Printers Services","robots":{"index":"index","follow":"follow","max-snippet":"max-snippet:-1","max-image-preview":"max-image-preview:large","max-video-preview":"max-video-preview:-1"},"canonical":"https:\/\/nge.vn\/en\/product\/nhua-in-3d-cau-va-mao-rang-tam-thoi-esun-tc100-temporary-crown-bridge-resin-500-1000ml-chai\/","og_locale":"en_US","og_type":"article","og_title":"Nh\u1ef1a in 3d c\u1ea7u v\u00e0 m\u00e3o r\u0103ng t\u1ea1m th\u1eddi eSun TC100 Temporary Crown &amp; Bridge Resin 500-1000ml\/ Chai","og_description":"Nh\u1ef1a in 3d c\u1ea7u v\u00e0 m\u00e3o r\u0103ng t\u1ea1m th\u1eddi eSun TC100 Temporary Crown &amp; Bridge Resin 500-1000ml\/ Chai","og_url":"https:\/\/nge.vn\/en\/product\/nhua-in-3d-cau-va-mao-rang-tam-thoi-esun-tc100-temporary-crown-bridge-resin-500-1000ml-chai\/","og_site_name":"NGE 3D Printers Services","article_modified_time":"2024-10-29T10:10:28+00:00","og_image":[{"width":546,"height":546,"url":"https:\/\/nge.vn\/wp-content\/uploads\/2024\/10\/images-upload-woo2F3dea13359cb7d6d280d71b49e86eff7a.jpg","type":"image\/jpeg"}],"twitter_card":"summary_large_image","twitter_misc":{"Est. reading time":"2 minutes"},"schema":{"@context":"https:\/\/schema.org","@graph":[{"@type":"WebPage","@id":"https:\/\/nge.vn\/san-pham\/nhua-in-3d-cau-va-mao-rang-tam-thoi-esun-tc100-temporary-crown-bridge-resin-500-1000ml-chai\/","url":"https:\/\/nge.vn\/san-pham\/nhua-in-3d-cau-va-mao-rang-tam-thoi-esun-tc100-temporary-crown-bridge-resin-500-1000ml-chai\/","name":"Nh\u1ef1a in 3d c\u1ea7u v\u00e0 m\u00e3o r\u0103ng t\u1ea1m th\u1eddi eSun TC100 Temporary Crown &amp; Bridge Resin 500-1000ml\/ Chai - NGE 3D Printers Services","isPartOf":{"@id":"https:\/\/nge.vn\/#website"},"primaryImageOfPage":{"@id":"https:\/\/nge.vn\/san-pham\/nhua-in-3d-cau-va-mao-rang-tam-thoi-esun-tc100-temporary-crown-bridge-resin-500-1000ml-chai\/#primaryimage"},"image":{"@id":"https:\/\/nge.vn\/san-pham\/nhua-in-3d-cau-va-mao-rang-tam-thoi-esun-tc100-temporary-crown-bridge-resin-500-1000ml-chai\/#primaryimage"},"thumbnailUrl":"https:\/\/nge.vn\/wp-content\/uploads\/2024\/10\/images-upload-woo2F3dea13359cb7d6d280d71b49e86eff7a.jpg","datePublished":"2024-10-26T08:46:14+00:00","dateModified":"2024-10-29T10:10:28+00:00","breadcrumb":{"@id":"https:\/\/nge.vn\/san-pham\/nhua-in-3d-cau-va-mao-rang-tam-thoi-esun-tc100-temporary-crown-bridge-resin-500-1000ml-chai\/#breadcrumb"},"inLanguage":"en-US","potentialAction":[{"@type":"ReadAction","target":["https:\/\/nge.vn\/san-pham\/nhua-in-3d-cau-va-mao-rang-tam-thoi-esun-tc100-temporary-crown-bridge-resin-500-1000ml-chai\/"]}]},{"@type":"ImageObject","inLanguage":"en-US","@id":"https:\/\/nge.vn\/san-pham\/nhua-in-3d-cau-va-mao-rang-tam-thoi-esun-tc100-temporary-crown-bridge-resin-500-1000ml-chai\/#primaryimage","url":"https:\/\/nge.vn\/wp-content\/uploads\/2024\/10\/images-upload-woo2F3dea13359cb7d6d280d71b49e86eff7a.jpg","contentUrl":"https:\/\/nge.vn\/wp-content\/uploads\/2024\/10\/images-upload-woo2F3dea13359cb7d6d280d71b49e86eff7a.jpg","width":546,"height":546},{"@type":"BreadcrumbList","@id":"https:\/\/nge.vn\/san-pham\/nhua-in-3d-cau-va-mao-rang-tam-thoi-esun-tc100-temporary-crown-bridge-resin-500-1000ml-chai\/#breadcrumb","itemListElement":[{"@type":"ListItem","position":1,"name":"Trang ch\u1ee7","item":"https:\/\/nge.vn\/"},{"@type":"ListItem","position":2,"name":"S\u1ea3n ph\u1ea9m","item":"https:\/\/nge.vn\/san-pham\/"},{"@type":"ListItem","position":3,"name":"Nh\u1ef1a in 3d c\u1ea7u v\u00e0 m\u00e3o r\u0103ng t\u1ea1m th\u1eddi eSun TC100 Temporary Crown &amp; Bridge Resin 500-1000ml\/ Chai"}]},{"@type":"WebSite","@id":"https:\/\/nge.vn\/#website","url":"https:\/\/nge.vn\/","name":"NGE 3D Printers Services","description":"","potentialAction":[{"@type":"SearchAction","target":{"@type":"EntryPoint","urlTemplate":"https:\/\/nge.vn\/?s={search_term_string}"},"query-input":{"@type":"PropertyValueSpecification","valueRequired":true,"valueName":"search_term_string"}}],"inLanguage":"en-US"}]}},"_links":{"self":[{"href":"https:\/\/nge.vn\/en\/wp-json\/wp\/v2\/product\/3572","targetHints":{"allow":["GET"]}}],"collection":[{"href":"https:\/\/nge.vn\/en\/wp-json\/wp\/v2\/product"}],"about":[{"href":"https:\/\/nge.vn\/en\/wp-json\/wp\/v2\/types\/product"}],"replies":[{"embeddable":true,"href":"https:\/\/nge.vn\/en\/wp-json\/wp\/v2\/comments?post=3572"}],"wp:featuredmedia":[{"embeddable":true,"href":"https:\/\/nge.vn\/en\/wp-json\/wp\/v2\/media\/3563"}],"wp:attachment":[{"href":"https:\/\/nge.vn\/en\/wp-json\/wp\/v2\/media?parent=3572"}],"wp:term":[{"taxonomy":"product_brand","embeddable":true,"href":"https:\/\/nge.vn\/en\/wp-json\/wp\/v2\/product_brand?post=3572"},{"taxonomy":"product_cat","embeddable":true,"href":"https:\/\/nge.vn\/en\/wp-json\/wp\/v2\/product_cat?post=3572"},{"taxonomy":"product_tag","embeddable":true,"href":"https:\/\/nge.vn\/en\/wp-json\/wp\/v2\/product_tag?post=3572"}],"curies":[{"name":"wp","href":"https:\/\/api.w.org\/{rel}","templated":true}]}}