{"id":3562,"date":"2024-10-26T15:44:03","date_gmt":"2024-10-26T08:44:03","guid":{"rendered":"https:\/\/nge.123websitedev.com\/san-pham\/bo-may-rua-va-say-kho-uv-uw-03-gen-3-0-wash-cure-machine\/"},"modified":"2025-06-17T09:51:04","modified_gmt":"2025-06-17T02:51:04","slug":"bo-may-rua-va-say-kho-uv-uw-03-gen-3-0-wash-cure-machine","status":"publish","type":"product","link":"https:\/\/nge.vn\/en\/product\/bo-may-rua-va-say-kho-uv-uw-03-gen-3-0-wash-cure-machine\/","title":{"rendered":"B\u1ed9 m\u00e1y r\u1eeda v\u00e0 s\u1ea5y kh\u00f4 UV UW-03 Gen 3.0 Wash &amp; Cure Machine"},"content":{"rendered":"<p>+Ti\u1ebft ki\u1ec7m kh\u00f4ng gian h\u01a1n<br \/>\n+V\u00f2ng xo\u00e1y m\u1ea1nh h\u01a1n 31%<br \/>\n+S\u1ea5y kh\u00f4 360\u00b0 v\u1edbi b\u00e0n xoay ch\u1ed1ng l\u1eadt<\/p>\n<p>_C\u00e1c b\u1ea3n in nh\u1ef1a m\u1edbi th\u01b0\u1eddng b\u1ecb bao ph\u1ee7 b\u1edfi c\u00e1c t\u1ea1p ch\u1ea5t l\u1ed9n x\u1ed9n v\u00e0 nh\u1ef1a ch\u01b0a \u0111\u01b0\u1ee3c x\u1eed l\u00fd k\u1ef9 c\u00f3 th\u1ec3 l\u00e0m gi\u1ea3m ch\u1ea5t l\u01b0\u1ee3ng cu\u1ed1i c\u00f9ng.<br \/>\n\u0110i\u1ec1u n\u00e0y c\u00f3 th\u1ec3 \u0111\u01b0\u1ee3c gi\u1ea3i quy\u1ebft g\u1ecdn g\u00e0ng b\u1eb1ng chi\u1ebfc UW-03 2 trong 1.<\/p>\n<p>M\u1ed9t c\u01a1n l\u1ed1c m\u1ea1nh m\u1ebd s\u1ebd l\u00e0m s\u1ea1ch t\u1ea5t c\u1ea3<br \/>\nUW-03 c\u00f3 c\u00e1nh qu\u1ea1t t\u1eeb t\u00ednh m\u1ea1nh m\u1ebd \u0111\u1ec3 khu\u1ea5y \u0111\u1ed9ng d\u00f2ng n\u01b0\u1edbc\/alcohol. N\u00f3 c\u00f3 th\u1ec3 r\u1eeda s\u1ea1ch c\u1eb7n nh\u1ef1a c\u1ee9ng \u0111\u1ea7u trong m\u1ecdi ng\u00f3c ng\u00e1ch c\u1ee7a c\u00e1c b\u1ee9c t\u01b0\u1ee3ng nh\u1ecf ho\u1eb7c t\u01b0\u1ee3ng nh\u1ecf.<br \/>\n+T\u1ed1c \u0111\u1ed9 n\u01b0\u1edbc nhanh h\u01a1n 31%*<br \/>\n+T\u1ed1c \u0111\u1ed9 c\u00e1nh qu\u1ea1t t\u1eeb 500r\/ph\u00fat*<\/p>\n<p>UW-03 nh\u1ecf h\u01a1n nh\u01b0ng \u0111\u01b0\u1ee3c trang b\u1ecb m\u1ed9t b\u00e0n xoay h\u00ecnh vu\u00f4ng l\u1edbn h\u01a1n c\u00f3 th\u1ec3 mang theo nhi\u1ec1u m\u1eabu l\u1edbn h\u01a1n v\u00e0 nhi\u1ec1u h\u01a1n cho m\u1ed9t l\u1ea7n x\u1eed l\u00fd<\/p>\n<p>Kh\u1ed1i l\u01b0\u1ee3ng s\u1ea5y kh\u00f4 10,64L (215*165*300mm) l\u1edbn h\u01a1n 17,3%<\/p>\n<p>B\u00e0n xoay ch\u1ed1ng l\u0103n \u0111\u1ec3 S\u1ea5y kh\u00f4<br \/>\nHi\u1ec7u qu\u1ea3 \u0111\u1ec3 gi\u1eef cho m\u00f4 h\u00ecnh 3D kh\u00f4ng b\u1ecb l\u0103n.<\/p>\n<p>_4 b\u00e1nh xe bi<br \/>\nC\u00e1c \u0111i\u1ec3m ch\u1ecbu tr\u1ecdng l\u01b0\u1ee3ng b\u1ed5 sung \u0111\u1ec3 \u1ed5n \u0111\u1ecbnh b\u00e0n xoay.<\/p>\n<p>_Ti\u1ebfp x\u00fac v\u1edbi tia c\u1ef1c t\u00edm 360\u00b0 c\u01b0\u1eddng \u0111\u1ed9 cao<br \/>\n+M\u1ea3ng \u0111\u00e8n LED UV 405nm c\u1ea3i ti\u1ebfn* mang l\u1ea1i kh\u1ea3 n\u0103ng ti\u1ebfp x\u00fac v\u1edbi tia UV c\u01b0\u1eddng \u0111\u1ed9 cao.<br \/>\n+Khi b\u00e0n xoay quay, b\u1ec1 m\u1eb7t m\u00f4 h\u00ecnh \u0111\u01b0\u1ee3c \u0111\u00f4ng c\u1ee9ng nhanh v\u00e0 \u0111\u1ec1u.<br \/>\n+C\u00f3 nh\u01b0 v\u1eady, b\u1ea3n in c\u1ee7a b\u1ea1n m\u1edbi c\u00f3 th\u1ec3 tr\u1edf n\u00ean ch\u1eafc ch\u1eafn v\u00e0 b\u1ec1n l\u00e2u.<br \/>\nC\u01b0\u1eddng \u0111\u1ed9 \u00e1nh s\u00e1ng trung t\u00e2m &gt; 20000nW\/cm\u201d<br \/>\n\u0110\u00e8n LED UV 405nm* 18 chi\u1ebfc<\/p>\n<p>Nhi\u1ec1u c\u00e1ch r\u1eeda v\u00e0 s\u1ea5y kh\u00f4 h\u01a1n<br \/>\nGi\u1edd \u0111\u00e2y, c\u1ea3 qu\u00e1 tr\u00ecnh gi\u1eb7t v\u00e0 x\u1eed l\u00fd \u0111\u1ec1u c\u00f3 th\u1ec3 \u0111\u01b0\u1ee3c th\u1ef1c hi\u1ec7n trong gi\u1ecf gi\u1eb7t m\u00e0 kh\u00f4ng c\u1ea7n chuy\u1ec3n c\u00e1c b\u1ea3n in.<\/p>\n<p>_R\u1eeda r\u1ed5<br \/>\nT\u1eadn d\u1ee5ng t\u1ed1i \u0111a th\u1ec3 t\u00edch gi\u1eb7t 6,72L (210x160x200mm).<\/p>\n<p>_R\u1eeda tr\u1ea1ng th\u00e1i treo<br \/>\nGi\u1eb7t tr\u1ef1c ti\u1ebfp c\u00e1c b\u1ea3n in \u0111\u01b0\u1ee3c g\u1eafn v\u00e0o t\u1ea5m in (8,9 \u0111\u1ebfn 10,3&#8221;)<\/p>\n<p>_Gi\u1ecf S\u1ea5y Kh\u00f4<br \/>\nTh\u00edch h\u1ee3p cho c\u00e1c b\u1ea3n in c\u00f3 h\u00ecnh d\u1ea1ng k\u1ef3 l\u1ea1<\/p>\n<p>_Ch\u1eefa b\u1ec7nh th\u00f4ng th\u01b0\u1eddng<br \/>\nCho ph\u00e9p s\u1eafp x\u1ebfp t\u1ec9 m\u1ec9 t\u1eebng b\u1ea3n in<\/p>\n<p>Ba bi\u1ec7n ph\u00e1p ph\u00f2ng ng\u1eeba cho s\u1ef1 an to\u00e0n<br \/>\n+N\u1eafp c\u00f3 t\u00f4ng m\u00e0u ch\u1eb7n 99,9% tia UV g\u00e2y h\u1ea1i cho m\u1eaft*<br \/>\n+Qu\u00e1 tr\u00ecnh \u0111\u00f3ng r\u1eafn s\u1ebd d\u1eebng l\u1ea1i n\u1ebfu kh\u00f4ng c\u00f3 n\u1eafp ch\u1eb7n tia UV. Kh\u00f4ng c\u00f3 nguy hi\u1ec3m t\u1eeb \u0111\u00e8n UV ho\u1eb7c b\u00e0n xoay \u0111ang ho\u1ea1t \u0111\u1ed9ng<br \/>\n+Th\u00f9ng gi\u1eb7t k\u00edn ho\u00e0n to\u00e0n. Kh\u00f4ng c\u00f2n hi\u1ec7n t\u01b0\u1ee3ng r\u00f2 r\u1ec9, tr\u00e0n ho\u1eb7c bay h\u01a1i ch\u1ea5t l\u1ecfng trong qu\u00e1 tr\u00ecnh gi\u1eb7t<br \/>\n*Kh\u00f4ng nh\u00ecn ch\u1eb1m ch\u1eb1m v\u00e0o tia UV trong m\u1ecdi t\u00ecnh hu\u1ed1ng<\/p>\n<p>C\u00e1c n\u00fat \u0111i\u1ec1u khi\u1ec3n ti\u1ec7n d\u1ee5ng<br \/>\n+T\u1ed1c \u0111\u1ed9 v\u00e0 b\u1ed9 h\u1eb9n gi\u1edd cho WASH\/CURE c\u00f3 th\u1ec3 \u0111\u01b0\u1ee3c \u0111\u1eb7t t\u00ednh b\u1eb1ng gi\u00e2y \u0111\u1ec3 ph\u1ea3n \u00e1nh lo\u1ea1i nh\u1ef1a, k\u00edch th\u01b0\u1edbc m\u1eabu v\u00e0 \u0111\u1ed9 ph\u1ee9c t\u1ea1p<br \/>\n+C\u00e1c n\u00fat b\u1ea5m v\u1eadt l\u00fd mang \u0111\u1ebfn cho b\u1ea1n t\u00edn hi\u1ec7u x\u00fac gi\u00e1c khi thao t\u00e1c<\/p>\n<p>Ch\u1ecdn dung m\u00f4i gi\u1eb7t ph\u00f9 h\u1ee3p<br \/>\nC\u00e1c b\u1ea3n in 3D b\u1eb1ng nh\u1ef1a c\u00f3 th\u1ec3 gi\u1eb7t \u0111\u01b0\u1ee3c b\u1eb1ng n\u01b0\u1edbc c\u00f3 th\u1ec3 \u0111\u01b0\u1ee3c r\u1eeda b\u1eb1ng n\u01b0\u1edbc tinh khi\u1ebft<br \/>\nB\u1ea3n in 3D t\u1eeb c\u00e1c lo\u1ea1i nh\u1ef1a kh\u00e1c c\u00f3 th\u1ec3 \u0111\u01b0\u1ee3c r\u1eeda b\u1eb1ng c\u1ed3n isopropyl 95%*<br \/>\n*C\u1ed3n isopropyl d\u01b0\u1edbi 95% c\u00f3 th\u1ec3 l\u00e0m cho b\u1ea3n in nh\u1ef1a b\u1ecb m\u1ec1m v\u00e0 chuy\u1ec3n m\u00e0u tr\u1eafng<\/p>\n<p>_Specifications<br \/>\n+Product Dimensions: 325*303*436mm<br \/>\n+Package Dimensions: 378*346*507mm<br \/>\n+Net Weight: 5.4kg<br \/>\n+Gross Weight: 7.5kg<br \/>\n+Wash Volume: 210*160*200mm (6.72L)<br \/>\n+Cure Volume: 215*165*300mm (10.64L)<br \/>\n+UV Wavelength: 405nm<br \/>\n+UV LED: 18 UV LEDs<br \/>\n+Timer Setting: 5-30min<br \/>\n+Speed Modes: Fast\/Normal<br \/>\n+Control Mode: Physical Buttons<br \/>\n+Enclosure: Fully Enclosed<br \/>\n+Container Material: PP<br \/>\n+Basket Material: Stainless Steel<br \/>\n+Input Voltage: 100V-240V<br \/>\n+Output Voltage: DC 24V<br \/>\n+Rated Power: 60W<br \/>\n+UI Languages: English\/ China<\/p>","protected":false},"excerpt":{"rendered":"<p>B\u1ed9 m\u00e1y r\u1eeda v\u00e0 s\u1ea5y kh\u00f4 UV UW-03 Gen 3.0 Wash &amp; Cure Machine<\/p>","protected":false},"featured_media":3553,"comment_status":"open","ping_status":"closed","template":"","meta":{"inline_featured_image":false},"product_brand":[],"product_cat":[42],"product_tag":[],"class_list":{"0":"post-3562","1":"product","2":"type-product","3":"status-publish","4":"has-post-thumbnail","6":"product_cat-may-rua-va-may-say","8":"first","9":"instock","10":"sale","11":"taxable","12":"shipping-taxable","13":"purchasable","14":"product-type-simple"},"yoast_head":"<!-- This site is optimized with the Yoast SEO Premium plugin v22.8 (Yoast SEO v26.9) - https:\/\/yoast.com\/product\/yoast-seo-premium-wordpress\/ -->\n<title>B\u1ed9 m\u00e1y r\u1eeda v\u00e0 s\u1ea5y kh\u00f4 UV UW-03 Gen 3.0 Wash &amp; Cure Machine - NGE 3D Printers Services<\/title>\n<meta name=\"robots\" content=\"index, follow, max-snippet:-1, max-image-preview:large, max-video-preview:-1\" \/>\n<link rel=\"canonical\" href=\"https:\/\/nge.vn\/en\/product\/bo-may-rua-va-say-kho-uv-uw-03-gen-3-0-wash-cure-machine\/\" \/>\n<meta property=\"og:locale\" content=\"en_US\" \/>\n<meta property=\"og:type\" content=\"article\" \/>\n<meta property=\"og:title\" content=\"B\u1ed9 m\u00e1y r\u1eeda v\u00e0 s\u1ea5y kh\u00f4 UV UW-03 Gen 3.0 Wash &amp; Cure Machine\" \/>\n<meta property=\"og:description\" content=\"B\u1ed9 m\u00e1y r\u1eeda v\u00e0 s\u1ea5y kh\u00f4 UV UW-03 Gen 3.0 Wash &amp; Cure Machine\" \/>\n<meta property=\"og:url\" content=\"https:\/\/nge.vn\/en\/product\/bo-may-rua-va-say-kho-uv-uw-03-gen-3-0-wash-cure-machine\/\" \/>\n<meta property=\"og:site_name\" content=\"NGE 3D Printers Services\" \/>\n<meta property=\"article:modified_time\" content=\"2025-06-17T02:51:04+00:00\" \/>\n<meta property=\"og:image\" content=\"https:\/\/nge.vn\/wp-content\/uploads\/2024\/10\/images-upload-woo2F7d1ec63eae755d54d74205b38611aed2.jpg\" \/>\n\t<meta property=\"og:image:width\" content=\"886\" \/>\n\t<meta property=\"og:image:height\" content=\"886\" \/>\n\t<meta property=\"og:image:type\" content=\"image\/jpeg\" \/>\n<meta name=\"twitter:card\" content=\"summary_large_image\" \/>\n<meta name=\"twitter:label1\" content=\"Est. reading time\" \/>\n\t<meta name=\"twitter:data1\" content=\"4 minutes\" \/>\n<script type=\"application\/ld+json\" class=\"yoast-schema-graph\">{\"@context\":\"https:\/\/schema.org\",\"@graph\":[{\"@type\":\"WebPage\",\"@id\":\"https:\/\/nge.vn\/san-pham\/bo-may-rua-va-say-kho-uv-uw-03-gen-3-0-wash-cure-machine\/\",\"url\":\"https:\/\/nge.vn\/san-pham\/bo-may-rua-va-say-kho-uv-uw-03-gen-3-0-wash-cure-machine\/\",\"name\":\"B\u1ed9 m\u00e1y r\u1eeda v\u00e0 s\u1ea5y kh\u00f4 UV UW-03 Gen 3.0 Wash &amp; Cure Machine - NGE 3D Printers Services\",\"isPartOf\":{\"@id\":\"https:\/\/nge.vn\/#website\"},\"primaryImageOfPage\":{\"@id\":\"https:\/\/nge.vn\/san-pham\/bo-may-rua-va-say-kho-uv-uw-03-gen-3-0-wash-cure-machine\/#primaryimage\"},\"image\":{\"@id\":\"https:\/\/nge.vn\/san-pham\/bo-may-rua-va-say-kho-uv-uw-03-gen-3-0-wash-cure-machine\/#primaryimage\"},\"thumbnailUrl\":\"https:\/\/nge.vn\/wp-content\/uploads\/2024\/10\/images-upload-woo2F7d1ec63eae755d54d74205b38611aed2.jpg\",\"datePublished\":\"2024-10-26T08:44:03+00:00\",\"dateModified\":\"2025-06-17T02:51:04+00:00\",\"breadcrumb\":{\"@id\":\"https:\/\/nge.vn\/san-pham\/bo-may-rua-va-say-kho-uv-uw-03-gen-3-0-wash-cure-machine\/#breadcrumb\"},\"inLanguage\":\"en-US\",\"potentialAction\":[{\"@type\":\"ReadAction\",\"target\":[\"https:\/\/nge.vn\/san-pham\/bo-may-rua-va-say-kho-uv-uw-03-gen-3-0-wash-cure-machine\/\"]}]},{\"@type\":\"ImageObject\",\"inLanguage\":\"en-US\",\"@id\":\"https:\/\/nge.vn\/san-pham\/bo-may-rua-va-say-kho-uv-uw-03-gen-3-0-wash-cure-machine\/#primaryimage\",\"url\":\"https:\/\/nge.vn\/wp-content\/uploads\/2024\/10\/images-upload-woo2F7d1ec63eae755d54d74205b38611aed2.jpg\",\"contentUrl\":\"https:\/\/nge.vn\/wp-content\/uploads\/2024\/10\/images-upload-woo2F7d1ec63eae755d54d74205b38611aed2.jpg\",\"width\":886,\"height\":886},{\"@type\":\"BreadcrumbList\",\"@id\":\"https:\/\/nge.vn\/san-pham\/bo-may-rua-va-say-kho-uv-uw-03-gen-3-0-wash-cure-machine\/#breadcrumb\",\"itemListElement\":[{\"@type\":\"ListItem\",\"position\":1,\"name\":\"Trang ch\u1ee7\",\"item\":\"https:\/\/nge.vn\/\"},{\"@type\":\"ListItem\",\"position\":2,\"name\":\"S\u1ea3n ph\u1ea9m\",\"item\":\"https:\/\/nge.vn\/san-pham\/\"},{\"@type\":\"ListItem\",\"position\":3,\"name\":\"B\u1ed9 m\u00e1y r\u1eeda v\u00e0 s\u1ea5y kh\u00f4 UV UW-03 Gen 3.0 Wash &amp; Cure Machine\"}]},{\"@type\":\"WebSite\",\"@id\":\"https:\/\/nge.vn\/#website\",\"url\":\"https:\/\/nge.vn\/\",\"name\":\"NGE 3D Printers Services\",\"description\":\"\",\"potentialAction\":[{\"@type\":\"SearchAction\",\"target\":{\"@type\":\"EntryPoint\",\"urlTemplate\":\"https:\/\/nge.vn\/?s={search_term_string}\"},\"query-input\":{\"@type\":\"PropertyValueSpecification\",\"valueRequired\":true,\"valueName\":\"search_term_string\"}}],\"inLanguage\":\"en-US\"}]}<\/script>\n<!-- \/ Yoast SEO Premium plugin. -->","yoast_head_json":{"title":"B\u1ed9 m\u00e1y r\u1eeda v\u00e0 s\u1ea5y kh\u00f4 UV UW-03 Gen 3.0 Wash &amp; Cure Machine - NGE 3D Printers Services","robots":{"index":"index","follow":"follow","max-snippet":"max-snippet:-1","max-image-preview":"max-image-preview:large","max-video-preview":"max-video-preview:-1"},"canonical":"https:\/\/nge.vn\/en\/product\/bo-may-rua-va-say-kho-uv-uw-03-gen-3-0-wash-cure-machine\/","og_locale":"en_US","og_type":"article","og_title":"B\u1ed9 m\u00e1y r\u1eeda v\u00e0 s\u1ea5y kh\u00f4 UV UW-03 Gen 3.0 Wash &amp; Cure Machine","og_description":"B\u1ed9 m\u00e1y r\u1eeda v\u00e0 s\u1ea5y kh\u00f4 UV UW-03 Gen 3.0 Wash &amp; Cure Machine","og_url":"https:\/\/nge.vn\/en\/product\/bo-may-rua-va-say-kho-uv-uw-03-gen-3-0-wash-cure-machine\/","og_site_name":"NGE 3D Printers Services","article_modified_time":"2025-06-17T02:51:04+00:00","og_image":[{"width":886,"height":886,"url":"https:\/\/nge.vn\/wp-content\/uploads\/2024\/10\/images-upload-woo2F7d1ec63eae755d54d74205b38611aed2.jpg","type":"image\/jpeg"}],"twitter_card":"summary_large_image","twitter_misc":{"Est. reading time":"4 minutes"},"schema":{"@context":"https:\/\/schema.org","@graph":[{"@type":"WebPage","@id":"https:\/\/nge.vn\/san-pham\/bo-may-rua-va-say-kho-uv-uw-03-gen-3-0-wash-cure-machine\/","url":"https:\/\/nge.vn\/san-pham\/bo-may-rua-va-say-kho-uv-uw-03-gen-3-0-wash-cure-machine\/","name":"B\u1ed9 m\u00e1y r\u1eeda v\u00e0 s\u1ea5y kh\u00f4 UV UW-03 Gen 3.0 Wash &amp; Cure Machine - NGE 3D Printers Services","isPartOf":{"@id":"https:\/\/nge.vn\/#website"},"primaryImageOfPage":{"@id":"https:\/\/nge.vn\/san-pham\/bo-may-rua-va-say-kho-uv-uw-03-gen-3-0-wash-cure-machine\/#primaryimage"},"image":{"@id":"https:\/\/nge.vn\/san-pham\/bo-may-rua-va-say-kho-uv-uw-03-gen-3-0-wash-cure-machine\/#primaryimage"},"thumbnailUrl":"https:\/\/nge.vn\/wp-content\/uploads\/2024\/10\/images-upload-woo2F7d1ec63eae755d54d74205b38611aed2.jpg","datePublished":"2024-10-26T08:44:03+00:00","dateModified":"2025-06-17T02:51:04+00:00","breadcrumb":{"@id":"https:\/\/nge.vn\/san-pham\/bo-may-rua-va-say-kho-uv-uw-03-gen-3-0-wash-cure-machine\/#breadcrumb"},"inLanguage":"en-US","potentialAction":[{"@type":"ReadAction","target":["https:\/\/nge.vn\/san-pham\/bo-may-rua-va-say-kho-uv-uw-03-gen-3-0-wash-cure-machine\/"]}]},{"@type":"ImageObject","inLanguage":"en-US","@id":"https:\/\/nge.vn\/san-pham\/bo-may-rua-va-say-kho-uv-uw-03-gen-3-0-wash-cure-machine\/#primaryimage","url":"https:\/\/nge.vn\/wp-content\/uploads\/2024\/10\/images-upload-woo2F7d1ec63eae755d54d74205b38611aed2.jpg","contentUrl":"https:\/\/nge.vn\/wp-content\/uploads\/2024\/10\/images-upload-woo2F7d1ec63eae755d54d74205b38611aed2.jpg","width":886,"height":886},{"@type":"BreadcrumbList","@id":"https:\/\/nge.vn\/san-pham\/bo-may-rua-va-say-kho-uv-uw-03-gen-3-0-wash-cure-machine\/#breadcrumb","itemListElement":[{"@type":"ListItem","position":1,"name":"Trang ch\u1ee7","item":"https:\/\/nge.vn\/"},{"@type":"ListItem","position":2,"name":"S\u1ea3n ph\u1ea9m","item":"https:\/\/nge.vn\/san-pham\/"},{"@type":"ListItem","position":3,"name":"B\u1ed9 m\u00e1y r\u1eeda v\u00e0 s\u1ea5y kh\u00f4 UV UW-03 Gen 3.0 Wash &amp; Cure Machine"}]},{"@type":"WebSite","@id":"https:\/\/nge.vn\/#website","url":"https:\/\/nge.vn\/","name":"NGE 3D Printers Services","description":"","potentialAction":[{"@type":"SearchAction","target":{"@type":"EntryPoint","urlTemplate":"https:\/\/nge.vn\/?s={search_term_string}"},"query-input":{"@type":"PropertyValueSpecification","valueRequired":true,"valueName":"search_term_string"}}],"inLanguage":"en-US"}]}},"_links":{"self":[{"href":"https:\/\/nge.vn\/en\/wp-json\/wp\/v2\/product\/3562","targetHints":{"allow":["GET"]}}],"collection":[{"href":"https:\/\/nge.vn\/en\/wp-json\/wp\/v2\/product"}],"about":[{"href":"https:\/\/nge.vn\/en\/wp-json\/wp\/v2\/types\/product"}],"replies":[{"embeddable":true,"href":"https:\/\/nge.vn\/en\/wp-json\/wp\/v2\/comments?post=3562"}],"wp:featuredmedia":[{"embeddable":true,"href":"https:\/\/nge.vn\/en\/wp-json\/wp\/v2\/media\/3553"}],"wp:attachment":[{"href":"https:\/\/nge.vn\/en\/wp-json\/wp\/v2\/media?parent=3562"}],"wp:term":[{"taxonomy":"product_brand","embeddable":true,"href":"https:\/\/nge.vn\/en\/wp-json\/wp\/v2\/product_brand?post=3562"},{"taxonomy":"product_cat","embeddable":true,"href":"https:\/\/nge.vn\/en\/wp-json\/wp\/v2\/product_cat?post=3562"},{"taxonomy":"product_tag","embeddable":true,"href":"https:\/\/nge.vn\/en\/wp-json\/wp\/v2\/product_tag?post=3562"}],"curies":[{"name":"wp","href":"https:\/\/api.w.org\/{rel}","templated":true}]}}