{"id":3552,"date":"2024-10-26T15:42:34","date_gmt":"2024-10-26T08:42:34","guid":{"rendered":"https:\/\/nge.123websitedev.com\/san-pham\/may-in-3d-creality-ender-3-v3-se-do-chinh-xac-va-toc-do-cao-250mm-s\/"},"modified":"2024-10-29T14:32:57","modified_gmt":"2024-10-29T07:32:57","slug":"may-in-3d-creality-ender-3-v3-se-do-chinh-xac-va-toc-do-cao-250mm-s","status":"publish","type":"product","link":"https:\/\/nge.vn\/en\/product\/may-in-3d-creality-ender-3-v3-se-do-chinh-xac-va-toc-do-cao-250mm-s\/","title":{"rendered":"M\u00e1y in 3d Creality Ender 3 V3 SE \u0111\u1ed9 ch\u00ednh x\u00e1c v\u00e0 t\u1ed1c \u0111\u1ed9 cao 250mm\/s"},"content":{"rendered":"<p>M\u00e1y in 3d Creality Ender 3 V3 SE th\u1ebf h\u1ec7 m\u1edbi \u0111\u1ed9 ch\u00ednh x\u00e1c v\u00e0 t\u1ed1c \u0111\u1ed9 cao 250mm\/s<br \/>\n**Ch\u01b0a c\u00f3 m\u00e1y n\u00e0o d\u1ec5 l\u1eafp r\u00e1p v\u00e0 s\u1eed d\u1ee5ng nh\u01b0 m\u00e1y Ender 3 V3 SE n\u00e0y, c\u00e2n b\u00e0n ho\u00e0n t\u1ef1 \u0111\u1ed9ng.. ch\u1ec9 v\u00e0i setting tr\u00ean ph\u1ea7n m\u1ec1m l\u00e0 b\u1ea1n \u0111\u00e3 c\u00f3 b\u1ea3n in \u0111\u1eb9p<br \/>\n_H\u00e3y th\u01b0 gi\u00e3n, h\u00e3y \u0111\u1ec3 Auto Leveling l\u00e0m \u0111i\u1ec1u \u0111\u00f3<br \/>\nC\u00e2n b\u1eb1ng b\u00e0n in l\u00e0 c\u01a1 b\u1ea3n cho b\u1ea3n in ch\u1ea5t l\u01b0\u1ee3ng.<br \/>\nEnder-3 V3 SE c\u00f3 c\u1ea3m bi\u1ebfn CR Touch \u0111\u1ec3 t\u1ef1 \u0111\u1ed9ng c\u00e2n b\u1eb1ng v\u00e0 m\u1ed9t c\u1ea3m bi\u1ebfn bi\u1ebfn d\u1ea1ng \u0111\u1ec3 t\u1ef1 \u0111\u1ed9ng b\u00f9 Z. Kh\u00f4ng c\u1ea7n ph\u1ea3i v\u1eb7n v\u00edt ho\u1eb7c k\u00e9o gi\u1ea5y. Ch\u1ec9 c\u1ea7n n\u1eb1m ng\u1eeda v\u00e0 t\u1eadn h\u01b0\u1edfng th\u00e0nh c\u00f4ng c\u1ee7a b\u1ea3n in<\/p>\n<p>_Giao di\u1ec7n ng\u01b0\u1eddi d\u00f9ng s\u1ed1ng \u0111\u1ed9ng<br \/>\nGiao di\u1ec7n ng\u01b0\u1eddi d\u00f9ng s\u1eed d\u1ee5ng \u0111\u1ed3 h\u1ecda chuy\u1ec3n \u0111\u1ed9ng \u0111\u1ec3 hi\u1ec3n th\u1ecb qu\u00e1 tr\u00ecnh c\u00e2n b\u1eb1ng v\u00e0 c\u00e1c th\u00f4ng s\u1ed1 kh\u00e1c<br \/>\nB\u1ea1n c\u00f3 th\u1ec3 bi\u1ebft m\u00e1y in \u0111ang ho\u1ea1t \u0111\u1ed9ng nh\u01b0 th\u1ebf n\u00e0o ch\u1ec9 trong nh\u00e1y m\u1eaft<\/p>\n<p>_T\u1ef1 \u0111\u1ed9ng th\u00eam v\u00e0 r\u00fat d\u00e2y nh\u1ef1a<br \/>\nNh\u1ea5n &#8216;Extrude&#8217; \u0111\u1ec3 th\u00eam nh\u1ef1a v\u00e0o v\u00e0 d\u00e2y nh\u1ef1a s\u1ebd ch\u1ea3y ra kh\u1ecfi v\u00f2i m\u1ed9t c\u00e1ch tr\u01a1n tru<br \/>\nNh\u1ea5n &#8216;Retract&#8217; v\u00e0 d\u00e2y nh\u1ef1a s\u1ebd r\u00fat ra nhanh ch\u00f3ng<br \/>\nV\u00ec v\u1eady, vi\u1ec7c thay th\u1ebf d\u00e2y nh\u1ef1a l\u00e0 \u0111i\u1ec1u d\u1ec5 d\u00e0ng<\/p>\n<p>_C\u1ee5m \u0111\u00f9n tr\u1ef1c ti\u1ebfp ch\u1ea5t l\u01b0\u1ee3ng cao<br \/>\nC\u1ee5m \u0111\u00f9n &#8216;Sprite&#8217; c\u1ee7a Ender-3 V3 SE ho\u1ea1t \u0111\u1ed9ng t\u1ed1t v\u1edbi PLA, PETG v\u00e0 TPU d\u1ebbo, gi\u1ea3i ph\u00f3ng ti\u1ec1m n\u0103ng s\u00e1ng t\u1ea1o c\u1ee7a b\u1ea1n.<br \/>\nV\u00e0 c\u1ee5m \u0111\u00f9n \u0111\u00e3 \u0111\u01b0\u1ee3c th\u1ecb tr\u01b0\u1eddng ch\u1ee9ng minh v\u1ec1 \u0111\u1ed9 tin c\u1eady, v\u00ec h\u01a1n 500.000 chi\u1ebfc* \u0111\u00e3 \u0111\u01b0\u1ee3c v\u1eadn chuy\u1ec3n tr\u00ean to\u00e0n th\u1ebf gi\u1edbi.<br \/>\n*D\u1eef li\u1ec7u t\u00ednh \u0111\u1ebfn th\u00e1ng 6 n\u0103m 2023<\/p>\n<p>_\u1ed4n \u0111\u1ecbnh \u0111\u1ec3 hi\u1ec7n th\u1ef1c h\u00f3a nh\u1eefng \u00fd t\u01b0\u1edfng tuy\u1ec7t v\u1eddi<br \/>\nTr\u1ee5c Z k\u00e9p c\u1ee9ng ch\u1eafc gi\u00fap gi\u1ea3m dao \u0111\u1ed9ng c\u1ee7a Z<br \/>\nTr\u1ee5c Y s\u1eed d\u1ee5ng m\u1ed9t c\u1eb7p tr\u1ee5c tuy\u1ebfn t\u00ednh d\u00e0y 8mm \u0111\u01b0\u1ee3c l\u00e0m b\u1eb1ng th\u00e9p ch\u1eafc ch\u1eafn v\u00e0 ch\u1ed1ng m\u00e0i m\u00f2n, c\u00f3 kh\u1ea3 n\u0103ng n\u00e2ng \u0111\u1ee1 b\u1ec7 x\u00e2y d\u1ef1ng \u1ed5n \u0111\u1ecbnh trong th\u1eddi gian d\u00e0i<br \/>\nC\u00f9ng nhau, h\u1ecd s\u1ebd ch\u0103m s\u00f3c t\u1ed1t t\u1eebng b\u1ea3n in<\/p>\n<p>_In nhanh h\u01a1n v\u1edbi ch\u1ea5t l\u01b0\u1ee3ng \u0111\u00e1ng khen ng\u1ee3i<br \/>\nT\u1ed1c \u0111\u1ed9 in t\u1ed1i \u0111a: 250mm\/s*; Gia t\u1ed1c t\u1ed1i \u0111a: 2500mm\/s\u00b2*<\/p>\n<p>_Ki\u1ec3u d\u00e1ng \u0111\u1eb9p v\u00e0 thi\u1ebft k\u1ebf nh\u1ecf g\u1ecdn<br \/>\nEnder-3 V3 SE nh\u1ecf g\u1ecdn v\u00e0 thanh l\u1ecbch<br \/>\nN\u00f3 k\u1ebft h\u1ee3p tr\u1ee5c X, Y, Z g\u1ecdn g\u00e0ng, c\u1ea5u h\u00ecnh h\u00ecnh ch\u1eef T m\u01b0\u1ee3t m\u00e0<\/p>\n<p>_Specifications<br \/>\nPrinting Technology FDM<br \/>\nBuild Volume 220*220*250mm<br \/>\nProduct Dimensions 349*364*490mm<br \/>\nPackage Dimensions 575*390*235mm<br \/>\nNet Weight 7.12kg<br \/>\nGross Weight 9.l4kg<br \/>\nTypical Printing Speed 180mm\/s<br \/>\nMax. Printing Speed 250mm\/s (Data from printing test with CR-PLA)<br \/>\nAcceleration 2500mm\/s?<br \/>\nPrinting Accuracy \u00b10.1mm<br \/>\nLayer Height 0.1-0.35mm<br \/>\nExtruder Type &#8220;Sprite&#8221; Direct Extruder<br \/>\nLeveling Mode Auto Leveling<br \/>\nBuild Surface PC Spring Steel<br \/>\nUl Languages English, French, Portuguese, Turkish, German, Spanish, Italian, Russian, Japanese, Chinese<br \/>\nNozzle Temperature \u2264260\u00b0C<br \/>\nHeatbed Temperature \u2264100\u00b0C<br \/>\nMainboard Type 32-bit Silent Mainboard<br \/>\nDisplay Screen 3.2&#8243; Color Knob Screen<br \/>\nPower Loss Recovery Yes<br \/>\nNozzle Diameter 0.4mm<br \/>\nExtruder Count 1<br \/>\nRated Voltage 100-120V~, 200-240V~, 50\/60Hz<br \/>\nRated Power 350W<br \/>\nFile Transfer SD Card<br \/>\nSupported Filaments PLA, PETG, TPU(95A)<br \/>\nFile Formats for Slicing STL, OBJ, 3MF, AMF<br \/>\nSlicing Software Creality Print, Cura 5.0 or Newer Version, Simplify3D<br \/>\nSupported PC OS Windows, Mac OS, Linux<\/p>\n<p>**\u0110\u1ec3 \u0111\u01b0\u1ee3c nh\u1eadn h\u1ed9 tr\u1ee3 th\u00eam v\u1ec1 Gi\u00e1 v\u00e0 Th\u00f4ng tin c\u1ee7a s\u1ea3n ph\u1ea9m, vui l\u00f2ng li\u00ean h\u1ec7:<br \/>\n          0913.939.775 contact A.Quan (for English)<br \/>\n          094.144.0951 contact A.Quynh<br \/>\n**Selling price does not include VAT (+10% if VAT invoice is issued)<\/p>","protected":false},"excerpt":{"rendered":"<p>M\u00e1y in 3d Creality Ender 3 V3 SE \u0111\u1ed9 ch\u00ednh x\u00e1c v\u00e0 t\u1ed1c \u0111\u1ed9 cao 250mm\/s<\/p>","protected":false},"featured_media":3533,"comment_status":"open","ping_status":"closed","template":"","meta":{"inline_featured_image":false},"product_brand":[],"product_cat":[39,51],"product_tag":[],"class_list":{"0":"post-3552","1":"product","2":"type-product","3":"status-publish","4":"has-post-thumbnail","6":"product_cat-may-in-3d","7":"product_cat-may-in-3d-creality","9":"first","10":"instock","11":"taxable","12":"shipping-taxable","13":"purchasable","14":"product-type-simple"},"yoast_head":"<!-- This site is optimized with the Yoast SEO Premium plugin v22.8 (Yoast SEO v26.9) - https:\/\/yoast.com\/product\/yoast-seo-premium-wordpress\/ -->\n<title>M\u00e1y in 3d Creality Ender 3 V3 SE \u0111\u1ed9 ch\u00ednh x\u00e1c v\u00e0 t\u1ed1c \u0111\u1ed9 cao 250mm\/s - NGE 3D Printers Services<\/title>\n<meta name=\"robots\" content=\"index, follow, max-snippet:-1, max-image-preview:large, max-video-preview:-1\" \/>\n<link rel=\"canonical\" href=\"https:\/\/nge.vn\/en\/product\/may-in-3d-creality-ender-3-v3-se-do-chinh-xac-va-toc-do-cao-250mm-s\/\" \/>\n<meta property=\"og:locale\" content=\"en_US\" \/>\n<meta property=\"og:type\" content=\"article\" \/>\n<meta property=\"og:title\" content=\"M\u00e1y in 3d Creality Ender 3 V3 SE \u0111\u1ed9 ch\u00ednh x\u00e1c v\u00e0 t\u1ed1c \u0111\u1ed9 cao 250mm\/s\" \/>\n<meta property=\"og:description\" content=\"M\u00e1y in 3d Creality Ender 3 V3 SE \u0111\u1ed9 ch\u00ednh x\u00e1c v\u00e0 t\u1ed1c \u0111\u1ed9 cao 250mm\/s\" \/>\n<meta property=\"og:url\" content=\"https:\/\/nge.vn\/en\/product\/may-in-3d-creality-ender-3-v3-se-do-chinh-xac-va-toc-do-cao-250mm-s\/\" \/>\n<meta property=\"og:site_name\" content=\"NGE 3D Printers Services\" \/>\n<meta property=\"article:modified_time\" content=\"2024-10-29T07:32:57+00:00\" \/>\n<meta property=\"og:image\" content=\"https:\/\/nge.vn\/wp-content\/uploads\/2024\/10\/images-upload-woo2Fa051a2ba2b53bfd2159d580f6750c816.jpg\" \/>\n\t<meta property=\"og:image:width\" content=\"798\" \/>\n\t<meta property=\"og:image:height\" content=\"798\" \/>\n\t<meta property=\"og:image:type\" content=\"image\/jpeg\" \/>\n<meta name=\"twitter:card\" content=\"summary_large_image\" \/>\n<meta name=\"twitter:label1\" content=\"Est. reading time\" \/>\n\t<meta name=\"twitter:data1\" content=\"4 minutes\" \/>\n<script type=\"application\/ld+json\" class=\"yoast-schema-graph\">{\"@context\":\"https:\/\/schema.org\",\"@graph\":[{\"@type\":\"WebPage\",\"@id\":\"https:\/\/nge.vn\/san-pham\/may-in-3d-creality-ender-3-v3-se-do-chinh-xac-va-toc-do-cao-250mm-s\/\",\"url\":\"https:\/\/nge.vn\/san-pham\/may-in-3d-creality-ender-3-v3-se-do-chinh-xac-va-toc-do-cao-250mm-s\/\",\"name\":\"M\u00e1y in 3d Creality Ender 3 V3 SE \u0111\u1ed9 ch\u00ednh x\u00e1c v\u00e0 t\u1ed1c \u0111\u1ed9 cao 250mm\/s - NGE 3D Printers Services\",\"isPartOf\":{\"@id\":\"https:\/\/nge.vn\/#website\"},\"primaryImageOfPage\":{\"@id\":\"https:\/\/nge.vn\/san-pham\/may-in-3d-creality-ender-3-v3-se-do-chinh-xac-va-toc-do-cao-250mm-s\/#primaryimage\"},\"image\":{\"@id\":\"https:\/\/nge.vn\/san-pham\/may-in-3d-creality-ender-3-v3-se-do-chinh-xac-va-toc-do-cao-250mm-s\/#primaryimage\"},\"thumbnailUrl\":\"https:\/\/nge.vn\/wp-content\/uploads\/2024\/10\/images-upload-woo2Fa051a2ba2b53bfd2159d580f6750c816.jpg\",\"datePublished\":\"2024-10-26T08:42:34+00:00\",\"dateModified\":\"2024-10-29T07:32:57+00:00\",\"breadcrumb\":{\"@id\":\"https:\/\/nge.vn\/san-pham\/may-in-3d-creality-ender-3-v3-se-do-chinh-xac-va-toc-do-cao-250mm-s\/#breadcrumb\"},\"inLanguage\":\"en-US\",\"potentialAction\":[{\"@type\":\"ReadAction\",\"target\":[\"https:\/\/nge.vn\/san-pham\/may-in-3d-creality-ender-3-v3-se-do-chinh-xac-va-toc-do-cao-250mm-s\/\"]}]},{\"@type\":\"ImageObject\",\"inLanguage\":\"en-US\",\"@id\":\"https:\/\/nge.vn\/san-pham\/may-in-3d-creality-ender-3-v3-se-do-chinh-xac-va-toc-do-cao-250mm-s\/#primaryimage\",\"url\":\"https:\/\/nge.vn\/wp-content\/uploads\/2024\/10\/images-upload-woo2Fa051a2ba2b53bfd2159d580f6750c816.jpg\",\"contentUrl\":\"https:\/\/nge.vn\/wp-content\/uploads\/2024\/10\/images-upload-woo2Fa051a2ba2b53bfd2159d580f6750c816.jpg\",\"width\":798,\"height\":798},{\"@type\":\"BreadcrumbList\",\"@id\":\"https:\/\/nge.vn\/san-pham\/may-in-3d-creality-ender-3-v3-se-do-chinh-xac-va-toc-do-cao-250mm-s\/#breadcrumb\",\"itemListElement\":[{\"@type\":\"ListItem\",\"position\":1,\"name\":\"Trang ch\u1ee7\",\"item\":\"https:\/\/nge.vn\/\"},{\"@type\":\"ListItem\",\"position\":2,\"name\":\"S\u1ea3n ph\u1ea9m\",\"item\":\"https:\/\/nge.vn\/san-pham\/\"},{\"@type\":\"ListItem\",\"position\":3,\"name\":\"M\u00e1y in 3d Creality Ender 3 V3 SE \u0111\u1ed9 ch\u00ednh x\u00e1c v\u00e0 t\u1ed1c \u0111\u1ed9 cao 250mm\/s\"}]},{\"@type\":\"WebSite\",\"@id\":\"https:\/\/nge.vn\/#website\",\"url\":\"https:\/\/nge.vn\/\",\"name\":\"NGE 3D Printers Services\",\"description\":\"\",\"potentialAction\":[{\"@type\":\"SearchAction\",\"target\":{\"@type\":\"EntryPoint\",\"urlTemplate\":\"https:\/\/nge.vn\/?s={search_term_string}\"},\"query-input\":{\"@type\":\"PropertyValueSpecification\",\"valueRequired\":true,\"valueName\":\"search_term_string\"}}],\"inLanguage\":\"en-US\"}]}<\/script>\n<!-- \/ Yoast SEO Premium plugin. -->","yoast_head_json":{"title":"M\u00e1y in 3d Creality Ender 3 V3 SE \u0111\u1ed9 ch\u00ednh x\u00e1c v\u00e0 t\u1ed1c \u0111\u1ed9 cao 250mm\/s - NGE 3D Printers Services","robots":{"index":"index","follow":"follow","max-snippet":"max-snippet:-1","max-image-preview":"max-image-preview:large","max-video-preview":"max-video-preview:-1"},"canonical":"https:\/\/nge.vn\/en\/product\/may-in-3d-creality-ender-3-v3-se-do-chinh-xac-va-toc-do-cao-250mm-s\/","og_locale":"en_US","og_type":"article","og_title":"M\u00e1y in 3d Creality Ender 3 V3 SE \u0111\u1ed9 ch\u00ednh x\u00e1c v\u00e0 t\u1ed1c \u0111\u1ed9 cao 250mm\/s","og_description":"M\u00e1y in 3d Creality Ender 3 V3 SE \u0111\u1ed9 ch\u00ednh x\u00e1c v\u00e0 t\u1ed1c \u0111\u1ed9 cao 250mm\/s","og_url":"https:\/\/nge.vn\/en\/product\/may-in-3d-creality-ender-3-v3-se-do-chinh-xac-va-toc-do-cao-250mm-s\/","og_site_name":"NGE 3D Printers Services","article_modified_time":"2024-10-29T07:32:57+00:00","og_image":[{"width":798,"height":798,"url":"https:\/\/nge.vn\/wp-content\/uploads\/2024\/10\/images-upload-woo2Fa051a2ba2b53bfd2159d580f6750c816.jpg","type":"image\/jpeg"}],"twitter_card":"summary_large_image","twitter_misc":{"Est. reading time":"4 minutes"},"schema":{"@context":"https:\/\/schema.org","@graph":[{"@type":"WebPage","@id":"https:\/\/nge.vn\/san-pham\/may-in-3d-creality-ender-3-v3-se-do-chinh-xac-va-toc-do-cao-250mm-s\/","url":"https:\/\/nge.vn\/san-pham\/may-in-3d-creality-ender-3-v3-se-do-chinh-xac-va-toc-do-cao-250mm-s\/","name":"M\u00e1y in 3d Creality Ender 3 V3 SE \u0111\u1ed9 ch\u00ednh x\u00e1c v\u00e0 t\u1ed1c \u0111\u1ed9 cao 250mm\/s - NGE 3D Printers Services","isPartOf":{"@id":"https:\/\/nge.vn\/#website"},"primaryImageOfPage":{"@id":"https:\/\/nge.vn\/san-pham\/may-in-3d-creality-ender-3-v3-se-do-chinh-xac-va-toc-do-cao-250mm-s\/#primaryimage"},"image":{"@id":"https:\/\/nge.vn\/san-pham\/may-in-3d-creality-ender-3-v3-se-do-chinh-xac-va-toc-do-cao-250mm-s\/#primaryimage"},"thumbnailUrl":"https:\/\/nge.vn\/wp-content\/uploads\/2024\/10\/images-upload-woo2Fa051a2ba2b53bfd2159d580f6750c816.jpg","datePublished":"2024-10-26T08:42:34+00:00","dateModified":"2024-10-29T07:32:57+00:00","breadcrumb":{"@id":"https:\/\/nge.vn\/san-pham\/may-in-3d-creality-ender-3-v3-se-do-chinh-xac-va-toc-do-cao-250mm-s\/#breadcrumb"},"inLanguage":"en-US","potentialAction":[{"@type":"ReadAction","target":["https:\/\/nge.vn\/san-pham\/may-in-3d-creality-ender-3-v3-se-do-chinh-xac-va-toc-do-cao-250mm-s\/"]}]},{"@type":"ImageObject","inLanguage":"en-US","@id":"https:\/\/nge.vn\/san-pham\/may-in-3d-creality-ender-3-v3-se-do-chinh-xac-va-toc-do-cao-250mm-s\/#primaryimage","url":"https:\/\/nge.vn\/wp-content\/uploads\/2024\/10\/images-upload-woo2Fa051a2ba2b53bfd2159d580f6750c816.jpg","contentUrl":"https:\/\/nge.vn\/wp-content\/uploads\/2024\/10\/images-upload-woo2Fa051a2ba2b53bfd2159d580f6750c816.jpg","width":798,"height":798},{"@type":"BreadcrumbList","@id":"https:\/\/nge.vn\/san-pham\/may-in-3d-creality-ender-3-v3-se-do-chinh-xac-va-toc-do-cao-250mm-s\/#breadcrumb","itemListElement":[{"@type":"ListItem","position":1,"name":"Trang ch\u1ee7","item":"https:\/\/nge.vn\/"},{"@type":"ListItem","position":2,"name":"S\u1ea3n ph\u1ea9m","item":"https:\/\/nge.vn\/san-pham\/"},{"@type":"ListItem","position":3,"name":"M\u00e1y in 3d Creality Ender 3 V3 SE \u0111\u1ed9 ch\u00ednh x\u00e1c v\u00e0 t\u1ed1c \u0111\u1ed9 cao 250mm\/s"}]},{"@type":"WebSite","@id":"https:\/\/nge.vn\/#website","url":"https:\/\/nge.vn\/","name":"NGE 3D Printers Services","description":"","potentialAction":[{"@type":"SearchAction","target":{"@type":"EntryPoint","urlTemplate":"https:\/\/nge.vn\/?s={search_term_string}"},"query-input":{"@type":"PropertyValueSpecification","valueRequired":true,"valueName":"search_term_string"}}],"inLanguage":"en-US"}]}},"_links":{"self":[{"href":"https:\/\/nge.vn\/en\/wp-json\/wp\/v2\/product\/3552","targetHints":{"allow":["GET"]}}],"collection":[{"href":"https:\/\/nge.vn\/en\/wp-json\/wp\/v2\/product"}],"about":[{"href":"https:\/\/nge.vn\/en\/wp-json\/wp\/v2\/types\/product"}],"replies":[{"embeddable":true,"href":"https:\/\/nge.vn\/en\/wp-json\/wp\/v2\/comments?post=3552"}],"wp:featuredmedia":[{"embeddable":true,"href":"https:\/\/nge.vn\/en\/wp-json\/wp\/v2\/media\/3533"}],"wp:attachment":[{"href":"https:\/\/nge.vn\/en\/wp-json\/wp\/v2\/media?parent=3552"}],"wp:term":[{"taxonomy":"product_brand","embeddable":true,"href":"https:\/\/nge.vn\/en\/wp-json\/wp\/v2\/product_brand?post=3552"},{"taxonomy":"product_cat","embeddable":true,"href":"https:\/\/nge.vn\/en\/wp-json\/wp\/v2\/product_cat?post=3552"},{"taxonomy":"product_tag","embeddable":true,"href":"https:\/\/nge.vn\/en\/wp-json\/wp\/v2\/product_tag?post=3552"}],"curies":[{"name":"wp","href":"https:\/\/api.w.org\/{rel}","templated":true}]}}