{"id":3516,"date":"2024-10-26T15:39:57","date_gmt":"2024-10-26T08:39:57","guid":{"rendered":"https:\/\/nge.123websitedev.com\/san-pham\/may-in-3d-creality-sermoon-d1-kho-in-280260310mm\/"},"modified":"2025-02-10T09:51:24","modified_gmt":"2025-02-10T02:51:24","slug":"may-in-3d-creality-sermoon-d1-kho-in-280260310mm","status":"publish","type":"product","link":"https:\/\/nge.vn\/en\/product\/may-in-3d-creality-sermoon-d1-kho-in-280260310mm\/","title":{"rendered":"M\u00e1y in 3d Creality Sermoon D1 kh\u1ed5 in 280*260*310mm"},"content":{"rendered":"<p>M\u00e1y in 3D CoreXY dual Z Creality Sermoon D1 d\u1ea1ng h\u1ed9p k\u00edn bao b\u1ecdc ho\u00e0n to\u00e0n<br \/>\n_Tr\u1ea3i nghi\u1ec7m m\u1edbi b\u1eaft \u0111\u1ea7u v\u1edbi m\u00e1y in 3d Sermoon D1, m\u1ed9t c\u1ea5u tr\u00fac m\u00f4-\u0111un \u0111\u1ec3 tr\u1ea3i nghi\u1ec7m m\u00e1y k\u00e8m theo. \u0110\u01b0\u1ee3c l\u1eafp r\u00e1p th\u1ee7 c\u00f4ng \u0111\u1ec3 c\u00f3 \u0111\u01b0\u1ee3c m\u1ed9t m\u00e1y in \u0111i k\u00e8m an to\u00e0n v\u00e0 \u1ed5n \u0111\u1ecbnh. T\u1eadn h\u01b0\u1edfng ni\u1ec1m vui DIY.<br \/>\n_M\u00e0u x\u00e1m b\u1ea1c, vi\u1ec1n v\u00f2ng cung, \u0111\u01b0\u1eddng n\u00e9t uy\u1ec3n chuy\u1ec3n, v\u1ebb ngo\u00e0i gi\u1ea3n d\u1ecb \u0111\u1ec3 l\u1ea1i \u1ea5n t\u01b0\u1ee3ng s\u00e2u s\u1eafc.<br \/>\n**\u0110\u1eb7c tr\u01b0ng:<br \/>\n+In c\u1ea5p c\u00f4ng nghi\u1ec7p<br \/>\n+B\u1ec1 ngo\u00e0i tinh t\u1ebf g\u1ecdn g\u00e0ng<br \/>\n+Thi\u1ebft k\u1ebf trong su\u1ed1t<br \/>\n+V\u00edt tr\u1ee5c Z k\u00e9p<br \/>\n+Ngu\u1ed3n \u0111i\u1ec7n c\u00f3 \u0111i\u1ec7n \u00e1p thay \u0111\u1ed5i<br \/>\n+C\u1ea5u tr\u00fac v\u00f2i phun tuy\u1ec7t v\u1eddi<br \/>\n+\u0110\u00f9n kim lo\u1ea1i<br \/>\n+C\u1ea3m bi\u1ebfn th\u00f4ng minh<br \/>\n+Bo m\u1ea1ch ch\u1ee7 im l\u1eb7ng<\/p>\n<p>_Thi\u1ebft k\u1ebf trong su\u1ed1t: Khung h\u1ee3p kim nh\u00f4m v\u1edbi thi\u1ebft k\u1ebf hai c\u1eeda trong su\u1ed1t thu\u1eadn ti\u1ec7n theo d\u00f5i vi\u1ec7c in \u1ea5n \u1edf m\u1ecdi h\u01b0\u1edbng.<br \/>\n_Tr\u1ee5c v\u00edt Z k\u00e9p: M\u00e1y in 3d Creality Sermoon D1 v\u1edbi tr\u1ee5c z k\u00e9p, tr\u1ee5c v\u00edt k\u00e9p ki\u1ec3u ch\u1eef T, th\u00e0nh ph\u1ea7n \u0111\u1ed3ng b\u1ed9 b\u00e1nh xe ch\u1eef V v\u00e0 v\u00f2ng bi \u0111\u1ed3ng b\u1ed9 XY, \u0111\u1ed9 ch\u00ednh x\u00e1c v\u00e0 \u0111\u1ed9 \u1ed5n \u0111\u1ecbnh cao h\u01a1n.<br \/>\n_Ch\u1ea5t l\u01b0\u1ee3ng v\u00e0 bo m\u1ea1ch ch\u1ee7 im l\u1eb7ng: \u0110\u01b0\u1ee3c trang b\u1ecb m\u1ed9t bo m\u1ea1ch ch\u1ee7 im l\u1eb7ng t\u1ef1 ph\u00e1t tri\u1ec3n, n\u00f3 ho\u1ea1t \u0111\u1ed9ng v\u1edbi ti\u1ebfng \u1ed3n th\u1ea5p.<br \/>\n_C\u1ea3m bi\u1ebfn th\u00f4ng minh: M\u00e1y in 3d Creality Sermoon D1 c\u00f3 th\u1ec3 ti\u1ebfp t\u1ee5c in b\u1eb1ng c\u1ea3m bi\u1ebfn ch\u1ea1y s\u1ee3i nh\u1ef1a. D\u00f9 thi\u1ebfu s\u1ee3i nh\u1ef1a ho\u1eb7c m\u1ea5t \u0111i\u1ec7n, thi\u1ebft b\u1ecb n\u00e0y c\u00f3 th\u1ec3 nh\u1eadn ra kh\u1ea3 n\u0103ng b\u1ea3o v\u1ec7 theo th\u1eddi gian th\u1ef1c v\u00e0 l\u01b0u tr\u1eef t\u1ef1 \u0111\u1ed9ng c\u00e1c h\u01b0\u1edbng d\u1eabn, th\u00f4ng minh v\u00e0 \u0111\u00e1ng tin c\u1eady.<\/p>\n<p>**Th\u00f4ng s\u1ed1 s\u1ea3n xu\u1ea5t:<br \/>\n+C\u00f4ng ngh\u1ec7 \u0111\u00fac: FDM<br \/>\n+N.W.: 20.5kg<br \/>\n+G.W.: 26.5kg<br \/>\n+\u0110\u1ed9 d\u00e0y l\u1edbp: 0,1-0,4mm<br \/>\n+\u0110\u1ed9 ch\u00ednh x\u00e1c in: \u00b1 0,1mm<br \/>\n+K\u00edch th\u01b0\u1edbc in: 280*260*310mm<br \/>\n+K\u00edch th\u01b0\u1edbc m\u00e1y: 500*500*531mm<br \/>\n+K\u00edch th\u01b0\u1edbc \u0111\u00f3ng g\u00f3i: 590*590*410mm<br \/>\n+Nhi\u1ec7t \u0111\u1ed9 gi\u01b0\u1eddng n\u00f3ng: \u2264100\u00b0C<br \/>\n+Nhi\u1ec7t \u0111\u1ed9 v\u00f2i phun: \u2264250\u00b0C<br \/>\n+D\u00e2y t\u00f3c \u0111\u01b0\u1ee3c h\u1ed7 tr\u1ee3: PLA \/ ABS \/ TPU\/..etc..<br \/>\n+M\u00e0n h\u00ecnh: M\u00e0n h\u00ecnh c\u1ea3m \u1ee9ng 4,3 inch<br \/>\n+Ngu\u1ed3n \u0111i\u1ec7n: AC 100-240V, DC 24V<br \/>\n+\u0110\u01b0\u1eddng k\u00ednh v\u00f2i phun: Ti\u00eau chu\u1ea9n 0,4mm, t\u00f9y ch\u1ecdn 0,2mm \/ 0,8mm \/ 1,2mm<\/p>\n<p>Review: https:\/\/all3dp.com\/1\/creality-sermoon-d1-review-3d-printer-specs\/<\/p>\n<p>**\u0110\u1ec3 \u0111\u01b0\u1ee3c nh\u1eadn h\u1ed9 tr\u1ee3 th\u00eam v\u1ec1 Gi\u00e1 v\u00e0 Th\u00f4ng tin c\u1ee7a s\u1ea3n ph\u1ea9m, vui l\u00f2ng li\u00ean h\u1ec7:<br \/>\n0913.939.775 contact A.Quan (for English)<br \/>\n094.144.0951 contact A.Quynh<br \/>\n**Selling price does not include VAT (+10% if VAT invoice is issued)<\/p>","protected":false},"excerpt":{"rendered":"<p>M\u00e1y in 3d Creality Sermoon D1 kh\u1ed5 in 280*260*310mm<\/p>","protected":false},"featured_media":3507,"comment_status":"open","ping_status":"closed","template":"","meta":{"inline_featured_image":false},"product_brand":[],"product_cat":[39,51],"product_tag":[],"class_list":{"0":"post-3516","1":"product","2":"type-product","3":"status-publish","4":"has-post-thumbnail","6":"product_cat-may-in-3d","7":"product_cat-may-in-3d-creality","9":"first","10":"instock","11":"taxable","12":"shipping-taxable","13":"purchasable","14":"product-type-variable"},"yoast_head":"<!-- This site is optimized with the Yoast SEO Premium plugin v22.8 (Yoast SEO v26.9) - https:\/\/yoast.com\/product\/yoast-seo-premium-wordpress\/ -->\n<title>M\u00e1y in 3d Creality Sermoon D1 kh\u1ed5 in 280*260*310mm - NGE 3D Printers Services<\/title>\n<meta name=\"robots\" content=\"index, follow, max-snippet:-1, max-image-preview:large, max-video-preview:-1\" \/>\n<link rel=\"canonical\" href=\"https:\/\/nge.vn\/en\/product\/may-in-3d-creality-sermoon-d1-kho-in-280260310mm\/\" \/>\n<meta property=\"og:locale\" content=\"en_US\" \/>\n<meta property=\"og:type\" content=\"article\" \/>\n<meta property=\"og:title\" content=\"M\u00e1y in 3d Creality Sermoon D1 kh\u1ed5 in 280*260*310mm\" \/>\n<meta property=\"og:description\" content=\"M\u00e1y in 3d Creality Sermoon D1 kh\u1ed5 in 280*260*310mm\" \/>\n<meta property=\"og:url\" content=\"https:\/\/nge.vn\/en\/product\/may-in-3d-creality-sermoon-d1-kho-in-280260310mm\/\" \/>\n<meta property=\"og:site_name\" content=\"NGE 3D Printers Services\" \/>\n<meta property=\"article:modified_time\" content=\"2025-02-10T02:51:24+00:00\" \/>\n<meta property=\"og:image\" content=\"https:\/\/nge.vn\/wp-content\/uploads\/2024\/10\/images-upload-woo2Fa3463426a20c84b332ee915c3589121f.jpg\" \/>\n\t<meta property=\"og:image:width\" content=\"742\" \/>\n\t<meta property=\"og:image:height\" content=\"742\" \/>\n\t<meta property=\"og:image:type\" content=\"image\/jpeg\" \/>\n<meta name=\"twitter:card\" content=\"summary_large_image\" \/>\n<meta name=\"twitter:label1\" content=\"Est. reading time\" \/>\n\t<meta name=\"twitter:data1\" content=\"3 minutes\" \/>\n<script type=\"application\/ld+json\" class=\"yoast-schema-graph\">{\"@context\":\"https:\/\/schema.org\",\"@graph\":[{\"@type\":\"WebPage\",\"@id\":\"https:\/\/nge.vn\/san-pham\/may-in-3d-creality-sermoon-d1-kho-in-280260310mm\/\",\"url\":\"https:\/\/nge.vn\/san-pham\/may-in-3d-creality-sermoon-d1-kho-in-280260310mm\/\",\"name\":\"M\u00e1y in 3d Creality Sermoon D1 kh\u1ed5 in 280*260*310mm - NGE 3D Printers Services\",\"isPartOf\":{\"@id\":\"https:\/\/nge.vn\/#website\"},\"primaryImageOfPage\":{\"@id\":\"https:\/\/nge.vn\/san-pham\/may-in-3d-creality-sermoon-d1-kho-in-280260310mm\/#primaryimage\"},\"image\":{\"@id\":\"https:\/\/nge.vn\/san-pham\/may-in-3d-creality-sermoon-d1-kho-in-280260310mm\/#primaryimage\"},\"thumbnailUrl\":\"https:\/\/nge.vn\/wp-content\/uploads\/2024\/10\/images-upload-woo2Fa3463426a20c84b332ee915c3589121f.jpg\",\"datePublished\":\"2024-10-26T08:39:57+00:00\",\"dateModified\":\"2025-02-10T02:51:24+00:00\",\"breadcrumb\":{\"@id\":\"https:\/\/nge.vn\/san-pham\/may-in-3d-creality-sermoon-d1-kho-in-280260310mm\/#breadcrumb\"},\"inLanguage\":\"en-US\",\"potentialAction\":[{\"@type\":\"ReadAction\",\"target\":[\"https:\/\/nge.vn\/san-pham\/may-in-3d-creality-sermoon-d1-kho-in-280260310mm\/\"]}]},{\"@type\":\"ImageObject\",\"inLanguage\":\"en-US\",\"@id\":\"https:\/\/nge.vn\/san-pham\/may-in-3d-creality-sermoon-d1-kho-in-280260310mm\/#primaryimage\",\"url\":\"https:\/\/nge.vn\/wp-content\/uploads\/2024\/10\/images-upload-woo2Fa3463426a20c84b332ee915c3589121f.jpg\",\"contentUrl\":\"https:\/\/nge.vn\/wp-content\/uploads\/2024\/10\/images-upload-woo2Fa3463426a20c84b332ee915c3589121f.jpg\",\"width\":742,\"height\":742},{\"@type\":\"BreadcrumbList\",\"@id\":\"https:\/\/nge.vn\/san-pham\/may-in-3d-creality-sermoon-d1-kho-in-280260310mm\/#breadcrumb\",\"itemListElement\":[{\"@type\":\"ListItem\",\"position\":1,\"name\":\"Trang ch\u1ee7\",\"item\":\"https:\/\/nge.vn\/\"},{\"@type\":\"ListItem\",\"position\":2,\"name\":\"S\u1ea3n ph\u1ea9m\",\"item\":\"https:\/\/nge.vn\/san-pham\/\"},{\"@type\":\"ListItem\",\"position\":3,\"name\":\"M\u00e1y in 3d Creality Sermoon D1 kh\u1ed5 in 280*260*310mm\"}]},{\"@type\":\"WebSite\",\"@id\":\"https:\/\/nge.vn\/#website\",\"url\":\"https:\/\/nge.vn\/\",\"name\":\"NGE 3D Printers Services\",\"description\":\"\",\"potentialAction\":[{\"@type\":\"SearchAction\",\"target\":{\"@type\":\"EntryPoint\",\"urlTemplate\":\"https:\/\/nge.vn\/?s={search_term_string}\"},\"query-input\":{\"@type\":\"PropertyValueSpecification\",\"valueRequired\":true,\"valueName\":\"search_term_string\"}}],\"inLanguage\":\"en-US\"}]}<\/script>\n<!-- \/ Yoast SEO Premium plugin. -->","yoast_head_json":{"title":"M\u00e1y in 3d Creality Sermoon D1 kh\u1ed5 in 280*260*310mm - NGE 3D Printers Services","robots":{"index":"index","follow":"follow","max-snippet":"max-snippet:-1","max-image-preview":"max-image-preview:large","max-video-preview":"max-video-preview:-1"},"canonical":"https:\/\/nge.vn\/en\/product\/may-in-3d-creality-sermoon-d1-kho-in-280260310mm\/","og_locale":"en_US","og_type":"article","og_title":"M\u00e1y in 3d Creality Sermoon D1 kh\u1ed5 in 280*260*310mm","og_description":"M\u00e1y in 3d Creality Sermoon D1 kh\u1ed5 in 280*260*310mm","og_url":"https:\/\/nge.vn\/en\/product\/may-in-3d-creality-sermoon-d1-kho-in-280260310mm\/","og_site_name":"NGE 3D Printers Services","article_modified_time":"2025-02-10T02:51:24+00:00","og_image":[{"width":742,"height":742,"url":"https:\/\/nge.vn\/wp-content\/uploads\/2024\/10\/images-upload-woo2Fa3463426a20c84b332ee915c3589121f.jpg","type":"image\/jpeg"}],"twitter_card":"summary_large_image","twitter_misc":{"Est. reading time":"3 minutes"},"schema":{"@context":"https:\/\/schema.org","@graph":[{"@type":"WebPage","@id":"https:\/\/nge.vn\/san-pham\/may-in-3d-creality-sermoon-d1-kho-in-280260310mm\/","url":"https:\/\/nge.vn\/san-pham\/may-in-3d-creality-sermoon-d1-kho-in-280260310mm\/","name":"M\u00e1y in 3d Creality Sermoon D1 kh\u1ed5 in 280*260*310mm - NGE 3D Printers Services","isPartOf":{"@id":"https:\/\/nge.vn\/#website"},"primaryImageOfPage":{"@id":"https:\/\/nge.vn\/san-pham\/may-in-3d-creality-sermoon-d1-kho-in-280260310mm\/#primaryimage"},"image":{"@id":"https:\/\/nge.vn\/san-pham\/may-in-3d-creality-sermoon-d1-kho-in-280260310mm\/#primaryimage"},"thumbnailUrl":"https:\/\/nge.vn\/wp-content\/uploads\/2024\/10\/images-upload-woo2Fa3463426a20c84b332ee915c3589121f.jpg","datePublished":"2024-10-26T08:39:57+00:00","dateModified":"2025-02-10T02:51:24+00:00","breadcrumb":{"@id":"https:\/\/nge.vn\/san-pham\/may-in-3d-creality-sermoon-d1-kho-in-280260310mm\/#breadcrumb"},"inLanguage":"en-US","potentialAction":[{"@type":"ReadAction","target":["https:\/\/nge.vn\/san-pham\/may-in-3d-creality-sermoon-d1-kho-in-280260310mm\/"]}]},{"@type":"ImageObject","inLanguage":"en-US","@id":"https:\/\/nge.vn\/san-pham\/may-in-3d-creality-sermoon-d1-kho-in-280260310mm\/#primaryimage","url":"https:\/\/nge.vn\/wp-content\/uploads\/2024\/10\/images-upload-woo2Fa3463426a20c84b332ee915c3589121f.jpg","contentUrl":"https:\/\/nge.vn\/wp-content\/uploads\/2024\/10\/images-upload-woo2Fa3463426a20c84b332ee915c3589121f.jpg","width":742,"height":742},{"@type":"BreadcrumbList","@id":"https:\/\/nge.vn\/san-pham\/may-in-3d-creality-sermoon-d1-kho-in-280260310mm\/#breadcrumb","itemListElement":[{"@type":"ListItem","position":1,"name":"Trang ch\u1ee7","item":"https:\/\/nge.vn\/"},{"@type":"ListItem","position":2,"name":"S\u1ea3n ph\u1ea9m","item":"https:\/\/nge.vn\/san-pham\/"},{"@type":"ListItem","position":3,"name":"M\u00e1y in 3d Creality Sermoon D1 kh\u1ed5 in 280*260*310mm"}]},{"@type":"WebSite","@id":"https:\/\/nge.vn\/#website","url":"https:\/\/nge.vn\/","name":"NGE 3D Printers Services","description":"","potentialAction":[{"@type":"SearchAction","target":{"@type":"EntryPoint","urlTemplate":"https:\/\/nge.vn\/?s={search_term_string}"},"query-input":{"@type":"PropertyValueSpecification","valueRequired":true,"valueName":"search_term_string"}}],"inLanguage":"en-US"}]}},"_links":{"self":[{"href":"https:\/\/nge.vn\/en\/wp-json\/wp\/v2\/product\/3516","targetHints":{"allow":["GET"]}}],"collection":[{"href":"https:\/\/nge.vn\/en\/wp-json\/wp\/v2\/product"}],"about":[{"href":"https:\/\/nge.vn\/en\/wp-json\/wp\/v2\/types\/product"}],"replies":[{"embeddable":true,"href":"https:\/\/nge.vn\/en\/wp-json\/wp\/v2\/comments?post=3516"}],"wp:featuredmedia":[{"embeddable":true,"href":"https:\/\/nge.vn\/en\/wp-json\/wp\/v2\/media\/3507"}],"wp:attachment":[{"href":"https:\/\/nge.vn\/en\/wp-json\/wp\/v2\/media?parent=3516"}],"wp:term":[{"taxonomy":"product_brand","embeddable":true,"href":"https:\/\/nge.vn\/en\/wp-json\/wp\/v2\/product_brand?post=3516"},{"taxonomy":"product_cat","embeddable":true,"href":"https:\/\/nge.vn\/en\/wp-json\/wp\/v2\/product_cat?post=3516"},{"taxonomy":"product_tag","embeddable":true,"href":"https:\/\/nge.vn\/en\/wp-json\/wp\/v2\/product_tag?post=3516"}],"curies":[{"name":"wp","href":"https:\/\/api.w.org\/{rel}","templated":true}]}}