{"id":3482,"date":"2024-10-26T15:37:51","date_gmt":"2024-10-26T08:37:51","guid":{"rendered":"https:\/\/nge.123websitedev.com\/san-pham\/nhua-in-3d-creality-ender-pla-filament-1kg-1-75mm\/"},"modified":"2026-02-25T11:44:21","modified_gmt":"2026-02-25T04:44:21","slug":"nhua-in-3d-creality-ender-pla-filament-1kg-1-75mm","status":"publish","type":"product","link":"https:\/\/nge.vn\/en\/product\/nhua-in-3d-creality-ender-pla-filament-1kg-1-75mm\/","title":{"rendered":"Nh\u1ef1a in 3d Creality Ender-PLA Filament 1kg 1.75mm"},"content":{"rendered":"<p>Nh\u1ef1a in 3d ch\u1ea5t l\u01b0\u1ee3ng cao Creality Ender-PLA Filament 1.0Kg 1.75mm<br \/>\nD\u00e2y t\u00f3c FDM ch\u1ea5t l\u01b0\u1ee3ng cao v\u00e0 ti\u1ebft ki\u1ec7m chi ph\u00ed<\/p>\n<p>Ender-PLA<br \/>\nD\u1ec5 d\u00e0ng in \u1ea5n m\u00e0 kh\u00f4ng ph\u1ea3i lo l\u1eafng khi l\u1ef1a ch\u1ecdn<br \/>\n+In \u1ea5n d\u1ec5 d\u00e0ng<br \/>\n+G\u1ea7n quanh co<br \/>\n+In m\u01b0\u1ee3t m\u00e0<\/p>\n<p>_In kh\u00f4ng cong v\u00eanh, d\u1ec5 in h\u01a1n<br \/>\n\u0110\u01b0\u1ee3c l\u00e0m t\u1eeb ch\u1ea5t li\u1ec7u PLA th\u00e2n thi\u1ec7n v\u1edbi m\u00f4i tr\u01b0\u1eddng, m\u1eabu in c\u00f3 \u0111\u1ed9 co th\u1ea5p, d\u1ec5 in m\u00e0 kh\u00f4ng b\u1ecb cong v\u00eanh.<\/p>\n<p>_Cu\u1ed9n d\u00e2y g\u1ecdn g\u00e0ng v\u1edbi b\u1ea3n in m\u01b0\u1ee3t m\u00e0<br \/>\nKi\u1ec3m so\u00e1t \u0111\u01b0\u1eddng k\u00ednh d\u00e2y t\u00f3c ch\u00ednh x\u00e1c, s\u1eafp x\u1ebfp cu\u1ed9n d\u00e2y t\u1ef1 \u0111\u1ed9ng EPC, \u0111\u1ea3m b\u1ea3o d\u00e2y t\u00f3c PLA g\u1ecdn g\u00e0ng, n\u1ea1p v\u00e0 in m\u01b0\u1ee3t m\u00e0 h\u01a1n.<br \/>\n\u0110\u01b0\u1eddng k\u00ednh t\u01b0\u01a1ng t\u1ef1, kh\u00f4ng b\u1ecb r\u1ed1i, dung sai \u00b1 0,03mm.<\/p>\n<p>_In d\u00f2ng ch\u1ea3y m\u00e0 kh\u00f4ng b\u1ecb t\u1eafc<br \/>\nNguy\u00ean li\u1ec7u th\u00f4 c\u00f3 \u0111\u1ed9 tinh khi\u1ebft cao v\u00e0 kh\u00f4ng c\u00f3 t\u1ea1p ch\u1ea5t, t\u00ednh l\u01b0u \u0111\u1ed9ng t\u1ed1t gi\u00fap d\u00e2y t\u00f3c \u0111\u01b0\u1ee3c \u0111\u00f9n \u0111\u1ec1u v\u00e0 m\u1ecbn trong qu\u00e1 tr\u00ecnh in. Kh\u00f4ng l\u00e0m t\u1eafc v\u00f2i phun v\u00e0 n\u00e2ng cao t\u1ef7 l\u1ec7 in th\u00e0nh c\u00f4ng.<\/p>\n<p>_\u0110\u01b0\u1ee3c x\u00e1c minh b\u1edfi BFP&#8211;T\u01b0\u01a1ng th\u00edch ho\u00e0n h\u1ea3o v\u1edbi m\u00e1y in Creality<br \/>\nD\u00f2ng Ender, D\u00f2ng CR, D\u00f2ng k\u00e8m theo \u0111\u1ea7y \u0111\u1ee7 V\u00e0 t\u01b0\u01a1ng th\u00edch v\u1edbi 99% M\u00e1y in FDM tr\u00ean th\u1ecb tr\u01b0\u1eddng.<\/p>\n<p>Applications<br \/>\n+Miniture<br \/>\n+Educational toys<br \/>\n+Artwork<br \/>\n+Functional parts<\/p>\n<p>_Product specifications<br \/>\n+T\u00ean s\u1ea3n ph\u1ea9m: D\u00e2y t\u00f3c Ender-PLA<br \/>\n+M\u1eadt \u0111\u1ed9: 1,25g\/cm3<br \/>\n+\u0110\u1ed9 b\u1ec1n k\u00e9o: 34MPa<br \/>\n+C\u01b0\u1eddng \u0111\u1ed9 u\u1ed1n: 77MPa<br \/>\n+C\u01b0\u1eddng \u0111\u1ed9 va \u0111\u1eadp: 7J\/m2<br \/>\n+Nhi\u1ec7t \u0111\u1ed9 in khuy\u1ebfn ngh\u1ecb: 190-230\u00b0C<br \/>\n+Khuy\u1ebfn ngh\u1ecb Nhi\u1ec7t \u0111\u1ed9 l\u00f2 s\u01b0\u1edfi: kh\u00f4ng s\u01b0\u1edfi \u1ea5m -60\u00b0C<br \/>\n+T\u1ed1c \u0111\u1ed9 in khuy\u1ebfn ngh\u1ecb: 40-80mm\/s<br \/>\n+T\u1ed1c \u0111\u1ed9 qu\u1ea1t khuy\u1ebfn ngh\u1ecb: 100%<br \/>\n+Ch\u1ee9ng nh\u1eadn: RoHS, REACH,MSDS<br \/>\n+\u0110\u01b0\u1eddng k\u00ednh d\u00e2y t\u00f3c: 1,75 \u00b10,03mm<br \/>\n+Tr\u1ecdng l\u01b0\u1ee3ng t\u1ecbnh c\u1ee7a s\u1ea3n ph\u1ea9m: 1Kg\/2.2lb<br \/>\n+T\u1ed5ng tr\u1ecdng l\u01b0\u1ee3ng s\u1ea3n ph\u1ea9m: 1,29Kg\/2,8lb<br \/>\n+K\u00edch th\u01b0\u1edbc \u0111\u00f3ng g\u00f3i: 210*210*70mm<br \/>\n+B\u1ec1 m\u1eb7t in khuy\u1ebfn ngh\u1ecb: N\u1ec1n k\u00ednh Carborundum, n\u1ec1n PEI, b\u0103ng Crepe, keo PVP<\/p>\n<p>**To receive a better price, please contact the shop directly.<br \/>\n0913.939.775 contact A.Quan (for English)<br \/>\n094.144.0951 contact A.Quynh<br \/>\n**Gi\u00e1 b\u00e1n ch\u01b0a bao g\u1ed3m VAT (+8% n\u1ebfu xu\u1ea5t ho\u00e1 \u0111\u01a1n GTGT)<\/p>","protected":false},"excerpt":{"rendered":"<p>Nh\u1ef1a in 3d Creality Ender-PLA Filament 1kg 1.75mm<\/p>","protected":false},"featured_media":3465,"comment_status":"open","ping_status":"closed","template":"","meta":{"inline_featured_image":false},"product_brand":[],"product_cat":[455,465,456],"product_tag":[],"class_list":{"0":"post-3482","1":"product","2":"type-product","3":"status-publish","4":"has-post-thumbnail","6":"product_cat-nhua-in-3d","7":"product_cat-nhua-in-3d-creality","8":"product_cat-nhua-in-3d-fdm","10":"first","11":"instock","12":"sale","13":"taxable","14":"shipping-taxable","15":"purchasable","16":"product-type-variable"},"yoast_head":"<!-- This site is optimized with the Yoast SEO Premium plugin v22.8 (Yoast SEO v26.9) - https:\/\/yoast.com\/product\/yoast-seo-premium-wordpress\/ -->\n<title>Nh\u1ef1a in 3d Creality Ender-PLA Filament 1kg 1.75mm - NGE 3D Printers Services<\/title>\n<meta name=\"robots\" content=\"index, follow, max-snippet:-1, max-image-preview:large, max-video-preview:-1\" \/>\n<link rel=\"canonical\" href=\"https:\/\/nge.vn\/en\/product\/nhua-in-3d-creality-ender-pla-filament-1kg-1-75mm\/\" \/>\n<meta property=\"og:locale\" content=\"en_US\" \/>\n<meta property=\"og:type\" content=\"article\" \/>\n<meta property=\"og:title\" content=\"Nh\u1ef1a in 3d Creality Ender-PLA Filament 1kg 1.75mm\" \/>\n<meta property=\"og:description\" content=\"Nh\u1ef1a in 3d Creality Ender-PLA Filament 1kg 1.75mm\" \/>\n<meta property=\"og:url\" content=\"https:\/\/nge.vn\/en\/product\/nhua-in-3d-creality-ender-pla-filament-1kg-1-75mm\/\" \/>\n<meta property=\"og:site_name\" content=\"NGE 3D Printers Services\" \/>\n<meta property=\"article:modified_time\" content=\"2026-02-25T04:44:21+00:00\" \/>\n<meta property=\"og:image\" content=\"https:\/\/nge.vn\/wp-content\/uploads\/2024\/10\/images-upload-woo2Faa425aaac6965b8531d51e2f5669c6d7.jpg\" \/>\n\t<meta property=\"og:image:width\" content=\"749\" \/>\n\t<meta property=\"og:image:height\" content=\"749\" \/>\n\t<meta property=\"og:image:type\" content=\"image\/jpeg\" \/>\n<meta name=\"twitter:card\" content=\"summary_large_image\" \/>\n<meta name=\"twitter:label1\" content=\"Est. reading time\" \/>\n\t<meta name=\"twitter:data1\" content=\"3 minutes\" \/>\n<script type=\"application\/ld+json\" class=\"yoast-schema-graph\">{\"@context\":\"https:\/\/schema.org\",\"@graph\":[{\"@type\":\"WebPage\",\"@id\":\"https:\/\/nge.vn\/san-pham\/nhua-in-3d-creality-ender-pla-filament-1kg-1-75mm\/\",\"url\":\"https:\/\/nge.vn\/san-pham\/nhua-in-3d-creality-ender-pla-filament-1kg-1-75mm\/\",\"name\":\"Nh\u1ef1a in 3d Creality Ender-PLA Filament 1kg 1.75mm - NGE 3D Printers Services\",\"isPartOf\":{\"@id\":\"https:\/\/nge.vn\/#website\"},\"primaryImageOfPage\":{\"@id\":\"https:\/\/nge.vn\/san-pham\/nhua-in-3d-creality-ender-pla-filament-1kg-1-75mm\/#primaryimage\"},\"image\":{\"@id\":\"https:\/\/nge.vn\/san-pham\/nhua-in-3d-creality-ender-pla-filament-1kg-1-75mm\/#primaryimage\"},\"thumbnailUrl\":\"https:\/\/nge.vn\/wp-content\/uploads\/2024\/10\/images-upload-woo2Faa425aaac6965b8531d51e2f5669c6d7.jpg\",\"datePublished\":\"2024-10-26T08:37:51+00:00\",\"dateModified\":\"2026-02-25T04:44:21+00:00\",\"breadcrumb\":{\"@id\":\"https:\/\/nge.vn\/san-pham\/nhua-in-3d-creality-ender-pla-filament-1kg-1-75mm\/#breadcrumb\"},\"inLanguage\":\"en-US\",\"potentialAction\":[{\"@type\":\"ReadAction\",\"target\":[\"https:\/\/nge.vn\/san-pham\/nhua-in-3d-creality-ender-pla-filament-1kg-1-75mm\/\"]}]},{\"@type\":\"ImageObject\",\"inLanguage\":\"en-US\",\"@id\":\"https:\/\/nge.vn\/san-pham\/nhua-in-3d-creality-ender-pla-filament-1kg-1-75mm\/#primaryimage\",\"url\":\"https:\/\/nge.vn\/wp-content\/uploads\/2024\/10\/images-upload-woo2Faa425aaac6965b8531d51e2f5669c6d7.jpg\",\"contentUrl\":\"https:\/\/nge.vn\/wp-content\/uploads\/2024\/10\/images-upload-woo2Faa425aaac6965b8531d51e2f5669c6d7.jpg\",\"width\":749,\"height\":749},{\"@type\":\"BreadcrumbList\",\"@id\":\"https:\/\/nge.vn\/san-pham\/nhua-in-3d-creality-ender-pla-filament-1kg-1-75mm\/#breadcrumb\",\"itemListElement\":[{\"@type\":\"ListItem\",\"position\":1,\"name\":\"Trang ch\u1ee7\",\"item\":\"https:\/\/nge.vn\/\"},{\"@type\":\"ListItem\",\"position\":2,\"name\":\"S\u1ea3n ph\u1ea9m\",\"item\":\"https:\/\/nge.vn\/san-pham\/\"},{\"@type\":\"ListItem\",\"position\":3,\"name\":\"Nh\u1ef1a in 3d Creality Ender-PLA Filament 1kg 1.75mm\"}]},{\"@type\":\"WebSite\",\"@id\":\"https:\/\/nge.vn\/#website\",\"url\":\"https:\/\/nge.vn\/\",\"name\":\"NGE 3D Printers Services\",\"description\":\"\",\"potentialAction\":[{\"@type\":\"SearchAction\",\"target\":{\"@type\":\"EntryPoint\",\"urlTemplate\":\"https:\/\/nge.vn\/?s={search_term_string}\"},\"query-input\":{\"@type\":\"PropertyValueSpecification\",\"valueRequired\":true,\"valueName\":\"search_term_string\"}}],\"inLanguage\":\"en-US\"}]}<\/script>\n<!-- \/ Yoast SEO Premium plugin. -->","yoast_head_json":{"title":"Nh\u1ef1a in 3d Creality Ender-PLA Filament 1kg 1.75mm - NGE 3D Printers Services","robots":{"index":"index","follow":"follow","max-snippet":"max-snippet:-1","max-image-preview":"max-image-preview:large","max-video-preview":"max-video-preview:-1"},"canonical":"https:\/\/nge.vn\/en\/product\/nhua-in-3d-creality-ender-pla-filament-1kg-1-75mm\/","og_locale":"en_US","og_type":"article","og_title":"Nh\u1ef1a in 3d Creality Ender-PLA Filament 1kg 1.75mm","og_description":"Nh\u1ef1a in 3d Creality Ender-PLA Filament 1kg 1.75mm","og_url":"https:\/\/nge.vn\/en\/product\/nhua-in-3d-creality-ender-pla-filament-1kg-1-75mm\/","og_site_name":"NGE 3D Printers Services","article_modified_time":"2026-02-25T04:44:21+00:00","og_image":[{"width":749,"height":749,"url":"https:\/\/nge.vn\/wp-content\/uploads\/2024\/10\/images-upload-woo2Faa425aaac6965b8531d51e2f5669c6d7.jpg","type":"image\/jpeg"}],"twitter_card":"summary_large_image","twitter_misc":{"Est. reading time":"3 minutes"},"schema":{"@context":"https:\/\/schema.org","@graph":[{"@type":"WebPage","@id":"https:\/\/nge.vn\/san-pham\/nhua-in-3d-creality-ender-pla-filament-1kg-1-75mm\/","url":"https:\/\/nge.vn\/san-pham\/nhua-in-3d-creality-ender-pla-filament-1kg-1-75mm\/","name":"Nh\u1ef1a in 3d Creality Ender-PLA Filament 1kg 1.75mm - NGE 3D Printers Services","isPartOf":{"@id":"https:\/\/nge.vn\/#website"},"primaryImageOfPage":{"@id":"https:\/\/nge.vn\/san-pham\/nhua-in-3d-creality-ender-pla-filament-1kg-1-75mm\/#primaryimage"},"image":{"@id":"https:\/\/nge.vn\/san-pham\/nhua-in-3d-creality-ender-pla-filament-1kg-1-75mm\/#primaryimage"},"thumbnailUrl":"https:\/\/nge.vn\/wp-content\/uploads\/2024\/10\/images-upload-woo2Faa425aaac6965b8531d51e2f5669c6d7.jpg","datePublished":"2024-10-26T08:37:51+00:00","dateModified":"2026-02-25T04:44:21+00:00","breadcrumb":{"@id":"https:\/\/nge.vn\/san-pham\/nhua-in-3d-creality-ender-pla-filament-1kg-1-75mm\/#breadcrumb"},"inLanguage":"en-US","potentialAction":[{"@type":"ReadAction","target":["https:\/\/nge.vn\/san-pham\/nhua-in-3d-creality-ender-pla-filament-1kg-1-75mm\/"]}]},{"@type":"ImageObject","inLanguage":"en-US","@id":"https:\/\/nge.vn\/san-pham\/nhua-in-3d-creality-ender-pla-filament-1kg-1-75mm\/#primaryimage","url":"https:\/\/nge.vn\/wp-content\/uploads\/2024\/10\/images-upload-woo2Faa425aaac6965b8531d51e2f5669c6d7.jpg","contentUrl":"https:\/\/nge.vn\/wp-content\/uploads\/2024\/10\/images-upload-woo2Faa425aaac6965b8531d51e2f5669c6d7.jpg","width":749,"height":749},{"@type":"BreadcrumbList","@id":"https:\/\/nge.vn\/san-pham\/nhua-in-3d-creality-ender-pla-filament-1kg-1-75mm\/#breadcrumb","itemListElement":[{"@type":"ListItem","position":1,"name":"Trang ch\u1ee7","item":"https:\/\/nge.vn\/"},{"@type":"ListItem","position":2,"name":"S\u1ea3n ph\u1ea9m","item":"https:\/\/nge.vn\/san-pham\/"},{"@type":"ListItem","position":3,"name":"Nh\u1ef1a in 3d Creality Ender-PLA Filament 1kg 1.75mm"}]},{"@type":"WebSite","@id":"https:\/\/nge.vn\/#website","url":"https:\/\/nge.vn\/","name":"NGE 3D Printers Services","description":"","potentialAction":[{"@type":"SearchAction","target":{"@type":"EntryPoint","urlTemplate":"https:\/\/nge.vn\/?s={search_term_string}"},"query-input":{"@type":"PropertyValueSpecification","valueRequired":true,"valueName":"search_term_string"}}],"inLanguage":"en-US"}]}},"_links":{"self":[{"href":"https:\/\/nge.vn\/en\/wp-json\/wp\/v2\/product\/3482","targetHints":{"allow":["GET"]}}],"collection":[{"href":"https:\/\/nge.vn\/en\/wp-json\/wp\/v2\/product"}],"about":[{"href":"https:\/\/nge.vn\/en\/wp-json\/wp\/v2\/types\/product"}],"replies":[{"embeddable":true,"href":"https:\/\/nge.vn\/en\/wp-json\/wp\/v2\/comments?post=3482"}],"wp:featuredmedia":[{"embeddable":true,"href":"https:\/\/nge.vn\/en\/wp-json\/wp\/v2\/media\/3465"}],"wp:attachment":[{"href":"https:\/\/nge.vn\/en\/wp-json\/wp\/v2\/media?parent=3482"}],"wp:term":[{"taxonomy":"product_brand","embeddable":true,"href":"https:\/\/nge.vn\/en\/wp-json\/wp\/v2\/product_brand?post=3482"},{"taxonomy":"product_cat","embeddable":true,"href":"https:\/\/nge.vn\/en\/wp-json\/wp\/v2\/product_cat?post=3482"},{"taxonomy":"product_tag","embeddable":true,"href":"https:\/\/nge.vn\/en\/wp-json\/wp\/v2\/product_tag?post=3482"}],"curies":[{"name":"wp","href":"https:\/\/api.w.org\/{rel}","templated":true}]}}