{"id":3432,"date":"2024-10-26T15:37:11","date_gmt":"2024-10-26T08:37:11","guid":{"rendered":"https:\/\/nge.123websitedev.com\/san-pham\/nhua-in-3d-esun-pla-cao-cap-1kg-cuon\/"},"modified":"2026-01-10T11:27:59","modified_gmt":"2026-01-10T04:27:59","slug":"nhua-in-3d-esun-pla-cao-cap-1kg-cuon","status":"publish","type":"product","link":"https:\/\/nge.vn\/en\/product\/nhua-in-3d-esun-pla-cao-cap-1kg-cuon\/","title":{"rendered":"Nh\u1ef1a in 3D eSun PLA+ Cao c\u1ea5p 1kg\/Cu\u1ed9n"},"content":{"rendered":"<p>Nh\u1ef1a in 3D ESUN PLA+ Cao c\u1ea5p kh\u00f4ng t\u1ea1p ch\u1ea5t v\u00e0 b\u1ecdt kh\u00ed 1kg\/Cu\u1ed9n<br \/>\n_PLA + l\u00e0 v\u1eadt li\u1ec7u th\u00e2n thi\u1ec7n v\u1edbi m\u00f4i tr\u01b0\u1eddng, d\u1ec5 in v\u00e0 c\u00f3 b\u1ec1 m\u1eb7t m\u1ecbn, \u0111\u1ed9 b\u1ec1n t\u1ed1t, \u0111\u1ed9 c\u1ee9ng, \u0111\u1ed9 b\u1ec1n c\u00e2n b\u1eb1ng, kh\u1ea3 n\u0103ng ch\u1ed1ng va \u0111\u1eadp m\u1ea1nh, r\u1ea5t th\u00edch h\u1ee3p \u0111\u1ec3 in c\u00e1c b\u1ed9 ph\u1eadn ch\u1ee9c n\u0103ng; \u0110\u01b0\u1ee3c FDA ch\u1ea5p thu\u1eadn, an to\u00e0n h\u01a1n khi s\u1eed d\u1ee5ng; C\u00f3 th\u1ec3 \u0111\u01b0\u1ee3c s\u1eed d\u1ee5ng cho c\u00e1c kh\u00e1i ni\u1ec7m m\u00f4 h\u00ecnh, t\u1ea1o m\u1eabu nhanh.<\/p>\n<p>_M\u00f4 t\u1ea3 s\u1ea3n ph\u1ea9m:<br \/>\n+H\u00e3ng s\u1ea3n xu\u1ea5t: ESUN<br \/>\n+\u0110\u00f3ng g\u00f3i: 1kg\/Cu\u1ed9n<br \/>\n+\u0110\u01b0\u1eddng k\u00ednh d\u00e2y: 1.75mm<br \/>\n+Ch\u1ea5t li\u1ec7u: PLA+<\/p>\n<p>_\u0110\u1eb7c \u0111i\u1ec3m:<br \/>\n+Chi\u1ebft xu\u1ea5t v\u00e0 tinh ch\u1ebf t\u1eeb h\u1ea1t ng\u00f4;<br \/>\n+\u0110\u1ed9 c\u1ee9ng cao, \u0111\u1ed9 b\u00f3ng t\u1ed1t v\u00e0 trong su\u1ed1t;<br \/>\n+Th\u00edch h\u1ee3p \u0111\u1ec3 in c\u00e1c m\u00f4 h\u00ecnh l\u1edbn;<br \/>\n+\u0110\u1ed9 b\u1ec1n g\u1ea5p 10 l\u1ea7n so v\u1edbi PLA tr\u00ean th\u1ecb tr\u01b0\u1eddng.<br \/>\n+Kh\u00f4ng c\u00f3 v\u1ea5n \u0111\u1ec1 v\u1ec1 d\u00e2y, b\u1ec1 m\u1eb7t c\u1ee7a b\u1ea3n in s\u1ebd m\u1ecbn h\u01a1n v\u00e0 tinh t\u1ebf h\u01a1n;<br \/>\n+Kh\u00f4ng c\u00f3 v\u1ea5n \u0111\u1ec1 n\u1ee9t v\u00e0 r\u1ed1i d\u00e2y.<\/p>\n<p>_\u1ee8ng d\u1ee5ng: Nh\u1ef1a PLA+ c\u00f3 b\u1ec1n b\u1ec1n v\u00e0 c\u1ee9ng g\u1ea5p 3-4 l\u1ea7n PLA hi\u1ec7n c\u00f3 tr\u00ean th\u1ecb tr\u01b0\u1eddng v\u00e0 r\u1ea5t d\u1ec5 in n\u00ean ho\u00e0n to\u00e0n c\u00f3 th\u1ec3 thay th\u1ebf Nh\u1ef1a PLA trong \u1ee9ng d\u1ee5ng. Th\u00edch h\u1ee3p cho h\u1ea7u h\u1ebft c\u00e1c M\u00e1y in 3D FDM!<\/p>\n<p>**Filament Properties<br \/>\n+3D PRINTING FILAMENT PLA+<br \/>\n+Density(g\/cm3) 1.23<br \/>\n+Heat Distortion Temp(\u2103,0.45MPa) 53<br \/>\n+Melt Flow Index(g\/10min) 5\uff08190\u2103\/2.16kg\uff09<br \/>\n+Tensile Strength(MPa) 63<br \/>\n+Elongation at Break(%) 20<br \/>\n+Flexural Strength(MPa) 74<br \/>\n+Flexural Modulus(MPa) 1973<br \/>\n+IZOD Impact Strength(kJ\/\u33a1) 9<br \/>\n2\/10<br \/>\n+Durability 4\/10<br \/>\n+Printability 9\/10<\/p>\n<p>***Recommended printing parameters<br \/>\n+Extruder Temperature(\u2103) 210 \u2013 230\u2103<br \/>\n+Recommended temperature\uff1a215\u2103<br \/>\n+Bed temperature(\u2103) 45 \u2013 60\u00b0C<br \/>\n+Fan Speed 100%<br \/>\n+Printing Speed 40 \u2013 100mm\/s<br \/>\n+Heated Bed Optional<br \/>\n+Recommended Build Surfaces Masking paper, PVP solid glue, PEI<\/p>\n<p>***H\u00e3ng cung c\u1ea5p c\u00f9ng l\u00fac l\u00f5i nh\u1ef1a v\u00e0 l\u00f5i gi\u1ea5y<\/p>\n<p>**\u0110\u1ec3 \u0111\u1eb7t h\u00e0ng s\u1ed1 l\u01b0\u1ee3ng nhi\u1ec1u vui l\u00f2ng li\u00ean h\u1ec7<br \/>\n0913.939.775 g\u1eb7p A. Qu\u00e2n<br \/>\n094.144.0951 A.Qu\u1ef3nh<br \/>\n**Selling price does not include VAT (+10% if VAT invoice is issued)<\/p>","protected":false},"excerpt":{"rendered":"<p>Nh\u1ef1a in 3D eSun PLA+ Cao c\u1ea5p 1kg\/Cu\u1ed9n<\/p>","protected":false},"featured_media":3423,"comment_status":"open","ping_status":"closed","template":"","meta":{"inline_featured_image":false},"product_brand":[],"product_cat":[455,456,466],"product_tag":[],"class_list":{"0":"post-3432","1":"product","2":"type-product","3":"status-publish","4":"has-post-thumbnail","6":"product_cat-nhua-in-3d","7":"product_cat-nhua-in-3d-fdm","8":"product_cat-soi-nhua-esun-fdm","9":"pa_pla-color-black-den","10":"pa_pla-color-blue","11":"pa_pla-color-bone-white","12":"pa_pla-color-brown-nau","13":"pa_pla-color-cold-white","14":"pa_pla-color-dark-blue-xanh-dam","15":"pa_pla-color-fire-engine-red","16":"pa_pla-color-gold","17":"pa_pla-color-green","18":"pa_pla-color-grey-xam","19":"pa_pla-color-light-blue","20":"pa_pla-color-light-brown","21":"pa_pla-color-magenta-do-tuoi","22":"pa_pla-color-olive-green","23":"pa_pla-color-orange-cam","24":"pa_pla-color-peak-green","25":"pa_pla-color-pine-green","26":"pa_pla-color-pink-hong","27":"pa_pla-color-purple-tim","28":"pa_pla-color-red-do","29":"pa_pla-color-silver-bac","30":"pa_pla-color-space-blue","31":"pa_pla-color-very-peri","32":"pa_pla-color-white-trang","33":"pa_pla-color-yellow-vang","34":"pa_pla-color-almond-yellow","35":"pa_pla-color-apricot","36":"pa_pla-color-baby-blue","37":"pa_pla-color-baby-pink","38":"pa_pla-color-beige","39":"pa_pla-color-coral-orange","40":"pa_pla-color-grass-green","41":"pa_pla-color-haze-blue","42":"pa_pla-color-holly-green","43":"pa_pla-color-jade-green","44":"pa_pla-color-light-khaki","45":"pa_pla-color-lilac","46":"pa_pla-color-matcha-green","47":"pa_pla-color-milky-white","48":"pa_pla-color-mint-green","49":"pa_pla-color-mustard-green","50":"pa_pla-color-peach-pink","51":"pa_pla-color-rgb-blue","52":"pa_pla-color-rgb-green","53":"pa_pla-color-rgb-red","55":"first","56":"instock","57":"sale","58":"taxable","59":"shipping-taxable","60":"purchasable","61":"product-type-variable"},"yoast_head":"<!-- This site is optimized with the Yoast SEO Premium plugin v22.8 (Yoast SEO v26.9) - https:\/\/yoast.com\/product\/yoast-seo-premium-wordpress\/ -->\n<title>Nh\u1ef1a in 3D eSun PLA+ Cao c\u1ea5p 1kg\/Cu\u1ed9n - NGE 3D Printers Services<\/title>\n<meta name=\"description\" content=\"PLA + l\u00e0 v\u1eadt li\u1ec7u th\u00e2n thi\u1ec7n v\u1edbi m\u00f4i tr\u01b0\u1eddng, d\u1ec5 in v\u00e0 c\u00f3 b\u1ec1 m\u1eb7t m\u1ecbn, \u0111\u1ed9 b\u1ec1n t\u1ed1t, \u0111\u1ed9 c\u1ee9ng, kh\u1ea3 n\u0103ng ch\u1ed1ng va \u0111\u1eadp m\u1ea1nh, th\u00edch h\u1ee3p \u0111\u1ec3 in c\u00e1c b\u1ed9 ph\u1eadn ch\u1ee9c n\u0103ng;\" \/>\n<meta name=\"robots\" content=\"index, follow, max-snippet:-1, max-image-preview:large, max-video-preview:-1\" \/>\n<link rel=\"canonical\" href=\"https:\/\/nge.vn\/en\/product\/nhua-in-3d-esun-pla-cao-cap-1kg-cuon\/\" \/>\n<meta property=\"og:locale\" content=\"en_US\" \/>\n<meta property=\"og:type\" content=\"article\" \/>\n<meta property=\"og:title\" content=\"Nh\u1ef1a in 3D eSun PLA+ Cao c\u1ea5p 1kg\/Cu\u1ed9n\" \/>\n<meta property=\"og:description\" content=\"PLA + l\u00e0 v\u1eadt li\u1ec7u th\u00e2n thi\u1ec7n v\u1edbi m\u00f4i tr\u01b0\u1eddng, d\u1ec5 in v\u00e0 c\u00f3 b\u1ec1 m\u1eb7t m\u1ecbn, \u0111\u1ed9 b\u1ec1n t\u1ed1t, \u0111\u1ed9 c\u1ee9ng, kh\u1ea3 n\u0103ng ch\u1ed1ng va \u0111\u1eadp m\u1ea1nh, th\u00edch h\u1ee3p \u0111\u1ec3 in c\u00e1c b\u1ed9 ph\u1eadn ch\u1ee9c n\u0103ng;\" \/>\n<meta property=\"og:url\" content=\"https:\/\/nge.vn\/en\/product\/nhua-in-3d-esun-pla-cao-cap-1kg-cuon\/\" \/>\n<meta property=\"og:site_name\" content=\"NGE 3D Printers Services\" \/>\n<meta property=\"article:modified_time\" content=\"2026-01-10T04:27:59+00:00\" \/>\n<meta property=\"og:image\" content=\"https:\/\/nge.vn\/wp-content\/uploads\/2024\/10\/images-upload-woo2Fa96e2bd84c5411508b14f4810bf02273.jpg\" \/>\n\t<meta property=\"og:image:width\" content=\"750\" \/>\n\t<meta property=\"og:image:height\" content=\"750\" \/>\n\t<meta property=\"og:image:type\" content=\"image\/jpeg\" \/>\n<meta name=\"twitter:card\" content=\"summary_large_image\" \/>\n<meta name=\"twitter:label1\" content=\"Est. reading time\" \/>\n\t<meta name=\"twitter:data1\" content=\"2 minutes\" \/>\n<script type=\"application\/ld+json\" class=\"yoast-schema-graph\">{\"@context\":\"https:\/\/schema.org\",\"@graph\":[{\"@type\":\"WebPage\",\"@id\":\"https:\/\/nge.vn\/san-pham\/nhua-in-3d-esun-pla-cao-cap-1kg-cuon\/\",\"url\":\"https:\/\/nge.vn\/san-pham\/nhua-in-3d-esun-pla-cao-cap-1kg-cuon\/\",\"name\":\"Nh\u1ef1a in 3D eSun PLA+ Cao c\u1ea5p 1kg\/Cu\u1ed9n - NGE 3D Printers Services\",\"isPartOf\":{\"@id\":\"https:\/\/nge.vn\/#website\"},\"primaryImageOfPage\":{\"@id\":\"https:\/\/nge.vn\/san-pham\/nhua-in-3d-esun-pla-cao-cap-1kg-cuon\/#primaryimage\"},\"image\":{\"@id\":\"https:\/\/nge.vn\/san-pham\/nhua-in-3d-esun-pla-cao-cap-1kg-cuon\/#primaryimage\"},\"thumbnailUrl\":\"https:\/\/nge.vn\/wp-content\/uploads\/2024\/10\/images-upload-woo2Fa96e2bd84c5411508b14f4810bf02273.jpg\",\"datePublished\":\"2024-10-26T08:37:11+00:00\",\"dateModified\":\"2026-01-10T04:27:59+00:00\",\"description\":\"PLA + l\u00e0 v\u1eadt li\u1ec7u th\u00e2n thi\u1ec7n v\u1edbi m\u00f4i tr\u01b0\u1eddng, d\u1ec5 in v\u00e0 c\u00f3 b\u1ec1 m\u1eb7t m\u1ecbn, \u0111\u1ed9 b\u1ec1n t\u1ed1t, \u0111\u1ed9 c\u1ee9ng, kh\u1ea3 n\u0103ng ch\u1ed1ng va \u0111\u1eadp m\u1ea1nh, th\u00edch h\u1ee3p \u0111\u1ec3 in c\u00e1c b\u1ed9 ph\u1eadn ch\u1ee9c n\u0103ng;\",\"breadcrumb\":{\"@id\":\"https:\/\/nge.vn\/san-pham\/nhua-in-3d-esun-pla-cao-cap-1kg-cuon\/#breadcrumb\"},\"inLanguage\":\"en-US\",\"potentialAction\":[{\"@type\":\"ReadAction\",\"target\":[\"https:\/\/nge.vn\/san-pham\/nhua-in-3d-esun-pla-cao-cap-1kg-cuon\/\"]}]},{\"@type\":\"ImageObject\",\"inLanguage\":\"en-US\",\"@id\":\"https:\/\/nge.vn\/san-pham\/nhua-in-3d-esun-pla-cao-cap-1kg-cuon\/#primaryimage\",\"url\":\"https:\/\/nge.vn\/wp-content\/uploads\/2024\/10\/images-upload-woo2Fa96e2bd84c5411508b14f4810bf02273.jpg\",\"contentUrl\":\"https:\/\/nge.vn\/wp-content\/uploads\/2024\/10\/images-upload-woo2Fa96e2bd84c5411508b14f4810bf02273.jpg\",\"width\":750,\"height\":750,\"caption\":\"Nh\u1ef1a in 3D eSun PLA+\"},{\"@type\":\"BreadcrumbList\",\"@id\":\"https:\/\/nge.vn\/san-pham\/nhua-in-3d-esun-pla-cao-cap-1kg-cuon\/#breadcrumb\",\"itemListElement\":[{\"@type\":\"ListItem\",\"position\":1,\"name\":\"Trang ch\u1ee7\",\"item\":\"https:\/\/nge.vn\/\"},{\"@type\":\"ListItem\",\"position\":2,\"name\":\"S\u1ea3n ph\u1ea9m\",\"item\":\"https:\/\/nge.vn\/san-pham\/\"},{\"@type\":\"ListItem\",\"position\":3,\"name\":\"Nh\u1ef1a in 3D eSun PLA+ Cao c\u1ea5p 1kg\/Cu\u1ed9n\"}]},{\"@type\":\"WebSite\",\"@id\":\"https:\/\/nge.vn\/#website\",\"url\":\"https:\/\/nge.vn\/\",\"name\":\"NGE 3D Printers Services\",\"description\":\"\",\"potentialAction\":[{\"@type\":\"SearchAction\",\"target\":{\"@type\":\"EntryPoint\",\"urlTemplate\":\"https:\/\/nge.vn\/?s={search_term_string}\"},\"query-input\":{\"@type\":\"PropertyValueSpecification\",\"valueRequired\":true,\"valueName\":\"search_term_string\"}}],\"inLanguage\":\"en-US\"}]}<\/script>\n<!-- \/ Yoast SEO Premium plugin. -->","yoast_head_json":{"title":"Nh\u1ef1a in 3D eSun PLA+ Cao c\u1ea5p 1kg\/Cu\u1ed9n - NGE 3D Printers Services","description":"PLA + l\u00e0 v\u1eadt li\u1ec7u th\u00e2n thi\u1ec7n v\u1edbi m\u00f4i tr\u01b0\u1eddng, d\u1ec5 in v\u00e0 c\u00f3 b\u1ec1 m\u1eb7t m\u1ecbn, \u0111\u1ed9 b\u1ec1n t\u1ed1t, \u0111\u1ed9 c\u1ee9ng, kh\u1ea3 n\u0103ng ch\u1ed1ng va \u0111\u1eadp m\u1ea1nh, th\u00edch h\u1ee3p \u0111\u1ec3 in c\u00e1c b\u1ed9 ph\u1eadn ch\u1ee9c n\u0103ng;","robots":{"index":"index","follow":"follow","max-snippet":"max-snippet:-1","max-image-preview":"max-image-preview:large","max-video-preview":"max-video-preview:-1"},"canonical":"https:\/\/nge.vn\/en\/product\/nhua-in-3d-esun-pla-cao-cap-1kg-cuon\/","og_locale":"en_US","og_type":"article","og_title":"Nh\u1ef1a in 3D eSun PLA+ Cao c\u1ea5p 1kg\/Cu\u1ed9n","og_description":"PLA + l\u00e0 v\u1eadt li\u1ec7u th\u00e2n thi\u1ec7n v\u1edbi m\u00f4i tr\u01b0\u1eddng, d\u1ec5 in v\u00e0 c\u00f3 b\u1ec1 m\u1eb7t m\u1ecbn, \u0111\u1ed9 b\u1ec1n t\u1ed1t, \u0111\u1ed9 c\u1ee9ng, kh\u1ea3 n\u0103ng ch\u1ed1ng va \u0111\u1eadp m\u1ea1nh, th\u00edch h\u1ee3p \u0111\u1ec3 in c\u00e1c b\u1ed9 ph\u1eadn ch\u1ee9c n\u0103ng;","og_url":"https:\/\/nge.vn\/en\/product\/nhua-in-3d-esun-pla-cao-cap-1kg-cuon\/","og_site_name":"NGE 3D Printers Services","article_modified_time":"2026-01-10T04:27:59+00:00","og_image":[{"width":750,"height":750,"url":"https:\/\/nge.vn\/wp-content\/uploads\/2024\/10\/images-upload-woo2Fa96e2bd84c5411508b14f4810bf02273.jpg","type":"image\/jpeg"}],"twitter_card":"summary_large_image","twitter_misc":{"Est. reading time":"2 minutes"},"schema":{"@context":"https:\/\/schema.org","@graph":[{"@type":"WebPage","@id":"https:\/\/nge.vn\/san-pham\/nhua-in-3d-esun-pla-cao-cap-1kg-cuon\/","url":"https:\/\/nge.vn\/san-pham\/nhua-in-3d-esun-pla-cao-cap-1kg-cuon\/","name":"Nh\u1ef1a in 3D eSun PLA+ Cao c\u1ea5p 1kg\/Cu\u1ed9n - NGE 3D Printers Services","isPartOf":{"@id":"https:\/\/nge.vn\/#website"},"primaryImageOfPage":{"@id":"https:\/\/nge.vn\/san-pham\/nhua-in-3d-esun-pla-cao-cap-1kg-cuon\/#primaryimage"},"image":{"@id":"https:\/\/nge.vn\/san-pham\/nhua-in-3d-esun-pla-cao-cap-1kg-cuon\/#primaryimage"},"thumbnailUrl":"https:\/\/nge.vn\/wp-content\/uploads\/2024\/10\/images-upload-woo2Fa96e2bd84c5411508b14f4810bf02273.jpg","datePublished":"2024-10-26T08:37:11+00:00","dateModified":"2026-01-10T04:27:59+00:00","description":"PLA + l\u00e0 v\u1eadt li\u1ec7u th\u00e2n thi\u1ec7n v\u1edbi m\u00f4i tr\u01b0\u1eddng, d\u1ec5 in v\u00e0 c\u00f3 b\u1ec1 m\u1eb7t m\u1ecbn, \u0111\u1ed9 b\u1ec1n t\u1ed1t, \u0111\u1ed9 c\u1ee9ng, kh\u1ea3 n\u0103ng ch\u1ed1ng va \u0111\u1eadp m\u1ea1nh, th\u00edch h\u1ee3p \u0111\u1ec3 in c\u00e1c b\u1ed9 ph\u1eadn ch\u1ee9c n\u0103ng;","breadcrumb":{"@id":"https:\/\/nge.vn\/san-pham\/nhua-in-3d-esun-pla-cao-cap-1kg-cuon\/#breadcrumb"},"inLanguage":"en-US","potentialAction":[{"@type":"ReadAction","target":["https:\/\/nge.vn\/san-pham\/nhua-in-3d-esun-pla-cao-cap-1kg-cuon\/"]}]},{"@type":"ImageObject","inLanguage":"en-US","@id":"https:\/\/nge.vn\/san-pham\/nhua-in-3d-esun-pla-cao-cap-1kg-cuon\/#primaryimage","url":"https:\/\/nge.vn\/wp-content\/uploads\/2024\/10\/images-upload-woo2Fa96e2bd84c5411508b14f4810bf02273.jpg","contentUrl":"https:\/\/nge.vn\/wp-content\/uploads\/2024\/10\/images-upload-woo2Fa96e2bd84c5411508b14f4810bf02273.jpg","width":750,"height":750,"caption":"Nh\u1ef1a in 3D eSun PLA+"},{"@type":"BreadcrumbList","@id":"https:\/\/nge.vn\/san-pham\/nhua-in-3d-esun-pla-cao-cap-1kg-cuon\/#breadcrumb","itemListElement":[{"@type":"ListItem","position":1,"name":"Trang ch\u1ee7","item":"https:\/\/nge.vn\/"},{"@type":"ListItem","position":2,"name":"S\u1ea3n ph\u1ea9m","item":"https:\/\/nge.vn\/san-pham\/"},{"@type":"ListItem","position":3,"name":"Nh\u1ef1a in 3D eSun PLA+ Cao c\u1ea5p 1kg\/Cu\u1ed9n"}]},{"@type":"WebSite","@id":"https:\/\/nge.vn\/#website","url":"https:\/\/nge.vn\/","name":"NGE 3D Printers Services","description":"","potentialAction":[{"@type":"SearchAction","target":{"@type":"EntryPoint","urlTemplate":"https:\/\/nge.vn\/?s={search_term_string}"},"query-input":{"@type":"PropertyValueSpecification","valueRequired":true,"valueName":"search_term_string"}}],"inLanguage":"en-US"}]}},"_links":{"self":[{"href":"https:\/\/nge.vn\/en\/wp-json\/wp\/v2\/product\/3432","targetHints":{"allow":["GET"]}}],"collection":[{"href":"https:\/\/nge.vn\/en\/wp-json\/wp\/v2\/product"}],"about":[{"href":"https:\/\/nge.vn\/en\/wp-json\/wp\/v2\/types\/product"}],"replies":[{"embeddable":true,"href":"https:\/\/nge.vn\/en\/wp-json\/wp\/v2\/comments?post=3432"}],"wp:featuredmedia":[{"embeddable":true,"href":"https:\/\/nge.vn\/en\/wp-json\/wp\/v2\/media\/3423"}],"wp:attachment":[{"href":"https:\/\/nge.vn\/en\/wp-json\/wp\/v2\/media?parent=3432"}],"wp:term":[{"taxonomy":"product_brand","embeddable":true,"href":"https:\/\/nge.vn\/en\/wp-json\/wp\/v2\/product_brand?post=3432"},{"taxonomy":"product_cat","embeddable":true,"href":"https:\/\/nge.vn\/en\/wp-json\/wp\/v2\/product_cat?post=3432"},{"taxonomy":"product_tag","embeddable":true,"href":"https:\/\/nge.vn\/en\/wp-json\/wp\/v2\/product_tag?post=3432"}],"curies":[{"name":"wp","href":"https:\/\/api.w.org\/{rel}","templated":true}]}}