{"id":3386,"date":"2024-10-26T15:26:43","date_gmt":"2024-10-26T08:26:43","guid":{"rendered":"https:\/\/nge.123websitedev.com\/san-pham\/nhua-in-3d-esun-re-filament-petg-khong-loi-1kg-cuon\/"},"modified":"2024-10-28T14:42:02","modified_gmt":"2024-10-28T07:42:02","slug":"nhua-in-3d-esun-re-filament-petg-khong-loi-1kg-cuon","status":"publish","type":"product","link":"https:\/\/nge.vn\/en\/product\/nhua-in-3d-esun-re-filament-petg-khong-loi-1kg-cuon\/","title":{"rendered":"Nh\u1ef1a in 3d ESUN Re-Filament PETG (kh\u00f4ng l\u00f5i) 1kg\/Cu\u1ed9n"},"content":{"rendered":"<p>Nh\u1ef1a in 3d ESUN Re-Filament PETG (kh\u00f4ng l\u00f5i) Cao C\u1ea5p kh\u00f4ng t\u1ea1p ch\u1ea5t v\u00e0 b\u1ecdt kh\u00ed 1kg\/Cu\u1ed9n<br \/>\n+Brand: ESUN<br \/>\n+Printing Temperature (Nhi\u1ec7t \u0111\u1ed9 \u0111\u1ea7u in): 230~250\u2103<br \/>\n+Plateform Temperaturer: No Heat\/\uff0860-80)\u2103<br \/>\n+Filament Diameter (\u0111\u01b0\u1eddng k\u00ednh s\u1ee3i): 1.75mm<br \/>\n+Weight: 1kg\/ Cu\u1ed9n<\/p>\n<p>**N\u00e9t \u0111\u1eb7c tr\u01b0ng:<br \/>\n_Kh\u00f4ng c\u00f3 v\u1ea5n \u0111\u1ec1 k\u00e9o d\u00e2y, b\u1ec1 m\u1eb7t c\u1ee7a b\u1ea3n in s\u1ebd m\u1ecbn h\u01a1n v\u00e0 tinh t\u1ebf h\u01a1n;<br \/>\n_Kh\u00f4ng c\u00f3 v\u1ea5n \u0111\u1ec1 \u0111\u1ee9t.<br \/>\n_Kh\u00f4ng m\u00f9i, t\u1ef7 l\u1ec7 co r\u00fat \u00edt;<br \/>\n_T\u00ednh k\u1ef5 n\u01b0\u1edbc (S\u1ebd kh\u00f4ng h\u1ea5p th\u1ee5 n\u01b0\u1edbc v\u00e0 nh\u01b0 v\u1eady l\u00e0m t\u1eafc ngh\u1ebdn m\u00e1y \u0111\u00f9n);<br \/>\n_\u0110\u1ed9 d\u1ebbo dai v\u01b0\u1ee3t tr\u1ed9i v\u00e0 \u0111\u1ed9 b\u1ec1n va \u0111\u1eadp cao;<br \/>\n_Thanh kho\u1ea3n t\u1ed1t (tr\u00f4i ch\u1ea3y);<br \/>\n_\u0110\u1ed9 b\u1ec1n c\u01a1 h\u1ecdc cao v\u00e0 t\u00ednh linh ho\u1ea1t tuy\u1ec7t v\u1eddi;<br \/>\n_\u0110\u1ed9 trong su\u1ed1t cao; \u0110\u1ed9 b\u00f3ng t\u1ed1t; C\u00f3 th\u1ec3 t\u00e1i ch\u1ebf.<br \/>\n_Refilament gi\u00fap b\u1ea1n kh\u00f4ng b\u1ecb r\u1ed1i s\u1ee3i nh\u1ef1a, v\u1ea5n \u0111\u1ec1 l\u00e3ng ph\u00ed \u1ed1ng ch\u1ec9 r\u1ed7ng v\u00e0 gi\u1ea3m l\u00e3ng ph\u00ed t\u00e0i nguy\u00ean!<br \/>\n_Cu\u1ed9n d\u00e2y g\u1ecdn g\u00e0ng, tr\u00e1nh b\u1ecb r\u1ed1i s\u1ee3i nh\u1ef1a;<br \/>\n_Gi\u1ea3m tr\u1ecdng l\u01b0\u1ee3ng v\u1eadn chuy\u1ec3n;<br \/>\n_Gi\u1ea3m ch\u1ea5t th\u1ea3i bao b\u00ec;<br \/>\n_Gi\u1ea3m s\u1ef1 l\u00e3ng ph\u00ed c\u1ee7a \u1ed1ng r\u1ed7ng.<\/p>\n<p>_Nh\u1ef1a Re-Filament PETG (l\u00f5i r\u1eddi) kh\u00f4ng ph\u1ea3i l\u00e0 nh\u1ef1a t\u00e1i ch\u1ebf m\u00e0 v\u1eabn l\u00e0 s\u1ee3i nh\u1ef1a ESUN PETG b\u00ecnh th\u01b0\u1eddng nh\u01b0ng do nhu c\u1ea7u s\u1eed d\u1ee5ng v\u00e0 nh\u1eb1m h\u1ea1n ch\u1ebf r\u00e1c th\u1ea3i t\u1eeb c\u00e1c l\u00f5i cu\u1ed9n nh\u1ef1a sau khi x\u00e0i h\u1ebft s\u1ee3i nh\u1ef1a v\u00e0 gi\u00fap gi\u1ea3m b\u1edbt gi\u00e1 th\u00e0nh c\u1ee7a nh\u1ef1a cho ng\u01b0\u1eddi d\u00f9ng, n\u00ean H\u00e3ng ESUN \u0111\u00e3 t\u1ea1o ra s\u1ea3n ph\u1ea9m nh\u1ef1a PLA, PLA+, PETG nh\u01b0ng kh\u00f4ng c\u00f3 l\u00f5i v\u00e0 l\u1ea5y t\u00ean l\u00e0 Re-Filament PLA, Re-Filament PLA+, Re-Filament PETG.<br \/>\n***L\u01b0u \u00fd: L\u1ea7n \u0111\u1ea7u khi kh\u00e1ch mua cu\u1ed9n nh\u1ef1a ESUN Re-Filament PETG vui l\u00f2ng mua k\u00e8m 1 eSpool (l\u00f5i cu\u1ed9n nh\u1ef1a), l\u00f5i n\u00e0y ta s\u1eed d\u1ee5ng nhi\u1ec1u l\u1ea7n cho c\u00e1c cu\u1ed9n nh\u1ef1a Re-Filament ti\u1ebfp theo sau n\u00e0y. <\/p>\n<p>**\u0110\u1ec3 \u0111\u01b0\u1ee3c nh\u1eadn h\u1ed9 tr\u1ee3 th\u00eam v\u1ec1 Gi\u00e1 v\u00e0 Th\u00f4ng tin c\u1ee7a s\u1ea3n ph\u1ea9m, vui l\u00f2ng li\u00ean h\u1ec7:<br \/>\n          0913.939.775 g\u1eb7p A. Qu\u00e2n (for English)<br \/>\n          094.144.0951 contact A.Quynh<br \/>\n**Selling price does not include VAT (+10% if VAT invoice is issued)<\/p>","protected":false},"excerpt":{"rendered":"<p>Nh\u1ef1a in 3d ESUN Re-Filament PETG (kh\u00f4ng l\u00f5i) 1kg\/Cu\u1ed9n<\/p>","protected":false},"featured_media":3377,"comment_status":"open","ping_status":"closed","template":"","meta":{"inline_featured_image":false},"product_brand":[],"product_cat":[43],"product_tag":[],"class_list":{"0":"post-3386","1":"product","2":"type-product","3":"status-publish","4":"has-post-thumbnail","6":"product_cat-nhua-in-3d-resin","8":"first","9":"instock","10":"taxable","11":"shipping-taxable","12":"purchasable","13":"product-type-variable"},"yoast_head":"<!-- This site is optimized with the Yoast SEO Premium plugin v22.8 (Yoast SEO v26.9) - https:\/\/yoast.com\/product\/yoast-seo-premium-wordpress\/ -->\n<title>Nh\u1ef1a in 3d ESUN Re-Filament PETG (kh\u00f4ng l\u00f5i) 1kg\/Cu\u1ed9n - NGE 3D Printers Services<\/title>\n<meta name=\"robots\" content=\"index, follow, max-snippet:-1, max-image-preview:large, max-video-preview:-1\" \/>\n<link rel=\"canonical\" href=\"https:\/\/nge.vn\/en\/product\/nhua-in-3d-esun-re-filament-petg-khong-loi-1kg-cuon\/\" \/>\n<meta property=\"og:locale\" content=\"en_US\" \/>\n<meta property=\"og:type\" content=\"article\" \/>\n<meta property=\"og:title\" content=\"Nh\u1ef1a in 3d ESUN Re-Filament PETG (kh\u00f4ng l\u00f5i) 1kg\/Cu\u1ed9n\" \/>\n<meta property=\"og:description\" content=\"Nh\u1ef1a in 3d ESUN Re-Filament PETG (kh\u00f4ng l\u00f5i) 1kg\/Cu\u1ed9n\" \/>\n<meta property=\"og:url\" content=\"https:\/\/nge.vn\/en\/product\/nhua-in-3d-esun-re-filament-petg-khong-loi-1kg-cuon\/\" \/>\n<meta property=\"og:site_name\" content=\"NGE 3D Printers Services\" \/>\n<meta property=\"article:modified_time\" content=\"2024-10-28T07:42:02+00:00\" \/>\n<meta property=\"og:image\" content=\"https:\/\/nge.vn\/wp-content\/uploads\/2024\/10\/images-upload-woo2F7e8e772e57e861b3befd5afc3369bf47.jpg\" \/>\n\t<meta property=\"og:image:width\" content=\"752\" \/>\n\t<meta property=\"og:image:height\" content=\"752\" \/>\n\t<meta property=\"og:image:type\" content=\"image\/jpeg\" \/>\n<meta name=\"twitter:card\" content=\"summary_large_image\" \/>\n<meta name=\"twitter:label1\" content=\"Est. reading time\" \/>\n\t<meta name=\"twitter:data1\" content=\"2 minutes\" \/>\n<script type=\"application\/ld+json\" class=\"yoast-schema-graph\">{\"@context\":\"https:\/\/schema.org\",\"@graph\":[{\"@type\":\"WebPage\",\"@id\":\"https:\/\/nge.vn\/san-pham\/nhua-in-3d-esun-re-filament-petg-khong-loi-1kg-cuon\/\",\"url\":\"https:\/\/nge.vn\/san-pham\/nhua-in-3d-esun-re-filament-petg-khong-loi-1kg-cuon\/\",\"name\":\"Nh\u1ef1a in 3d ESUN Re-Filament PETG (kh\u00f4ng l\u00f5i) 1kg\/Cu\u1ed9n - NGE 3D Printers Services\",\"isPartOf\":{\"@id\":\"https:\/\/nge.vn\/#website\"},\"primaryImageOfPage\":{\"@id\":\"https:\/\/nge.vn\/san-pham\/nhua-in-3d-esun-re-filament-petg-khong-loi-1kg-cuon\/#primaryimage\"},\"image\":{\"@id\":\"https:\/\/nge.vn\/san-pham\/nhua-in-3d-esun-re-filament-petg-khong-loi-1kg-cuon\/#primaryimage\"},\"thumbnailUrl\":\"https:\/\/nge.vn\/wp-content\/uploads\/2024\/10\/images-upload-woo2F7e8e772e57e861b3befd5afc3369bf47.jpg\",\"datePublished\":\"2024-10-26T08:26:43+00:00\",\"dateModified\":\"2024-10-28T07:42:02+00:00\",\"breadcrumb\":{\"@id\":\"https:\/\/nge.vn\/san-pham\/nhua-in-3d-esun-re-filament-petg-khong-loi-1kg-cuon\/#breadcrumb\"},\"inLanguage\":\"en-US\",\"potentialAction\":[{\"@type\":\"ReadAction\",\"target\":[\"https:\/\/nge.vn\/san-pham\/nhua-in-3d-esun-re-filament-petg-khong-loi-1kg-cuon\/\"]}]},{\"@type\":\"ImageObject\",\"inLanguage\":\"en-US\",\"@id\":\"https:\/\/nge.vn\/san-pham\/nhua-in-3d-esun-re-filament-petg-khong-loi-1kg-cuon\/#primaryimage\",\"url\":\"https:\/\/nge.vn\/wp-content\/uploads\/2024\/10\/images-upload-woo2F7e8e772e57e861b3befd5afc3369bf47.jpg\",\"contentUrl\":\"https:\/\/nge.vn\/wp-content\/uploads\/2024\/10\/images-upload-woo2F7e8e772e57e861b3befd5afc3369bf47.jpg\",\"width\":752,\"height\":752},{\"@type\":\"BreadcrumbList\",\"@id\":\"https:\/\/nge.vn\/san-pham\/nhua-in-3d-esun-re-filament-petg-khong-loi-1kg-cuon\/#breadcrumb\",\"itemListElement\":[{\"@type\":\"ListItem\",\"position\":1,\"name\":\"Trang ch\u1ee7\",\"item\":\"https:\/\/nge.vn\/\"},{\"@type\":\"ListItem\",\"position\":2,\"name\":\"S\u1ea3n ph\u1ea9m\",\"item\":\"https:\/\/nge.vn\/san-pham\/\"},{\"@type\":\"ListItem\",\"position\":3,\"name\":\"Nh\u1ef1a in 3d ESUN Re-Filament PETG (kh\u00f4ng l\u00f5i) 1kg\/Cu\u1ed9n\"}]},{\"@type\":\"WebSite\",\"@id\":\"https:\/\/nge.vn\/#website\",\"url\":\"https:\/\/nge.vn\/\",\"name\":\"NGE 3D Printers Services\",\"description\":\"\",\"potentialAction\":[{\"@type\":\"SearchAction\",\"target\":{\"@type\":\"EntryPoint\",\"urlTemplate\":\"https:\/\/nge.vn\/?s={search_term_string}\"},\"query-input\":{\"@type\":\"PropertyValueSpecification\",\"valueRequired\":true,\"valueName\":\"search_term_string\"}}],\"inLanguage\":\"en-US\"}]}<\/script>\n<!-- \/ Yoast SEO Premium plugin. -->","yoast_head_json":{"title":"Nh\u1ef1a in 3d ESUN Re-Filament PETG (kh\u00f4ng l\u00f5i) 1kg\/Cu\u1ed9n - NGE 3D Printers Services","robots":{"index":"index","follow":"follow","max-snippet":"max-snippet:-1","max-image-preview":"max-image-preview:large","max-video-preview":"max-video-preview:-1"},"canonical":"https:\/\/nge.vn\/en\/product\/nhua-in-3d-esun-re-filament-petg-khong-loi-1kg-cuon\/","og_locale":"en_US","og_type":"article","og_title":"Nh\u1ef1a in 3d ESUN Re-Filament PETG (kh\u00f4ng l\u00f5i) 1kg\/Cu\u1ed9n","og_description":"Nh\u1ef1a in 3d ESUN Re-Filament PETG (kh\u00f4ng l\u00f5i) 1kg\/Cu\u1ed9n","og_url":"https:\/\/nge.vn\/en\/product\/nhua-in-3d-esun-re-filament-petg-khong-loi-1kg-cuon\/","og_site_name":"NGE 3D Printers Services","article_modified_time":"2024-10-28T07:42:02+00:00","og_image":[{"width":752,"height":752,"url":"https:\/\/nge.vn\/wp-content\/uploads\/2024\/10\/images-upload-woo2F7e8e772e57e861b3befd5afc3369bf47.jpg","type":"image\/jpeg"}],"twitter_card":"summary_large_image","twitter_misc":{"Est. reading time":"2 minutes"},"schema":{"@context":"https:\/\/schema.org","@graph":[{"@type":"WebPage","@id":"https:\/\/nge.vn\/san-pham\/nhua-in-3d-esun-re-filament-petg-khong-loi-1kg-cuon\/","url":"https:\/\/nge.vn\/san-pham\/nhua-in-3d-esun-re-filament-petg-khong-loi-1kg-cuon\/","name":"Nh\u1ef1a in 3d ESUN Re-Filament PETG (kh\u00f4ng l\u00f5i) 1kg\/Cu\u1ed9n - NGE 3D Printers Services","isPartOf":{"@id":"https:\/\/nge.vn\/#website"},"primaryImageOfPage":{"@id":"https:\/\/nge.vn\/san-pham\/nhua-in-3d-esun-re-filament-petg-khong-loi-1kg-cuon\/#primaryimage"},"image":{"@id":"https:\/\/nge.vn\/san-pham\/nhua-in-3d-esun-re-filament-petg-khong-loi-1kg-cuon\/#primaryimage"},"thumbnailUrl":"https:\/\/nge.vn\/wp-content\/uploads\/2024\/10\/images-upload-woo2F7e8e772e57e861b3befd5afc3369bf47.jpg","datePublished":"2024-10-26T08:26:43+00:00","dateModified":"2024-10-28T07:42:02+00:00","breadcrumb":{"@id":"https:\/\/nge.vn\/san-pham\/nhua-in-3d-esun-re-filament-petg-khong-loi-1kg-cuon\/#breadcrumb"},"inLanguage":"en-US","potentialAction":[{"@type":"ReadAction","target":["https:\/\/nge.vn\/san-pham\/nhua-in-3d-esun-re-filament-petg-khong-loi-1kg-cuon\/"]}]},{"@type":"ImageObject","inLanguage":"en-US","@id":"https:\/\/nge.vn\/san-pham\/nhua-in-3d-esun-re-filament-petg-khong-loi-1kg-cuon\/#primaryimage","url":"https:\/\/nge.vn\/wp-content\/uploads\/2024\/10\/images-upload-woo2F7e8e772e57e861b3befd5afc3369bf47.jpg","contentUrl":"https:\/\/nge.vn\/wp-content\/uploads\/2024\/10\/images-upload-woo2F7e8e772e57e861b3befd5afc3369bf47.jpg","width":752,"height":752},{"@type":"BreadcrumbList","@id":"https:\/\/nge.vn\/san-pham\/nhua-in-3d-esun-re-filament-petg-khong-loi-1kg-cuon\/#breadcrumb","itemListElement":[{"@type":"ListItem","position":1,"name":"Trang ch\u1ee7","item":"https:\/\/nge.vn\/"},{"@type":"ListItem","position":2,"name":"S\u1ea3n ph\u1ea9m","item":"https:\/\/nge.vn\/san-pham\/"},{"@type":"ListItem","position":3,"name":"Nh\u1ef1a in 3d ESUN Re-Filament PETG (kh\u00f4ng l\u00f5i) 1kg\/Cu\u1ed9n"}]},{"@type":"WebSite","@id":"https:\/\/nge.vn\/#website","url":"https:\/\/nge.vn\/","name":"NGE 3D Printers Services","description":"","potentialAction":[{"@type":"SearchAction","target":{"@type":"EntryPoint","urlTemplate":"https:\/\/nge.vn\/?s={search_term_string}"},"query-input":{"@type":"PropertyValueSpecification","valueRequired":true,"valueName":"search_term_string"}}],"inLanguage":"en-US"}]}},"_links":{"self":[{"href":"https:\/\/nge.vn\/en\/wp-json\/wp\/v2\/product\/3386","targetHints":{"allow":["GET"]}}],"collection":[{"href":"https:\/\/nge.vn\/en\/wp-json\/wp\/v2\/product"}],"about":[{"href":"https:\/\/nge.vn\/en\/wp-json\/wp\/v2\/types\/product"}],"replies":[{"embeddable":true,"href":"https:\/\/nge.vn\/en\/wp-json\/wp\/v2\/comments?post=3386"}],"wp:featuredmedia":[{"embeddable":true,"href":"https:\/\/nge.vn\/en\/wp-json\/wp\/v2\/media\/3377"}],"wp:attachment":[{"href":"https:\/\/nge.vn\/en\/wp-json\/wp\/v2\/media?parent=3386"}],"wp:term":[{"taxonomy":"product_brand","embeddable":true,"href":"https:\/\/nge.vn\/en\/wp-json\/wp\/v2\/product_brand?post=3386"},{"taxonomy":"product_cat","embeddable":true,"href":"https:\/\/nge.vn\/en\/wp-json\/wp\/v2\/product_cat?post=3386"},{"taxonomy":"product_tag","embeddable":true,"href":"https:\/\/nge.vn\/en\/wp-json\/wp\/v2\/product_tag?post=3386"}],"curies":[{"name":"wp","href":"https:\/\/api.w.org\/{rel}","templated":true}]}}