{"id":3376,"date":"2024-10-26T15:26:33","date_gmt":"2024-10-26T08:26:33","guid":{"rendered":"https:\/\/nge.123websitedev.com\/san-pham\/man-hinh-chieu-lcd-mono-4k-79-inch-cho-may-in-3d-resin-creatity-halot-one-plus\/"},"modified":"2024-10-28T16:15:33","modified_gmt":"2024-10-28T09:15:33","slug":"man-hinh-chieu-lcd-mono-4k-79-inch-cho-may-in-3d-resin-creatity-halot-one-plus","status":"publish","type":"product","link":"https:\/\/nge.vn\/en\/product\/man-hinh-chieu-lcd-mono-4k-79-inch-cho-may-in-3d-resin-creatity-halot-one-plus\/","title":{"rendered":"M\u00e0n h\u00ecnh chi\u1ebfu LCD Mono 4K 7,9 inch cho m\u00e1y in 3d resin CREATITY HALOT ONE PLUS"},"content":{"rendered":"<p>M\u00e0n h\u00ecnh chi\u1ebfu LCD \u0111\u01a1n s\u1eafc 4K 7,9 inch cho m\u00e1y in 3d resin CREATITY HALOT-ONE PLUS<\/p>\n<p>M\u00e0n h\u00ecnh ph\u01a1i s\u00e1ng LCD \u0111\u01a1n s\u1eafc 7,9 inch 4K 4320*2560 cho m\u00e1y in LCD 3D: CREATITY HALOT ONE PLUS Chuy\u00ean d\u1ee5ng, c\u00f3 \u0111\u00e1y 3mm k\u00ednh tr\u1eafng.<\/p>\n<p>Xin l\u01b0u \u00fd: kh\u00f4ng c\u00f3 b\u0103ng d\u00ednh m\u00e0u \u0111en, kh\u00f4ng c\u00f3 c\u00e1p chuy\u1ec3n \u0111\u1ed5i, v.v.<\/p>\n<p>M\u00e0n h\u00ecnh LCD model 079-L001-4 ph\u1ee5 ki\u1ec7n m\u00e0n h\u00ecnh \u0111en tr\u1eafng 7,9 inch, d\u00f9ng \u0111\u1ec3 s\u1eeda ch\u1eefa m\u00e0n h\u00ecnh \u0111\u01a1n s\u1eafc trong m\u00e1y in 3D Creality Halot One Plus<\/p>\n<p>**To receive a better price, please contact the shop directly.<br \/>\n     0913.939.775 contact A.Quan (for English)<br \/>\n     094.144.0951 contact A.Quynh<br \/>\n**Gi\u00e1 b\u00e1n ch\u01b0a bao g\u1ed3m VAT (+8% n\u1ebfu xu\u1ea5t ho\u00e1 \u0111\u01a1n GTGT)<\/p>","protected":false},"excerpt":{"rendered":"<p>M\u00e0n h\u00ecnh chi\u1ebfu LCD Mono 4K 7,9 inch cho m\u00e1y in 3d resin CREATITY HALOT ONE PLUS<\/p>","protected":false},"featured_media":3372,"comment_status":"open","ping_status":"closed","template":"","meta":{"inline_featured_image":false},"product_brand":[],"product_cat":[40,56],"product_tag":[],"class_list":{"0":"post-3376","1":"product","2":"type-product","3":"status-publish","4":"has-post-thumbnail","6":"product_cat-linh-kien-va-phu-kien","7":"product_cat-linh-phu-kien-may-in-3d-creality","9":"first","10":"instock","11":"taxable","12":"shipping-taxable","13":"purchasable","14":"product-type-simple"},"yoast_head":"<!-- This site is optimized with the Yoast SEO Premium plugin v22.8 (Yoast SEO v26.9) - https:\/\/yoast.com\/product\/yoast-seo-premium-wordpress\/ -->\n<title>M\u00e0n h\u00ecnh chi\u1ebfu LCD Mono 4K 7,9 inch cho m\u00e1y in 3d resin CREATITY HALOT ONE PLUS - NGE 3D Printers Services<\/title>\n<meta name=\"robots\" content=\"index, follow, max-snippet:-1, max-image-preview:large, max-video-preview:-1\" \/>\n<link rel=\"canonical\" href=\"https:\/\/nge.vn\/en\/product\/man-hinh-chieu-lcd-mono-4k-79-inch-cho-may-in-3d-resin-creatity-halot-one-plus\/\" \/>\n<meta property=\"og:locale\" content=\"en_US\" \/>\n<meta property=\"og:type\" content=\"article\" \/>\n<meta property=\"og:title\" content=\"M\u00e0n h\u00ecnh chi\u1ebfu LCD Mono 4K 7,9 inch cho m\u00e1y in 3d resin CREATITY HALOT ONE PLUS\" \/>\n<meta property=\"og:description\" content=\"M\u00e0n h\u00ecnh chi\u1ebfu LCD Mono 4K 7,9 inch cho m\u00e1y in 3d resin CREATITY HALOT ONE PLUS\" \/>\n<meta property=\"og:url\" content=\"https:\/\/nge.vn\/en\/product\/man-hinh-chieu-lcd-mono-4k-79-inch-cho-may-in-3d-resin-creatity-halot-one-plus\/\" \/>\n<meta property=\"og:site_name\" content=\"NGE 3D Printers Services\" \/>\n<meta property=\"article:modified_time\" content=\"2024-10-28T09:15:33+00:00\" \/>\n<meta property=\"og:image\" content=\"https:\/\/nge.vn\/wp-content\/uploads\/2024\/10\/images-upload-woo2F718b31e9c1f12c72835efc24e1176b41.jpg\" \/>\n\t<meta property=\"og:image:width\" content=\"846\" \/>\n\t<meta property=\"og:image:height\" content=\"846\" \/>\n\t<meta property=\"og:image:type\" content=\"image\/jpeg\" \/>\n<meta name=\"twitter:card\" content=\"summary_large_image\" \/>\n<meta name=\"twitter:label1\" content=\"Est. reading time\" \/>\n\t<meta name=\"twitter:data1\" content=\"1 minute\" \/>\n<script type=\"application\/ld+json\" class=\"yoast-schema-graph\">{\"@context\":\"https:\/\/schema.org\",\"@graph\":[{\"@type\":\"WebPage\",\"@id\":\"https:\/\/nge.vn\/san-pham\/man-hinh-chieu-lcd-mono-4k-79-inch-cho-may-in-3d-resin-creatity-halot-one-plus\/\",\"url\":\"https:\/\/nge.vn\/san-pham\/man-hinh-chieu-lcd-mono-4k-79-inch-cho-may-in-3d-resin-creatity-halot-one-plus\/\",\"name\":\"M\u00e0n h\u00ecnh chi\u1ebfu LCD Mono 4K 7,9 inch cho m\u00e1y in 3d resin CREATITY HALOT ONE PLUS - NGE 3D Printers Services\",\"isPartOf\":{\"@id\":\"https:\/\/nge.vn\/#website\"},\"primaryImageOfPage\":{\"@id\":\"https:\/\/nge.vn\/san-pham\/man-hinh-chieu-lcd-mono-4k-79-inch-cho-may-in-3d-resin-creatity-halot-one-plus\/#primaryimage\"},\"image\":{\"@id\":\"https:\/\/nge.vn\/san-pham\/man-hinh-chieu-lcd-mono-4k-79-inch-cho-may-in-3d-resin-creatity-halot-one-plus\/#primaryimage\"},\"thumbnailUrl\":\"https:\/\/nge.vn\/wp-content\/uploads\/2024\/10\/images-upload-woo2F718b31e9c1f12c72835efc24e1176b41.jpg\",\"datePublished\":\"2024-10-26T08:26:33+00:00\",\"dateModified\":\"2024-10-28T09:15:33+00:00\",\"breadcrumb\":{\"@id\":\"https:\/\/nge.vn\/san-pham\/man-hinh-chieu-lcd-mono-4k-79-inch-cho-may-in-3d-resin-creatity-halot-one-plus\/#breadcrumb\"},\"inLanguage\":\"en-US\",\"potentialAction\":[{\"@type\":\"ReadAction\",\"target\":[\"https:\/\/nge.vn\/san-pham\/man-hinh-chieu-lcd-mono-4k-79-inch-cho-may-in-3d-resin-creatity-halot-one-plus\/\"]}]},{\"@type\":\"ImageObject\",\"inLanguage\":\"en-US\",\"@id\":\"https:\/\/nge.vn\/san-pham\/man-hinh-chieu-lcd-mono-4k-79-inch-cho-may-in-3d-resin-creatity-halot-one-plus\/#primaryimage\",\"url\":\"https:\/\/nge.vn\/wp-content\/uploads\/2024\/10\/images-upload-woo2F718b31e9c1f12c72835efc24e1176b41.jpg\",\"contentUrl\":\"https:\/\/nge.vn\/wp-content\/uploads\/2024\/10\/images-upload-woo2F718b31e9c1f12c72835efc24e1176b41.jpg\",\"width\":846,\"height\":846},{\"@type\":\"BreadcrumbList\",\"@id\":\"https:\/\/nge.vn\/san-pham\/man-hinh-chieu-lcd-mono-4k-79-inch-cho-may-in-3d-resin-creatity-halot-one-plus\/#breadcrumb\",\"itemListElement\":[{\"@type\":\"ListItem\",\"position\":1,\"name\":\"Trang ch\u1ee7\",\"item\":\"https:\/\/nge.vn\/\"},{\"@type\":\"ListItem\",\"position\":2,\"name\":\"S\u1ea3n ph\u1ea9m\",\"item\":\"https:\/\/nge.vn\/san-pham\/\"},{\"@type\":\"ListItem\",\"position\":3,\"name\":\"M\u00e0n h\u00ecnh chi\u1ebfu LCD Mono 4K 7,9 inch cho m\u00e1y in 3d resin CREATITY HALOT ONE PLUS\"}]},{\"@type\":\"WebSite\",\"@id\":\"https:\/\/nge.vn\/#website\",\"url\":\"https:\/\/nge.vn\/\",\"name\":\"NGE 3D Printers Services\",\"description\":\"\",\"potentialAction\":[{\"@type\":\"SearchAction\",\"target\":{\"@type\":\"EntryPoint\",\"urlTemplate\":\"https:\/\/nge.vn\/?s={search_term_string}\"},\"query-input\":{\"@type\":\"PropertyValueSpecification\",\"valueRequired\":true,\"valueName\":\"search_term_string\"}}],\"inLanguage\":\"en-US\"}]}<\/script>\n<!-- \/ Yoast SEO Premium plugin. -->","yoast_head_json":{"title":"M\u00e0n h\u00ecnh chi\u1ebfu LCD Mono 4K 7,9 inch cho m\u00e1y in 3d resin CREATITY HALOT ONE PLUS - NGE 3D Printers Services","robots":{"index":"index","follow":"follow","max-snippet":"max-snippet:-1","max-image-preview":"max-image-preview:large","max-video-preview":"max-video-preview:-1"},"canonical":"https:\/\/nge.vn\/en\/product\/man-hinh-chieu-lcd-mono-4k-79-inch-cho-may-in-3d-resin-creatity-halot-one-plus\/","og_locale":"en_US","og_type":"article","og_title":"M\u00e0n h\u00ecnh chi\u1ebfu LCD Mono 4K 7,9 inch cho m\u00e1y in 3d resin CREATITY HALOT ONE PLUS","og_description":"M\u00e0n h\u00ecnh chi\u1ebfu LCD Mono 4K 7,9 inch cho m\u00e1y in 3d resin CREATITY HALOT ONE PLUS","og_url":"https:\/\/nge.vn\/en\/product\/man-hinh-chieu-lcd-mono-4k-79-inch-cho-may-in-3d-resin-creatity-halot-one-plus\/","og_site_name":"NGE 3D Printers Services","article_modified_time":"2024-10-28T09:15:33+00:00","og_image":[{"width":846,"height":846,"url":"https:\/\/nge.vn\/wp-content\/uploads\/2024\/10\/images-upload-woo2F718b31e9c1f12c72835efc24e1176b41.jpg","type":"image\/jpeg"}],"twitter_card":"summary_large_image","twitter_misc":{"Est. reading time":"1 minute"},"schema":{"@context":"https:\/\/schema.org","@graph":[{"@type":"WebPage","@id":"https:\/\/nge.vn\/san-pham\/man-hinh-chieu-lcd-mono-4k-79-inch-cho-may-in-3d-resin-creatity-halot-one-plus\/","url":"https:\/\/nge.vn\/san-pham\/man-hinh-chieu-lcd-mono-4k-79-inch-cho-may-in-3d-resin-creatity-halot-one-plus\/","name":"M\u00e0n h\u00ecnh chi\u1ebfu LCD Mono 4K 7,9 inch cho m\u00e1y in 3d resin CREATITY HALOT ONE PLUS - NGE 3D Printers Services","isPartOf":{"@id":"https:\/\/nge.vn\/#website"},"primaryImageOfPage":{"@id":"https:\/\/nge.vn\/san-pham\/man-hinh-chieu-lcd-mono-4k-79-inch-cho-may-in-3d-resin-creatity-halot-one-plus\/#primaryimage"},"image":{"@id":"https:\/\/nge.vn\/san-pham\/man-hinh-chieu-lcd-mono-4k-79-inch-cho-may-in-3d-resin-creatity-halot-one-plus\/#primaryimage"},"thumbnailUrl":"https:\/\/nge.vn\/wp-content\/uploads\/2024\/10\/images-upload-woo2F718b31e9c1f12c72835efc24e1176b41.jpg","datePublished":"2024-10-26T08:26:33+00:00","dateModified":"2024-10-28T09:15:33+00:00","breadcrumb":{"@id":"https:\/\/nge.vn\/san-pham\/man-hinh-chieu-lcd-mono-4k-79-inch-cho-may-in-3d-resin-creatity-halot-one-plus\/#breadcrumb"},"inLanguage":"en-US","potentialAction":[{"@type":"ReadAction","target":["https:\/\/nge.vn\/san-pham\/man-hinh-chieu-lcd-mono-4k-79-inch-cho-may-in-3d-resin-creatity-halot-one-plus\/"]}]},{"@type":"ImageObject","inLanguage":"en-US","@id":"https:\/\/nge.vn\/san-pham\/man-hinh-chieu-lcd-mono-4k-79-inch-cho-may-in-3d-resin-creatity-halot-one-plus\/#primaryimage","url":"https:\/\/nge.vn\/wp-content\/uploads\/2024\/10\/images-upload-woo2F718b31e9c1f12c72835efc24e1176b41.jpg","contentUrl":"https:\/\/nge.vn\/wp-content\/uploads\/2024\/10\/images-upload-woo2F718b31e9c1f12c72835efc24e1176b41.jpg","width":846,"height":846},{"@type":"BreadcrumbList","@id":"https:\/\/nge.vn\/san-pham\/man-hinh-chieu-lcd-mono-4k-79-inch-cho-may-in-3d-resin-creatity-halot-one-plus\/#breadcrumb","itemListElement":[{"@type":"ListItem","position":1,"name":"Trang ch\u1ee7","item":"https:\/\/nge.vn\/"},{"@type":"ListItem","position":2,"name":"S\u1ea3n ph\u1ea9m","item":"https:\/\/nge.vn\/san-pham\/"},{"@type":"ListItem","position":3,"name":"M\u00e0n h\u00ecnh chi\u1ebfu LCD Mono 4K 7,9 inch cho m\u00e1y in 3d resin CREATITY HALOT ONE PLUS"}]},{"@type":"WebSite","@id":"https:\/\/nge.vn\/#website","url":"https:\/\/nge.vn\/","name":"NGE 3D Printers Services","description":"","potentialAction":[{"@type":"SearchAction","target":{"@type":"EntryPoint","urlTemplate":"https:\/\/nge.vn\/?s={search_term_string}"},"query-input":{"@type":"PropertyValueSpecification","valueRequired":true,"valueName":"search_term_string"}}],"inLanguage":"en-US"}]}},"_links":{"self":[{"href":"https:\/\/nge.vn\/en\/wp-json\/wp\/v2\/product\/3376","targetHints":{"allow":["GET"]}}],"collection":[{"href":"https:\/\/nge.vn\/en\/wp-json\/wp\/v2\/product"}],"about":[{"href":"https:\/\/nge.vn\/en\/wp-json\/wp\/v2\/types\/product"}],"replies":[{"embeddable":true,"href":"https:\/\/nge.vn\/en\/wp-json\/wp\/v2\/comments?post=3376"}],"wp:featuredmedia":[{"embeddable":true,"href":"https:\/\/nge.vn\/en\/wp-json\/wp\/v2\/media\/3372"}],"wp:attachment":[{"href":"https:\/\/nge.vn\/en\/wp-json\/wp\/v2\/media?parent=3376"}],"wp:term":[{"taxonomy":"product_brand","embeddable":true,"href":"https:\/\/nge.vn\/en\/wp-json\/wp\/v2\/product_brand?post=3376"},{"taxonomy":"product_cat","embeddable":true,"href":"https:\/\/nge.vn\/en\/wp-json\/wp\/v2\/product_cat?post=3376"},{"taxonomy":"product_tag","embeddable":true,"href":"https:\/\/nge.vn\/en\/wp-json\/wp\/v2\/product_tag?post=3376"}],"curies":[{"name":"wp","href":"https:\/\/api.w.org\/{rel}","templated":true}]}}