{"id":3361,"date":"2024-10-26T15:24:56","date_gmt":"2024-10-26T08:24:56","guid":{"rendered":"https:\/\/nge.123websitedev.com\/san-pham\/nhua-in-3d-esun-epetg-cf-carbon-1kg-cuon\/"},"modified":"2024-10-29T14:22:54","modified_gmt":"2024-10-29T07:22:54","slug":"nhua-in-3d-esun-epetg-cf-carbon-1kg-cuon","status":"publish","type":"product","link":"https:\/\/nge.vn\/en\/product\/nhua-in-3d-esun-epetg-cf-carbon-1kg-cuon\/","title":{"rendered":"Nh\u1ef1a in 3d eSun ePETG-CF carbon 1kg\/ Cu\u1ed9n"},"content":{"rendered":"<p>S\u1ee3i Nh\u1ef1a in 3d fdm eSun ePETG-CF carbon 1kg\/ Cu\u1ed9n<br \/>\n_Th\u00eam v\u1eadt li\u1ec7u gia c\u1ed1 b\u1eb1ng s\u1ee3i carbon v\u00e0o PETG v\u00e0 s\u1eeda \u0111\u1ed5i, n\u00f3 t\u0103ng c\u01b0\u1eddng \u0111\u1ed9 c\u1ee9ng v\u00e0 \u0111\u1ed9 d\u1ebbo dai c\u1ee7a PETG.<\/p>\n<p>+\u0110\u1ed9 b\u1ec1n cao<br \/>\n+K\u1ebft c\u1ea5u m\u1edd<br \/>\n+Kh\u00e1ng h\u00f3a ch\u1ea5t<br \/>\n+Ch\u1ed1ng l\u00e3o h\u00f3a<\/p>\n<p>_\u1ee8ng d\u1ee5ng<br \/>\n+H\u00e0ng kh\u00f4ng v\u0169 tr\u1ee5<br \/>\n+C\u00f4ng nghi\u1ec7p \u00f4 t\u00f4<br \/>\n+\u1ee8ng d\u1ee5ng c\u00f4ng nghi\u1ec7p<\/p>\n<p>_3D PRINTING FILAMENT : ePETG-CF<br \/>\n+Density(g\/cm3) : 1.26<br \/>\n+Heat Distortion Temp (\u00b0C,0.45MPa) : 70<br \/>\n+Parameter Information<br \/>\n+Melt Flow Index(g\/10min) : 18<br \/>\n+Tensile Strength(MPa) (Z) : 28<br \/>\n+Elongation at Break(%) (Z) : 3.6<br \/>\n+Flexural Strength(MPa)(XY) : 80.8<br \/>\n+Flexural Modulus(MPa)(XY) : 2500<br \/>\n+IZOD Impact Strength(kJ\/m2)(XY) : 5.2<br \/>\n+Durability<br \/>\n+Printability<br \/>\n+Extruder Temperature(\u00b0C) : 240-260\u00b0C<br \/>\n+Bed temperature(\u00b0C) : 75-90\u00b0C<br \/>\n+Fan Speed : 100%<br \/>\n+Printing Speed : 40 &#8211; 300mm\/s<br \/>\n+Heated Bed : Optional<br \/>\n+Recommended Build Surfaces : Masking Paper, PVP Solid Glue, PEI<\/p>\n<p>**To receive a better price, please contact the shop directly.<br \/>\n0913.939.775 contact A.Quan (for English)<br \/>\n094.144.0951 contact A.Quynh<br \/>\n**Gi\u00e1 b\u00e1n ch\u01b0a bao g\u1ed3m VAT (+8% n\u1ebfu xu\u1ea5t ho\u00e1 \u0111\u01a1n GTGT)<\/p>","protected":false},"excerpt":{"rendered":"<p>Nh\u1ef1a in 3d eSun ePETG-CF carbon 1kg\/ Cu\u1ed9n<\/p>","protected":false},"featured_media":3352,"comment_status":"open","ping_status":"closed","template":"","meta":{"inline_featured_image":false},"product_brand":[],"product_cat":[455,464,466],"product_tag":[],"class_list":{"0":"post-3361","1":"product","2":"type-product","3":"status-publish","4":"has-post-thumbnail","6":"product_cat-nhua-in-3d","7":"product_cat-nhua-in-3d-resin-esun","8":"product_cat-soi-nhua-esun-fdm","10":"first","11":"instock","12":"taxable","13":"shipping-taxable","14":"purchasable","15":"product-type-variable"},"yoast_head":"<!-- This site is optimized with the Yoast SEO Premium plugin v22.8 (Yoast SEO v26.9) - https:\/\/yoast.com\/product\/yoast-seo-premium-wordpress\/ -->\n<title>Nh\u1ef1a in 3d eSun ePETG-CF carbon 1kg\/ Cu\u1ed9n - NGE 3D Printers Services<\/title>\n<meta name=\"robots\" content=\"index, follow, max-snippet:-1, max-image-preview:large, max-video-preview:-1\" \/>\n<link rel=\"canonical\" href=\"https:\/\/nge.vn\/en\/product\/nhua-in-3d-esun-epetg-cf-carbon-1kg-cuon\/\" \/>\n<meta property=\"og:locale\" content=\"en_US\" \/>\n<meta property=\"og:type\" content=\"article\" \/>\n<meta property=\"og:title\" content=\"Nh\u1ef1a in 3d eSun ePETG-CF carbon 1kg\/ Cu\u1ed9n\" \/>\n<meta property=\"og:description\" content=\"Nh\u1ef1a in 3d eSun ePETG-CF carbon 1kg\/ Cu\u1ed9n\" \/>\n<meta property=\"og:url\" content=\"https:\/\/nge.vn\/en\/product\/nhua-in-3d-esun-epetg-cf-carbon-1kg-cuon\/\" \/>\n<meta property=\"og:site_name\" content=\"NGE 3D Printers Services\" \/>\n<meta property=\"article:modified_time\" content=\"2024-10-29T07:22:54+00:00\" \/>\n<meta property=\"og:image\" content=\"https:\/\/nge.vn\/wp-content\/uploads\/2024\/10\/images-upload-woo2Fdc1e41c94744a639af60d9c6981d0b03.jpg\" \/>\n\t<meta property=\"og:image:width\" content=\"909\" \/>\n\t<meta property=\"og:image:height\" content=\"909\" \/>\n\t<meta property=\"og:image:type\" content=\"image\/jpeg\" \/>\n<meta name=\"twitter:card\" content=\"summary_large_image\" \/>\n<meta name=\"twitter:label1\" content=\"Est. reading time\" \/>\n\t<meta name=\"twitter:data1\" content=\"1 minute\" \/>\n<script type=\"application\/ld+json\" class=\"yoast-schema-graph\">{\"@context\":\"https:\/\/schema.org\",\"@graph\":[{\"@type\":\"WebPage\",\"@id\":\"https:\/\/nge.vn\/san-pham\/nhua-in-3d-esun-epetg-cf-carbon-1kg-cuon\/\",\"url\":\"https:\/\/nge.vn\/san-pham\/nhua-in-3d-esun-epetg-cf-carbon-1kg-cuon\/\",\"name\":\"Nh\u1ef1a in 3d eSun ePETG-CF carbon 1kg\/ Cu\u1ed9n - NGE 3D Printers Services\",\"isPartOf\":{\"@id\":\"https:\/\/nge.vn\/#website\"},\"primaryImageOfPage\":{\"@id\":\"https:\/\/nge.vn\/san-pham\/nhua-in-3d-esun-epetg-cf-carbon-1kg-cuon\/#primaryimage\"},\"image\":{\"@id\":\"https:\/\/nge.vn\/san-pham\/nhua-in-3d-esun-epetg-cf-carbon-1kg-cuon\/#primaryimage\"},\"thumbnailUrl\":\"https:\/\/nge.vn\/wp-content\/uploads\/2024\/10\/images-upload-woo2Fdc1e41c94744a639af60d9c6981d0b03.jpg\",\"datePublished\":\"2024-10-26T08:24:56+00:00\",\"dateModified\":\"2024-10-29T07:22:54+00:00\",\"breadcrumb\":{\"@id\":\"https:\/\/nge.vn\/san-pham\/nhua-in-3d-esun-epetg-cf-carbon-1kg-cuon\/#breadcrumb\"},\"inLanguage\":\"en-US\",\"potentialAction\":[{\"@type\":\"ReadAction\",\"target\":[\"https:\/\/nge.vn\/san-pham\/nhua-in-3d-esun-epetg-cf-carbon-1kg-cuon\/\"]}]},{\"@type\":\"ImageObject\",\"inLanguage\":\"en-US\",\"@id\":\"https:\/\/nge.vn\/san-pham\/nhua-in-3d-esun-epetg-cf-carbon-1kg-cuon\/#primaryimage\",\"url\":\"https:\/\/nge.vn\/wp-content\/uploads\/2024\/10\/images-upload-woo2Fdc1e41c94744a639af60d9c6981d0b03.jpg\",\"contentUrl\":\"https:\/\/nge.vn\/wp-content\/uploads\/2024\/10\/images-upload-woo2Fdc1e41c94744a639af60d9c6981d0b03.jpg\",\"width\":909,\"height\":909},{\"@type\":\"BreadcrumbList\",\"@id\":\"https:\/\/nge.vn\/san-pham\/nhua-in-3d-esun-epetg-cf-carbon-1kg-cuon\/#breadcrumb\",\"itemListElement\":[{\"@type\":\"ListItem\",\"position\":1,\"name\":\"Trang ch\u1ee7\",\"item\":\"https:\/\/nge.vn\/\"},{\"@type\":\"ListItem\",\"position\":2,\"name\":\"S\u1ea3n ph\u1ea9m\",\"item\":\"https:\/\/nge.vn\/san-pham\/\"},{\"@type\":\"ListItem\",\"position\":3,\"name\":\"Nh\u1ef1a in 3d eSun ePETG-CF carbon 1kg\/ Cu\u1ed9n\"}]},{\"@type\":\"WebSite\",\"@id\":\"https:\/\/nge.vn\/#website\",\"url\":\"https:\/\/nge.vn\/\",\"name\":\"NGE 3D Printers Services\",\"description\":\"\",\"potentialAction\":[{\"@type\":\"SearchAction\",\"target\":{\"@type\":\"EntryPoint\",\"urlTemplate\":\"https:\/\/nge.vn\/?s={search_term_string}\"},\"query-input\":{\"@type\":\"PropertyValueSpecification\",\"valueRequired\":true,\"valueName\":\"search_term_string\"}}],\"inLanguage\":\"en-US\"}]}<\/script>\n<!-- \/ Yoast SEO Premium plugin. -->","yoast_head_json":{"title":"Nh\u1ef1a in 3d eSun ePETG-CF carbon 1kg\/ Cu\u1ed9n - NGE 3D Printers Services","robots":{"index":"index","follow":"follow","max-snippet":"max-snippet:-1","max-image-preview":"max-image-preview:large","max-video-preview":"max-video-preview:-1"},"canonical":"https:\/\/nge.vn\/en\/product\/nhua-in-3d-esun-epetg-cf-carbon-1kg-cuon\/","og_locale":"en_US","og_type":"article","og_title":"Nh\u1ef1a in 3d eSun ePETG-CF carbon 1kg\/ Cu\u1ed9n","og_description":"Nh\u1ef1a in 3d eSun ePETG-CF carbon 1kg\/ Cu\u1ed9n","og_url":"https:\/\/nge.vn\/en\/product\/nhua-in-3d-esun-epetg-cf-carbon-1kg-cuon\/","og_site_name":"NGE 3D Printers Services","article_modified_time":"2024-10-29T07:22:54+00:00","og_image":[{"width":909,"height":909,"url":"https:\/\/nge.vn\/wp-content\/uploads\/2024\/10\/images-upload-woo2Fdc1e41c94744a639af60d9c6981d0b03.jpg","type":"image\/jpeg"}],"twitter_card":"summary_large_image","twitter_misc":{"Est. reading time":"1 minute"},"schema":{"@context":"https:\/\/schema.org","@graph":[{"@type":"WebPage","@id":"https:\/\/nge.vn\/san-pham\/nhua-in-3d-esun-epetg-cf-carbon-1kg-cuon\/","url":"https:\/\/nge.vn\/san-pham\/nhua-in-3d-esun-epetg-cf-carbon-1kg-cuon\/","name":"Nh\u1ef1a in 3d eSun ePETG-CF carbon 1kg\/ Cu\u1ed9n - NGE 3D Printers Services","isPartOf":{"@id":"https:\/\/nge.vn\/#website"},"primaryImageOfPage":{"@id":"https:\/\/nge.vn\/san-pham\/nhua-in-3d-esun-epetg-cf-carbon-1kg-cuon\/#primaryimage"},"image":{"@id":"https:\/\/nge.vn\/san-pham\/nhua-in-3d-esun-epetg-cf-carbon-1kg-cuon\/#primaryimage"},"thumbnailUrl":"https:\/\/nge.vn\/wp-content\/uploads\/2024\/10\/images-upload-woo2Fdc1e41c94744a639af60d9c6981d0b03.jpg","datePublished":"2024-10-26T08:24:56+00:00","dateModified":"2024-10-29T07:22:54+00:00","breadcrumb":{"@id":"https:\/\/nge.vn\/san-pham\/nhua-in-3d-esun-epetg-cf-carbon-1kg-cuon\/#breadcrumb"},"inLanguage":"en-US","potentialAction":[{"@type":"ReadAction","target":["https:\/\/nge.vn\/san-pham\/nhua-in-3d-esun-epetg-cf-carbon-1kg-cuon\/"]}]},{"@type":"ImageObject","inLanguage":"en-US","@id":"https:\/\/nge.vn\/san-pham\/nhua-in-3d-esun-epetg-cf-carbon-1kg-cuon\/#primaryimage","url":"https:\/\/nge.vn\/wp-content\/uploads\/2024\/10\/images-upload-woo2Fdc1e41c94744a639af60d9c6981d0b03.jpg","contentUrl":"https:\/\/nge.vn\/wp-content\/uploads\/2024\/10\/images-upload-woo2Fdc1e41c94744a639af60d9c6981d0b03.jpg","width":909,"height":909},{"@type":"BreadcrumbList","@id":"https:\/\/nge.vn\/san-pham\/nhua-in-3d-esun-epetg-cf-carbon-1kg-cuon\/#breadcrumb","itemListElement":[{"@type":"ListItem","position":1,"name":"Trang ch\u1ee7","item":"https:\/\/nge.vn\/"},{"@type":"ListItem","position":2,"name":"S\u1ea3n ph\u1ea9m","item":"https:\/\/nge.vn\/san-pham\/"},{"@type":"ListItem","position":3,"name":"Nh\u1ef1a in 3d eSun ePETG-CF carbon 1kg\/ Cu\u1ed9n"}]},{"@type":"WebSite","@id":"https:\/\/nge.vn\/#website","url":"https:\/\/nge.vn\/","name":"NGE 3D Printers Services","description":"","potentialAction":[{"@type":"SearchAction","target":{"@type":"EntryPoint","urlTemplate":"https:\/\/nge.vn\/?s={search_term_string}"},"query-input":{"@type":"PropertyValueSpecification","valueRequired":true,"valueName":"search_term_string"}}],"inLanguage":"en-US"}]}},"_links":{"self":[{"href":"https:\/\/nge.vn\/en\/wp-json\/wp\/v2\/product\/3361","targetHints":{"allow":["GET"]}}],"collection":[{"href":"https:\/\/nge.vn\/en\/wp-json\/wp\/v2\/product"}],"about":[{"href":"https:\/\/nge.vn\/en\/wp-json\/wp\/v2\/types\/product"}],"replies":[{"embeddable":true,"href":"https:\/\/nge.vn\/en\/wp-json\/wp\/v2\/comments?post=3361"}],"wp:featuredmedia":[{"embeddable":true,"href":"https:\/\/nge.vn\/en\/wp-json\/wp\/v2\/media\/3352"}],"wp:attachment":[{"href":"https:\/\/nge.vn\/en\/wp-json\/wp\/v2\/media?parent=3361"}],"wp:term":[{"taxonomy":"product_brand","embeddable":true,"href":"https:\/\/nge.vn\/en\/wp-json\/wp\/v2\/product_brand?post=3361"},{"taxonomy":"product_cat","embeddable":true,"href":"https:\/\/nge.vn\/en\/wp-json\/wp\/v2\/product_cat?post=3361"},{"taxonomy":"product_tag","embeddable":true,"href":"https:\/\/nge.vn\/en\/wp-json\/wp\/v2\/product_tag?post=3361"}],"curies":[{"name":"wp","href":"https:\/\/api.w.org\/{rel}","templated":true}]}}