{"id":3327,"date":"2024-10-26T15:22:21","date_gmt":"2024-10-26T08:22:21","guid":{"rendered":"https:\/\/nge.123websitedev.com\/san-pham\/soi-nhua-in-3d-deo-esun-etpu-95a-1kg-cuon\/"},"modified":"2024-10-29T17:08:44","modified_gmt":"2024-10-29T10:08:44","slug":"soi-nhua-in-3d-deo-esun-etpu-95a-1kg-cuon","status":"publish","type":"product","link":"https:\/\/nge.vn\/en\/product\/soi-nhua-in-3d-deo-esun-etpu-95a-1kg-cuon\/","title":{"rendered":"S\u1ee3i nh\u1ef1a in 3d d\u1ebbo ESUN eTPU-95A 1kg\/Cu\u1ed9n"},"content":{"rendered":"<p>Nh\u1ef1a in 3d d\u1ebbo v\u00e0 co gi\u00e3n eSun Flexible eTPU-95A 1kg\/Cu\u1ed9n<br \/>\n_eSUN \u0111\u01b0\u1ee3c c\u00f4ng nh\u1eadn l\u00e0 m\u1ed9t trong nh\u1eefng nh\u00e0 s\u1ea3n xu\u1ea5t v\u1eadt li\u1ec7u in 3D h\u00e0ng \u0111\u1ea7u v\u00e0 s\u00e1ng t\u1ea1o nh\u1ea5t tr\u00ean th\u1ebf gi\u1edbi.<br \/>\n_S\u1ee3i nh\u1ef1a in 3D eSUN TPU 95A l\u00e0 v\u1eadt li\u1ec7u in d\u1ebbo linh ho\u1ea1t, b\u1ec1n, c\u00f3 \u0111\u1ed9 b\u1ec1n va \u0111\u1eadp cao, \u0111\u1eb7c t\u00ednh ch\u1ed1ng m\u00e0i m\u00f2n \u0111\u1eb7c bi\u1ec7t v\u00e0 c\u00f3 kh\u1ea3 n\u0103ng ch\u1ed1ng r\u00e1ch. N\u00f3 c\u0169ng c\u00f3 kh\u1ea3 n\u0103ng kh\u00e1ng h\u00f3a ch\u1ea5t v\u00e0 th\u1ee7y ph\u00e2n t\u1ed1t, \u0111\u1ed9 co ng\u00f3t th\u1ea5p, \u1ed5n \u0111\u1ecbnh k\u00edch th\u01b0\u1edbc t\u1ed1t v\u00e0 c\u00f3 \u0111\u1ed9 c\u1ee9ng b\u1edd l\u00e0 95A.<br \/>\n_Nh\u1edd \u0110\u1ed9 c\u1ee9ng b\u1edd cao h\u01a1n, S\u1ee3i nh\u1ef1a TPU 95A d\u1ec5 in h\u01a1n nhi\u1ec1u so v\u1edbi h\u1ea7u h\u1ebft c\u00e1c v\u1eadt li\u1ec7u d\u1ebbo tr\u00ean th\u1ecb tr\u01b0\u1eddng v\u00e0 t\u1ed1c \u0111\u1ed9 in c\u0169ng nhanh h\u01a1n nhi\u1ec1u.<br \/>\n_V\u1eadt li\u1ec7u n\u00e0y ph\u1ed5 bi\u1ebfn \u0111\u1ec3 in c\u00e1c b\u1ed9 ph\u1eadn \u00f4 t\u00f4 v\u00e0 s\u1edf th\u00edch, t\u1ea1o m\u1eabu, gi\u00e0y th\u1ec3 thao v\u00e0 c\u00e1c th\u00e0nh ph\u1ea7n y t\u1ebf.<br \/>\n**T\u00ednh n\u0103ng s\u1ea3n ph\u1ea9m:<br \/>\n+Linh ho\u1ea1t v\u00e0 b\u1ec1n<br \/>\n+\u0110\u1ed9 c\u1ee9ng c\u1ee7a b\u1edd 95A<br \/>\n+Ch\u1ed1ng m\u00e0i m\u00f2n v\u01b0\u1ee3t tr\u1ed9i<br \/>\n+S\u1ee9c m\u1ea1nh t\u00e1c \u0111\u1ed9ng cao<br \/>\n+Ch\u1ed1ng r\u00e1ch<br \/>\n+Co ng\u00f3t th\u1ea5p<br \/>\n+\u1ed4n \u0111\u1ecbnh k\u00edch th\u01b0\u1edbc t\u1ed1t<br \/>\n+Kh\u00e1ng h\u00f3a ch\u1ea5t v\u00e0 th\u1ee7y ph\u00e2n t\u1ed1t<\/p>\n<p>**Th\u00f4ng s\u1ed1 k\u1ef9 thu\u1eadt:<br \/>\n+S\u1ea3n ph\u1ea9m: S\u1ee3i nh\u1ef1a in 3d Flexible eTPU-95A<br \/>\n+\u0110\u01b0\u1eddng k\u00ednh: 1,75mm<br \/>\n+Nhi\u1ec7t \u0111\u1ed9 in t\u1ed1t nh\u1ea5t: 210\u00b0C ~ 240\u00b0C<br \/>\n+Nhi\u1ec7t \u0111\u1ed9 gi\u01b0\u1eddng: Kh\u00f4ng c\u00f3 nhi\u1ec7t<br \/>\n+Tr\u1ecdng l\u01b0\u1ee3ng: 1kg<\/p>\n<p>**To receive a better price, please contact the shop directly.<br \/>\n0913.939.775 contact A.Quan (for English)<br \/>\n094.144.0951 contact A.Quynh<br \/>\n**Gi\u00e1 b\u00e1n ch\u01b0a bao g\u1ed3m VAT (+8% n\u1ebfu xu\u1ea5t ho\u00e1 \u0111\u01a1n GTGT)<\/p>","protected":false},"excerpt":{"rendered":"<p>S\u1ee3i nh\u1ef1a in 3d d\u1ebbo ESUN eTPU-95A 1kg\/Cu\u1ed9n<\/p>","protected":false},"featured_media":3315,"comment_status":"open","ping_status":"closed","template":"","meta":{"inline_featured_image":false},"product_brand":[],"product_cat":[455,466],"product_tag":[],"class_list":{"0":"post-3327","1":"product","2":"type-product","3":"status-publish","4":"has-post-thumbnail","6":"product_cat-nhua-in-3d","7":"product_cat-soi-nhua-esun-fdm","9":"first","10":"instock","11":"taxable","12":"shipping-taxable","13":"purchasable","14":"product-type-variable"},"yoast_head":"<!-- This site is optimized with the Yoast SEO Premium plugin v22.8 (Yoast SEO v26.9) - https:\/\/yoast.com\/product\/yoast-seo-premium-wordpress\/ -->\n<title>S\u1ee3i nh\u1ef1a in 3d d\u1ebbo ESUN eTPU-95A 1kg\/Cu\u1ed9n - NGE 3D Printers Services<\/title>\n<meta name=\"robots\" content=\"index, follow, max-snippet:-1, max-image-preview:large, max-video-preview:-1\" \/>\n<link rel=\"canonical\" href=\"https:\/\/nge.vn\/en\/product\/soi-nhua-in-3d-deo-esun-etpu-95a-1kg-cuon\/\" \/>\n<meta property=\"og:locale\" content=\"en_US\" \/>\n<meta property=\"og:type\" content=\"article\" \/>\n<meta property=\"og:title\" content=\"S\u1ee3i nh\u1ef1a in 3d d\u1ebbo ESUN eTPU-95A 1kg\/Cu\u1ed9n\" \/>\n<meta property=\"og:description\" content=\"S\u1ee3i nh\u1ef1a in 3d d\u1ebbo ESUN eTPU-95A 1kg\/Cu\u1ed9n\" \/>\n<meta property=\"og:url\" content=\"https:\/\/nge.vn\/en\/product\/soi-nhua-in-3d-deo-esun-etpu-95a-1kg-cuon\/\" \/>\n<meta property=\"og:site_name\" content=\"NGE 3D Printers Services\" \/>\n<meta property=\"article:modified_time\" content=\"2024-10-29T10:08:44+00:00\" \/>\n<meta property=\"og:image\" content=\"https:\/\/nge.vn\/wp-content\/uploads\/2024\/10\/images-upload-woo2F0dd733ba122791b933b401f6eae5c3cc.jpg\" \/>\n\t<meta property=\"og:image:width\" content=\"1000\" \/>\n\t<meta property=\"og:image:height\" content=\"1000\" \/>\n\t<meta property=\"og:image:type\" content=\"image\/jpeg\" \/>\n<meta name=\"twitter:card\" content=\"summary_large_image\" \/>\n<meta name=\"twitter:label1\" content=\"Est. reading time\" \/>\n\t<meta name=\"twitter:data1\" content=\"2 minutes\" \/>\n<script type=\"application\/ld+json\" class=\"yoast-schema-graph\">{\"@context\":\"https:\/\/schema.org\",\"@graph\":[{\"@type\":\"WebPage\",\"@id\":\"https:\/\/nge.vn\/san-pham\/soi-nhua-in-3d-deo-esun-etpu-95a-1kg-cuon\/\",\"url\":\"https:\/\/nge.vn\/san-pham\/soi-nhua-in-3d-deo-esun-etpu-95a-1kg-cuon\/\",\"name\":\"S\u1ee3i nh\u1ef1a in 3d d\u1ebbo ESUN eTPU-95A 1kg\/Cu\u1ed9n - NGE 3D Printers Services\",\"isPartOf\":{\"@id\":\"https:\/\/nge.vn\/#website\"},\"primaryImageOfPage\":{\"@id\":\"https:\/\/nge.vn\/san-pham\/soi-nhua-in-3d-deo-esun-etpu-95a-1kg-cuon\/#primaryimage\"},\"image\":{\"@id\":\"https:\/\/nge.vn\/san-pham\/soi-nhua-in-3d-deo-esun-etpu-95a-1kg-cuon\/#primaryimage\"},\"thumbnailUrl\":\"https:\/\/nge.vn\/wp-content\/uploads\/2024\/10\/images-upload-woo2F0dd733ba122791b933b401f6eae5c3cc.jpg\",\"datePublished\":\"2024-10-26T08:22:21+00:00\",\"dateModified\":\"2024-10-29T10:08:44+00:00\",\"breadcrumb\":{\"@id\":\"https:\/\/nge.vn\/san-pham\/soi-nhua-in-3d-deo-esun-etpu-95a-1kg-cuon\/#breadcrumb\"},\"inLanguage\":\"en-US\",\"potentialAction\":[{\"@type\":\"ReadAction\",\"target\":[\"https:\/\/nge.vn\/san-pham\/soi-nhua-in-3d-deo-esun-etpu-95a-1kg-cuon\/\"]}]},{\"@type\":\"ImageObject\",\"inLanguage\":\"en-US\",\"@id\":\"https:\/\/nge.vn\/san-pham\/soi-nhua-in-3d-deo-esun-etpu-95a-1kg-cuon\/#primaryimage\",\"url\":\"https:\/\/nge.vn\/wp-content\/uploads\/2024\/10\/images-upload-woo2F0dd733ba122791b933b401f6eae5c3cc.jpg\",\"contentUrl\":\"https:\/\/nge.vn\/wp-content\/uploads\/2024\/10\/images-upload-woo2F0dd733ba122791b933b401f6eae5c3cc.jpg\",\"width\":1000,\"height\":1000},{\"@type\":\"BreadcrumbList\",\"@id\":\"https:\/\/nge.vn\/san-pham\/soi-nhua-in-3d-deo-esun-etpu-95a-1kg-cuon\/#breadcrumb\",\"itemListElement\":[{\"@type\":\"ListItem\",\"position\":1,\"name\":\"Trang ch\u1ee7\",\"item\":\"https:\/\/nge.vn\/\"},{\"@type\":\"ListItem\",\"position\":2,\"name\":\"S\u1ea3n ph\u1ea9m\",\"item\":\"https:\/\/nge.vn\/san-pham\/\"},{\"@type\":\"ListItem\",\"position\":3,\"name\":\"S\u1ee3i nh\u1ef1a in 3d d\u1ebbo ESUN eTPU-95A 1kg\/Cu\u1ed9n\"}]},{\"@type\":\"WebSite\",\"@id\":\"https:\/\/nge.vn\/#website\",\"url\":\"https:\/\/nge.vn\/\",\"name\":\"NGE 3D Printers Services\",\"description\":\"\",\"potentialAction\":[{\"@type\":\"SearchAction\",\"target\":{\"@type\":\"EntryPoint\",\"urlTemplate\":\"https:\/\/nge.vn\/?s={search_term_string}\"},\"query-input\":{\"@type\":\"PropertyValueSpecification\",\"valueRequired\":true,\"valueName\":\"search_term_string\"}}],\"inLanguage\":\"en-US\"}]}<\/script>\n<!-- \/ Yoast SEO Premium plugin. -->","yoast_head_json":{"title":"S\u1ee3i nh\u1ef1a in 3d d\u1ebbo ESUN eTPU-95A 1kg\/Cu\u1ed9n - NGE 3D Printers Services","robots":{"index":"index","follow":"follow","max-snippet":"max-snippet:-1","max-image-preview":"max-image-preview:large","max-video-preview":"max-video-preview:-1"},"canonical":"https:\/\/nge.vn\/en\/product\/soi-nhua-in-3d-deo-esun-etpu-95a-1kg-cuon\/","og_locale":"en_US","og_type":"article","og_title":"S\u1ee3i nh\u1ef1a in 3d d\u1ebbo ESUN eTPU-95A 1kg\/Cu\u1ed9n","og_description":"S\u1ee3i nh\u1ef1a in 3d d\u1ebbo ESUN eTPU-95A 1kg\/Cu\u1ed9n","og_url":"https:\/\/nge.vn\/en\/product\/soi-nhua-in-3d-deo-esun-etpu-95a-1kg-cuon\/","og_site_name":"NGE 3D Printers Services","article_modified_time":"2024-10-29T10:08:44+00:00","og_image":[{"width":1000,"height":1000,"url":"https:\/\/nge.vn\/wp-content\/uploads\/2024\/10\/images-upload-woo2F0dd733ba122791b933b401f6eae5c3cc.jpg","type":"image\/jpeg"}],"twitter_card":"summary_large_image","twitter_misc":{"Est. reading time":"2 minutes"},"schema":{"@context":"https:\/\/schema.org","@graph":[{"@type":"WebPage","@id":"https:\/\/nge.vn\/san-pham\/soi-nhua-in-3d-deo-esun-etpu-95a-1kg-cuon\/","url":"https:\/\/nge.vn\/san-pham\/soi-nhua-in-3d-deo-esun-etpu-95a-1kg-cuon\/","name":"S\u1ee3i nh\u1ef1a in 3d d\u1ebbo ESUN eTPU-95A 1kg\/Cu\u1ed9n - NGE 3D Printers Services","isPartOf":{"@id":"https:\/\/nge.vn\/#website"},"primaryImageOfPage":{"@id":"https:\/\/nge.vn\/san-pham\/soi-nhua-in-3d-deo-esun-etpu-95a-1kg-cuon\/#primaryimage"},"image":{"@id":"https:\/\/nge.vn\/san-pham\/soi-nhua-in-3d-deo-esun-etpu-95a-1kg-cuon\/#primaryimage"},"thumbnailUrl":"https:\/\/nge.vn\/wp-content\/uploads\/2024\/10\/images-upload-woo2F0dd733ba122791b933b401f6eae5c3cc.jpg","datePublished":"2024-10-26T08:22:21+00:00","dateModified":"2024-10-29T10:08:44+00:00","breadcrumb":{"@id":"https:\/\/nge.vn\/san-pham\/soi-nhua-in-3d-deo-esun-etpu-95a-1kg-cuon\/#breadcrumb"},"inLanguage":"en-US","potentialAction":[{"@type":"ReadAction","target":["https:\/\/nge.vn\/san-pham\/soi-nhua-in-3d-deo-esun-etpu-95a-1kg-cuon\/"]}]},{"@type":"ImageObject","inLanguage":"en-US","@id":"https:\/\/nge.vn\/san-pham\/soi-nhua-in-3d-deo-esun-etpu-95a-1kg-cuon\/#primaryimage","url":"https:\/\/nge.vn\/wp-content\/uploads\/2024\/10\/images-upload-woo2F0dd733ba122791b933b401f6eae5c3cc.jpg","contentUrl":"https:\/\/nge.vn\/wp-content\/uploads\/2024\/10\/images-upload-woo2F0dd733ba122791b933b401f6eae5c3cc.jpg","width":1000,"height":1000},{"@type":"BreadcrumbList","@id":"https:\/\/nge.vn\/san-pham\/soi-nhua-in-3d-deo-esun-etpu-95a-1kg-cuon\/#breadcrumb","itemListElement":[{"@type":"ListItem","position":1,"name":"Trang ch\u1ee7","item":"https:\/\/nge.vn\/"},{"@type":"ListItem","position":2,"name":"S\u1ea3n ph\u1ea9m","item":"https:\/\/nge.vn\/san-pham\/"},{"@type":"ListItem","position":3,"name":"S\u1ee3i nh\u1ef1a in 3d d\u1ebbo ESUN eTPU-95A 1kg\/Cu\u1ed9n"}]},{"@type":"WebSite","@id":"https:\/\/nge.vn\/#website","url":"https:\/\/nge.vn\/","name":"NGE 3D Printers Services","description":"","potentialAction":[{"@type":"SearchAction","target":{"@type":"EntryPoint","urlTemplate":"https:\/\/nge.vn\/?s={search_term_string}"},"query-input":{"@type":"PropertyValueSpecification","valueRequired":true,"valueName":"search_term_string"}}],"inLanguage":"en-US"}]}},"_links":{"self":[{"href":"https:\/\/nge.vn\/en\/wp-json\/wp\/v2\/product\/3327","targetHints":{"allow":["GET"]}}],"collection":[{"href":"https:\/\/nge.vn\/en\/wp-json\/wp\/v2\/product"}],"about":[{"href":"https:\/\/nge.vn\/en\/wp-json\/wp\/v2\/types\/product"}],"replies":[{"embeddable":true,"href":"https:\/\/nge.vn\/en\/wp-json\/wp\/v2\/comments?post=3327"}],"wp:featuredmedia":[{"embeddable":true,"href":"https:\/\/nge.vn\/en\/wp-json\/wp\/v2\/media\/3315"}],"wp:attachment":[{"href":"https:\/\/nge.vn\/en\/wp-json\/wp\/v2\/media?parent=3327"}],"wp:term":[{"taxonomy":"product_brand","embeddable":true,"href":"https:\/\/nge.vn\/en\/wp-json\/wp\/v2\/product_brand?post=3327"},{"taxonomy":"product_cat","embeddable":true,"href":"https:\/\/nge.vn\/en\/wp-json\/wp\/v2\/product_cat?post=3327"},{"taxonomy":"product_tag","embeddable":true,"href":"https:\/\/nge.vn\/en\/wp-json\/wp\/v2\/product_tag?post=3327"}],"curies":[{"name":"wp","href":"https:\/\/api.w.org\/{rel}","templated":true}]}}