{"id":3319,"date":"2024-10-26T15:22:12","date_gmt":"2024-10-26T08:22:12","guid":{"rendered":"https:\/\/nge.123websitedev.com\/san-pham\/may-cat-va-khac-laser-creality-falcon-2-22w\/"},"modified":"2024-10-29T14:22:41","modified_gmt":"2024-10-29T07:22:41","slug":"may-cat-va-khac-laser-creality-falcon-2-22w","status":"publish","type":"product","link":"https:\/\/nge.vn\/en\/product\/may-cat-va-khac-laser-creality-falcon-2-22w\/","title":{"rendered":"M\u00e1y c\u1eaft v\u00e0 kh\u1eafc laser Creality Falcon 2 22W"},"content":{"rendered":"<p>_Creality Falcon 2 An to\u00e0n h\u01a1n, Th\u00f4ng minh h\u01a1n, M\u1ea1nh m\u1ebd h\u01a1n<br \/>\n\u0110\u1ed5i m\u1edbi cho m\u1ecdi \u00fd t\u01b0\u1edfng tuy\u1ec7t v\u1eddi<br \/>\n+C\u00f4ng su\u1ea5t m\u1ea1nh 22W C\u1eaft g\u1ed7 15mm ch\u1ec9 b\u1eb1ng m\u1ed9t \u0111\u01b0\u1eddng chuy\u1ec1n<br \/>\n+C\u1eaft acrylic \u0111en 10mm ch\u1ec9 b\u1eb1ng m\u1ed9t \u0111\u01b0\u1eddng chuy\u1ec1n<br \/>\n+C\u1eaft t\u1ea5m th\u00e9p kh\u00f4ng g\u1ec9 0,05mm ch\u1ec9 b\u1eb1ng m\u1ed9t \u0111\u01b0\u1eddng chuy\u1ec1n<br \/>\n+C\u1eaft b\u1ec1 m\u1eb7t m\u1ecbn h\u01a1n<br \/>\n+Kh\u1eafc \u0111\u1ea7y m\u00e0u s\u1eafc huy\u1ec1n di\u1ec7u<br \/>\n+25000mm\/ph\u00fat c\u1ef1c nhanh<br \/>\n+H\u1ed7 tr\u1ee3 kh\u00f4ng kh\u00ed t\u00edch h\u1ee3p m\u1edbi<br \/>\n+H\u1ec7 th\u1ed1ng gi\u00e1m s\u00e1t Triple<br \/>\n+N\u0103m bi\u1ec7n ph\u00e1p b\u1ea3o v\u1ec7 an to\u00e0n<br \/>\n+C\u1eaft t\u1ea5m inox 0.05mm ch\u1ec9 b\u1eb1ng m\u1ed9t \u0111\u01b0\u1eddng chuy\u1ec1n<br \/>\n+C\u1ea5u tr\u00fac \u0111\u01b0\u1ee3c l\u1eafp r\u00e1p s\u1eb5n Xem tr\u01b0\u1edbc \u0111\u1ed9ng ngo\u1ea1i tuy\u1ebfn<\/p>\n<p>_22W m\u1ea1nh m\u1ebd h\u01a1n bao gi\u1edd h\u1ebft<br \/>\nD\u1ef1a tr\u00ean c\u00f4ng ngh\u1ec7 n\u00e9n \u0111i\u1ec3m FAC m\u1edbi nh\u1ea5t, b\u1ed1n \u0111i\u1ed1t laser 6W m\u1ea1nh m\u1ebd \u0111\u01b0\u1ee3c n\u00e9n \u0111\u1ec3 t\u0103ng c\u00f4ng su\u1ea5t laser l\u00ean 22W<\/p>\n<p>_V\u1edbi t\u1ed1c \u0111\u1ed9 kh\u1eafc 25000 mm\/ph\u00fat nhanh h\u01a1n g\u1ea5p 2 l\u1ea7n, Falcon 2 cho ph\u00e9p b\u1ea1n t\u1ed1n \u00edt th\u1eddi gian h\u01a1n \u0111\u1ec3 t\u1ea1o ra nhi\u1ec1u b\u1ea3n kh\u1eafc h\u01a1n<\/p>\n<p>_\u0110i\u1ec1u ch\u1ec9nh th\u1ee7 c\u00f4ng h\u1ed7 tr\u1ee3 kh\u00f4ng kh\u00ed li\u00ean t\u1ee5c th\u00f4ng qua n\u00fam xoay ho\u1eb7c c\u00f3 th\u1ec3 t\u1ef1 \u0111\u1ed9ng \u0111i\u1ec1u ch\u1ec9nh lu\u1ed3ng kh\u00ed th\u00f4ng qua LightBurn, \u0111\u1ec3 lo\u1ea1i b\u1ecf kh\u00f3i v\u00e0 b\u1ea3o v\u1ec7 \u1ed1ng k\u00ednh laser, mang l\u1ea1i s\u1ef1 s\u1ea1ch s\u1ebd h\u01a1n<\/p>\n<p>_Cho bi\u1ebft l\u01b0u l\u01b0\u1ee3ng lu\u1ed3ng kh\u00ed hi\u1ec7n t\u1ea1i. N\u00f3 cho ph\u00e9p b\u1ea1n \u0111i\u1ec1u ch\u1ec9nh lu\u1ed3ng kh\u00f4ng kh\u00ed d\u1ef1a tr\u00ean nhu c\u1ea7u kh\u1eafc c\u1ee7a b\u1ea1n.<br \/>\n_H\u1ec7 th\u1ed1ng gi\u00e1m s\u00e1t \u1ed1ng k\u00ednh t\u00edch h\u1ee3p s\u1ebd k\u00edch ho\u1ea1t c\u1ea3nh b\u00e1o khi \u1ed1ng k\u00ednh \u0111\u1ee7 b\u1ea9n, gi\u00fap tr\u00e1nh v\u1ee1 \u1ed1ng k\u00ednh v\u00e0 thay th\u1ebf th\u01b0\u1eddng xuy\u00ean.<br \/>\n_Gi\u00e1m s\u00e1t khi ph\u00e1t hi\u1ec7n ng\u1ecdn l\u1eeda, \u0111\u00e8n b\u00e1o s\u1ebd nh\u1ea5p nh\u00e1y m\u00e0u \u0111\u1ecf k\u00e8m theo b\u00e1o \u0111\u1ed9ng v\u00e0 m\u00e1y s\u1ebd d\u1eebng ngay l\u1eadp t\u1ee9c.<\/p>\n<p>N\u0103m bi\u1ec7n ph\u00e1p b\u1ea3o v\u1ec7 an to\u00e0n<br \/>\n1.C\u00f4ng t\u1eafc gi\u1edbi h\u1ea1n hai chi\u1ec1u<br \/>\nN\u1ebfu \u0111\u1ea7u laser ch\u1ea1m v\u00e0o ranh gi\u1edbi, m\u00e1y s\u1ebd t\u1ef1 \u0111\u1ed9ng d\u1eebng v\u00e0 c\u00f2i s\u1ebd ph\u00e1t ra \u00e2m thanh b\u00e1o \u0111\u1ed9ng<br \/>\n2.Ch\u1ee9c n\u0103ng d\u1eebng ho\u1ea1t \u0111\u1ed9ng<br \/>\nM\u00e1y s\u1ebd ng\u1eebng ho\u1ea1t \u0111\u1ed9ng trong tr\u01b0\u1eddng h\u1ee3p v\u00f4 t\u00ecnh b\u1ecb nghi\u00eang, l\u1eadt ho\u1eb7c r\u01a1i, k\u00e8m theo c\u00f2i v\u00e0 \u0111\u00e8n b\u00e1o g\u1eedi c\u1ea3nh b\u00e1o<br \/>\n3.Thi\u1ebft k\u1ebf kh\u00f3a b\u1ea3o m\u1eadt ch\u1ec9 s\u1eed d\u1ee5ng chuy\u00ean nghi\u1ec7p<br \/>\n4.N\u00fat d\u1eebng kh\u1ea9n c\u1ea5p N\u1ebfu x\u1ea3y ra tr\u01b0\u1eddng h\u1ee3p kh\u1ea9n c\u1ea5p trong qu\u00e1 tr\u00ecnh v\u1eadn h\u00e0nh, b\u1ea1n c\u0169ng c\u00f3 th\u1ec3 d\u1eebng m\u00e1y theo c\u00e1ch th\u1ee7 c\u00f4ng ngay l\u1eadp t\u1ee9c<br \/>\n5.V\u1ecf b\u1ea3o v\u1ec7 b\u1eb1ng tia laze<br \/>\n\u0110\u01b0\u1ee3c l\u00e0m b\u1eb1ng v\u1eadt li\u1ec7u k\u00ednh l\u1ecdc m\u00e0u hi\u1ec7u qu\u1ea3 cao, l\u1edbp v\u1ecf b\u1ea3o v\u1ec7 xung quanh \u0111\u1ea7u laser s\u1ebd ng\u0103n ch\u1eb7n tia laser l\u00e0m ch\u00f3i m\u1eaft m\u1ed9t c\u00e1ch hi\u1ec7u qu\u1ea3<\/p>\n<p>_Ch\u1ec9 c\u1ea7n 3 b\u01b0\u1edbc \u0111\u1ec3 l\u1eafp r\u00e1p ho\u00e0n ch\u1ec9nh. B\u1ea1n c\u00f3 th\u1ec3 t\u1eadn h\u01b0\u1edfng vi\u1ec7c s\u00e1ng t\u1ea1o c\u00e0ng s\u1edbm c\u00e0ng t\u1ed1t<br \/>\n_T\u01b0\u01a1ng th\u00edch v\u1edbi nhi\u1ec1u h\u1ec7 th\u1ed1ng kh\u00e1c nhau, bao g\u1ed3m h\u1ec7 th\u1ed1ng Windows v\u00e0 macOS c\u0169ng nh\u01b0 ph\u1ea7n m\u1ec1m nh\u01b0 LaserGRBL v\u00e0 LightBurn<\/p>\n<p>_H\u1ed7 tr\u1ee3 t\u1ea1o ngo\u1ea1i tuy\u1ebfn<br \/>\nCh\u1ec9 c\u1ea7n l\u1eafp th\u1ebb TF v\u00e0o l\u00e0 b\u1ea1n c\u00f3 th\u1ec3 tho\u1ea3i m\u00e1i s\u00e1ng t\u1ea1o m\u1ecdi l\u00fac, m\u1ecdi n\u01a1i<br \/>\n_Xem tr\u01b0\u1edbc \u0111\u1ed9ng ngo\u1ea1i tuy\u1ebfn<br \/>\n\u0110\u1ecbnh v\u1ecb v\u00e0 \u0111i\u1ec1u ch\u1ec9nh ch\u00ednh x\u00e1c m\u00e0 kh\u00f4ng c\u1ea7n k\u1ebft n\u1ed1i v\u1edbi m\u00e1y t\u00ednh<br \/>\nNh\u1ea5n nhanh \u0111\u1ec3 tinh ch\u1ec9nh 1mm v\u00e0 nh\u1ea5n l\u00e2u \u0111\u1ec3 \u0111i\u1ec1u ch\u1ec9nh 10mm\/s<\/p>\n<p>+Laser Power: 22W<br \/>\n+Cutting Capacity: Cut 15mm wood with one pass<br \/>\n+Engraving Speed: 25000mm\/min<br \/>\n+Colorful Engraving:<br \/>\n+Spot Size: 0.1mm<br \/>\n+Working Area: 400*415mm<br \/>\n+Laser Wavelength: 455\u00b15nm<br \/>\n+Resolution: 254dpi<br \/>\n+Laser Source: Diode Laser<br \/>\n+Input Voltage: 100-240V~50~60Hz<br \/>\n+Output Voltage: DC 24.0V 5.0A<br \/>\n+Supported File Formats: svg, png, jpg, jpeg, bmp, dxf<br \/>\n+Supported Software: LaserGRBL, LightBurn<br \/>\n+Supported Materials: Cardboard, wood, bamboo, rubber, leather, fabric, acrylic, plastic, metal<br \/>\n+Engraving File Format: Gcode<br \/>\n+Operating System: windows\/macOS<\/p>","protected":false},"excerpt":{"rendered":"<p>M\u00e1y c\u1eaft v\u00e0 kh\u1eafc laser Creality Falcon 2 22W<\/p>","protected":false},"featured_media":3308,"comment_status":"open","ping_status":"closed","template":"","meta":{"inline_featured_image":false},"product_brand":[],"product_cat":[44],"product_tag":[],"class_list":{"0":"post-3319","1":"product","2":"type-product","3":"status-publish","4":"has-post-thumbnail","6":"product_cat-may-khac-cat-lazer","8":"first","9":"instock","10":"taxable","11":"shipping-taxable","12":"purchasable","13":"product-type-simple"},"yoast_head":"<!-- This site is optimized with the Yoast SEO Premium plugin v22.8 (Yoast SEO v26.9) - https:\/\/yoast.com\/product\/yoast-seo-premium-wordpress\/ -->\n<title>M\u00e1y c\u1eaft v\u00e0 kh\u1eafc laser Creality Falcon 2 22W - NGE 3D Printers Services<\/title>\n<meta name=\"robots\" content=\"index, follow, max-snippet:-1, max-image-preview:large, max-video-preview:-1\" \/>\n<link rel=\"canonical\" href=\"https:\/\/nge.vn\/en\/product\/may-cat-va-khac-laser-creality-falcon-2-22w\/\" \/>\n<meta property=\"og:locale\" content=\"en_US\" \/>\n<meta property=\"og:type\" content=\"article\" \/>\n<meta property=\"og:title\" content=\"M\u00e1y c\u1eaft v\u00e0 kh\u1eafc laser Creality Falcon 2 22W\" \/>\n<meta property=\"og:description\" content=\"M\u00e1y c\u1eaft v\u00e0 kh\u1eafc laser Creality Falcon 2 22W\" \/>\n<meta property=\"og:url\" content=\"https:\/\/nge.vn\/en\/product\/may-cat-va-khac-laser-creality-falcon-2-22w\/\" \/>\n<meta property=\"og:site_name\" content=\"NGE 3D Printers Services\" \/>\n<meta property=\"article:modified_time\" content=\"2024-10-29T07:22:41+00:00\" \/>\n<meta property=\"og:image\" content=\"https:\/\/nge.vn\/wp-content\/uploads\/2024\/10\/images-upload-woo2F3f65a3791cb1a199cf19a45bf337b3a0.jpg\" \/>\n\t<meta property=\"og:image:width\" content=\"867\" \/>\n\t<meta property=\"og:image:height\" content=\"867\" \/>\n\t<meta property=\"og:image:type\" content=\"image\/jpeg\" \/>\n<meta name=\"twitter:card\" content=\"summary_large_image\" \/>\n<meta name=\"twitter:label1\" content=\"Est. reading time\" \/>\n\t<meta name=\"twitter:data1\" content=\"5 minutes\" \/>\n<script type=\"application\/ld+json\" class=\"yoast-schema-graph\">{\"@context\":\"https:\/\/schema.org\",\"@graph\":[{\"@type\":\"WebPage\",\"@id\":\"https:\/\/nge.vn\/san-pham\/may-cat-va-khac-laser-creality-falcon-2-22w\/\",\"url\":\"https:\/\/nge.vn\/san-pham\/may-cat-va-khac-laser-creality-falcon-2-22w\/\",\"name\":\"M\u00e1y c\u1eaft v\u00e0 kh\u1eafc laser Creality Falcon 2 22W - NGE 3D Printers Services\",\"isPartOf\":{\"@id\":\"https:\/\/nge.vn\/#website\"},\"primaryImageOfPage\":{\"@id\":\"https:\/\/nge.vn\/san-pham\/may-cat-va-khac-laser-creality-falcon-2-22w\/#primaryimage\"},\"image\":{\"@id\":\"https:\/\/nge.vn\/san-pham\/may-cat-va-khac-laser-creality-falcon-2-22w\/#primaryimage\"},\"thumbnailUrl\":\"https:\/\/nge.vn\/wp-content\/uploads\/2024\/10\/images-upload-woo2F3f65a3791cb1a199cf19a45bf337b3a0.jpg\",\"datePublished\":\"2024-10-26T08:22:12+00:00\",\"dateModified\":\"2024-10-29T07:22:41+00:00\",\"breadcrumb\":{\"@id\":\"https:\/\/nge.vn\/san-pham\/may-cat-va-khac-laser-creality-falcon-2-22w\/#breadcrumb\"},\"inLanguage\":\"en-US\",\"potentialAction\":[{\"@type\":\"ReadAction\",\"target\":[\"https:\/\/nge.vn\/san-pham\/may-cat-va-khac-laser-creality-falcon-2-22w\/\"]}]},{\"@type\":\"ImageObject\",\"inLanguage\":\"en-US\",\"@id\":\"https:\/\/nge.vn\/san-pham\/may-cat-va-khac-laser-creality-falcon-2-22w\/#primaryimage\",\"url\":\"https:\/\/nge.vn\/wp-content\/uploads\/2024\/10\/images-upload-woo2F3f65a3791cb1a199cf19a45bf337b3a0.jpg\",\"contentUrl\":\"https:\/\/nge.vn\/wp-content\/uploads\/2024\/10\/images-upload-woo2F3f65a3791cb1a199cf19a45bf337b3a0.jpg\",\"width\":867,\"height\":867},{\"@type\":\"BreadcrumbList\",\"@id\":\"https:\/\/nge.vn\/san-pham\/may-cat-va-khac-laser-creality-falcon-2-22w\/#breadcrumb\",\"itemListElement\":[{\"@type\":\"ListItem\",\"position\":1,\"name\":\"Trang ch\u1ee7\",\"item\":\"https:\/\/nge.vn\/\"},{\"@type\":\"ListItem\",\"position\":2,\"name\":\"S\u1ea3n ph\u1ea9m\",\"item\":\"https:\/\/nge.vn\/san-pham\/\"},{\"@type\":\"ListItem\",\"position\":3,\"name\":\"M\u00e1y c\u1eaft v\u00e0 kh\u1eafc laser Creality Falcon 2 22W\"}]},{\"@type\":\"WebSite\",\"@id\":\"https:\/\/nge.vn\/#website\",\"url\":\"https:\/\/nge.vn\/\",\"name\":\"NGE 3D Printers Services\",\"description\":\"\",\"potentialAction\":[{\"@type\":\"SearchAction\",\"target\":{\"@type\":\"EntryPoint\",\"urlTemplate\":\"https:\/\/nge.vn\/?s={search_term_string}\"},\"query-input\":{\"@type\":\"PropertyValueSpecification\",\"valueRequired\":true,\"valueName\":\"search_term_string\"}}],\"inLanguage\":\"en-US\"}]}<\/script>\n<!-- \/ Yoast SEO Premium plugin. -->","yoast_head_json":{"title":"M\u00e1y c\u1eaft v\u00e0 kh\u1eafc laser Creality Falcon 2 22W - NGE 3D Printers Services","robots":{"index":"index","follow":"follow","max-snippet":"max-snippet:-1","max-image-preview":"max-image-preview:large","max-video-preview":"max-video-preview:-1"},"canonical":"https:\/\/nge.vn\/en\/product\/may-cat-va-khac-laser-creality-falcon-2-22w\/","og_locale":"en_US","og_type":"article","og_title":"M\u00e1y c\u1eaft v\u00e0 kh\u1eafc laser Creality Falcon 2 22W","og_description":"M\u00e1y c\u1eaft v\u00e0 kh\u1eafc laser Creality Falcon 2 22W","og_url":"https:\/\/nge.vn\/en\/product\/may-cat-va-khac-laser-creality-falcon-2-22w\/","og_site_name":"NGE 3D Printers Services","article_modified_time":"2024-10-29T07:22:41+00:00","og_image":[{"width":867,"height":867,"url":"https:\/\/nge.vn\/wp-content\/uploads\/2024\/10\/images-upload-woo2F3f65a3791cb1a199cf19a45bf337b3a0.jpg","type":"image\/jpeg"}],"twitter_card":"summary_large_image","twitter_misc":{"Est. reading time":"5 minutes"},"schema":{"@context":"https:\/\/schema.org","@graph":[{"@type":"WebPage","@id":"https:\/\/nge.vn\/san-pham\/may-cat-va-khac-laser-creality-falcon-2-22w\/","url":"https:\/\/nge.vn\/san-pham\/may-cat-va-khac-laser-creality-falcon-2-22w\/","name":"M\u00e1y c\u1eaft v\u00e0 kh\u1eafc laser Creality Falcon 2 22W - NGE 3D Printers Services","isPartOf":{"@id":"https:\/\/nge.vn\/#website"},"primaryImageOfPage":{"@id":"https:\/\/nge.vn\/san-pham\/may-cat-va-khac-laser-creality-falcon-2-22w\/#primaryimage"},"image":{"@id":"https:\/\/nge.vn\/san-pham\/may-cat-va-khac-laser-creality-falcon-2-22w\/#primaryimage"},"thumbnailUrl":"https:\/\/nge.vn\/wp-content\/uploads\/2024\/10\/images-upload-woo2F3f65a3791cb1a199cf19a45bf337b3a0.jpg","datePublished":"2024-10-26T08:22:12+00:00","dateModified":"2024-10-29T07:22:41+00:00","breadcrumb":{"@id":"https:\/\/nge.vn\/san-pham\/may-cat-va-khac-laser-creality-falcon-2-22w\/#breadcrumb"},"inLanguage":"en-US","potentialAction":[{"@type":"ReadAction","target":["https:\/\/nge.vn\/san-pham\/may-cat-va-khac-laser-creality-falcon-2-22w\/"]}]},{"@type":"ImageObject","inLanguage":"en-US","@id":"https:\/\/nge.vn\/san-pham\/may-cat-va-khac-laser-creality-falcon-2-22w\/#primaryimage","url":"https:\/\/nge.vn\/wp-content\/uploads\/2024\/10\/images-upload-woo2F3f65a3791cb1a199cf19a45bf337b3a0.jpg","contentUrl":"https:\/\/nge.vn\/wp-content\/uploads\/2024\/10\/images-upload-woo2F3f65a3791cb1a199cf19a45bf337b3a0.jpg","width":867,"height":867},{"@type":"BreadcrumbList","@id":"https:\/\/nge.vn\/san-pham\/may-cat-va-khac-laser-creality-falcon-2-22w\/#breadcrumb","itemListElement":[{"@type":"ListItem","position":1,"name":"Trang ch\u1ee7","item":"https:\/\/nge.vn\/"},{"@type":"ListItem","position":2,"name":"S\u1ea3n ph\u1ea9m","item":"https:\/\/nge.vn\/san-pham\/"},{"@type":"ListItem","position":3,"name":"M\u00e1y c\u1eaft v\u00e0 kh\u1eafc laser Creality Falcon 2 22W"}]},{"@type":"WebSite","@id":"https:\/\/nge.vn\/#website","url":"https:\/\/nge.vn\/","name":"NGE 3D Printers Services","description":"","potentialAction":[{"@type":"SearchAction","target":{"@type":"EntryPoint","urlTemplate":"https:\/\/nge.vn\/?s={search_term_string}"},"query-input":{"@type":"PropertyValueSpecification","valueRequired":true,"valueName":"search_term_string"}}],"inLanguage":"en-US"}]}},"_links":{"self":[{"href":"https:\/\/nge.vn\/en\/wp-json\/wp\/v2\/product\/3319","targetHints":{"allow":["GET"]}}],"collection":[{"href":"https:\/\/nge.vn\/en\/wp-json\/wp\/v2\/product"}],"about":[{"href":"https:\/\/nge.vn\/en\/wp-json\/wp\/v2\/types\/product"}],"replies":[{"embeddable":true,"href":"https:\/\/nge.vn\/en\/wp-json\/wp\/v2\/comments?post=3319"}],"wp:featuredmedia":[{"embeddable":true,"href":"https:\/\/nge.vn\/en\/wp-json\/wp\/v2\/media\/3308"}],"wp:attachment":[{"href":"https:\/\/nge.vn\/en\/wp-json\/wp\/v2\/media?parent=3319"}],"wp:term":[{"taxonomy":"product_brand","embeddable":true,"href":"https:\/\/nge.vn\/en\/wp-json\/wp\/v2\/product_brand?post=3319"},{"taxonomy":"product_cat","embeddable":true,"href":"https:\/\/nge.vn\/en\/wp-json\/wp\/v2\/product_cat?post=3319"},{"taxonomy":"product_tag","embeddable":true,"href":"https:\/\/nge.vn\/en\/wp-json\/wp\/v2\/product_tag?post=3319"}],"curies":[{"name":"wp","href":"https:\/\/api.w.org\/{rel}","templated":true}]}}