{"id":3269,"date":"2024-10-26T15:14:54","date_gmt":"2024-10-26T08:14:54","guid":{"rendered":"https:\/\/nge.123websitedev.com\/san-pham\/cam-bien-can-ban-toc-do-va-do-chinh-xac-cao-bigtreetech-eddy-eddy-coil\/"},"modified":"2024-10-28T16:04:52","modified_gmt":"2024-10-28T09:04:52","slug":"cam-bien-can-ban-toc-do-va-do-chinh-xac-cao-bigtreetech-eddy-eddy-coil","status":"publish","type":"product","link":"https:\/\/nge.vn\/en\/product\/cam-bien-can-ban-toc-do-va-do-chinh-xac-cao-bigtreetech-eddy-eddy-coil\/","title":{"rendered":"C\u1ea3m bi\u1ebfn c\u00e2n b\u00e0n t\u1ed1c \u0111\u1ed9 v\u00e0 \u0111\u1ed9 ch\u00ednh x\u00e1c cao BIGTREETECH Eddy &amp; Eddy Coil"},"content":{"rendered":"<p>C\u1ea3m bi\u1ebfn c\u00e2n b\u00e0n t\u1ed1c \u0111\u1ed9 v\u00e0 \u0111\u1ed9 ch\u00ednh x\u00e1c cao BIGTREETECH Eddy &amp; Eddy Coil<br \/>\nC\u00f4ng c\u1ee5 c\u00e2n b\u1eb1ng t\u1ed1c \u0111\u1ed9 cao kh\u00f4ng ti\u1ebfp x\u00fac \u0111\u01b0\u1ee3c thi\u1ebft k\u1ebf cho Klipper<\/p>\n<p>_S\u1ef1 h\u1ee3p t\u00e1c gi\u1eefa KLIPPER v\u00e0 BIGTREETECH gi\u00fap ph\u1ea7n m\u1ec1m cho nh\u1eefng ng\u01b0\u1eddi \u0111am m\u00ea in 3D thu\u1eadn ti\u1ec7n h\u01a1n khi s\u1eed d\u1ee5ng v\u00e0 gi\u00fap n\u00e2ng cao h\u01a1n n\u1eefa tr\u1ea3i nghi\u1ec7m in. BIGTREETECH cam k\u1ebft thi\u1ebft l\u1eadp h\u1ec7 sinh th\u00e1i in 3D ho\u00e0n ch\u1ec9nh, n\u1ed7 l\u1ef1c mang \u0111\u1ebfn nhi\u1ec1u kh\u1ea3 n\u0103ng h\u01a1n cho ng\u00e0nh in 3D v\u00e0 th\u00fac \u0111\u1ea9y s\u1ef1 ti\u1ebfn b\u1ed9 v\u1ec1 c\u00f4ng ngh\u1ec7 c\u1ee7a m\u00e1y in 3D \u0111\u1ec3 gi\u00fap m\u00e1y in 3D nhanh h\u01a1n, t\u1ed1t h\u01a1n v\u00e0 d\u1ec5 d\u00e0ng h\u01a1n.<br \/>\nX\u00e1c \u0111\u1ecbnh l\u1ea1i \u0111\u1ed9 ch\u00ednh x\u00e1c, t\u1ed1c \u0111\u1ed9 v\u00e0 hi\u1ec7u qu\u1ea3.<br \/>\nT\u1ed1c \u0111\u1ed9 c\u00e2n b\u1eb1ng nhanh 20 gi\u00e2y<br \/>\nC\u00e2n b\u1eb1ng \u0111\u1ed9 ch\u00ednh x\u00e1c cao 0,5\u03bcm<br \/>\nNh\u1eb9 nh\u01b0 l\u00f4ng v\u0169 &amp; nh\u1ecf 6g<br \/>\nB\u00f9 nhi\u1ec7t \u0111\u1ed9<br \/>\n\u0110\u1ed9 ch\u00ednh x\u00e1c v\u00e0 \u0111\u1ed9 tin c\u1eady cao<br \/>\nL\u1eafp \u0111\u1eb7t d\u1ec5 d\u00e0ng<br \/>\nV\u1ecf \u0111\u01b0\u1ee3c thi\u1ebft k\u1ebf ri\u00eang \u0111\u1ec3 thi\u1ebft l\u1eadp nhanh ch\u00f3ng v\u00e0 d\u1ec5 d\u00e0ng<\/p>\n<p>_Eddy n\u00e0o ph\u00f9 h\u1ee3p v\u1edbi b\u1ea1n?<br \/>\nCu\u1ed9n d\u00e2y Eddy<br \/>\nGiao ti\u1ebfp I\u00b2C ho\u1ea1t \u0111\u1ed9ng v\u1edbi EBB3642 CAN, ph\u00f9 h\u1ee3p v\u1edbi ng\u01b0\u1eddi d\u00f9ng t\u1ef1 l\u00e0m.<\/p>\n<p>Eddy<br \/>\nGiao ti\u1ebfp USB<br \/>\nK\u1ebft n\u1ed1i tr\u1ef1c ti\u1ebfp v\u1edbi m\u00e1y ch\u1ee7 nh\u01b0 BIGTREETECH Pi qua USB, d\u1ec5 c\u00e0i \u0111\u1eb7t v\u00e0 c\u1ea5u h\u00ecnh.<\/p>\n<p>Phi\u00ean b\u1ea3n CAN<br \/>\nGiao ti\u1ebfp CAN<br \/>\nS\u1eaeP RA M\u1eaeT<\/p>\n<p>_Nhanh nh\u01b0 ch\u1edbp v\u00e0 c\u1ef1c k\u1ef3 ch\u00ednh x\u00e1c<br \/>\nS\u1eed d\u1ee5ng ch\u1ee9c n\u0103ng qu\u00e9t d\u00f2ng \u0111i\u1ec7n xo\u00e1y \u1edf m\u1ee9c mili gi\u00e2y \u0111\u1ec3 x\u00e1c \u0111\u1ecbnh ch\u00ednh x\u00e1c c\u00e1c khuy\u1ebft t\u1eadt c\u1ef1c nh\u1ecf tr\u00ean b\u1ec7 in v\u00e0 t\u1ef1 \u0111\u1ed9ng \u0111i\u1ec1u ch\u1ec9nh \u0111\u1ed9 cao \u0111\u1ec3 c\u00e2n b\u1eb1ng nhanh ch\u00f3ng v\u00e0 ch\u00ednh x\u00e1c.<br \/>\n*D\u1eef li\u1ec7u 20 gi\u00e2y \u0111\u01b0\u1ee3c thu th\u1eadp b\u1eb1ng c\u00e1ch th\u1eed nghi\u1ec7m tr\u00ean b\u1ec7 gia nhi\u1ec7t 250mm<\/p>\n<p>_B\u00f9 nhi\u1ec7t \u0111\u1ed9 ti\u00ean ti\u1ebfn<br \/>\n\u0110\u1ea3m b\u1ea3o c\u00e2n b\u1eb1ng ch\u00ednh x\u00e1c, nh\u1ea5t qu\u00e1n m\u1ecdi l\u00fac, kh\u00f4ng b\u1ecb \u1ea3nh h\u01b0\u1edfng b\u1edfi bi\u1ebfn \u0111\u1ed9ng nhi\u1ec7t \u0111\u1ed9<br \/>\n*L\u01b0u \u00fd: Eddy Coil kh\u00f4ng c\u00f3 ch\u1ee9c n\u0103ng b\u00f9 nhi\u1ec7t v\u00e0 do \u0111\u00f3 kh\u00f4ng \u0111\u01b0\u1ee3c t\u1ed1i \u01b0u h\u00f3a cho Z-homing. N\u00f3 ch\u1ee7 y\u1ebfu \u0111\u01b0\u1ee3c thi\u1ebft k\u1ebf \u0111\u1ec3 ho\u1ea1t \u0111\u1ed9ng k\u1ebft h\u1ee3p v\u1edbi thi\u1ebft b\u1ecb Z-homing hi\u1ec7n c\u00f3 nh\u01b0 \u0111i\u1ec3m d\u1eebng cu\u1ed1i ho\u1eb7c \u0111\u1ea7u d\u00f2. N\u00f3 cung c\u1ea5p ch\u1ee9c n\u0103ng qu\u00e9t gi\u01b0\u1eddng nhanh khi k\u1ebft h\u1ee3p v\u1edbi thi\u1ebft b\u1ecb Z-homing hi\u1ec7n c\u00f3. Ch\u00fang t\u00f4i c\u00f3 c\u00e1c gi\u00e1 \u0111\u1ee1 \u0111\u01b0\u1ee3c thi\u1ebft k\u1ebf \u0111\u1ec3 cho ph\u00e9p s\u1eed d\u1ee5ng Eddy Coil c\u00f9ng v\u1edbi CHAOTICLAB CNC Tap<\/p>\n<p>_L\u1eafp \u0111\u1eb7t d\u1ec5 d\u00e0ng trong v\u00e0i ph\u00fat<br \/>\nV\u1ecf t\u00f9y ch\u1ec9nh, \u0111\u01b0\u1ee3c thi\u1ebft k\u1ebf \u0111\u1ec3 lo\u1ea1i b\u1ecf hi\u1ec7u qu\u1ea3 s\u1ef1 can thi\u1ec7p c\u1ee7a kim lo\u1ea1i b\u00ean ngo\u00e0i v\u00e0o \u0111\u1ed9 ch\u00ednh x\u00e1c ph\u00e1t hi\u1ec7n cu\u1ed9n d\u00e2y, cung c\u1ea5p v\u00f9ng gi\u1ea3i ph\u00f3ng m\u1eb7t b\u1eb1ng \u0111\u01b0\u1ee3c x\u00e1c \u0111\u1ecbnh tr\u01b0\u1edbc cho cu\u1ed9n d\u00e2y, \u0111\u1ea3m b\u1ea3o l\u1eafp \u0111\u1eb7t \u0111\u01a1n gi\u1ea3n, kh\u00f4ng c\u1ea7n \u0111o \u0111\u1ea1c, gi\u00fap t\u0103ng c\u01b0\u1eddng c\u1ea3 t\u00ednh d\u1ec5 s\u1eed d\u1ee5ng v\u00e0 \u0111\u1ed9 ch\u00ednh x\u00e1c.<\/p>\n<p>_S\u1eb5n s\u00e0ng cho Voron StealthBurner<br \/>\nEddy c\u00f3 th\u1ec3 d\u1ec5 d\u00e0ng g\u1eafn v\u00e0o v\u1ecb tr\u00ed TL-Q5MC\/PL-08N \u0111\u1ec3 t\u00edch h\u1ee3p nhanh ch\u00f3ng v\u00e0 thu\u1eadn ti\u1ec7n<br \/>\nL\u1eafp \u0111\u1eb7t ch\u1ed1ng l\u1ed7i<br \/>\nLo\u1ea1i b\u1ecf m\u1ecdi l\u1ed7i ti\u1ec1m \u1ea9n v\u00e0 h\u1ee3p l\u00fd h\u00f3a quy tr\u00ecnh thi\u1ebft l\u1eadp.<br \/>\nD\u00e0nh cho m\u00e1y \u0111\u00f9n d\u00f2ng H2.<br \/>\nD\u00e0nh cho Ender-3.<br \/>\n\u0110\u1ed1i v\u1edbi c\u00e1c m\u1eabu kh\u00e1c, c\u00f3 th\u1ec3 c\u1ea7n gi\u00e1 \u0111\u1ee1 \u0111\u1ec3 l\u1eafp \u0111\u1eb7t. C\u00f3 th\u1ec3 xem c\u00e1c b\u1ed9 ph\u1eadn in li\u00ean quan t\u1ea1i: https:\/\/github.com\/bigtreetech\/Eddy<\/p>\n<p>C\u00f3 g\u00ec trong h\u1ed9p?<br \/>\nEddy Coil x1<br \/>\n(Can be directly connected to EBB36\/42 CAN)<br \/>\n150mm 4Pin Dupont Female Connector Cable x1<br \/>\nCable Ties \u00d75<br \/>\nM3*18 Mounting Screws x2<br \/>\nSticker x3<br \/>\nM3*25 Mounting Screws \u00d72<br \/>\nBTT Duck x1<\/p>\n<p>EDDY<br \/>\nEddy x1<br \/>\nCustomized 2.5m USB Cable x1<br \/>\nCable Ties \u00d75<br \/>\nM3*18 Mounting Screws \u00d72<br \/>\nM3*25 Mounting Screws \u00d72<br \/>\nSticker x3<br \/>\nBTT Duck x1<br \/>\n\u0110\u1ec3 h\u1ed9 tr\u1ee3<\/p>\n<p>\u0110\u1ec3 \u0111\u01b0\u1ee3c h\u1ed9 tr\u1ee3 t\u1ed1t h\u01a1n<br \/>\n0913.939.775 contact A.Quan (for English)<br \/>\n094.144.0951 contact A.Quynh<br \/>\n**Selling price does not include VAT (+10% if VAT invoice is issued)<\/p>","protected":false},"excerpt":{"rendered":"<p>C\u1ea3m bi\u1ebfn c\u00e2n b\u00e0n t\u1ed1c \u0111\u1ed9 v\u00e0 \u0111\u1ed9 ch\u00ednh x\u00e1c cao BIGTREETECH Eddy &amp; Eddy Coil<\/p>","protected":false},"featured_media":3260,"comment_status":"open","ping_status":"closed","template":"","meta":{"inline_featured_image":false},"product_brand":[],"product_cat":[40,58],"product_tag":[],"class_list":{"0":"post-3269","1":"product","2":"type-product","3":"status-publish","4":"has-post-thumbnail","6":"product_cat-linh-kien-va-phu-kien","7":"product_cat-phu-kien-may-in-3d-bigtreetech","9":"first","10":"instock","11":"taxable","12":"shipping-taxable","13":"purchasable","14":"product-type-variable"},"yoast_head":"<!-- This site is optimized with the Yoast SEO Premium plugin v22.8 (Yoast SEO v26.9) - https:\/\/yoast.com\/product\/yoast-seo-premium-wordpress\/ -->\n<title>C\u1ea3m bi\u1ebfn c\u00e2n b\u00e0n t\u1ed1c \u0111\u1ed9 v\u00e0 \u0111\u1ed9 ch\u00ednh x\u00e1c cao BIGTREETECH Eddy &amp; Eddy Coil - NGE 3D Printers Services<\/title>\n<meta name=\"robots\" content=\"index, follow, max-snippet:-1, max-image-preview:large, max-video-preview:-1\" \/>\n<link rel=\"canonical\" href=\"https:\/\/nge.vn\/en\/product\/cam-bien-can-ban-toc-do-va-do-chinh-xac-cao-bigtreetech-eddy-eddy-coil\/\" \/>\n<meta property=\"og:locale\" content=\"en_US\" \/>\n<meta property=\"og:type\" content=\"article\" \/>\n<meta property=\"og:title\" content=\"C\u1ea3m bi\u1ebfn c\u00e2n b\u00e0n t\u1ed1c \u0111\u1ed9 v\u00e0 \u0111\u1ed9 ch\u00ednh x\u00e1c cao BIGTREETECH Eddy &amp; Eddy Coil\" \/>\n<meta property=\"og:description\" content=\"C\u1ea3m bi\u1ebfn c\u00e2n b\u00e0n t\u1ed1c \u0111\u1ed9 v\u00e0 \u0111\u1ed9 ch\u00ednh x\u00e1c cao BIGTREETECH Eddy &amp; Eddy Coil\" \/>\n<meta property=\"og:url\" content=\"https:\/\/nge.vn\/en\/product\/cam-bien-can-ban-toc-do-va-do-chinh-xac-cao-bigtreetech-eddy-eddy-coil\/\" \/>\n<meta property=\"og:site_name\" content=\"NGE 3D Printers Services\" \/>\n<meta property=\"article:modified_time\" content=\"2024-10-28T09:04:52+00:00\" \/>\n<meta property=\"og:image\" content=\"https:\/\/nge.vn\/wp-content\/uploads\/2024\/10\/images-upload-woo2Feb63783a742c51f7e38eb320e5b16605.jpg\" \/>\n\t<meta property=\"og:image:width\" content=\"1024\" \/>\n\t<meta property=\"og:image:height\" content=\"1024\" \/>\n\t<meta property=\"og:image:type\" content=\"image\/jpeg\" \/>\n<meta name=\"twitter:card\" content=\"summary_large_image\" \/>\n<meta name=\"twitter:label1\" content=\"Est. reading time\" \/>\n\t<meta name=\"twitter:data1\" content=\"4 minutes\" \/>\n<script type=\"application\/ld+json\" class=\"yoast-schema-graph\">{\"@context\":\"https:\/\/schema.org\",\"@graph\":[{\"@type\":\"WebPage\",\"@id\":\"https:\/\/nge.vn\/san-pham\/cam-bien-can-ban-toc-do-va-do-chinh-xac-cao-bigtreetech-eddy-eddy-coil\/\",\"url\":\"https:\/\/nge.vn\/san-pham\/cam-bien-can-ban-toc-do-va-do-chinh-xac-cao-bigtreetech-eddy-eddy-coil\/\",\"name\":\"C\u1ea3m bi\u1ebfn c\u00e2n b\u00e0n t\u1ed1c \u0111\u1ed9 v\u00e0 \u0111\u1ed9 ch\u00ednh x\u00e1c cao BIGTREETECH Eddy &amp; Eddy Coil - NGE 3D Printers Services\",\"isPartOf\":{\"@id\":\"https:\/\/nge.vn\/#website\"},\"primaryImageOfPage\":{\"@id\":\"https:\/\/nge.vn\/san-pham\/cam-bien-can-ban-toc-do-va-do-chinh-xac-cao-bigtreetech-eddy-eddy-coil\/#primaryimage\"},\"image\":{\"@id\":\"https:\/\/nge.vn\/san-pham\/cam-bien-can-ban-toc-do-va-do-chinh-xac-cao-bigtreetech-eddy-eddy-coil\/#primaryimage\"},\"thumbnailUrl\":\"https:\/\/nge.vn\/wp-content\/uploads\/2024\/10\/images-upload-woo2Feb63783a742c51f7e38eb320e5b16605.jpg\",\"datePublished\":\"2024-10-26T08:14:54+00:00\",\"dateModified\":\"2024-10-28T09:04:52+00:00\",\"breadcrumb\":{\"@id\":\"https:\/\/nge.vn\/san-pham\/cam-bien-can-ban-toc-do-va-do-chinh-xac-cao-bigtreetech-eddy-eddy-coil\/#breadcrumb\"},\"inLanguage\":\"en-US\",\"potentialAction\":[{\"@type\":\"ReadAction\",\"target\":[\"https:\/\/nge.vn\/san-pham\/cam-bien-can-ban-toc-do-va-do-chinh-xac-cao-bigtreetech-eddy-eddy-coil\/\"]}]},{\"@type\":\"ImageObject\",\"inLanguage\":\"en-US\",\"@id\":\"https:\/\/nge.vn\/san-pham\/cam-bien-can-ban-toc-do-va-do-chinh-xac-cao-bigtreetech-eddy-eddy-coil\/#primaryimage\",\"url\":\"https:\/\/nge.vn\/wp-content\/uploads\/2024\/10\/images-upload-woo2Feb63783a742c51f7e38eb320e5b16605.jpg\",\"contentUrl\":\"https:\/\/nge.vn\/wp-content\/uploads\/2024\/10\/images-upload-woo2Feb63783a742c51f7e38eb320e5b16605.jpg\",\"width\":1024,\"height\":1024},{\"@type\":\"BreadcrumbList\",\"@id\":\"https:\/\/nge.vn\/san-pham\/cam-bien-can-ban-toc-do-va-do-chinh-xac-cao-bigtreetech-eddy-eddy-coil\/#breadcrumb\",\"itemListElement\":[{\"@type\":\"ListItem\",\"position\":1,\"name\":\"Trang ch\u1ee7\",\"item\":\"https:\/\/nge.vn\/\"},{\"@type\":\"ListItem\",\"position\":2,\"name\":\"S\u1ea3n ph\u1ea9m\",\"item\":\"https:\/\/nge.vn\/san-pham\/\"},{\"@type\":\"ListItem\",\"position\":3,\"name\":\"C\u1ea3m bi\u1ebfn c\u00e2n b\u00e0n t\u1ed1c \u0111\u1ed9 v\u00e0 \u0111\u1ed9 ch\u00ednh x\u00e1c cao BIGTREETECH Eddy &amp; Eddy Coil\"}]},{\"@type\":\"WebSite\",\"@id\":\"https:\/\/nge.vn\/#website\",\"url\":\"https:\/\/nge.vn\/\",\"name\":\"NGE 3D Printers Services\",\"description\":\"\",\"potentialAction\":[{\"@type\":\"SearchAction\",\"target\":{\"@type\":\"EntryPoint\",\"urlTemplate\":\"https:\/\/nge.vn\/?s={search_term_string}\"},\"query-input\":{\"@type\":\"PropertyValueSpecification\",\"valueRequired\":true,\"valueName\":\"search_term_string\"}}],\"inLanguage\":\"en-US\"}]}<\/script>\n<!-- \/ Yoast SEO Premium plugin. -->","yoast_head_json":{"title":"C\u1ea3m bi\u1ebfn c\u00e2n b\u00e0n t\u1ed1c \u0111\u1ed9 v\u00e0 \u0111\u1ed9 ch\u00ednh x\u00e1c cao BIGTREETECH Eddy &amp; Eddy Coil - NGE 3D Printers Services","robots":{"index":"index","follow":"follow","max-snippet":"max-snippet:-1","max-image-preview":"max-image-preview:large","max-video-preview":"max-video-preview:-1"},"canonical":"https:\/\/nge.vn\/en\/product\/cam-bien-can-ban-toc-do-va-do-chinh-xac-cao-bigtreetech-eddy-eddy-coil\/","og_locale":"en_US","og_type":"article","og_title":"C\u1ea3m bi\u1ebfn c\u00e2n b\u00e0n t\u1ed1c \u0111\u1ed9 v\u00e0 \u0111\u1ed9 ch\u00ednh x\u00e1c cao BIGTREETECH Eddy &amp; Eddy Coil","og_description":"C\u1ea3m bi\u1ebfn c\u00e2n b\u00e0n t\u1ed1c \u0111\u1ed9 v\u00e0 \u0111\u1ed9 ch\u00ednh x\u00e1c cao BIGTREETECH Eddy &amp; Eddy Coil","og_url":"https:\/\/nge.vn\/en\/product\/cam-bien-can-ban-toc-do-va-do-chinh-xac-cao-bigtreetech-eddy-eddy-coil\/","og_site_name":"NGE 3D Printers Services","article_modified_time":"2024-10-28T09:04:52+00:00","og_image":[{"width":1024,"height":1024,"url":"https:\/\/nge.vn\/wp-content\/uploads\/2024\/10\/images-upload-woo2Feb63783a742c51f7e38eb320e5b16605.jpg","type":"image\/jpeg"}],"twitter_card":"summary_large_image","twitter_misc":{"Est. reading time":"4 minutes"},"schema":{"@context":"https:\/\/schema.org","@graph":[{"@type":"WebPage","@id":"https:\/\/nge.vn\/san-pham\/cam-bien-can-ban-toc-do-va-do-chinh-xac-cao-bigtreetech-eddy-eddy-coil\/","url":"https:\/\/nge.vn\/san-pham\/cam-bien-can-ban-toc-do-va-do-chinh-xac-cao-bigtreetech-eddy-eddy-coil\/","name":"C\u1ea3m bi\u1ebfn c\u00e2n b\u00e0n t\u1ed1c \u0111\u1ed9 v\u00e0 \u0111\u1ed9 ch\u00ednh x\u00e1c cao BIGTREETECH Eddy &amp; Eddy Coil - NGE 3D Printers Services","isPartOf":{"@id":"https:\/\/nge.vn\/#website"},"primaryImageOfPage":{"@id":"https:\/\/nge.vn\/san-pham\/cam-bien-can-ban-toc-do-va-do-chinh-xac-cao-bigtreetech-eddy-eddy-coil\/#primaryimage"},"image":{"@id":"https:\/\/nge.vn\/san-pham\/cam-bien-can-ban-toc-do-va-do-chinh-xac-cao-bigtreetech-eddy-eddy-coil\/#primaryimage"},"thumbnailUrl":"https:\/\/nge.vn\/wp-content\/uploads\/2024\/10\/images-upload-woo2Feb63783a742c51f7e38eb320e5b16605.jpg","datePublished":"2024-10-26T08:14:54+00:00","dateModified":"2024-10-28T09:04:52+00:00","breadcrumb":{"@id":"https:\/\/nge.vn\/san-pham\/cam-bien-can-ban-toc-do-va-do-chinh-xac-cao-bigtreetech-eddy-eddy-coil\/#breadcrumb"},"inLanguage":"en-US","potentialAction":[{"@type":"ReadAction","target":["https:\/\/nge.vn\/san-pham\/cam-bien-can-ban-toc-do-va-do-chinh-xac-cao-bigtreetech-eddy-eddy-coil\/"]}]},{"@type":"ImageObject","inLanguage":"en-US","@id":"https:\/\/nge.vn\/san-pham\/cam-bien-can-ban-toc-do-va-do-chinh-xac-cao-bigtreetech-eddy-eddy-coil\/#primaryimage","url":"https:\/\/nge.vn\/wp-content\/uploads\/2024\/10\/images-upload-woo2Feb63783a742c51f7e38eb320e5b16605.jpg","contentUrl":"https:\/\/nge.vn\/wp-content\/uploads\/2024\/10\/images-upload-woo2Feb63783a742c51f7e38eb320e5b16605.jpg","width":1024,"height":1024},{"@type":"BreadcrumbList","@id":"https:\/\/nge.vn\/san-pham\/cam-bien-can-ban-toc-do-va-do-chinh-xac-cao-bigtreetech-eddy-eddy-coil\/#breadcrumb","itemListElement":[{"@type":"ListItem","position":1,"name":"Trang ch\u1ee7","item":"https:\/\/nge.vn\/"},{"@type":"ListItem","position":2,"name":"S\u1ea3n ph\u1ea9m","item":"https:\/\/nge.vn\/san-pham\/"},{"@type":"ListItem","position":3,"name":"C\u1ea3m bi\u1ebfn c\u00e2n b\u00e0n t\u1ed1c \u0111\u1ed9 v\u00e0 \u0111\u1ed9 ch\u00ednh x\u00e1c cao BIGTREETECH Eddy &amp; Eddy Coil"}]},{"@type":"WebSite","@id":"https:\/\/nge.vn\/#website","url":"https:\/\/nge.vn\/","name":"NGE 3D Printers Services","description":"","potentialAction":[{"@type":"SearchAction","target":{"@type":"EntryPoint","urlTemplate":"https:\/\/nge.vn\/?s={search_term_string}"},"query-input":{"@type":"PropertyValueSpecification","valueRequired":true,"valueName":"search_term_string"}}],"inLanguage":"en-US"}]}},"_links":{"self":[{"href":"https:\/\/nge.vn\/en\/wp-json\/wp\/v2\/product\/3269","targetHints":{"allow":["GET"]}}],"collection":[{"href":"https:\/\/nge.vn\/en\/wp-json\/wp\/v2\/product"}],"about":[{"href":"https:\/\/nge.vn\/en\/wp-json\/wp\/v2\/types\/product"}],"replies":[{"embeddable":true,"href":"https:\/\/nge.vn\/en\/wp-json\/wp\/v2\/comments?post=3269"}],"wp:featuredmedia":[{"embeddable":true,"href":"https:\/\/nge.vn\/en\/wp-json\/wp\/v2\/media\/3260"}],"wp:attachment":[{"href":"https:\/\/nge.vn\/en\/wp-json\/wp\/v2\/media?parent=3269"}],"wp:term":[{"taxonomy":"product_brand","embeddable":true,"href":"https:\/\/nge.vn\/en\/wp-json\/wp\/v2\/product_brand?post=3269"},{"taxonomy":"product_cat","embeddable":true,"href":"https:\/\/nge.vn\/en\/wp-json\/wp\/v2\/product_cat?post=3269"},{"taxonomy":"product_tag","embeddable":true,"href":"https:\/\/nge.vn\/en\/wp-json\/wp\/v2\/product_tag?post=3269"}],"curies":[{"name":"wp","href":"https:\/\/api.w.org\/{rel}","templated":true}]}}