{"id":3249,"date":"2024-10-26T15:11:35","date_gmt":"2024-10-26T08:11:35","guid":{"rendered":"https:\/\/nge.123websitedev.com\/san-pham\/may-in-3d-delta-flsun-super-racer-kho-in-%cf%86260330mm\/"},"modified":"2025-02-22T15:46:39","modified_gmt":"2025-02-22T08:46:39","slug":"may-in-3d-delta-flsun-super-racer-kho-in-%cf%86260330mm","status":"publish","type":"product","link":"https:\/\/nge.vn\/en\/product\/may-in-3d-delta-flsun-super-racer-kho-in-%cf%86260330mm\/","title":{"rendered":"M\u00e1y in 3d Delta FLSUN Super Racer kh\u1ed5 in \u03a6260*330mm"},"content":{"rendered":"<h1>M\u00e1y in 3d Delta FLSUN Super Racer kh\u1ed5 in \u03a6260*330mm<\/h1>\n<p>_L\u1ef1a ch\u1ecdn h\u00e0ng \u0111\u1ea7u cho c\u00f4ng vi\u1ec7c v\u00e0 gia \u0111\u00ecnh Bi\u1ebfn \u00fd t\u01b0\u1edfng th\u00e0nh hi\u1ec7n th\u1ef1c ngay l\u1eadp t\u1ee9c<br \/>\n+M\u00e0n h\u00ecnh c\u1ea3m \u1ee9ng \u0111i\u1ec7n dung<br \/>\n+Im l\u1eb7ng<br \/>\n+In qua USB<br \/>\n+Ti\u1ebfp t\u1ee5c in<br \/>\n+T\u1ef1 \u0111\u1ed9ng san l\u1ea5p m\u1eb7t b\u1eb1ng<br \/>\n+9 ng\u00f4n ng\u1eef hi\u1ec3n th\u1ecb<br \/>\n+4 TMC 2209<br \/>\n+Motherboard: MKS Robin Nano V3.0<br \/>\n+Khung ma\u0301y r\u00e2\u0301t c\u01b0\u0301ng ca\u0301p va\u0300 ch\u0103\u0301c ch\u0103\u0301n giu\u0301p ma\u0301y in t\u00f4\u0301c \u0111\u00f4\u0323 cao ma\u0300 ma\u0301y v\u00e2\u0303n kh\u00f4ng rung l\u0103\u0301c a\u0309nh h\u01b0\u01a1\u0309ng t\u01a1\u0301i m\u00f4 hi\u0300nh \u0111ang in<\/p>\n<p>_Volcano Hotend:<br \/>\n+Hotend Volcano v\u1edbi hi\u1ec7u su\u1ea5t n\u00f3ng ch\u1ea3y cao. Hai qu\u1ea1t tuabin v\u00e0 m\u1ed9t qu\u1ea1t l\u00e0m m\u00e1t \u0111\u01b0\u1ee3c l\u1eafp tr\u00ean \u0111\u1ea7u n\u00f3ng. H\u1ec7 th\u1ed1ng l\u00e0m m\u00e1t m\u1ea1nh m\u1ebd c\u00f3 th\u1ec3 tr\u00e1nh t\u1eafc v\u00f2i phun<\/p>\n<p>_M\u00e1y \u0111\u00f9n truy\u1ec1n \u0111\u1ed9ng k\u00e9p:<br \/>\n+M\u00e1y \u0111\u00f9n BMG \u1ed5 \u0111\u0129a k\u00e9p, h\u1ed7 tr\u1ee3 t\u1ed1t h\u01a1n cho c\u00e1c s\u1ee3i Flexible v\u00e0 PLA, v.v<\/p>\n<p>_Hotbed c\u00f3 th\u1ec3 th\u00e1o r\u1eddi:<br \/>\n+T\u1ea5m nh\u00f4m k\u00ednh d\u1ea1ng l\u01b0\u1edbi \u0111\u01b0\u1ee3c c\u1ed1 \u0111\u1ecbnh ri\u00eang bi\u1ec7t, thu\u1eadn ti\u1ec7n cho vi\u1ec7c v\u1ec7 sinh, b\u1ea3o d\u01b0\u1ee1ng v\u00e0 th\u00e1o l\u1eafp. Gi\u01b0\u1eddng n\u00f3ng c\u00f3 th\u1ec3 \u0111\u01b0\u1ee3c l\u00e0m n\u00f3ng l\u00ean \u0111\u1ebfn 100\u2103, v\u00e0 n\u00f3 c\u00f3 hi\u1ec7u qu\u1ea3 b\u00e1m d\u00ednh t\u1ed1t cho d\u00f9 \u0111\u00f3 l\u00e0 in PLA ho\u1eb7c ABS<\/p>\n<p>_Thanh rail d\u1eabn h\u01b0\u1edbng tuy\u1ebfn t\u00ednh:<br \/>\n+D\u1eabn h\u01b0\u1edbng tuy\u1ebfn t\u00ednh ch\u00ednh x\u00e1c v\u1edbi d\u00e2y \u0111ai 10mm, \u0111\u1ed9 c\u1ee9ng v\u1eefng v\u00e0 \u0111\u1ed9 ch\u00ednh x\u00e1c cao, v\u1edbi m\u00f4-men xo\u1eafn l\u1edbn 48mm, t\u1ed1c \u0111\u1ed9 cao, ti\u1ebfng \u1ed3n th\u1ea5p, \u0111\u1ed9ng c\u01a1 b\u01b0\u1edbc ch\u00ednh x\u00e1c cao, n\u00f3 kh\u00f4ng ch\u1ec9 \u0111\u1ea3m b\u1ea3o s\u1ee9c m\u1ea1nh chuy\u1ec3n \u0111\u1ed9ng m\u00e0 c\u00f2n \u0111\u1ea3m b\u1ea3o \u0111\u1ed9 ch\u00ednh x\u00e1c in t\u1ed1c \u0111\u1ed9 cao<\/p>\n<p>_C\u00e1nh tay \u0111\u00f2n song song:<br \/>\n+Tay \u0111\u00f2n song song b\u1eb1ng s\u1ee3i carbon \u0111\u1ed9 b\u1ec1n cao 3K, k\u1ebft c\u1ea5u l\u00f2 xo k\u00e9p, v\u1eabn c\u00f3 th\u1ec3 \u0111\u1ea3m b\u1ea3o \u0111\u1ed9 ch\u00ednh x\u00e1c v\u00e0 \u1ed5n \u0111\u1ecbnh trong qu\u00e1 tr\u00ecnh di chuy\u1ec3n t\u1ed1c \u0111\u1ed9 cao. Thi\u1ebft k\u1ebf m\u00f4-\u0111un, kh\u00f4ng c\u1ea7n c\u00f4ng c\u1ee5 \u0111\u1ec3 l\u1eafp r\u00e1p v\u00e0 th\u00e1o r\u1eddi<\/p>\n<p>_Ngu\u1ed3n m\u1edf Marlin:<br \/>\n+D\u1ef1a tr\u00ean Marlin 2.0.6, ph\u1ea7n m\u1ec1m m\u00e3 ngu\u1ed3n m\u1edf t\u1ef1 ph\u00e1t tri\u1ec3n h\u1ed7 tr\u1ee3 c\u00e1c ch\u1ee9c n\u0103ng ti\u1ebfp t\u1ee5c ng\u1eaft ngu\u1ed3n v\u00e0 ph\u00e1t hi\u1ec7n ng\u1eaft d\u00e2y t\u00f3c<br \/>\n+M\u00e0n h\u00ecnh c\u1ea3m \u1ee9ng \u0111i\u1ec7n dung th\u00f4ng minh 3,5 inch, giao di\u1ec7n UI \u0111\u01b0\u1ee3c thi\u1ebft k\u1ebf m\u1edbi, t\u1ed1i \u01b0u h\u00f3a logic ho\u1ea1t \u0111\u1ed9ng v\u00e0 th\u00f3i quen ng\u01b0\u1eddi d\u00f9ng, h\u1ed7 tr\u1ee3 chuy\u1ec3n \u0111\u1ed5i 8 ng\u00f4n ng\u1eef hi\u1ec3n th\u1ecb v\u00e0 c\u00f3 ch\u1ee9c n\u0103ng kh\u00f4i ph\u1ee5c c\u00e0i \u0111\u1eb7t g\u1ed1c m\u1ed9t ph\u00edm<\/p>\n<h3>_Th\u00f4ng s\u1ed1 M\u00e1y in 3d Delta FLSUN SR:<\/h3>\n<p>+C\u00f4ng ngh\u1ec7 : FDM<br \/>\n+\u0110\u01b0\u1eddng k\u00ednh v\u00f2i: 0,4mm<br \/>\n+H\u1ed7 tr\u1ee3 s\u1ee3i nh\u1ef1a: PLA \/ ABS \/ PETG<br \/>\n+\u0110\u1ed9 ch\u00ednh x\u00e1c: \u00b1 0,1mm<br \/>\n+Lo\u1ea1i v\u00f2i: V\u00f2i \u0111\u01a1n<br \/>\n+\u0110\u1ecbnh d\u1ea1ng t\u1ec7p: STL \/ OBJ \/ AMF<br \/>\n+\u0110\u01b0\u1eddng k\u00ednh s\u1ee3i: 1,75mm<br \/>\n+Ph\u1ea7n m\u1ec1m Slice: Cura \/ Repetier \/ etc.<br \/>\n+M\u00f4 h\u00ecnh l\u00e0m vi\u1ec7c: Th\u1ebb SD \/ USB<br \/>\n+\u0110i\u1ec7n \u00e1p \u0111\u1ea7u v\u00e0o: 115-230V<br \/>\n+Nhi\u1ec7t \u0111\u1ed9 v\u00f2i phun: \u2264260\u2103<br \/>\n+Nhi\u1ec7t \u0111\u1ed9 gi\u01b0\u1eddng: \u2264100\u2103<br \/>\n+Lo\u1ea1i san l\u1ea5p m\u1eb7t b\u1eb1ng: T\u1ef1 \u0111\u1ed9ng san l\u1ea5p m\u1eb7t b\u1eb1ng<br \/>\n+\u0110i\u1ec7n \u00e1p \u0111\u1ea7u ra: 24V<br \/>\n+C\u00f4ng su\u1ea5t: 300W<br \/>\n+Ph\u00e1t hi\u1ec7n s\u1ee3i (Filament Detection): C\u00f3<br \/>\n+Ti\u1ebfp t\u1ee5c in (Resume Printing): C\u00f3<br \/>\n+Ph\u1ea7n m\u1ec1m c\u01a1 s\u1edf: M\u00e3 ngu\u1ed3n m\u1edf Marlin<br \/>\n+K\u00edch th\u01b0\u1edbc in: \u03a6260*330mm<br \/>\n+K\u00edch th\u01b0\u1edbc t\u1ed5ng th\u1ec3: 440*390*960mm<br \/>\n+Tr\u1ecdng l\u01b0\u1ee3ng: 13,6kg<br \/>\n+T\u1ed1c \u0111\u1ed9 in: M\u1eb7c \u0111\u1ecbnh 150mm\/s<br \/>\nT\u1ed1i \u0111a 200mm\/s<\/p>\n<h4>**B\u1ea2O H\u00c0NH CH\u00cdNH H\u00c3NG CHO S\u1ea2N PH\u1ea8M &#8212; LINH PH\u1ee4 KI\u1ec6N THAY TH\u1ebe LU\u00d4N C\u00d3 S\u1eb4N<\/h4>\n<p>Video l\u1eafp r\u00e1p M\u00e1y in 3d Delta FLSUN Super Racer: https:\/\/www.youtube.com\/watch?v=59f16PuayAU<br \/>\nVideo c\u00e2n b\u00e0n M\u00e1y in 3d Delta FLSUN Super Racer: https:\/\/www.youtube.com\/watch?v=mWVXsSech8c&amp;t=178s<\/p>\n<p>**\u0110\u1ec3 \u0111\u01b0\u1ee3c nh\u1eadn h\u1ed9 tr\u1ee3 th\u00eam v\u1ec1 Gi\u00e1 v\u00e0 Th\u00f4ng tin c\u1ee7a s\u1ea3n ph\u1ea9m, vui l\u00f2ng li\u00ean h\u1ec7:<br \/>\n0913.939.775 miss A.Qu\u00e2n (for English)<br \/>\n094.144.0951 contact A.Quynh<br \/>\n**Selling price does not include VAT (+10% if VAT invoice is issued)<\/p>\n<p><img loading=\"lazy\" decoding=\"async\" class=\"aligncenter size-full wp-image-4855\" src=\"https:\/\/nge.123websitedev.com\/wp-content\/uploads\/2025\/02\/FLSUN-SR.jpg\" alt=\"M\u00e1y in 3d Delta FLSUN SR\" width=\"1200\" height=\"600\" \/><\/p>\n<p><a href=\"https:\/\/flsun3d.com\/pages\/sr\">#flsun_superracer<\/a><\/p>\n<p><a href=\"https:\/\/nge.vn\/en\/product\/may-in-3d-flsun-v400-toc-do-in-400mm-s-kho-in-300410mm\/\">M\u00e1y in FLSUN V400 t\u1ed1c \u0111\u1ed9 in max 400mm\/s<\/a><\/p>","protected":false},"excerpt":{"rendered":"<p>M\u00e1y in 3d Delta FLSUN Super Racer kh\u1ed5 in \u03a6260*330mm<\/p>\n<p>+C\u00f4ng ngh\u1ec7 : FDM<br \/>\n+\u0110\u01b0\u1eddng k\u00ednh v\u00f2i: 0,4mm<br \/>\n+H\u1ed7 tr\u1ee3 s\u1ee3i nh\u1ef1a: PLA \/ ABS \/ PETG<br \/>\n+\u0110\u1ed9 ch\u00ednh x\u00e1c: \u00b1 0,1mm<br \/>\n+Lo\u1ea1i v\u00f2i: V\u00f2i \u0111\u01a1n<br \/>\n+\u0110\u1ecbnh d\u1ea1ng t\u1ec7p: STL \/ OBJ \/ AMF<br \/>\n+\u0110\u01b0\u1eddng k\u00ednh s\u1ee3i: 1,75mm<br \/>\n+Ph\u1ea7n m\u1ec1m Slice: Cura \/ Repetier \/ etc.<br \/>\n+M\u00f4 h\u00ecnh l\u00e0m vi\u1ec7c: Th\u1ebb SD \/ USB<br \/>\n+\u0110i\u1ec7n \u00e1p \u0111\u1ea7u v\u00e0o: 115-230V<br \/>\n+Nhi\u1ec7t \u0111\u1ed9 v\u00f2i phun: \u2264260\u2103<br \/>\n+Nhi\u1ec7t \u0111\u1ed9 gi\u01b0\u1eddng: \u2264100\u2103<br \/>\n+Lo\u1ea1i san l\u1ea5p m\u1eb7t b\u1eb1ng: T\u1ef1 \u0111\u1ed9ng san l\u1ea5p m\u1eb7t b\u1eb1ng<br \/>\n+\u0110i\u1ec7n \u00e1p \u0111\u1ea7u ra: 24V<br \/>\n+C\u00f4ng su\u1ea5t: 300W<br \/>\n+Ph\u00e1t hi\u1ec7n s\u1ee3i (Filament Detection): C\u00f3<br \/>\n+Ti\u1ebfp t\u1ee5c in (Resume Printing): C\u00f3<br \/>\n+Ph\u1ea7n m\u1ec1m c\u01a1 s\u1edf: M\u00e3 ngu\u1ed3n m\u1edf Marlin<br \/>\n+K\u00edch th\u01b0\u1edbc in: \u03a6260*330mm<br \/>\n+K\u00edch th\u01b0\u1edbc t\u1ed5ng th\u1ec3: 440*390*960mm<br \/>\n+Tr\u1ecdng l\u01b0\u1ee3ng: 13,6kg<br \/>\n+T\u1ed1c \u0111\u1ed9 in: M\u1eb7c \u0111\u1ecbnh 150mm\/s<br \/>\nT\u1ed1i \u0111a 200mm\/s<\/p>\n<h4><\/h4>","protected":false},"featured_media":3240,"comment_status":"open","ping_status":"closed","template":"","meta":{"inline_featured_image":false},"product_brand":[],"product_cat":[39,50],"product_tag":[],"class_list":{"0":"post-3249","1":"product","2":"type-product","3":"status-publish","4":"has-post-thumbnail","6":"product_cat-may-in-3d","7":"product_cat-may-in-3d-flsun","9":"first","10":"instock","11":"sale","12":"taxable","13":"shipping-taxable","14":"purchasable","15":"product-type-simple"},"yoast_head":"<!-- This site is optimized with the Yoast SEO Premium plugin v22.8 (Yoast SEO v26.9) - https:\/\/yoast.com\/product\/yoast-seo-premium-wordpress\/ -->\n<title>M\u00e1y in 3d Delta FLSUN Super Racer kh\u1ed5 in \u03a6260*330mm - NGE 3D Printers Services<\/title>\n<meta name=\"description\" content=\"M\u00e1y in 3d Delta FLSUN Super Racer r\u1ea5t d\u1ec5 l\u1eafp r\u00e1p v\u00e0 s\u1eed d\u1ee5ng, c\u00e2n b\u00e0n ho\u00e0n to\u00e0n t\u1ef1 \u0111\u1ed9ng, t\u1ed1c d\u1ed9 in cao s\u1ea3n ph\u1ea9m sau in m\u1ecbn v\u00e0 r\u00f5 n\u00e9t\" \/>\n<meta name=\"robots\" content=\"index, follow, max-snippet:-1, max-image-preview:large, max-video-preview:-1\" \/>\n<link rel=\"canonical\" href=\"https:\/\/nge.vn\/en\/product\/may-in-3d-delta-flsun-super-racer-kho-in-\u03c6260330mm\/\" \/>\n<meta property=\"og:locale\" content=\"en_US\" \/>\n<meta property=\"og:type\" content=\"article\" \/>\n<meta property=\"og:title\" content=\"M\u00e1y in 3d Delta FLSUN Super Racer kh\u1ed5 in \u03a6260*330mm\" \/>\n<meta property=\"og:description\" content=\"M\u00e1y in 3d Delta FLSUN Super Racer r\u1ea5t d\u1ec5 l\u1eafp r\u00e1p v\u00e0 s\u1eed d\u1ee5ng, c\u00e2n b\u00e0n ho\u00e0n to\u00e0n t\u1ef1 \u0111\u1ed9ng, t\u1ed1c d\u1ed9 in cao s\u1ea3n ph\u1ea9m sau in m\u1ecbn v\u00e0 r\u00f5 n\u00e9t\" \/>\n<meta property=\"og:url\" content=\"https:\/\/nge.vn\/en\/product\/may-in-3d-delta-flsun-super-racer-kho-in-\u03c6260330mm\/\" \/>\n<meta property=\"og:site_name\" content=\"NGE 3D Printers Services\" \/>\n<meta property=\"article:modified_time\" content=\"2025-02-22T08:46:39+00:00\" \/>\n<meta property=\"og:image\" content=\"https:\/\/nge.vn\/wp-content\/uploads\/2024\/10\/images-upload-woo2F32598376f292b53034c47ae9921afa6f.jpg\" \/>\n\t<meta property=\"og:image:width\" content=\"1000\" \/>\n\t<meta property=\"og:image:height\" content=\"1000\" \/>\n\t<meta property=\"og:image:type\" content=\"image\/jpeg\" \/>\n<meta name=\"twitter:card\" content=\"summary_large_image\" \/>\n<meta name=\"twitter:label1\" content=\"Est. reading time\" \/>\n\t<meta name=\"twitter:data1\" content=\"4 minutes\" \/>\n<script type=\"application\/ld+json\" class=\"yoast-schema-graph\">{\"@context\":\"https:\/\/schema.org\",\"@graph\":[{\"@type\":\"WebPage\",\"@id\":\"https:\/\/nge.vn\/san-pham\/may-in-3d-delta-flsun-super-racer-kho-in-%cf%86260330mm\/\",\"url\":\"https:\/\/nge.vn\/san-pham\/may-in-3d-delta-flsun-super-racer-kho-in-%cf%86260330mm\/\",\"name\":\"M\u00e1y in 3d Delta FLSUN Super Racer kh\u1ed5 in \u03a6260*330mm - NGE 3D Printers Services\",\"isPartOf\":{\"@id\":\"https:\/\/nge.vn\/#website\"},\"primaryImageOfPage\":{\"@id\":\"https:\/\/nge.vn\/san-pham\/may-in-3d-delta-flsun-super-racer-kho-in-%cf%86260330mm\/#primaryimage\"},\"image\":{\"@id\":\"https:\/\/nge.vn\/san-pham\/may-in-3d-delta-flsun-super-racer-kho-in-%cf%86260330mm\/#primaryimage\"},\"thumbnailUrl\":\"https:\/\/nge.vn\/wp-content\/uploads\/2024\/10\/images-upload-woo2F32598376f292b53034c47ae9921afa6f.jpg\",\"datePublished\":\"2024-10-26T08:11:35+00:00\",\"dateModified\":\"2025-02-22T08:46:39+00:00\",\"description\":\"M\u00e1y in 3d Delta FLSUN Super Racer r\u1ea5t d\u1ec5 l\u1eafp r\u00e1p v\u00e0 s\u1eed d\u1ee5ng, c\u00e2n b\u00e0n ho\u00e0n to\u00e0n t\u1ef1 \u0111\u1ed9ng, t\u1ed1c d\u1ed9 in cao s\u1ea3n ph\u1ea9m sau in m\u1ecbn v\u00e0 r\u00f5 n\u00e9t\",\"breadcrumb\":{\"@id\":\"https:\/\/nge.vn\/san-pham\/may-in-3d-delta-flsun-super-racer-kho-in-%cf%86260330mm\/#breadcrumb\"},\"inLanguage\":\"en-US\",\"potentialAction\":[{\"@type\":\"ReadAction\",\"target\":[\"https:\/\/nge.vn\/san-pham\/may-in-3d-delta-flsun-super-racer-kho-in-%cf%86260330mm\/\"]}]},{\"@type\":\"ImageObject\",\"inLanguage\":\"en-US\",\"@id\":\"https:\/\/nge.vn\/san-pham\/may-in-3d-delta-flsun-super-racer-kho-in-%cf%86260330mm\/#primaryimage\",\"url\":\"https:\/\/nge.vn\/wp-content\/uploads\/2024\/10\/images-upload-woo2F32598376f292b53034c47ae9921afa6f.jpg\",\"contentUrl\":\"https:\/\/nge.vn\/wp-content\/uploads\/2024\/10\/images-upload-woo2F32598376f292b53034c47ae9921afa6f.jpg\",\"width\":1000,\"height\":1000,\"caption\":\"M\u00e1y in 3d Delta FLSUN Super Racer\"},{\"@type\":\"BreadcrumbList\",\"@id\":\"https:\/\/nge.vn\/san-pham\/may-in-3d-delta-flsun-super-racer-kho-in-%cf%86260330mm\/#breadcrumb\",\"itemListElement\":[{\"@type\":\"ListItem\",\"position\":1,\"name\":\"Trang ch\u1ee7\",\"item\":\"https:\/\/nge.vn\/\"},{\"@type\":\"ListItem\",\"position\":2,\"name\":\"S\u1ea3n ph\u1ea9m\",\"item\":\"https:\/\/nge.vn\/san-pham\/\"},{\"@type\":\"ListItem\",\"position\":3,\"name\":\"M\u00e1y in 3d Delta FLSUN Super Racer kh\u1ed5 in \u03a6260*330mm\"}]},{\"@type\":\"WebSite\",\"@id\":\"https:\/\/nge.vn\/#website\",\"url\":\"https:\/\/nge.vn\/\",\"name\":\"NGE 3D Printers Services\",\"description\":\"\",\"potentialAction\":[{\"@type\":\"SearchAction\",\"target\":{\"@type\":\"EntryPoint\",\"urlTemplate\":\"https:\/\/nge.vn\/?s={search_term_string}\"},\"query-input\":{\"@type\":\"PropertyValueSpecification\",\"valueRequired\":true,\"valueName\":\"search_term_string\"}}],\"inLanguage\":\"en-US\"}]}<\/script>\n<!-- \/ Yoast SEO Premium plugin. -->","yoast_head_json":{"title":"M\u00e1y in 3d Delta FLSUN Super Racer kh\u1ed5 in \u03a6260*330mm - NGE 3D Printers Services","description":"M\u00e1y in 3d Delta FLSUN Super Racer r\u1ea5t d\u1ec5 l\u1eafp r\u00e1p v\u00e0 s\u1eed d\u1ee5ng, c\u00e2n b\u00e0n ho\u00e0n to\u00e0n t\u1ef1 \u0111\u1ed9ng, t\u1ed1c d\u1ed9 in cao s\u1ea3n ph\u1ea9m sau in m\u1ecbn v\u00e0 r\u00f5 n\u00e9t","robots":{"index":"index","follow":"follow","max-snippet":"max-snippet:-1","max-image-preview":"max-image-preview:large","max-video-preview":"max-video-preview:-1"},"canonical":"https:\/\/nge.vn\/en\/product\/may-in-3d-delta-flsun-super-racer-kho-in-\u03c6260330mm\/","og_locale":"en_US","og_type":"article","og_title":"M\u00e1y in 3d Delta FLSUN Super Racer kh\u1ed5 in \u03a6260*330mm","og_description":"M\u00e1y in 3d Delta FLSUN Super Racer r\u1ea5t d\u1ec5 l\u1eafp r\u00e1p v\u00e0 s\u1eed d\u1ee5ng, c\u00e2n b\u00e0n ho\u00e0n to\u00e0n t\u1ef1 \u0111\u1ed9ng, t\u1ed1c d\u1ed9 in cao s\u1ea3n ph\u1ea9m sau in m\u1ecbn v\u00e0 r\u00f5 n\u00e9t","og_url":"https:\/\/nge.vn\/en\/product\/may-in-3d-delta-flsun-super-racer-kho-in-\u03c6260330mm\/","og_site_name":"NGE 3D Printers Services","article_modified_time":"2025-02-22T08:46:39+00:00","og_image":[{"width":1000,"height":1000,"url":"https:\/\/nge.vn\/wp-content\/uploads\/2024\/10\/images-upload-woo2F32598376f292b53034c47ae9921afa6f.jpg","type":"image\/jpeg"}],"twitter_card":"summary_large_image","twitter_misc":{"Est. reading time":"4 minutes"},"schema":{"@context":"https:\/\/schema.org","@graph":[{"@type":"WebPage","@id":"https:\/\/nge.vn\/san-pham\/may-in-3d-delta-flsun-super-racer-kho-in-%cf%86260330mm\/","url":"https:\/\/nge.vn\/san-pham\/may-in-3d-delta-flsun-super-racer-kho-in-%cf%86260330mm\/","name":"M\u00e1y in 3d Delta FLSUN Super Racer kh\u1ed5 in \u03a6260*330mm - NGE 3D Printers Services","isPartOf":{"@id":"https:\/\/nge.vn\/#website"},"primaryImageOfPage":{"@id":"https:\/\/nge.vn\/san-pham\/may-in-3d-delta-flsun-super-racer-kho-in-%cf%86260330mm\/#primaryimage"},"image":{"@id":"https:\/\/nge.vn\/san-pham\/may-in-3d-delta-flsun-super-racer-kho-in-%cf%86260330mm\/#primaryimage"},"thumbnailUrl":"https:\/\/nge.vn\/wp-content\/uploads\/2024\/10\/images-upload-woo2F32598376f292b53034c47ae9921afa6f.jpg","datePublished":"2024-10-26T08:11:35+00:00","dateModified":"2025-02-22T08:46:39+00:00","description":"M\u00e1y in 3d Delta FLSUN Super Racer r\u1ea5t d\u1ec5 l\u1eafp r\u00e1p v\u00e0 s\u1eed d\u1ee5ng, c\u00e2n b\u00e0n ho\u00e0n to\u00e0n t\u1ef1 \u0111\u1ed9ng, t\u1ed1c d\u1ed9 in cao s\u1ea3n ph\u1ea9m sau in m\u1ecbn v\u00e0 r\u00f5 n\u00e9t","breadcrumb":{"@id":"https:\/\/nge.vn\/san-pham\/may-in-3d-delta-flsun-super-racer-kho-in-%cf%86260330mm\/#breadcrumb"},"inLanguage":"en-US","potentialAction":[{"@type":"ReadAction","target":["https:\/\/nge.vn\/san-pham\/may-in-3d-delta-flsun-super-racer-kho-in-%cf%86260330mm\/"]}]},{"@type":"ImageObject","inLanguage":"en-US","@id":"https:\/\/nge.vn\/san-pham\/may-in-3d-delta-flsun-super-racer-kho-in-%cf%86260330mm\/#primaryimage","url":"https:\/\/nge.vn\/wp-content\/uploads\/2024\/10\/images-upload-woo2F32598376f292b53034c47ae9921afa6f.jpg","contentUrl":"https:\/\/nge.vn\/wp-content\/uploads\/2024\/10\/images-upload-woo2F32598376f292b53034c47ae9921afa6f.jpg","width":1000,"height":1000,"caption":"M\u00e1y in 3d Delta FLSUN Super Racer"},{"@type":"BreadcrumbList","@id":"https:\/\/nge.vn\/san-pham\/may-in-3d-delta-flsun-super-racer-kho-in-%cf%86260330mm\/#breadcrumb","itemListElement":[{"@type":"ListItem","position":1,"name":"Trang ch\u1ee7","item":"https:\/\/nge.vn\/"},{"@type":"ListItem","position":2,"name":"S\u1ea3n ph\u1ea9m","item":"https:\/\/nge.vn\/san-pham\/"},{"@type":"ListItem","position":3,"name":"M\u00e1y in 3d Delta FLSUN Super Racer kh\u1ed5 in \u03a6260*330mm"}]},{"@type":"WebSite","@id":"https:\/\/nge.vn\/#website","url":"https:\/\/nge.vn\/","name":"NGE 3D Printers Services","description":"","potentialAction":[{"@type":"SearchAction","target":{"@type":"EntryPoint","urlTemplate":"https:\/\/nge.vn\/?s={search_term_string}"},"query-input":{"@type":"PropertyValueSpecification","valueRequired":true,"valueName":"search_term_string"}}],"inLanguage":"en-US"}]}},"_links":{"self":[{"href":"https:\/\/nge.vn\/en\/wp-json\/wp\/v2\/product\/3249","targetHints":{"allow":["GET"]}}],"collection":[{"href":"https:\/\/nge.vn\/en\/wp-json\/wp\/v2\/product"}],"about":[{"href":"https:\/\/nge.vn\/en\/wp-json\/wp\/v2\/types\/product"}],"replies":[{"embeddable":true,"href":"https:\/\/nge.vn\/en\/wp-json\/wp\/v2\/comments?post=3249"}],"wp:featuredmedia":[{"embeddable":true,"href":"https:\/\/nge.vn\/en\/wp-json\/wp\/v2\/media\/3240"}],"wp:attachment":[{"href":"https:\/\/nge.vn\/en\/wp-json\/wp\/v2\/media?parent=3249"}],"wp:term":[{"taxonomy":"product_brand","embeddable":true,"href":"https:\/\/nge.vn\/en\/wp-json\/wp\/v2\/product_brand?post=3249"},{"taxonomy":"product_cat","embeddable":true,"href":"https:\/\/nge.vn\/en\/wp-json\/wp\/v2\/product_cat?post=3249"},{"taxonomy":"product_tag","embeddable":true,"href":"https:\/\/nge.vn\/en\/wp-json\/wp\/v2\/product_tag?post=3249"}],"curies":[{"name":"wp","href":"https:\/\/api.w.org\/{rel}","templated":true}]}}