{"id":3239,"date":"2024-10-26T15:10:00","date_gmt":"2024-10-26T08:10:00","guid":{"rendered":"https:\/\/nge.123websitedev.com\/san-pham\/may-in-3d-creality-ender-3-s1-kho-in-222227cm-can-ban-tu-dong-voi-cr-touch\/"},"modified":"2024-10-29T14:21:57","modified_gmt":"2024-10-29T07:21:57","slug":"may-in-3d-creality-ender-3-s1-kho-in-222227cm-can-ban-tu-dong-voi-cr-touch","status":"publish","type":"product","link":"https:\/\/nge.vn\/en\/product\/may-in-3d-creality-ender-3-s1-kho-in-222227cm-can-ban-tu-dong-voi-cr-touch\/","title":{"rendered":"M\u00e1y in 3d Creality Ender 3 S1 kh\u1ed5 in 22*22*27cm c\u00e2n b\u00e0n t\u1ef1 \u0111\u1ed9ng v\u1edbi CR-Touch"},"content":{"rendered":"<p>M\u00e1y in 3d Creality Ender-3 S1 kh\u1ed5 in 22*22*27cm<br \/>\n_M\u00e1y in 3D Ender-3 S1, In ch\u1ea5t l\u01b0\u1ee3ng cao v\u1edbi m\u00e1y \u0111\u00f9n tr\u1ef1c ti\u1ebfp &#8220;Sprite&#8221;, t\u1ef1 \u0111\u1ed9ng c\u00e2n b\u1eb1ng c\u1ea3m \u1ee9ng CR v\u00e0 \u0111\u1ed3ng b\u1ed9 h\u00f3a tr\u1ee5c z k\u00e9p. Ch\u00fang t\u00f4i cung c\u1ea5p d\u1ecbch v\u1ee5 sau b\u00e1n h\u00e0ng 12 th\u00e1ng \u0111\u1ed1i v\u1edbi m\u00e1y in v\u00e0 d\u1ecbch v\u1ee5 3 th\u00e1ng \u0111\u1ed1i v\u1edbi c\u00e1c b\u1ed9 ph\u1eadn b\u1ecb hao m\u00f2n.<br \/>\n**Features:<br \/>\n+S\u1ee9c m\u1ea1nh v\u00f4 h\u1ea1n c\u1ee7a sprite nh\u1ecf<br \/>\n+\u0110\u01b0\u1ee3c trang b\u1ecb CR Touch san l\u1ea5p m\u1eb7t b\u1eb1ng ch\u00ednh x\u00e1c<br \/>\n+C\u1ea5u tr\u00fac \u1ed5n \u0111\u1ecbnh ho\u1ea1t \u0111\u1ed9ng tr\u01a1n tru<br \/>\n+Mainboard 32-bit im l\u1eb7ng v\u1edbi c\u1ea3m gi\u00e1c \u1ea5m \u00e1p<br \/>\n+Kh\u1ea3 n\u0103ng t\u01b0\u01a1ng th\u00edch s\u1ee3i cao, \u0111\u1ea7y ti\u1ec1m n\u0103ng s\u00e1ng t\u1ea1o<br \/>\n+96% \u0111\u01b0\u1ee3c c\u00e0i \u0111\u1eb7t s\u1eb5n 6 b\u01b0\u1edbc l\u1eafp r\u00e1p nhanh<br \/>\n+C\u00e1c giao di\u1ec7n d\u00e0nh ri\u00eang cho c\u00e1c c\u00e1ch in kh\u00e1c nhau<br \/>\n+T\u01b0\u01a1ng t\u00e1c giao di\u1ec7n ng\u01b0\u1eddi d\u00f9ng m\u1edbi v\u1edbi m\u00e0n h\u00ecnh n\u00fam LCD<\/p>\n<p>**Ender 3 S1<br \/>\n_&#8221;Sprite&#8221;, \u0111\u01b0a \u00fd t\u01b0\u1edfng c\u1ee7a b\u1ea1n v\u00e0o cu\u1ed9c s\u1ed1ng<br \/>\n_M\u00e1y \u0111\u00f9n tr\u1ef1c ti\u1ebfp b\u00e1nh r\u0103ng k\u00e9p Sprite<br \/>\n_CR Touch c\u00e2n b\u1eb1ng gi\u01b0\u1eddng t\u1ef1 \u0111\u1ed9ng<br \/>\n_Tr\u1ee5c Z k\u00e9p ch\u00ednh x\u00e1c cao<\/p>\n<p>**T\u0103ng c\u01b0\u1eddng s\u1ee9c m\u1ea1nh \u0111\u00e1ng tin c\u1eady h\u01a1n<br \/>\n_&#8221;Sprite&#8221; M\u00e1y \u0111\u00f9n tr\u1ef1c ti\u1ebfp b\u00e1nh r\u0103ng k\u00e9p<br \/>\nT\u01b0\u01a1ng th\u00edch v\u1edbi c\u00e1c lo\u1ea1i s\u1ee3i kh\u00e1c nhau<\/p>\n<p>_N\u00e2ng c\u1ea5p gi\u01b0\u1eddng t\u1ef1 \u0111\u1ed9ng CR Touch<br \/>\n+San l\u1ea5p m\u1eb7t b\u1eb1ng d\u1ec5 d\u00e0ng h\u01a1n<br \/>\n+San l\u1ea5p m\u1eb7t b\u1eb1ng t\u1ef1 \u0111\u1ed9ng, ch\u00ednh x\u00e1c 16 \u0111i\u1ec3m<\/p>\n<p>_Bo m\u1ea1ch ch\u1ee7 32-bit im l\u1eb7ng M\u1ee9c \u1ed3n \u226450dB<br \/>\n+Bo m\u1ea1ch ch\u1ee7 32-bit im l\u1eb7ng ho\u00e0n to\u00e0n m\u1edbi ch\u1ea1y \u1edf m\u1ee9c decibel th\u1ea5p gi\u00fap gi\u1ea3m thi\u1ec3u ti\u1ebfng \u1ed3n \u0111\u00e1ng k\u1ec3 \u0111\u1ec3 b\u1ea1n t\u1eadn h\u01b0\u1edfng c\u00f4ng vi\u1ec7c in \u1ea5n c\u1ee7a m\u00ecnh.<\/p>\n<p>_\u0110\u1ed9 ch\u00ednh x\u00e1c in cao h\u01a1n v\u1edbi tr\u1ee5c Z k\u00e9p: An to\u00e0n v\u00e0 \u1ed5n \u0111\u1ecbnh<br \/>\n+V\u1edbi thi\u1ebft k\u1ebf tr\u1ee5c v\u00edt k\u00e9p tr\u1ee5c Z + m\u00f4 t\u01a1 k\u00e9p tr\u1ee5c Z, Ender-3 S1 ho\u1ea1t \u0111\u1ed9ng tr\u01a1n tru h\u01a1n v\u00e0 \u0111\u1ed3ng b\u1ed9 h\u01a1n \u0111\u1ec3 gi\u1ea3m kh\u1ea3 n\u0103ng xu\u1ea5t hi\u1ec7n c\u00e1c \u0111\u01b0\u1eddng v\u00e0 g\u1edd tr\u00ean c\u00e1c m\u1eb7t c\u1ee7a b\u1ea3n in, do \u0111\u00f3 c\u1ea3i thi\u1ec7n ch\u1ea5t l\u01b0\u1ee3ng in.<br \/>\n+Thi\u1ebft k\u1ebf ph\u1ed1i h\u1ee3p \u0111\u1ed3ng b\u1ed9 tr\u1ee5c v\u00edt k\u00e9p tr\u1ee5c Z<\/p>\n<p>_H\u1ed7 tr\u1ee3 nhi\u1ec1u lo\u1ea1i d\u00e2y t\u00f3c<br \/>\nPLA \/ TPU \/ PETG \/ ABS<\/p>\n<p>_L\u1eafp r\u00e1p nhanh<br \/>\n96% c\u00e0i \u0111\u1eb7t s\u1eb5n<\/p>\n<p>_T\u1ea5m in th\u00e9p l\u00f2 xo PC<br \/>\n+\u0110\u1ed9 b\u00e1m d\u00ednh t\u1ed1t v\u00e0 d\u1ec5 d\u00e0ng lo\u1ea1i b\u1ecf c\u00e1c m\u00f4 h\u00ecnh in<br \/>\n+T\u1ea5m in th\u00e9p l\u00f2 xo PC c\u00f3 th\u1ec3 th\u00e1o r\u1eddi D\u1ec5 d\u00e0ng lo\u1ea1i b\u1ecf c\u00e1c m\u00f4 h\u00ecnh \u0111\u00e3 in<br \/>\n+N\u1ec1n t\u1ea3ng in s\u00e1ng t\u1ea1o l\u00e0 s\u1ef1 k\u1ebft h\u1ee3p c\u1ee7a l\u1edbp ph\u1ee7 PC, t\u1ea5m th\u00e9p l\u00f2 xo v\u00e0 nh\u00e3n d\u00e1n t\u1eeb t\u00ednh, s\u1ebd d\u00ednh v\u00e0o b\u1ec1 m\u1eb7t ngay l\u1eadp t\u1ee9c khi xu\u1ea5t x\u01b0\u1edfng.<br \/>\n+L\u1edbp ph\u1ee7 PC mang l\u1ea1i \u0111\u1ed9 b\u00e1m d\u00ednh t\u1ed1t v\u00e0 c\u00e1c m\u00f4 h\u00ecnh in c\u00f3 th\u1ec3 d\u1ec5 d\u00e0ng \u0111\u01b0\u1ee3c lo\u1ea1i b\u1ecf b\u1eb1ng c\u00e1ch u\u1ed1n cong t\u1edd in.<br \/>\n+\u0110\u1ed9 b\u00e1m d\u00ednh t\u1ed1t v\u00e0 d\u1ec5 d\u00e0ng lo\u1ea1i b\u1ecf c\u00e1c m\u00f4 h\u00ecnh in<br \/>\n+Lo\u1ea1i b\u1ecf c\u00e1c m\u00f4 h\u00ecnh b\u1eb1ng c\u00e1ch u\u1ed1n cong t\u1edd in<\/p>\n<p>_M\u00e0n h\u00ecnh LCD 4,3 inch<br \/>\nGiao di\u1ec7n UI \u0111\u01a1n gi\u1ea3n ho\u00e0n to\u00e0n m\u1edbi<\/p>\n<p>_Giao di\u1ec7n c\u00e0i \u0111\u1eb7t s\u1eb5n th\u1ef1c t\u1ebf<br \/>\nKh\u1ea3 n\u0103ng m\u1edf r\u1ed9ng m\u1ea1nh m\u1ebd<\/p>\n<p>Product Parameters<br \/>\n+Build size 220*220*270mm<br \/>\n+Supported filament PLA\/TPU\/PETG\/ABS<br \/>\n+Printing speed 160mm\/s at the maximum<br \/>\n+Printing precision -\u00b10.1mm<br \/>\n+Type of extruder &#8220;Sprite&#8221; Direct Extruder<br \/>\n+Automatic bed leveling CR Touch<br \/>\n+Filament sensor supported<br \/>\n+Rated power 350W<br \/>\n+Printing layer thickness 0.05-0.35mm<br \/>\n+Maximum nozzle temperature 260\u00b0C<br \/>\n+Maximum heatbed temperature 100\u00b0C <\/p>\n<p>**Video l\u1eafp r\u00e1p: https:\/\/www.youtube.com\/watch?v=5931uMhl5gQ&amp;t=35s<\/p>\n<p>**\u0110\u1ec3 \u0111\u01b0\u1ee3c nh\u1eadn h\u1ed9 tr\u1ee3 th\u00eam v\u1ec1 Gi\u00e1 v\u00e0 Th\u00f4ng tin c\u1ee7a s\u1ea3n ph\u1ea9m, vui l\u00f2ng li\u00ean h\u1ec7:<br \/>\n    0913.939.775 g\u1eb7p A. Qu\u00e2n (for English)<br \/>\n    094.144.0951 contact A.Quynh<br \/>\n**Selling price does not include VAT (+10% if VAT invoice is issued)<\/p>","protected":false},"excerpt":{"rendered":"<p>M\u00e1y in 3d Creality Ender 3 S1 kh\u1ed5 in 22*22*27cm c\u00e2n b\u00e0n t\u1ef1 \u0111\u1ed9ng v\u1edbi CR-Touch<\/p>","protected":false},"featured_media":3230,"comment_status":"open","ping_status":"closed","template":"","meta":{"inline_featured_image":false},"product_brand":[],"product_cat":[39,51],"product_tag":[],"class_list":{"0":"post-3239","1":"product","2":"type-product","3":"status-publish","4":"has-post-thumbnail","6":"product_cat-may-in-3d","7":"product_cat-may-in-3d-creality","9":"first","10":"instock","11":"taxable","12":"shipping-taxable","13":"purchasable","14":"product-type-simple"},"yoast_head":"<!-- This site is optimized with the Yoast SEO Premium plugin v22.8 (Yoast SEO v26.9) - https:\/\/yoast.com\/product\/yoast-seo-premium-wordpress\/ -->\n<title>M\u00e1y in 3d Creality Ender 3 S1 kh\u1ed5 in 22*22*27cm c\u00e2n b\u00e0n t\u1ef1 \u0111\u1ed9ng v\u1edbi CR-Touch - NGE 3D Printers Services<\/title>\n<meta name=\"robots\" content=\"index, follow, max-snippet:-1, max-image-preview:large, max-video-preview:-1\" \/>\n<link rel=\"canonical\" href=\"https:\/\/nge.vn\/en\/product\/may-in-3d-creality-ender-3-s1-kho-in-222227cm-can-ban-tu-dong-voi-cr-touch\/\" \/>\n<meta property=\"og:locale\" content=\"en_US\" \/>\n<meta property=\"og:type\" content=\"article\" \/>\n<meta property=\"og:title\" content=\"M\u00e1y in 3d Creality Ender 3 S1 kh\u1ed5 in 22*22*27cm c\u00e2n b\u00e0n t\u1ef1 \u0111\u1ed9ng v\u1edbi CR-Touch\" \/>\n<meta property=\"og:description\" content=\"M\u00e1y in 3d Creality Ender 3 S1 kh\u1ed5 in 22*22*27cm c\u00e2n b\u00e0n t\u1ef1 \u0111\u1ed9ng v\u1edbi CR-Touch\" \/>\n<meta property=\"og:url\" content=\"https:\/\/nge.vn\/en\/product\/may-in-3d-creality-ender-3-s1-kho-in-222227cm-can-ban-tu-dong-voi-cr-touch\/\" \/>\n<meta property=\"og:site_name\" content=\"NGE 3D Printers Services\" \/>\n<meta property=\"article:modified_time\" content=\"2024-10-29T07:21:57+00:00\" \/>\n<meta property=\"og:image\" content=\"https:\/\/nge.vn\/wp-content\/uploads\/2024\/10\/images-upload-woo2Fd6c5c02965131fa042d4f200b0274c47.jpg\" \/>\n\t<meta property=\"og:image:width\" content=\"700\" \/>\n\t<meta property=\"og:image:height\" content=\"700\" \/>\n\t<meta property=\"og:image:type\" content=\"image\/jpeg\" \/>\n<meta name=\"twitter:card\" content=\"summary_large_image\" \/>\n<meta name=\"twitter:label1\" content=\"Est. reading time\" \/>\n\t<meta name=\"twitter:data1\" content=\"4 minutes\" \/>\n<script type=\"application\/ld+json\" class=\"yoast-schema-graph\">{\"@context\":\"https:\/\/schema.org\",\"@graph\":[{\"@type\":\"WebPage\",\"@id\":\"https:\/\/nge.vn\/san-pham\/may-in-3d-creality-ender-3-s1-kho-in-222227cm-can-ban-tu-dong-voi-cr-touch\/\",\"url\":\"https:\/\/nge.vn\/san-pham\/may-in-3d-creality-ender-3-s1-kho-in-222227cm-can-ban-tu-dong-voi-cr-touch\/\",\"name\":\"M\u00e1y in 3d Creality Ender 3 S1 kh\u1ed5 in 22*22*27cm c\u00e2n b\u00e0n t\u1ef1 \u0111\u1ed9ng v\u1edbi CR-Touch - NGE 3D Printers Services\",\"isPartOf\":{\"@id\":\"https:\/\/nge.vn\/#website\"},\"primaryImageOfPage\":{\"@id\":\"https:\/\/nge.vn\/san-pham\/may-in-3d-creality-ender-3-s1-kho-in-222227cm-can-ban-tu-dong-voi-cr-touch\/#primaryimage\"},\"image\":{\"@id\":\"https:\/\/nge.vn\/san-pham\/may-in-3d-creality-ender-3-s1-kho-in-222227cm-can-ban-tu-dong-voi-cr-touch\/#primaryimage\"},\"thumbnailUrl\":\"https:\/\/nge.vn\/wp-content\/uploads\/2024\/10\/images-upload-woo2Fd6c5c02965131fa042d4f200b0274c47.jpg\",\"datePublished\":\"2024-10-26T08:10:00+00:00\",\"dateModified\":\"2024-10-29T07:21:57+00:00\",\"breadcrumb\":{\"@id\":\"https:\/\/nge.vn\/san-pham\/may-in-3d-creality-ender-3-s1-kho-in-222227cm-can-ban-tu-dong-voi-cr-touch\/#breadcrumb\"},\"inLanguage\":\"en-US\",\"potentialAction\":[{\"@type\":\"ReadAction\",\"target\":[\"https:\/\/nge.vn\/san-pham\/may-in-3d-creality-ender-3-s1-kho-in-222227cm-can-ban-tu-dong-voi-cr-touch\/\"]}]},{\"@type\":\"ImageObject\",\"inLanguage\":\"en-US\",\"@id\":\"https:\/\/nge.vn\/san-pham\/may-in-3d-creality-ender-3-s1-kho-in-222227cm-can-ban-tu-dong-voi-cr-touch\/#primaryimage\",\"url\":\"https:\/\/nge.vn\/wp-content\/uploads\/2024\/10\/images-upload-woo2Fd6c5c02965131fa042d4f200b0274c47.jpg\",\"contentUrl\":\"https:\/\/nge.vn\/wp-content\/uploads\/2024\/10\/images-upload-woo2Fd6c5c02965131fa042d4f200b0274c47.jpg\",\"width\":700,\"height\":700},{\"@type\":\"BreadcrumbList\",\"@id\":\"https:\/\/nge.vn\/san-pham\/may-in-3d-creality-ender-3-s1-kho-in-222227cm-can-ban-tu-dong-voi-cr-touch\/#breadcrumb\",\"itemListElement\":[{\"@type\":\"ListItem\",\"position\":1,\"name\":\"Trang ch\u1ee7\",\"item\":\"https:\/\/nge.vn\/\"},{\"@type\":\"ListItem\",\"position\":2,\"name\":\"S\u1ea3n ph\u1ea9m\",\"item\":\"https:\/\/nge.vn\/san-pham\/\"},{\"@type\":\"ListItem\",\"position\":3,\"name\":\"M\u00e1y in 3d Creality Ender 3 S1 kh\u1ed5 in 22*22*27cm c\u00e2n b\u00e0n t\u1ef1 \u0111\u1ed9ng v\u1edbi CR-Touch\"}]},{\"@type\":\"WebSite\",\"@id\":\"https:\/\/nge.vn\/#website\",\"url\":\"https:\/\/nge.vn\/\",\"name\":\"NGE 3D Printers Services\",\"description\":\"\",\"potentialAction\":[{\"@type\":\"SearchAction\",\"target\":{\"@type\":\"EntryPoint\",\"urlTemplate\":\"https:\/\/nge.vn\/?s={search_term_string}\"},\"query-input\":{\"@type\":\"PropertyValueSpecification\",\"valueRequired\":true,\"valueName\":\"search_term_string\"}}],\"inLanguage\":\"en-US\"}]}<\/script>\n<!-- \/ Yoast SEO Premium plugin. -->","yoast_head_json":{"title":"M\u00e1y in 3d Creality Ender 3 S1 kh\u1ed5 in 22*22*27cm c\u00e2n b\u00e0n t\u1ef1 \u0111\u1ed9ng v\u1edbi CR-Touch - NGE 3D Printers Services","robots":{"index":"index","follow":"follow","max-snippet":"max-snippet:-1","max-image-preview":"max-image-preview:large","max-video-preview":"max-video-preview:-1"},"canonical":"https:\/\/nge.vn\/en\/product\/may-in-3d-creality-ender-3-s1-kho-in-222227cm-can-ban-tu-dong-voi-cr-touch\/","og_locale":"en_US","og_type":"article","og_title":"M\u00e1y in 3d Creality Ender 3 S1 kh\u1ed5 in 22*22*27cm c\u00e2n b\u00e0n t\u1ef1 \u0111\u1ed9ng v\u1edbi CR-Touch","og_description":"M\u00e1y in 3d Creality Ender 3 S1 kh\u1ed5 in 22*22*27cm c\u00e2n b\u00e0n t\u1ef1 \u0111\u1ed9ng v\u1edbi CR-Touch","og_url":"https:\/\/nge.vn\/en\/product\/may-in-3d-creality-ender-3-s1-kho-in-222227cm-can-ban-tu-dong-voi-cr-touch\/","og_site_name":"NGE 3D Printers Services","article_modified_time":"2024-10-29T07:21:57+00:00","og_image":[{"width":700,"height":700,"url":"https:\/\/nge.vn\/wp-content\/uploads\/2024\/10\/images-upload-woo2Fd6c5c02965131fa042d4f200b0274c47.jpg","type":"image\/jpeg"}],"twitter_card":"summary_large_image","twitter_misc":{"Est. reading time":"4 minutes"},"schema":{"@context":"https:\/\/schema.org","@graph":[{"@type":"WebPage","@id":"https:\/\/nge.vn\/san-pham\/may-in-3d-creality-ender-3-s1-kho-in-222227cm-can-ban-tu-dong-voi-cr-touch\/","url":"https:\/\/nge.vn\/san-pham\/may-in-3d-creality-ender-3-s1-kho-in-222227cm-can-ban-tu-dong-voi-cr-touch\/","name":"M\u00e1y in 3d Creality Ender 3 S1 kh\u1ed5 in 22*22*27cm c\u00e2n b\u00e0n t\u1ef1 \u0111\u1ed9ng v\u1edbi CR-Touch - NGE 3D Printers Services","isPartOf":{"@id":"https:\/\/nge.vn\/#website"},"primaryImageOfPage":{"@id":"https:\/\/nge.vn\/san-pham\/may-in-3d-creality-ender-3-s1-kho-in-222227cm-can-ban-tu-dong-voi-cr-touch\/#primaryimage"},"image":{"@id":"https:\/\/nge.vn\/san-pham\/may-in-3d-creality-ender-3-s1-kho-in-222227cm-can-ban-tu-dong-voi-cr-touch\/#primaryimage"},"thumbnailUrl":"https:\/\/nge.vn\/wp-content\/uploads\/2024\/10\/images-upload-woo2Fd6c5c02965131fa042d4f200b0274c47.jpg","datePublished":"2024-10-26T08:10:00+00:00","dateModified":"2024-10-29T07:21:57+00:00","breadcrumb":{"@id":"https:\/\/nge.vn\/san-pham\/may-in-3d-creality-ender-3-s1-kho-in-222227cm-can-ban-tu-dong-voi-cr-touch\/#breadcrumb"},"inLanguage":"en-US","potentialAction":[{"@type":"ReadAction","target":["https:\/\/nge.vn\/san-pham\/may-in-3d-creality-ender-3-s1-kho-in-222227cm-can-ban-tu-dong-voi-cr-touch\/"]}]},{"@type":"ImageObject","inLanguage":"en-US","@id":"https:\/\/nge.vn\/san-pham\/may-in-3d-creality-ender-3-s1-kho-in-222227cm-can-ban-tu-dong-voi-cr-touch\/#primaryimage","url":"https:\/\/nge.vn\/wp-content\/uploads\/2024\/10\/images-upload-woo2Fd6c5c02965131fa042d4f200b0274c47.jpg","contentUrl":"https:\/\/nge.vn\/wp-content\/uploads\/2024\/10\/images-upload-woo2Fd6c5c02965131fa042d4f200b0274c47.jpg","width":700,"height":700},{"@type":"BreadcrumbList","@id":"https:\/\/nge.vn\/san-pham\/may-in-3d-creality-ender-3-s1-kho-in-222227cm-can-ban-tu-dong-voi-cr-touch\/#breadcrumb","itemListElement":[{"@type":"ListItem","position":1,"name":"Trang ch\u1ee7","item":"https:\/\/nge.vn\/"},{"@type":"ListItem","position":2,"name":"S\u1ea3n ph\u1ea9m","item":"https:\/\/nge.vn\/san-pham\/"},{"@type":"ListItem","position":3,"name":"M\u00e1y in 3d Creality Ender 3 S1 kh\u1ed5 in 22*22*27cm c\u00e2n b\u00e0n t\u1ef1 \u0111\u1ed9ng v\u1edbi CR-Touch"}]},{"@type":"WebSite","@id":"https:\/\/nge.vn\/#website","url":"https:\/\/nge.vn\/","name":"NGE 3D Printers Services","description":"","potentialAction":[{"@type":"SearchAction","target":{"@type":"EntryPoint","urlTemplate":"https:\/\/nge.vn\/?s={search_term_string}"},"query-input":{"@type":"PropertyValueSpecification","valueRequired":true,"valueName":"search_term_string"}}],"inLanguage":"en-US"}]}},"_links":{"self":[{"href":"https:\/\/nge.vn\/en\/wp-json\/wp\/v2\/product\/3239","targetHints":{"allow":["GET"]}}],"collection":[{"href":"https:\/\/nge.vn\/en\/wp-json\/wp\/v2\/product"}],"about":[{"href":"https:\/\/nge.vn\/en\/wp-json\/wp\/v2\/types\/product"}],"replies":[{"embeddable":true,"href":"https:\/\/nge.vn\/en\/wp-json\/wp\/v2\/comments?post=3239"}],"wp:featuredmedia":[{"embeddable":true,"href":"https:\/\/nge.vn\/en\/wp-json\/wp\/v2\/media\/3230"}],"wp:attachment":[{"href":"https:\/\/nge.vn\/en\/wp-json\/wp\/v2\/media?parent=3239"}],"wp:term":[{"taxonomy":"product_brand","embeddable":true,"href":"https:\/\/nge.vn\/en\/wp-json\/wp\/v2\/product_brand?post=3239"},{"taxonomy":"product_cat","embeddable":true,"href":"https:\/\/nge.vn\/en\/wp-json\/wp\/v2\/product_cat?post=3239"},{"taxonomy":"product_tag","embeddable":true,"href":"https:\/\/nge.vn\/en\/wp-json\/wp\/v2\/product_tag?post=3239"}],"curies":[{"name":"wp","href":"https:\/\/api.w.org\/{rel}","templated":true}]}}