{"id":3229,"date":"2024-10-26T15:08:49","date_gmt":"2024-10-26T08:08:49","guid":{"rendered":"https:\/\/nge.123websitedev.com\/san-pham\/man-hinh-cam-ung-5-inch-bigtreetech-panda-touch-v1-0-dieu-khien-khong-day-cho-may-in-3d-bambu-lab-x1-p1-and-a1\/"},"modified":"2024-10-28T15:44:21","modified_gmt":"2024-10-28T08:44:21","slug":"man-hinh-cam-ung-5-inch-bigtreetech-panda-touch-v1-0-dieu-khien-khong-day-cho-may-in-3d-bambu-lab-x1-p1-and-a1","status":"publish","type":"product","link":"https:\/\/nge.vn\/en\/product\/man-hinh-cam-ung-5-inch-bigtreetech-panda-touch-v1-0-dieu-khien-khong-day-cho-may-in-3d-bambu-lab-x1-p1-and-a1\/","title":{"rendered":"M\u00e0n h\u00ecnh c\u1ea3m \u1ee9ng 5 inch BIGTREETECH Panda Touch V1.0 \u0111i\u1ec1u khi\u1ec3n kh\u00f4ng d\u00e2y cho m\u00e1y in 3d Bambu Lab X1, P1 and A1"},"content":{"rendered":"<p>L\u01afU \u00dd QUAN TR\u1eccNG: Panda Touch hi\u1ec7n t\u01b0\u01a1ng th\u00edch v\u1edbi t\u1ea5t c\u1ea3 c\u00e1c phi\u00ean b\u1ea3n ph\u1ea7n m\u1ec1m m\u00e1y in Bambu Lab cho \u0111\u1ebfn:<br \/>\n&#8211; P1P --> v01.06.00.09<br \/>\n&#8211; P1S --> v01.06.00.09<br \/>\n&#8211; X1C --> v01.08.00.00<br \/>\n&#8211; A1 --> v01.03.00.00<br \/>\n&#8211; A1 Mini --> v01.03.00.00<br \/>\n*B\u1ea5m v\u00e0o link xem h\u01b0\u1edbng d\u1eabn s\u1eed d\u1ee5ng ph\u1ea7n m\u1ec1m Panda Touch https:\/\/bttwiki.com\/PandaTouch.html<br \/>\n_K\u1ebft n\u1ed1i li\u1ec1n m\u1ea1ch d\u1ec5 d\u00e0ng th\u00f4ng qua WiFi<br \/>\n_D\u1ec5 d\u00e0ng qu\u1ea3n l\u00fd \u0111\u1ed3ng th\u1eddi nhi\u1ec1u m\u00e1y in \u0111\u1ec3 \u0111i\u1ec1u khi\u1ec3n v\u00e0 in \u0111\u01b0\u1ee3c \u0111\u1ed3ng b\u1ed9 h\u00f3a li\u1ec1n m\u1ea1ch<br \/>\n_\u0110i\u1ec1u khi\u1ec3n h\u1ec7 th\u1ed1ng thay s\u1ee3i nh\u1ef1a AMS. D\u1ec5 d\u00e0ng truy c\u1eadp v\u00e0o c\u00e1c \u0111i\u1ec1u khi\u1ec3n in nhi\u1ec1u m\u00e0u b\u1eb1ng c\u00e1ch truy c\u1eadp m\u1ed9t ch\u1ea1m \u0111\u1ec3 ki\u1ec3m so\u00e1t h\u1ec7 th\u1ed1ng thay \u0111\u1ed5i s\u1ee3i nh\u1ef1a<\/p>\n<p>*L\u01b0u \u00fd: Firmware Panda Touch \u0111\u00e3 \u0111\u01b0\u1ee3c c\u1eadp nh\u1eadt l\u00ean V1.0.4. M\u1ed9t s\u1ed1 thi\u1ebft b\u1ecb c\u00f3 th\u1ec3 xu\u1ea5t x\u01b0\u1edfng v\u1edbi phi\u00ean b\u1ea3n ch\u01b0\u01a1ng tr\u00ecnh c\u01a1 s\u1edf c\u0169 h\u01a1n. Vui l\u00f2ng ki\u1ec3m tra phi\u00ean b\u1ea3n ch\u01b0\u01a1ng tr\u00ecnh c\u01a1 s\u1edf c\u1ee7a b\u1ea1n v\u00e0 n\u00e2ng c\u1ea5p l\u00ean phi\u00ean b\u1ea3n m\u1edbi nh\u1ea5t \u0111\u1ec3 c\u00f3 tr\u1ea3i nghi\u1ec7m t\u1ed1t nh\u1ea5t. Vui l\u00f2ng nh\u1ea5p v\u00e0o li\u00ean k\u1ebft https:\/\/bttwiki.com\/PandaTouch.html#firmware \u0111\u1ec3 xem h\u01b0\u1edbng d\u1eabn n\u00e2ng c\u1ea5p<br \/>\n+T\u00f9y ch\u1ec9nh UX &amp; UI<br \/>\n+M\u00e0n h\u00ecnh c\u1ea3m \u1ee9ng 5&#8221;<br \/>\n+Thi\u1ebft l\u1eadp d\u1ec5 d\u00e0ng<br \/>\n+\u0110i\u1ec1u khi\u1ec3n kh\u00f4ng d\u00e2y<br \/>\n+D\u00e0nh cho BambuLab<br \/>\n+Ki\u1ec3m so\u00e1t nhi\u1ec1u m\u00e1y in<br \/>\n+Pin t\u00edch h\u1ee3p<br \/>\n+In USB tr\u1ef1c ti\u1ebfp<\/p>\n<p>_\u0110i kh\u00f4ng d\u00e2y. \u0110i di \u0111\u1ed9ng<br \/>\nK\u1ebft n\u1ed1i WiFi &amp; Pin t\u00edch h\u1ee3p<br \/>\nV\u1edbi WiFi 2.4G, b\u1ea1n c\u00f3 th\u1ec3 d\u1ec5 d\u00e0ng \u0111i\u1ec1u khi\u1ec3n kh\u00f4ng d\u00e2y trong kh\u00f4ng gian l\u00e0m vi\u1ec7c c\u1ee7a m\u00ecnh. Ngo\u00e0i ra, pin lithium c\u00f3 th\u1eddi l\u01b0\u1ee3ng pin li\u00ean t\u1ee5c l\u00e0 30 ph\u00fat, cho b\u1ea1n t\u00f9y ch\u1ecdn qu\u1ea3n l\u00fd b\u1ea3n in t\u1eeb m\u1ecdi n\u01a1i<\/p>\n<p>*L\u01b0u \u00fd: Vui l\u00f2ng \u0111\u1ea3m b\u1ea3o r\u1eb1ng Panda Touch v\u00e0 m\u00e1y in \u0111\u1ec1u \u0111\u01b0\u1ee3c k\u1ebft n\u1ed1i v\u1edbi c\u00f9ng m\u1ed9t m\u1ea1ng WiFi<\/p>\n<p>_S\u1ea1c t\u1eeb<br \/>\nPanda Touch bao g\u1ed3m m\u1ed9t \u0111\u1ebf s\u1ea1c t\u1eeb t\u00ednh, Dock USB Panda Touch, \u0111\u01b0\u1ee3c thi\u1ebft k\u1ebf ri\u00eang cho m\u00e1y in d\u00f2ng P1. Thi\u1ebft k\u1ebf n\u00e0y \u0111\u1ea3m b\u1ea3o l\u1eafp \u0111\u1eb7t kh\u00f4ng b\u1ecb h\u01b0 h\u1ecfng trong khi v\u1eabn b\u1ea3o h\u00e0nh m\u00e1y<br \/>\n*\u1ed4 c\u1eafm USB Panda Touch b\u1ed5 sung c\u0169ng c\u00f3 s\u1eb5n \u0111\u1ec3 mua ri\u00eang<\/p>\n<p>_Qu\u1ea3n l\u00fd AMS d\u1ec5 d\u00e0ng<br \/>\nV\u1edbi Panda Touch, b\u1ea1n c\u00f3 th\u1ec3 d\u1ec5 d\u00e0ng duy\u1ec7t qua m\u00e0u s\u1eafc v\u00e0 lo\u1ea1i d\u00e2y t\u00f3c \u0111\u01b0\u1ee3c t\u1ea3i v\u00e0o AMS. B\u1ea1n c\u0169ng c\u00f3 th\u1ec3 \u0111\u1eb7t lo\u1ea1i v\u00e0 m\u00e0u c\u1ee7a s\u1ee3i nh\u1ef1 \u0111\u01b0\u1ee3c t\u1ea3i v\u00e0o b\u1ea5t k\u1ef3 khe n\u00e0o gi\u1ed1ng nh\u01b0 c\u00e1ch b\u1ea1n c\u00f3 th\u1ec3 l\u00e0m tr\u00ean giao di\u1ec7n X1C. Qu\u1ea3n l\u00fd \u0111\u01a1n gi\u1ea3n v\u00e0 hi\u1ec7u qu\u1ea3 c\u00e1c \u0111\u01a1n v\u1ecb AMS c\u1ee7a b\u1ea1n<\/p>\n<p>_Trung t\u00e2m ch\u1ec9 huy t\u1ed1i th\u01b0\u1ee3ng<br \/>\nTrao quy\u1ec1n cho b\u1ea1n qu\u1ea3n l\u00fd li\u1ec1n m\u1ea1ch t\u1ed1i \u0111a 10 m\u00e1y in c\u00f9ng l\u00fac. \u0110i\u1ec1u h\u00e0nh Trang tr\u1ea1i In 3D ch\u01b0a bao gi\u1edd d\u1ec5 d\u00e0ng h\u01a1n th\u1ebf<\/p>\n<p>_\u1ed4 \u0111\u0129a USB, C\u1eafm v\u00e0 In<br \/>\nIn c\u00e1c m\u00f4 h\u00ecnh 3D d\u1ec5 d\u00e0ng b\u1eb1ng c\u00e1ch c\u1eafm \u1ed5 \u0111\u0129a USB v\u00e0o Panda Touch. B\u1ea1n c\u0169ng c\u00f3 th\u1ec3 in tr\u1ef1c ti\u1ebfp t\u1eeb th\u1ebb nh\u1edb c\u1ee7a m\u00e1y in<\/p>\n<p>_Ho\u00e0n to\u00e0n t\u01b0\u01a1ng th\u00edch v\u1edbi m\u00e1y in d\u00f2ng Bambu Lab X1, P1 v\u00e0 A1<\/p>\n<p>_Ho\u1ea1t \u0111\u1ed9ng an to\u00e0n tr\u00ean m\u1ea1ng LAN<br \/>\nPanda Touch ho\u1ea1t \u0111\u1ed9ng ho\u00e0n to\u00e0n trong m\u1ea1ng c\u1ee5c b\u1ed9 (LAN), lo\u1ea1i b\u1ecf nhu c\u1ea7u k\u1ebft n\u1ed1i internet b\u1ed5 sung v\u00e0 b\u1ea3o v\u1ec7 quy\u1ec1n ri\u00eang t\u01b0 d\u1eef li\u1ec7u c\u1ee7a b\u1ea1n<\/p>\n<p>_C\u1eadp nh\u1eadt qua m\u1ea1ng<br \/>\nPanda Touch c\u1ee7a b\u1ea1n li\u00ean t\u1ee5c \u0111\u01b0\u1ee3c c\u1ea3i thi\u1ec7n C\u1eadp nh\u1eadt k\u00e9o v\u00e0 th\u1ea3 th\u00f4ng qua giao di\u1ec7n ng\u01b0\u1eddi d\u00f9ng web \u0111\u01a1n gi\u1ea3n v\u00e0 g\u1ecdn g\u00e0ng<\/p>\n<p>What&#8217;s in the Box?<br \/>\nPanda Touch \u00d7 1<br \/>\nMagnetic Charging Dock x 1<br \/>\nMounting Bracket \u00d7 1<br \/>\nPackage Box \u00d7 1<br \/>\nUSB-C Charging Cable \u00d7 1<br \/>\nHex Key \u00d7 1<br \/>\nUser Manual \u00d7 1<br \/>\nM3x6 Flat Head Countersunk Screw<br \/>\n(FHCS) \u00d7 4<br \/>\nBTT Duck \u00d7 1<\/p>\n<p>   0913.939.775 contact A.Quan (for English)<br \/>\n     094.144.0951 contact A.Quynh<br \/>\n**Selling price does not include VAT (+10% if VAT invoice is issued)<\/p>","protected":false},"excerpt":{"rendered":"<p>M\u00e0n h\u00ecnh c\u1ea3m \u1ee9ng 5 inch BIGTREETECH Panda Touch V1.0 \u0111i\u1ec1u khi\u1ec3n kh\u00f4ng d\u00e2y cho m\u00e1y in 3d Bambu Lab X1, P1 and A1<\/p>","protected":false},"featured_media":3220,"comment_status":"open","ping_status":"closed","template":"","meta":{"inline_featured_image":false},"product_brand":[],"product_cat":[40,39,58],"product_tag":[],"class_list":{"0":"post-3229","1":"product","2":"type-product","3":"status-publish","4":"has-post-thumbnail","6":"product_cat-linh-kien-va-phu-kien","7":"product_cat-may-in-3d","8":"product_cat-phu-kien-may-in-3d-bigtreetech","10":"first","11":"instock","12":"taxable","13":"shipping-taxable","14":"purchasable","15":"product-type-simple"},"yoast_head":"<!-- This site is optimized with the Yoast SEO Premium plugin v22.8 (Yoast SEO v26.9) - https:\/\/yoast.com\/product\/yoast-seo-premium-wordpress\/ -->\n<title>M\u00e0n h\u00ecnh c\u1ea3m \u1ee9ng 5 inch BIGTREETECH Panda Touch V1.0 \u0111i\u1ec1u khi\u1ec3n kh\u00f4ng d\u00e2y cho m\u00e1y in 3d Bambu Lab X1, P1 and A1 - NGE 3D Printers Services<\/title>\n<meta name=\"robots\" content=\"index, follow, max-snippet:-1, max-image-preview:large, max-video-preview:-1\" \/>\n<link rel=\"canonical\" href=\"https:\/\/nge.vn\/en\/product\/man-hinh-cam-ung-5-inch-bigtreetech-panda-touch-v1-0-dieu-khien-khong-day-cho-may-in-3d-bambu-lab-x1-p1-and-a1\/\" \/>\n<meta property=\"og:locale\" content=\"en_US\" \/>\n<meta property=\"og:type\" content=\"article\" \/>\n<meta property=\"og:title\" content=\"M\u00e0n h\u00ecnh c\u1ea3m \u1ee9ng 5 inch BIGTREETECH Panda Touch V1.0 \u0111i\u1ec1u khi\u1ec3n kh\u00f4ng d\u00e2y cho m\u00e1y in 3d Bambu Lab X1, P1 and A1\" \/>\n<meta property=\"og:description\" content=\"M\u00e0n h\u00ecnh c\u1ea3m \u1ee9ng 5 inch BIGTREETECH Panda Touch V1.0 \u0111i\u1ec1u khi\u1ec3n kh\u00f4ng d\u00e2y cho m\u00e1y in 3d Bambu Lab X1, P1 and A1\" \/>\n<meta property=\"og:url\" content=\"https:\/\/nge.vn\/en\/product\/man-hinh-cam-ung-5-inch-bigtreetech-panda-touch-v1-0-dieu-khien-khong-day-cho-may-in-3d-bambu-lab-x1-p1-and-a1\/\" \/>\n<meta property=\"og:site_name\" content=\"NGE 3D Printers Services\" \/>\n<meta property=\"article:modified_time\" content=\"2024-10-28T08:44:21+00:00\" \/>\n<meta property=\"og:image\" content=\"https:\/\/nge.vn\/wp-content\/uploads\/2024\/10\/images-upload-woo2F73f99aee0952e7fc20ecfe936f02e507.jpg\" \/>\n\t<meta property=\"og:image:width\" content=\"1000\" \/>\n\t<meta property=\"og:image:height\" content=\"1000\" \/>\n\t<meta property=\"og:image:type\" content=\"image\/jpeg\" \/>\n<meta name=\"twitter:card\" content=\"summary_large_image\" \/>\n<meta name=\"twitter:label1\" content=\"Est. reading time\" \/>\n\t<meta name=\"twitter:data1\" content=\"5 minutes\" \/>\n<script type=\"application\/ld+json\" class=\"yoast-schema-graph\">{\"@context\":\"https:\/\/schema.org\",\"@graph\":[{\"@type\":\"WebPage\",\"@id\":\"https:\/\/nge.vn\/san-pham\/man-hinh-cam-ung-5-inch-bigtreetech-panda-touch-v1-0-dieu-khien-khong-day-cho-may-in-3d-bambu-lab-x1-p1-and-a1\/\",\"url\":\"https:\/\/nge.vn\/san-pham\/man-hinh-cam-ung-5-inch-bigtreetech-panda-touch-v1-0-dieu-khien-khong-day-cho-may-in-3d-bambu-lab-x1-p1-and-a1\/\",\"name\":\"M\u00e0n h\u00ecnh c\u1ea3m \u1ee9ng 5 inch BIGTREETECH Panda Touch V1.0 \u0111i\u1ec1u khi\u1ec3n kh\u00f4ng d\u00e2y cho m\u00e1y in 3d Bambu Lab X1, P1 and A1 - NGE 3D Printers Services\",\"isPartOf\":{\"@id\":\"https:\/\/nge.vn\/#website\"},\"primaryImageOfPage\":{\"@id\":\"https:\/\/nge.vn\/san-pham\/man-hinh-cam-ung-5-inch-bigtreetech-panda-touch-v1-0-dieu-khien-khong-day-cho-may-in-3d-bambu-lab-x1-p1-and-a1\/#primaryimage\"},\"image\":{\"@id\":\"https:\/\/nge.vn\/san-pham\/man-hinh-cam-ung-5-inch-bigtreetech-panda-touch-v1-0-dieu-khien-khong-day-cho-may-in-3d-bambu-lab-x1-p1-and-a1\/#primaryimage\"},\"thumbnailUrl\":\"https:\/\/nge.vn\/wp-content\/uploads\/2024\/10\/images-upload-woo2F73f99aee0952e7fc20ecfe936f02e507.jpg\",\"datePublished\":\"2024-10-26T08:08:49+00:00\",\"dateModified\":\"2024-10-28T08:44:21+00:00\",\"breadcrumb\":{\"@id\":\"https:\/\/nge.vn\/san-pham\/man-hinh-cam-ung-5-inch-bigtreetech-panda-touch-v1-0-dieu-khien-khong-day-cho-may-in-3d-bambu-lab-x1-p1-and-a1\/#breadcrumb\"},\"inLanguage\":\"en-US\",\"potentialAction\":[{\"@type\":\"ReadAction\",\"target\":[\"https:\/\/nge.vn\/san-pham\/man-hinh-cam-ung-5-inch-bigtreetech-panda-touch-v1-0-dieu-khien-khong-day-cho-may-in-3d-bambu-lab-x1-p1-and-a1\/\"]}]},{\"@type\":\"ImageObject\",\"inLanguage\":\"en-US\",\"@id\":\"https:\/\/nge.vn\/san-pham\/man-hinh-cam-ung-5-inch-bigtreetech-panda-touch-v1-0-dieu-khien-khong-day-cho-may-in-3d-bambu-lab-x1-p1-and-a1\/#primaryimage\",\"url\":\"https:\/\/nge.vn\/wp-content\/uploads\/2024\/10\/images-upload-woo2F73f99aee0952e7fc20ecfe936f02e507.jpg\",\"contentUrl\":\"https:\/\/nge.vn\/wp-content\/uploads\/2024\/10\/images-upload-woo2F73f99aee0952e7fc20ecfe936f02e507.jpg\",\"width\":1000,\"height\":1000},{\"@type\":\"BreadcrumbList\",\"@id\":\"https:\/\/nge.vn\/san-pham\/man-hinh-cam-ung-5-inch-bigtreetech-panda-touch-v1-0-dieu-khien-khong-day-cho-may-in-3d-bambu-lab-x1-p1-and-a1\/#breadcrumb\",\"itemListElement\":[{\"@type\":\"ListItem\",\"position\":1,\"name\":\"Trang ch\u1ee7\",\"item\":\"https:\/\/nge.vn\/\"},{\"@type\":\"ListItem\",\"position\":2,\"name\":\"S\u1ea3n ph\u1ea9m\",\"item\":\"https:\/\/nge.vn\/san-pham\/\"},{\"@type\":\"ListItem\",\"position\":3,\"name\":\"M\u00e0n h\u00ecnh c\u1ea3m \u1ee9ng 5 inch BIGTREETECH Panda Touch V1.0 \u0111i\u1ec1u khi\u1ec3n kh\u00f4ng d\u00e2y cho m\u00e1y in 3d Bambu Lab X1, P1 and A1\"}]},{\"@type\":\"WebSite\",\"@id\":\"https:\/\/nge.vn\/#website\",\"url\":\"https:\/\/nge.vn\/\",\"name\":\"NGE 3D Printers Services\",\"description\":\"\",\"potentialAction\":[{\"@type\":\"SearchAction\",\"target\":{\"@type\":\"EntryPoint\",\"urlTemplate\":\"https:\/\/nge.vn\/?s={search_term_string}\"},\"query-input\":{\"@type\":\"PropertyValueSpecification\",\"valueRequired\":true,\"valueName\":\"search_term_string\"}}],\"inLanguage\":\"en-US\"}]}<\/script>\n<!-- \/ Yoast SEO Premium plugin. -->","yoast_head_json":{"title":"M\u00e0n h\u00ecnh c\u1ea3m \u1ee9ng 5 inch BIGTREETECH Panda Touch V1.0 \u0111i\u1ec1u khi\u1ec3n kh\u00f4ng d\u00e2y cho m\u00e1y in 3d Bambu Lab X1, P1 and A1 - NGE 3D Printers Services","robots":{"index":"index","follow":"follow","max-snippet":"max-snippet:-1","max-image-preview":"max-image-preview:large","max-video-preview":"max-video-preview:-1"},"canonical":"https:\/\/nge.vn\/en\/product\/man-hinh-cam-ung-5-inch-bigtreetech-panda-touch-v1-0-dieu-khien-khong-day-cho-may-in-3d-bambu-lab-x1-p1-and-a1\/","og_locale":"en_US","og_type":"article","og_title":"M\u00e0n h\u00ecnh c\u1ea3m \u1ee9ng 5 inch BIGTREETECH Panda Touch V1.0 \u0111i\u1ec1u khi\u1ec3n kh\u00f4ng d\u00e2y cho m\u00e1y in 3d Bambu Lab X1, P1 and A1","og_description":"M\u00e0n h\u00ecnh c\u1ea3m \u1ee9ng 5 inch BIGTREETECH Panda Touch V1.0 \u0111i\u1ec1u khi\u1ec3n kh\u00f4ng d\u00e2y cho m\u00e1y in 3d Bambu Lab X1, P1 and A1","og_url":"https:\/\/nge.vn\/en\/product\/man-hinh-cam-ung-5-inch-bigtreetech-panda-touch-v1-0-dieu-khien-khong-day-cho-may-in-3d-bambu-lab-x1-p1-and-a1\/","og_site_name":"NGE 3D Printers Services","article_modified_time":"2024-10-28T08:44:21+00:00","og_image":[{"width":1000,"height":1000,"url":"https:\/\/nge.vn\/wp-content\/uploads\/2024\/10\/images-upload-woo2F73f99aee0952e7fc20ecfe936f02e507.jpg","type":"image\/jpeg"}],"twitter_card":"summary_large_image","twitter_misc":{"Est. reading time":"5 minutes"},"schema":{"@context":"https:\/\/schema.org","@graph":[{"@type":"WebPage","@id":"https:\/\/nge.vn\/san-pham\/man-hinh-cam-ung-5-inch-bigtreetech-panda-touch-v1-0-dieu-khien-khong-day-cho-may-in-3d-bambu-lab-x1-p1-and-a1\/","url":"https:\/\/nge.vn\/san-pham\/man-hinh-cam-ung-5-inch-bigtreetech-panda-touch-v1-0-dieu-khien-khong-day-cho-may-in-3d-bambu-lab-x1-p1-and-a1\/","name":"M\u00e0n h\u00ecnh c\u1ea3m \u1ee9ng 5 inch BIGTREETECH Panda Touch V1.0 \u0111i\u1ec1u khi\u1ec3n kh\u00f4ng d\u00e2y cho m\u00e1y in 3d Bambu Lab X1, P1 and A1 - NGE 3D Printers Services","isPartOf":{"@id":"https:\/\/nge.vn\/#website"},"primaryImageOfPage":{"@id":"https:\/\/nge.vn\/san-pham\/man-hinh-cam-ung-5-inch-bigtreetech-panda-touch-v1-0-dieu-khien-khong-day-cho-may-in-3d-bambu-lab-x1-p1-and-a1\/#primaryimage"},"image":{"@id":"https:\/\/nge.vn\/san-pham\/man-hinh-cam-ung-5-inch-bigtreetech-panda-touch-v1-0-dieu-khien-khong-day-cho-may-in-3d-bambu-lab-x1-p1-and-a1\/#primaryimage"},"thumbnailUrl":"https:\/\/nge.vn\/wp-content\/uploads\/2024\/10\/images-upload-woo2F73f99aee0952e7fc20ecfe936f02e507.jpg","datePublished":"2024-10-26T08:08:49+00:00","dateModified":"2024-10-28T08:44:21+00:00","breadcrumb":{"@id":"https:\/\/nge.vn\/san-pham\/man-hinh-cam-ung-5-inch-bigtreetech-panda-touch-v1-0-dieu-khien-khong-day-cho-may-in-3d-bambu-lab-x1-p1-and-a1\/#breadcrumb"},"inLanguage":"en-US","potentialAction":[{"@type":"ReadAction","target":["https:\/\/nge.vn\/san-pham\/man-hinh-cam-ung-5-inch-bigtreetech-panda-touch-v1-0-dieu-khien-khong-day-cho-may-in-3d-bambu-lab-x1-p1-and-a1\/"]}]},{"@type":"ImageObject","inLanguage":"en-US","@id":"https:\/\/nge.vn\/san-pham\/man-hinh-cam-ung-5-inch-bigtreetech-panda-touch-v1-0-dieu-khien-khong-day-cho-may-in-3d-bambu-lab-x1-p1-and-a1\/#primaryimage","url":"https:\/\/nge.vn\/wp-content\/uploads\/2024\/10\/images-upload-woo2F73f99aee0952e7fc20ecfe936f02e507.jpg","contentUrl":"https:\/\/nge.vn\/wp-content\/uploads\/2024\/10\/images-upload-woo2F73f99aee0952e7fc20ecfe936f02e507.jpg","width":1000,"height":1000},{"@type":"BreadcrumbList","@id":"https:\/\/nge.vn\/san-pham\/man-hinh-cam-ung-5-inch-bigtreetech-panda-touch-v1-0-dieu-khien-khong-day-cho-may-in-3d-bambu-lab-x1-p1-and-a1\/#breadcrumb","itemListElement":[{"@type":"ListItem","position":1,"name":"Trang ch\u1ee7","item":"https:\/\/nge.vn\/"},{"@type":"ListItem","position":2,"name":"S\u1ea3n ph\u1ea9m","item":"https:\/\/nge.vn\/san-pham\/"},{"@type":"ListItem","position":3,"name":"M\u00e0n h\u00ecnh c\u1ea3m \u1ee9ng 5 inch BIGTREETECH Panda Touch V1.0 \u0111i\u1ec1u khi\u1ec3n kh\u00f4ng d\u00e2y cho m\u00e1y in 3d Bambu Lab X1, P1 and A1"}]},{"@type":"WebSite","@id":"https:\/\/nge.vn\/#website","url":"https:\/\/nge.vn\/","name":"NGE 3D Printers Services","description":"","potentialAction":[{"@type":"SearchAction","target":{"@type":"EntryPoint","urlTemplate":"https:\/\/nge.vn\/?s={search_term_string}"},"query-input":{"@type":"PropertyValueSpecification","valueRequired":true,"valueName":"search_term_string"}}],"inLanguage":"en-US"}]}},"_links":{"self":[{"href":"https:\/\/nge.vn\/en\/wp-json\/wp\/v2\/product\/3229","targetHints":{"allow":["GET"]}}],"collection":[{"href":"https:\/\/nge.vn\/en\/wp-json\/wp\/v2\/product"}],"about":[{"href":"https:\/\/nge.vn\/en\/wp-json\/wp\/v2\/types\/product"}],"replies":[{"embeddable":true,"href":"https:\/\/nge.vn\/en\/wp-json\/wp\/v2\/comments?post=3229"}],"wp:featuredmedia":[{"embeddable":true,"href":"https:\/\/nge.vn\/en\/wp-json\/wp\/v2\/media\/3220"}],"wp:attachment":[{"href":"https:\/\/nge.vn\/en\/wp-json\/wp\/v2\/media?parent=3229"}],"wp:term":[{"taxonomy":"product_brand","embeddable":true,"href":"https:\/\/nge.vn\/en\/wp-json\/wp\/v2\/product_brand?post=3229"},{"taxonomy":"product_cat","embeddable":true,"href":"https:\/\/nge.vn\/en\/wp-json\/wp\/v2\/product_cat?post=3229"},{"taxonomy":"product_tag","embeddable":true,"href":"https:\/\/nge.vn\/en\/wp-json\/wp\/v2\/product_tag?post=3229"}],"curies":[{"name":"wp","href":"https:\/\/api.w.org\/{rel}","templated":true}]}}