{"id":3219,"date":"2024-10-26T15:07:24","date_gmt":"2024-10-26T08:07:24","guid":{"rendered":"https:\/\/nge.123websitedev.com\/san-pham\/may-quet-3d-scanner-cr-scan-lizard-luxury-color-kit-do-chinh-xac-0-05mm\/"},"modified":"2025-08-01T12:20:46","modified_gmt":"2025-08-01T05:20:46","slug":"may-quet-3d-scanner-cr-scan-lizard-luxury-color-kit-do-chinh-xac-0-05mm","status":"publish","type":"product","link":"https:\/\/nge.vn\/en\/product\/may-quet-3d-scanner-cr-scan-lizard-luxury-color-kit-do-chinh-xac-0-05mm\/","title":{"rendered":"M\u00e1y qu\u00e9t 3D Scanner CR-Scan Lizard Luxury (Color Kit)"},"content":{"rendered":"<p>_\u0110\u1ed9 ch\u00ednh x\u00e1c l\u00ean \u0111\u1ebfn 0,05mm<br \/>\n+CR-Scan Lizard c\u00f3 th\u1ec3 qu\u00e9t c\u00e1c b\u1ed9 ph\u1eadn nh\u1ecf v\u00e0 nguy\u00ean m\u1eabu 3D v\u1edbi c\u00e1c chi ti\u1ebft s\u00e2u, kh\u00f3 ti\u1ebfp c\u1eadn. \u0110\u01b0\u1ee3c thi\u1ebft k\u1ebf v\u1edbi \u1ed1ng nh\u00f2m, CR-Scan Lizard \u0111\u1ed9 ch\u00ednh x\u00e1c c\u1ea5p chuy\u00ean nghi\u1ec7p l\u00ean \u0111\u1ebfn 0,05mm \u0111\u01b0\u1ee3c th\u1ef1c hi\u1ec7n b\u1eb1ng ph\u01b0\u01a1ng ph\u00e1p hi\u1ec7u chu\u1ea9n ch\u00ednh x\u00e1c c\u1ea3i ti\u1ebfn<\/p>\n<p>_CR-Scan Lizard l\u00e0 m\u1ed9t tr\u00ecnh qu\u00e9t th\u1eddi gian th\u1ef1c. Thu\u1eadt to\u00e1n th\u00f4ng minh gi\u00fap qu\u00e9t 3D d\u1ec5 d\u00e0ng nh\u01b0 quay video. Kh\u00f4ng c\u1ea7n ph\u1ea3i d\u00e1n c\u00e1c \u0111i\u1ec3m \u0111\u00e1nh d\u1ea5u n\u1eefa, ngay c\u1ea3 \u0111\u1ed1i v\u1edbi c\u00e1c b\u1ed9 ph\u1eadn l\u1edbn nh\u01b0 mui xe, c\u1eeda xe, c\u1ea3n tr\u01b0\u1edbc ho\u1eb7c sau, v.v.<\/p>\n<p>_CR Studio \u0111\u01b0\u1ee3c ph\u00e1t tri\u1ec3n v\u1edbi s\u1ef1 t\u00edch h\u1ee3p c\u1ee7a c\u00e1c thu\u1eadt to\u00e1n t\u1ef1 \u0111\u1ed9ng h\u00f3a ho\u00e0n to\u00e0n 3D cho ph\u00e9p t\u1ed1i \u01b0u h\u00f3a m\u00f4 h\u00ecnh v\u1edbi m\u1ed9t c\u00fa nh\u1ea5p chu\u1ed9t! N\u00f3 h\u1ed7 tr\u1ee3 t\u1ef1 \u0111\u1ed9ng c\u0103n ch\u1ec9nh nhi\u1ec1u v\u1ecb tr\u00ed, t\u1ef1 \u0111\u1ed9ng lo\u1ea1i b\u1ecf ti\u1ebfng \u1ed3n, c\u1ea5u tr\u00fac li\u00ean k\u1ebft \u0111\u01a1n gi\u1ea3n h\u00f3a m\u00f4 h\u00ecnh t\u1ef1 \u0111\u1ed9ng, t\u1ef1 \u0111\u1ed9ng \u0111i\u1ec1n l\u1ed7 v\u00e0 l\u1eadp b\u1ea3n \u0111\u1ed3 k\u1ebft c\u1ea5u t\u1ef1 \u0111\u1ed9ng, g\u00e2y \u1ea5n t\u01b0\u1ee3ng v\u1edbi ng\u01b0\u1eddi d\u00f9ng v\u1ec1 s\u1ef1 d\u1ec5 s\u1eed d\u1ee5ng. H\u01a1n n\u1eefa, CR Studio h\u1ed7 tr\u1ee3 c\u1eadp nh\u1eadt tr\u1ef1c tuy\u1ebfn OTA mi\u1ec5n ph\u00ed<\/p>\n<p>\u0110\u01b0\u1ee3c thi\u1ebft k\u1ebf theo c\u00f4ng ngh\u1ec7 quang h\u1ecdc \u0111a ph\u1ed5, CR-Scan Lizard duy tr\u00ec hi\u1ec7u su\u1ea5t tuy\u1ec7t v\u1eddi ngay c\u1ea3 trong \u00e1nh s\u00e1ng m\u1eb7t tr\u1eddi ch\u00f3i chang<\/p>\n<p>_CR-Scan Lizard c\u00f3 kh\u1ea3 n\u0103ng th\u00edch \u1ee9ng v\u1eadt li\u1ec7u t\u1ed1t h\u01a1n v\u00e0 c\u00f3 th\u1ec3 qu\u00e9t c\u00e1c v\u1eadt th\u1ec3 m\u00e0u \u0111en, cho kh\u1ea3 n\u0103ng s\u00e1ng t\u1ea1o kh\u00f4ng gi\u1edbi h\u1ea1n.<br \/>\n_V\u1edbi Color Kit c\u00e1c b\u1ea1n c\u00f3 th\u1ec3 l\u1ea5y \u0111\u01b0\u1ee3c m\u00e0u s\u1eafc th\u1eadt c\u1ee7a m\u1eabu<\/p>\n<p>_Ba ch\u1ebf \u0111\u1ed9 qu\u00e9t l\u00e0 t\u00f9y ch\u1ecdn, h\u1ed7 tr\u1ee3 qu\u00e9t c\u00e1c \u0111\u1ed1i t\u01b0\u1ee3ng c\u00f3 k\u00edch th\u01b0\u1edbc kh\u00e1c nhau v\u00e0 \u0111\u00e1p \u1ee9ng nhi\u1ec1u tr\u01b0\u1eddng h\u1ee3p v\u00e0 y\u00eau c\u1ea7u qu\u00e9t kh\u00e1c nhau. CR-Scan Lizard t\u01b0\u01a1ng th\u00edch v\u1edbi b\u1ed9 s\u1ea1c di \u0111\u1ed9ng, gi\u00fap ph\u01b0\u01a1ng th\u1ee9c s\u1ea1c linh ho\u1ea1t<br \/>\n+Ch\u1ebf \u0111\u1ed9 b\u00e0n xoay: 15-300mm<br \/>\n+C\u1ea7m tay c\u1ed9ng B\u00e0n xoay: 30-50cm<br \/>\n+Ch\u1ebf \u0111\u1ed9 c\u1ea7m tay: 50-150cm<\/p>\n<p>_C\u00e1c m\u00f4 h\u00ecnh 3D c\u00f3 th\u1ec3 \u0111\u01b0\u1ee3c t\u1ea3i l\u00ean Creality Cloud v\u1edbi vi\u1ec7c c\u1eaft v\u00e0 in ho\u00e0n t\u1ea5t ch\u1ec9 v\u1edbi m\u1ed9t c\u00fa nh\u1ea5p chu\u1ed9t, kh\u00e1 ti\u1ec7n d\u1ee5ng. N\u1ebfu b\u1ea1n mu\u1ed1n t\u01b0\u01a1ng t\u00e1c v\u00e0 chia s\u1ebb ni\u1ec1m vui v\u1edbi b\u1ea1n b\u00e8, Creality Cloud s\u1ebd \u0111\u00e1p \u1ee9ng nhu c\u1ea7u c\u1ee7a b\u1ea1n v\u1edbi ch\u1ee9c n\u0103ng chia s\u1ebb!<\/p>\n<p>+CR-Scan Lizard c\u00f3 th\u1ec3 gh\u00e9p n\u1ed1i v\u1edbi b\u1ed9 m\u00e0u v\u00e0 h\u1ed7 tr\u1ee3 ch\u1ee5p c\u00e1c h\u1ecda ti\u1ebft nhi\u1ec1u m\u00e0u s\u1eafc b\u1eb1ng \u0111i\u1ec7n tho\u1ea1i di \u0111\u1ed9ng ho\u1eb7c m\u00e1y \u1ea3nh DSLR. Sau \u0111\u00f3, n\u00f3 s\u1ebd t\u1ef1 \u0111\u1ed9ng \u00e1nh x\u1ea1 m\u00e0u s\u1eafc cho c\u00e1c m\u00f4 h\u00ecnh b\u1eb1ng m\u1ed9t c\u00fa nh\u1ea5p chu\u1ed9t th\u00f4ng qua ph\u1ea7n m\u1ec1m t\u1ef1 \u0111\u1ed9ng h\u00f3a \u0111\u1ec3 ho\u00e0n th\u00e0nh vi\u1ec7c kh\u00f4i ph\u1ee5c m\u00e0u s\u1eafc. Ch\u1ee9c n\u0103ng n\u00e0y mang \u0111\u1ebfn c\u00e1c m\u00f4 h\u00ecnh 3D s\u1ed1ng \u0111\u1ed9ng v\u00e0 m\u1edf r\u1ed9ng \u1ee9ng d\u1ee5ng c\u1ee7a CR-Scan Lizard trong c\u00e1c t\u00ecnh hu\u1ed1ng kh\u00e1c nhau<\/p>\n<p>_Specification<br \/>\n+Product Name: CR-Scan Lizard<br \/>\n+Accuracy: 0.05mm<br \/>\n+Resolution: 0.1-0.2mm<br \/>\n+Single Capture Range: 20*10cm<br \/>\n+Working Distance: 15-40cm<br \/>\n+Minimum Scanning: 15*15*15mm<br \/>\n+Scan Speed: 10fps<br \/>\n+Light Source: LED+NIR<br \/>\n+Outdoor Scanning: Support Scanning in Bright Sunlight<br \/>\n+Tracking Mode: Visual Tracking<br \/>\n+Color Texture: Extended Support<br \/>\n+Output Format: OBJ \/ STL\/ PLY<br \/>\n+Machine Weight: 370g<br \/>\n+Machine Size: 155*84*46mm<br \/>\n+Compatible System: Win 10 64bit \/Mac OS<\/p>\n<p>_Trong c\u00e1i h\u1ed9p Color kit:<br \/>\n+Ch\u00e2n m\u00e1y d\u00e0i<br \/>\n+B\u1ed9 \u0111i\u1ec1u khi\u1ec3n Bluetooth<br \/>\n+H\u1ed9p \u0111\u00e8n g\u1ea5p<br \/>\n+Gi\u00e1 \u0111\u1ee1 \u0111i\u1ec7n tho\u1ea1i di \u0111\u1ed9ng<br \/>\n+Gi\u00e1 \u0111\u1ee1 m\u00e1y \u1ea3nh DSLR<br \/>\n+C\u00e1p m\u00e0n tr\u1eadp<\/p>\n<p>How to Install the Color Kit on Your Lizard 3D Scanner<br \/>\n<iframe loading=\"lazy\" title=\"How to Install the Color Kit on Your Lizard 3D Scanner?\" width=\"1020\" height=\"574\" src=\"https:\/\/www.youtube.com\/embed\/jhwY2NsS12s?feature=oembed\" frameborder=\"0\" allow=\"accelerometer; autoplay; clipboard-write; encrypted-media; gyroscope; picture-in-picture; web-share\" referrerpolicy=\"strict-origin-when-cross-origin\" allowfullscreen><\/iframe><br \/>\n<iframe loading=\"lazy\" title=\"Creality CR-Scan Lizard Color Kit Unveiled!!!\" width=\"1020\" height=\"574\" src=\"https:\/\/www.youtube.com\/embed\/JIc_RIn-Tmo?start=337&#038;feature=oembed\" frameborder=\"0\" allow=\"accelerometer; autoplay; clipboard-write; encrypted-media; gyroscope; picture-in-picture; web-share\" referrerpolicy=\"strict-origin-when-cross-origin\" allowfullscreen><\/iframe><\/p>\n<p>**Selling price does not include VAT (+10% if VAT invoice is issued)<br \/>\n094.144.0951 contact A.Quynh<\/p>","protected":false},"excerpt":{"rendered":"<p>M\u00e1y qu\u00e9t 3D Scanner CR-Scan Lizard Luxury (Color Kit) \u0111\u1ed9 ch\u00ednh x\u00e1c 0.05mm<\/p>","protected":false},"featured_media":3210,"comment_status":"open","ping_status":"closed","template":"","meta":{"inline_featured_image":false},"product_brand":[],"product_cat":[41],"product_tag":[],"class_list":{"0":"post-3219","1":"product","2":"type-product","3":"status-publish","4":"has-post-thumbnail","6":"product_cat-may-quet-scan","8":"first","9":"instock","10":"sale","11":"taxable","12":"shipping-taxable","13":"purchasable","14":"product-type-simple"},"yoast_head":"<!-- This site is optimized with the Yoast SEO Premium plugin v22.8 (Yoast SEO v26.9) - https:\/\/yoast.com\/product\/yoast-seo-premium-wordpress\/ -->\n<title>M\u00e1y qu\u00e9t 3D Scanner CR-Scan Lizard Luxury (Color Kit) - NGE 3D Printers Services<\/title>\n<meta name=\"description\" content=\"M\u00e1y qu\u00e9t 3D Scanner CR-Scan Lizard Luxury (Color Kit) \u0111\u1ed9 ch\u00ednh x\u00e1c 0.05mm, c\u00f3 th\u1ec3 qu\u00e9t c\u00e1c b\u1ed9 ph\u1eadn nh\u1ecf v\u00e0 nguy\u00ean m\u1eabu 3D v\u1edbi c\u00e1c chi ti\u1ebft s\u00e2u, kh\u00f3 ti\u1ebfp c\u1eadn.\" \/>\n<meta name=\"robots\" content=\"index, follow, max-snippet:-1, max-image-preview:large, max-video-preview:-1\" \/>\n<link rel=\"canonical\" href=\"https:\/\/nge.vn\/en\/product\/may-quet-3d-scanner-cr-scan-lizard-luxury-color-kit-do-chinh-xac-0-05mm\/\" \/>\n<meta property=\"og:locale\" content=\"en_US\" \/>\n<meta property=\"og:type\" content=\"article\" \/>\n<meta property=\"og:title\" content=\"M\u00e1y qu\u00e9t 3D Scanner CR-Scan Lizard Luxury (Color Kit)\" \/>\n<meta property=\"og:description\" content=\"M\u00e1y qu\u00e9t 3D Scanner CR-Scan Lizard Luxury (Color Kit) \u0111\u1ed9 ch\u00ednh x\u00e1c 0.05mm, c\u00f3 th\u1ec3 qu\u00e9t c\u00e1c b\u1ed9 ph\u1eadn nh\u1ecf v\u00e0 nguy\u00ean m\u1eabu 3D v\u1edbi c\u00e1c chi ti\u1ebft s\u00e2u, kh\u00f3 ti\u1ebfp c\u1eadn.\" \/>\n<meta property=\"og:url\" content=\"https:\/\/nge.vn\/en\/product\/may-quet-3d-scanner-cr-scan-lizard-luxury-color-kit-do-chinh-xac-0-05mm\/\" \/>\n<meta property=\"og:site_name\" content=\"NGE 3D Printers Services\" \/>\n<meta property=\"article:modified_time\" content=\"2025-08-01T05:20:46+00:00\" \/>\n<meta property=\"og:image\" content=\"https:\/\/nge.vn\/wp-content\/uploads\/2024\/10\/images-upload-woo2F0b5943e7693103fa929543c36833bd52.jpg\" \/>\n\t<meta property=\"og:image:width\" content=\"950\" \/>\n\t<meta property=\"og:image:height\" content=\"950\" \/>\n\t<meta property=\"og:image:type\" content=\"image\/jpeg\" \/>\n<meta name=\"twitter:card\" content=\"summary_large_image\" \/>\n<meta name=\"twitter:label1\" content=\"Est. reading time\" \/>\n\t<meta name=\"twitter:data1\" content=\"4 minutes\" \/>\n<script type=\"application\/ld+json\" class=\"yoast-schema-graph\">{\"@context\":\"https:\/\/schema.org\",\"@graph\":[{\"@type\":\"WebPage\",\"@id\":\"https:\/\/nge.vn\/san-pham\/may-quet-3d-scanner-cr-scan-lizard-luxury-color-kit-do-chinh-xac-0-05mm\/\",\"url\":\"https:\/\/nge.vn\/san-pham\/may-quet-3d-scanner-cr-scan-lizard-luxury-color-kit-do-chinh-xac-0-05mm\/\",\"name\":\"M\u00e1y qu\u00e9t 3D Scanner CR-Scan Lizard Luxury (Color Kit) - NGE 3D Printers Services\",\"isPartOf\":{\"@id\":\"https:\/\/nge.vn\/#website\"},\"primaryImageOfPage\":{\"@id\":\"https:\/\/nge.vn\/san-pham\/may-quet-3d-scanner-cr-scan-lizard-luxury-color-kit-do-chinh-xac-0-05mm\/#primaryimage\"},\"image\":{\"@id\":\"https:\/\/nge.vn\/san-pham\/may-quet-3d-scanner-cr-scan-lizard-luxury-color-kit-do-chinh-xac-0-05mm\/#primaryimage\"},\"thumbnailUrl\":\"https:\/\/nge.vn\/wp-content\/uploads\/2024\/10\/images-upload-woo2F0b5943e7693103fa929543c36833bd52.jpg\",\"datePublished\":\"2024-10-26T08:07:24+00:00\",\"dateModified\":\"2025-08-01T05:20:46+00:00\",\"description\":\"M\u00e1y qu\u00e9t 3D Scanner CR-Scan Lizard Luxury (Color Kit) \u0111\u1ed9 ch\u00ednh x\u00e1c 0.05mm, c\u00f3 th\u1ec3 qu\u00e9t c\u00e1c b\u1ed9 ph\u1eadn nh\u1ecf v\u00e0 nguy\u00ean m\u1eabu 3D v\u1edbi c\u00e1c chi ti\u1ebft s\u00e2u, kh\u00f3 ti\u1ebfp c\u1eadn.\",\"breadcrumb\":{\"@id\":\"https:\/\/nge.vn\/san-pham\/may-quet-3d-scanner-cr-scan-lizard-luxury-color-kit-do-chinh-xac-0-05mm\/#breadcrumb\"},\"inLanguage\":\"en-US\",\"potentialAction\":[{\"@type\":\"ReadAction\",\"target\":[\"https:\/\/nge.vn\/san-pham\/may-quet-3d-scanner-cr-scan-lizard-luxury-color-kit-do-chinh-xac-0-05mm\/\"]}]},{\"@type\":\"ImageObject\",\"inLanguage\":\"en-US\",\"@id\":\"https:\/\/nge.vn\/san-pham\/may-quet-3d-scanner-cr-scan-lizard-luxury-color-kit-do-chinh-xac-0-05mm\/#primaryimage\",\"url\":\"https:\/\/nge.vn\/wp-content\/uploads\/2024\/10\/images-upload-woo2F0b5943e7693103fa929543c36833bd52.jpg\",\"contentUrl\":\"https:\/\/nge.vn\/wp-content\/uploads\/2024\/10\/images-upload-woo2F0b5943e7693103fa929543c36833bd52.jpg\",\"width\":950,\"height\":950},{\"@type\":\"BreadcrumbList\",\"@id\":\"https:\/\/nge.vn\/san-pham\/may-quet-3d-scanner-cr-scan-lizard-luxury-color-kit-do-chinh-xac-0-05mm\/#breadcrumb\",\"itemListElement\":[{\"@type\":\"ListItem\",\"position\":1,\"name\":\"Trang ch\u1ee7\",\"item\":\"https:\/\/nge.vn\/\"},{\"@type\":\"ListItem\",\"position\":2,\"name\":\"S\u1ea3n ph\u1ea9m\",\"item\":\"https:\/\/nge.vn\/san-pham\/\"},{\"@type\":\"ListItem\",\"position\":3,\"name\":\"M\u00e1y qu\u00e9t 3D Scanner CR-Scan Lizard Luxury (Color Kit)\"}]},{\"@type\":\"WebSite\",\"@id\":\"https:\/\/nge.vn\/#website\",\"url\":\"https:\/\/nge.vn\/\",\"name\":\"NGE 3D Printers Services\",\"description\":\"\",\"potentialAction\":[{\"@type\":\"SearchAction\",\"target\":{\"@type\":\"EntryPoint\",\"urlTemplate\":\"https:\/\/nge.vn\/?s={search_term_string}\"},\"query-input\":{\"@type\":\"PropertyValueSpecification\",\"valueRequired\":true,\"valueName\":\"search_term_string\"}}],\"inLanguage\":\"en-US\"}]}<\/script>\n<!-- \/ Yoast SEO Premium plugin. -->","yoast_head_json":{"title":"M\u00e1y qu\u00e9t 3D Scanner CR-Scan Lizard Luxury (Color Kit) - NGE 3D Printers Services","description":"M\u00e1y qu\u00e9t 3D Scanner CR-Scan Lizard Luxury (Color Kit) \u0111\u1ed9 ch\u00ednh x\u00e1c 0.05mm, c\u00f3 th\u1ec3 qu\u00e9t c\u00e1c b\u1ed9 ph\u1eadn nh\u1ecf v\u00e0 nguy\u00ean m\u1eabu 3D v\u1edbi c\u00e1c chi ti\u1ebft s\u00e2u, kh\u00f3 ti\u1ebfp c\u1eadn.","robots":{"index":"index","follow":"follow","max-snippet":"max-snippet:-1","max-image-preview":"max-image-preview:large","max-video-preview":"max-video-preview:-1"},"canonical":"https:\/\/nge.vn\/en\/product\/may-quet-3d-scanner-cr-scan-lizard-luxury-color-kit-do-chinh-xac-0-05mm\/","og_locale":"en_US","og_type":"article","og_title":"M\u00e1y qu\u00e9t 3D Scanner CR-Scan Lizard Luxury (Color Kit)","og_description":"M\u00e1y qu\u00e9t 3D Scanner CR-Scan Lizard Luxury (Color Kit) \u0111\u1ed9 ch\u00ednh x\u00e1c 0.05mm, c\u00f3 th\u1ec3 qu\u00e9t c\u00e1c b\u1ed9 ph\u1eadn nh\u1ecf v\u00e0 nguy\u00ean m\u1eabu 3D v\u1edbi c\u00e1c chi ti\u1ebft s\u00e2u, kh\u00f3 ti\u1ebfp c\u1eadn.","og_url":"https:\/\/nge.vn\/en\/product\/may-quet-3d-scanner-cr-scan-lizard-luxury-color-kit-do-chinh-xac-0-05mm\/","og_site_name":"NGE 3D Printers Services","article_modified_time":"2025-08-01T05:20:46+00:00","og_image":[{"width":950,"height":950,"url":"https:\/\/nge.vn\/wp-content\/uploads\/2024\/10\/images-upload-woo2F0b5943e7693103fa929543c36833bd52.jpg","type":"image\/jpeg"}],"twitter_card":"summary_large_image","twitter_misc":{"Est. reading time":"4 minutes"},"schema":{"@context":"https:\/\/schema.org","@graph":[{"@type":"WebPage","@id":"https:\/\/nge.vn\/san-pham\/may-quet-3d-scanner-cr-scan-lizard-luxury-color-kit-do-chinh-xac-0-05mm\/","url":"https:\/\/nge.vn\/san-pham\/may-quet-3d-scanner-cr-scan-lizard-luxury-color-kit-do-chinh-xac-0-05mm\/","name":"M\u00e1y qu\u00e9t 3D Scanner CR-Scan Lizard Luxury (Color Kit) - NGE 3D Printers Services","isPartOf":{"@id":"https:\/\/nge.vn\/#website"},"primaryImageOfPage":{"@id":"https:\/\/nge.vn\/san-pham\/may-quet-3d-scanner-cr-scan-lizard-luxury-color-kit-do-chinh-xac-0-05mm\/#primaryimage"},"image":{"@id":"https:\/\/nge.vn\/san-pham\/may-quet-3d-scanner-cr-scan-lizard-luxury-color-kit-do-chinh-xac-0-05mm\/#primaryimage"},"thumbnailUrl":"https:\/\/nge.vn\/wp-content\/uploads\/2024\/10\/images-upload-woo2F0b5943e7693103fa929543c36833bd52.jpg","datePublished":"2024-10-26T08:07:24+00:00","dateModified":"2025-08-01T05:20:46+00:00","description":"M\u00e1y qu\u00e9t 3D Scanner CR-Scan Lizard Luxury (Color Kit) \u0111\u1ed9 ch\u00ednh x\u00e1c 0.05mm, c\u00f3 th\u1ec3 qu\u00e9t c\u00e1c b\u1ed9 ph\u1eadn nh\u1ecf v\u00e0 nguy\u00ean m\u1eabu 3D v\u1edbi c\u00e1c chi ti\u1ebft s\u00e2u, kh\u00f3 ti\u1ebfp c\u1eadn.","breadcrumb":{"@id":"https:\/\/nge.vn\/san-pham\/may-quet-3d-scanner-cr-scan-lizard-luxury-color-kit-do-chinh-xac-0-05mm\/#breadcrumb"},"inLanguage":"en-US","potentialAction":[{"@type":"ReadAction","target":["https:\/\/nge.vn\/san-pham\/may-quet-3d-scanner-cr-scan-lizard-luxury-color-kit-do-chinh-xac-0-05mm\/"]}]},{"@type":"ImageObject","inLanguage":"en-US","@id":"https:\/\/nge.vn\/san-pham\/may-quet-3d-scanner-cr-scan-lizard-luxury-color-kit-do-chinh-xac-0-05mm\/#primaryimage","url":"https:\/\/nge.vn\/wp-content\/uploads\/2024\/10\/images-upload-woo2F0b5943e7693103fa929543c36833bd52.jpg","contentUrl":"https:\/\/nge.vn\/wp-content\/uploads\/2024\/10\/images-upload-woo2F0b5943e7693103fa929543c36833bd52.jpg","width":950,"height":950},{"@type":"BreadcrumbList","@id":"https:\/\/nge.vn\/san-pham\/may-quet-3d-scanner-cr-scan-lizard-luxury-color-kit-do-chinh-xac-0-05mm\/#breadcrumb","itemListElement":[{"@type":"ListItem","position":1,"name":"Trang ch\u1ee7","item":"https:\/\/nge.vn\/"},{"@type":"ListItem","position":2,"name":"S\u1ea3n ph\u1ea9m","item":"https:\/\/nge.vn\/san-pham\/"},{"@type":"ListItem","position":3,"name":"M\u00e1y qu\u00e9t 3D Scanner CR-Scan Lizard Luxury (Color Kit)"}]},{"@type":"WebSite","@id":"https:\/\/nge.vn\/#website","url":"https:\/\/nge.vn\/","name":"NGE 3D Printers Services","description":"","potentialAction":[{"@type":"SearchAction","target":{"@type":"EntryPoint","urlTemplate":"https:\/\/nge.vn\/?s={search_term_string}"},"query-input":{"@type":"PropertyValueSpecification","valueRequired":true,"valueName":"search_term_string"}}],"inLanguage":"en-US"}]}},"_links":{"self":[{"href":"https:\/\/nge.vn\/en\/wp-json\/wp\/v2\/product\/3219","targetHints":{"allow":["GET"]}}],"collection":[{"href":"https:\/\/nge.vn\/en\/wp-json\/wp\/v2\/product"}],"about":[{"href":"https:\/\/nge.vn\/en\/wp-json\/wp\/v2\/types\/product"}],"replies":[{"embeddable":true,"href":"https:\/\/nge.vn\/en\/wp-json\/wp\/v2\/comments?post=3219"}],"wp:featuredmedia":[{"embeddable":true,"href":"https:\/\/nge.vn\/en\/wp-json\/wp\/v2\/media\/3210"}],"wp:attachment":[{"href":"https:\/\/nge.vn\/en\/wp-json\/wp\/v2\/media?parent=3219"}],"wp:term":[{"taxonomy":"product_brand","embeddable":true,"href":"https:\/\/nge.vn\/en\/wp-json\/wp\/v2\/product_brand?post=3219"},{"taxonomy":"product_cat","embeddable":true,"href":"https:\/\/nge.vn\/en\/wp-json\/wp\/v2\/product_cat?post=3219"},{"taxonomy":"product_tag","embeddable":true,"href":"https:\/\/nge.vn\/en\/wp-json\/wp\/v2\/product_tag?post=3219"}],"curies":[{"name":"wp","href":"https:\/\/api.w.org\/{rel}","templated":true}]}}