{"id":3209,"date":"2024-10-26T15:05:56","date_gmt":"2024-10-26T08:05:56","guid":{"rendered":"https:\/\/nge.123websitedev.com\/san-pham\/may-in-3d-creality-ender-5-pro-kho-in-222230cm\/"},"modified":"2025-09-08T18:31:40","modified_gmt":"2025-09-08T11:31:40","slug":"may-in-3d-creality-ender-5-pro-kho-in-222230cm","status":"publish","type":"product","link":"https:\/\/nge.vn\/en\/product\/may-in-3d-creality-ender-5-pro-kho-in-222230cm\/","title":{"rendered":"M\u00e1y in 3d Creality Ender 5 Pro kh\u1ed5 in 22*22*30cm"},"content":{"rendered":"<p>M\u00e1y in 3d Ender 5 Pro kh\u1ed5 in 22*22*30cm<br \/>\n**Bo m\u1ea1ch ch\u1ee7 \u0111\u01b0\u1ee3c n\u00e2ng c\u1ea5p:<br \/>\n_M\u1ed9t thu\u1ed9c t\u00ednh duy nh\u1ea5t c\u1ee7a M\u00e1y in 3D Ender 5 Pro l\u00e0 Mainboard V4.2.2 im l\u1eb7ng m\u1edbi v\u1edbi tr\u00ecnh \u0111i\u1ec1u khi\u1ec3n TMC2208, cho ph\u00e9p hi\u1ec7u su\u1ea5t in \u00eam h\u01a1n v\u00e0 ch\u00ednh x\u00e1c h\u01a1n. Mainboard n\u00e0y \u0111\u01b0\u1ee3c c\u00e0i \u0111\u1eb7t c\u1ea3 Marlin 1.1.8 v\u00e0 Bootloader, \u0111\u1ed3ng th\u1eddi c\u0169ng \u0111\u01b0\u1ee3c k\u00edch ho\u1ea1t t\u00ednh n\u0103ng b\u1ea3o v\u1ec7 \u0111\u01b0\u1eddng b\u0103ng nhi\u1ec7t, cung c\u1ea5p kh\u1ea3 n\u0103ng b\u1ea3o v\u1ec7 b\u1ed5 sung trong tr\u01b0\u1eddng h\u1ee3p m\u00e1y in \u0111\u1ea1t nhi\u1ec7t \u0111\u1ed9 cao b\u1ea5t th\u01b0\u1eddng.<\/p>\n<p>**Khung m\u00e1y \u0111\u00f9n kim lo\u1ea1i:<br \/>\n_M\u1ed9t b\u1ed5 sung m\u1edbi kh\u00e1c cho Ender 5 Pro l\u00e0 khung m\u00e1y \u0111\u00f9n kim lo\u1ea1i c\u00f3 \u0111\u1ed9 b\u1ec1n cao. T\u00ednh n\u0103ng n\u00e0y cung c\u1ea5p \u00e1p l\u1ef1c m\u1ea1nh h\u01a1n trong khi \u0111\u1ea9y s\u1ee3i nh\u1ef1a qua v\u00f2i phun c\u1ee7a M\u00e1y in 3D, m\u00e0 nh\u00e0 s\u1ea3n xu\u1ea5t tuy\u00ean b\u1ed1 s\u1ebd t\u0103ng c\u01b0\u1eddng hi\u1ec7u su\u1ea5t in t\u1ed5ng th\u1ec3. B\u1ed9 d\u1ee5ng c\u1ee5 \u0111\u00f9n kim lo\u1ea1i n\u00e2ng c\u1ea5p n\u00e0y \u0111\u01b0\u1ee3c trang b\u1ecb m\u1ed9t ch\u1ed1t \u0111i\u1ec1u ch\u1ec9nh \u0111\u1ec3 ng\u01b0\u1eddi d\u00f9ng c\u00f3 th\u1ec3 \u0111i\u1ec1u ch\u1ec9nh \u00e1p su\u1ea5t c\u1ee7a b\u00e1nh r\u0103ng \u0111\u00f9n sao cho ph\u00f9 h\u1ee3p nh\u1ea5t v\u1edbi b\u1ea5t k\u1ef3 lo\u1ea1i s\u1ee3i nh\u1ef1a n\u00e0o \u0111\u01b0\u1ee3c ch\u1ecdn.<\/p>\n<p>**M\u1edbi v\u00e0 c\u1ea3i ti\u1ebfn \u1ed1ng d\u1eabn s\u1ee3i nh\u1ef1a (Filament Tubing):<br \/>\n_Cu\u1ed1i c\u00f9ng nh\u01b0ng kh\u00f4ng k\u00e9m ph\u1ea7n quan tr\u1ecdng, M\u00e1y in 3D Creality Ender 5 Pro c\u0169ng bao g\u1ed3m \u1ed1ng d\u1eabn s\u1ee3i nh\u1ef1a m\u1edbi v\u00e0 c\u1ea3i ti\u1ebfn. \u1ed0ng Capricorn Bowden PTFE c\u00f3 \u0111\u01b0\u1eddng k\u00ednh trong 1,9mm \u00b1 0,05mm, gi\u1ea3m b\u1ea5t k\u1ef3 kho\u1ea3ng tr\u1ed1ng d\u01b0 th\u1eeba n\u00e0o v\u00e0 ng\u0103n kh\u00f4ng cho d\u00e2y t\u00f3c b\u1ecb x\u00f4 l\u1ec7ch b\u00ean trong \u1ed1ng. Vi\u1ec7c b\u1ed5 sung \u1ed1ng cao c\u1ea5p n\u00e0y l\u00e0m cho Ender 5 Pro ph\u00f9 h\u1ee3p h\u01a1n \u0111\u1ec3 in v\u1edbi c\u00e1c s\u1ee3i nh\u1ef1a d\u1ebbo linh ho\u1ea1t v\u00e0 c\u00e1c v\u1eadt li\u1ec7u \u0111\u1eb7c bi\u1ec7t kh\u00e1c.<\/p>\n<p>_Ender 5 Pro Printer l\u00e0 d\u1ea1ng m\u00e1y in 3d c\u1ea5u tr\u00fac kh\u1ed1i, \u0111\u01b0\u1ee3c thi\u1ebft k\u1ebf theo tr\u1ee5c Y k\u00e9p, bao g\u1ed3m bo m\u1ea1ch ch\u1ee7 im l\u1eb7ng \u0111\u1ec3 tr\u00e1nh ti\u1ebfng \u1ed3n x\u1ea3y ra, c\u00f9ng v\u1edbi m\u1ed9t n\u1ec1n t\u1ea3ng c\u00f3 th\u1ec3 th\u00e1o r\u1eddi, nh\u1eefng t\u00ednh n\u0103ng n\u00e0y gi\u00fap m\u1edf kh\u00f3a vi\u1ec7c in kh\u00f4ng b\u1ecb gi\u00e1n \u0111o\u1ea1n c\u1ee7a 100% ngu\u1ed3n c\u1ea5p d\u1eef li\u1ec7u s\u1ee3i t\u1eeb \u0111\u1ea7u v\u00e0o.<br \/>\n_M\u1eb7t b\u00e0n in (Platform) T\u1eeb T\u00ednh c\u00f3 th\u1ec3 th\u00e1o r\u1eddi: Ender-5 Pro \u0111\u00e3 s\u1eed d\u1ee5ng m\u1eb7t b\u00e0n t\u1ef1 d\u00ednh c\u1ee7a n\u00f3 \u0111\u1ec3 gi\u00fap d\u1ec5 d\u00e0ng th\u00e1o c\u00e1c m\u00f4 h\u00ecnh m\u00e0 kh\u00f4ng c\u00f3 c\u00e1c khuy\u1ebft \u0111i\u1ec3m kh\u00e1c.<br \/>\n_V\u00e0 n\u00f3 s\u1eed d\u1ee5ng PCB 4 l\u1edbp Creality 3D v\u1edbi b\u1ed9 l\u1ecdc r\u1eafn v\u00e0 t\u1ee5 \u0111i\u1ec7n \u0111\u1ec3 b\u1ea3o v\u1ec7 ESD t\u1ed1t h\u01a1n v\u00e0 hi\u1ec7u su\u1ea5t \u1ed5n \u0111\u1ecbnh h\u01a1n, \u1ed5 \u0111\u0129a si\u00eau y\u00ean t\u0129nh TMC 256 chia nh\u1ecf \u0111\u1ec3 in t\u1ed1t h\u01a1n.<br \/>\n_C\u1ea3m \u1ee9ng th\u00f4ng minh: Thi\u1ebft b\u1ecb b\u1ea3o v\u1ec7 ngu\u1ed3n \u0111i\u1ec7n v\u00e0 ch\u1ee9c n\u0103ng in ti\u1ebfp t\u1ee5c gi\u00fap b\u1ea1n lo\u1ea1i b\u1ecf n\u1ed7i lo m\u1ea5t \u0111i\u1ec7n \u0111\u1ed9t ng\u1ed9t v\u00e0 ti\u1ebft ki\u1ec7m th\u1eddi gian v\u00e0 v\u1eadt li\u1ec7u<br \/>\n_V\u1edbi \u1ed1ng TeflonTube Blue nh\u1eadp kh\u1ea9u v\u00e0 b\u1ed9 ph\u1eadn \u0111\u00f9n kim lo\u1ea1i, gi\u00fap \u1ed5n \u0111\u1ecbnh trong qu\u00e1 tr\u00ecnh n\u1ea1p s\u1ee3i v\u00e0o v\u00e0 ch\u1ed1ng m\u00e0i m\u00f2n, do \u0111\u00f3, ch\u00fang t\u00f4i c\u00f3 th\u1ec3 c\u00f3 \u0111\u01b0\u1ee3c ch\u1ea5t l\u01b0\u1ee3ng in t\u1ed1t h\u01a1n.<\/p>\n<p>**Th\u00f4ng s\u1ed1 k\u1ef9 thu\u1eadt<br \/>\n+Molding Technology: FDM<br \/>\n+Print Size: 220*220*300mm<br \/>\n+Print Method: Online or TF card offline<br \/>\n+File Format: STL\/OBJ\/AMF<br \/>\n+Filament Diameter\uff1a1.75mm<br \/>\n+Ender-5 Pro FDM 3D Printer Hardware<br \/>\n+Machine Size: 552*485*510mm<br \/>\n+N.W. of Machine: 11.8kg<br \/>\n+Number of Nozzle\uff1a 1<br \/>\n+Slice thickness: 0.1mm-0.4mm<br \/>\n+Printing Precision: \u00b10.1mm<br \/>\n+Nozzle Diameter: Standard 0.4m, Optional 0.2\/0.3mm<\/p>\n<p>**\u0110\u1ec3 \u0111\u01b0\u1ee3c nh\u1eadn h\u1ed9 tr\u1ee3 th\u00eam v\u1ec1 Gi\u00e1 v\u00e0 Th\u00f4ng tin c\u1ee7a s\u1ea3n ph\u1ea9m, vui l\u00f2ng li\u00ean h\u1ec7:<br \/>\n0913.939.775 contact A.Quan (for English)<br \/>\n094.144.0951 contact A.Quynh<br \/>\n** Price does not include VAT (+8 or 10% if VAT invoice is issued)<\/p>","protected":false},"excerpt":{"rendered":"<p>Mainboard V4.2.2 im l\u1eb7ng m\u1edbi v\u1edbi tr\u00ecnh \u0111i\u1ec1u khi\u1ec3n TMC2208, cho ph\u00e9p hi\u1ec7u su\u1ea5t in \u00eam h\u01a1n v\u00e0 ch\u00ednh x\u00e1c h\u01a1n, Ender-5 Pro \u0111\u00e3 s\u1eed d\u1ee5ng m\u1eb7t b\u00e0n t\u1ef1 d\u00ednh c\u1ee7a n\u00f3 \u0111\u1ec3 gi\u00fap d\u1ec5 d\u00e0ng th\u00e1o c\u00e1c m\u00f4 h\u00ecnh m\u00e0 kh\u00f4ng c\u00f3 c\u00e1c khuy\u1ebft \u0111i\u1ec3m kh\u00e1c<\/p>","protected":false},"featured_media":3200,"comment_status":"open","ping_status":"closed","template":"","meta":{"inline_featured_image":false},"product_brand":[],"product_cat":[39,51],"product_tag":[],"class_list":{"0":"post-3209","1":"product","2":"type-product","3":"status-publish","4":"has-post-thumbnail","6":"product_cat-may-in-3d","7":"product_cat-may-in-3d-creality","9":"first","10":"instock","11":"sale","12":"taxable","13":"shipping-taxable","14":"purchasable","15":"product-type-simple"},"yoast_head":"<!-- This site is optimized with the Yoast SEO Premium plugin v22.8 (Yoast SEO v26.9) - https:\/\/yoast.com\/product\/yoast-seo-premium-wordpress\/ -->\n<title>M\u00e1y in 3d Creality Ender 5 Pro kh\u1ed5 in 22*22*30cm - NGE 3D Printers Services<\/title>\n<meta name=\"robots\" content=\"index, follow, max-snippet:-1, max-image-preview:large, max-video-preview:-1\" \/>\n<link rel=\"canonical\" href=\"https:\/\/nge.vn\/en\/product\/may-in-3d-creality-ender-5-pro-kho-in-222230cm\/\" \/>\n<meta property=\"og:locale\" content=\"en_US\" \/>\n<meta property=\"og:type\" content=\"article\" \/>\n<meta property=\"og:title\" content=\"M\u00e1y in 3d Creality Ender 5 Pro kh\u1ed5 in 22*22*30cm\" \/>\n<meta property=\"og:description\" content=\"Mainboard V4.2.2 im l\u1eb7ng m\u1edbi v\u1edbi tr\u00ecnh \u0111i\u1ec1u khi\u1ec3n TMC2208, cho ph\u00e9p hi\u1ec7u su\u1ea5t in \u00eam h\u01a1n v\u00e0 ch\u00ednh x\u00e1c h\u01a1n, Ender-5 Pro \u0111\u00e3 s\u1eed d\u1ee5ng m\u1eb7t b\u00e0n t\u1ef1 d\u00ednh c\u1ee7a n\u00f3 \u0111\u1ec3 gi\u00fap d\u1ec5 d\u00e0ng th\u00e1o c\u00e1c m\u00f4 h\u00ecnh m\u00e0 kh\u00f4ng c\u00f3 c\u00e1c khuy\u1ebft \u0111i\u1ec3m kh\u00e1c\" \/>\n<meta property=\"og:url\" content=\"https:\/\/nge.vn\/en\/product\/may-in-3d-creality-ender-5-pro-kho-in-222230cm\/\" \/>\n<meta property=\"og:site_name\" content=\"NGE 3D Printers Services\" \/>\n<meta property=\"article:modified_time\" content=\"2025-09-08T11:31:40+00:00\" \/>\n<meta property=\"og:image\" content=\"https:\/\/nge.vn\/wp-content\/uploads\/2024\/10\/images-upload-woo2F955a83ee5672f9a5ccf64f5fd4da9f18.jpg\" \/>\n\t<meta property=\"og:image:width\" content=\"720\" \/>\n\t<meta property=\"og:image:height\" content=\"720\" \/>\n\t<meta property=\"og:image:type\" content=\"image\/jpeg\" \/>\n<meta name=\"twitter:card\" content=\"summary_large_image\" \/>\n<meta name=\"twitter:label1\" content=\"Est. reading time\" \/>\n\t<meta name=\"twitter:data1\" content=\"4 minutes\" \/>\n<script type=\"application\/ld+json\" class=\"yoast-schema-graph\">{\"@context\":\"https:\/\/schema.org\",\"@graph\":[{\"@type\":\"WebPage\",\"@id\":\"https:\/\/nge.vn\/san-pham\/may-in-3d-creality-ender-5-pro-kho-in-222230cm\/\",\"url\":\"https:\/\/nge.vn\/san-pham\/may-in-3d-creality-ender-5-pro-kho-in-222230cm\/\",\"name\":\"M\u00e1y in 3d Creality Ender 5 Pro kh\u1ed5 in 22*22*30cm - NGE 3D Printers Services\",\"isPartOf\":{\"@id\":\"https:\/\/nge.vn\/#website\"},\"primaryImageOfPage\":{\"@id\":\"https:\/\/nge.vn\/san-pham\/may-in-3d-creality-ender-5-pro-kho-in-222230cm\/#primaryimage\"},\"image\":{\"@id\":\"https:\/\/nge.vn\/san-pham\/may-in-3d-creality-ender-5-pro-kho-in-222230cm\/#primaryimage\"},\"thumbnailUrl\":\"https:\/\/nge.vn\/wp-content\/uploads\/2024\/10\/images-upload-woo2F955a83ee5672f9a5ccf64f5fd4da9f18.jpg\",\"datePublished\":\"2024-10-26T08:05:56+00:00\",\"dateModified\":\"2025-09-08T11:31:40+00:00\",\"breadcrumb\":{\"@id\":\"https:\/\/nge.vn\/san-pham\/may-in-3d-creality-ender-5-pro-kho-in-222230cm\/#breadcrumb\"},\"inLanguage\":\"en-US\",\"potentialAction\":[{\"@type\":\"ReadAction\",\"target\":[\"https:\/\/nge.vn\/san-pham\/may-in-3d-creality-ender-5-pro-kho-in-222230cm\/\"]}]},{\"@type\":\"ImageObject\",\"inLanguage\":\"en-US\",\"@id\":\"https:\/\/nge.vn\/san-pham\/may-in-3d-creality-ender-5-pro-kho-in-222230cm\/#primaryimage\",\"url\":\"https:\/\/nge.vn\/wp-content\/uploads\/2024\/10\/images-upload-woo2F955a83ee5672f9a5ccf64f5fd4da9f18.jpg\",\"contentUrl\":\"https:\/\/nge.vn\/wp-content\/uploads\/2024\/10\/images-upload-woo2F955a83ee5672f9a5ccf64f5fd4da9f18.jpg\",\"width\":720,\"height\":720},{\"@type\":\"BreadcrumbList\",\"@id\":\"https:\/\/nge.vn\/san-pham\/may-in-3d-creality-ender-5-pro-kho-in-222230cm\/#breadcrumb\",\"itemListElement\":[{\"@type\":\"ListItem\",\"position\":1,\"name\":\"Trang ch\u1ee7\",\"item\":\"https:\/\/nge.vn\/\"},{\"@type\":\"ListItem\",\"position\":2,\"name\":\"S\u1ea3n ph\u1ea9m\",\"item\":\"https:\/\/nge.vn\/san-pham\/\"},{\"@type\":\"ListItem\",\"position\":3,\"name\":\"M\u00e1y in 3d Creality Ender 5 Pro kh\u1ed5 in 22*22*30cm\"}]},{\"@type\":\"WebSite\",\"@id\":\"https:\/\/nge.vn\/#website\",\"url\":\"https:\/\/nge.vn\/\",\"name\":\"NGE 3D Printers Services\",\"description\":\"\",\"potentialAction\":[{\"@type\":\"SearchAction\",\"target\":{\"@type\":\"EntryPoint\",\"urlTemplate\":\"https:\/\/nge.vn\/?s={search_term_string}\"},\"query-input\":{\"@type\":\"PropertyValueSpecification\",\"valueRequired\":true,\"valueName\":\"search_term_string\"}}],\"inLanguage\":\"en-US\"}]}<\/script>\n<!-- \/ Yoast SEO Premium plugin. -->","yoast_head_json":{"title":"M\u00e1y in 3d Creality Ender 5 Pro kh\u1ed5 in 22*22*30cm - NGE 3D Printers Services","robots":{"index":"index","follow":"follow","max-snippet":"max-snippet:-1","max-image-preview":"max-image-preview:large","max-video-preview":"max-video-preview:-1"},"canonical":"https:\/\/nge.vn\/en\/product\/may-in-3d-creality-ender-5-pro-kho-in-222230cm\/","og_locale":"en_US","og_type":"article","og_title":"M\u00e1y in 3d Creality Ender 5 Pro kh\u1ed5 in 22*22*30cm","og_description":"Mainboard V4.2.2 im l\u1eb7ng m\u1edbi v\u1edbi tr\u00ecnh \u0111i\u1ec1u khi\u1ec3n TMC2208, cho ph\u00e9p hi\u1ec7u su\u1ea5t in \u00eam h\u01a1n v\u00e0 ch\u00ednh x\u00e1c h\u01a1n, Ender-5 Pro \u0111\u00e3 s\u1eed d\u1ee5ng m\u1eb7t b\u00e0n t\u1ef1 d\u00ednh c\u1ee7a n\u00f3 \u0111\u1ec3 gi\u00fap d\u1ec5 d\u00e0ng th\u00e1o c\u00e1c m\u00f4 h\u00ecnh m\u00e0 kh\u00f4ng c\u00f3 c\u00e1c khuy\u1ebft \u0111i\u1ec3m kh\u00e1c","og_url":"https:\/\/nge.vn\/en\/product\/may-in-3d-creality-ender-5-pro-kho-in-222230cm\/","og_site_name":"NGE 3D Printers Services","article_modified_time":"2025-09-08T11:31:40+00:00","og_image":[{"width":720,"height":720,"url":"https:\/\/nge.vn\/wp-content\/uploads\/2024\/10\/images-upload-woo2F955a83ee5672f9a5ccf64f5fd4da9f18.jpg","type":"image\/jpeg"}],"twitter_card":"summary_large_image","twitter_misc":{"Est. reading time":"4 minutes"},"schema":{"@context":"https:\/\/schema.org","@graph":[{"@type":"WebPage","@id":"https:\/\/nge.vn\/san-pham\/may-in-3d-creality-ender-5-pro-kho-in-222230cm\/","url":"https:\/\/nge.vn\/san-pham\/may-in-3d-creality-ender-5-pro-kho-in-222230cm\/","name":"M\u00e1y in 3d Creality Ender 5 Pro kh\u1ed5 in 22*22*30cm - NGE 3D Printers Services","isPartOf":{"@id":"https:\/\/nge.vn\/#website"},"primaryImageOfPage":{"@id":"https:\/\/nge.vn\/san-pham\/may-in-3d-creality-ender-5-pro-kho-in-222230cm\/#primaryimage"},"image":{"@id":"https:\/\/nge.vn\/san-pham\/may-in-3d-creality-ender-5-pro-kho-in-222230cm\/#primaryimage"},"thumbnailUrl":"https:\/\/nge.vn\/wp-content\/uploads\/2024\/10\/images-upload-woo2F955a83ee5672f9a5ccf64f5fd4da9f18.jpg","datePublished":"2024-10-26T08:05:56+00:00","dateModified":"2025-09-08T11:31:40+00:00","breadcrumb":{"@id":"https:\/\/nge.vn\/san-pham\/may-in-3d-creality-ender-5-pro-kho-in-222230cm\/#breadcrumb"},"inLanguage":"en-US","potentialAction":[{"@type":"ReadAction","target":["https:\/\/nge.vn\/san-pham\/may-in-3d-creality-ender-5-pro-kho-in-222230cm\/"]}]},{"@type":"ImageObject","inLanguage":"en-US","@id":"https:\/\/nge.vn\/san-pham\/may-in-3d-creality-ender-5-pro-kho-in-222230cm\/#primaryimage","url":"https:\/\/nge.vn\/wp-content\/uploads\/2024\/10\/images-upload-woo2F955a83ee5672f9a5ccf64f5fd4da9f18.jpg","contentUrl":"https:\/\/nge.vn\/wp-content\/uploads\/2024\/10\/images-upload-woo2F955a83ee5672f9a5ccf64f5fd4da9f18.jpg","width":720,"height":720},{"@type":"BreadcrumbList","@id":"https:\/\/nge.vn\/san-pham\/may-in-3d-creality-ender-5-pro-kho-in-222230cm\/#breadcrumb","itemListElement":[{"@type":"ListItem","position":1,"name":"Trang ch\u1ee7","item":"https:\/\/nge.vn\/"},{"@type":"ListItem","position":2,"name":"S\u1ea3n ph\u1ea9m","item":"https:\/\/nge.vn\/san-pham\/"},{"@type":"ListItem","position":3,"name":"M\u00e1y in 3d Creality Ender 5 Pro kh\u1ed5 in 22*22*30cm"}]},{"@type":"WebSite","@id":"https:\/\/nge.vn\/#website","url":"https:\/\/nge.vn\/","name":"NGE 3D Printers Services","description":"","potentialAction":[{"@type":"SearchAction","target":{"@type":"EntryPoint","urlTemplate":"https:\/\/nge.vn\/?s={search_term_string}"},"query-input":{"@type":"PropertyValueSpecification","valueRequired":true,"valueName":"search_term_string"}}],"inLanguage":"en-US"}]}},"_links":{"self":[{"href":"https:\/\/nge.vn\/en\/wp-json\/wp\/v2\/product\/3209","targetHints":{"allow":["GET"]}}],"collection":[{"href":"https:\/\/nge.vn\/en\/wp-json\/wp\/v2\/product"}],"about":[{"href":"https:\/\/nge.vn\/en\/wp-json\/wp\/v2\/types\/product"}],"replies":[{"embeddable":true,"href":"https:\/\/nge.vn\/en\/wp-json\/wp\/v2\/comments?post=3209"}],"wp:featuredmedia":[{"embeddable":true,"href":"https:\/\/nge.vn\/en\/wp-json\/wp\/v2\/media\/3200"}],"wp:attachment":[{"href":"https:\/\/nge.vn\/en\/wp-json\/wp\/v2\/media?parent=3209"}],"wp:term":[{"taxonomy":"product_brand","embeddable":true,"href":"https:\/\/nge.vn\/en\/wp-json\/wp\/v2\/product_brand?post=3209"},{"taxonomy":"product_cat","embeddable":true,"href":"https:\/\/nge.vn\/en\/wp-json\/wp\/v2\/product_cat?post=3209"},{"taxonomy":"product_tag","embeddable":true,"href":"https:\/\/nge.vn\/en\/wp-json\/wp\/v2\/product_tag?post=3209"}],"curies":[{"name":"wp","href":"https:\/\/api.w.org\/{rel}","templated":true}]}}