{"id":3195,"date":"2024-10-26T15:03:32","date_gmt":"2024-10-26T08:03:32","guid":{"rendered":"https:\/\/nge.123websitedev.com\/san-pham\/may-in-3d-creality-ender-5-s1-max-300%e2%84%83-va-can-ban-tu-dong-voi-cr-touch-toc-do-in-250-mm-s\/"},"modified":"2024-10-28T15:45:29","modified_gmt":"2024-10-28T08:45:29","slug":"may-in-3d-creality-ender-5-s1-max-300%e2%84%83-va-can-ban-tu-dong-voi-cr-touch-toc-do-in-250-mm-s","status":"publish","type":"product","link":"https:\/\/nge.vn\/en\/product\/may-in-3d-creality-ender-5-s1-max-300%e2%84%83-va-can-ban-tu-dong-voi-cr-touch-toc-do-in-250-mm-s\/","title":{"rendered":"M\u00e1y in 3d Creality Ender 5 S1 max 300\u2103 v\u00e0 c\u00e2n b\u00e0n t\u1ef1 \u0111\u1ed9ng v\u1edbi CR-Touch, T\u1ed1c \u0111\u1ed9 in 250 mm\/s"},"content":{"rendered":"<p>M\u00e1y in 3d Creality Ender 5 S1 nhi\u1ec7t \u0111\u1ed9 in max 300\u2103<br \/>\nEnder-5 S1 \u0111\u01b0\u1ee3c trang b\u1ecb cho t\u1ed1c \u0111\u1ed9 in cao<br \/>\n**C\u00e1c t\u00ednh n\u0103ng ch\u00ednh<br \/>\n+T\u1ed1c \u0111\u1ed9 in 250 mm\/s<br \/>\n+Khung Cube \u1ed5n \u0111\u1ecbnh<br \/>\n+&#8221;Sprite&#8221; M\u00e1y \u0111\u00f9n tr\u1ef1c ti\u1ebfp \u0111\u1ec3 in 300\u00b0C<br \/>\n+CR Touch t\u1ef1 \u0111\u1ed9ng c\u00e2n m\u1eb7t b\u00e0n<br \/>\n+M\u00e0n h\u00ecnh c\u1ea3m \u1ee9ng UI ch\u00e2n th\u1eadt<br \/>\n+Nhi\u1ec1u c\u00e1ch in \u1ea5n<br \/>\n+An to\u00e0n \u0111i\u1ec7n v\u00e0 \u0111\u1ed9 tin c\u1eady<br \/>\n+Ph\u1ee5 ki\u1ec7n t\u00f9y ch\u1ecdn ch\u00ednh h\u00e3ng<\/p>\n<p>_H\u1ec7 th\u1ed1ng chuy\u1ec3n \u0111\u1ed9ng \u0111\u01b0\u1ee3c n\u00e2ng c\u1ea5p \u0111\u1ec3 t\u0103ng t\u1ed1c 2000mm\/s\u00b2 v\u00e0 t\u1ed1c \u0111\u1ed9 in l\u00ean t\u1edbi 250mm\/s (5 l\u1ea7n)*. C\u1ea3m nh\u1eadn t\u1ed1c \u0111\u1ed9 v\u00e0 ni\u1ec1m \u0111am m\u00ea in 3D ngay b\u00e2y gi\u1edd<br \/>\n_M\u1ed7i tr\u1ee5c X\/Y\/Z \u0111\u01b0\u1ee3c \u0111i\u1ec1u khi\u1ec3n b\u1edfi m\u1ed9t \u0111\u1ed9ng c\u01a1 b\u01b0\u1edbc c\u00f3 \u0111\u1ed9 ch\u00ednh x\u00e1c cao. M\u1ed9t tr\u1ee5c truy\u1ec1n \u0111\u1ed9ng b\u1eb1ng th\u00e9p \u0111\u1ed3ng b\u1ed9 h\u00f3a hai \u0111ai tr\u1ee5c Y<br \/>\n_\u0110\u1ed9ng c\u01a1 tr\u1ee5c Y 42-48 m\u00f4-men xo\u1eafn cao cho chuy\u1ec3n \u0111\u1ed9ng nh\u1ea1y v\u00e0 ch\u00ednh x\u00e1c<\/p>\n<p>Hi\u1ec7u qu\u1ea3 cao h\u01a1n v\u00e0 th\u00e2n thi\u1ec7n v\u1edbi m\u00f4i tr\u01b0\u1eddng h\u01a1n<br \/>\nN\u00f3 c\u1eaft gi\u1ea3m th\u1eddi gian in cho t\u1ea5t c\u1ea3 c\u00e1c lo\u1ea1i m\u00f4 h\u00ecnh. Hi\u1ec7u qu\u1ea3 cao h\u01a1n v\u00e0 ti\u00eau th\u1ee5 \u0111i\u1ec7n n\u0103ng \u00edt h\u01a1n<\/p>\n<p>M\u1ed9t khung h\u00ecnh l\u1eadp ph\u01b0\u01a1ng ho\u00e0n to\u00e0n b\u1eb1ng kim lo\u1ea1i ph\u00f9 h\u1ee3p v\u1edbi c\u1ea5u tr\u00fac cartesian c\u1ed5 \u0111i\u1ec3n<br \/>\n\u0110\u1ed9 \u1ed5n \u0111\u1ecbnh \u0111\u01b0\u1ee3c t\u0103ng c\u01b0\u1eddng nh\u1edd c\u00e1c tr\u1ee5c tuy\u1ebfn t\u00ednh d\u00e0y, c\u00e1c mi\u1ebfng \u0111\u1ec7m b\u1ed5 sung, hai c\u00f4ng c\u1ee5 \u0111\u00fac h\u1eabng v\u00e0 gi\u00e1 treo gi\u01b0\u1eddng b\u1eb1ng silicon.<\/p>\n<p>T\u1ef7 l\u1ec7 th\u00e0nh c\u00f4ng 100% khi in trong 1000 gi\u1edd \u1edf t\u1ed1c \u0111\u1ed9 cao 250 mm\/s v\u00e0 chi\u1ec1u cao l\u1edbp 0,2mm*<\/p>\n<p>\u0110\u00f9n tr\u1ef1c ti\u1ebfp th\u00edch \u1ee9ng v\u1edbi s\u1ee3i linh ho\u1ea1t<br \/>\nM\u00e1y \u0111\u00f9n tr\u1ef1c ti\u1ebfp &#8220;Sprite&#8221; ho\u00e0n to\u00e0n b\u1eb1ng kim lo\u1ea1i c\u00f3 c\u00e1c b\u00e1nh r\u0103ng k\u00e9p v\u1edbi t\u1ef7 s\u1ed1 truy\u1ec1n 1:3,5. N\u00f3 cung c\u1ea5p l\u1ef1c \u0111\u00f9n 80N m\u1ea1nh m\u1ebd v\u00e0 \u0111\u1ed3ng \u0111\u1ec1u. T\u1ed1t h\u01a1n nhi\u1ec1u khi in b\u1eb1ng c\u00e1c s\u1ee3i d\u1ebbo nh\u01b0 TPU<\/p>\n<p>+Heatbreak h\u1ee3p kim titan: \u0110\u1ed9 d\u1eabn nhi\u1ec7t th\u1ea5p \u0111\u1ec3 ng\u0103n ch\u1eb7n s\u1ef1 r\u00e3o nhi\u1ec7t. C\u00f3 th\u1ec3 thu\u1ea7n h\u00f3a l\u00ean \u0111\u1ebfn 300\u2103.<br \/>\n+T\u1ea3n nhi\u1ec7t g\u1ee3n s\u00f3ng: Di\u1ec7n t\u00edch b\u1ec1 m\u1eb7t g\u1ea5p 2,5 l\u1ea7n \u0111\u01b0\u1ee3c l\u00e0m m\u00e1t b\u1eb1ng kh\u00f4ng kh\u00ed nhanh ch\u00f3ng b\u1eb1ng qu\u1ea1t h\u01b0\u1edbng tr\u1ee5c kh\u00f4ng g\u00e2y ti\u1ebfng \u1ed3n<br \/>\n+Bu\u1ed3ng n\u00f3ng ch\u1ea3y l\u1edbn: 50mm\u00b3 \u0111\u01b0\u1ee3c bao quanh b\u1edfi kh\u1ed1i gia nhi\u1ec7t l\u1edbn 4000mm\u00b3. N\u00f3 l\u00e0m tan ch\u1ea3y ho\u00e0n to\u00e0n s\u1ee3i nh\u1ef1a \u0111\u1ec3 v\u00e0o nh\u1ef1a tr\u01a1n tru<\/p>\n<p>1.000 gi\u1edd cho \u0103n kh\u00f4ng b\u1ecb t\u1eafc ngh\u1ebdn* D\u1eef li\u1ec7u t\u1eeb Creality Lab<br \/>\nC\u00e1c \u1ed1ng d\u1eabn kh\u00ed &#8220;Urus&#8221; \u0111\u1eb7c bi\u1ec7t d\u1eabn lu\u1ed3ng gi\u00f3 m\u1ea1nh do qu\u1ea1t 5015 l\u1edbn t\u1ea1o ra \u0111\u1ec3 l\u00e0m m\u00e1t tr\u1ef1c ti\u1ebfp ph\u1ea7n in m\u1edbi<br \/>\nV\u1eadt li\u1ec7u n\u00f3ng l\u1eafng \u0111\u1ecdng s\u1ebd c\u1ee9ng l\u1ea1i v\u00e0 li\u00ean k\u1ebft ngay l\u1eadp t\u1ee9c, do \u0111\u00f3 \u00edt b\u1ecb x\u1ec7 ho\u1eb7c cong v\u00eanh do qu\u00e1 n\u00f3ng<br \/>\nN\u00f3 mang l\u1ea1i ph\u1ea7n nh\u00f4 ra t\u1ed1t h\u01a1n, c\u1ea7u n\u1ed1i v\u00e0 nhi\u1ec1u chi ti\u1ebft h\u01a1n v\u1ec1 t\u1ed5ng th\u1ec3<\/p>\n<p>C\u00e2n b\u1eb1ng gi\u01b0\u1eddng nhanh ch\u00f3ng b\u1eb1ng CR Touch t\u1ef1 \u0111\u1ed9ng c\u00e2n b\u1eb1ng v\u00e0 c\u00e2n b\u1eb1ng ph\u1ee5 tr\u1ee3 ho\u1eb7c b\u00f9 chi\u1ec1u cao tr\u1ee5c Z v\u1edbi \u0111\u1ed9 ch\u00ednh x\u00e1c 0,01mm. C\u00f3 \u0111\u01b0\u1ee3c l\u1edbp \u0111\u1ea7u ti\u00ean ho\u00e0n h\u1ea3o v\u1edbi \u00edt r\u1eafc r\u1ed1i h\u01a1n<\/p>\n<p>M\u00e0n h\u00ecnh c\u1ea3m \u1ee9ng 4,3 inch c\u00f3 g\u00f3c nh\u00ecn r\u1ed9ng, ph\u1ea3n h\u1ed3i nh\u1ea1y v\u00e0 giao di\u1ec7n ng\u01b0\u1eddi d\u00f9ng theo tab.<br \/>\nM\u1ed9t trang \u0111i\u1ec1u khi\u1ec3n nhi\u1ec7t \u0111\u1ed9 PID c\u0169ng \u0111\u01b0\u1ee3c th\u00eam v\u00e0o \u0111\u1ec3 \u0111i\u1ec1u ch\u1ec9nh d\u1ec5 d\u00e0ng<\/p>\n<p>B\u1ec1 m\u1eb7t x\u00e2y d\u1ef1ng PC d\u00ednh v\u00e0 c\u00f3 th\u1ec3 u\u1ed1n cong<br \/>\nT\u1ea5m th\u00e9p l\u00f2 xo PC c\u00f3 hai r\u00e3nh v\u00e0 \u0111\u1ebf t\u1eeb t\u00ednh \u0111\u1ec3 l\u1eafp \u0111\u1eb7t nhanh ch\u00f3ng. B\u1ec1 m\u1eb7t PC m\u1edd d\u00ednh v\u00e0o c\u00e1c m\u00f4 h\u00ecnh. V\u00e0, m\u00f4 h\u00ecnh c\u00f3 th\u1ec3 \u0111\u01b0\u1ee3c g\u1ee1 b\u1ecf ngay l\u1eadp t\u1ee9c v\u1edbi m\u1ed9t c\u00fa u\u1ed1n cong nh\u1eb9<\/p>\n<p>**To receive a better price, please contact the shop directly.<br \/>\n0913.939.775 contact A.Quan (for English)<br \/>\n094.144.0951 contact A.Quynh<br \/>\n**Selling price does not include VAT (+10% if VAT invoice is issued)<\/p>","protected":false},"excerpt":{"rendered":"<p>M\u00e1y in 3d Creality Ender 5 S1 max 300\u2103 v\u00e0 c\u00e2n b\u00e0n t\u1ef1 \u0111\u1ed9ng v\u1edbi CR-Touch, T\u1ed1c \u0111\u1ed9 in 250 mm\/s<\/p>","protected":false},"featured_media":3186,"comment_status":"open","ping_status":"closed","template":"","meta":{"inline_featured_image":false},"product_brand":[],"product_cat":[39,51],"product_tag":[],"class_list":{"0":"post-3195","1":"product","2":"type-product","3":"status-publish","4":"has-post-thumbnail","6":"product_cat-may-in-3d","7":"product_cat-may-in-3d-creality","9":"first","10":"instock","11":"taxable","12":"shipping-taxable","13":"purchasable","14":"product-type-variable"},"yoast_head":"<!-- This site is optimized with the Yoast SEO Premium plugin v22.8 (Yoast SEO v26.9) - https:\/\/yoast.com\/product\/yoast-seo-premium-wordpress\/ -->\n<title>M\u00e1y in 3d Creality Ender 5 S1 max 300\u2103 v\u00e0 c\u00e2n b\u00e0n t\u1ef1 \u0111\u1ed9ng v\u1edbi CR-Touch, T\u1ed1c \u0111\u1ed9 in 250 mm\/s - NGE 3D Printers Services<\/title>\n<meta name=\"robots\" content=\"index, follow, max-snippet:-1, max-image-preview:large, max-video-preview:-1\" \/>\n<link rel=\"canonical\" href=\"https:\/\/nge.vn\/en\/product\/may-in-3d-creality-ender-5-s1-max-300\u2103-va-can-ban-tu-dong-voi-cr-touch-toc-do-in-250-mm-s\/\" \/>\n<meta property=\"og:locale\" content=\"en_US\" \/>\n<meta property=\"og:type\" content=\"article\" \/>\n<meta property=\"og:title\" content=\"M\u00e1y in 3d Creality Ender 5 S1 max 300\u2103 v\u00e0 c\u00e2n b\u00e0n t\u1ef1 \u0111\u1ed9ng v\u1edbi CR-Touch, T\u1ed1c \u0111\u1ed9 in 250 mm\/s\" \/>\n<meta property=\"og:description\" content=\"M\u00e1y in 3d Creality Ender 5 S1 max 300\u2103 v\u00e0 c\u00e2n b\u00e0n t\u1ef1 \u0111\u1ed9ng v\u1edbi CR-Touch, T\u1ed1c \u0111\u1ed9 in 250 mm\/s\" \/>\n<meta property=\"og:url\" content=\"https:\/\/nge.vn\/en\/product\/may-in-3d-creality-ender-5-s1-max-300\u2103-va-can-ban-tu-dong-voi-cr-touch-toc-do-in-250-mm-s\/\" \/>\n<meta property=\"og:site_name\" content=\"NGE 3D Printers Services\" \/>\n<meta property=\"article:modified_time\" content=\"2024-10-28T08:45:29+00:00\" \/>\n<meta property=\"og:image\" content=\"https:\/\/nge.vn\/wp-content\/uploads\/2024\/10\/images-upload-woo2Ffb256f61c7bd1ddafd2a47c68b411460.jpg\" \/>\n\t<meta property=\"og:image:width\" content=\"517\" \/>\n\t<meta property=\"og:image:height\" content=\"517\" \/>\n\t<meta property=\"og:image:type\" content=\"image\/jpeg\" \/>\n<meta name=\"twitter:card\" content=\"summary_large_image\" \/>\n<meta name=\"twitter:label1\" content=\"Est. reading time\" \/>\n\t<meta name=\"twitter:data1\" content=\"5 minutes\" \/>\n<script type=\"application\/ld+json\" class=\"yoast-schema-graph\">{\"@context\":\"https:\/\/schema.org\",\"@graph\":[{\"@type\":\"WebPage\",\"@id\":\"https:\/\/nge.vn\/san-pham\/may-in-3d-creality-ender-5-s1-max-300%e2%84%83-va-can-ban-tu-dong-voi-cr-touch-toc-do-in-250-mm-s\/\",\"url\":\"https:\/\/nge.vn\/san-pham\/may-in-3d-creality-ender-5-s1-max-300%e2%84%83-va-can-ban-tu-dong-voi-cr-touch-toc-do-in-250-mm-s\/\",\"name\":\"M\u00e1y in 3d Creality Ender 5 S1 max 300\u2103 v\u00e0 c\u00e2n b\u00e0n t\u1ef1 \u0111\u1ed9ng v\u1edbi CR-Touch, T\u1ed1c \u0111\u1ed9 in 250 mm\/s - NGE 3D Printers Services\",\"isPartOf\":{\"@id\":\"https:\/\/nge.vn\/#website\"},\"primaryImageOfPage\":{\"@id\":\"https:\/\/nge.vn\/san-pham\/may-in-3d-creality-ender-5-s1-max-300%e2%84%83-va-can-ban-tu-dong-voi-cr-touch-toc-do-in-250-mm-s\/#primaryimage\"},\"image\":{\"@id\":\"https:\/\/nge.vn\/san-pham\/may-in-3d-creality-ender-5-s1-max-300%e2%84%83-va-can-ban-tu-dong-voi-cr-touch-toc-do-in-250-mm-s\/#primaryimage\"},\"thumbnailUrl\":\"https:\/\/nge.vn\/wp-content\/uploads\/2024\/10\/images-upload-woo2Ffb256f61c7bd1ddafd2a47c68b411460.jpg\",\"datePublished\":\"2024-10-26T08:03:32+00:00\",\"dateModified\":\"2024-10-28T08:45:29+00:00\",\"breadcrumb\":{\"@id\":\"https:\/\/nge.vn\/san-pham\/may-in-3d-creality-ender-5-s1-max-300%e2%84%83-va-can-ban-tu-dong-voi-cr-touch-toc-do-in-250-mm-s\/#breadcrumb\"},\"inLanguage\":\"en-US\",\"potentialAction\":[{\"@type\":\"ReadAction\",\"target\":[\"https:\/\/nge.vn\/san-pham\/may-in-3d-creality-ender-5-s1-max-300%e2%84%83-va-can-ban-tu-dong-voi-cr-touch-toc-do-in-250-mm-s\/\"]}]},{\"@type\":\"ImageObject\",\"inLanguage\":\"en-US\",\"@id\":\"https:\/\/nge.vn\/san-pham\/may-in-3d-creality-ender-5-s1-max-300%e2%84%83-va-can-ban-tu-dong-voi-cr-touch-toc-do-in-250-mm-s\/#primaryimage\",\"url\":\"https:\/\/nge.vn\/wp-content\/uploads\/2024\/10\/images-upload-woo2Ffb256f61c7bd1ddafd2a47c68b411460.jpg\",\"contentUrl\":\"https:\/\/nge.vn\/wp-content\/uploads\/2024\/10\/images-upload-woo2Ffb256f61c7bd1ddafd2a47c68b411460.jpg\",\"width\":517,\"height\":517},{\"@type\":\"BreadcrumbList\",\"@id\":\"https:\/\/nge.vn\/san-pham\/may-in-3d-creality-ender-5-s1-max-300%e2%84%83-va-can-ban-tu-dong-voi-cr-touch-toc-do-in-250-mm-s\/#breadcrumb\",\"itemListElement\":[{\"@type\":\"ListItem\",\"position\":1,\"name\":\"Trang ch\u1ee7\",\"item\":\"https:\/\/nge.vn\/\"},{\"@type\":\"ListItem\",\"position\":2,\"name\":\"S\u1ea3n ph\u1ea9m\",\"item\":\"https:\/\/nge.vn\/san-pham\/\"},{\"@type\":\"ListItem\",\"position\":3,\"name\":\"M\u00e1y in 3d Creality Ender 5 S1 max 300\u2103 v\u00e0 c\u00e2n b\u00e0n t\u1ef1 \u0111\u1ed9ng v\u1edbi CR-Touch, T\u1ed1c \u0111\u1ed9 in 250 mm\/s\"}]},{\"@type\":\"WebSite\",\"@id\":\"https:\/\/nge.vn\/#website\",\"url\":\"https:\/\/nge.vn\/\",\"name\":\"NGE 3D Printers Services\",\"description\":\"\",\"potentialAction\":[{\"@type\":\"SearchAction\",\"target\":{\"@type\":\"EntryPoint\",\"urlTemplate\":\"https:\/\/nge.vn\/?s={search_term_string}\"},\"query-input\":{\"@type\":\"PropertyValueSpecification\",\"valueRequired\":true,\"valueName\":\"search_term_string\"}}],\"inLanguage\":\"en-US\"}]}<\/script>\n<!-- \/ Yoast SEO Premium plugin. -->","yoast_head_json":{"title":"M\u00e1y in 3d Creality Ender 5 S1 max 300\u2103 v\u00e0 c\u00e2n b\u00e0n t\u1ef1 \u0111\u1ed9ng v\u1edbi CR-Touch, T\u1ed1c \u0111\u1ed9 in 250 mm\/s - NGE 3D Printers Services","robots":{"index":"index","follow":"follow","max-snippet":"max-snippet:-1","max-image-preview":"max-image-preview:large","max-video-preview":"max-video-preview:-1"},"canonical":"https:\/\/nge.vn\/en\/product\/may-in-3d-creality-ender-5-s1-max-300\u2103-va-can-ban-tu-dong-voi-cr-touch-toc-do-in-250-mm-s\/","og_locale":"en_US","og_type":"article","og_title":"M\u00e1y in 3d Creality Ender 5 S1 max 300\u2103 v\u00e0 c\u00e2n b\u00e0n t\u1ef1 \u0111\u1ed9ng v\u1edbi CR-Touch, T\u1ed1c \u0111\u1ed9 in 250 mm\/s","og_description":"M\u00e1y in 3d Creality Ender 5 S1 max 300\u2103 v\u00e0 c\u00e2n b\u00e0n t\u1ef1 \u0111\u1ed9ng v\u1edbi CR-Touch, T\u1ed1c \u0111\u1ed9 in 250 mm\/s","og_url":"https:\/\/nge.vn\/en\/product\/may-in-3d-creality-ender-5-s1-max-300\u2103-va-can-ban-tu-dong-voi-cr-touch-toc-do-in-250-mm-s\/","og_site_name":"NGE 3D Printers Services","article_modified_time":"2024-10-28T08:45:29+00:00","og_image":[{"width":517,"height":517,"url":"https:\/\/nge.vn\/wp-content\/uploads\/2024\/10\/images-upload-woo2Ffb256f61c7bd1ddafd2a47c68b411460.jpg","type":"image\/jpeg"}],"twitter_card":"summary_large_image","twitter_misc":{"Est. reading time":"5 minutes"},"schema":{"@context":"https:\/\/schema.org","@graph":[{"@type":"WebPage","@id":"https:\/\/nge.vn\/san-pham\/may-in-3d-creality-ender-5-s1-max-300%e2%84%83-va-can-ban-tu-dong-voi-cr-touch-toc-do-in-250-mm-s\/","url":"https:\/\/nge.vn\/san-pham\/may-in-3d-creality-ender-5-s1-max-300%e2%84%83-va-can-ban-tu-dong-voi-cr-touch-toc-do-in-250-mm-s\/","name":"M\u00e1y in 3d Creality Ender 5 S1 max 300\u2103 v\u00e0 c\u00e2n b\u00e0n t\u1ef1 \u0111\u1ed9ng v\u1edbi CR-Touch, T\u1ed1c \u0111\u1ed9 in 250 mm\/s - NGE 3D Printers Services","isPartOf":{"@id":"https:\/\/nge.vn\/#website"},"primaryImageOfPage":{"@id":"https:\/\/nge.vn\/san-pham\/may-in-3d-creality-ender-5-s1-max-300%e2%84%83-va-can-ban-tu-dong-voi-cr-touch-toc-do-in-250-mm-s\/#primaryimage"},"image":{"@id":"https:\/\/nge.vn\/san-pham\/may-in-3d-creality-ender-5-s1-max-300%e2%84%83-va-can-ban-tu-dong-voi-cr-touch-toc-do-in-250-mm-s\/#primaryimage"},"thumbnailUrl":"https:\/\/nge.vn\/wp-content\/uploads\/2024\/10\/images-upload-woo2Ffb256f61c7bd1ddafd2a47c68b411460.jpg","datePublished":"2024-10-26T08:03:32+00:00","dateModified":"2024-10-28T08:45:29+00:00","breadcrumb":{"@id":"https:\/\/nge.vn\/san-pham\/may-in-3d-creality-ender-5-s1-max-300%e2%84%83-va-can-ban-tu-dong-voi-cr-touch-toc-do-in-250-mm-s\/#breadcrumb"},"inLanguage":"en-US","potentialAction":[{"@type":"ReadAction","target":["https:\/\/nge.vn\/san-pham\/may-in-3d-creality-ender-5-s1-max-300%e2%84%83-va-can-ban-tu-dong-voi-cr-touch-toc-do-in-250-mm-s\/"]}]},{"@type":"ImageObject","inLanguage":"en-US","@id":"https:\/\/nge.vn\/san-pham\/may-in-3d-creality-ender-5-s1-max-300%e2%84%83-va-can-ban-tu-dong-voi-cr-touch-toc-do-in-250-mm-s\/#primaryimage","url":"https:\/\/nge.vn\/wp-content\/uploads\/2024\/10\/images-upload-woo2Ffb256f61c7bd1ddafd2a47c68b411460.jpg","contentUrl":"https:\/\/nge.vn\/wp-content\/uploads\/2024\/10\/images-upload-woo2Ffb256f61c7bd1ddafd2a47c68b411460.jpg","width":517,"height":517},{"@type":"BreadcrumbList","@id":"https:\/\/nge.vn\/san-pham\/may-in-3d-creality-ender-5-s1-max-300%e2%84%83-va-can-ban-tu-dong-voi-cr-touch-toc-do-in-250-mm-s\/#breadcrumb","itemListElement":[{"@type":"ListItem","position":1,"name":"Trang ch\u1ee7","item":"https:\/\/nge.vn\/"},{"@type":"ListItem","position":2,"name":"S\u1ea3n ph\u1ea9m","item":"https:\/\/nge.vn\/san-pham\/"},{"@type":"ListItem","position":3,"name":"M\u00e1y in 3d Creality Ender 5 S1 max 300\u2103 v\u00e0 c\u00e2n b\u00e0n t\u1ef1 \u0111\u1ed9ng v\u1edbi CR-Touch, T\u1ed1c \u0111\u1ed9 in 250 mm\/s"}]},{"@type":"WebSite","@id":"https:\/\/nge.vn\/#website","url":"https:\/\/nge.vn\/","name":"NGE 3D Printers Services","description":"","potentialAction":[{"@type":"SearchAction","target":{"@type":"EntryPoint","urlTemplate":"https:\/\/nge.vn\/?s={search_term_string}"},"query-input":{"@type":"PropertyValueSpecification","valueRequired":true,"valueName":"search_term_string"}}],"inLanguage":"en-US"}]}},"_links":{"self":[{"href":"https:\/\/nge.vn\/en\/wp-json\/wp\/v2\/product\/3195","targetHints":{"allow":["GET"]}}],"collection":[{"href":"https:\/\/nge.vn\/en\/wp-json\/wp\/v2\/product"}],"about":[{"href":"https:\/\/nge.vn\/en\/wp-json\/wp\/v2\/types\/product"}],"replies":[{"embeddable":true,"href":"https:\/\/nge.vn\/en\/wp-json\/wp\/v2\/comments?post=3195"}],"wp:featuredmedia":[{"embeddable":true,"href":"https:\/\/nge.vn\/en\/wp-json\/wp\/v2\/media\/3186"}],"wp:attachment":[{"href":"https:\/\/nge.vn\/en\/wp-json\/wp\/v2\/media?parent=3195"}],"wp:term":[{"taxonomy":"product_brand","embeddable":true,"href":"https:\/\/nge.vn\/en\/wp-json\/wp\/v2\/product_brand?post=3195"},{"taxonomy":"product_cat","embeddable":true,"href":"https:\/\/nge.vn\/en\/wp-json\/wp\/v2\/product_cat?post=3195"},{"taxonomy":"product_tag","embeddable":true,"href":"https:\/\/nge.vn\/en\/wp-json\/wp\/v2\/product_tag?post=3195"}],"curies":[{"name":"wp","href":"https:\/\/api.w.org\/{rel}","templated":true}]}}