{"id":3181,"date":"2024-10-26T15:01:55","date_gmt":"2024-10-26T08:01:55","guid":{"rendered":"https:\/\/nge.123websitedev.com\/san-pham\/nhua-in-3d-chiu-nhiet-cao-esun-epcpolycarbonate-500g-cuon\/"},"modified":"2024-10-29T14:21:44","modified_gmt":"2024-10-29T07:21:44","slug":"nhua-in-3d-chiu-nhiet-cao-esun-epcpolycarbonate-500g-cuon","status":"publish","type":"product","link":"https:\/\/nge.vn\/en\/product\/nhua-in-3d-chiu-nhiet-cao-esun-epcpolycarbonate-500g-cuon\/","title":{"rendered":"Nh\u1ef1a in 3d ch\u1ecbu nhi\u1ec7t cao eSun ePC(Polycarbonate) 500g\/ Cu\u1ed9n"},"content":{"rendered":"<p>Nh\u1ef1a in 3d ch\u1ecbu nhi\u1ec7t cao eSun ePC(Polycarbonate)<br \/>\nV\u1eadt li\u1ec7u in 3D c\u00f3 \u0111\u1eb7c t\u00ednh c\u01a1 h\u1ecdc \u01b0u vi\u1ec7t, \u0111\u1ed9 d\u1ebbo dai v\u00e0 kh\u1ea3 n\u0103ng ch\u1ed1ng va \u0111\u1eadp cao, \u1ed5n \u0111\u1ecbnh v\u00e0 b\u1ec1n b\u1ec9;<br \/>\nCh\u1ecbu nhi\u1ec7t \u0111\u1ed9 cao, nhi\u1ec7t \u0111\u1ed9 bi\u1ebfn d\u1ea1ng nhi\u1ec7t l\u00ean t\u1edbi 80\u2103.<\/p>\n<p>+\u0110\u1ed9 d\u1ebbo dai cao<br \/>\n+Kh\u1ea3 n\u0103ng ch\u1ed1ng va \u0111\u1eadp cao<br \/>\n+Kh\u1ea3 n\u0103ng ch\u1ecbu nhi\u1ec7t<\/p>\n<p>\u1ee8ng d\u1ee5ng: C\u01a1 kh\u00ed; \u00f4 t\u00f4; \u0110i\u1ec7n v\u00e0 \u0111i\u1ec7n t\u1eed<\/p>\n<p> _Filament Properties Table<br \/>\n+3D PRINTING FILAMENT\tePC<br \/>\n+Density(g\/cm3)\t1.12<br \/>\n+Heat Distortion Temp(\u2103,0.45MPa)\t80<br \/>\n+Melt Flow Index(g\/10min)\t19.5(300\u2103\/1.2kg)<br \/>\n+Tensile Strength(MPa)\t54.88<br \/>\n+Elongation at Break(%)\t150.24<br \/>\n+Flexural Strength(MPa)\t63.41<br \/>\n+Flexural Modulus(MPa)\t1073<br \/>\n+IZOD Impact Strength(kJ\/\u33a1)\t13.2<br \/>\n+Durability\t10\/10<br \/>\n+Printability\t6\/10<br \/>\n+Recommended printing parameters<br \/>\n+Extruder Temperature(\u2103)\t240 \u2013 270\u2103<br \/>\n+Recommended temperature\uff1a260\u2103<br \/>\n+Bed temperature(\u2103)\t 80 \u2013 120\u00b0C<br \/>\n+Fan Speed\t 0%<br \/>\n+Printing Speed\t 20 \u2013 50mm\/s<br \/>\n+Heated Bed\t Required<br \/>\n+Recommended Build Surfaces\tPVP solid glue, PEI<\/p>\n<p>***In khuy\u1ebfn ngh\u1ecb: S\u1ea5y kh\u00f4 \u1edf 70\u2103\/ 6h<\/p>\n<p>1. T\u1ed1t h\u01a1n h\u1ebft b\u1ea1n n\u00ean l\u00e0m kh\u00f4 d\u00e2y t\u00f3c ePC tr\u01b0\u1edbc khi in (70\u2103 \/&gt; 6H). N\u00ean s\u1eed d\u1ee5ng eBOX khi in d\u00e2y t\u00f3c ePC.<br \/>\n2. \u0110\u1ed9 rung c\u1ee7a v\u1eadt li\u1ec7u ePC cao. V\u00ec v\u1eady, vui l\u00f2ng s\u1eed d\u1ee5ng m\u00e1y in c\u00f3 bu\u1ed3ng k\u00edn \u0111\u1ec3 in d\u00e2y t\u00f3c ePC.<\/p>\n<p>**To receive a better price, please contact the shop directly.<br \/>\n     0913.939.775 contact A.Quan (for English)<br \/>\n     094.144.0951 contact A.Quynh<br \/>\n**Selling price does not include VAT (+10% if VAT invoice is issued)<\/p>","protected":false},"excerpt":{"rendered":"<p>Nh\u1ef1a in 3d ch\u1ecbu nhi\u1ec7t cao eSun ePC(Polycarbonate) 500g\/ Cu\u1ed9n<\/p>","protected":false},"featured_media":3172,"comment_status":"open","ping_status":"closed","template":"","meta":{"inline_featured_image":false},"product_brand":[],"product_cat":[455,464],"product_tag":[],"class_list":{"0":"post-3181","1":"product","2":"type-product","3":"status-publish","4":"has-post-thumbnail","6":"product_cat-nhua-in-3d","7":"product_cat-nhua-in-3d-resin-esun","9":"first","10":"instock","11":"taxable","12":"shipping-taxable","13":"purchasable","14":"product-type-variable"},"yoast_head":"<!-- This site is optimized with the Yoast SEO Premium plugin v22.8 (Yoast SEO v26.9) - https:\/\/yoast.com\/product\/yoast-seo-premium-wordpress\/ -->\n<title>Nh\u1ef1a in 3d ch\u1ecbu nhi\u1ec7t cao eSun ePC(Polycarbonate) 500g\/ Cu\u1ed9n - NGE 3D Printers Services<\/title>\n<meta name=\"robots\" content=\"index, follow, max-snippet:-1, max-image-preview:large, max-video-preview:-1\" \/>\n<link rel=\"canonical\" href=\"https:\/\/nge.vn\/en\/product\/nhua-in-3d-chiu-nhiet-cao-esun-epcpolycarbonate-500g-cuon\/\" \/>\n<meta property=\"og:locale\" content=\"en_US\" \/>\n<meta property=\"og:type\" content=\"article\" \/>\n<meta property=\"og:title\" content=\"Nh\u1ef1a in 3d ch\u1ecbu nhi\u1ec7t cao eSun ePC(Polycarbonate) 500g\/ Cu\u1ed9n\" \/>\n<meta property=\"og:description\" content=\"Nh\u1ef1a in 3d ch\u1ecbu nhi\u1ec7t cao eSun ePC(Polycarbonate) 500g\/ Cu\u1ed9n\" \/>\n<meta property=\"og:url\" content=\"https:\/\/nge.vn\/en\/product\/nhua-in-3d-chiu-nhiet-cao-esun-epcpolycarbonate-500g-cuon\/\" \/>\n<meta property=\"og:site_name\" content=\"NGE 3D Printers Services\" \/>\n<meta property=\"article:modified_time\" content=\"2024-10-29T07:21:44+00:00\" \/>\n<meta property=\"og:image\" content=\"https:\/\/nge.vn\/wp-content\/uploads\/2024\/10\/images-upload-woo2F889cd2f21ffaa91f375163c2a3a215db.jpg\" \/>\n\t<meta property=\"og:image:width\" content=\"846\" \/>\n\t<meta property=\"og:image:height\" content=\"846\" \/>\n\t<meta property=\"og:image:type\" content=\"image\/jpeg\" \/>\n<meta name=\"twitter:card\" content=\"summary_large_image\" \/>\n<meta name=\"twitter:label1\" content=\"Est. reading time\" \/>\n\t<meta name=\"twitter:data1\" content=\"1 minute\" \/>\n<script type=\"application\/ld+json\" class=\"yoast-schema-graph\">{\"@context\":\"https:\/\/schema.org\",\"@graph\":[{\"@type\":\"WebPage\",\"@id\":\"https:\/\/nge.vn\/san-pham\/nhua-in-3d-chiu-nhiet-cao-esun-epcpolycarbonate-500g-cuon\/\",\"url\":\"https:\/\/nge.vn\/san-pham\/nhua-in-3d-chiu-nhiet-cao-esun-epcpolycarbonate-500g-cuon\/\",\"name\":\"Nh\u1ef1a in 3d ch\u1ecbu nhi\u1ec7t cao eSun ePC(Polycarbonate) 500g\/ Cu\u1ed9n - NGE 3D Printers Services\",\"isPartOf\":{\"@id\":\"https:\/\/nge.vn\/#website\"},\"primaryImageOfPage\":{\"@id\":\"https:\/\/nge.vn\/san-pham\/nhua-in-3d-chiu-nhiet-cao-esun-epcpolycarbonate-500g-cuon\/#primaryimage\"},\"image\":{\"@id\":\"https:\/\/nge.vn\/san-pham\/nhua-in-3d-chiu-nhiet-cao-esun-epcpolycarbonate-500g-cuon\/#primaryimage\"},\"thumbnailUrl\":\"https:\/\/nge.vn\/wp-content\/uploads\/2024\/10\/images-upload-woo2F889cd2f21ffaa91f375163c2a3a215db.jpg\",\"datePublished\":\"2024-10-26T08:01:55+00:00\",\"dateModified\":\"2024-10-29T07:21:44+00:00\",\"breadcrumb\":{\"@id\":\"https:\/\/nge.vn\/san-pham\/nhua-in-3d-chiu-nhiet-cao-esun-epcpolycarbonate-500g-cuon\/#breadcrumb\"},\"inLanguage\":\"en-US\",\"potentialAction\":[{\"@type\":\"ReadAction\",\"target\":[\"https:\/\/nge.vn\/san-pham\/nhua-in-3d-chiu-nhiet-cao-esun-epcpolycarbonate-500g-cuon\/\"]}]},{\"@type\":\"ImageObject\",\"inLanguage\":\"en-US\",\"@id\":\"https:\/\/nge.vn\/san-pham\/nhua-in-3d-chiu-nhiet-cao-esun-epcpolycarbonate-500g-cuon\/#primaryimage\",\"url\":\"https:\/\/nge.vn\/wp-content\/uploads\/2024\/10\/images-upload-woo2F889cd2f21ffaa91f375163c2a3a215db.jpg\",\"contentUrl\":\"https:\/\/nge.vn\/wp-content\/uploads\/2024\/10\/images-upload-woo2F889cd2f21ffaa91f375163c2a3a215db.jpg\",\"width\":846,\"height\":846},{\"@type\":\"BreadcrumbList\",\"@id\":\"https:\/\/nge.vn\/san-pham\/nhua-in-3d-chiu-nhiet-cao-esun-epcpolycarbonate-500g-cuon\/#breadcrumb\",\"itemListElement\":[{\"@type\":\"ListItem\",\"position\":1,\"name\":\"Trang ch\u1ee7\",\"item\":\"https:\/\/nge.vn\/\"},{\"@type\":\"ListItem\",\"position\":2,\"name\":\"S\u1ea3n ph\u1ea9m\",\"item\":\"https:\/\/nge.vn\/san-pham\/\"},{\"@type\":\"ListItem\",\"position\":3,\"name\":\"Nh\u1ef1a in 3d ch\u1ecbu nhi\u1ec7t cao eSun ePC(Polycarbonate) 500g\/ Cu\u1ed9n\"}]},{\"@type\":\"WebSite\",\"@id\":\"https:\/\/nge.vn\/#website\",\"url\":\"https:\/\/nge.vn\/\",\"name\":\"NGE 3D Printers Services\",\"description\":\"\",\"potentialAction\":[{\"@type\":\"SearchAction\",\"target\":{\"@type\":\"EntryPoint\",\"urlTemplate\":\"https:\/\/nge.vn\/?s={search_term_string}\"},\"query-input\":{\"@type\":\"PropertyValueSpecification\",\"valueRequired\":true,\"valueName\":\"search_term_string\"}}],\"inLanguage\":\"en-US\"}]}<\/script>\n<!-- \/ Yoast SEO Premium plugin. -->","yoast_head_json":{"title":"Nh\u1ef1a in 3d ch\u1ecbu nhi\u1ec7t cao eSun ePC(Polycarbonate) 500g\/ Cu\u1ed9n - NGE 3D Printers Services","robots":{"index":"index","follow":"follow","max-snippet":"max-snippet:-1","max-image-preview":"max-image-preview:large","max-video-preview":"max-video-preview:-1"},"canonical":"https:\/\/nge.vn\/en\/product\/nhua-in-3d-chiu-nhiet-cao-esun-epcpolycarbonate-500g-cuon\/","og_locale":"en_US","og_type":"article","og_title":"Nh\u1ef1a in 3d ch\u1ecbu nhi\u1ec7t cao eSun ePC(Polycarbonate) 500g\/ Cu\u1ed9n","og_description":"Nh\u1ef1a in 3d ch\u1ecbu nhi\u1ec7t cao eSun ePC(Polycarbonate) 500g\/ Cu\u1ed9n","og_url":"https:\/\/nge.vn\/en\/product\/nhua-in-3d-chiu-nhiet-cao-esun-epcpolycarbonate-500g-cuon\/","og_site_name":"NGE 3D Printers Services","article_modified_time":"2024-10-29T07:21:44+00:00","og_image":[{"width":846,"height":846,"url":"https:\/\/nge.vn\/wp-content\/uploads\/2024\/10\/images-upload-woo2F889cd2f21ffaa91f375163c2a3a215db.jpg","type":"image\/jpeg"}],"twitter_card":"summary_large_image","twitter_misc":{"Est. reading time":"1 minute"},"schema":{"@context":"https:\/\/schema.org","@graph":[{"@type":"WebPage","@id":"https:\/\/nge.vn\/san-pham\/nhua-in-3d-chiu-nhiet-cao-esun-epcpolycarbonate-500g-cuon\/","url":"https:\/\/nge.vn\/san-pham\/nhua-in-3d-chiu-nhiet-cao-esun-epcpolycarbonate-500g-cuon\/","name":"Nh\u1ef1a in 3d ch\u1ecbu nhi\u1ec7t cao eSun ePC(Polycarbonate) 500g\/ Cu\u1ed9n - NGE 3D Printers Services","isPartOf":{"@id":"https:\/\/nge.vn\/#website"},"primaryImageOfPage":{"@id":"https:\/\/nge.vn\/san-pham\/nhua-in-3d-chiu-nhiet-cao-esun-epcpolycarbonate-500g-cuon\/#primaryimage"},"image":{"@id":"https:\/\/nge.vn\/san-pham\/nhua-in-3d-chiu-nhiet-cao-esun-epcpolycarbonate-500g-cuon\/#primaryimage"},"thumbnailUrl":"https:\/\/nge.vn\/wp-content\/uploads\/2024\/10\/images-upload-woo2F889cd2f21ffaa91f375163c2a3a215db.jpg","datePublished":"2024-10-26T08:01:55+00:00","dateModified":"2024-10-29T07:21:44+00:00","breadcrumb":{"@id":"https:\/\/nge.vn\/san-pham\/nhua-in-3d-chiu-nhiet-cao-esun-epcpolycarbonate-500g-cuon\/#breadcrumb"},"inLanguage":"en-US","potentialAction":[{"@type":"ReadAction","target":["https:\/\/nge.vn\/san-pham\/nhua-in-3d-chiu-nhiet-cao-esun-epcpolycarbonate-500g-cuon\/"]}]},{"@type":"ImageObject","inLanguage":"en-US","@id":"https:\/\/nge.vn\/san-pham\/nhua-in-3d-chiu-nhiet-cao-esun-epcpolycarbonate-500g-cuon\/#primaryimage","url":"https:\/\/nge.vn\/wp-content\/uploads\/2024\/10\/images-upload-woo2F889cd2f21ffaa91f375163c2a3a215db.jpg","contentUrl":"https:\/\/nge.vn\/wp-content\/uploads\/2024\/10\/images-upload-woo2F889cd2f21ffaa91f375163c2a3a215db.jpg","width":846,"height":846},{"@type":"BreadcrumbList","@id":"https:\/\/nge.vn\/san-pham\/nhua-in-3d-chiu-nhiet-cao-esun-epcpolycarbonate-500g-cuon\/#breadcrumb","itemListElement":[{"@type":"ListItem","position":1,"name":"Trang ch\u1ee7","item":"https:\/\/nge.vn\/"},{"@type":"ListItem","position":2,"name":"S\u1ea3n ph\u1ea9m","item":"https:\/\/nge.vn\/san-pham\/"},{"@type":"ListItem","position":3,"name":"Nh\u1ef1a in 3d ch\u1ecbu nhi\u1ec7t cao eSun ePC(Polycarbonate) 500g\/ Cu\u1ed9n"}]},{"@type":"WebSite","@id":"https:\/\/nge.vn\/#website","url":"https:\/\/nge.vn\/","name":"NGE 3D Printers Services","description":"","potentialAction":[{"@type":"SearchAction","target":{"@type":"EntryPoint","urlTemplate":"https:\/\/nge.vn\/?s={search_term_string}"},"query-input":{"@type":"PropertyValueSpecification","valueRequired":true,"valueName":"search_term_string"}}],"inLanguage":"en-US"}]}},"_links":{"self":[{"href":"https:\/\/nge.vn\/en\/wp-json\/wp\/v2\/product\/3181","targetHints":{"allow":["GET"]}}],"collection":[{"href":"https:\/\/nge.vn\/en\/wp-json\/wp\/v2\/product"}],"about":[{"href":"https:\/\/nge.vn\/en\/wp-json\/wp\/v2\/types\/product"}],"replies":[{"embeddable":true,"href":"https:\/\/nge.vn\/en\/wp-json\/wp\/v2\/comments?post=3181"}],"wp:featuredmedia":[{"embeddable":true,"href":"https:\/\/nge.vn\/en\/wp-json\/wp\/v2\/media\/3172"}],"wp:attachment":[{"href":"https:\/\/nge.vn\/en\/wp-json\/wp\/v2\/media?parent=3181"}],"wp:term":[{"taxonomy":"product_brand","embeddable":true,"href":"https:\/\/nge.vn\/en\/wp-json\/wp\/v2\/product_brand?post=3181"},{"taxonomy":"product_cat","embeddable":true,"href":"https:\/\/nge.vn\/en\/wp-json\/wp\/v2\/product_cat?post=3181"},{"taxonomy":"product_tag","embeddable":true,"href":"https:\/\/nge.vn\/en\/wp-json\/wp\/v2\/product_tag?post=3181"}],"curies":[{"name":"wp","href":"https:\/\/api.w.org\/{rel}","templated":true}]}}