{"id":3168,"date":"2024-10-26T14:59:50","date_gmt":"2024-10-26T07:59:50","guid":{"rendered":"https:\/\/nge.123websitedev.com\/san-pham\/may-in-3d-creality-k1-max-toc-do-cao-va-do-chinh-xac-cao-vung-in-303030cm\/"},"modified":"2026-02-27T17:36:26","modified_gmt":"2026-02-27T10:36:26","slug":"may-in-3d-creality-k1-max-toc-do-cao-va-do-chinh-xac-cao-vung-in-303030cm","status":"publish","type":"product","link":"https:\/\/nge.vn\/en\/product\/may-in-3d-creality-k1-max-toc-do-cao-va-do-chinh-xac-cao-vung-in-303030cm\/","title":{"rendered":"M\u00e1y in 3d Creality K1 MAX \u0111\u1ed9 ch\u00ednh x\u00e1c cao size 30*30*30cm"},"content":{"rendered":"<p>M\u00e1y in 3d FDM Creality K1 MAX t\u1ed1c \u0111\u1ed9 cao v\u00e0 \u0111\u1ed9 ch\u00ednh x\u00e1c cao<\/p>\n<p>Nhanh h\u01a1n 12 l\u1ea7n, th\u00e1ch th\u1ee9c c\u00e1c gi\u1edbi h\u1ea1n<br \/>\nK1 Max \u0111\u1ea1t t\u1ed1c \u0111\u1ed9 600mm\/s* ch\u1ec9 trong 0,03 gi\u00e2y d\u1ef1a tr\u00ean gia t\u1ed1c 20000mm\/s\u00b2.<br \/>\nN\u00f3 c\u00f3 th\u1ec3 hi\u1ec7u qu\u1ea3 nh\u01b0 nhi\u1ec1u m\u00e1y in 3D c\u00f9ng nhau.<\/p>\n<p>Thi\u1ebft l\u1eadp linh ho\u1ea1t cho t\u1ed1c \u0111\u1ed9<br \/>\nK1 Max c\u1ea5u tr\u00fac Core XY linh ho\u1ea1t v\u1edbi \u0111\u1ea7u in nh\u1eb9 190g \u0111\u1ec3 gi\u1ea3m qu\u00e1n t\u00ednh chuy\u1ec3n \u0111\u1ed9ng.<\/p>\n<p>T\u1ed1i \u0111a. L\u01b0u l\u01b0\u1ee3ng 32mm\u00b3\/s<br \/>\n_L\u00f2 s\u01b0\u1edfi g\u1ed1m m\u1edbi, bao quanh to\u00e0n b\u1ed9 l\u00f2 s\u01b0\u1edfi. N\u00f3 n\u00f3ng l\u00ean \u0111\u1ebfn 200\u2103 trong 40 gi\u00e2y v\u00e0 l\u00e0m d\u00e2y t\u00f3c n\u00f3ng ch\u1ea3y ngay l\u1eadp t\u1ee9c.<br \/>\n_M\u00e1y \u0111\u00f9n tr\u1ef1c ti\u1ebfp hai b\u00e1nh r\u0103ng, mang l\u1ea1i l\u1ef1c \u0111\u00f9n m\u1ea1nh.<br \/>\n_Hotend v\u1edbi l\u1edbp t\u1ea3n nhi\u1ec7t b\u1eb1ng h\u1ee3p kim titan v\u00e0 v\u00f2i phun b\u1eb1ng th\u00e9p c\u1ee9ng, ho\u1ea1t \u0111\u1ed9ng t\u1ed1t \u1edf nhi\u1ec7t \u0111\u1ed9 l\u00ean t\u1edbi 300\u2103.<\/p>\n<p>L\u00e0m m\u00e1t m\u00f4 h\u00ecnh b\u1eb1ng qu\u1ea1t k\u00e9p<br \/>\nM\u1ed9t qu\u1ea1t l\u1edbn tr\u00ean \u0111\u1ea7u in v\u1edbi c\u00e1c \u1ed1ng d\u1eabn kh\u00ed l\u00e0m m\u00e1t tr\u1ef1c ti\u1ebfp m\u00f4 h\u00ecnh.<br \/>\nM\u1ed9t qu\u1ea1t ph\u1ee5 18W trong bu\u1ed3ng d\u1ef1ng c\u0169ng gi\u00fap t\u0103ng c\u01b0\u1eddng hi\u1ec7u qu\u1ea3 l\u00e0m m\u00e1t.<br \/>\n+M\u00f4 h\u00ecnh c\u1ee9ng l\u1ea1i tr\u01b0\u1edbc khi x\u1ea3y ra hi\u1ec7n t\u01b0\u1ee3ng co d\u00e2y v\u00e0 cong v\u00eanh.<br \/>\n+N\u00f3 cho ph\u00e9p c\u00e1c c\u1ea7u v\u00e0 ph\u1ea7n nh\u00f4 ra kh\u00f4ng c\u1ea7n h\u1ed7 tr\u1ee3.<\/p>\n<p>K1 Max c\u00f3 kh\u1ed1i l\u01b0\u1ee3ng b\u1ea3n d\u1ef1ng l\u1edbn 30*30*30cm, l\u00fd t\u01b0\u1edfng \u0111\u1ec3 t\u1ea1o m\u1eabu nhanh ho\u1eb7c ki\u1ec3m tra thi\u1ebft k\u1ebf.<br \/>\nN\u00f3 c\u0169ng cung c\u1ea5p t\u1ef7 l\u1ec7 kh\u1ed1i l\u01b0\u1ee3ng x\u00e2y d\u1ef1ng tr\u00ean k\u00edch th\u01b0\u1edbc m\u00e1y in cao l\u00e0 25,5%.<\/p>\n<p>In \u1ea5n v\u00f4 t\u01b0 \u0111\u01b0\u1ee3c h\u1ed7 tr\u1ee3 b\u1edfi AI<br \/>\n+C\u00e2n b\u00e0n t\u1ef1 \u0111\u1ed9ng LIDAR AI \u0111a n\u0103ng<br \/>\n+AI Camera<br \/>\n+Creality OS<br \/>\n+Multi-printers Control<\/p>\n<p>V\u1eabn c\u00f2n lo l\u1eafng v\u1ec1 l\u1edbp \u0111\u1ea7u ti\u00ean? H\u00e3y \u0111\u1ec3 t\u1ea5t c\u1ea3 cho AI LiDAR c\u1ee7a K1 Max.<br \/>\nLiDAR c\u00f3 \u0111\u1ed9 ph\u00e2n gi\u1ea3i 1 \u03bcm s\u1ebd t\u1ef1 qu\u00e9t l\u1edbp \u0111\u1ea7u ti\u00ean. N\u00f3 s\u1ebd t\u1ea1m d\u1eebng in v\u00e0 cho b\u1ea1n bi\u1ebft ngay l\u1eadp t\u1ee9c n\u1ebfu c\u00f3 \u0111i\u1ec1u g\u00ec sai tr\u00e1i.<\/p>\n<p>K1 Max s\u1eed d\u1ee5ng camera AI \u0111\u1ec3 theo d\u00f5i l\u1ed7i m\u00ec spaghetti, v\u1eadt th\u1ec3 l\u1ea1, m\u1ea3nh v\u1ee5n, v.v.<br \/>\nN\u00f3 s\u1ebd c\u1ea3nh b\u00e1o b\u1ea1n khi x\u1ea3y ra l\u1ed7i.<br \/>\nN\u00f3 c\u0169ng h\u1ed7 tr\u1ee3 gi\u00e1m s\u00e1t th\u1eddi gian th\u1ef1c v\u00e0 t\u1ea1o c\u00e1c kho\u1ea3ng th\u1eddi gian \u0111\u1ec3 chia s\u1ebb.<\/p>\n<p>K1 Max s\u1eed d\u1ee5ng h\u1ec7 \u0111i\u1ec1u h\u00e0nh Creality th\u00f4ng minh. N\u00f3 c\u00f3 giao di\u1ec7n ng\u01b0\u1eddi d\u00f9ng \u0111\u01a1n gi\u1ea3n, \u0111\u1ed3ng th\u1eddi \u0111\u1ed3ng b\u1ed9 h\u00f3a d\u1eef li\u1ec7u v\u00e0 l\u1ec7nh v\u1edbi PC, \u0111i\u1ec7n tho\u1ea1i, \u0110\u00e1m m\u00e2y v\u00e0 c\u00e1c m\u00f4-\u0111un b\u1ed5 tr\u1ee3.<br \/>\nCPU l\u00f5i k\u00e9p 1,2 GHz linh ho\u1ea1t h\u1ed7 tr\u1ee3 in t\u1ed1c \u0111\u1ed9 cao m\u1ed9t c\u00e1ch d\u1ec5 d\u00e0ng.<br \/>\nROM 8G l\u01b0u tr\u1eef t\u1edbi 400 t\u1ec7p m\u00f4 h\u00ecnh v\u00e0 cho ph\u00e9p ghi v\u00e0 \u0111\u1ecdc nhanh.<\/p>\n<p>H\u1ed7 tr\u1ee3 th\u00f4ng minh cho trang tr\u1ea1i in c\u1ee7a b\u1ea1n<br \/>\nKhi K1 Max \u0111\u01b0\u1ee3c k\u1ebft n\u1ed1i qua WiFi ho\u1eb7c c\u1ed5ng Ethernet RJ45 v\u1edbi m\u1ea1ng LAN ho\u1eb7c Internet, b\u1ea1n c\u00f3 th\u1ec3 theo d\u00f5i v\u00e0 ki\u1ec3m so\u00e1t qu\u00e1 tr\u00ecnh in t\u1eeb PC ho\u1eb7c \u0111i\u1ec7n tho\u1ea1i b\u1eb1ng ph\u1ea7n m\u1ec1m Creality Print ho\u1eb7c Creality Cloud.<br \/>\nTh\u1eadm ch\u00ed t\u1ed1t h\u01a1n, khi nhi\u1ec1u m\u00e1y in K1 Max tr\u1ef1c tuy\u1ebfn, ch\u00fang c\u00f3 th\u1ec3 d\u1ec5 d\u00e0ng \u0111\u01b0\u1ee3c nh\u00f3m ho\u1eb7c nh\u00f3m \u0111\u1ec3 s\u1ea3n xu\u1ea5t s\u1ed1 l\u01b0\u1ee3ng l\u1edbn.<\/p>\n<p>***K\u1ebft n\u1ed1i Creality Cloud qua Wifi ho\u1eb7c 3g-4g&#8230;ta c\u00f3 th\u1ec3 qu\u1ea3n l\u00fd \u0111i\u1ec1u khi\u1ec3n m\u00e1y \u0111\u1ec3 in t\u1eeb xa, xem camera th\u1eddi gian th\u1eadt kh\u00f4ng load..<\/p>\n<p>G-sensor trong \u0111\u1ea7u in \u0111o t\u1ea7n s\u1ed1 c\u1ed9ng h\u01b0\u1edfng c\u1ee7a qu\u00e1 tr\u00ecnh in t\u1ed1c \u0111\u1ed9 cao v\u00e0 \u0111\u1ecbnh h\u00ecnh \u0111\u1ea7u v\u00e0o \u0111\u1ec3 gi\u1ea3m thi\u1ec3u n\u00f3. Kh\u00f4ng c\u00f2n hi\u1ec7n t\u01b0\u1ee3ng b\u00f3ng m\u1edd ho\u1eb7c \u0111\u1ed5 chu\u00f4ng tr\u00ean b\u1ea3n in.<\/p>\n<p>Nh\u1ea5n m\u1ed9t l\u1ea7n v\u00e0 KI Max s\u1ebd t\u1ef1 ki\u1ec3m tra m\u00e1y \u0111\u00f9n, \u0111\u1ebf t\u1ea3n nhi\u1ec7t, m\u00e1y \u1ea3nh, qu\u1ea1t, c\u00e2n b\u1eb1ng, G-sensor, v.v.<br \/>\nB\u1ea5t k\u1ef3 s\u1ef1 b\u1ea5t th\u01b0\u1eddng n\u00e0o s\u1ebd nh\u1eafc nh\u1edf tr\u00ean m\u00e0n h\u00ecnh. V\u00ec v\u1eady, ng\u01b0\u1eddi d\u00f9ng c\u00f3 th\u1ec3 t\u1ef1 tin ti\u1ebfn h\u00e0nh m\u00e0 kh\u00f4ng g\u1eb7p tr\u1edf ng\u1ea1i n\u00e0o.<\/p>\n<p>**\u0110\u1ec3 \u0111\u01b0\u1ee3c nh\u1eadn \u0111\u01b0\u1ee3c gi\u00e1 \u01b0u \u0111\u00e3i t\u1ed1t h\u01a1n vui l\u00f2ng li\u00ean h\u1ec7 mua tr\u1ef1c ti\u1ebfp shop:<br \/>\n0913.939.775 contact A.Quan (for English)<br \/>\n094.144.0951 contact A.Quynh<br \/>\n**Selling price does not include VAT (+10% if VAT invoice is issued)<\/p>\n<p><a href=\"http:\/\/M\u00e1y in 3d Creality K1 MAX t\u1ed1c \u0111\u1ed9 cao v\u00e0 \u0111\u1ed9 ch\u00ednh x\u00e1c cao v\u00f9ng in 30*30*30cm\">M\u00e1y in 3d Creality K1 MAX t\u1ed1c \u0111\u1ed9 cao v\u00e0 \u0111\u1ed9 ch\u00ednh x\u00e1c cao v\u00f9ng in 30*30*30cm<\/a><\/p>\n<h1 class=\"product-title product_title entry-title\"><a href=\"https:\/\/nge.vn\/en\/product\/may-in-3d-creality-k1c-chuyen-in-soi-carbon-toc-do-max-600mm-s-prinitng-size-222225cm\/\">Creality K1C 3D printer specializes in printing Carbon fiber with a maximum speed of 600mm\/s, printing size 22*22*25cm<\/a><\/h1>\n<h1 class=\"product-title product_title entry-title\"><a href=\"https:\/\/nge.vn\/en\/product\/may-in-3d-nhieu-mau-creality-k2-plus-kho-in-35x35x35cm\/\">M\u00e1y in 3d nhi\u1ec1u m\u00e0u Creality K2 Plus kh\u1ed5 in 35*35*35cm<\/a><\/h1>","protected":false},"excerpt":{"rendered":"<p>M\u00e1y in 3d FDM Creality K1 MAX t\u1ed1c \u0111\u1ed9 cao v\u00e0 \u0111\u1ed9 ch\u00ednh x\u00e1c cao v\u00f9ng in 30*30*30cm<\/p>","protected":false},"featured_media":3159,"comment_status":"open","ping_status":"closed","template":"","meta":{"inline_featured_image":false},"product_brand":[],"product_cat":[39,51],"product_tag":[],"class_list":{"0":"post-3168","1":"product","2":"type-product","3":"status-publish","4":"has-post-thumbnail","6":"product_cat-may-in-3d","7":"product_cat-may-in-3d-creality","9":"first","10":"instock","11":"sale","12":"featured","13":"taxable","14":"shipping-taxable","15":"purchasable","16":"product-type-simple"},"yoast_head":"<!-- This site is optimized with the Yoast SEO Premium plugin v22.8 (Yoast SEO v26.9) - https:\/\/yoast.com\/product\/yoast-seo-premium-wordpress\/ -->\n<title>M\u00e1y in 3d Creality K1 MAX \u0111\u1ed9 ch\u00ednh x\u00e1c cao size 30*30*30cm - NGE 3D Printers Services<\/title>\n<meta name=\"robots\" content=\"index, follow, max-snippet:-1, max-image-preview:large, max-video-preview:-1\" \/>\n<link rel=\"canonical\" href=\"https:\/\/nge.vn\/en\/product\/may-in-3d-creality-k1-max-toc-do-cao-va-do-chinh-xac-cao-vung-in-303030cm\/\" \/>\n<meta property=\"og:locale\" content=\"en_US\" \/>\n<meta property=\"og:type\" content=\"article\" \/>\n<meta property=\"og:title\" content=\"M\u00e1y in 3d Creality K1 MAX \u0111\u1ed9 ch\u00ednh x\u00e1c cao size 30*30*30cm\" \/>\n<meta property=\"og:description\" content=\"M\u00e1y in 3d FDM Creality K1 MAX t\u1ed1c \u0111\u1ed9 cao v\u00e0 \u0111\u1ed9 ch\u00ednh x\u00e1c cao v\u00f9ng in 30*30*30cm\" \/>\n<meta property=\"og:url\" content=\"https:\/\/nge.vn\/en\/product\/may-in-3d-creality-k1-max-toc-do-cao-va-do-chinh-xac-cao-vung-in-303030cm\/\" \/>\n<meta property=\"og:site_name\" content=\"NGE 3D Printers Services\" \/>\n<meta property=\"article:modified_time\" content=\"2026-02-27T10:36:26+00:00\" \/>\n<meta property=\"og:image\" content=\"https:\/\/nge.vn\/wp-content\/uploads\/2024\/10\/images-upload-woo2Fe727abce4300072b9bcbf01713679b96.jpg\" \/>\n\t<meta property=\"og:image:width\" content=\"540\" \/>\n\t<meta property=\"og:image:height\" content=\"540\" \/>\n\t<meta property=\"og:image:type\" content=\"image\/jpeg\" \/>\n<meta name=\"twitter:card\" content=\"summary_large_image\" \/>\n<meta name=\"twitter:label1\" content=\"Est. reading time\" \/>\n\t<meta name=\"twitter:data1\" content=\"5 minutes\" \/>\n<script type=\"application\/ld+json\" class=\"yoast-schema-graph\">{\"@context\":\"https:\/\/schema.org\",\"@graph\":[{\"@type\":\"WebPage\",\"@id\":\"https:\/\/nge.vn\/san-pham\/may-in-3d-creality-k1-max-toc-do-cao-va-do-chinh-xac-cao-vung-in-303030cm\/\",\"url\":\"https:\/\/nge.vn\/san-pham\/may-in-3d-creality-k1-max-toc-do-cao-va-do-chinh-xac-cao-vung-in-303030cm\/\",\"name\":\"M\u00e1y in 3d Creality K1 MAX \u0111\u1ed9 ch\u00ednh x\u00e1c cao size 30*30*30cm - NGE 3D Printers Services\",\"isPartOf\":{\"@id\":\"https:\/\/nge.vn\/#website\"},\"primaryImageOfPage\":{\"@id\":\"https:\/\/nge.vn\/san-pham\/may-in-3d-creality-k1-max-toc-do-cao-va-do-chinh-xac-cao-vung-in-303030cm\/#primaryimage\"},\"image\":{\"@id\":\"https:\/\/nge.vn\/san-pham\/may-in-3d-creality-k1-max-toc-do-cao-va-do-chinh-xac-cao-vung-in-303030cm\/#primaryimage\"},\"thumbnailUrl\":\"https:\/\/nge.vn\/wp-content\/uploads\/2024\/10\/images-upload-woo2Fe727abce4300072b9bcbf01713679b96.jpg\",\"datePublished\":\"2024-10-26T07:59:50+00:00\",\"dateModified\":\"2026-02-27T10:36:26+00:00\",\"breadcrumb\":{\"@id\":\"https:\/\/nge.vn\/san-pham\/may-in-3d-creality-k1-max-toc-do-cao-va-do-chinh-xac-cao-vung-in-303030cm\/#breadcrumb\"},\"inLanguage\":\"en-US\",\"potentialAction\":[{\"@type\":\"ReadAction\",\"target\":[\"https:\/\/nge.vn\/san-pham\/may-in-3d-creality-k1-max-toc-do-cao-va-do-chinh-xac-cao-vung-in-303030cm\/\"]}]},{\"@type\":\"ImageObject\",\"inLanguage\":\"en-US\",\"@id\":\"https:\/\/nge.vn\/san-pham\/may-in-3d-creality-k1-max-toc-do-cao-va-do-chinh-xac-cao-vung-in-303030cm\/#primaryimage\",\"url\":\"https:\/\/nge.vn\/wp-content\/uploads\/2024\/10\/images-upload-woo2Fe727abce4300072b9bcbf01713679b96.jpg\",\"contentUrl\":\"https:\/\/nge.vn\/wp-content\/uploads\/2024\/10\/images-upload-woo2Fe727abce4300072b9bcbf01713679b96.jpg\",\"width\":540,\"height\":540},{\"@type\":\"BreadcrumbList\",\"@id\":\"https:\/\/nge.vn\/san-pham\/may-in-3d-creality-k1-max-toc-do-cao-va-do-chinh-xac-cao-vung-in-303030cm\/#breadcrumb\",\"itemListElement\":[{\"@type\":\"ListItem\",\"position\":1,\"name\":\"Trang ch\u1ee7\",\"item\":\"https:\/\/nge.vn\/\"},{\"@type\":\"ListItem\",\"position\":2,\"name\":\"S\u1ea3n ph\u1ea9m\",\"item\":\"https:\/\/nge.vn\/san-pham\/\"},{\"@type\":\"ListItem\",\"position\":3,\"name\":\"M\u00e1y in 3d Creality K1 MAX \u0111\u1ed9 ch\u00ednh x\u00e1c cao size 30*30*30cm\"}]},{\"@type\":\"WebSite\",\"@id\":\"https:\/\/nge.vn\/#website\",\"url\":\"https:\/\/nge.vn\/\",\"name\":\"NGE 3D Printers Services\",\"description\":\"\",\"potentialAction\":[{\"@type\":\"SearchAction\",\"target\":{\"@type\":\"EntryPoint\",\"urlTemplate\":\"https:\/\/nge.vn\/?s={search_term_string}\"},\"query-input\":{\"@type\":\"PropertyValueSpecification\",\"valueRequired\":true,\"valueName\":\"search_term_string\"}}],\"inLanguage\":\"en-US\"}]}<\/script>\n<!-- \/ Yoast SEO Premium plugin. -->","yoast_head_json":{"title":"M\u00e1y in 3d Creality K1 MAX \u0111\u1ed9 ch\u00ednh x\u00e1c cao size 30*30*30cm - NGE 3D Printers Services","robots":{"index":"index","follow":"follow","max-snippet":"max-snippet:-1","max-image-preview":"max-image-preview:large","max-video-preview":"max-video-preview:-1"},"canonical":"https:\/\/nge.vn\/en\/product\/may-in-3d-creality-k1-max-toc-do-cao-va-do-chinh-xac-cao-vung-in-303030cm\/","og_locale":"en_US","og_type":"article","og_title":"M\u00e1y in 3d Creality K1 MAX \u0111\u1ed9 ch\u00ednh x\u00e1c cao size 30*30*30cm","og_description":"M\u00e1y in 3d FDM Creality K1 MAX t\u1ed1c \u0111\u1ed9 cao v\u00e0 \u0111\u1ed9 ch\u00ednh x\u00e1c cao v\u00f9ng in 30*30*30cm","og_url":"https:\/\/nge.vn\/en\/product\/may-in-3d-creality-k1-max-toc-do-cao-va-do-chinh-xac-cao-vung-in-303030cm\/","og_site_name":"NGE 3D Printers Services","article_modified_time":"2026-02-27T10:36:26+00:00","og_image":[{"width":540,"height":540,"url":"https:\/\/nge.vn\/wp-content\/uploads\/2024\/10\/images-upload-woo2Fe727abce4300072b9bcbf01713679b96.jpg","type":"image\/jpeg"}],"twitter_card":"summary_large_image","twitter_misc":{"Est. reading time":"5 minutes"},"schema":{"@context":"https:\/\/schema.org","@graph":[{"@type":"WebPage","@id":"https:\/\/nge.vn\/san-pham\/may-in-3d-creality-k1-max-toc-do-cao-va-do-chinh-xac-cao-vung-in-303030cm\/","url":"https:\/\/nge.vn\/san-pham\/may-in-3d-creality-k1-max-toc-do-cao-va-do-chinh-xac-cao-vung-in-303030cm\/","name":"M\u00e1y in 3d Creality K1 MAX \u0111\u1ed9 ch\u00ednh x\u00e1c cao size 30*30*30cm - NGE 3D Printers Services","isPartOf":{"@id":"https:\/\/nge.vn\/#website"},"primaryImageOfPage":{"@id":"https:\/\/nge.vn\/san-pham\/may-in-3d-creality-k1-max-toc-do-cao-va-do-chinh-xac-cao-vung-in-303030cm\/#primaryimage"},"image":{"@id":"https:\/\/nge.vn\/san-pham\/may-in-3d-creality-k1-max-toc-do-cao-va-do-chinh-xac-cao-vung-in-303030cm\/#primaryimage"},"thumbnailUrl":"https:\/\/nge.vn\/wp-content\/uploads\/2024\/10\/images-upload-woo2Fe727abce4300072b9bcbf01713679b96.jpg","datePublished":"2024-10-26T07:59:50+00:00","dateModified":"2026-02-27T10:36:26+00:00","breadcrumb":{"@id":"https:\/\/nge.vn\/san-pham\/may-in-3d-creality-k1-max-toc-do-cao-va-do-chinh-xac-cao-vung-in-303030cm\/#breadcrumb"},"inLanguage":"en-US","potentialAction":[{"@type":"ReadAction","target":["https:\/\/nge.vn\/san-pham\/may-in-3d-creality-k1-max-toc-do-cao-va-do-chinh-xac-cao-vung-in-303030cm\/"]}]},{"@type":"ImageObject","inLanguage":"en-US","@id":"https:\/\/nge.vn\/san-pham\/may-in-3d-creality-k1-max-toc-do-cao-va-do-chinh-xac-cao-vung-in-303030cm\/#primaryimage","url":"https:\/\/nge.vn\/wp-content\/uploads\/2024\/10\/images-upload-woo2Fe727abce4300072b9bcbf01713679b96.jpg","contentUrl":"https:\/\/nge.vn\/wp-content\/uploads\/2024\/10\/images-upload-woo2Fe727abce4300072b9bcbf01713679b96.jpg","width":540,"height":540},{"@type":"BreadcrumbList","@id":"https:\/\/nge.vn\/san-pham\/may-in-3d-creality-k1-max-toc-do-cao-va-do-chinh-xac-cao-vung-in-303030cm\/#breadcrumb","itemListElement":[{"@type":"ListItem","position":1,"name":"Trang ch\u1ee7","item":"https:\/\/nge.vn\/"},{"@type":"ListItem","position":2,"name":"S\u1ea3n ph\u1ea9m","item":"https:\/\/nge.vn\/san-pham\/"},{"@type":"ListItem","position":3,"name":"M\u00e1y in 3d Creality K1 MAX \u0111\u1ed9 ch\u00ednh x\u00e1c cao size 30*30*30cm"}]},{"@type":"WebSite","@id":"https:\/\/nge.vn\/#website","url":"https:\/\/nge.vn\/","name":"NGE 3D Printers Services","description":"","potentialAction":[{"@type":"SearchAction","target":{"@type":"EntryPoint","urlTemplate":"https:\/\/nge.vn\/?s={search_term_string}"},"query-input":{"@type":"PropertyValueSpecification","valueRequired":true,"valueName":"search_term_string"}}],"inLanguage":"en-US"}]}},"_links":{"self":[{"href":"https:\/\/nge.vn\/en\/wp-json\/wp\/v2\/product\/3168","targetHints":{"allow":["GET"]}}],"collection":[{"href":"https:\/\/nge.vn\/en\/wp-json\/wp\/v2\/product"}],"about":[{"href":"https:\/\/nge.vn\/en\/wp-json\/wp\/v2\/types\/product"}],"replies":[{"embeddable":true,"href":"https:\/\/nge.vn\/en\/wp-json\/wp\/v2\/comments?post=3168"}],"wp:featuredmedia":[{"embeddable":true,"href":"https:\/\/nge.vn\/en\/wp-json\/wp\/v2\/media\/3159"}],"wp:attachment":[{"href":"https:\/\/nge.vn\/en\/wp-json\/wp\/v2\/media?parent=3168"}],"wp:term":[{"taxonomy":"product_brand","embeddable":true,"href":"https:\/\/nge.vn\/en\/wp-json\/wp\/v2\/product_brand?post=3168"},{"taxonomy":"product_cat","embeddable":true,"href":"https:\/\/nge.vn\/en\/wp-json\/wp\/v2\/product_cat?post=3168"},{"taxonomy":"product_tag","embeddable":true,"href":"https:\/\/nge.vn\/en\/wp-json\/wp\/v2\/product_tag?post=3168"}],"curies":[{"name":"wp","href":"https:\/\/api.w.org\/{rel}","templated":true}]}}