{"id":3150,"date":"2024-10-26T14:56:27","date_gmt":"2024-10-26T07:56:27","guid":{"rendered":"https:\/\/nge.123websitedev.com\/san-pham\/may-in-3d-corexz-creality-ender-3-v3-kho-in-222225cm-toc-do-in-%e2%89%a4600mm-s-2\/"},"modified":"2025-12-04T19:11:11","modified_gmt":"2025-12-04T12:11:11","slug":"may-in-3d-corexz-creality-ender-3-v3-kho-in-222225cm-toc-do-in-%e2%89%a4600mm-s-2","status":"publish","type":"product","link":"https:\/\/nge.vn\/en\/product\/may-in-3d-corexz-creality-ender-3-v3-kho-in-222225cm-toc-do-in-%e2%89%a4600mm-s-2\/","title":{"rendered":"M\u00e1y in 3d Creality Ender 3 V3 t\u1ed1c \u0111\u1ed9 in \u2264600mm\/s"},"content":{"rendered":"<p>M\u00e1y in 3d CoreXZ Creality Ender3 V3 kh\u1ed5 in 22*22*25cm t\u1ed1c \u0111\u1ed9 in \u2264600mm\/s<br \/>\n_M\u00e1y in 3D Ender-3 V3 CoreXZ Nhanh ch\u00f3ng v\u00e0 \u1ed5n \u0111\u1ecbnh \u1edf d\u1ea1ng m\u1edbi<br \/>\n_\u0110\u1ecbnh ngh\u0129a l\u1ea1i Bedslinger b\u1eb1ng nh\u1eefng c\u1ea3i ti\u1ebfn t\u00e1o b\u1ea1o<br \/>\n_Hi\u1ec7u su\u1ea5t \u0111\u1ec9nh cao: B\u1ed9 m\u00e1y \u0111\u00f9n kh\u00f4ng b\u1ecb t\u1eafc ngh\u1ebdn \u0111\u00e1ng tin c\u1eady<br \/>\n_T\u1ed1c \u0111\u1ed9 ngo\u1ea1n m\u1ee5c: CoreXZ cho t\u1ed1c \u0111\u1ed9 t\u1ed1i \u0111a 600mm\/s.<br \/>\n_B\u1ed9 ph\u1eadn l\u00e0m m\u00e1t v\u01b0\u1ee3t tr\u1ed9i: Hai chi\u1ebfc qu\u1ea1t m\u1ea1nh m\u1ebd \u0111\u1ec3 l\u00e0m m\u00e1t qu\u00e1 tr\u00ecnh \u0111\u00f9n t\u01b0\u01a1i<br \/>\n_Ki\u1ec3u d\u00e1ng \u0111\u1eb9p &amp; Ki\u1ec3u d\u00e1ng \u0111\u1eb9p &amp; \u1ed4n \u0111\u1ecbnh: Thi\u1ebft k\u1ebf C\u1ea5u tr\u00fac kim lo\u1ea1i m\u1edbi v\u1edbi c\u00e1c b\u1ed9 ph\u1eadn \u0111\u00fac t\u00edch h\u1ee3p<br \/>\n_B\u1ea3o tr\u00ec d\u1ec5 d\u00e0ng: \u0110\u1ea7u phun tri-metal c\u00f3 th\u1ec3 thay \u0111\u1ed5i nhanh<\/p>\n<p>_Ender-3 V3 c\u00f3 th\u1ec3 in nhanh h\u01a1n 12 l\u1ea7n* so v\u1edbi m\u00e1y in 3D i3-style th\u00f4ng th\u01b0\u1eddng, m\u1ed9t chu\u1ea9n m\u1ef1c m\u1edbi cho m\u00e1y n\u1eb1m gi\u01b0\u1eddng. N\u00f3 in nhanh h\u01a1n v\u00e0 t\u1ed1t h\u01a1n v\u1edbi s\u1ee3i Creality Hyper PLA.<br \/>\n600mm\/s* T\u1ed1c \u0111\u1ed9 in t\u1ed1i \u0111a<br \/>\n20000mm\/s\u00b2* Gia t\u1ed1c t\u1ed1i \u0111a<\/p>\n<p>_Tr\u1ee5c X v\u00e0 Z c\u1ee7a Ender-3 V3 \u0111\u01b0\u1ee3c l\u1eafp r\u00e1p v\u1edbi nhau, cho ph\u00e9p hai \u0111\u1ed9ng c\u01a1 m\u00f4-men xo\u1eafn cao ho\u1ea1t \u0111\u1ed9ng \u0111\u1ed3ng b\u1ed9 \u0111\u1ec3 ph\u1ea3n h\u1ed3i nhanh trong ch\u1edbp m\u1eaft.<br \/>\n0.03s* 0 to 600mm\/s acceleration<\/p>\n<p>_C\u0103ng \u0111ai XZ, Ho\u00e0n to\u00e0n t\u1ef1 \u0111\u1ed9ng<br \/>\n\u0110ai \u0111\u1ecbnh th\u1eddi gian XZ c\u1ee7a Ender-3 V3 \u0111\u01b0\u1ee3c c\u0103ng t\u1ef1 \u0111\u1ed9ng. Vi\u1ec7c tr\u01b0\u1ee3t ho\u1eb7c k\u1eb9t d\u00e2y \u0111ai \u0111\u00e3 tr\u1edf th\u00e0nh chuy\u1ec7n qu\u00e1 kh\u1ee9.<\/p>\n<p>_Tr\u1ee5c Z ch\u00ednh x\u00e1c, \u00edt rung l\u1eafc h\u01a1n<br \/>\n+Nh\u1edd c\u00e1c thanh tuy\u1ebfn t\u00ednh ch\u00ednh x\u00e1c v\u00e0 \u0111ai \u0111\u1ecbnh gi\u1edd, tr\u1ee5c Z c\u00f3 th\u1ec3 \u0111\u1ecbnh v\u1ecb ch\u00ednh x\u00e1c h\u01a1n bao gi\u1edd h\u1ebft.<br \/>\n+N\u00f3 c\u00f3 ngh\u0129a l\u00e0 c\u00f3 d\u1ea3i Z t\u1ed1i thi\u1ec3u trong b\u1ea3n in 3D c\u1ee7a b\u1ea1n.<br \/>\n+\u0110\u1ed9 ch\u00ednh x\u00e1c \u0111\u1ecbnh v\u1ecb tr\u1ee5c Z \u226415\u339b*<\/p>\n<p>_B\u1ed9 m\u00e1y \u0111\u00f9n h\u00e0ng \u0111\u1ea7u m\u1edbi. \u0110\u00f9n \u0111\u00e1ng tin c\u1eady v\u1edbi v\u00f2i phun trao \u0111\u1ed5i nhanh<br \/>\n+M\u00e1y \u0111\u00f9n truy\u1ec1n \u0111\u1ed9ng tr\u1ef1c ti\u1ebfp c\u1ee7a Ender-3 V3 \u0111\u01b0\u1ee3c t\u0103ng c\u01b0\u1eddng nh\u1edd l\u00f2 xo t\u0103ng c\u01b0\u1eddng v\u00e0 p\u00edt t\u00f4ng bi.<br \/>\n+N\u00f3 b\u00e1m ch\u1eb7t v\u00e0o d\u00e2y t\u00f3c m\u00e0 kh\u00f4ng b\u1ecb l\u1ecfng ra.<br \/>\n1000 gi\u1edd++ \u0110\u00f9n kh\u00f4ng b\u1ecb t\u1eafc<\/p>\n<p>_M\u1ed9t l\u00f2 s\u01b0\u1edfi g\u1ed1m m\u1ea1nh m\u1ebd 60W bao quanh hotend.<br \/>\n+N\u00f3 c\u00f3 th\u1ec3 l\u00e0m tan ch\u1ea3y ho\u00e0n to\u00e0n ABS, PETG v\u00e0 c\u00e1c lo\u1ea1i s\u1ee3i nhi\u1ec7t \u0111\u1ed9 cao kh\u00e1c m\u1ed9t c\u00e1ch nhanh ch\u00f3ng.<br \/>\n75s L\u00e0m n\u00f3ng t\u1eeb 0 \u0111\u1ebfn 300\u2103<\/p>\n<p>_V\u00f2i phun &#8220;Unicorn&#8221; Tri-metal, trao \u0111\u1ed5i nhanh<br \/>\n+\u0110\u1ea7u phun b\u1eb1ng \u0111\u1ed3ng c\u00f3 \u0111\u1ea7u b\u1eb1ng th\u00e9p b\u1ec1n b\u1ec9 \u0111\u01b0\u1ee3c t\u00edch h\u1ee3p b\u1ed9 ph\u1eadn t\u1ea3n nhi\u1ec7t b\u1eb1ng h\u1ee3p kim titan.<br \/>\n+N\u00f3 ch\u1eb7n t\u1ea3n nhi\u1ec7t v\u00e0 c\u00f3 th\u1ec3 ho\u00e1n \u0111\u1ed5i si\u00eau d\u1ec5 d\u00e0ng.<br \/>\n+Th\u00e1o 1 tay<br \/>\n+\u0110\u1ed9 b\u1ec1n tuy\u1ec7t v\u1eddi<br \/>\n+V\u00e0o v\u00e0o tr\u01a1n tru<\/p>\n<p>_C\u1ea5u tr\u00fac kim lo\u1ea1i m\u1edbi v\u1edbi c\u00e1c b\u1ed9 ph\u1eadn \u0111\u00fac s\u1eb5n<br \/>\n+T\u00ednh th\u1ea9m m\u1ef9 t\u00edch h\u1ee3p v\u1edbi s\u1ef1 \u1ed5n \u0111\u1ecbnh<br \/>\n+Gi\u00e0n v\u00e0 ch\u00e2n \u0111\u1ebf \u0111\u1ec1u l\u00e0 m\u1ed9t m\u1ea3nh h\u1ee3p kim nh\u00f4m duy nh\u1ea5t \u0111\u01b0\u1ee3c ch\u1ebf t\u1ea1o b\u1eb1ng ph\u01b0\u01a1ng ph\u00e1p \u0111\u00fac khu\u00f4n t\u00edch h\u1ee3p.<br \/>\n+V\u1edbi \u00edt bu l\u00f4ng v\u00e0 \u0111\u01b0\u1eddng n\u1ed1i h\u01a1n, Ender-3 V3 c\u1ef1c k\u1ef3 ch\u1eafc ch\u1eafn v\u00e0 \u1ed5n \u0111\u1ecbnh.<\/p>\n<p>_H\u1ee3p kim nh\u00f4m h\u00e0ng kh\u00f4ng v\u0169 tr\u1ee5<br \/>\n+C\u1ea3 gi\u00e0n v\u00e0 ch\u00e2n \u0111\u1ebf \u0111\u1ec1u s\u1eed d\u1ee5ng h\u1ee3p kim nh\u00f4m ADC12, t\u1ef1 h\u00e0o v\u1ec1 s\u1ee9c m\u1ea1nh c\u01a1 h\u1ecdc tuy\u1ec7t v\u1eddi.<\/p>\n<p>_T\u1ef1 \u0111\u1ed9ng hi\u1ec7u ch\u1ec9nh, kh\u00f4ng c\u1ea7n ki\u1ec3m tra gi\u1ea5y<br \/>\nNh\u1ea5n nh\u1eb9 v\u00e0 b\u1ecf \u0111i. T\u00ednh n\u0103ng hi\u1ec7u ch\u1ec9nh t\u1ef1 \u0111\u1ed9ng gi\u00fap m\u1ecdi th\u1ee9 s\u1eb5n s\u00e0ng cho b\u1ea1n.<br \/>\nKh\u00f4ng c\u1ea7n ph\u1ea3i k\u00e9o gi\u1ea5y ho\u1eb7c v\u1eb7n b\u1ea5t k\u1ef3 \u1ed1c v\u00edt n\u00e0o.<\/p>\n<p>M\u00e0n h\u00ecnh c\u1ea3m \u1ee9ng HD 4,3&#8243; cho ph\u1ea3n h\u1ed3i c\u1ea3m \u1ee9ng m\u01b0\u1ee3t m\u00e0, n\u00f3 hi\u1ec3n th\u1ecb qu\u00e1 tr\u00ecnh c\u00e2n b\u1eb1ng nhi\u1ec7t \u0111\u1ed9 v\u00e0 xem tr\u01b0\u1edbc m\u00f4 h\u00ecnh m\u1ed9t c\u00e1ch s\u1ed1ng \u0111\u1ed9ng b\u1eb1ng \u0111\u1ed3 h\u1ecda chuy\u1ec3n \u0111\u1ed9ng.<\/p>\n<p>H\u1ec7 \u0111i\u1ec1u h\u00e0nh Creality m\u00e3 ngu\u1ed3n m\u1edf D\u1ef1a tr\u00ean Klipper<\/p>\n<p>**To receive a better price, please contact the shop directly.<br \/>\n0913.939.775 contact A.Quan (for English)<br \/>\n094.144.0951 contact A.Quynh<br \/>\n**Selling price does not include VAT (+10% if VAT invoice is issued)<\/p>\n<p>&nbsp;<\/p>\n<div class=\"text1 mbold2\"><a href=\"https:\/\/www.creality.com\/products\/creality-ender-3-v3\">Ender-3 V3 CoreXZ 3D Printer<\/a><\/div>\n<div><\/div>\n<div>\n<h1 class=\"product-title product_title entry-title\"><a href=\"https:\/\/nge.vn\/en\/san-pham\/may-in-3d-corexz-creality-ender-3-v3-plus-kho-in-300300330mm-printing-speed-\u2264600mm-s\/\">M\u00e1y in 3d CoreXZ Creality Ender 3 V3 Plus kh\u1ed5 in 300*300*330mm Printing Speed \u2264600mm\/s<\/a><\/h1>\n<\/div>","protected":false},"excerpt":{"rendered":"<p>M\u00e1y in 3d CoreXZ Creality Ender 3 V3 kh\u1ed5 in 22*22*25cm t\u1ed1c \u0111\u1ed9 in \u2264600mm\/s<\/p>","protected":false},"featured_media":3141,"comment_status":"open","ping_status":"closed","template":"","meta":{"inline_featured_image":false},"product_brand":[],"product_cat":[39,51],"product_tag":[],"class_list":{"0":"post-3150","1":"product","2":"type-product","3":"status-publish","4":"has-post-thumbnail","6":"product_cat-may-in-3d","7":"product_cat-may-in-3d-creality","9":"first","10":"instock","11":"sale","12":"taxable","13":"shipping-taxable","14":"purchasable","15":"product-type-simple"},"yoast_head":"<!-- This site is optimized with the Yoast SEO Premium plugin v22.8 (Yoast SEO v26.9) - https:\/\/yoast.com\/product\/yoast-seo-premium-wordpress\/ -->\n<title>M\u00e1y in 3d Creality Ender 3 V3 t\u1ed1c \u0111\u1ed9 in \u2264600mm\/s - NGE 3D Printers Services<\/title>\n<meta name=\"description\" content=\"M\u00e1y in 3d Creality Ender 3 V3 v\u1edbi t\u1ed1c \u0111\u1ed9 in \u2264600mm\/s h\u1ed9 tr\u1ee3 c\u00e2n b\u00e0n ho\u00e0n to\u00e0n t\u1ef1 \u0111\u1ed9ng, d\u00e2y \u0111ai c\u0103n t\u1ef1 \u0111\u1ed9ng, g\u1eedi file qua wifi, in t\u1eeb xa qua Creality Cloud\" \/>\n<meta name=\"robots\" content=\"index, follow, max-snippet:-1, max-image-preview:large, max-video-preview:-1\" \/>\n<link rel=\"canonical\" href=\"https:\/\/nge.vn\/en\/product\/may-in-3d-corexz-creality-ender-3-v3-kho-in-222225cm-toc-do-in-\u2264600mm-s-2\/\" \/>\n<meta property=\"og:locale\" content=\"en_US\" \/>\n<meta property=\"og:type\" content=\"article\" \/>\n<meta property=\"og:title\" content=\"M\u00e1y in 3d Creality Ender 3 V3 t\u1ed1c \u0111\u1ed9 in \u2264600mm\/s\" \/>\n<meta property=\"og:description\" content=\"M\u00e1y in 3d Creality Ender 3 V3 v\u1edbi t\u1ed1c \u0111\u1ed9 in \u2264600mm\/s h\u1ed9 tr\u1ee3 c\u00e2n b\u00e0n ho\u00e0n to\u00e0n t\u1ef1 \u0111\u1ed9ng, d\u00e2y \u0111ai c\u0103n t\u1ef1 \u0111\u1ed9ng, g\u1eedi file qua wifi, in t\u1eeb xa qua Creality Cloud\" \/>\n<meta property=\"og:url\" content=\"https:\/\/nge.vn\/en\/product\/may-in-3d-corexz-creality-ender-3-v3-kho-in-222225cm-toc-do-in-\u2264600mm-s-2\/\" \/>\n<meta property=\"og:site_name\" content=\"NGE 3D Printers Services\" \/>\n<meta property=\"article:modified_time\" content=\"2025-12-04T12:11:11+00:00\" \/>\n<meta property=\"og:image\" content=\"https:\/\/nge.vn\/wp-content\/uploads\/2024\/10\/images-upload-woo2Fe7f396ff08319e1c6147badb6c853d51.jpg\" \/>\n\t<meta property=\"og:image:width\" content=\"1024\" \/>\n\t<meta property=\"og:image:height\" content=\"1024\" \/>\n\t<meta property=\"og:image:type\" content=\"image\/jpeg\" \/>\n<meta name=\"twitter:card\" content=\"summary_large_image\" \/>\n<meta name=\"twitter:label1\" content=\"Est. reading time\" \/>\n\t<meta name=\"twitter:data1\" content=\"4 minutes\" \/>\n<script type=\"application\/ld+json\" class=\"yoast-schema-graph\">{\"@context\":\"https:\/\/schema.org\",\"@graph\":[{\"@type\":\"WebPage\",\"@id\":\"https:\/\/nge.vn\/san-pham\/may-in-3d-corexz-creality-ender-3-v3-kho-in-222225cm-toc-do-in-%e2%89%a4600mm-s-2\/\",\"url\":\"https:\/\/nge.vn\/san-pham\/may-in-3d-corexz-creality-ender-3-v3-kho-in-222225cm-toc-do-in-%e2%89%a4600mm-s-2\/\",\"name\":\"M\u00e1y in 3d Creality Ender 3 V3 t\u1ed1c \u0111\u1ed9 in \u2264600mm\/s - NGE 3D Printers Services\",\"isPartOf\":{\"@id\":\"https:\/\/nge.vn\/#website\"},\"primaryImageOfPage\":{\"@id\":\"https:\/\/nge.vn\/san-pham\/may-in-3d-corexz-creality-ender-3-v3-kho-in-222225cm-toc-do-in-%e2%89%a4600mm-s-2\/#primaryimage\"},\"image\":{\"@id\":\"https:\/\/nge.vn\/san-pham\/may-in-3d-corexz-creality-ender-3-v3-kho-in-222225cm-toc-do-in-%e2%89%a4600mm-s-2\/#primaryimage\"},\"thumbnailUrl\":\"https:\/\/nge.vn\/wp-content\/uploads\/2024\/10\/images-upload-woo2Fe7f396ff08319e1c6147badb6c853d51.jpg\",\"datePublished\":\"2024-10-26T07:56:27+00:00\",\"dateModified\":\"2025-12-04T12:11:11+00:00\",\"description\":\"M\u00e1y in 3d Creality Ender 3 V3 v\u1edbi t\u1ed1c \u0111\u1ed9 in \u2264600mm\/s h\u1ed9 tr\u1ee3 c\u00e2n b\u00e0n ho\u00e0n to\u00e0n t\u1ef1 \u0111\u1ed9ng, d\u00e2y \u0111ai c\u0103n t\u1ef1 \u0111\u1ed9ng, g\u1eedi file qua wifi, in t\u1eeb xa qua Creality Cloud\",\"breadcrumb\":{\"@id\":\"https:\/\/nge.vn\/san-pham\/may-in-3d-corexz-creality-ender-3-v3-kho-in-222225cm-toc-do-in-%e2%89%a4600mm-s-2\/#breadcrumb\"},\"inLanguage\":\"en-US\",\"potentialAction\":[{\"@type\":\"ReadAction\",\"target\":[\"https:\/\/nge.vn\/san-pham\/may-in-3d-corexz-creality-ender-3-v3-kho-in-222225cm-toc-do-in-%e2%89%a4600mm-s-2\/\"]}]},{\"@type\":\"ImageObject\",\"inLanguage\":\"en-US\",\"@id\":\"https:\/\/nge.vn\/san-pham\/may-in-3d-corexz-creality-ender-3-v3-kho-in-222225cm-toc-do-in-%e2%89%a4600mm-s-2\/#primaryimage\",\"url\":\"https:\/\/nge.vn\/wp-content\/uploads\/2024\/10\/images-upload-woo2Fe7f396ff08319e1c6147badb6c853d51.jpg\",\"contentUrl\":\"https:\/\/nge.vn\/wp-content\/uploads\/2024\/10\/images-upload-woo2Fe7f396ff08319e1c6147badb6c853d51.jpg\",\"width\":1024,\"height\":1024,\"caption\":\"M\u00e1y in 3d Creality Ender-3 V3\"},{\"@type\":\"BreadcrumbList\",\"@id\":\"https:\/\/nge.vn\/san-pham\/may-in-3d-corexz-creality-ender-3-v3-kho-in-222225cm-toc-do-in-%e2%89%a4600mm-s-2\/#breadcrumb\",\"itemListElement\":[{\"@type\":\"ListItem\",\"position\":1,\"name\":\"Trang ch\u1ee7\",\"item\":\"https:\/\/nge.vn\/\"},{\"@type\":\"ListItem\",\"position\":2,\"name\":\"S\u1ea3n ph\u1ea9m\",\"item\":\"https:\/\/nge.vn\/san-pham\/\"},{\"@type\":\"ListItem\",\"position\":3,\"name\":\"M\u00e1y in 3d Creality Ender 3 V3 t\u1ed1c \u0111\u1ed9 in \u2264600mm\/s\"}]},{\"@type\":\"WebSite\",\"@id\":\"https:\/\/nge.vn\/#website\",\"url\":\"https:\/\/nge.vn\/\",\"name\":\"NGE 3D Printers Services\",\"description\":\"\",\"potentialAction\":[{\"@type\":\"SearchAction\",\"target\":{\"@type\":\"EntryPoint\",\"urlTemplate\":\"https:\/\/nge.vn\/?s={search_term_string}\"},\"query-input\":{\"@type\":\"PropertyValueSpecification\",\"valueRequired\":true,\"valueName\":\"search_term_string\"}}],\"inLanguage\":\"en-US\"}]}<\/script>\n<!-- \/ Yoast SEO Premium plugin. -->","yoast_head_json":{"title":"M\u00e1y in 3d Creality Ender 3 V3 t\u1ed1c \u0111\u1ed9 in \u2264600mm\/s - NGE 3D Printers Services","description":"M\u00e1y in 3d Creality Ender 3 V3 v\u1edbi t\u1ed1c \u0111\u1ed9 in \u2264600mm\/s h\u1ed9 tr\u1ee3 c\u00e2n b\u00e0n ho\u00e0n to\u00e0n t\u1ef1 \u0111\u1ed9ng, d\u00e2y \u0111ai c\u0103n t\u1ef1 \u0111\u1ed9ng, g\u1eedi file qua wifi, in t\u1eeb xa qua Creality Cloud","robots":{"index":"index","follow":"follow","max-snippet":"max-snippet:-1","max-image-preview":"max-image-preview:large","max-video-preview":"max-video-preview:-1"},"canonical":"https:\/\/nge.vn\/en\/product\/may-in-3d-corexz-creality-ender-3-v3-kho-in-222225cm-toc-do-in-\u2264600mm-s-2\/","og_locale":"en_US","og_type":"article","og_title":"M\u00e1y in 3d Creality Ender 3 V3 t\u1ed1c \u0111\u1ed9 in \u2264600mm\/s","og_description":"M\u00e1y in 3d Creality Ender 3 V3 v\u1edbi t\u1ed1c \u0111\u1ed9 in \u2264600mm\/s h\u1ed9 tr\u1ee3 c\u00e2n b\u00e0n ho\u00e0n to\u00e0n t\u1ef1 \u0111\u1ed9ng, d\u00e2y \u0111ai c\u0103n t\u1ef1 \u0111\u1ed9ng, g\u1eedi file qua wifi, in t\u1eeb xa qua Creality Cloud","og_url":"https:\/\/nge.vn\/en\/product\/may-in-3d-corexz-creality-ender-3-v3-kho-in-222225cm-toc-do-in-\u2264600mm-s-2\/","og_site_name":"NGE 3D Printers Services","article_modified_time":"2025-12-04T12:11:11+00:00","og_image":[{"width":1024,"height":1024,"url":"https:\/\/nge.vn\/wp-content\/uploads\/2024\/10\/images-upload-woo2Fe7f396ff08319e1c6147badb6c853d51.jpg","type":"image\/jpeg"}],"twitter_card":"summary_large_image","twitter_misc":{"Est. reading time":"4 minutes"},"schema":{"@context":"https:\/\/schema.org","@graph":[{"@type":"WebPage","@id":"https:\/\/nge.vn\/san-pham\/may-in-3d-corexz-creality-ender-3-v3-kho-in-222225cm-toc-do-in-%e2%89%a4600mm-s-2\/","url":"https:\/\/nge.vn\/san-pham\/may-in-3d-corexz-creality-ender-3-v3-kho-in-222225cm-toc-do-in-%e2%89%a4600mm-s-2\/","name":"M\u00e1y in 3d Creality Ender 3 V3 t\u1ed1c \u0111\u1ed9 in \u2264600mm\/s - NGE 3D Printers Services","isPartOf":{"@id":"https:\/\/nge.vn\/#website"},"primaryImageOfPage":{"@id":"https:\/\/nge.vn\/san-pham\/may-in-3d-corexz-creality-ender-3-v3-kho-in-222225cm-toc-do-in-%e2%89%a4600mm-s-2\/#primaryimage"},"image":{"@id":"https:\/\/nge.vn\/san-pham\/may-in-3d-corexz-creality-ender-3-v3-kho-in-222225cm-toc-do-in-%e2%89%a4600mm-s-2\/#primaryimage"},"thumbnailUrl":"https:\/\/nge.vn\/wp-content\/uploads\/2024\/10\/images-upload-woo2Fe7f396ff08319e1c6147badb6c853d51.jpg","datePublished":"2024-10-26T07:56:27+00:00","dateModified":"2025-12-04T12:11:11+00:00","description":"M\u00e1y in 3d Creality Ender 3 V3 v\u1edbi t\u1ed1c \u0111\u1ed9 in \u2264600mm\/s h\u1ed9 tr\u1ee3 c\u00e2n b\u00e0n ho\u00e0n to\u00e0n t\u1ef1 \u0111\u1ed9ng, d\u00e2y \u0111ai c\u0103n t\u1ef1 \u0111\u1ed9ng, g\u1eedi file qua wifi, in t\u1eeb xa qua Creality Cloud","breadcrumb":{"@id":"https:\/\/nge.vn\/san-pham\/may-in-3d-corexz-creality-ender-3-v3-kho-in-222225cm-toc-do-in-%e2%89%a4600mm-s-2\/#breadcrumb"},"inLanguage":"en-US","potentialAction":[{"@type":"ReadAction","target":["https:\/\/nge.vn\/san-pham\/may-in-3d-corexz-creality-ender-3-v3-kho-in-222225cm-toc-do-in-%e2%89%a4600mm-s-2\/"]}]},{"@type":"ImageObject","inLanguage":"en-US","@id":"https:\/\/nge.vn\/san-pham\/may-in-3d-corexz-creality-ender-3-v3-kho-in-222225cm-toc-do-in-%e2%89%a4600mm-s-2\/#primaryimage","url":"https:\/\/nge.vn\/wp-content\/uploads\/2024\/10\/images-upload-woo2Fe7f396ff08319e1c6147badb6c853d51.jpg","contentUrl":"https:\/\/nge.vn\/wp-content\/uploads\/2024\/10\/images-upload-woo2Fe7f396ff08319e1c6147badb6c853d51.jpg","width":1024,"height":1024,"caption":"M\u00e1y in 3d Creality Ender-3 V3"},{"@type":"BreadcrumbList","@id":"https:\/\/nge.vn\/san-pham\/may-in-3d-corexz-creality-ender-3-v3-kho-in-222225cm-toc-do-in-%e2%89%a4600mm-s-2\/#breadcrumb","itemListElement":[{"@type":"ListItem","position":1,"name":"Trang ch\u1ee7","item":"https:\/\/nge.vn\/"},{"@type":"ListItem","position":2,"name":"S\u1ea3n ph\u1ea9m","item":"https:\/\/nge.vn\/san-pham\/"},{"@type":"ListItem","position":3,"name":"M\u00e1y in 3d Creality Ender 3 V3 t\u1ed1c \u0111\u1ed9 in \u2264600mm\/s"}]},{"@type":"WebSite","@id":"https:\/\/nge.vn\/#website","url":"https:\/\/nge.vn\/","name":"NGE 3D Printers Services","description":"","potentialAction":[{"@type":"SearchAction","target":{"@type":"EntryPoint","urlTemplate":"https:\/\/nge.vn\/?s={search_term_string}"},"query-input":{"@type":"PropertyValueSpecification","valueRequired":true,"valueName":"search_term_string"}}],"inLanguage":"en-US"}]}},"_links":{"self":[{"href":"https:\/\/nge.vn\/en\/wp-json\/wp\/v2\/product\/3150","targetHints":{"allow":["GET"]}}],"collection":[{"href":"https:\/\/nge.vn\/en\/wp-json\/wp\/v2\/product"}],"about":[{"href":"https:\/\/nge.vn\/en\/wp-json\/wp\/v2\/types\/product"}],"replies":[{"embeddable":true,"href":"https:\/\/nge.vn\/en\/wp-json\/wp\/v2\/comments?post=3150"}],"wp:featuredmedia":[{"embeddable":true,"href":"https:\/\/nge.vn\/en\/wp-json\/wp\/v2\/media\/3141"}],"wp:attachment":[{"href":"https:\/\/nge.vn\/en\/wp-json\/wp\/v2\/media?parent=3150"}],"wp:term":[{"taxonomy":"product_brand","embeddable":true,"href":"https:\/\/nge.vn\/en\/wp-json\/wp\/v2\/product_brand?post=3150"},{"taxonomy":"product_cat","embeddable":true,"href":"https:\/\/nge.vn\/en\/wp-json\/wp\/v2\/product_cat?post=3150"},{"taxonomy":"product_tag","embeddable":true,"href":"https:\/\/nge.vn\/en\/wp-json\/wp\/v2\/product_tag?post=3150"}],"curies":[{"name":"wp","href":"https:\/\/api.w.org\/{rel}","templated":true}]}}