{"id":3140,"date":"2024-10-26T14:56:11","date_gmt":"2024-10-26T07:56:11","guid":{"rendered":"https:\/\/nge.123websitedev.com\/san-pham\/man-hinh-dieu-khien-may-in-3d-creality-ender-3-v3-se-display-kit\/"},"modified":"2024-10-29T14:21:11","modified_gmt":"2024-10-29T07:21:11","slug":"man-hinh-dieu-khien-may-in-3d-creality-ender-3-v3-se-display-kit","status":"publish","type":"product","link":"https:\/\/nge.vn\/en\/product\/man-hinh-dieu-khien-may-in-3d-creality-ender-3-v3-se-display-kit\/","title":{"rendered":"M\u00e0n h\u00ecnh \u0111i\u1ec3u khi\u1ec3n m\u00e1y in 3d Creality Ender 3 V3 SE Display Kit"},"content":{"rendered":"<p>M\u00e0n h\u00ecnh \u0111i\u1ec3u khi\u1ec3n m\u00e1y in 3d Creality Ender 3 V3 SE Display Kit<br \/>\nDisplay Kit 3.2 inch<br \/>\nKnob<br \/>\n320\u00d7240<br \/>\nColor Screen<\/p>\n<p>Packing Size\uff1a150\u00d7115\u00d745mm<br \/>\nPackaging weight: 220g<br \/>\nPackaging size: 19.5*12.5*8cm<br \/>\nG.W\uff1a180g<br \/>\nN.W.\uff1a120g<br \/>\nDisplay Kit 4001050081<br \/>\nCompatible Models Ender-3 V3 SE<\/p>\n<p>**To receive a better price, please contact the shop directly.<br \/>\n     0913.939.775 contact A.Quan (for English)<br \/>\n     094.144.0951 contact A.Quynh<br \/>\n**Selling price does not include VAT (+10% if VAT invoice is issued)<\/p>","protected":false},"excerpt":{"rendered":"<p>M\u00e0n h\u00ecnh \u0111i\u1ec3u khi\u1ec3n m\u00e1y in 3d Creality Ender 3 V3 SE Display Kit<\/p>","protected":false},"featured_media":3133,"comment_status":"open","ping_status":"closed","template":"","meta":{"inline_featured_image":false},"product_brand":[],"product_cat":[462,40,56],"product_tag":[],"class_list":{"0":"post-3140","1":"product","2":"type-product","3":"status-publish","4":"has-post-thumbnail","6":"product_cat-board-va-man-hinh-dieu-khien","7":"product_cat-linh-kien-va-phu-kien","8":"product_cat-linh-phu-kien-may-in-3d-creality","10":"first","11":"instock","12":"taxable","13":"shipping-taxable","14":"purchasable","15":"product-type-simple"},"yoast_head":"<!-- This site is optimized with the Yoast SEO Premium plugin v22.8 (Yoast SEO v26.9) - https:\/\/yoast.com\/product\/yoast-seo-premium-wordpress\/ -->\n<title>M\u00e0n h\u00ecnh \u0111i\u1ec3u khi\u1ec3n m\u00e1y in 3d Creality Ender 3 V3 SE Display Kit - NGE 3D Printers Services<\/title>\n<meta name=\"robots\" content=\"index, follow, max-snippet:-1, max-image-preview:large, max-video-preview:-1\" \/>\n<link rel=\"canonical\" href=\"https:\/\/nge.vn\/en\/product\/man-hinh-dieu-khien-may-in-3d-creality-ender-3-v3-se-display-kit\/\" \/>\n<meta property=\"og:locale\" content=\"en_US\" \/>\n<meta property=\"og:type\" content=\"article\" \/>\n<meta property=\"og:title\" content=\"M\u00e0n h\u00ecnh \u0111i\u1ec3u khi\u1ec3n m\u00e1y in 3d Creality Ender 3 V3 SE Display Kit\" \/>\n<meta property=\"og:description\" content=\"M\u00e0n h\u00ecnh \u0111i\u1ec3u khi\u1ec3n m\u00e1y in 3d Creality Ender 3 V3 SE Display Kit\" \/>\n<meta property=\"og:url\" content=\"https:\/\/nge.vn\/en\/product\/man-hinh-dieu-khien-may-in-3d-creality-ender-3-v3-se-display-kit\/\" \/>\n<meta property=\"og:site_name\" content=\"NGE 3D Printers Services\" \/>\n<meta property=\"article:modified_time\" content=\"2024-10-29T07:21:11+00:00\" \/>\n<meta property=\"og:image\" content=\"https:\/\/nge.vn\/wp-content\/uploads\/2024\/10\/images-upload-woo2F51737fc42475905f6daa3ab793b4c064.jpg\" \/>\n\t<meta property=\"og:image:width\" content=\"635\" \/>\n\t<meta property=\"og:image:height\" content=\"635\" \/>\n\t<meta property=\"og:image:type\" content=\"image\/jpeg\" \/>\n<meta name=\"twitter:card\" content=\"summary_large_image\" \/>\n<script type=\"application\/ld+json\" class=\"yoast-schema-graph\">{\"@context\":\"https:\/\/schema.org\",\"@graph\":[{\"@type\":\"WebPage\",\"@id\":\"https:\/\/nge.vn\/san-pham\/man-hinh-dieu-khien-may-in-3d-creality-ender-3-v3-se-display-kit\/\",\"url\":\"https:\/\/nge.vn\/san-pham\/man-hinh-dieu-khien-may-in-3d-creality-ender-3-v3-se-display-kit\/\",\"name\":\"M\u00e0n h\u00ecnh \u0111i\u1ec3u khi\u1ec3n m\u00e1y in 3d Creality Ender 3 V3 SE Display Kit - NGE 3D Printers Services\",\"isPartOf\":{\"@id\":\"https:\/\/nge.vn\/#website\"},\"primaryImageOfPage\":{\"@id\":\"https:\/\/nge.vn\/san-pham\/man-hinh-dieu-khien-may-in-3d-creality-ender-3-v3-se-display-kit\/#primaryimage\"},\"image\":{\"@id\":\"https:\/\/nge.vn\/san-pham\/man-hinh-dieu-khien-may-in-3d-creality-ender-3-v3-se-display-kit\/#primaryimage\"},\"thumbnailUrl\":\"https:\/\/nge.vn\/wp-content\/uploads\/2024\/10\/images-upload-woo2F51737fc42475905f6daa3ab793b4c064.jpg\",\"datePublished\":\"2024-10-26T07:56:11+00:00\",\"dateModified\":\"2024-10-29T07:21:11+00:00\",\"breadcrumb\":{\"@id\":\"https:\/\/nge.vn\/san-pham\/man-hinh-dieu-khien-may-in-3d-creality-ender-3-v3-se-display-kit\/#breadcrumb\"},\"inLanguage\":\"en-US\",\"potentialAction\":[{\"@type\":\"ReadAction\",\"target\":[\"https:\/\/nge.vn\/san-pham\/man-hinh-dieu-khien-may-in-3d-creality-ender-3-v3-se-display-kit\/\"]}]},{\"@type\":\"ImageObject\",\"inLanguage\":\"en-US\",\"@id\":\"https:\/\/nge.vn\/san-pham\/man-hinh-dieu-khien-may-in-3d-creality-ender-3-v3-se-display-kit\/#primaryimage\",\"url\":\"https:\/\/nge.vn\/wp-content\/uploads\/2024\/10\/images-upload-woo2F51737fc42475905f6daa3ab793b4c064.jpg\",\"contentUrl\":\"https:\/\/nge.vn\/wp-content\/uploads\/2024\/10\/images-upload-woo2F51737fc42475905f6daa3ab793b4c064.jpg\",\"width\":635,\"height\":635},{\"@type\":\"BreadcrumbList\",\"@id\":\"https:\/\/nge.vn\/san-pham\/man-hinh-dieu-khien-may-in-3d-creality-ender-3-v3-se-display-kit\/#breadcrumb\",\"itemListElement\":[{\"@type\":\"ListItem\",\"position\":1,\"name\":\"Trang ch\u1ee7\",\"item\":\"https:\/\/nge.vn\/\"},{\"@type\":\"ListItem\",\"position\":2,\"name\":\"S\u1ea3n ph\u1ea9m\",\"item\":\"https:\/\/nge.vn\/san-pham\/\"},{\"@type\":\"ListItem\",\"position\":3,\"name\":\"M\u00e0n h\u00ecnh \u0111i\u1ec3u khi\u1ec3n m\u00e1y in 3d Creality Ender 3 V3 SE Display Kit\"}]},{\"@type\":\"WebSite\",\"@id\":\"https:\/\/nge.vn\/#website\",\"url\":\"https:\/\/nge.vn\/\",\"name\":\"NGE 3D Printers Services\",\"description\":\"\",\"potentialAction\":[{\"@type\":\"SearchAction\",\"target\":{\"@type\":\"EntryPoint\",\"urlTemplate\":\"https:\/\/nge.vn\/?s={search_term_string}\"},\"query-input\":{\"@type\":\"PropertyValueSpecification\",\"valueRequired\":true,\"valueName\":\"search_term_string\"}}],\"inLanguage\":\"en-US\"}]}<\/script>\n<!-- \/ Yoast SEO Premium plugin. -->","yoast_head_json":{"title":"M\u00e0n h\u00ecnh \u0111i\u1ec3u khi\u1ec3n m\u00e1y in 3d Creality Ender 3 V3 SE Display Kit - NGE 3D Printers Services","robots":{"index":"index","follow":"follow","max-snippet":"max-snippet:-1","max-image-preview":"max-image-preview:large","max-video-preview":"max-video-preview:-1"},"canonical":"https:\/\/nge.vn\/en\/product\/man-hinh-dieu-khien-may-in-3d-creality-ender-3-v3-se-display-kit\/","og_locale":"en_US","og_type":"article","og_title":"M\u00e0n h\u00ecnh \u0111i\u1ec3u khi\u1ec3n m\u00e1y in 3d Creality Ender 3 V3 SE Display Kit","og_description":"M\u00e0n h\u00ecnh \u0111i\u1ec3u khi\u1ec3n m\u00e1y in 3d Creality Ender 3 V3 SE Display Kit","og_url":"https:\/\/nge.vn\/en\/product\/man-hinh-dieu-khien-may-in-3d-creality-ender-3-v3-se-display-kit\/","og_site_name":"NGE 3D Printers Services","article_modified_time":"2024-10-29T07:21:11+00:00","og_image":[{"width":635,"height":635,"url":"https:\/\/nge.vn\/wp-content\/uploads\/2024\/10\/images-upload-woo2F51737fc42475905f6daa3ab793b4c064.jpg","type":"image\/jpeg"}],"twitter_card":"summary_large_image","schema":{"@context":"https:\/\/schema.org","@graph":[{"@type":"WebPage","@id":"https:\/\/nge.vn\/san-pham\/man-hinh-dieu-khien-may-in-3d-creality-ender-3-v3-se-display-kit\/","url":"https:\/\/nge.vn\/san-pham\/man-hinh-dieu-khien-may-in-3d-creality-ender-3-v3-se-display-kit\/","name":"M\u00e0n h\u00ecnh \u0111i\u1ec3u khi\u1ec3n m\u00e1y in 3d Creality Ender 3 V3 SE Display Kit - NGE 3D Printers Services","isPartOf":{"@id":"https:\/\/nge.vn\/#website"},"primaryImageOfPage":{"@id":"https:\/\/nge.vn\/san-pham\/man-hinh-dieu-khien-may-in-3d-creality-ender-3-v3-se-display-kit\/#primaryimage"},"image":{"@id":"https:\/\/nge.vn\/san-pham\/man-hinh-dieu-khien-may-in-3d-creality-ender-3-v3-se-display-kit\/#primaryimage"},"thumbnailUrl":"https:\/\/nge.vn\/wp-content\/uploads\/2024\/10\/images-upload-woo2F51737fc42475905f6daa3ab793b4c064.jpg","datePublished":"2024-10-26T07:56:11+00:00","dateModified":"2024-10-29T07:21:11+00:00","breadcrumb":{"@id":"https:\/\/nge.vn\/san-pham\/man-hinh-dieu-khien-may-in-3d-creality-ender-3-v3-se-display-kit\/#breadcrumb"},"inLanguage":"en-US","potentialAction":[{"@type":"ReadAction","target":["https:\/\/nge.vn\/san-pham\/man-hinh-dieu-khien-may-in-3d-creality-ender-3-v3-se-display-kit\/"]}]},{"@type":"ImageObject","inLanguage":"en-US","@id":"https:\/\/nge.vn\/san-pham\/man-hinh-dieu-khien-may-in-3d-creality-ender-3-v3-se-display-kit\/#primaryimage","url":"https:\/\/nge.vn\/wp-content\/uploads\/2024\/10\/images-upload-woo2F51737fc42475905f6daa3ab793b4c064.jpg","contentUrl":"https:\/\/nge.vn\/wp-content\/uploads\/2024\/10\/images-upload-woo2F51737fc42475905f6daa3ab793b4c064.jpg","width":635,"height":635},{"@type":"BreadcrumbList","@id":"https:\/\/nge.vn\/san-pham\/man-hinh-dieu-khien-may-in-3d-creality-ender-3-v3-se-display-kit\/#breadcrumb","itemListElement":[{"@type":"ListItem","position":1,"name":"Trang ch\u1ee7","item":"https:\/\/nge.vn\/"},{"@type":"ListItem","position":2,"name":"S\u1ea3n ph\u1ea9m","item":"https:\/\/nge.vn\/san-pham\/"},{"@type":"ListItem","position":3,"name":"M\u00e0n h\u00ecnh \u0111i\u1ec3u khi\u1ec3n m\u00e1y in 3d Creality Ender 3 V3 SE Display Kit"}]},{"@type":"WebSite","@id":"https:\/\/nge.vn\/#website","url":"https:\/\/nge.vn\/","name":"NGE 3D Printers Services","description":"","potentialAction":[{"@type":"SearchAction","target":{"@type":"EntryPoint","urlTemplate":"https:\/\/nge.vn\/?s={search_term_string}"},"query-input":{"@type":"PropertyValueSpecification","valueRequired":true,"valueName":"search_term_string"}}],"inLanguage":"en-US"}]}},"_links":{"self":[{"href":"https:\/\/nge.vn\/en\/wp-json\/wp\/v2\/product\/3140","targetHints":{"allow":["GET"]}}],"collection":[{"href":"https:\/\/nge.vn\/en\/wp-json\/wp\/v2\/product"}],"about":[{"href":"https:\/\/nge.vn\/en\/wp-json\/wp\/v2\/types\/product"}],"replies":[{"embeddable":true,"href":"https:\/\/nge.vn\/en\/wp-json\/wp\/v2\/comments?post=3140"}],"wp:featuredmedia":[{"embeddable":true,"href":"https:\/\/nge.vn\/en\/wp-json\/wp\/v2\/media\/3133"}],"wp:attachment":[{"href":"https:\/\/nge.vn\/en\/wp-json\/wp\/v2\/media?parent=3140"}],"wp:term":[{"taxonomy":"product_brand","embeddable":true,"href":"https:\/\/nge.vn\/en\/wp-json\/wp\/v2\/product_brand?post=3140"},{"taxonomy":"product_cat","embeddable":true,"href":"https:\/\/nge.vn\/en\/wp-json\/wp\/v2\/product_cat?post=3140"},{"taxonomy":"product_tag","embeddable":true,"href":"https:\/\/nge.vn\/en\/wp-json\/wp\/v2\/product_tag?post=3140"}],"curies":[{"name":"wp","href":"https:\/\/api.w.org\/{rel}","templated":true}]}}